{"id":80201,"date":"2026-05-06T15:27:00","date_gmt":"2026-05-06T13:27:00","guid":{"rendered":"https:\/\/www.koonings.com\/product\/milla-nova-clemence\/"},"modified":"2025-06-05T13:52:46","modified_gmt":"2025-06-05T11:52:46","slug":"milla-nova-clemence","status":"publish","type":"product","link":"https:\/\/www.koonings.com\/fr\/product\/milla-nova-clemence\/","title":{"rendered":"Milla Nova Clemence"},"content":{"rendered":"<p>D\u00e9licate robe de mari\u00e9e sir\u00e8ne \u00e0 \u00e9paules d\u00e9couvertes en dentelle chantilly. Elle se compose d&#8217;un corset droit avec des manches longues d\u00e9collet\u00e9es, d&#8217;un dos lac\u00e9 ou zipp\u00e9 et d&#8217;une jupe maxi avec une tra\u00eene midi. Le look peut \u00eatre compl\u00e9t\u00e9 par le voile cath\u00e9drale Clemense, orn\u00e9 de fleurs en 3D.  <\/p>\n","protected":false},"featured_media":0,"template":"","meta":{"_acf_changed":false,"ghostkit_customizer_options":"","ghostkit_custom_css":"","ghostkit_custom_js_head":"","ghostkit_custom_js_foot":"","ghostkit_typography":""},"productdetails":[379,382,376],"productneck":[352],"productcolor":[393,392],"maat":[],"productsupplier":[446],"productsleeve":[363],"productcategory":[18],"productsilhouette":[387],"productstyle":[366,370],"class_list":["post-80201","product","type-product","status-publish","hentry","productdetails-379","productdetails-382","productdetails-376","productneck-352","productcolor-393","productcolor-392","productsupplier-milla-nova","productsleeve-363","productcategory-trouwjurken","productsilhouette-387","productstyle-366","productstyle-370"],"acf":[],"yoast_head":"<!-- This site is optimized with the Yoast SEO plugin v27.3 - https:\/\/yoast.com\/product\/yoast-seo-wordpress\/ -->\n<title>Milla Nova Clemence | Koonings<\/title>\n<meta name=\"description\" content=\"D\u00e9licate robe de mari\u00e9e sir\u00e8ne \u00e0 \u00e9paules d\u00e9couvertes en dentelle chantilly. Elle se compose d&#039;un corset droit avec des manches longues d\u00e9collet\u00e9es, d&#039;un dos lac\u00e9 ou zipp\u00e9 et d&#039;une jupe maxi avec une tra\u00eene midi. Le look peut \u00eatre compl\u00e9t\u00e9 par le voile cath\u00e9drale Clemense, orn\u00e9 de fleurs en 3D.\" \/>\n<meta name=\"robots\" content=\"index, follow, max-snippet:-1, max-image-preview:large, max-video-preview:-1\" \/>\n<link rel=\"canonical\" href=\"https:\/\/www.koonings.com\/fr\/product\/milla-nova-clemence\/\" \/>\n<meta property=\"og:locale\" content=\"fr_FR\" \/>\n<meta property=\"og:type\" content=\"article\" \/>\n<meta property=\"og:title\" content=\"Milla Nova Clemence | Koonings\" \/>\n<meta property=\"og:description\" content=\"D\u00e9licate robe de mari\u00e9e sir\u00e8ne \u00e0 \u00e9paules d\u00e9couvertes en dentelle chantilly. Elle se compose d&#039;un corset droit avec des manches longues d\u00e9collet\u00e9es, d&#039;un dos lac\u00e9 ou zipp\u00e9 et d&#039;une jupe maxi avec une tra\u00eene midi. Le look peut \u00eatre compl\u00e9t\u00e9 par le voile cath\u00e9drale Clemense, orn\u00e9 de fleurs en 3D.\" \/>\n<meta property=\"og:url\" content=\"https:\/\/www.koonings.com\/fr\/product\/milla-nova-clemence\/\" \/>\n<meta property=\"og:site_name\" content=\"Koonings\" \/>\n<meta property=\"article:publisher\" content=\"https:\/\/www.facebook.com\/kooningstheweddingpalace\" \/>\n<meta property=\"og:image\" content=\"https:\/\/www.koonings.com\/wp-content\/uploads\/2024\/06\/palace-hero-screenshot-1024x575.png\" \/>\n\t<meta property=\"og:image:width\" content=\"1024\" \/>\n\t<meta property=\"og:image:height\" content=\"575\" \/>\n\t<meta property=\"og:image:type\" content=\"image\/png\" \/>\n<meta name=\"twitter:card\" content=\"summary_large_image\" \/>\n<script type=\"application\/ld+json\" class=\"yoast-schema-graph\">{\"@context\":\"https:\\\/\\\/schema.org\",\"@graph\":[{\"@type\":\"WebPage\",\"@id\":\"https:\\\/\\\/www.koonings.com\\\/fr\\\/product\\\/milla-nova-clemence\\\/\",\"url\":\"https:\\\/\\\/www.koonings.com\\\/fr\\\/product\\\/milla-nova-clemence\\\/\",\"name\":\"Milla Nova Clemence | Koonings\",\"isPartOf\":{\"@id\":\"https:\\\/\\\/www.koonings.com\\\/fr\\\/#website\"},\"datePublished\":\"2026-05-06T13:27:00+00:00\",\"description\":\"D\u00e9licate robe de mari\u00e9e sir\u00e8ne \u00e0 \u00e9paules d\u00e9couvertes en dentelle chantilly. Elle se compose d'un corset droit avec des manches longues d\u00e9collet\u00e9es, d'un dos lac\u00e9 ou zipp\u00e9 et d'une jupe maxi avec une tra\u00eene midi. Le look peut \u00eatre compl\u00e9t\u00e9 par le voile cath\u00e9drale Clemense, orn\u00e9 de fleurs en 3D.\",\"breadcrumb\":{\"@id\":\"https:\\\/\\\/www.koonings.com\\\/fr\\\/product\\\/milla-nova-clemence\\\/#breadcrumb\"},\"inLanguage\":\"fr-FR\",\"potentialAction\":[{\"@type\":\"ReadAction\",\"target\":[\"https:\\\/\\\/www.koonings.com\\\/fr\\\/product\\\/milla-nova-clemence\\\/\"]}]},{\"@type\":\"BreadcrumbList\",\"@id\":\"https:\\\/\\\/www.koonings.com\\\/fr\\\/product\\\/milla-nova-clemence\\\/#breadcrumb\",\"itemListElement\":[{\"@type\":\"ListItem\",\"position\":1,\"name\":\"Home\",\"item\":\"https:\\\/\\\/www.koonings.com\\\/fr\\\/\"},{\"@type\":\"ListItem\",\"position\":2,\"name\":\"Milla Nova Clemence\"}]},{\"@type\":\"WebSite\",\"@id\":\"https:\\\/\\\/www.koonings.com\\\/fr\\\/#website\",\"url\":\"https:\\\/\\\/www.koonings.com\\\/fr\\\/\",\"name\":\"Koonings\",\"description\":\"De grootste bruidsmodewinkel ter wereld\",\"publisher\":{\"@id\":\"https:\\\/\\\/www.koonings.com\\\/fr\\\/#organization\"},\"potentialAction\":[{\"@type\":\"SearchAction\",\"target\":{\"@type\":\"EntryPoint\",\"urlTemplate\":\"https:\\\/\\\/www.koonings.com\\\/fr\\\/?s={search_term_string}\"},\"query-input\":{\"@type\":\"PropertyValueSpecification\",\"valueRequired\":true,\"valueName\":\"search_term_string\"}}],\"inLanguage\":\"fr-FR\"},{\"@type\":\"Organization\",\"@id\":\"https:\\\/\\\/www.koonings.com\\\/fr\\\/#organization\",\"name\":\"Koonings\",\"url\":\"https:\\\/\\\/www.koonings.com\\\/fr\\\/\",\"logo\":{\"@type\":\"ImageObject\",\"inLanguage\":\"fr-FR\",\"@id\":\"https:\\\/\\\/www.koonings.com\\\/fr\\\/#\\\/schema\\\/logo\\\/image\\\/\",\"url\":\"https:\\\/\\\/www.koonings.com\\\/wp-content\\\/uploads\\\/2024\\\/07\\\/logo.png\",\"contentUrl\":\"https:\\\/\\\/www.koonings.com\\\/wp-content\\\/uploads\\\/2024\\\/07\\\/logo.png\",\"width\":600,\"height\":428,\"caption\":\"Koonings\"},\"image\":{\"@id\":\"https:\\\/\\\/www.koonings.com\\\/fr\\\/#\\\/schema\\\/logo\\\/image\\\/\"},\"sameAs\":[\"https:\\\/\\\/www.facebook.com\\\/kooningstheweddingpalace\",\"https:\\\/\\\/www.instagram.com\\\/kooningstheweddingpalace\",\"https:\\\/\\\/www.pinterest.com\\\/koonings\",\"https:\\\/\\\/www.youtube.com\\\/kooningstheweddingpalace\"]}]}<\/script>\n<!-- \/ Yoast SEO plugin. -->","yoast_head_json":{"title":"Milla Nova Clemence | Koonings","description":"D\u00e9licate robe de mari\u00e9e sir\u00e8ne \u00e0 \u00e9paules d\u00e9couvertes en dentelle chantilly. Elle se compose d'un corset droit avec des manches longues d\u00e9collet\u00e9es, d'un dos lac\u00e9 ou zipp\u00e9 et d'une jupe maxi avec une tra\u00eene midi. Le look peut \u00eatre compl\u00e9t\u00e9 par le voile cath\u00e9drale Clemense, orn\u00e9 de fleurs en 3D.","robots":{"index":"index","follow":"follow","max-snippet":"max-snippet:-1","max-image-preview":"max-image-preview:large","max-video-preview":"max-video-preview:-1"},"canonical":"https:\/\/www.koonings.com\/fr\/product\/milla-nova-clemence\/","og_locale":"fr_FR","og_type":"article","og_title":"Milla Nova Clemence | Koonings","og_description":"D\u00e9licate robe de mari\u00e9e sir\u00e8ne \u00e0 \u00e9paules d\u00e9couvertes en dentelle chantilly. Elle se compose d'un corset droit avec des manches longues d\u00e9collet\u00e9es, d'un dos lac\u00e9 ou zipp\u00e9 et d'une jupe maxi avec une tra\u00eene midi. Le look peut \u00eatre compl\u00e9t\u00e9 par le voile cath\u00e9drale Clemense, orn\u00e9 de fleurs en 3D.","og_url":"https:\/\/www.koonings.com\/fr\/product\/milla-nova-clemence\/","og_site_name":"Koonings","article_publisher":"https:\/\/www.facebook.com\/kooningstheweddingpalace","og_image":[{"width":1024,"height":575,"url":"https:\/\/www.koonings.com\/wp-content\/uploads\/2024\/06\/palace-hero-screenshot-1024x575.png","type":"image\/png"}],"twitter_card":"summary_large_image","schema":{"@context":"https:\/\/schema.org","@graph":[{"@type":"WebPage","@id":"https:\/\/www.koonings.com\/fr\/product\/milla-nova-clemence\/","url":"https:\/\/www.koonings.com\/fr\/product\/milla-nova-clemence\/","name":"Milla Nova Clemence | Koonings","isPartOf":{"@id":"https:\/\/www.koonings.com\/fr\/#website"},"datePublished":"2026-05-06T13:27:00+00:00","description":"D\u00e9licate robe de mari\u00e9e sir\u00e8ne \u00e0 \u00e9paules d\u00e9couvertes en dentelle chantilly. Elle se compose d'un corset droit avec des manches longues d\u00e9collet\u00e9es, d'un dos lac\u00e9 ou zipp\u00e9 et d'une jupe maxi avec une tra\u00eene midi. Le look peut \u00eatre compl\u00e9t\u00e9 par le voile cath\u00e9drale Clemense, orn\u00e9 de fleurs en 3D.","breadcrumb":{"@id":"https:\/\/www.koonings.com\/fr\/product\/milla-nova-clemence\/#breadcrumb"},"inLanguage":"fr-FR","potentialAction":[{"@type":"ReadAction","target":["https:\/\/www.koonings.com\/fr\/product\/milla-nova-clemence\/"]}]},{"@type":"BreadcrumbList","@id":"https:\/\/www.koonings.com\/fr\/product\/milla-nova-clemence\/#breadcrumb","itemListElement":[{"@type":"ListItem","position":1,"name":"Home","item":"https:\/\/www.koonings.com\/fr\/"},{"@type":"ListItem","position":2,"name":"Milla Nova Clemence"}]},{"@type":"WebSite","@id":"https:\/\/www.koonings.com\/fr\/#website","url":"https:\/\/www.koonings.com\/fr\/","name":"Koonings","description":"De grootste bruidsmodewinkel ter wereld","publisher":{"@id":"https:\/\/www.koonings.com\/fr\/#organization"},"potentialAction":[{"@type":"SearchAction","target":{"@type":"EntryPoint","urlTemplate":"https:\/\/www.koonings.com\/fr\/?s={search_term_string}"},"query-input":{"@type":"PropertyValueSpecification","valueRequired":true,"valueName":"search_term_string"}}],"inLanguage":"fr-FR"},{"@type":"Organization","@id":"https:\/\/www.koonings.com\/fr\/#organization","name":"Koonings","url":"https:\/\/www.koonings.com\/fr\/","logo":{"@type":"ImageObject","inLanguage":"fr-FR","@id":"https:\/\/www.koonings.com\/fr\/#\/schema\/logo\/image\/","url":"https:\/\/www.koonings.com\/wp-content\/uploads\/2024\/07\/logo.png","contentUrl":"https:\/\/www.koonings.com\/wp-content\/uploads\/2024\/07\/logo.png","width":600,"height":428,"caption":"Koonings"},"image":{"@id":"https:\/\/www.koonings.com\/fr\/#\/schema\/logo\/image\/"},"sameAs":["https:\/\/www.facebook.com\/kooningstheweddingpalace","https:\/\/www.instagram.com\/kooningstheweddingpalace","https:\/\/www.pinterest.com\/koonings","https:\/\/www.youtube.com\/kooningstheweddingpalace"]}]}},"_links":{"self":[{"href":"https:\/\/www.koonings.com\/fr\/wp-json\/wp\/v2\/product\/80201","targetHints":{"allow":["GET"]}}],"collection":[{"href":"https:\/\/www.koonings.com\/fr\/wp-json\/wp\/v2\/product"}],"about":[{"href":"https:\/\/www.koonings.com\/fr\/wp-json\/wp\/v2\/types\/product"}],"wp:attachment":[{"href":"https:\/\/www.koonings.com\/fr\/wp-json\/wp\/v2\/media?parent=80201"}],"wp:term":[{"taxonomy":"productdetails","embeddable":true,"href":"https:\/\/www.koonings.com\/fr\/wp-json\/wp\/v2\/productdetails?post=80201"},{"taxonomy":"productneck","embeddable":true,"href":"https:\/\/www.koonings.com\/fr\/wp-json\/wp\/v2\/productneck?post=80201"},{"taxonomy":"productcolor","embeddable":true,"href":"https:\/\/www.koonings.com\/fr\/wp-json\/wp\/v2\/productcolor?post=80201"},{"taxonomy":"maat","embeddable":true,"href":"https:\/\/www.koonings.com\/fr\/wp-json\/wp\/v2\/maat?post=80201"},{"taxonomy":"productsupplier","embeddable":true,"href":"https:\/\/www.koonings.com\/fr\/wp-json\/wp\/v2\/productsupplier?post=80201"},{"taxonomy":"productsleeve","embeddable":true,"href":"https:\/\/www.koonings.com\/fr\/wp-json\/wp\/v2\/productsleeve?post=80201"},{"taxonomy":"productcategory","embeddable":true,"href":"https:\/\/www.koonings.com\/fr\/wp-json\/wp\/v2\/productcategory?post=80201"},{"taxonomy":"productsilhouette","embeddable":true,"href":"https:\/\/www.koonings.com\/fr\/wp-json\/wp\/v2\/productsilhouette?post=80201"},{"taxonomy":"productstyle","embeddable":true,"href":"https:\/\/www.koonings.com\/fr\/wp-json\/wp\/v2\/productstyle?post=80201"}],"curies":[{"name":"wp","href":"https:\/\/api.w.org\/{rel}","templated":true}]}}