{"id":80198,"date":"2026-04-28T18:16:58","date_gmt":"2026-04-28T16:16:58","guid":{"rendered":"https:\/\/www.koonings.com\/product\/le-papillon-by-modeca-ellen\/"},"modified":"2025-06-05T13:52:59","modified_gmt":"2025-06-05T11:52:59","slug":"le-papillon-by-modeca-ellen","status":"publish","type":"product","link":"https:\/\/www.koonings.com\/fr\/product\/le-papillon-by-modeca-ellen\/","title":{"rendered":"Le Papillon by Modeca Ellen"},"content":{"rendered":"<p>Illuminez votre journ\u00e9e sp\u00e9ciale avec Ellen, o\u00f9 le charme classique rencontre le style contemporain. Cette robe ligne A pr\u00e9sente un corsage en dentelle illusion orn\u00e9 de paillettes d\u00e9licates, un d\u00e9collet\u00e9 en V chic et des manches courtes, qui ajoutent une touche d&#8217;allure \u00e0 ce look de mari\u00e9e. Le design est compl\u00e9t\u00e9 par un ravissant trou de serrure dans le dos, qui ajoute un d\u00e9tail captivant \u00e0 cette robe enchanteresse.  <\/p>\n","protected":false},"featured_media":75731,"template":"","meta":{"_acf_changed":false,"ghostkit_customizer_options":"","ghostkit_custom_css":"","ghostkit_custom_js_head":"","ghostkit_custom_js_foot":"","ghostkit_typography":""},"productdetails":[376,378,381],"productneck":[356],"productcolor":[393,392],"maat":[],"productsupplier":[411],"productsleeve":[359],"productcategory":[18],"productsilhouette":[384],"productstyle":[366,370,373],"class_list":["post-80198","product","type-product","status-publish","has-post-thumbnail","hentry","productdetails-376","productdetails-378","productdetails-381","productneck-356","productcolor-393","productcolor-392","productsupplier-le-papillon-by-modeca","productsleeve-359","productcategory-trouwjurken","productsilhouette-384","productstyle-366","productstyle-370","productstyle-373"],"acf":[],"yoast_head":"<!-- This site is optimized with the Yoast SEO plugin v27.3 - https:\/\/yoast.com\/product\/yoast-seo-wordpress\/ -->\n<title>Le Papillon by Modeca Ellen | Koonings<\/title>\n<meta name=\"description\" content=\"Illuminez votre journ\u00e9e sp\u00e9ciale avec Ellen, o\u00f9 le charme classique rencontre le style contemporain. Cette robe ligne A pr\u00e9sente un corsage en dentelle illusion orn\u00e9 de paillettes d\u00e9licates, un d\u00e9collet\u00e9 en V chic et des manches courtes, qui ajoutent une touche d&#039;allure \u00e0 ce look de mari\u00e9e. Le design est compl\u00e9t\u00e9 par un ravissant trou de serrure dans le dos, qui ajoute un d\u00e9tail captivant \u00e0 cette robe enchanteresse.\" \/>\n<meta name=\"robots\" content=\"index, follow, max-snippet:-1, max-image-preview:large, max-video-preview:-1\" \/>\n<link rel=\"canonical\" href=\"https:\/\/www.koonings.com\/fr\/product\/le-papillon-by-modeca-ellen\/\" \/>\n<meta property=\"og:locale\" content=\"fr_FR\" \/>\n<meta property=\"og:type\" content=\"article\" \/>\n<meta property=\"og:title\" content=\"Le Papillon by Modeca Ellen | Koonings\" \/>\n<meta property=\"og:description\" content=\"Illuminez votre journ\u00e9e sp\u00e9ciale avec Ellen, o\u00f9 le charme classique rencontre le style contemporain. Cette robe ligne A pr\u00e9sente un corsage en dentelle illusion orn\u00e9 de paillettes d\u00e9licates, un d\u00e9collet\u00e9 en V chic et des manches courtes, qui ajoutent une touche d&#039;allure \u00e0 ce look de mari\u00e9e. Le design est compl\u00e9t\u00e9 par un ravissant trou de serrure dans le dos, qui ajoute un d\u00e9tail captivant \u00e0 cette robe enchanteresse.\" \/>\n<meta property=\"og:url\" content=\"https:\/\/www.koonings.com\/fr\/product\/le-papillon-by-modeca-ellen\/\" \/>\n<meta property=\"og:site_name\" content=\"Koonings\" \/>\n<meta property=\"article:publisher\" content=\"https:\/\/www.facebook.com\/kooningstheweddingpalace\" \/>\n<meta property=\"og:image\" content=\"https:\/\/www.koonings.com\/wp-content\/uploads\/2024\/11\/40344_24f893189b8072f7479804183c2d65524b7c2b0ab7c04316890b40e6141cd65d30da4f38.jpeg\" \/>\n\t<meta property=\"og:image:width\" content=\"886\" \/>\n\t<meta property=\"og:image:height\" content=\"1253\" \/>\n\t<meta property=\"og:image:type\" content=\"image\/jpeg\" \/>\n<meta name=\"twitter:card\" content=\"summary_large_image\" \/>\n<script type=\"application\/ld+json\" class=\"yoast-schema-graph\">{\"@context\":\"https:\\\/\\\/schema.org\",\"@graph\":[{\"@type\":\"WebPage\",\"@id\":\"https:\\\/\\\/www.koonings.com\\\/fr\\\/product\\\/le-papillon-by-modeca-ellen\\\/\",\"url\":\"https:\\\/\\\/www.koonings.com\\\/fr\\\/product\\\/le-papillon-by-modeca-ellen\\\/\",\"name\":\"Le Papillon by Modeca Ellen | Koonings\",\"isPartOf\":{\"@id\":\"https:\\\/\\\/www.koonings.com\\\/fr\\\/#website\"},\"primaryImageOfPage\":{\"@id\":\"https:\\\/\\\/www.koonings.com\\\/fr\\\/product\\\/le-papillon-by-modeca-ellen\\\/#primaryimage\"},\"image\":{\"@id\":\"https:\\\/\\\/www.koonings.com\\\/fr\\\/product\\\/le-papillon-by-modeca-ellen\\\/#primaryimage\"},\"thumbnailUrl\":\"https:\\\/\\\/www.koonings.com\\\/wp-content\\\/uploads\\\/2024\\\/11\\\/40344_24f893189b8072f7479804183c2d65524b7c2b0ab7c04316890b40e6141cd65d30da4f38.jpeg\",\"datePublished\":\"2026-04-28T16:16:58+00:00\",\"description\":\"Illuminez votre journ\u00e9e sp\u00e9ciale avec Ellen, o\u00f9 le charme classique rencontre le style contemporain. Cette robe ligne A pr\u00e9sente un corsage en dentelle illusion orn\u00e9 de paillettes d\u00e9licates, un d\u00e9collet\u00e9 en V chic et des manches courtes, qui ajoutent une touche d'allure \u00e0 ce look de mari\u00e9e. Le design est compl\u00e9t\u00e9 par un ravissant trou de serrure dans le dos, qui ajoute un d\u00e9tail captivant \u00e0 cette robe enchanteresse.\",\"breadcrumb\":{\"@id\":\"https:\\\/\\\/www.koonings.com\\\/fr\\\/product\\\/le-papillon-by-modeca-ellen\\\/#breadcrumb\"},\"inLanguage\":\"fr-FR\",\"potentialAction\":[{\"@type\":\"ReadAction\",\"target\":[\"https:\\\/\\\/www.koonings.com\\\/fr\\\/product\\\/le-papillon-by-modeca-ellen\\\/\"]}]},{\"@type\":\"ImageObject\",\"inLanguage\":\"fr-FR\",\"@id\":\"https:\\\/\\\/www.koonings.com\\\/fr\\\/product\\\/le-papillon-by-modeca-ellen\\\/#primaryimage\",\"url\":\"https:\\\/\\\/www.koonings.com\\\/wp-content\\\/uploads\\\/2024\\\/11\\\/40344_24f893189b8072f7479804183c2d65524b7c2b0ab7c04316890b40e6141cd65d30da4f38.jpeg\",\"contentUrl\":\"https:\\\/\\\/www.koonings.com\\\/wp-content\\\/uploads\\\/2024\\\/11\\\/40344_24f893189b8072f7479804183c2d65524b7c2b0ab7c04316890b40e6141cd65d30da4f38.jpeg\",\"width\":886,\"height\":1253},{\"@type\":\"BreadcrumbList\",\"@id\":\"https:\\\/\\\/www.koonings.com\\\/fr\\\/product\\\/le-papillon-by-modeca-ellen\\\/#breadcrumb\",\"itemListElement\":[{\"@type\":\"ListItem\",\"position\":1,\"name\":\"Home\",\"item\":\"https:\\\/\\\/www.koonings.com\\\/fr\\\/\"},{\"@type\":\"ListItem\",\"position\":2,\"name\":\"Le Papillon by Modeca Ellen\"}]},{\"@type\":\"WebSite\",\"@id\":\"https:\\\/\\\/www.koonings.com\\\/fr\\\/#website\",\"url\":\"https:\\\/\\\/www.koonings.com\\\/fr\\\/\",\"name\":\"Koonings\",\"description\":\"De grootste bruidsmodewinkel ter wereld\",\"publisher\":{\"@id\":\"https:\\\/\\\/www.koonings.com\\\/fr\\\/#organization\"},\"potentialAction\":[{\"@type\":\"SearchAction\",\"target\":{\"@type\":\"EntryPoint\",\"urlTemplate\":\"https:\\\/\\\/www.koonings.com\\\/fr\\\/?s={search_term_string}\"},\"query-input\":{\"@type\":\"PropertyValueSpecification\",\"valueRequired\":true,\"valueName\":\"search_term_string\"}}],\"inLanguage\":\"fr-FR\"},{\"@type\":\"Organization\",\"@id\":\"https:\\\/\\\/www.koonings.com\\\/fr\\\/#organization\",\"name\":\"Koonings\",\"url\":\"https:\\\/\\\/www.koonings.com\\\/fr\\\/\",\"logo\":{\"@type\":\"ImageObject\",\"inLanguage\":\"fr-FR\",\"@id\":\"https:\\\/\\\/www.koonings.com\\\/fr\\\/#\\\/schema\\\/logo\\\/image\\\/\",\"url\":\"https:\\\/\\\/www.koonings.com\\\/wp-content\\\/uploads\\\/2024\\\/07\\\/logo.png\",\"contentUrl\":\"https:\\\/\\\/www.koonings.com\\\/wp-content\\\/uploads\\\/2024\\\/07\\\/logo.png\",\"width\":600,\"height\":428,\"caption\":\"Koonings\"},\"image\":{\"@id\":\"https:\\\/\\\/www.koonings.com\\\/fr\\\/#\\\/schema\\\/logo\\\/image\\\/\"},\"sameAs\":[\"https:\\\/\\\/www.facebook.com\\\/kooningstheweddingpalace\",\"https:\\\/\\\/www.instagram.com\\\/kooningstheweddingpalace\",\"https:\\\/\\\/www.pinterest.com\\\/koonings\",\"https:\\\/\\\/www.youtube.com\\\/kooningstheweddingpalace\"]}]}<\/script>\n<!-- \/ Yoast SEO plugin. -->","yoast_head_json":{"title":"Le Papillon by Modeca Ellen | Koonings","description":"Illuminez votre journ\u00e9e sp\u00e9ciale avec Ellen, o\u00f9 le charme classique rencontre le style contemporain. Cette robe ligne A pr\u00e9sente un corsage en dentelle illusion orn\u00e9 de paillettes d\u00e9licates, un d\u00e9collet\u00e9 en V chic et des manches courtes, qui ajoutent une touche d'allure \u00e0 ce look de mari\u00e9e. Le design est compl\u00e9t\u00e9 par un ravissant trou de serrure dans le dos, qui ajoute un d\u00e9tail captivant \u00e0 cette robe enchanteresse.","robots":{"index":"index","follow":"follow","max-snippet":"max-snippet:-1","max-image-preview":"max-image-preview:large","max-video-preview":"max-video-preview:-1"},"canonical":"https:\/\/www.koonings.com\/fr\/product\/le-papillon-by-modeca-ellen\/","og_locale":"fr_FR","og_type":"article","og_title":"Le Papillon by Modeca Ellen | Koonings","og_description":"Illuminez votre journ\u00e9e sp\u00e9ciale avec Ellen, o\u00f9 le charme classique rencontre le style contemporain. Cette robe ligne A pr\u00e9sente un corsage en dentelle illusion orn\u00e9 de paillettes d\u00e9licates, un d\u00e9collet\u00e9 en V chic et des manches courtes, qui ajoutent une touche d'allure \u00e0 ce look de mari\u00e9e. Le design est compl\u00e9t\u00e9 par un ravissant trou de serrure dans le dos, qui ajoute un d\u00e9tail captivant \u00e0 cette robe enchanteresse.","og_url":"https:\/\/www.koonings.com\/fr\/product\/le-papillon-by-modeca-ellen\/","og_site_name":"Koonings","article_publisher":"https:\/\/www.facebook.com\/kooningstheweddingpalace","og_image":[{"width":886,"height":1253,"url":"https:\/\/www.koonings.com\/wp-content\/uploads\/2024\/11\/40344_24f893189b8072f7479804183c2d65524b7c2b0ab7c04316890b40e6141cd65d30da4f38.jpeg","type":"image\/jpeg"}],"twitter_card":"summary_large_image","schema":{"@context":"https:\/\/schema.org","@graph":[{"@type":"WebPage","@id":"https:\/\/www.koonings.com\/fr\/product\/le-papillon-by-modeca-ellen\/","url":"https:\/\/www.koonings.com\/fr\/product\/le-papillon-by-modeca-ellen\/","name":"Le Papillon by Modeca Ellen | Koonings","isPartOf":{"@id":"https:\/\/www.koonings.com\/fr\/#website"},"primaryImageOfPage":{"@id":"https:\/\/www.koonings.com\/fr\/product\/le-papillon-by-modeca-ellen\/#primaryimage"},"image":{"@id":"https:\/\/www.koonings.com\/fr\/product\/le-papillon-by-modeca-ellen\/#primaryimage"},"thumbnailUrl":"https:\/\/www.koonings.com\/wp-content\/uploads\/2024\/11\/40344_24f893189b8072f7479804183c2d65524b7c2b0ab7c04316890b40e6141cd65d30da4f38.jpeg","datePublished":"2026-04-28T16:16:58+00:00","description":"Illuminez votre journ\u00e9e sp\u00e9ciale avec Ellen, o\u00f9 le charme classique rencontre le style contemporain. Cette robe ligne A pr\u00e9sente un corsage en dentelle illusion orn\u00e9 de paillettes d\u00e9licates, un d\u00e9collet\u00e9 en V chic et des manches courtes, qui ajoutent une touche d'allure \u00e0 ce look de mari\u00e9e. Le design est compl\u00e9t\u00e9 par un ravissant trou de serrure dans le dos, qui ajoute un d\u00e9tail captivant \u00e0 cette robe enchanteresse.","breadcrumb":{"@id":"https:\/\/www.koonings.com\/fr\/product\/le-papillon-by-modeca-ellen\/#breadcrumb"},"inLanguage":"fr-FR","potentialAction":[{"@type":"ReadAction","target":["https:\/\/www.koonings.com\/fr\/product\/le-papillon-by-modeca-ellen\/"]}]},{"@type":"ImageObject","inLanguage":"fr-FR","@id":"https:\/\/www.koonings.com\/fr\/product\/le-papillon-by-modeca-ellen\/#primaryimage","url":"https:\/\/www.koonings.com\/wp-content\/uploads\/2024\/11\/40344_24f893189b8072f7479804183c2d65524b7c2b0ab7c04316890b40e6141cd65d30da4f38.jpeg","contentUrl":"https:\/\/www.koonings.com\/wp-content\/uploads\/2024\/11\/40344_24f893189b8072f7479804183c2d65524b7c2b0ab7c04316890b40e6141cd65d30da4f38.jpeg","width":886,"height":1253},{"@type":"BreadcrumbList","@id":"https:\/\/www.koonings.com\/fr\/product\/le-papillon-by-modeca-ellen\/#breadcrumb","itemListElement":[{"@type":"ListItem","position":1,"name":"Home","item":"https:\/\/www.koonings.com\/fr\/"},{"@type":"ListItem","position":2,"name":"Le Papillon by Modeca Ellen"}]},{"@type":"WebSite","@id":"https:\/\/www.koonings.com\/fr\/#website","url":"https:\/\/www.koonings.com\/fr\/","name":"Koonings","description":"De grootste bruidsmodewinkel ter wereld","publisher":{"@id":"https:\/\/www.koonings.com\/fr\/#organization"},"potentialAction":[{"@type":"SearchAction","target":{"@type":"EntryPoint","urlTemplate":"https:\/\/www.koonings.com\/fr\/?s={search_term_string}"},"query-input":{"@type":"PropertyValueSpecification","valueRequired":true,"valueName":"search_term_string"}}],"inLanguage":"fr-FR"},{"@type":"Organization","@id":"https:\/\/www.koonings.com\/fr\/#organization","name":"Koonings","url":"https:\/\/www.koonings.com\/fr\/","logo":{"@type":"ImageObject","inLanguage":"fr-FR","@id":"https:\/\/www.koonings.com\/fr\/#\/schema\/logo\/image\/","url":"https:\/\/www.koonings.com\/wp-content\/uploads\/2024\/07\/logo.png","contentUrl":"https:\/\/www.koonings.com\/wp-content\/uploads\/2024\/07\/logo.png","width":600,"height":428,"caption":"Koonings"},"image":{"@id":"https:\/\/www.koonings.com\/fr\/#\/schema\/logo\/image\/"},"sameAs":["https:\/\/www.facebook.com\/kooningstheweddingpalace","https:\/\/www.instagram.com\/kooningstheweddingpalace","https:\/\/www.pinterest.com\/koonings","https:\/\/www.youtube.com\/kooningstheweddingpalace"]}]}},"_links":{"self":[{"href":"https:\/\/www.koonings.com\/fr\/wp-json\/wp\/v2\/product\/80198","targetHints":{"allow":["GET"]}}],"collection":[{"href":"https:\/\/www.koonings.com\/fr\/wp-json\/wp\/v2\/product"}],"about":[{"href":"https:\/\/www.koonings.com\/fr\/wp-json\/wp\/v2\/types\/product"}],"wp:featuredmedia":[{"embeddable":true,"href":"https:\/\/www.koonings.com\/fr\/wp-json\/wp\/v2\/media\/75731"}],"wp:attachment":[{"href":"https:\/\/www.koonings.com\/fr\/wp-json\/wp\/v2\/media?parent=80198"}],"wp:term":[{"taxonomy":"productdetails","embeddable":true,"href":"https:\/\/www.koonings.com\/fr\/wp-json\/wp\/v2\/productdetails?post=80198"},{"taxonomy":"productneck","embeddable":true,"href":"https:\/\/www.koonings.com\/fr\/wp-json\/wp\/v2\/productneck?post=80198"},{"taxonomy":"productcolor","embeddable":true,"href":"https:\/\/www.koonings.com\/fr\/wp-json\/wp\/v2\/productcolor?post=80198"},{"taxonomy":"maat","embeddable":true,"href":"https:\/\/www.koonings.com\/fr\/wp-json\/wp\/v2\/maat?post=80198"},{"taxonomy":"productsupplier","embeddable":true,"href":"https:\/\/www.koonings.com\/fr\/wp-json\/wp\/v2\/productsupplier?post=80198"},{"taxonomy":"productsleeve","embeddable":true,"href":"https:\/\/www.koonings.com\/fr\/wp-json\/wp\/v2\/productsleeve?post=80198"},{"taxonomy":"productcategory","embeddable":true,"href":"https:\/\/www.koonings.com\/fr\/wp-json\/wp\/v2\/productcategory?post=80198"},{"taxonomy":"productsilhouette","embeddable":true,"href":"https:\/\/www.koonings.com\/fr\/wp-json\/wp\/v2\/productsilhouette?post=80198"},{"taxonomy":"productstyle","embeddable":true,"href":"https:\/\/www.koonings.com\/fr\/wp-json\/wp\/v2\/productstyle?post=80198"}],"curies":[{"name":"wp","href":"https:\/\/api.w.org\/{rel}","templated":true}]}}