{"id":80196,"date":"2026-05-06T15:18:09","date_gmt":"2026-05-06T13:18:09","guid":{"rendered":"https:\/\/www.koonings.com\/product\/modeca-drenth\/"},"modified":"2025-06-05T13:52:53","modified_gmt":"2025-06-05T11:52:53","slug":"modeca-drenth","status":"publish","type":"product","link":"https:\/\/www.koonings.com\/fr\/product\/modeca-drenth\/","title":{"rendered":"Modeca Drenth"},"content":{"rendered":"<p>Laissez-vous envo\u00fbter par les contes de f\u00e9es avec l&#8217;\u00e9poustouflante robe Drenthe, une silhouette de r\u00eave en ligne A qui d\u00e9gage un charme enjou\u00e9. Au c\u0153ur de cette robe magique se trouve un corsage en tulle orn\u00e9 d&#8217;une dentelle vibrante et color\u00e9e et d&#8217;un d\u00e9licat motif floral. Cette robe est \u00e9galement disponible en tulle uni &#8211; Drenth-A, ou en dentelle ivoire &#8211; Drenth-B.  <\/p>\n","protected":false},"featured_media":75718,"template":"","meta":{"_acf_changed":false,"ghostkit_customizer_options":"","ghostkit_custom_css":"","ghostkit_custom_js_head":"","ghostkit_custom_js_foot":"","ghostkit_typography":""},"productdetails":[376,381],"productneck":[356],"productcolor":[393,392],"maat":[],"productsupplier":[434],"productsleeve":[359],"productcategory":[18],"productsilhouette":[384],"productstyle":[366,370],"class_list":["post-80196","product","type-product","status-publish","has-post-thumbnail","hentry","productdetails-376","productdetails-381","productneck-356","productcolor-393","productcolor-392","productsupplier-modeca","productsleeve-359","productcategory-trouwjurken","productsilhouette-384","productstyle-366","productstyle-370"],"acf":[],"yoast_head":"<!-- This site is optimized with the Yoast SEO plugin v27.3 - https:\/\/yoast.com\/product\/yoast-seo-wordpress\/ -->\n<title>Modeca Drenth | Koonings<\/title>\n<meta name=\"description\" content=\"Laissez-vous envo\u00fbter par les contes de f\u00e9es avec l&#039;\u00e9poustouflante robe Drenthe, une silhouette de r\u00eave en ligne A qui d\u00e9gage un charme enjou\u00e9. Au c\u0153ur de cette robe magique se trouve un corsage en tulle orn\u00e9 d&#039;une dentelle vibrante et color\u00e9e et d&#039;un d\u00e9licat motif floral. Cette robe est \u00e9galement disponible en tulle uni - Drenth-A, ou en dentelle ivoire - Drenth-B.\" \/>\n<meta name=\"robots\" content=\"index, follow, max-snippet:-1, max-image-preview:large, max-video-preview:-1\" \/>\n<link rel=\"canonical\" href=\"https:\/\/www.koonings.com\/fr\/product\/modeca-drenth\/\" \/>\n<meta property=\"og:locale\" content=\"fr_FR\" \/>\n<meta property=\"og:type\" content=\"article\" \/>\n<meta property=\"og:title\" content=\"Modeca Drenth | Koonings\" \/>\n<meta property=\"og:description\" content=\"Laissez-vous envo\u00fbter par les contes de f\u00e9es avec l&#039;\u00e9poustouflante robe Drenthe, une silhouette de r\u00eave en ligne A qui d\u00e9gage un charme enjou\u00e9. Au c\u0153ur de cette robe magique se trouve un corsage en tulle orn\u00e9 d&#039;une dentelle vibrante et color\u00e9e et d&#039;un d\u00e9licat motif floral. Cette robe est \u00e9galement disponible en tulle uni - Drenth-A, ou en dentelle ivoire - Drenth-B.\" \/>\n<meta property=\"og:url\" content=\"https:\/\/www.koonings.com\/fr\/product\/modeca-drenth\/\" \/>\n<meta property=\"og:site_name\" content=\"Koonings\" \/>\n<meta property=\"article:publisher\" content=\"https:\/\/www.facebook.com\/kooningstheweddingpalace\" \/>\n<meta property=\"og:image\" content=\"https:\/\/www.koonings.com\/wp-content\/uploads\/2024\/11\/40336_3e0c1d7386e511acfaf6ee6e08555789122dd935e01c54f74b26f488dc3a6d428cc5a919.jpeg\" \/>\n\t<meta property=\"og:image:width\" content=\"939\" \/>\n\t<meta property=\"og:image:height\" content=\"1329\" \/>\n\t<meta property=\"og:image:type\" content=\"image\/jpeg\" \/>\n<meta name=\"twitter:card\" content=\"summary_large_image\" \/>\n<script type=\"application\/ld+json\" class=\"yoast-schema-graph\">{\"@context\":\"https:\\\/\\\/schema.org\",\"@graph\":[{\"@type\":\"WebPage\",\"@id\":\"https:\\\/\\\/www.koonings.com\\\/fr\\\/product\\\/modeca-drenth\\\/\",\"url\":\"https:\\\/\\\/www.koonings.com\\\/fr\\\/product\\\/modeca-drenth\\\/\",\"name\":\"Modeca Drenth | Koonings\",\"isPartOf\":{\"@id\":\"https:\\\/\\\/www.koonings.com\\\/fr\\\/#website\"},\"primaryImageOfPage\":{\"@id\":\"https:\\\/\\\/www.koonings.com\\\/fr\\\/product\\\/modeca-drenth\\\/#primaryimage\"},\"image\":{\"@id\":\"https:\\\/\\\/www.koonings.com\\\/fr\\\/product\\\/modeca-drenth\\\/#primaryimage\"},\"thumbnailUrl\":\"https:\\\/\\\/www.koonings.com\\\/wp-content\\\/uploads\\\/2024\\\/11\\\/40336_3e0c1d7386e511acfaf6ee6e08555789122dd935e01c54f74b26f488dc3a6d428cc5a919.jpeg\",\"datePublished\":\"2026-05-06T13:18:09+00:00\",\"description\":\"Laissez-vous envo\u00fbter par les contes de f\u00e9es avec l'\u00e9poustouflante robe Drenthe, une silhouette de r\u00eave en ligne A qui d\u00e9gage un charme enjou\u00e9. Au c\u0153ur de cette robe magique se trouve un corsage en tulle orn\u00e9 d'une dentelle vibrante et color\u00e9e et d'un d\u00e9licat motif floral. Cette robe est \u00e9galement disponible en tulle uni - Drenth-A, ou en dentelle ivoire - Drenth-B.\",\"breadcrumb\":{\"@id\":\"https:\\\/\\\/www.koonings.com\\\/fr\\\/product\\\/modeca-drenth\\\/#breadcrumb\"},\"inLanguage\":\"fr-FR\",\"potentialAction\":[{\"@type\":\"ReadAction\",\"target\":[\"https:\\\/\\\/www.koonings.com\\\/fr\\\/product\\\/modeca-drenth\\\/\"]}]},{\"@type\":\"ImageObject\",\"inLanguage\":\"fr-FR\",\"@id\":\"https:\\\/\\\/www.koonings.com\\\/fr\\\/product\\\/modeca-drenth\\\/#primaryimage\",\"url\":\"https:\\\/\\\/www.koonings.com\\\/wp-content\\\/uploads\\\/2024\\\/11\\\/40336_3e0c1d7386e511acfaf6ee6e08555789122dd935e01c54f74b26f488dc3a6d428cc5a919.jpeg\",\"contentUrl\":\"https:\\\/\\\/www.koonings.com\\\/wp-content\\\/uploads\\\/2024\\\/11\\\/40336_3e0c1d7386e511acfaf6ee6e08555789122dd935e01c54f74b26f488dc3a6d428cc5a919.jpeg\",\"width\":939,\"height\":1329},{\"@type\":\"BreadcrumbList\",\"@id\":\"https:\\\/\\\/www.koonings.com\\\/fr\\\/product\\\/modeca-drenth\\\/#breadcrumb\",\"itemListElement\":[{\"@type\":\"ListItem\",\"position\":1,\"name\":\"Home\",\"item\":\"https:\\\/\\\/www.koonings.com\\\/fr\\\/\"},{\"@type\":\"ListItem\",\"position\":2,\"name\":\"Modeca Drenth\"}]},{\"@type\":\"WebSite\",\"@id\":\"https:\\\/\\\/www.koonings.com\\\/fr\\\/#website\",\"url\":\"https:\\\/\\\/www.koonings.com\\\/fr\\\/\",\"name\":\"Koonings\",\"description\":\"De grootste bruidsmodewinkel ter wereld\",\"publisher\":{\"@id\":\"https:\\\/\\\/www.koonings.com\\\/fr\\\/#organization\"},\"potentialAction\":[{\"@type\":\"SearchAction\",\"target\":{\"@type\":\"EntryPoint\",\"urlTemplate\":\"https:\\\/\\\/www.koonings.com\\\/fr\\\/?s={search_term_string}\"},\"query-input\":{\"@type\":\"PropertyValueSpecification\",\"valueRequired\":true,\"valueName\":\"search_term_string\"}}],\"inLanguage\":\"fr-FR\"},{\"@type\":\"Organization\",\"@id\":\"https:\\\/\\\/www.koonings.com\\\/fr\\\/#organization\",\"name\":\"Koonings\",\"url\":\"https:\\\/\\\/www.koonings.com\\\/fr\\\/\",\"logo\":{\"@type\":\"ImageObject\",\"inLanguage\":\"fr-FR\",\"@id\":\"https:\\\/\\\/www.koonings.com\\\/fr\\\/#\\\/schema\\\/logo\\\/image\\\/\",\"url\":\"https:\\\/\\\/www.koonings.com\\\/wp-content\\\/uploads\\\/2024\\\/07\\\/logo.png\",\"contentUrl\":\"https:\\\/\\\/www.koonings.com\\\/wp-content\\\/uploads\\\/2024\\\/07\\\/logo.png\",\"width\":600,\"height\":428,\"caption\":\"Koonings\"},\"image\":{\"@id\":\"https:\\\/\\\/www.koonings.com\\\/fr\\\/#\\\/schema\\\/logo\\\/image\\\/\"},\"sameAs\":[\"https:\\\/\\\/www.facebook.com\\\/kooningstheweddingpalace\",\"https:\\\/\\\/www.instagram.com\\\/kooningstheweddingpalace\",\"https:\\\/\\\/www.pinterest.com\\\/koonings\",\"https:\\\/\\\/www.youtube.com\\\/kooningstheweddingpalace\"]}]}<\/script>\n<!-- \/ Yoast SEO plugin. -->","yoast_head_json":{"title":"Modeca Drenth | Koonings","description":"Laissez-vous envo\u00fbter par les contes de f\u00e9es avec l'\u00e9poustouflante robe Drenthe, une silhouette de r\u00eave en ligne A qui d\u00e9gage un charme enjou\u00e9. Au c\u0153ur de cette robe magique se trouve un corsage en tulle orn\u00e9 d'une dentelle vibrante et color\u00e9e et d'un d\u00e9licat motif floral. Cette robe est \u00e9galement disponible en tulle uni - Drenth-A, ou en dentelle ivoire - Drenth-B.","robots":{"index":"index","follow":"follow","max-snippet":"max-snippet:-1","max-image-preview":"max-image-preview:large","max-video-preview":"max-video-preview:-1"},"canonical":"https:\/\/www.koonings.com\/fr\/product\/modeca-drenth\/","og_locale":"fr_FR","og_type":"article","og_title":"Modeca Drenth | Koonings","og_description":"Laissez-vous envo\u00fbter par les contes de f\u00e9es avec l'\u00e9poustouflante robe Drenthe, une silhouette de r\u00eave en ligne A qui d\u00e9gage un charme enjou\u00e9. Au c\u0153ur de cette robe magique se trouve un corsage en tulle orn\u00e9 d'une dentelle vibrante et color\u00e9e et d'un d\u00e9licat motif floral. Cette robe est \u00e9galement disponible en tulle uni - Drenth-A, ou en dentelle ivoire - Drenth-B.","og_url":"https:\/\/www.koonings.com\/fr\/product\/modeca-drenth\/","og_site_name":"Koonings","article_publisher":"https:\/\/www.facebook.com\/kooningstheweddingpalace","og_image":[{"width":939,"height":1329,"url":"https:\/\/www.koonings.com\/wp-content\/uploads\/2024\/11\/40336_3e0c1d7386e511acfaf6ee6e08555789122dd935e01c54f74b26f488dc3a6d428cc5a919.jpeg","type":"image\/jpeg"}],"twitter_card":"summary_large_image","schema":{"@context":"https:\/\/schema.org","@graph":[{"@type":"WebPage","@id":"https:\/\/www.koonings.com\/fr\/product\/modeca-drenth\/","url":"https:\/\/www.koonings.com\/fr\/product\/modeca-drenth\/","name":"Modeca Drenth | Koonings","isPartOf":{"@id":"https:\/\/www.koonings.com\/fr\/#website"},"primaryImageOfPage":{"@id":"https:\/\/www.koonings.com\/fr\/product\/modeca-drenth\/#primaryimage"},"image":{"@id":"https:\/\/www.koonings.com\/fr\/product\/modeca-drenth\/#primaryimage"},"thumbnailUrl":"https:\/\/www.koonings.com\/wp-content\/uploads\/2024\/11\/40336_3e0c1d7386e511acfaf6ee6e08555789122dd935e01c54f74b26f488dc3a6d428cc5a919.jpeg","datePublished":"2026-05-06T13:18:09+00:00","description":"Laissez-vous envo\u00fbter par les contes de f\u00e9es avec l'\u00e9poustouflante robe Drenthe, une silhouette de r\u00eave en ligne A qui d\u00e9gage un charme enjou\u00e9. Au c\u0153ur de cette robe magique se trouve un corsage en tulle orn\u00e9 d'une dentelle vibrante et color\u00e9e et d'un d\u00e9licat motif floral. Cette robe est \u00e9galement disponible en tulle uni - Drenth-A, ou en dentelle ivoire - Drenth-B.","breadcrumb":{"@id":"https:\/\/www.koonings.com\/fr\/product\/modeca-drenth\/#breadcrumb"},"inLanguage":"fr-FR","potentialAction":[{"@type":"ReadAction","target":["https:\/\/www.koonings.com\/fr\/product\/modeca-drenth\/"]}]},{"@type":"ImageObject","inLanguage":"fr-FR","@id":"https:\/\/www.koonings.com\/fr\/product\/modeca-drenth\/#primaryimage","url":"https:\/\/www.koonings.com\/wp-content\/uploads\/2024\/11\/40336_3e0c1d7386e511acfaf6ee6e08555789122dd935e01c54f74b26f488dc3a6d428cc5a919.jpeg","contentUrl":"https:\/\/www.koonings.com\/wp-content\/uploads\/2024\/11\/40336_3e0c1d7386e511acfaf6ee6e08555789122dd935e01c54f74b26f488dc3a6d428cc5a919.jpeg","width":939,"height":1329},{"@type":"BreadcrumbList","@id":"https:\/\/www.koonings.com\/fr\/product\/modeca-drenth\/#breadcrumb","itemListElement":[{"@type":"ListItem","position":1,"name":"Home","item":"https:\/\/www.koonings.com\/fr\/"},{"@type":"ListItem","position":2,"name":"Modeca Drenth"}]},{"@type":"WebSite","@id":"https:\/\/www.koonings.com\/fr\/#website","url":"https:\/\/www.koonings.com\/fr\/","name":"Koonings","description":"De grootste bruidsmodewinkel ter wereld","publisher":{"@id":"https:\/\/www.koonings.com\/fr\/#organization"},"potentialAction":[{"@type":"SearchAction","target":{"@type":"EntryPoint","urlTemplate":"https:\/\/www.koonings.com\/fr\/?s={search_term_string}"},"query-input":{"@type":"PropertyValueSpecification","valueRequired":true,"valueName":"search_term_string"}}],"inLanguage":"fr-FR"},{"@type":"Organization","@id":"https:\/\/www.koonings.com\/fr\/#organization","name":"Koonings","url":"https:\/\/www.koonings.com\/fr\/","logo":{"@type":"ImageObject","inLanguage":"fr-FR","@id":"https:\/\/www.koonings.com\/fr\/#\/schema\/logo\/image\/","url":"https:\/\/www.koonings.com\/wp-content\/uploads\/2024\/07\/logo.png","contentUrl":"https:\/\/www.koonings.com\/wp-content\/uploads\/2024\/07\/logo.png","width":600,"height":428,"caption":"Koonings"},"image":{"@id":"https:\/\/www.koonings.com\/fr\/#\/schema\/logo\/image\/"},"sameAs":["https:\/\/www.facebook.com\/kooningstheweddingpalace","https:\/\/www.instagram.com\/kooningstheweddingpalace","https:\/\/www.pinterest.com\/koonings","https:\/\/www.youtube.com\/kooningstheweddingpalace"]}]}},"_links":{"self":[{"href":"https:\/\/www.koonings.com\/fr\/wp-json\/wp\/v2\/product\/80196","targetHints":{"allow":["GET"]}}],"collection":[{"href":"https:\/\/www.koonings.com\/fr\/wp-json\/wp\/v2\/product"}],"about":[{"href":"https:\/\/www.koonings.com\/fr\/wp-json\/wp\/v2\/types\/product"}],"wp:featuredmedia":[{"embeddable":true,"href":"https:\/\/www.koonings.com\/fr\/wp-json\/wp\/v2\/media\/75718"}],"wp:attachment":[{"href":"https:\/\/www.koonings.com\/fr\/wp-json\/wp\/v2\/media?parent=80196"}],"wp:term":[{"taxonomy":"productdetails","embeddable":true,"href":"https:\/\/www.koonings.com\/fr\/wp-json\/wp\/v2\/productdetails?post=80196"},{"taxonomy":"productneck","embeddable":true,"href":"https:\/\/www.koonings.com\/fr\/wp-json\/wp\/v2\/productneck?post=80196"},{"taxonomy":"productcolor","embeddable":true,"href":"https:\/\/www.koonings.com\/fr\/wp-json\/wp\/v2\/productcolor?post=80196"},{"taxonomy":"maat","embeddable":true,"href":"https:\/\/www.koonings.com\/fr\/wp-json\/wp\/v2\/maat?post=80196"},{"taxonomy":"productsupplier","embeddable":true,"href":"https:\/\/www.koonings.com\/fr\/wp-json\/wp\/v2\/productsupplier?post=80196"},{"taxonomy":"productsleeve","embeddable":true,"href":"https:\/\/www.koonings.com\/fr\/wp-json\/wp\/v2\/productsleeve?post=80196"},{"taxonomy":"productcategory","embeddable":true,"href":"https:\/\/www.koonings.com\/fr\/wp-json\/wp\/v2\/productcategory?post=80196"},{"taxonomy":"productsilhouette","embeddable":true,"href":"https:\/\/www.koonings.com\/fr\/wp-json\/wp\/v2\/productsilhouette?post=80196"},{"taxonomy":"productstyle","embeddable":true,"href":"https:\/\/www.koonings.com\/fr\/wp-json\/wp\/v2\/productstyle?post=80196"}],"curies":[{"name":"wp","href":"https:\/\/api.w.org\/{rel}","templated":true}]}}