{"id":80185,"date":"2026-05-06T15:18:15","date_gmt":"2026-05-06T13:18:15","guid":{"rendered":"https:\/\/www.koonings.com\/product\/modeca-dottie\/"},"modified":"2025-06-05T13:52:58","modified_gmt":"2025-06-05T11:52:58","slug":"modeca-dottie","status":"publish","type":"product","link":"https:\/\/www.koonings.com\/fr\/product\/modeca-dottie\/","title":{"rendered":"Modeca Dottie"},"content":{"rendered":"<p>Dottie, une robe de bal mikado captivante pour une princesse moderne. De d\u00e9licates d\u00e9coupes sur les c\u00f4t\u00e9s cr\u00e9ent une silhouette captivante, tandis qu&#8217;une fente audacieuse sur la jupe assure un mouvement sans effort et une touche de drame. Cette robe est orn\u00e9e d&#8217;une magnifique dentelle perl\u00e9e, soigneusement plac\u00e9e sur le corsage et les d\u00e9coupes. Le subtil trou de serrure dans le dos rehausse le charme de ce look et s&#8217;harmonise magnifiquement avec les manches amovibles en forme de fleur d\u00e9licate. Cette robe est \u00e9galement disponible sans les manches amovibles &#8211; Dottie-D.    <\/p>\n","protected":false},"featured_media":75799,"template":"","meta":{"_acf_changed":false,"ghostkit_customizer_options":"","ghostkit_custom_css":"","ghostkit_custom_js_head":"","ghostkit_custom_js_foot":"","ghostkit_typography":""},"productdetails":[376,378],"productneck":[356],"productcolor":[393,392],"maat":[],"productsupplier":[434],"productsleeve":[359],"productcategory":[18],"productsilhouette":[388],"productstyle":[372,366],"class_list":["post-80185","product","type-product","status-publish","has-post-thumbnail","hentry","productdetails-376","productdetails-378","productneck-356","productcolor-393","productcolor-392","productsupplier-modeca","productsleeve-359","productcategory-trouwjurken","productsilhouette-388","productstyle-372","productstyle-366"],"acf":[],"yoast_head":"<!-- This site is optimized with the Yoast SEO plugin v27.3 - https:\/\/yoast.com\/product\/yoast-seo-wordpress\/ -->\n<title>Modeca Dottie | Koonings<\/title>\n<meta name=\"description\" content=\"Dottie, une robe de bal mikado captivante pour une princesse moderne. De d\u00e9licates d\u00e9coupes sur les c\u00f4t\u00e9s cr\u00e9ent une silhouette captivante, tandis qu&#039;une fente audacieuse sur la jupe assure un mouvement sans effort et une touche de drame. Cette robe est orn\u00e9e d&#039;une magnifique dentelle perl\u00e9e, soigneusement plac\u00e9e sur le corsage et les d\u00e9coupes. Le subtil trou de serrure dans le dos rehausse le charme de ce look et s&#039;harmonise magnifiquement avec les manches amovibles en forme de fleur d\u00e9licate. Cette robe est \u00e9galement disponible sans les manches amovibles - Dottie-D.\" \/>\n<meta name=\"robots\" content=\"index, follow, max-snippet:-1, max-image-preview:large, max-video-preview:-1\" \/>\n<link rel=\"canonical\" href=\"https:\/\/www.koonings.com\/fr\/product\/modeca-dottie\/\" \/>\n<meta property=\"og:locale\" content=\"fr_FR\" \/>\n<meta property=\"og:type\" content=\"article\" \/>\n<meta property=\"og:title\" content=\"Modeca Dottie | Koonings\" \/>\n<meta property=\"og:description\" content=\"Dottie, une robe de bal mikado captivante pour une princesse moderne. De d\u00e9licates d\u00e9coupes sur les c\u00f4t\u00e9s cr\u00e9ent une silhouette captivante, tandis qu&#039;une fente audacieuse sur la jupe assure un mouvement sans effort et une touche de drame. Cette robe est orn\u00e9e d&#039;une magnifique dentelle perl\u00e9e, soigneusement plac\u00e9e sur le corsage et les d\u00e9coupes. Le subtil trou de serrure dans le dos rehausse le charme de ce look et s&#039;harmonise magnifiquement avec les manches amovibles en forme de fleur d\u00e9licate. Cette robe est \u00e9galement disponible sans les manches amovibles - Dottie-D.\" \/>\n<meta property=\"og:url\" content=\"https:\/\/www.koonings.com\/fr\/product\/modeca-dottie\/\" \/>\n<meta property=\"og:site_name\" content=\"Koonings\" \/>\n<meta property=\"article:publisher\" content=\"https:\/\/www.facebook.com\/kooningstheweddingpalace\" \/>\n<meta property=\"og:image\" content=\"https:\/\/www.koonings.com\/wp-content\/uploads\/2024\/11\/40365_2817f73ec089474fdbb8e1ea29267abbb1b17260c01721388de0d18164babf3e57c5e12a.jpeg\" \/>\n\t<meta property=\"og:image:width\" content=\"829\" \/>\n\t<meta property=\"og:image:height\" content=\"1171\" \/>\n\t<meta property=\"og:image:type\" content=\"image\/jpeg\" \/>\n<meta name=\"twitter:card\" content=\"summary_large_image\" \/>\n<meta name=\"twitter:label1\" content=\"Dur\u00e9e de lecture estim\u00e9e\" \/>\n\t<meta name=\"twitter:data1\" content=\"1 minute\" \/>\n<script type=\"application\/ld+json\" class=\"yoast-schema-graph\">{\"@context\":\"https:\\\/\\\/schema.org\",\"@graph\":[{\"@type\":\"WebPage\",\"@id\":\"https:\\\/\\\/www.koonings.com\\\/fr\\\/product\\\/modeca-dottie\\\/\",\"url\":\"https:\\\/\\\/www.koonings.com\\\/fr\\\/product\\\/modeca-dottie\\\/\",\"name\":\"Modeca Dottie | Koonings\",\"isPartOf\":{\"@id\":\"https:\\\/\\\/www.koonings.com\\\/fr\\\/#website\"},\"primaryImageOfPage\":{\"@id\":\"https:\\\/\\\/www.koonings.com\\\/fr\\\/product\\\/modeca-dottie\\\/#primaryimage\"},\"image\":{\"@id\":\"https:\\\/\\\/www.koonings.com\\\/fr\\\/product\\\/modeca-dottie\\\/#primaryimage\"},\"thumbnailUrl\":\"https:\\\/\\\/www.koonings.com\\\/wp-content\\\/uploads\\\/2024\\\/11\\\/40365_2817f73ec089474fdbb8e1ea29267abbb1b17260c01721388de0d18164babf3e57c5e12a.jpeg\",\"datePublished\":\"2026-05-06T13:18:15+00:00\",\"description\":\"Dottie, une robe de bal mikado captivante pour une princesse moderne. De d\u00e9licates d\u00e9coupes sur les c\u00f4t\u00e9s cr\u00e9ent une silhouette captivante, tandis qu'une fente audacieuse sur la jupe assure un mouvement sans effort et une touche de drame. Cette robe est orn\u00e9e d'une magnifique dentelle perl\u00e9e, soigneusement plac\u00e9e sur le corsage et les d\u00e9coupes. Le subtil trou de serrure dans le dos rehausse le charme de ce look et s'harmonise magnifiquement avec les manches amovibles en forme de fleur d\u00e9licate. Cette robe est \u00e9galement disponible sans les manches amovibles - Dottie-D.\",\"breadcrumb\":{\"@id\":\"https:\\\/\\\/www.koonings.com\\\/fr\\\/product\\\/modeca-dottie\\\/#breadcrumb\"},\"inLanguage\":\"fr-FR\",\"potentialAction\":[{\"@type\":\"ReadAction\",\"target\":[\"https:\\\/\\\/www.koonings.com\\\/fr\\\/product\\\/modeca-dottie\\\/\"]}]},{\"@type\":\"ImageObject\",\"inLanguage\":\"fr-FR\",\"@id\":\"https:\\\/\\\/www.koonings.com\\\/fr\\\/product\\\/modeca-dottie\\\/#primaryimage\",\"url\":\"https:\\\/\\\/www.koonings.com\\\/wp-content\\\/uploads\\\/2024\\\/11\\\/40365_2817f73ec089474fdbb8e1ea29267abbb1b17260c01721388de0d18164babf3e57c5e12a.jpeg\",\"contentUrl\":\"https:\\\/\\\/www.koonings.com\\\/wp-content\\\/uploads\\\/2024\\\/11\\\/40365_2817f73ec089474fdbb8e1ea29267abbb1b17260c01721388de0d18164babf3e57c5e12a.jpeg\",\"width\":829,\"height\":1171},{\"@type\":\"BreadcrumbList\",\"@id\":\"https:\\\/\\\/www.koonings.com\\\/fr\\\/product\\\/modeca-dottie\\\/#breadcrumb\",\"itemListElement\":[{\"@type\":\"ListItem\",\"position\":1,\"name\":\"Home\",\"item\":\"https:\\\/\\\/www.koonings.com\\\/fr\\\/\"},{\"@type\":\"ListItem\",\"position\":2,\"name\":\"Modeca Dottie\"}]},{\"@type\":\"WebSite\",\"@id\":\"https:\\\/\\\/www.koonings.com\\\/fr\\\/#website\",\"url\":\"https:\\\/\\\/www.koonings.com\\\/fr\\\/\",\"name\":\"Koonings\",\"description\":\"De grootste bruidsmodewinkel ter wereld\",\"publisher\":{\"@id\":\"https:\\\/\\\/www.koonings.com\\\/fr\\\/#organization\"},\"potentialAction\":[{\"@type\":\"SearchAction\",\"target\":{\"@type\":\"EntryPoint\",\"urlTemplate\":\"https:\\\/\\\/www.koonings.com\\\/fr\\\/?s={search_term_string}\"},\"query-input\":{\"@type\":\"PropertyValueSpecification\",\"valueRequired\":true,\"valueName\":\"search_term_string\"}}],\"inLanguage\":\"fr-FR\"},{\"@type\":\"Organization\",\"@id\":\"https:\\\/\\\/www.koonings.com\\\/fr\\\/#organization\",\"name\":\"Koonings\",\"url\":\"https:\\\/\\\/www.koonings.com\\\/fr\\\/\",\"logo\":{\"@type\":\"ImageObject\",\"inLanguage\":\"fr-FR\",\"@id\":\"https:\\\/\\\/www.koonings.com\\\/fr\\\/#\\\/schema\\\/logo\\\/image\\\/\",\"url\":\"https:\\\/\\\/www.koonings.com\\\/wp-content\\\/uploads\\\/2024\\\/07\\\/logo.png\",\"contentUrl\":\"https:\\\/\\\/www.koonings.com\\\/wp-content\\\/uploads\\\/2024\\\/07\\\/logo.png\",\"width\":600,\"height\":428,\"caption\":\"Koonings\"},\"image\":{\"@id\":\"https:\\\/\\\/www.koonings.com\\\/fr\\\/#\\\/schema\\\/logo\\\/image\\\/\"},\"sameAs\":[\"https:\\\/\\\/www.facebook.com\\\/kooningstheweddingpalace\",\"https:\\\/\\\/www.instagram.com\\\/kooningstheweddingpalace\",\"https:\\\/\\\/www.pinterest.com\\\/koonings\",\"https:\\\/\\\/www.youtube.com\\\/kooningstheweddingpalace\"]}]}<\/script>\n<!-- \/ Yoast SEO plugin. -->","yoast_head_json":{"title":"Modeca Dottie | Koonings","description":"Dottie, une robe de bal mikado captivante pour une princesse moderne. De d\u00e9licates d\u00e9coupes sur les c\u00f4t\u00e9s cr\u00e9ent une silhouette captivante, tandis qu'une fente audacieuse sur la jupe assure un mouvement sans effort et une touche de drame. Cette robe est orn\u00e9e d'une magnifique dentelle perl\u00e9e, soigneusement plac\u00e9e sur le corsage et les d\u00e9coupes. Le subtil trou de serrure dans le dos rehausse le charme de ce look et s'harmonise magnifiquement avec les manches amovibles en forme de fleur d\u00e9licate. Cette robe est \u00e9galement disponible sans les manches amovibles - Dottie-D.","robots":{"index":"index","follow":"follow","max-snippet":"max-snippet:-1","max-image-preview":"max-image-preview:large","max-video-preview":"max-video-preview:-1"},"canonical":"https:\/\/www.koonings.com\/fr\/product\/modeca-dottie\/","og_locale":"fr_FR","og_type":"article","og_title":"Modeca Dottie | Koonings","og_description":"Dottie, une robe de bal mikado captivante pour une princesse moderne. De d\u00e9licates d\u00e9coupes sur les c\u00f4t\u00e9s cr\u00e9ent une silhouette captivante, tandis qu'une fente audacieuse sur la jupe assure un mouvement sans effort et une touche de drame. Cette robe est orn\u00e9e d'une magnifique dentelle perl\u00e9e, soigneusement plac\u00e9e sur le corsage et les d\u00e9coupes. Le subtil trou de serrure dans le dos rehausse le charme de ce look et s'harmonise magnifiquement avec les manches amovibles en forme de fleur d\u00e9licate. Cette robe est \u00e9galement disponible sans les manches amovibles - Dottie-D.","og_url":"https:\/\/www.koonings.com\/fr\/product\/modeca-dottie\/","og_site_name":"Koonings","article_publisher":"https:\/\/www.facebook.com\/kooningstheweddingpalace","og_image":[{"width":829,"height":1171,"url":"https:\/\/www.koonings.com\/wp-content\/uploads\/2024\/11\/40365_2817f73ec089474fdbb8e1ea29267abbb1b17260c01721388de0d18164babf3e57c5e12a.jpeg","type":"image\/jpeg"}],"twitter_card":"summary_large_image","twitter_misc":{"Dur\u00e9e de lecture estim\u00e9e":"1 minute"},"schema":{"@context":"https:\/\/schema.org","@graph":[{"@type":"WebPage","@id":"https:\/\/www.koonings.com\/fr\/product\/modeca-dottie\/","url":"https:\/\/www.koonings.com\/fr\/product\/modeca-dottie\/","name":"Modeca Dottie | Koonings","isPartOf":{"@id":"https:\/\/www.koonings.com\/fr\/#website"},"primaryImageOfPage":{"@id":"https:\/\/www.koonings.com\/fr\/product\/modeca-dottie\/#primaryimage"},"image":{"@id":"https:\/\/www.koonings.com\/fr\/product\/modeca-dottie\/#primaryimage"},"thumbnailUrl":"https:\/\/www.koonings.com\/wp-content\/uploads\/2024\/11\/40365_2817f73ec089474fdbb8e1ea29267abbb1b17260c01721388de0d18164babf3e57c5e12a.jpeg","datePublished":"2026-05-06T13:18:15+00:00","description":"Dottie, une robe de bal mikado captivante pour une princesse moderne. De d\u00e9licates d\u00e9coupes sur les c\u00f4t\u00e9s cr\u00e9ent une silhouette captivante, tandis qu'une fente audacieuse sur la jupe assure un mouvement sans effort et une touche de drame. Cette robe est orn\u00e9e d'une magnifique dentelle perl\u00e9e, soigneusement plac\u00e9e sur le corsage et les d\u00e9coupes. Le subtil trou de serrure dans le dos rehausse le charme de ce look et s'harmonise magnifiquement avec les manches amovibles en forme de fleur d\u00e9licate. Cette robe est \u00e9galement disponible sans les manches amovibles - Dottie-D.","breadcrumb":{"@id":"https:\/\/www.koonings.com\/fr\/product\/modeca-dottie\/#breadcrumb"},"inLanguage":"fr-FR","potentialAction":[{"@type":"ReadAction","target":["https:\/\/www.koonings.com\/fr\/product\/modeca-dottie\/"]}]},{"@type":"ImageObject","inLanguage":"fr-FR","@id":"https:\/\/www.koonings.com\/fr\/product\/modeca-dottie\/#primaryimage","url":"https:\/\/www.koonings.com\/wp-content\/uploads\/2024\/11\/40365_2817f73ec089474fdbb8e1ea29267abbb1b17260c01721388de0d18164babf3e57c5e12a.jpeg","contentUrl":"https:\/\/www.koonings.com\/wp-content\/uploads\/2024\/11\/40365_2817f73ec089474fdbb8e1ea29267abbb1b17260c01721388de0d18164babf3e57c5e12a.jpeg","width":829,"height":1171},{"@type":"BreadcrumbList","@id":"https:\/\/www.koonings.com\/fr\/product\/modeca-dottie\/#breadcrumb","itemListElement":[{"@type":"ListItem","position":1,"name":"Home","item":"https:\/\/www.koonings.com\/fr\/"},{"@type":"ListItem","position":2,"name":"Modeca Dottie"}]},{"@type":"WebSite","@id":"https:\/\/www.koonings.com\/fr\/#website","url":"https:\/\/www.koonings.com\/fr\/","name":"Koonings","description":"De grootste bruidsmodewinkel ter wereld","publisher":{"@id":"https:\/\/www.koonings.com\/fr\/#organization"},"potentialAction":[{"@type":"SearchAction","target":{"@type":"EntryPoint","urlTemplate":"https:\/\/www.koonings.com\/fr\/?s={search_term_string}"},"query-input":{"@type":"PropertyValueSpecification","valueRequired":true,"valueName":"search_term_string"}}],"inLanguage":"fr-FR"},{"@type":"Organization","@id":"https:\/\/www.koonings.com\/fr\/#organization","name":"Koonings","url":"https:\/\/www.koonings.com\/fr\/","logo":{"@type":"ImageObject","inLanguage":"fr-FR","@id":"https:\/\/www.koonings.com\/fr\/#\/schema\/logo\/image\/","url":"https:\/\/www.koonings.com\/wp-content\/uploads\/2024\/07\/logo.png","contentUrl":"https:\/\/www.koonings.com\/wp-content\/uploads\/2024\/07\/logo.png","width":600,"height":428,"caption":"Koonings"},"image":{"@id":"https:\/\/www.koonings.com\/fr\/#\/schema\/logo\/image\/"},"sameAs":["https:\/\/www.facebook.com\/kooningstheweddingpalace","https:\/\/www.instagram.com\/kooningstheweddingpalace","https:\/\/www.pinterest.com\/koonings","https:\/\/www.youtube.com\/kooningstheweddingpalace"]}]}},"_links":{"self":[{"href":"https:\/\/www.koonings.com\/fr\/wp-json\/wp\/v2\/product\/80185","targetHints":{"allow":["GET"]}}],"collection":[{"href":"https:\/\/www.koonings.com\/fr\/wp-json\/wp\/v2\/product"}],"about":[{"href":"https:\/\/www.koonings.com\/fr\/wp-json\/wp\/v2\/types\/product"}],"wp:featuredmedia":[{"embeddable":true,"href":"https:\/\/www.koonings.com\/fr\/wp-json\/wp\/v2\/media\/75799"}],"wp:attachment":[{"href":"https:\/\/www.koonings.com\/fr\/wp-json\/wp\/v2\/media?parent=80185"}],"wp:term":[{"taxonomy":"productdetails","embeddable":true,"href":"https:\/\/www.koonings.com\/fr\/wp-json\/wp\/v2\/productdetails?post=80185"},{"taxonomy":"productneck","embeddable":true,"href":"https:\/\/www.koonings.com\/fr\/wp-json\/wp\/v2\/productneck?post=80185"},{"taxonomy":"productcolor","embeddable":true,"href":"https:\/\/www.koonings.com\/fr\/wp-json\/wp\/v2\/productcolor?post=80185"},{"taxonomy":"maat","embeddable":true,"href":"https:\/\/www.koonings.com\/fr\/wp-json\/wp\/v2\/maat?post=80185"},{"taxonomy":"productsupplier","embeddable":true,"href":"https:\/\/www.koonings.com\/fr\/wp-json\/wp\/v2\/productsupplier?post=80185"},{"taxonomy":"productsleeve","embeddable":true,"href":"https:\/\/www.koonings.com\/fr\/wp-json\/wp\/v2\/productsleeve?post=80185"},{"taxonomy":"productcategory","embeddable":true,"href":"https:\/\/www.koonings.com\/fr\/wp-json\/wp\/v2\/productcategory?post=80185"},{"taxonomy":"productsilhouette","embeddable":true,"href":"https:\/\/www.koonings.com\/fr\/wp-json\/wp\/v2\/productsilhouette?post=80185"},{"taxonomy":"productstyle","embeddable":true,"href":"https:\/\/www.koonings.com\/fr\/wp-json\/wp\/v2\/productstyle?post=80185"}],"curies":[{"name":"wp","href":"https:\/\/api.w.org\/{rel}","templated":true}]}}