{"id":80174,"date":"2026-04-28T18:18:07","date_gmt":"2026-04-28T16:18:07","guid":{"rendered":"https:\/\/www.koonings.com\/product\/le-papillon-by-modeca-eliana\/"},"modified":"2025-06-05T13:52:58","modified_gmt":"2025-06-05T11:52:58","slug":"le-papillon-by-modeca-eliana","status":"publish","type":"product","link":"https:\/\/www.koonings.com\/fr\/product\/le-papillon-by-modeca-eliana\/","title":{"rendered":"Le Papillon by Modeca Eliana"},"content":{"rendered":"<p>Eliana est une robe rayonnante de type A-line qui respire l&#8217;\u00e9l\u00e9gance intemporelle avec une touche de modernit\u00e9. La dentelle \u00e0 paillettes chatoyante orne le corsage, tandis que de fines bretelles d\u00e9licates orn\u00e9es d&#8217;\u00e9l\u00e9ments en dentelle soulignent gracieusement les \u00e9paules. La jupe en tulle \u00e9tincelante avec une doublure lat\u00e9rale ouverte des deux c\u00f4t\u00e9s ajoute une touche sexy, \u00e9quilibrant la sophistication avec une touche d&#8217;audace.  <\/p>\n","protected":false},"featured_media":75829,"template":"","meta":{"_acf_changed":false,"ghostkit_customizer_options":"","ghostkit_custom_css":"","ghostkit_custom_js_head":"","ghostkit_custom_js_foot":"","ghostkit_typography":""},"productdetails":[376,381],"productneck":[355],"productcolor":[393,392],"maat":[],"productsupplier":[411],"productsleeve":[359],"productcategory":[18],"productsilhouette":[384,389],"productstyle":[366,370],"class_list":["post-80174","product","type-product","status-publish","has-post-thumbnail","hentry","productdetails-376","productdetails-381","productneck-355","productcolor-393","productcolor-392","productsupplier-le-papillon-by-modeca","productsleeve-359","productcategory-trouwjurken","productsilhouette-384","productsilhouette-389","productstyle-366","productstyle-370"],"acf":[],"yoast_head":"<!-- This site is optimized with the Yoast SEO plugin v27.3 - https:\/\/yoast.com\/product\/yoast-seo-wordpress\/ -->\n<title>Le Papillon by Modeca Eliana | Koonings<\/title>\n<meta name=\"description\" content=\"Eliana est une robe rayonnante de type A-line qui respire l&#039;\u00e9l\u00e9gance intemporelle avec une touche de modernit\u00e9. La dentelle \u00e0 paillettes chatoyante orne le corsage, tandis que de fines bretelles d\u00e9licates orn\u00e9es d&#039;\u00e9l\u00e9ments en dentelle soulignent gracieusement les \u00e9paules. La jupe en tulle \u00e9tincelante avec une doublure lat\u00e9rale ouverte des deux c\u00f4t\u00e9s ajoute une touche sexy, \u00e9quilibrant la sophistication avec une touche d&#039;audace.\" \/>\n<meta name=\"robots\" content=\"index, follow, max-snippet:-1, max-image-preview:large, max-video-preview:-1\" \/>\n<link rel=\"canonical\" href=\"https:\/\/www.koonings.com\/fr\/product\/le-papillon-by-modeca-eliana\/\" \/>\n<meta property=\"og:locale\" content=\"fr_FR\" \/>\n<meta property=\"og:type\" content=\"article\" \/>\n<meta property=\"og:title\" content=\"Le Papillon by Modeca Eliana | Koonings\" \/>\n<meta property=\"og:description\" content=\"Eliana est une robe rayonnante de type A-line qui respire l&#039;\u00e9l\u00e9gance intemporelle avec une touche de modernit\u00e9. La dentelle \u00e0 paillettes chatoyante orne le corsage, tandis que de fines bretelles d\u00e9licates orn\u00e9es d&#039;\u00e9l\u00e9ments en dentelle soulignent gracieusement les \u00e9paules. La jupe en tulle \u00e9tincelante avec une doublure lat\u00e9rale ouverte des deux c\u00f4t\u00e9s ajoute une touche sexy, \u00e9quilibrant la sophistication avec une touche d&#039;audace.\" \/>\n<meta property=\"og:url\" content=\"https:\/\/www.koonings.com\/fr\/product\/le-papillon-by-modeca-eliana\/\" \/>\n<meta property=\"og:site_name\" content=\"Koonings\" \/>\n<meta property=\"article:publisher\" content=\"https:\/\/www.facebook.com\/kooningstheweddingpalace\" \/>\n<meta property=\"og:image\" content=\"https:\/\/www.koonings.com\/wp-content\/uploads\/2024\/11\/40386_716ca175a305235158cfb4e1c65636cd4466f8dabc1f2651e5c8def265490b016f108267.jpeg\" \/>\n\t<meta property=\"og:image:width\" content=\"865\" \/>\n\t<meta property=\"og:image:height\" content=\"1223\" \/>\n\t<meta property=\"og:image:type\" content=\"image\/jpeg\" \/>\n<meta name=\"twitter:card\" content=\"summary_large_image\" \/>\n<script type=\"application\/ld+json\" class=\"yoast-schema-graph\">{\"@context\":\"https:\\\/\\\/schema.org\",\"@graph\":[{\"@type\":\"WebPage\",\"@id\":\"https:\\\/\\\/www.koonings.com\\\/fr\\\/product\\\/le-papillon-by-modeca-eliana\\\/\",\"url\":\"https:\\\/\\\/www.koonings.com\\\/fr\\\/product\\\/le-papillon-by-modeca-eliana\\\/\",\"name\":\"Le Papillon by Modeca Eliana | Koonings\",\"isPartOf\":{\"@id\":\"https:\\\/\\\/www.koonings.com\\\/fr\\\/#website\"},\"primaryImageOfPage\":{\"@id\":\"https:\\\/\\\/www.koonings.com\\\/fr\\\/product\\\/le-papillon-by-modeca-eliana\\\/#primaryimage\"},\"image\":{\"@id\":\"https:\\\/\\\/www.koonings.com\\\/fr\\\/product\\\/le-papillon-by-modeca-eliana\\\/#primaryimage\"},\"thumbnailUrl\":\"https:\\\/\\\/www.koonings.com\\\/wp-content\\\/uploads\\\/2024\\\/11\\\/40386_716ca175a305235158cfb4e1c65636cd4466f8dabc1f2651e5c8def265490b016f108267.jpeg\",\"datePublished\":\"2026-04-28T16:18:07+00:00\",\"description\":\"Eliana est une robe rayonnante de type A-line qui respire l'\u00e9l\u00e9gance intemporelle avec une touche de modernit\u00e9. La dentelle \u00e0 paillettes chatoyante orne le corsage, tandis que de fines bretelles d\u00e9licates orn\u00e9es d'\u00e9l\u00e9ments en dentelle soulignent gracieusement les \u00e9paules. La jupe en tulle \u00e9tincelante avec une doublure lat\u00e9rale ouverte des deux c\u00f4t\u00e9s ajoute une touche sexy, \u00e9quilibrant la sophistication avec une touche d'audace.\",\"breadcrumb\":{\"@id\":\"https:\\\/\\\/www.koonings.com\\\/fr\\\/product\\\/le-papillon-by-modeca-eliana\\\/#breadcrumb\"},\"inLanguage\":\"fr-FR\",\"potentialAction\":[{\"@type\":\"ReadAction\",\"target\":[\"https:\\\/\\\/www.koonings.com\\\/fr\\\/product\\\/le-papillon-by-modeca-eliana\\\/\"]}]},{\"@type\":\"ImageObject\",\"inLanguage\":\"fr-FR\",\"@id\":\"https:\\\/\\\/www.koonings.com\\\/fr\\\/product\\\/le-papillon-by-modeca-eliana\\\/#primaryimage\",\"url\":\"https:\\\/\\\/www.koonings.com\\\/wp-content\\\/uploads\\\/2024\\\/11\\\/40386_716ca175a305235158cfb4e1c65636cd4466f8dabc1f2651e5c8def265490b016f108267.jpeg\",\"contentUrl\":\"https:\\\/\\\/www.koonings.com\\\/wp-content\\\/uploads\\\/2024\\\/11\\\/40386_716ca175a305235158cfb4e1c65636cd4466f8dabc1f2651e5c8def265490b016f108267.jpeg\",\"width\":865,\"height\":1223},{\"@type\":\"BreadcrumbList\",\"@id\":\"https:\\\/\\\/www.koonings.com\\\/fr\\\/product\\\/le-papillon-by-modeca-eliana\\\/#breadcrumb\",\"itemListElement\":[{\"@type\":\"ListItem\",\"position\":1,\"name\":\"Home\",\"item\":\"https:\\\/\\\/www.koonings.com\\\/fr\\\/\"},{\"@type\":\"ListItem\",\"position\":2,\"name\":\"Le Papillon by Modeca Eliana\"}]},{\"@type\":\"WebSite\",\"@id\":\"https:\\\/\\\/www.koonings.com\\\/fr\\\/#website\",\"url\":\"https:\\\/\\\/www.koonings.com\\\/fr\\\/\",\"name\":\"Koonings\",\"description\":\"De grootste bruidsmodewinkel ter wereld\",\"publisher\":{\"@id\":\"https:\\\/\\\/www.koonings.com\\\/fr\\\/#organization\"},\"potentialAction\":[{\"@type\":\"SearchAction\",\"target\":{\"@type\":\"EntryPoint\",\"urlTemplate\":\"https:\\\/\\\/www.koonings.com\\\/fr\\\/?s={search_term_string}\"},\"query-input\":{\"@type\":\"PropertyValueSpecification\",\"valueRequired\":true,\"valueName\":\"search_term_string\"}}],\"inLanguage\":\"fr-FR\"},{\"@type\":\"Organization\",\"@id\":\"https:\\\/\\\/www.koonings.com\\\/fr\\\/#organization\",\"name\":\"Koonings\",\"url\":\"https:\\\/\\\/www.koonings.com\\\/fr\\\/\",\"logo\":{\"@type\":\"ImageObject\",\"inLanguage\":\"fr-FR\",\"@id\":\"https:\\\/\\\/www.koonings.com\\\/fr\\\/#\\\/schema\\\/logo\\\/image\\\/\",\"url\":\"https:\\\/\\\/www.koonings.com\\\/wp-content\\\/uploads\\\/2024\\\/07\\\/logo.png\",\"contentUrl\":\"https:\\\/\\\/www.koonings.com\\\/wp-content\\\/uploads\\\/2024\\\/07\\\/logo.png\",\"width\":600,\"height\":428,\"caption\":\"Koonings\"},\"image\":{\"@id\":\"https:\\\/\\\/www.koonings.com\\\/fr\\\/#\\\/schema\\\/logo\\\/image\\\/\"},\"sameAs\":[\"https:\\\/\\\/www.facebook.com\\\/kooningstheweddingpalace\",\"https:\\\/\\\/www.instagram.com\\\/kooningstheweddingpalace\",\"https:\\\/\\\/www.pinterest.com\\\/koonings\",\"https:\\\/\\\/www.youtube.com\\\/kooningstheweddingpalace\"]}]}<\/script>\n<!-- \/ Yoast SEO plugin. -->","yoast_head_json":{"title":"Le Papillon by Modeca Eliana | Koonings","description":"Eliana est une robe rayonnante de type A-line qui respire l'\u00e9l\u00e9gance intemporelle avec une touche de modernit\u00e9. La dentelle \u00e0 paillettes chatoyante orne le corsage, tandis que de fines bretelles d\u00e9licates orn\u00e9es d'\u00e9l\u00e9ments en dentelle soulignent gracieusement les \u00e9paules. La jupe en tulle \u00e9tincelante avec une doublure lat\u00e9rale ouverte des deux c\u00f4t\u00e9s ajoute une touche sexy, \u00e9quilibrant la sophistication avec une touche d'audace.","robots":{"index":"index","follow":"follow","max-snippet":"max-snippet:-1","max-image-preview":"max-image-preview:large","max-video-preview":"max-video-preview:-1"},"canonical":"https:\/\/www.koonings.com\/fr\/product\/le-papillon-by-modeca-eliana\/","og_locale":"fr_FR","og_type":"article","og_title":"Le Papillon by Modeca Eliana | Koonings","og_description":"Eliana est une robe rayonnante de type A-line qui respire l'\u00e9l\u00e9gance intemporelle avec une touche de modernit\u00e9. La dentelle \u00e0 paillettes chatoyante orne le corsage, tandis que de fines bretelles d\u00e9licates orn\u00e9es d'\u00e9l\u00e9ments en dentelle soulignent gracieusement les \u00e9paules. La jupe en tulle \u00e9tincelante avec une doublure lat\u00e9rale ouverte des deux c\u00f4t\u00e9s ajoute une touche sexy, \u00e9quilibrant la sophistication avec une touche d'audace.","og_url":"https:\/\/www.koonings.com\/fr\/product\/le-papillon-by-modeca-eliana\/","og_site_name":"Koonings","article_publisher":"https:\/\/www.facebook.com\/kooningstheweddingpalace","og_image":[{"width":865,"height":1223,"url":"https:\/\/www.koonings.com\/wp-content\/uploads\/2024\/11\/40386_716ca175a305235158cfb4e1c65636cd4466f8dabc1f2651e5c8def265490b016f108267.jpeg","type":"image\/jpeg"}],"twitter_card":"summary_large_image","schema":{"@context":"https:\/\/schema.org","@graph":[{"@type":"WebPage","@id":"https:\/\/www.koonings.com\/fr\/product\/le-papillon-by-modeca-eliana\/","url":"https:\/\/www.koonings.com\/fr\/product\/le-papillon-by-modeca-eliana\/","name":"Le Papillon by Modeca Eliana | Koonings","isPartOf":{"@id":"https:\/\/www.koonings.com\/fr\/#website"},"primaryImageOfPage":{"@id":"https:\/\/www.koonings.com\/fr\/product\/le-papillon-by-modeca-eliana\/#primaryimage"},"image":{"@id":"https:\/\/www.koonings.com\/fr\/product\/le-papillon-by-modeca-eliana\/#primaryimage"},"thumbnailUrl":"https:\/\/www.koonings.com\/wp-content\/uploads\/2024\/11\/40386_716ca175a305235158cfb4e1c65636cd4466f8dabc1f2651e5c8def265490b016f108267.jpeg","datePublished":"2026-04-28T16:18:07+00:00","description":"Eliana est une robe rayonnante de type A-line qui respire l'\u00e9l\u00e9gance intemporelle avec une touche de modernit\u00e9. La dentelle \u00e0 paillettes chatoyante orne le corsage, tandis que de fines bretelles d\u00e9licates orn\u00e9es d'\u00e9l\u00e9ments en dentelle soulignent gracieusement les \u00e9paules. La jupe en tulle \u00e9tincelante avec une doublure lat\u00e9rale ouverte des deux c\u00f4t\u00e9s ajoute une touche sexy, \u00e9quilibrant la sophistication avec une touche d'audace.","breadcrumb":{"@id":"https:\/\/www.koonings.com\/fr\/product\/le-papillon-by-modeca-eliana\/#breadcrumb"},"inLanguage":"fr-FR","potentialAction":[{"@type":"ReadAction","target":["https:\/\/www.koonings.com\/fr\/product\/le-papillon-by-modeca-eliana\/"]}]},{"@type":"ImageObject","inLanguage":"fr-FR","@id":"https:\/\/www.koonings.com\/fr\/product\/le-papillon-by-modeca-eliana\/#primaryimage","url":"https:\/\/www.koonings.com\/wp-content\/uploads\/2024\/11\/40386_716ca175a305235158cfb4e1c65636cd4466f8dabc1f2651e5c8def265490b016f108267.jpeg","contentUrl":"https:\/\/www.koonings.com\/wp-content\/uploads\/2024\/11\/40386_716ca175a305235158cfb4e1c65636cd4466f8dabc1f2651e5c8def265490b016f108267.jpeg","width":865,"height":1223},{"@type":"BreadcrumbList","@id":"https:\/\/www.koonings.com\/fr\/product\/le-papillon-by-modeca-eliana\/#breadcrumb","itemListElement":[{"@type":"ListItem","position":1,"name":"Home","item":"https:\/\/www.koonings.com\/fr\/"},{"@type":"ListItem","position":2,"name":"Le Papillon by Modeca Eliana"}]},{"@type":"WebSite","@id":"https:\/\/www.koonings.com\/fr\/#website","url":"https:\/\/www.koonings.com\/fr\/","name":"Koonings","description":"De grootste bruidsmodewinkel ter wereld","publisher":{"@id":"https:\/\/www.koonings.com\/fr\/#organization"},"potentialAction":[{"@type":"SearchAction","target":{"@type":"EntryPoint","urlTemplate":"https:\/\/www.koonings.com\/fr\/?s={search_term_string}"},"query-input":{"@type":"PropertyValueSpecification","valueRequired":true,"valueName":"search_term_string"}}],"inLanguage":"fr-FR"},{"@type":"Organization","@id":"https:\/\/www.koonings.com\/fr\/#organization","name":"Koonings","url":"https:\/\/www.koonings.com\/fr\/","logo":{"@type":"ImageObject","inLanguage":"fr-FR","@id":"https:\/\/www.koonings.com\/fr\/#\/schema\/logo\/image\/","url":"https:\/\/www.koonings.com\/wp-content\/uploads\/2024\/07\/logo.png","contentUrl":"https:\/\/www.koonings.com\/wp-content\/uploads\/2024\/07\/logo.png","width":600,"height":428,"caption":"Koonings"},"image":{"@id":"https:\/\/www.koonings.com\/fr\/#\/schema\/logo\/image\/"},"sameAs":["https:\/\/www.facebook.com\/kooningstheweddingpalace","https:\/\/www.instagram.com\/kooningstheweddingpalace","https:\/\/www.pinterest.com\/koonings","https:\/\/www.youtube.com\/kooningstheweddingpalace"]}]}},"_links":{"self":[{"href":"https:\/\/www.koonings.com\/fr\/wp-json\/wp\/v2\/product\/80174","targetHints":{"allow":["GET"]}}],"collection":[{"href":"https:\/\/www.koonings.com\/fr\/wp-json\/wp\/v2\/product"}],"about":[{"href":"https:\/\/www.koonings.com\/fr\/wp-json\/wp\/v2\/types\/product"}],"wp:featuredmedia":[{"embeddable":true,"href":"https:\/\/www.koonings.com\/fr\/wp-json\/wp\/v2\/media\/75829"}],"wp:attachment":[{"href":"https:\/\/www.koonings.com\/fr\/wp-json\/wp\/v2\/media?parent=80174"}],"wp:term":[{"taxonomy":"productdetails","embeddable":true,"href":"https:\/\/www.koonings.com\/fr\/wp-json\/wp\/v2\/productdetails?post=80174"},{"taxonomy":"productneck","embeddable":true,"href":"https:\/\/www.koonings.com\/fr\/wp-json\/wp\/v2\/productneck?post=80174"},{"taxonomy":"productcolor","embeddable":true,"href":"https:\/\/www.koonings.com\/fr\/wp-json\/wp\/v2\/productcolor?post=80174"},{"taxonomy":"maat","embeddable":true,"href":"https:\/\/www.koonings.com\/fr\/wp-json\/wp\/v2\/maat?post=80174"},{"taxonomy":"productsupplier","embeddable":true,"href":"https:\/\/www.koonings.com\/fr\/wp-json\/wp\/v2\/productsupplier?post=80174"},{"taxonomy":"productsleeve","embeddable":true,"href":"https:\/\/www.koonings.com\/fr\/wp-json\/wp\/v2\/productsleeve?post=80174"},{"taxonomy":"productcategory","embeddable":true,"href":"https:\/\/www.koonings.com\/fr\/wp-json\/wp\/v2\/productcategory?post=80174"},{"taxonomy":"productsilhouette","embeddable":true,"href":"https:\/\/www.koonings.com\/fr\/wp-json\/wp\/v2\/productsilhouette?post=80174"},{"taxonomy":"productstyle","embeddable":true,"href":"https:\/\/www.koonings.com\/fr\/wp-json\/wp\/v2\/productstyle?post=80174"}],"curies":[{"name":"wp","href":"https:\/\/api.w.org\/{rel}","templated":true}]}}