{"id":80172,"date":"2026-04-28T18:18:08","date_gmt":"2026-04-28T16:18:08","guid":{"rendered":"https:\/\/www.koonings.com\/product\/le-papillon-by-modeca-elba\/"},"modified":"2025-06-05T13:53:06","modified_gmt":"2025-06-05T11:53:06","slug":"le-papillon-by-modeca-elba","status":"publish","type":"product","link":"https:\/\/www.koonings.com\/fr\/product\/le-papillon-by-modeca-elba\/","title":{"rendered":"Le Papillon by Modeca Elba"},"content":{"rendered":"<p>Elba est une robe de r\u00eave de forme A qui respire la beaut\u00e9 \u00e9th\u00e9r\u00e9e et le charme romantique. L&#8217;encolure et les fines bretelles d&#8217;Elba sont orn\u00e9es de perles d\u00e9licates, ce qui ajoute une touche d&#8217;\u00e9l\u00e9gance et de sophistication \u00e0 votre look. Cette robe de tulle \u00e9tincelante est dot\u00e9e d&#8217;une ceinture perl\u00e9e \u00e0 la taille, qui souligne votre silhouette d&#8217;un \u00e9clat et d&#8217;une gr\u00e2ce subtils. Cette robe est \u00e9galement disponible en tulle uni &#8211; Elba-A.   <\/p>\n","protected":false},"featured_media":75863,"template":"","meta":{"_acf_changed":false,"ghostkit_customizer_options":"","ghostkit_custom_css":"","ghostkit_custom_js_head":"","ghostkit_custom_js_foot":"","ghostkit_typography":""},"productdetails":[378,381],"productneck":[355],"productcolor":[393,392],"maat":[],"productsupplier":[411],"productsleeve":[359],"productcategory":[18],"productsilhouette":[384],"productstyle":[366,370],"class_list":["post-80172","product","type-product","status-publish","has-post-thumbnail","hentry","productdetails-378","productdetails-381","productneck-355","productcolor-393","productcolor-392","productsupplier-le-papillon-by-modeca","productsleeve-359","productcategory-trouwjurken","productsilhouette-384","productstyle-366","productstyle-370"],"acf":[],"yoast_head":"<!-- This site is optimized with the Yoast SEO plugin v27.3 - https:\/\/yoast.com\/product\/yoast-seo-wordpress\/ -->\n<title>Le Papillon by Modeca Elba | Koonings<\/title>\n<meta name=\"description\" content=\"Elba est une robe de r\u00eave de forme A qui respire la beaut\u00e9 \u00e9th\u00e9r\u00e9e et le charme romantique. L&#039;encolure et les fines bretelles d&#039;Elba sont orn\u00e9es de perles d\u00e9licates, ce qui ajoute une touche d&#039;\u00e9l\u00e9gance et de sophistication \u00e0 votre look. Cette robe de tulle \u00e9tincelante est dot\u00e9e d&#039;une ceinture perl\u00e9e \u00e0 la taille, qui souligne votre silhouette d&#039;un \u00e9clat et d&#039;une gr\u00e2ce subtils. Cette robe est \u00e9galement disponible en tulle uni - Elba-A.\" \/>\n<meta name=\"robots\" content=\"index, follow, max-snippet:-1, max-image-preview:large, max-video-preview:-1\" \/>\n<link rel=\"canonical\" href=\"https:\/\/www.koonings.com\/fr\/product\/le-papillon-by-modeca-elba\/\" \/>\n<meta property=\"og:locale\" content=\"fr_FR\" \/>\n<meta property=\"og:type\" content=\"article\" \/>\n<meta property=\"og:title\" content=\"Le Papillon by Modeca Elba | Koonings\" \/>\n<meta property=\"og:description\" content=\"Elba est une robe de r\u00eave de forme A qui respire la beaut\u00e9 \u00e9th\u00e9r\u00e9e et le charme romantique. L&#039;encolure et les fines bretelles d&#039;Elba sont orn\u00e9es de perles d\u00e9licates, ce qui ajoute une touche d&#039;\u00e9l\u00e9gance et de sophistication \u00e0 votre look. Cette robe de tulle \u00e9tincelante est dot\u00e9e d&#039;une ceinture perl\u00e9e \u00e0 la taille, qui souligne votre silhouette d&#039;un \u00e9clat et d&#039;une gr\u00e2ce subtils. Cette robe est \u00e9galement disponible en tulle uni - Elba-A.\" \/>\n<meta property=\"og:url\" content=\"https:\/\/www.koonings.com\/fr\/product\/le-papillon-by-modeca-elba\/\" \/>\n<meta property=\"og:site_name\" content=\"Koonings\" \/>\n<meta property=\"article:publisher\" content=\"https:\/\/www.facebook.com\/kooningstheweddingpalace\" \/>\n<meta property=\"og:image\" content=\"https:\/\/www.koonings.com\/wp-content\/uploads\/2024\/11\/40389_e4411925c42769506d77d55ad4b653a57aa9591af74c2fb5d750f7e685adb03f696fd21d.jpeg\" \/>\n\t<meta property=\"og:image:width\" content=\"857\" \/>\n\t<meta property=\"og:image:height\" content=\"1212\" \/>\n\t<meta property=\"og:image:type\" content=\"image\/jpeg\" \/>\n<meta name=\"twitter:card\" content=\"summary_large_image\" \/>\n<script type=\"application\/ld+json\" class=\"yoast-schema-graph\">{\"@context\":\"https:\\\/\\\/schema.org\",\"@graph\":[{\"@type\":\"WebPage\",\"@id\":\"https:\\\/\\\/www.koonings.com\\\/fr\\\/product\\\/le-papillon-by-modeca-elba\\\/\",\"url\":\"https:\\\/\\\/www.koonings.com\\\/fr\\\/product\\\/le-papillon-by-modeca-elba\\\/\",\"name\":\"Le Papillon by Modeca Elba | Koonings\",\"isPartOf\":{\"@id\":\"https:\\\/\\\/www.koonings.com\\\/fr\\\/#website\"},\"primaryImageOfPage\":{\"@id\":\"https:\\\/\\\/www.koonings.com\\\/fr\\\/product\\\/le-papillon-by-modeca-elba\\\/#primaryimage\"},\"image\":{\"@id\":\"https:\\\/\\\/www.koonings.com\\\/fr\\\/product\\\/le-papillon-by-modeca-elba\\\/#primaryimage\"},\"thumbnailUrl\":\"https:\\\/\\\/www.koonings.com\\\/wp-content\\\/uploads\\\/2024\\\/11\\\/40389_e4411925c42769506d77d55ad4b653a57aa9591af74c2fb5d750f7e685adb03f696fd21d.jpeg\",\"datePublished\":\"2026-04-28T16:18:08+00:00\",\"description\":\"Elba est une robe de r\u00eave de forme A qui respire la beaut\u00e9 \u00e9th\u00e9r\u00e9e et le charme romantique. L'encolure et les fines bretelles d'Elba sont orn\u00e9es de perles d\u00e9licates, ce qui ajoute une touche d'\u00e9l\u00e9gance et de sophistication \u00e0 votre look. Cette robe de tulle \u00e9tincelante est dot\u00e9e d'une ceinture perl\u00e9e \u00e0 la taille, qui souligne votre silhouette d'un \u00e9clat et d'une gr\u00e2ce subtils. Cette robe est \u00e9galement disponible en tulle uni - Elba-A.\",\"breadcrumb\":{\"@id\":\"https:\\\/\\\/www.koonings.com\\\/fr\\\/product\\\/le-papillon-by-modeca-elba\\\/#breadcrumb\"},\"inLanguage\":\"fr-FR\",\"potentialAction\":[{\"@type\":\"ReadAction\",\"target\":[\"https:\\\/\\\/www.koonings.com\\\/fr\\\/product\\\/le-papillon-by-modeca-elba\\\/\"]}]},{\"@type\":\"ImageObject\",\"inLanguage\":\"fr-FR\",\"@id\":\"https:\\\/\\\/www.koonings.com\\\/fr\\\/product\\\/le-papillon-by-modeca-elba\\\/#primaryimage\",\"url\":\"https:\\\/\\\/www.koonings.com\\\/wp-content\\\/uploads\\\/2024\\\/11\\\/40389_e4411925c42769506d77d55ad4b653a57aa9591af74c2fb5d750f7e685adb03f696fd21d.jpeg\",\"contentUrl\":\"https:\\\/\\\/www.koonings.com\\\/wp-content\\\/uploads\\\/2024\\\/11\\\/40389_e4411925c42769506d77d55ad4b653a57aa9591af74c2fb5d750f7e685adb03f696fd21d.jpeg\",\"width\":857,\"height\":1212},{\"@type\":\"BreadcrumbList\",\"@id\":\"https:\\\/\\\/www.koonings.com\\\/fr\\\/product\\\/le-papillon-by-modeca-elba\\\/#breadcrumb\",\"itemListElement\":[{\"@type\":\"ListItem\",\"position\":1,\"name\":\"Home\",\"item\":\"https:\\\/\\\/www.koonings.com\\\/fr\\\/\"},{\"@type\":\"ListItem\",\"position\":2,\"name\":\"Le Papillon by Modeca Elba\"}]},{\"@type\":\"WebSite\",\"@id\":\"https:\\\/\\\/www.koonings.com\\\/fr\\\/#website\",\"url\":\"https:\\\/\\\/www.koonings.com\\\/fr\\\/\",\"name\":\"Koonings\",\"description\":\"De grootste bruidsmodewinkel ter wereld\",\"publisher\":{\"@id\":\"https:\\\/\\\/www.koonings.com\\\/fr\\\/#organization\"},\"potentialAction\":[{\"@type\":\"SearchAction\",\"target\":{\"@type\":\"EntryPoint\",\"urlTemplate\":\"https:\\\/\\\/www.koonings.com\\\/fr\\\/?s={search_term_string}\"},\"query-input\":{\"@type\":\"PropertyValueSpecification\",\"valueRequired\":true,\"valueName\":\"search_term_string\"}}],\"inLanguage\":\"fr-FR\"},{\"@type\":\"Organization\",\"@id\":\"https:\\\/\\\/www.koonings.com\\\/fr\\\/#organization\",\"name\":\"Koonings\",\"url\":\"https:\\\/\\\/www.koonings.com\\\/fr\\\/\",\"logo\":{\"@type\":\"ImageObject\",\"inLanguage\":\"fr-FR\",\"@id\":\"https:\\\/\\\/www.koonings.com\\\/fr\\\/#\\\/schema\\\/logo\\\/image\\\/\",\"url\":\"https:\\\/\\\/www.koonings.com\\\/wp-content\\\/uploads\\\/2024\\\/07\\\/logo.png\",\"contentUrl\":\"https:\\\/\\\/www.koonings.com\\\/wp-content\\\/uploads\\\/2024\\\/07\\\/logo.png\",\"width\":600,\"height\":428,\"caption\":\"Koonings\"},\"image\":{\"@id\":\"https:\\\/\\\/www.koonings.com\\\/fr\\\/#\\\/schema\\\/logo\\\/image\\\/\"},\"sameAs\":[\"https:\\\/\\\/www.facebook.com\\\/kooningstheweddingpalace\",\"https:\\\/\\\/www.instagram.com\\\/kooningstheweddingpalace\",\"https:\\\/\\\/www.pinterest.com\\\/koonings\",\"https:\\\/\\\/www.youtube.com\\\/kooningstheweddingpalace\"]}]}<\/script>\n<!-- \/ Yoast SEO plugin. -->","yoast_head_json":{"title":"Le Papillon by Modeca Elba | Koonings","description":"Elba est une robe de r\u00eave de forme A qui respire la beaut\u00e9 \u00e9th\u00e9r\u00e9e et le charme romantique. L'encolure et les fines bretelles d'Elba sont orn\u00e9es de perles d\u00e9licates, ce qui ajoute une touche d'\u00e9l\u00e9gance et de sophistication \u00e0 votre look. Cette robe de tulle \u00e9tincelante est dot\u00e9e d'une ceinture perl\u00e9e \u00e0 la taille, qui souligne votre silhouette d'un \u00e9clat et d'une gr\u00e2ce subtils. Cette robe est \u00e9galement disponible en tulle uni - Elba-A.","robots":{"index":"index","follow":"follow","max-snippet":"max-snippet:-1","max-image-preview":"max-image-preview:large","max-video-preview":"max-video-preview:-1"},"canonical":"https:\/\/www.koonings.com\/fr\/product\/le-papillon-by-modeca-elba\/","og_locale":"fr_FR","og_type":"article","og_title":"Le Papillon by Modeca Elba | Koonings","og_description":"Elba est une robe de r\u00eave de forme A qui respire la beaut\u00e9 \u00e9th\u00e9r\u00e9e et le charme romantique. L'encolure et les fines bretelles d'Elba sont orn\u00e9es de perles d\u00e9licates, ce qui ajoute une touche d'\u00e9l\u00e9gance et de sophistication \u00e0 votre look. Cette robe de tulle \u00e9tincelante est dot\u00e9e d'une ceinture perl\u00e9e \u00e0 la taille, qui souligne votre silhouette d'un \u00e9clat et d'une gr\u00e2ce subtils. Cette robe est \u00e9galement disponible en tulle uni - Elba-A.","og_url":"https:\/\/www.koonings.com\/fr\/product\/le-papillon-by-modeca-elba\/","og_site_name":"Koonings","article_publisher":"https:\/\/www.facebook.com\/kooningstheweddingpalace","og_image":[{"width":857,"height":1212,"url":"https:\/\/www.koonings.com\/wp-content\/uploads\/2024\/11\/40389_e4411925c42769506d77d55ad4b653a57aa9591af74c2fb5d750f7e685adb03f696fd21d.jpeg","type":"image\/jpeg"}],"twitter_card":"summary_large_image","schema":{"@context":"https:\/\/schema.org","@graph":[{"@type":"WebPage","@id":"https:\/\/www.koonings.com\/fr\/product\/le-papillon-by-modeca-elba\/","url":"https:\/\/www.koonings.com\/fr\/product\/le-papillon-by-modeca-elba\/","name":"Le Papillon by Modeca Elba | Koonings","isPartOf":{"@id":"https:\/\/www.koonings.com\/fr\/#website"},"primaryImageOfPage":{"@id":"https:\/\/www.koonings.com\/fr\/product\/le-papillon-by-modeca-elba\/#primaryimage"},"image":{"@id":"https:\/\/www.koonings.com\/fr\/product\/le-papillon-by-modeca-elba\/#primaryimage"},"thumbnailUrl":"https:\/\/www.koonings.com\/wp-content\/uploads\/2024\/11\/40389_e4411925c42769506d77d55ad4b653a57aa9591af74c2fb5d750f7e685adb03f696fd21d.jpeg","datePublished":"2026-04-28T16:18:08+00:00","description":"Elba est une robe de r\u00eave de forme A qui respire la beaut\u00e9 \u00e9th\u00e9r\u00e9e et le charme romantique. L'encolure et les fines bretelles d'Elba sont orn\u00e9es de perles d\u00e9licates, ce qui ajoute une touche d'\u00e9l\u00e9gance et de sophistication \u00e0 votre look. Cette robe de tulle \u00e9tincelante est dot\u00e9e d'une ceinture perl\u00e9e \u00e0 la taille, qui souligne votre silhouette d'un \u00e9clat et d'une gr\u00e2ce subtils. Cette robe est \u00e9galement disponible en tulle uni - Elba-A.","breadcrumb":{"@id":"https:\/\/www.koonings.com\/fr\/product\/le-papillon-by-modeca-elba\/#breadcrumb"},"inLanguage":"fr-FR","potentialAction":[{"@type":"ReadAction","target":["https:\/\/www.koonings.com\/fr\/product\/le-papillon-by-modeca-elba\/"]}]},{"@type":"ImageObject","inLanguage":"fr-FR","@id":"https:\/\/www.koonings.com\/fr\/product\/le-papillon-by-modeca-elba\/#primaryimage","url":"https:\/\/www.koonings.com\/wp-content\/uploads\/2024\/11\/40389_e4411925c42769506d77d55ad4b653a57aa9591af74c2fb5d750f7e685adb03f696fd21d.jpeg","contentUrl":"https:\/\/www.koonings.com\/wp-content\/uploads\/2024\/11\/40389_e4411925c42769506d77d55ad4b653a57aa9591af74c2fb5d750f7e685adb03f696fd21d.jpeg","width":857,"height":1212},{"@type":"BreadcrumbList","@id":"https:\/\/www.koonings.com\/fr\/product\/le-papillon-by-modeca-elba\/#breadcrumb","itemListElement":[{"@type":"ListItem","position":1,"name":"Home","item":"https:\/\/www.koonings.com\/fr\/"},{"@type":"ListItem","position":2,"name":"Le Papillon by Modeca Elba"}]},{"@type":"WebSite","@id":"https:\/\/www.koonings.com\/fr\/#website","url":"https:\/\/www.koonings.com\/fr\/","name":"Koonings","description":"De grootste bruidsmodewinkel ter wereld","publisher":{"@id":"https:\/\/www.koonings.com\/fr\/#organization"},"potentialAction":[{"@type":"SearchAction","target":{"@type":"EntryPoint","urlTemplate":"https:\/\/www.koonings.com\/fr\/?s={search_term_string}"},"query-input":{"@type":"PropertyValueSpecification","valueRequired":true,"valueName":"search_term_string"}}],"inLanguage":"fr-FR"},{"@type":"Organization","@id":"https:\/\/www.koonings.com\/fr\/#organization","name":"Koonings","url":"https:\/\/www.koonings.com\/fr\/","logo":{"@type":"ImageObject","inLanguage":"fr-FR","@id":"https:\/\/www.koonings.com\/fr\/#\/schema\/logo\/image\/","url":"https:\/\/www.koonings.com\/wp-content\/uploads\/2024\/07\/logo.png","contentUrl":"https:\/\/www.koonings.com\/wp-content\/uploads\/2024\/07\/logo.png","width":600,"height":428,"caption":"Koonings"},"image":{"@id":"https:\/\/www.koonings.com\/fr\/#\/schema\/logo\/image\/"},"sameAs":["https:\/\/www.facebook.com\/kooningstheweddingpalace","https:\/\/www.instagram.com\/kooningstheweddingpalace","https:\/\/www.pinterest.com\/koonings","https:\/\/www.youtube.com\/kooningstheweddingpalace"]}]}},"_links":{"self":[{"href":"https:\/\/www.koonings.com\/fr\/wp-json\/wp\/v2\/product\/80172","targetHints":{"allow":["GET"]}}],"collection":[{"href":"https:\/\/www.koonings.com\/fr\/wp-json\/wp\/v2\/product"}],"about":[{"href":"https:\/\/www.koonings.com\/fr\/wp-json\/wp\/v2\/types\/product"}],"wp:featuredmedia":[{"embeddable":true,"href":"https:\/\/www.koonings.com\/fr\/wp-json\/wp\/v2\/media\/75863"}],"wp:attachment":[{"href":"https:\/\/www.koonings.com\/fr\/wp-json\/wp\/v2\/media?parent=80172"}],"wp:term":[{"taxonomy":"productdetails","embeddable":true,"href":"https:\/\/www.koonings.com\/fr\/wp-json\/wp\/v2\/productdetails?post=80172"},{"taxonomy":"productneck","embeddable":true,"href":"https:\/\/www.koonings.com\/fr\/wp-json\/wp\/v2\/productneck?post=80172"},{"taxonomy":"productcolor","embeddable":true,"href":"https:\/\/www.koonings.com\/fr\/wp-json\/wp\/v2\/productcolor?post=80172"},{"taxonomy":"maat","embeddable":true,"href":"https:\/\/www.koonings.com\/fr\/wp-json\/wp\/v2\/maat?post=80172"},{"taxonomy":"productsupplier","embeddable":true,"href":"https:\/\/www.koonings.com\/fr\/wp-json\/wp\/v2\/productsupplier?post=80172"},{"taxonomy":"productsleeve","embeddable":true,"href":"https:\/\/www.koonings.com\/fr\/wp-json\/wp\/v2\/productsleeve?post=80172"},{"taxonomy":"productcategory","embeddable":true,"href":"https:\/\/www.koonings.com\/fr\/wp-json\/wp\/v2\/productcategory?post=80172"},{"taxonomy":"productsilhouette","embeddable":true,"href":"https:\/\/www.koonings.com\/fr\/wp-json\/wp\/v2\/productsilhouette?post=80172"},{"taxonomy":"productstyle","embeddable":true,"href":"https:\/\/www.koonings.com\/fr\/wp-json\/wp\/v2\/productstyle?post=80172"}],"curies":[{"name":"wp","href":"https:\/\/api.w.org\/{rel}","templated":true}]}}