{"id":80150,"date":"2025-12-15T00:30:14","date_gmt":"2025-12-14T23:30:14","guid":{"rendered":"https:\/\/www.koonings.com\/product\/fashion-queen-amera-vera-light-al127\/"},"modified":"2026-02-03T20:04:48","modified_gmt":"2026-02-03T19:04:48","slug":"fashion-queen-amera-vera-light-al127","status":"publish","type":"product","link":"https:\/\/www.koonings.com\/fr\/product\/fashion-queen-amera-vera-light-al127\/","title":{"rendered":"Fashion Queen Amera Vera Light AL127"},"content":{"rendered":"<p>Une robe de mari\u00e9e \u00e9l\u00e9gante qui allie luxe et sensualit\u00e9. Le design tombe doucement le long du corps et accentue les formes f\u00e9minines, tandis que la fente sophistiqu\u00e9e ajoute une touche de s\u00e9duction. Les tissus l\u00e9gers cr\u00e9ent une sensation de r\u00eave et de romantisme, tandis que les d\u00e9tails subtils conf\u00e8rent \u00e0 la robe un charme chic et intemporel. Parfaite pour la mari\u00e9e qui recherche un look \u00e0 la fois sophistiqu\u00e9 et audacieux, o\u00f9 elle se sentira \u00e0 la fois s\u00fbre d&#8217;elle et \u00e9blouissante le jour de son mariage.   <\/p>\n","protected":false},"featured_media":72786,"template":"","meta":{"_acf_changed":false,"ghostkit_customizer_options":"","ghostkit_custom_css":"","ghostkit_custom_js_head":"","ghostkit_custom_js_foot":"","ghostkit_typography":""},"productdetails":[378],"productneck":[355],"productcolor":[392],"maat":[],"productsupplier":[480],"productsleeve":[359],"productcategory":[18],"productsilhouette":[384,389],"productstyle":[365],"class_list":["post-80150","product","type-product","status-publish","has-post-thumbnail","hentry","productdetails-378","productneck-355","productcolor-392","productsupplier-fashion-queen","productsleeve-359","productcategory-trouwjurken","productsilhouette-384","productsilhouette-389","productstyle-365"],"acf":[],"yoast_head":"<!-- This site is optimized with the Yoast SEO plugin v27.3 - https:\/\/yoast.com\/product\/yoast-seo-wordpress\/ -->\n<title>Fashion Queen Amera Vera Light AL127 | Koonings<\/title>\n<meta name=\"description\" content=\"Une robe de mari\u00e9e \u00e9l\u00e9gante qui allie luxe et sensualit\u00e9. Le design tombe doucement le long du corps et accentue les formes f\u00e9minines, tandis que la fente sophistiqu\u00e9e ajoute une touche de s\u00e9duction. Les tissus l\u00e9gers cr\u00e9ent une sensation de r\u00eave et de romantisme, tandis que les d\u00e9tails subtils conf\u00e8rent \u00e0 la robe un charme chic et intemporel. Parfaite pour la mari\u00e9e qui recherche un look \u00e0 la fois sophistiqu\u00e9 et audacieux, o\u00f9 elle se sentira \u00e0 la fois s\u00fbre d&#039;elle et \u00e9blouissante le jour de son mariage.\" \/>\n<meta name=\"robots\" content=\"index, follow, max-snippet:-1, max-image-preview:large, max-video-preview:-1\" \/>\n<link rel=\"canonical\" href=\"https:\/\/www.koonings.com\/fr\/product\/fashion-queen-amera-vera-light-al127\/\" \/>\n<meta property=\"og:locale\" content=\"fr_FR\" \/>\n<meta property=\"og:type\" content=\"article\" \/>\n<meta property=\"og:title\" content=\"Fashion Queen Amera Vera Light AL127 | Koonings\" \/>\n<meta property=\"og:description\" content=\"Une robe de mari\u00e9e \u00e9l\u00e9gante qui allie luxe et sensualit\u00e9. Le design tombe doucement le long du corps et accentue les formes f\u00e9minines, tandis que la fente sophistiqu\u00e9e ajoute une touche de s\u00e9duction. Les tissus l\u00e9gers cr\u00e9ent une sensation de r\u00eave et de romantisme, tandis que les d\u00e9tails subtils conf\u00e8rent \u00e0 la robe un charme chic et intemporel. Parfaite pour la mari\u00e9e qui recherche un look \u00e0 la fois sophistiqu\u00e9 et audacieux, o\u00f9 elle se sentira \u00e0 la fois s\u00fbre d&#039;elle et \u00e9blouissante le jour de son mariage.\" \/>\n<meta property=\"og:url\" content=\"https:\/\/www.koonings.com\/fr\/product\/fashion-queen-amera-vera-light-al127\/\" \/>\n<meta property=\"og:site_name\" content=\"Koonings\" \/>\n<meta property=\"article:publisher\" content=\"https:\/\/www.facebook.com\/kooningstheweddingpalace\" \/>\n<meta property=\"article:modified_time\" content=\"2026-02-03T19:04:48+00:00\" \/>\n<meta property=\"og:image\" content=\"https:\/\/www.koonings.com\/wp-content\/uploads\/2024\/11\/40435_dc0861c579f1fa97337a01fed58ba64a15a76a89e286347ce536f3f7b101a365df94861a.jpeg\" \/>\n\t<meta property=\"og:image:width\" content=\"1361\" \/>\n\t<meta property=\"og:image:height\" content=\"1988\" \/>\n\t<meta property=\"og:image:type\" content=\"image\/jpeg\" \/>\n<meta name=\"twitter:card\" content=\"summary_large_image\" \/>\n<script type=\"application\/ld+json\" class=\"yoast-schema-graph\">{\"@context\":\"https:\\\/\\\/schema.org\",\"@graph\":[{\"@type\":\"WebPage\",\"@id\":\"https:\\\/\\\/www.koonings.com\\\/fr\\\/product\\\/fashion-queen-amera-vera-light-al127\\\/\",\"url\":\"https:\\\/\\\/www.koonings.com\\\/fr\\\/product\\\/fashion-queen-amera-vera-light-al127\\\/\",\"name\":\"Fashion Queen Amera Vera Light AL127 | Koonings\",\"isPartOf\":{\"@id\":\"https:\\\/\\\/www.koonings.com\\\/fr\\\/#website\"},\"primaryImageOfPage\":{\"@id\":\"https:\\\/\\\/www.koonings.com\\\/fr\\\/product\\\/fashion-queen-amera-vera-light-al127\\\/#primaryimage\"},\"image\":{\"@id\":\"https:\\\/\\\/www.koonings.com\\\/fr\\\/product\\\/fashion-queen-amera-vera-light-al127\\\/#primaryimage\"},\"thumbnailUrl\":\"https:\\\/\\\/www.koonings.com\\\/wp-content\\\/uploads\\\/2024\\\/11\\\/40435_dc0861c579f1fa97337a01fed58ba64a15a76a89e286347ce536f3f7b101a365df94861a.jpeg\",\"datePublished\":\"2025-12-14T23:30:14+00:00\",\"dateModified\":\"2026-02-03T19:04:48+00:00\",\"description\":\"Une robe de mari\u00e9e \u00e9l\u00e9gante qui allie luxe et sensualit\u00e9. Le design tombe doucement le long du corps et accentue les formes f\u00e9minines, tandis que la fente sophistiqu\u00e9e ajoute une touche de s\u00e9duction. Les tissus l\u00e9gers cr\u00e9ent une sensation de r\u00eave et de romantisme, tandis que les d\u00e9tails subtils conf\u00e8rent \u00e0 la robe un charme chic et intemporel. Parfaite pour la mari\u00e9e qui recherche un look \u00e0 la fois sophistiqu\u00e9 et audacieux, o\u00f9 elle se sentira \u00e0 la fois s\u00fbre d'elle et \u00e9blouissante le jour de son mariage.\",\"breadcrumb\":{\"@id\":\"https:\\\/\\\/www.koonings.com\\\/fr\\\/product\\\/fashion-queen-amera-vera-light-al127\\\/#breadcrumb\"},\"inLanguage\":\"fr-FR\",\"potentialAction\":[{\"@type\":\"ReadAction\",\"target\":[\"https:\\\/\\\/www.koonings.com\\\/fr\\\/product\\\/fashion-queen-amera-vera-light-al127\\\/\"]}]},{\"@type\":\"ImageObject\",\"inLanguage\":\"fr-FR\",\"@id\":\"https:\\\/\\\/www.koonings.com\\\/fr\\\/product\\\/fashion-queen-amera-vera-light-al127\\\/#primaryimage\",\"url\":\"https:\\\/\\\/www.koonings.com\\\/wp-content\\\/uploads\\\/2024\\\/11\\\/40435_dc0861c579f1fa97337a01fed58ba64a15a76a89e286347ce536f3f7b101a365df94861a.jpeg\",\"contentUrl\":\"https:\\\/\\\/www.koonings.com\\\/wp-content\\\/uploads\\\/2024\\\/11\\\/40435_dc0861c579f1fa97337a01fed58ba64a15a76a89e286347ce536f3f7b101a365df94861a.jpeg\",\"width\":1361,\"height\":1988},{\"@type\":\"BreadcrumbList\",\"@id\":\"https:\\\/\\\/www.koonings.com\\\/fr\\\/product\\\/fashion-queen-amera-vera-light-al127\\\/#breadcrumb\",\"itemListElement\":[{\"@type\":\"ListItem\",\"position\":1,\"name\":\"Home\",\"item\":\"https:\\\/\\\/www.koonings.com\\\/fr\\\/\"},{\"@type\":\"ListItem\",\"position\":2,\"name\":\"Fashion Queen Amera Vera Light AL127\"}]},{\"@type\":\"WebSite\",\"@id\":\"https:\\\/\\\/www.koonings.com\\\/fr\\\/#website\",\"url\":\"https:\\\/\\\/www.koonings.com\\\/fr\\\/\",\"name\":\"Koonings\",\"description\":\"De grootste bruidsmodewinkel ter wereld\",\"publisher\":{\"@id\":\"https:\\\/\\\/www.koonings.com\\\/fr\\\/#organization\"},\"potentialAction\":[{\"@type\":\"SearchAction\",\"target\":{\"@type\":\"EntryPoint\",\"urlTemplate\":\"https:\\\/\\\/www.koonings.com\\\/fr\\\/?s={search_term_string}\"},\"query-input\":{\"@type\":\"PropertyValueSpecification\",\"valueRequired\":true,\"valueName\":\"search_term_string\"}}],\"inLanguage\":\"fr-FR\"},{\"@type\":\"Organization\",\"@id\":\"https:\\\/\\\/www.koonings.com\\\/fr\\\/#organization\",\"name\":\"Koonings\",\"url\":\"https:\\\/\\\/www.koonings.com\\\/fr\\\/\",\"logo\":{\"@type\":\"ImageObject\",\"inLanguage\":\"fr-FR\",\"@id\":\"https:\\\/\\\/www.koonings.com\\\/fr\\\/#\\\/schema\\\/logo\\\/image\\\/\",\"url\":\"https:\\\/\\\/www.koonings.com\\\/wp-content\\\/uploads\\\/2024\\\/07\\\/logo.png\",\"contentUrl\":\"https:\\\/\\\/www.koonings.com\\\/wp-content\\\/uploads\\\/2024\\\/07\\\/logo.png\",\"width\":600,\"height\":428,\"caption\":\"Koonings\"},\"image\":{\"@id\":\"https:\\\/\\\/www.koonings.com\\\/fr\\\/#\\\/schema\\\/logo\\\/image\\\/\"},\"sameAs\":[\"https:\\\/\\\/www.facebook.com\\\/kooningstheweddingpalace\",\"https:\\\/\\\/www.instagram.com\\\/kooningstheweddingpalace\",\"https:\\\/\\\/www.pinterest.com\\\/koonings\",\"https:\\\/\\\/www.youtube.com\\\/kooningstheweddingpalace\"]}]}<\/script>\n<!-- \/ Yoast SEO plugin. -->","yoast_head_json":{"title":"Fashion Queen Amera Vera Light AL127 | Koonings","description":"Une robe de mari\u00e9e \u00e9l\u00e9gante qui allie luxe et sensualit\u00e9. Le design tombe doucement le long du corps et accentue les formes f\u00e9minines, tandis que la fente sophistiqu\u00e9e ajoute une touche de s\u00e9duction. Les tissus l\u00e9gers cr\u00e9ent une sensation de r\u00eave et de romantisme, tandis que les d\u00e9tails subtils conf\u00e8rent \u00e0 la robe un charme chic et intemporel. Parfaite pour la mari\u00e9e qui recherche un look \u00e0 la fois sophistiqu\u00e9 et audacieux, o\u00f9 elle se sentira \u00e0 la fois s\u00fbre d'elle et \u00e9blouissante le jour de son mariage.","robots":{"index":"index","follow":"follow","max-snippet":"max-snippet:-1","max-image-preview":"max-image-preview:large","max-video-preview":"max-video-preview:-1"},"canonical":"https:\/\/www.koonings.com\/fr\/product\/fashion-queen-amera-vera-light-al127\/","og_locale":"fr_FR","og_type":"article","og_title":"Fashion Queen Amera Vera Light AL127 | Koonings","og_description":"Une robe de mari\u00e9e \u00e9l\u00e9gante qui allie luxe et sensualit\u00e9. Le design tombe doucement le long du corps et accentue les formes f\u00e9minines, tandis que la fente sophistiqu\u00e9e ajoute une touche de s\u00e9duction. Les tissus l\u00e9gers cr\u00e9ent une sensation de r\u00eave et de romantisme, tandis que les d\u00e9tails subtils conf\u00e8rent \u00e0 la robe un charme chic et intemporel. Parfaite pour la mari\u00e9e qui recherche un look \u00e0 la fois sophistiqu\u00e9 et audacieux, o\u00f9 elle se sentira \u00e0 la fois s\u00fbre d'elle et \u00e9blouissante le jour de son mariage.","og_url":"https:\/\/www.koonings.com\/fr\/product\/fashion-queen-amera-vera-light-al127\/","og_site_name":"Koonings","article_publisher":"https:\/\/www.facebook.com\/kooningstheweddingpalace","article_modified_time":"2026-02-03T19:04:48+00:00","og_image":[{"width":1361,"height":1988,"url":"https:\/\/www.koonings.com\/wp-content\/uploads\/2024\/11\/40435_dc0861c579f1fa97337a01fed58ba64a15a76a89e286347ce536f3f7b101a365df94861a.jpeg","type":"image\/jpeg"}],"twitter_card":"summary_large_image","schema":{"@context":"https:\/\/schema.org","@graph":[{"@type":"WebPage","@id":"https:\/\/www.koonings.com\/fr\/product\/fashion-queen-amera-vera-light-al127\/","url":"https:\/\/www.koonings.com\/fr\/product\/fashion-queen-amera-vera-light-al127\/","name":"Fashion Queen Amera Vera Light AL127 | Koonings","isPartOf":{"@id":"https:\/\/www.koonings.com\/fr\/#website"},"primaryImageOfPage":{"@id":"https:\/\/www.koonings.com\/fr\/product\/fashion-queen-amera-vera-light-al127\/#primaryimage"},"image":{"@id":"https:\/\/www.koonings.com\/fr\/product\/fashion-queen-amera-vera-light-al127\/#primaryimage"},"thumbnailUrl":"https:\/\/www.koonings.com\/wp-content\/uploads\/2024\/11\/40435_dc0861c579f1fa97337a01fed58ba64a15a76a89e286347ce536f3f7b101a365df94861a.jpeg","datePublished":"2025-12-14T23:30:14+00:00","dateModified":"2026-02-03T19:04:48+00:00","description":"Une robe de mari\u00e9e \u00e9l\u00e9gante qui allie luxe et sensualit\u00e9. Le design tombe doucement le long du corps et accentue les formes f\u00e9minines, tandis que la fente sophistiqu\u00e9e ajoute une touche de s\u00e9duction. Les tissus l\u00e9gers cr\u00e9ent une sensation de r\u00eave et de romantisme, tandis que les d\u00e9tails subtils conf\u00e8rent \u00e0 la robe un charme chic et intemporel. Parfaite pour la mari\u00e9e qui recherche un look \u00e0 la fois sophistiqu\u00e9 et audacieux, o\u00f9 elle se sentira \u00e0 la fois s\u00fbre d'elle et \u00e9blouissante le jour de son mariage.","breadcrumb":{"@id":"https:\/\/www.koonings.com\/fr\/product\/fashion-queen-amera-vera-light-al127\/#breadcrumb"},"inLanguage":"fr-FR","potentialAction":[{"@type":"ReadAction","target":["https:\/\/www.koonings.com\/fr\/product\/fashion-queen-amera-vera-light-al127\/"]}]},{"@type":"ImageObject","inLanguage":"fr-FR","@id":"https:\/\/www.koonings.com\/fr\/product\/fashion-queen-amera-vera-light-al127\/#primaryimage","url":"https:\/\/www.koonings.com\/wp-content\/uploads\/2024\/11\/40435_dc0861c579f1fa97337a01fed58ba64a15a76a89e286347ce536f3f7b101a365df94861a.jpeg","contentUrl":"https:\/\/www.koonings.com\/wp-content\/uploads\/2024\/11\/40435_dc0861c579f1fa97337a01fed58ba64a15a76a89e286347ce536f3f7b101a365df94861a.jpeg","width":1361,"height":1988},{"@type":"BreadcrumbList","@id":"https:\/\/www.koonings.com\/fr\/product\/fashion-queen-amera-vera-light-al127\/#breadcrumb","itemListElement":[{"@type":"ListItem","position":1,"name":"Home","item":"https:\/\/www.koonings.com\/fr\/"},{"@type":"ListItem","position":2,"name":"Fashion Queen Amera Vera Light AL127"}]},{"@type":"WebSite","@id":"https:\/\/www.koonings.com\/fr\/#website","url":"https:\/\/www.koonings.com\/fr\/","name":"Koonings","description":"De grootste bruidsmodewinkel ter wereld","publisher":{"@id":"https:\/\/www.koonings.com\/fr\/#organization"},"potentialAction":[{"@type":"SearchAction","target":{"@type":"EntryPoint","urlTemplate":"https:\/\/www.koonings.com\/fr\/?s={search_term_string}"},"query-input":{"@type":"PropertyValueSpecification","valueRequired":true,"valueName":"search_term_string"}}],"inLanguage":"fr-FR"},{"@type":"Organization","@id":"https:\/\/www.koonings.com\/fr\/#organization","name":"Koonings","url":"https:\/\/www.koonings.com\/fr\/","logo":{"@type":"ImageObject","inLanguage":"fr-FR","@id":"https:\/\/www.koonings.com\/fr\/#\/schema\/logo\/image\/","url":"https:\/\/www.koonings.com\/wp-content\/uploads\/2024\/07\/logo.png","contentUrl":"https:\/\/www.koonings.com\/wp-content\/uploads\/2024\/07\/logo.png","width":600,"height":428,"caption":"Koonings"},"image":{"@id":"https:\/\/www.koonings.com\/fr\/#\/schema\/logo\/image\/"},"sameAs":["https:\/\/www.facebook.com\/kooningstheweddingpalace","https:\/\/www.instagram.com\/kooningstheweddingpalace","https:\/\/www.pinterest.com\/koonings","https:\/\/www.youtube.com\/kooningstheweddingpalace"]}]}},"_links":{"self":[{"href":"https:\/\/www.koonings.com\/fr\/wp-json\/wp\/v2\/product\/80150","targetHints":{"allow":["GET"]}}],"collection":[{"href":"https:\/\/www.koonings.com\/fr\/wp-json\/wp\/v2\/product"}],"about":[{"href":"https:\/\/www.koonings.com\/fr\/wp-json\/wp\/v2\/types\/product"}],"wp:featuredmedia":[{"embeddable":true,"href":"https:\/\/www.koonings.com\/fr\/wp-json\/wp\/v2\/media\/72786"}],"wp:attachment":[{"href":"https:\/\/www.koonings.com\/fr\/wp-json\/wp\/v2\/media?parent=80150"}],"wp:term":[{"taxonomy":"productdetails","embeddable":true,"href":"https:\/\/www.koonings.com\/fr\/wp-json\/wp\/v2\/productdetails?post=80150"},{"taxonomy":"productneck","embeddable":true,"href":"https:\/\/www.koonings.com\/fr\/wp-json\/wp\/v2\/productneck?post=80150"},{"taxonomy":"productcolor","embeddable":true,"href":"https:\/\/www.koonings.com\/fr\/wp-json\/wp\/v2\/productcolor?post=80150"},{"taxonomy":"maat","embeddable":true,"href":"https:\/\/www.koonings.com\/fr\/wp-json\/wp\/v2\/maat?post=80150"},{"taxonomy":"productsupplier","embeddable":true,"href":"https:\/\/www.koonings.com\/fr\/wp-json\/wp\/v2\/productsupplier?post=80150"},{"taxonomy":"productsleeve","embeddable":true,"href":"https:\/\/www.koonings.com\/fr\/wp-json\/wp\/v2\/productsleeve?post=80150"},{"taxonomy":"productcategory","embeddable":true,"href":"https:\/\/www.koonings.com\/fr\/wp-json\/wp\/v2\/productcategory?post=80150"},{"taxonomy":"productsilhouette","embeddable":true,"href":"https:\/\/www.koonings.com\/fr\/wp-json\/wp\/v2\/productsilhouette?post=80150"},{"taxonomy":"productstyle","embeddable":true,"href":"https:\/\/www.koonings.com\/fr\/wp-json\/wp\/v2\/productstyle?post=80150"}],"curies":[{"name":"wp","href":"https:\/\/api.w.org\/{rel}","templated":true}]}}