{"id":80126,"date":"2025-12-15T00:46:25","date_gmt":"2025-12-14T23:46:25","guid":{"rendered":"https:\/\/www.koonings.com\/product\/fashion-queen-amera-vera-light-al124\/"},"modified":"2026-02-03T20:05:16","modified_gmt":"2026-02-03T19:05:16","slug":"fashion-queen-amera-vera-light-al124","status":"publish","type":"product","link":"https:\/\/www.koonings.com\/fr\/product\/fashion-queen-amera-vera-light-al124\/","title":{"rendered":"Fashion Queen Amera Vera Light AL124"},"content":{"rendered":"<p>L&#8217;Amera Vera Light AL124 de Fashion Queen est une robe de mari\u00e9e sophistiqu\u00e9e qui respire l&#8217;\u00e9l\u00e9gance et le luxe. Le design offre une belle silhouette, les tissus l\u00e9gers tombant doucement le long du corps pour un effet gracieux. Les d\u00e9tails subtils et la confection raffin\u00e9e cr\u00e9ent un look intemporel, parfait pour la mari\u00e9e qui veut \u00eatre \u00e0 la fois romantique et \u00e9l\u00e9gante. Cette robe offre un \u00e9quilibre parfait entre confort et beaut\u00e9, vous laissant confiante et rayonnante tout au long de la journ\u00e9e.   <\/p>\n","protected":false},"featured_media":72888,"template":"","meta":{"_acf_changed":false,"ghostkit_customizer_options":"","ghostkit_custom_css":"","ghostkit_custom_js_head":"","ghostkit_custom_js_foot":"","ghostkit_typography":""},"productdetails":[],"productneck":[354],"productcolor":[392],"maat":[],"productsupplier":[480],"productsleeve":[],"productcategory":[18],"productsilhouette":[387,389],"productstyle":[365,371],"class_list":["post-80126","product","type-product","status-publish","has-post-thumbnail","hentry","productneck-354","productcolor-392","productsupplier-fashion-queen","productcategory-trouwjurken","productsilhouette-387","productsilhouette-389","productstyle-365","productstyle-371"],"acf":[],"yoast_head":"<!-- This site is optimized with the Yoast SEO plugin v27.3 - https:\/\/yoast.com\/product\/yoast-seo-wordpress\/ -->\n<title>Fashion Queen Amera Vera Light AL124 | Koonings<\/title>\n<meta name=\"description\" content=\"L&#039;Amera Vera Light AL124 de Fashion Queen est une robe de mari\u00e9e sophistiqu\u00e9e qui respire l&#039;\u00e9l\u00e9gance et le luxe. Le design offre une belle silhouette, les tissus l\u00e9gers tombant doucement le long du corps pour un effet gracieux. Les d\u00e9tails subtils et la confection raffin\u00e9e cr\u00e9ent un look intemporel, parfait pour la mari\u00e9e qui veut \u00eatre \u00e0 la fois romantique et \u00e9l\u00e9gante. Cette robe offre un \u00e9quilibre parfait entre confort et beaut\u00e9, vous laissant confiante et rayonnante tout au long de la journ\u00e9e.\" \/>\n<meta name=\"robots\" content=\"index, follow, max-snippet:-1, max-image-preview:large, max-video-preview:-1\" \/>\n<link rel=\"canonical\" href=\"https:\/\/www.koonings.com\/fr\/product\/fashion-queen-amera-vera-light-al124\/\" \/>\n<meta property=\"og:locale\" content=\"fr_FR\" \/>\n<meta property=\"og:type\" content=\"article\" \/>\n<meta property=\"og:title\" content=\"Fashion Queen Amera Vera Light AL124 | Koonings\" \/>\n<meta property=\"og:description\" content=\"L&#039;Amera Vera Light AL124 de Fashion Queen est une robe de mari\u00e9e sophistiqu\u00e9e qui respire l&#039;\u00e9l\u00e9gance et le luxe. Le design offre une belle silhouette, les tissus l\u00e9gers tombant doucement le long du corps pour un effet gracieux. Les d\u00e9tails subtils et la confection raffin\u00e9e cr\u00e9ent un look intemporel, parfait pour la mari\u00e9e qui veut \u00eatre \u00e0 la fois romantique et \u00e9l\u00e9gante. Cette robe offre un \u00e9quilibre parfait entre confort et beaut\u00e9, vous laissant confiante et rayonnante tout au long de la journ\u00e9e.\" \/>\n<meta property=\"og:url\" content=\"https:\/\/www.koonings.com\/fr\/product\/fashion-queen-amera-vera-light-al124\/\" \/>\n<meta property=\"og:site_name\" content=\"Koonings\" \/>\n<meta property=\"article:publisher\" content=\"https:\/\/www.facebook.com\/kooningstheweddingpalace\" \/>\n<meta property=\"article:modified_time\" content=\"2026-02-03T19:05:16+00:00\" \/>\n<meta property=\"og:image\" content=\"https:\/\/www.koonings.com\/wp-content\/uploads\/2024\/11\/49173_de3119b6534c432e2308fed403d470e03d0990ed7d8576a1c208a6109bc3a7c02827987e-scaled.jpeg\" \/>\n\t<meta property=\"og:image:width\" content=\"1784\" \/>\n\t<meta property=\"og:image:height\" content=\"2560\" \/>\n\t<meta property=\"og:image:type\" content=\"image\/jpeg\" \/>\n<meta name=\"twitter:card\" content=\"summary_large_image\" \/>\n<script type=\"application\/ld+json\" class=\"yoast-schema-graph\">{\"@context\":\"https:\\\/\\\/schema.org\",\"@graph\":[{\"@type\":\"WebPage\",\"@id\":\"https:\\\/\\\/www.koonings.com\\\/fr\\\/product\\\/fashion-queen-amera-vera-light-al124\\\/\",\"url\":\"https:\\\/\\\/www.koonings.com\\\/fr\\\/product\\\/fashion-queen-amera-vera-light-al124\\\/\",\"name\":\"Fashion Queen Amera Vera Light AL124 | Koonings\",\"isPartOf\":{\"@id\":\"https:\\\/\\\/www.koonings.com\\\/fr\\\/#website\"},\"primaryImageOfPage\":{\"@id\":\"https:\\\/\\\/www.koonings.com\\\/fr\\\/product\\\/fashion-queen-amera-vera-light-al124\\\/#primaryimage\"},\"image\":{\"@id\":\"https:\\\/\\\/www.koonings.com\\\/fr\\\/product\\\/fashion-queen-amera-vera-light-al124\\\/#primaryimage\"},\"thumbnailUrl\":\"https:\\\/\\\/www.koonings.com\\\/wp-content\\\/uploads\\\/2024\\\/11\\\/49173_de3119b6534c432e2308fed403d470e03d0990ed7d8576a1c208a6109bc3a7c02827987e-scaled.jpeg\",\"datePublished\":\"2025-12-14T23:46:25+00:00\",\"dateModified\":\"2026-02-03T19:05:16+00:00\",\"description\":\"L'Amera Vera Light AL124 de Fashion Queen est une robe de mari\u00e9e sophistiqu\u00e9e qui respire l'\u00e9l\u00e9gance et le luxe. Le design offre une belle silhouette, les tissus l\u00e9gers tombant doucement le long du corps pour un effet gracieux. Les d\u00e9tails subtils et la confection raffin\u00e9e cr\u00e9ent un look intemporel, parfait pour la mari\u00e9e qui veut \u00eatre \u00e0 la fois romantique et \u00e9l\u00e9gante. Cette robe offre un \u00e9quilibre parfait entre confort et beaut\u00e9, vous laissant confiante et rayonnante tout au long de la journ\u00e9e.\",\"breadcrumb\":{\"@id\":\"https:\\\/\\\/www.koonings.com\\\/fr\\\/product\\\/fashion-queen-amera-vera-light-al124\\\/#breadcrumb\"},\"inLanguage\":\"fr-FR\",\"potentialAction\":[{\"@type\":\"ReadAction\",\"target\":[\"https:\\\/\\\/www.koonings.com\\\/fr\\\/product\\\/fashion-queen-amera-vera-light-al124\\\/\"]}]},{\"@type\":\"ImageObject\",\"inLanguage\":\"fr-FR\",\"@id\":\"https:\\\/\\\/www.koonings.com\\\/fr\\\/product\\\/fashion-queen-amera-vera-light-al124\\\/#primaryimage\",\"url\":\"https:\\\/\\\/www.koonings.com\\\/wp-content\\\/uploads\\\/2024\\\/11\\\/49173_de3119b6534c432e2308fed403d470e03d0990ed7d8576a1c208a6109bc3a7c02827987e-scaled.jpeg\",\"contentUrl\":\"https:\\\/\\\/www.koonings.com\\\/wp-content\\\/uploads\\\/2024\\\/11\\\/49173_de3119b6534c432e2308fed403d470e03d0990ed7d8576a1c208a6109bc3a7c02827987e-scaled.jpeg\",\"width\":1784,\"height\":2560},{\"@type\":\"BreadcrumbList\",\"@id\":\"https:\\\/\\\/www.koonings.com\\\/fr\\\/product\\\/fashion-queen-amera-vera-light-al124\\\/#breadcrumb\",\"itemListElement\":[{\"@type\":\"ListItem\",\"position\":1,\"name\":\"Home\",\"item\":\"https:\\\/\\\/www.koonings.com\\\/fr\\\/\"},{\"@type\":\"ListItem\",\"position\":2,\"name\":\"Fashion Queen Amera Vera Light AL124\"}]},{\"@type\":\"WebSite\",\"@id\":\"https:\\\/\\\/www.koonings.com\\\/fr\\\/#website\",\"url\":\"https:\\\/\\\/www.koonings.com\\\/fr\\\/\",\"name\":\"Koonings\",\"description\":\"De grootste bruidsmodewinkel ter wereld\",\"publisher\":{\"@id\":\"https:\\\/\\\/www.koonings.com\\\/fr\\\/#organization\"},\"potentialAction\":[{\"@type\":\"SearchAction\",\"target\":{\"@type\":\"EntryPoint\",\"urlTemplate\":\"https:\\\/\\\/www.koonings.com\\\/fr\\\/?s={search_term_string}\"},\"query-input\":{\"@type\":\"PropertyValueSpecification\",\"valueRequired\":true,\"valueName\":\"search_term_string\"}}],\"inLanguage\":\"fr-FR\"},{\"@type\":\"Organization\",\"@id\":\"https:\\\/\\\/www.koonings.com\\\/fr\\\/#organization\",\"name\":\"Koonings\",\"url\":\"https:\\\/\\\/www.koonings.com\\\/fr\\\/\",\"logo\":{\"@type\":\"ImageObject\",\"inLanguage\":\"fr-FR\",\"@id\":\"https:\\\/\\\/www.koonings.com\\\/fr\\\/#\\\/schema\\\/logo\\\/image\\\/\",\"url\":\"https:\\\/\\\/www.koonings.com\\\/wp-content\\\/uploads\\\/2024\\\/07\\\/logo.png\",\"contentUrl\":\"https:\\\/\\\/www.koonings.com\\\/wp-content\\\/uploads\\\/2024\\\/07\\\/logo.png\",\"width\":600,\"height\":428,\"caption\":\"Koonings\"},\"image\":{\"@id\":\"https:\\\/\\\/www.koonings.com\\\/fr\\\/#\\\/schema\\\/logo\\\/image\\\/\"},\"sameAs\":[\"https:\\\/\\\/www.facebook.com\\\/kooningstheweddingpalace\",\"https:\\\/\\\/www.instagram.com\\\/kooningstheweddingpalace\",\"https:\\\/\\\/www.pinterest.com\\\/koonings\",\"https:\\\/\\\/www.youtube.com\\\/kooningstheweddingpalace\"]}]}<\/script>\n<!-- \/ Yoast SEO plugin. -->","yoast_head_json":{"title":"Fashion Queen Amera Vera Light AL124 | Koonings","description":"L'Amera Vera Light AL124 de Fashion Queen est une robe de mari\u00e9e sophistiqu\u00e9e qui respire l'\u00e9l\u00e9gance et le luxe. Le design offre une belle silhouette, les tissus l\u00e9gers tombant doucement le long du corps pour un effet gracieux. Les d\u00e9tails subtils et la confection raffin\u00e9e cr\u00e9ent un look intemporel, parfait pour la mari\u00e9e qui veut \u00eatre \u00e0 la fois romantique et \u00e9l\u00e9gante. Cette robe offre un \u00e9quilibre parfait entre confort et beaut\u00e9, vous laissant confiante et rayonnante tout au long de la journ\u00e9e.","robots":{"index":"index","follow":"follow","max-snippet":"max-snippet:-1","max-image-preview":"max-image-preview:large","max-video-preview":"max-video-preview:-1"},"canonical":"https:\/\/www.koonings.com\/fr\/product\/fashion-queen-amera-vera-light-al124\/","og_locale":"fr_FR","og_type":"article","og_title":"Fashion Queen Amera Vera Light AL124 | Koonings","og_description":"L'Amera Vera Light AL124 de Fashion Queen est une robe de mari\u00e9e sophistiqu\u00e9e qui respire l'\u00e9l\u00e9gance et le luxe. Le design offre une belle silhouette, les tissus l\u00e9gers tombant doucement le long du corps pour un effet gracieux. Les d\u00e9tails subtils et la confection raffin\u00e9e cr\u00e9ent un look intemporel, parfait pour la mari\u00e9e qui veut \u00eatre \u00e0 la fois romantique et \u00e9l\u00e9gante. Cette robe offre un \u00e9quilibre parfait entre confort et beaut\u00e9, vous laissant confiante et rayonnante tout au long de la journ\u00e9e.","og_url":"https:\/\/www.koonings.com\/fr\/product\/fashion-queen-amera-vera-light-al124\/","og_site_name":"Koonings","article_publisher":"https:\/\/www.facebook.com\/kooningstheweddingpalace","article_modified_time":"2026-02-03T19:05:16+00:00","og_image":[{"width":1784,"height":2560,"url":"https:\/\/www.koonings.com\/wp-content\/uploads\/2024\/11\/49173_de3119b6534c432e2308fed403d470e03d0990ed7d8576a1c208a6109bc3a7c02827987e-scaled.jpeg","type":"image\/jpeg"}],"twitter_card":"summary_large_image","schema":{"@context":"https:\/\/schema.org","@graph":[{"@type":"WebPage","@id":"https:\/\/www.koonings.com\/fr\/product\/fashion-queen-amera-vera-light-al124\/","url":"https:\/\/www.koonings.com\/fr\/product\/fashion-queen-amera-vera-light-al124\/","name":"Fashion Queen Amera Vera Light AL124 | Koonings","isPartOf":{"@id":"https:\/\/www.koonings.com\/fr\/#website"},"primaryImageOfPage":{"@id":"https:\/\/www.koonings.com\/fr\/product\/fashion-queen-amera-vera-light-al124\/#primaryimage"},"image":{"@id":"https:\/\/www.koonings.com\/fr\/product\/fashion-queen-amera-vera-light-al124\/#primaryimage"},"thumbnailUrl":"https:\/\/www.koonings.com\/wp-content\/uploads\/2024\/11\/49173_de3119b6534c432e2308fed403d470e03d0990ed7d8576a1c208a6109bc3a7c02827987e-scaled.jpeg","datePublished":"2025-12-14T23:46:25+00:00","dateModified":"2026-02-03T19:05:16+00:00","description":"L'Amera Vera Light AL124 de Fashion Queen est une robe de mari\u00e9e sophistiqu\u00e9e qui respire l'\u00e9l\u00e9gance et le luxe. Le design offre une belle silhouette, les tissus l\u00e9gers tombant doucement le long du corps pour un effet gracieux. Les d\u00e9tails subtils et la confection raffin\u00e9e cr\u00e9ent un look intemporel, parfait pour la mari\u00e9e qui veut \u00eatre \u00e0 la fois romantique et \u00e9l\u00e9gante. Cette robe offre un \u00e9quilibre parfait entre confort et beaut\u00e9, vous laissant confiante et rayonnante tout au long de la journ\u00e9e.","breadcrumb":{"@id":"https:\/\/www.koonings.com\/fr\/product\/fashion-queen-amera-vera-light-al124\/#breadcrumb"},"inLanguage":"fr-FR","potentialAction":[{"@type":"ReadAction","target":["https:\/\/www.koonings.com\/fr\/product\/fashion-queen-amera-vera-light-al124\/"]}]},{"@type":"ImageObject","inLanguage":"fr-FR","@id":"https:\/\/www.koonings.com\/fr\/product\/fashion-queen-amera-vera-light-al124\/#primaryimage","url":"https:\/\/www.koonings.com\/wp-content\/uploads\/2024\/11\/49173_de3119b6534c432e2308fed403d470e03d0990ed7d8576a1c208a6109bc3a7c02827987e-scaled.jpeg","contentUrl":"https:\/\/www.koonings.com\/wp-content\/uploads\/2024\/11\/49173_de3119b6534c432e2308fed403d470e03d0990ed7d8576a1c208a6109bc3a7c02827987e-scaled.jpeg","width":1784,"height":2560},{"@type":"BreadcrumbList","@id":"https:\/\/www.koonings.com\/fr\/product\/fashion-queen-amera-vera-light-al124\/#breadcrumb","itemListElement":[{"@type":"ListItem","position":1,"name":"Home","item":"https:\/\/www.koonings.com\/fr\/"},{"@type":"ListItem","position":2,"name":"Fashion Queen Amera Vera Light AL124"}]},{"@type":"WebSite","@id":"https:\/\/www.koonings.com\/fr\/#website","url":"https:\/\/www.koonings.com\/fr\/","name":"Koonings","description":"De grootste bruidsmodewinkel ter wereld","publisher":{"@id":"https:\/\/www.koonings.com\/fr\/#organization"},"potentialAction":[{"@type":"SearchAction","target":{"@type":"EntryPoint","urlTemplate":"https:\/\/www.koonings.com\/fr\/?s={search_term_string}"},"query-input":{"@type":"PropertyValueSpecification","valueRequired":true,"valueName":"search_term_string"}}],"inLanguage":"fr-FR"},{"@type":"Organization","@id":"https:\/\/www.koonings.com\/fr\/#organization","name":"Koonings","url":"https:\/\/www.koonings.com\/fr\/","logo":{"@type":"ImageObject","inLanguage":"fr-FR","@id":"https:\/\/www.koonings.com\/fr\/#\/schema\/logo\/image\/","url":"https:\/\/www.koonings.com\/wp-content\/uploads\/2024\/07\/logo.png","contentUrl":"https:\/\/www.koonings.com\/wp-content\/uploads\/2024\/07\/logo.png","width":600,"height":428,"caption":"Koonings"},"image":{"@id":"https:\/\/www.koonings.com\/fr\/#\/schema\/logo\/image\/"},"sameAs":["https:\/\/www.facebook.com\/kooningstheweddingpalace","https:\/\/www.instagram.com\/kooningstheweddingpalace","https:\/\/www.pinterest.com\/koonings","https:\/\/www.youtube.com\/kooningstheweddingpalace"]}]}},"_links":{"self":[{"href":"https:\/\/www.koonings.com\/fr\/wp-json\/wp\/v2\/product\/80126","targetHints":{"allow":["GET"]}}],"collection":[{"href":"https:\/\/www.koonings.com\/fr\/wp-json\/wp\/v2\/product"}],"about":[{"href":"https:\/\/www.koonings.com\/fr\/wp-json\/wp\/v2\/types\/product"}],"wp:featuredmedia":[{"embeddable":true,"href":"https:\/\/www.koonings.com\/fr\/wp-json\/wp\/v2\/media\/72888"}],"wp:attachment":[{"href":"https:\/\/www.koonings.com\/fr\/wp-json\/wp\/v2\/media?parent=80126"}],"wp:term":[{"taxonomy":"productdetails","embeddable":true,"href":"https:\/\/www.koonings.com\/fr\/wp-json\/wp\/v2\/productdetails?post=80126"},{"taxonomy":"productneck","embeddable":true,"href":"https:\/\/www.koonings.com\/fr\/wp-json\/wp\/v2\/productneck?post=80126"},{"taxonomy":"productcolor","embeddable":true,"href":"https:\/\/www.koonings.com\/fr\/wp-json\/wp\/v2\/productcolor?post=80126"},{"taxonomy":"maat","embeddable":true,"href":"https:\/\/www.koonings.com\/fr\/wp-json\/wp\/v2\/maat?post=80126"},{"taxonomy":"productsupplier","embeddable":true,"href":"https:\/\/www.koonings.com\/fr\/wp-json\/wp\/v2\/productsupplier?post=80126"},{"taxonomy":"productsleeve","embeddable":true,"href":"https:\/\/www.koonings.com\/fr\/wp-json\/wp\/v2\/productsleeve?post=80126"},{"taxonomy":"productcategory","embeddable":true,"href":"https:\/\/www.koonings.com\/fr\/wp-json\/wp\/v2\/productcategory?post=80126"},{"taxonomy":"productsilhouette","embeddable":true,"href":"https:\/\/www.koonings.com\/fr\/wp-json\/wp\/v2\/productsilhouette?post=80126"},{"taxonomy":"productstyle","embeddable":true,"href":"https:\/\/www.koonings.com\/fr\/wp-json\/wp\/v2\/productstyle?post=80126"}],"curies":[{"name":"wp","href":"https:\/\/api.w.org\/{rel}","templated":true}]}}