{"id":80122,"date":"2026-04-28T18:28:42","date_gmt":"2026-04-28T16:28:42","guid":{"rendered":"https:\/\/www.koonings.com\/product\/fashion-queen-duett-bridal-dt165\/"},"modified":"2026-02-16T14:54:46","modified_gmt":"2026-02-16T13:54:46","slug":"fashion-queen-duett-bridal-dt165","status":"publish","type":"product","link":"https:\/\/www.koonings.com\/fr\/product\/fashion-queen-duett-bridal-dt165\/","title":{"rendered":"Fashion Queen Duett Bridal DT165"},"content":{"rendered":"<p>La robe de mari\u00e9e DT165 de Fashion Queen Duett Bridal est une cr\u00e9ation enchanteresse pour la mari\u00e9e qui recherche un look moderne, sophistiqu\u00e9 et romantique \u00e0 la fois. Le corsage est magnifiquement orn\u00e9 de dentelle raffin\u00e9e et d&#8217;appliqu\u00e9s d\u00e9licats, ce qui lui conf\u00e8re un aspect luxueux et met parfaitement en valeur les formes f\u00e9minines. La jupe de la robe tombe doucement en ligne A, cr\u00e9ant un look \u00e9l\u00e9gant et intemporel. L&#8217;utilisation de tissus l\u00e9gers et respirants permet \u00e0 la mari\u00e9e de se sentir \u00e0 l&#8217;aise tout au long de la journ\u00e9e, tandis que la robe \u00e9pouse sa silhouette de mani\u00e8re flatteuse.   <\/p>\n<p>La DT165 est \u00e0 la fois moderne et romantique, ce qui en fait le choix id\u00e9al pour les mari\u00e9es qui recherchent \u00e0 la fois la sophistication et le r\u00eave le jour de leur mariage. La combinaison de la dentelle luxueuse, de la coupe sophistiqu\u00e9e et de la coupe parfaite fait de cette robe un v\u00e9ritable accroche-regard. <\/p>\n<p>Le DT165 est disponible exclusivement chez Koonings The Wedding Palace \u00e0 Deurne, la plus grande boutique de mode nuptiale au monde. Koonings offre une exp\u00e9rience d&#8217;achat in\u00e9gal\u00e9e, o\u00f9 des stylistes experts aident les mari\u00e9es \u00e0 trouver la robe parfaite, adapt\u00e9e \u00e0 leur style et \u00e0 leurs d\u00e9sirs. Que vous optiez pour un mariage intime ou une c\u00e9l\u00e9bration grandiose, la DT165 est une robe \u00e0 la fois romantique et \u00e9l\u00e9gante, qui vous permettra de faire une impression inoubliable le jour de votre mariage.  <\/p>\n","protected":false},"featured_media":72905,"template":"","meta":{"_acf_changed":false,"ghostkit_customizer_options":"","ghostkit_custom_css":"","ghostkit_custom_js_head":"","ghostkit_custom_js_foot":"","ghostkit_typography":""},"productdetails":[376],"productneck":[355],"productcolor":[393,392],"maat":[],"productsupplier":[480],"productsleeve":[359],"productcategory":[18],"productsilhouette":[389],"productstyle":[366],"class_list":["post-80122","product","type-product","status-publish","has-post-thumbnail","hentry","productdetails-376","productneck-355","productcolor-393","productcolor-392","productsupplier-fashion-queen","productsleeve-359","productcategory-trouwjurken","productsilhouette-389","productstyle-366"],"acf":[],"yoast_head":"<!-- This site is optimized with the Yoast SEO plugin v27.3 - https:\/\/yoast.com\/product\/yoast-seo-wordpress\/ -->\n<title>Fashion Queen Duett Bridal DT165 | Koonings<\/title>\n<meta name=\"description\" content=\"La robe de mari\u00e9e DT165 de Fashion Queen Duett Bridal est une cr\u00e9ation enchanteresse pour la mari\u00e9e qui recherche un look moderne, sophistiqu\u00e9 et romantique \u00e0 la fois. Le corsage est magnifiquement orn\u00e9 de dentelle raffin\u00e9e et d&#039;appliqu\u00e9s d\u00e9licats, ce qui lui conf\u00e8re un aspect luxueux et met parfaitement en valeur les formes f\u00e9minines. La jupe de la robe tombe doucement en ligne A, cr\u00e9ant un look \u00e9l\u00e9gant et intemporel. L&#039;utilisation de tissus l\u00e9gers et respirants permet \u00e0 la mari\u00e9e de se sentir \u00e0 l&#039;aise tout au long de la journ\u00e9e, tandis que la robe \u00e9pouse sa silhouette de mani\u00e8re flatteuse. La DT165 est \u00e0 la fois moderne et romantique, ce qui en fait le choix id\u00e9al pour les mari\u00e9es qui recherchent \u00e0 la fois la sophistication et le r\u00eave le jour de leur mariage. La combinaison de la dentelle luxueuse, de la coupe sophistiqu\u00e9e et de la coupe parfaite fait de cette robe un v\u00e9ritable accroche-regard. Le DT165 est disponible exclusivement chez Koonings The Wedding Palace \u00e0 Deurne, la plus grande boutique de mode nuptiale au monde. Koonings offre une exp\u00e9rience d&#039;achat in\u00e9gal\u00e9e, o\u00f9 des stylistes experts aident les mari\u00e9es \u00e0 trouver la robe parfaite, adapt\u00e9e \u00e0 leur style et \u00e0 leurs d\u00e9sirs. Que vous optiez pour un mariage intime ou une c\u00e9l\u00e9bration grandiose, la DT165 est une robe \u00e0 la fois romantique et \u00e9l\u00e9gante, qui vous permettra de faire une impression inoubliable le jour de votre mariage.\" \/>\n<meta name=\"robots\" content=\"index, follow, max-snippet:-1, max-image-preview:large, max-video-preview:-1\" \/>\n<link rel=\"canonical\" href=\"https:\/\/www.koonings.com\/fr\/product\/fashion-queen-duett-bridal-dt165\/\" \/>\n<meta property=\"og:locale\" content=\"fr_FR\" \/>\n<meta property=\"og:type\" content=\"article\" \/>\n<meta property=\"og:title\" content=\"Fashion Queen Duett Bridal DT165 | Koonings\" \/>\n<meta property=\"og:description\" content=\"La robe de mari\u00e9e DT165 de Fashion Queen Duett Bridal est une cr\u00e9ation enchanteresse pour la mari\u00e9e qui recherche un look moderne, sophistiqu\u00e9 et romantique \u00e0 la fois. Le corsage est magnifiquement orn\u00e9 de dentelle raffin\u00e9e et d&#039;appliqu\u00e9s d\u00e9licats, ce qui lui conf\u00e8re un aspect luxueux et met parfaitement en valeur les formes f\u00e9minines. La jupe de la robe tombe doucement en ligne A, cr\u00e9ant un look \u00e9l\u00e9gant et intemporel. L&#039;utilisation de tissus l\u00e9gers et respirants permet \u00e0 la mari\u00e9e de se sentir \u00e0 l&#039;aise tout au long de la journ\u00e9e, tandis que la robe \u00e9pouse sa silhouette de mani\u00e8re flatteuse. La DT165 est \u00e0 la fois moderne et romantique, ce qui en fait le choix id\u00e9al pour les mari\u00e9es qui recherchent \u00e0 la fois la sophistication et le r\u00eave le jour de leur mariage. La combinaison de la dentelle luxueuse, de la coupe sophistiqu\u00e9e et de la coupe parfaite fait de cette robe un v\u00e9ritable accroche-regard. Le DT165 est disponible exclusivement chez Koonings The Wedding Palace \u00e0 Deurne, la plus grande boutique de mode nuptiale au monde. Koonings offre une exp\u00e9rience d&#039;achat in\u00e9gal\u00e9e, o\u00f9 des stylistes experts aident les mari\u00e9es \u00e0 trouver la robe parfaite, adapt\u00e9e \u00e0 leur style et \u00e0 leurs d\u00e9sirs. Que vous optiez pour un mariage intime ou une c\u00e9l\u00e9bration grandiose, la DT165 est une robe \u00e0 la fois romantique et \u00e9l\u00e9gante, qui vous permettra de faire une impression inoubliable le jour de votre mariage.\" \/>\n<meta property=\"og:url\" content=\"https:\/\/www.koonings.com\/fr\/product\/fashion-queen-duett-bridal-dt165\/\" \/>\n<meta property=\"og:site_name\" content=\"Koonings\" \/>\n<meta property=\"article:publisher\" content=\"https:\/\/www.facebook.com\/kooningstheweddingpalace\" \/>\n<meta property=\"og:image\" content=\"https:\/\/www.koonings.com\/wp-content\/uploads\/2024\/11\/49196_65b50304bef78164e3c00ccce22bfea1ab0e61fb29ca9e020124e110db4493354e98738f.jpeg\" \/>\n\t<meta property=\"og:image:width\" content=\"1007\" \/>\n\t<meta property=\"og:image:height\" content=\"1454\" \/>\n\t<meta property=\"og:image:type\" content=\"image\/jpeg\" \/>\n<meta name=\"twitter:card\" content=\"summary_large_image\" \/>\n<meta name=\"twitter:label1\" content=\"Dur\u00e9e de lecture estim\u00e9e\" \/>\n\t<meta name=\"twitter:data1\" content=\"1 minute\" \/>\n<script type=\"application\/ld+json\" class=\"yoast-schema-graph\">{\"@context\":\"https:\\\/\\\/schema.org\",\"@graph\":[{\"@type\":\"WebPage\",\"@id\":\"https:\\\/\\\/www.koonings.com\\\/fr\\\/product\\\/fashion-queen-duett-bridal-dt165\\\/\",\"url\":\"https:\\\/\\\/www.koonings.com\\\/fr\\\/product\\\/fashion-queen-duett-bridal-dt165\\\/\",\"name\":\"Fashion Queen Duett Bridal DT165 | Koonings\",\"isPartOf\":{\"@id\":\"https:\\\/\\\/www.koonings.com\\\/fr\\\/#website\"},\"primaryImageOfPage\":{\"@id\":\"https:\\\/\\\/www.koonings.com\\\/fr\\\/product\\\/fashion-queen-duett-bridal-dt165\\\/#primaryimage\"},\"image\":{\"@id\":\"https:\\\/\\\/www.koonings.com\\\/fr\\\/product\\\/fashion-queen-duett-bridal-dt165\\\/#primaryimage\"},\"thumbnailUrl\":\"https:\\\/\\\/www.koonings.com\\\/wp-content\\\/uploads\\\/2024\\\/11\\\/49196_65b50304bef78164e3c00ccce22bfea1ab0e61fb29ca9e020124e110db4493354e98738f.jpeg\",\"datePublished\":\"2026-04-28T16:28:42+00:00\",\"description\":\"La robe de mari\u00e9e DT165 de Fashion Queen Duett Bridal est une cr\u00e9ation enchanteresse pour la mari\u00e9e qui recherche un look moderne, sophistiqu\u00e9 et romantique \u00e0 la fois. Le corsage est magnifiquement orn\u00e9 de dentelle raffin\u00e9e et d'appliqu\u00e9s d\u00e9licats, ce qui lui conf\u00e8re un aspect luxueux et met parfaitement en valeur les formes f\u00e9minines. La jupe de la robe tombe doucement en ligne A, cr\u00e9ant un look \u00e9l\u00e9gant et intemporel. L'utilisation de tissus l\u00e9gers et respirants permet \u00e0 la mari\u00e9e de se sentir \u00e0 l'aise tout au long de la journ\u00e9e, tandis que la robe \u00e9pouse sa silhouette de mani\u00e8re flatteuse. La DT165 est \u00e0 la fois moderne et romantique, ce qui en fait le choix id\u00e9al pour les mari\u00e9es qui recherchent \u00e0 la fois la sophistication et le r\u00eave le jour de leur mariage. La combinaison de la dentelle luxueuse, de la coupe sophistiqu\u00e9e et de la coupe parfaite fait de cette robe un v\u00e9ritable accroche-regard. Le DT165 est disponible exclusivement chez Koonings The Wedding Palace \u00e0 Deurne, la plus grande boutique de mode nuptiale au monde. Koonings offre une exp\u00e9rience d'achat in\u00e9gal\u00e9e, o\u00f9 des stylistes experts aident les mari\u00e9es \u00e0 trouver la robe parfaite, adapt\u00e9e \u00e0 leur style et \u00e0 leurs d\u00e9sirs. Que vous optiez pour un mariage intime ou une c\u00e9l\u00e9bration grandiose, la DT165 est une robe \u00e0 la fois romantique et \u00e9l\u00e9gante, qui vous permettra de faire une impression inoubliable le jour de votre mariage.\",\"breadcrumb\":{\"@id\":\"https:\\\/\\\/www.koonings.com\\\/fr\\\/product\\\/fashion-queen-duett-bridal-dt165\\\/#breadcrumb\"},\"inLanguage\":\"fr-FR\",\"potentialAction\":[{\"@type\":\"ReadAction\",\"target\":[\"https:\\\/\\\/www.koonings.com\\\/fr\\\/product\\\/fashion-queen-duett-bridal-dt165\\\/\"]}]},{\"@type\":\"ImageObject\",\"inLanguage\":\"fr-FR\",\"@id\":\"https:\\\/\\\/www.koonings.com\\\/fr\\\/product\\\/fashion-queen-duett-bridal-dt165\\\/#primaryimage\",\"url\":\"https:\\\/\\\/www.koonings.com\\\/wp-content\\\/uploads\\\/2024\\\/11\\\/49196_65b50304bef78164e3c00ccce22bfea1ab0e61fb29ca9e020124e110db4493354e98738f.jpeg\",\"contentUrl\":\"https:\\\/\\\/www.koonings.com\\\/wp-content\\\/uploads\\\/2024\\\/11\\\/49196_65b50304bef78164e3c00ccce22bfea1ab0e61fb29ca9e020124e110db4493354e98738f.jpeg\",\"width\":1007,\"height\":1454},{\"@type\":\"BreadcrumbList\",\"@id\":\"https:\\\/\\\/www.koonings.com\\\/fr\\\/product\\\/fashion-queen-duett-bridal-dt165\\\/#breadcrumb\",\"itemListElement\":[{\"@type\":\"ListItem\",\"position\":1,\"name\":\"Home\",\"item\":\"https:\\\/\\\/www.koonings.com\\\/fr\\\/\"},{\"@type\":\"ListItem\",\"position\":2,\"name\":\"Fashion Queen Duett Bridal DT165\"}]},{\"@type\":\"WebSite\",\"@id\":\"https:\\\/\\\/www.koonings.com\\\/fr\\\/#website\",\"url\":\"https:\\\/\\\/www.koonings.com\\\/fr\\\/\",\"name\":\"Koonings\",\"description\":\"De grootste bruidsmodewinkel ter wereld\",\"publisher\":{\"@id\":\"https:\\\/\\\/www.koonings.com\\\/fr\\\/#organization\"},\"potentialAction\":[{\"@type\":\"SearchAction\",\"target\":{\"@type\":\"EntryPoint\",\"urlTemplate\":\"https:\\\/\\\/www.koonings.com\\\/fr\\\/?s={search_term_string}\"},\"query-input\":{\"@type\":\"PropertyValueSpecification\",\"valueRequired\":true,\"valueName\":\"search_term_string\"}}],\"inLanguage\":\"fr-FR\"},{\"@type\":\"Organization\",\"@id\":\"https:\\\/\\\/www.koonings.com\\\/fr\\\/#organization\",\"name\":\"Koonings\",\"url\":\"https:\\\/\\\/www.koonings.com\\\/fr\\\/\",\"logo\":{\"@type\":\"ImageObject\",\"inLanguage\":\"fr-FR\",\"@id\":\"https:\\\/\\\/www.koonings.com\\\/fr\\\/#\\\/schema\\\/logo\\\/image\\\/\",\"url\":\"https:\\\/\\\/www.koonings.com\\\/wp-content\\\/uploads\\\/2024\\\/07\\\/logo.png\",\"contentUrl\":\"https:\\\/\\\/www.koonings.com\\\/wp-content\\\/uploads\\\/2024\\\/07\\\/logo.png\",\"width\":600,\"height\":428,\"caption\":\"Koonings\"},\"image\":{\"@id\":\"https:\\\/\\\/www.koonings.com\\\/fr\\\/#\\\/schema\\\/logo\\\/image\\\/\"},\"sameAs\":[\"https:\\\/\\\/www.facebook.com\\\/kooningstheweddingpalace\",\"https:\\\/\\\/www.instagram.com\\\/kooningstheweddingpalace\",\"https:\\\/\\\/www.pinterest.com\\\/koonings\",\"https:\\\/\\\/www.youtube.com\\\/kooningstheweddingpalace\"]}]}<\/script>\n<!-- \/ Yoast SEO plugin. -->","yoast_head_json":{"title":"Fashion Queen Duett Bridal DT165 | Koonings","description":"La robe de mari\u00e9e DT165 de Fashion Queen Duett Bridal est une cr\u00e9ation enchanteresse pour la mari\u00e9e qui recherche un look moderne, sophistiqu\u00e9 et romantique \u00e0 la fois. Le corsage est magnifiquement orn\u00e9 de dentelle raffin\u00e9e et d'appliqu\u00e9s d\u00e9licats, ce qui lui conf\u00e8re un aspect luxueux et met parfaitement en valeur les formes f\u00e9minines. La jupe de la robe tombe doucement en ligne A, cr\u00e9ant un look \u00e9l\u00e9gant et intemporel. L'utilisation de tissus l\u00e9gers et respirants permet \u00e0 la mari\u00e9e de se sentir \u00e0 l'aise tout au long de la journ\u00e9e, tandis que la robe \u00e9pouse sa silhouette de mani\u00e8re flatteuse. La DT165 est \u00e0 la fois moderne et romantique, ce qui en fait le choix id\u00e9al pour les mari\u00e9es qui recherchent \u00e0 la fois la sophistication et le r\u00eave le jour de leur mariage. La combinaison de la dentelle luxueuse, de la coupe sophistiqu\u00e9e et de la coupe parfaite fait de cette robe un v\u00e9ritable accroche-regard. Le DT165 est disponible exclusivement chez Koonings The Wedding Palace \u00e0 Deurne, la plus grande boutique de mode nuptiale au monde. Koonings offre une exp\u00e9rience d'achat in\u00e9gal\u00e9e, o\u00f9 des stylistes experts aident les mari\u00e9es \u00e0 trouver la robe parfaite, adapt\u00e9e \u00e0 leur style et \u00e0 leurs d\u00e9sirs. Que vous optiez pour un mariage intime ou une c\u00e9l\u00e9bration grandiose, la DT165 est une robe \u00e0 la fois romantique et \u00e9l\u00e9gante, qui vous permettra de faire une impression inoubliable le jour de votre mariage.","robots":{"index":"index","follow":"follow","max-snippet":"max-snippet:-1","max-image-preview":"max-image-preview:large","max-video-preview":"max-video-preview:-1"},"canonical":"https:\/\/www.koonings.com\/fr\/product\/fashion-queen-duett-bridal-dt165\/","og_locale":"fr_FR","og_type":"article","og_title":"Fashion Queen Duett Bridal DT165 | Koonings","og_description":"La robe de mari\u00e9e DT165 de Fashion Queen Duett Bridal est une cr\u00e9ation enchanteresse pour la mari\u00e9e qui recherche un look moderne, sophistiqu\u00e9 et romantique \u00e0 la fois. Le corsage est magnifiquement orn\u00e9 de dentelle raffin\u00e9e et d'appliqu\u00e9s d\u00e9licats, ce qui lui conf\u00e8re un aspect luxueux et met parfaitement en valeur les formes f\u00e9minines. La jupe de la robe tombe doucement en ligne A, cr\u00e9ant un look \u00e9l\u00e9gant et intemporel. L'utilisation de tissus l\u00e9gers et respirants permet \u00e0 la mari\u00e9e de se sentir \u00e0 l'aise tout au long de la journ\u00e9e, tandis que la robe \u00e9pouse sa silhouette de mani\u00e8re flatteuse. La DT165 est \u00e0 la fois moderne et romantique, ce qui en fait le choix id\u00e9al pour les mari\u00e9es qui recherchent \u00e0 la fois la sophistication et le r\u00eave le jour de leur mariage. La combinaison de la dentelle luxueuse, de la coupe sophistiqu\u00e9e et de la coupe parfaite fait de cette robe un v\u00e9ritable accroche-regard. Le DT165 est disponible exclusivement chez Koonings The Wedding Palace \u00e0 Deurne, la plus grande boutique de mode nuptiale au monde. Koonings offre une exp\u00e9rience d'achat in\u00e9gal\u00e9e, o\u00f9 des stylistes experts aident les mari\u00e9es \u00e0 trouver la robe parfaite, adapt\u00e9e \u00e0 leur style et \u00e0 leurs d\u00e9sirs. Que vous optiez pour un mariage intime ou une c\u00e9l\u00e9bration grandiose, la DT165 est une robe \u00e0 la fois romantique et \u00e9l\u00e9gante, qui vous permettra de faire une impression inoubliable le jour de votre mariage.","og_url":"https:\/\/www.koonings.com\/fr\/product\/fashion-queen-duett-bridal-dt165\/","og_site_name":"Koonings","article_publisher":"https:\/\/www.facebook.com\/kooningstheweddingpalace","og_image":[{"width":1007,"height":1454,"url":"https:\/\/www.koonings.com\/wp-content\/uploads\/2024\/11\/49196_65b50304bef78164e3c00ccce22bfea1ab0e61fb29ca9e020124e110db4493354e98738f.jpeg","type":"image\/jpeg"}],"twitter_card":"summary_large_image","twitter_misc":{"Dur\u00e9e de lecture estim\u00e9e":"1 minute"},"schema":{"@context":"https:\/\/schema.org","@graph":[{"@type":"WebPage","@id":"https:\/\/www.koonings.com\/fr\/product\/fashion-queen-duett-bridal-dt165\/","url":"https:\/\/www.koonings.com\/fr\/product\/fashion-queen-duett-bridal-dt165\/","name":"Fashion Queen Duett Bridal DT165 | Koonings","isPartOf":{"@id":"https:\/\/www.koonings.com\/fr\/#website"},"primaryImageOfPage":{"@id":"https:\/\/www.koonings.com\/fr\/product\/fashion-queen-duett-bridal-dt165\/#primaryimage"},"image":{"@id":"https:\/\/www.koonings.com\/fr\/product\/fashion-queen-duett-bridal-dt165\/#primaryimage"},"thumbnailUrl":"https:\/\/www.koonings.com\/wp-content\/uploads\/2024\/11\/49196_65b50304bef78164e3c00ccce22bfea1ab0e61fb29ca9e020124e110db4493354e98738f.jpeg","datePublished":"2026-04-28T16:28:42+00:00","description":"La robe de mari\u00e9e DT165 de Fashion Queen Duett Bridal est une cr\u00e9ation enchanteresse pour la mari\u00e9e qui recherche un look moderne, sophistiqu\u00e9 et romantique \u00e0 la fois. Le corsage est magnifiquement orn\u00e9 de dentelle raffin\u00e9e et d'appliqu\u00e9s d\u00e9licats, ce qui lui conf\u00e8re un aspect luxueux et met parfaitement en valeur les formes f\u00e9minines. La jupe de la robe tombe doucement en ligne A, cr\u00e9ant un look \u00e9l\u00e9gant et intemporel. L'utilisation de tissus l\u00e9gers et respirants permet \u00e0 la mari\u00e9e de se sentir \u00e0 l'aise tout au long de la journ\u00e9e, tandis que la robe \u00e9pouse sa silhouette de mani\u00e8re flatteuse. La DT165 est \u00e0 la fois moderne et romantique, ce qui en fait le choix id\u00e9al pour les mari\u00e9es qui recherchent \u00e0 la fois la sophistication et le r\u00eave le jour de leur mariage. La combinaison de la dentelle luxueuse, de la coupe sophistiqu\u00e9e et de la coupe parfaite fait de cette robe un v\u00e9ritable accroche-regard. Le DT165 est disponible exclusivement chez Koonings The Wedding Palace \u00e0 Deurne, la plus grande boutique de mode nuptiale au monde. Koonings offre une exp\u00e9rience d'achat in\u00e9gal\u00e9e, o\u00f9 des stylistes experts aident les mari\u00e9es \u00e0 trouver la robe parfaite, adapt\u00e9e \u00e0 leur style et \u00e0 leurs d\u00e9sirs. Que vous optiez pour un mariage intime ou une c\u00e9l\u00e9bration grandiose, la DT165 est une robe \u00e0 la fois romantique et \u00e9l\u00e9gante, qui vous permettra de faire une impression inoubliable le jour de votre mariage.","breadcrumb":{"@id":"https:\/\/www.koonings.com\/fr\/product\/fashion-queen-duett-bridal-dt165\/#breadcrumb"},"inLanguage":"fr-FR","potentialAction":[{"@type":"ReadAction","target":["https:\/\/www.koonings.com\/fr\/product\/fashion-queen-duett-bridal-dt165\/"]}]},{"@type":"ImageObject","inLanguage":"fr-FR","@id":"https:\/\/www.koonings.com\/fr\/product\/fashion-queen-duett-bridal-dt165\/#primaryimage","url":"https:\/\/www.koonings.com\/wp-content\/uploads\/2024\/11\/49196_65b50304bef78164e3c00ccce22bfea1ab0e61fb29ca9e020124e110db4493354e98738f.jpeg","contentUrl":"https:\/\/www.koonings.com\/wp-content\/uploads\/2024\/11\/49196_65b50304bef78164e3c00ccce22bfea1ab0e61fb29ca9e020124e110db4493354e98738f.jpeg","width":1007,"height":1454},{"@type":"BreadcrumbList","@id":"https:\/\/www.koonings.com\/fr\/product\/fashion-queen-duett-bridal-dt165\/#breadcrumb","itemListElement":[{"@type":"ListItem","position":1,"name":"Home","item":"https:\/\/www.koonings.com\/fr\/"},{"@type":"ListItem","position":2,"name":"Fashion Queen Duett Bridal DT165"}]},{"@type":"WebSite","@id":"https:\/\/www.koonings.com\/fr\/#website","url":"https:\/\/www.koonings.com\/fr\/","name":"Koonings","description":"De grootste bruidsmodewinkel ter wereld","publisher":{"@id":"https:\/\/www.koonings.com\/fr\/#organization"},"potentialAction":[{"@type":"SearchAction","target":{"@type":"EntryPoint","urlTemplate":"https:\/\/www.koonings.com\/fr\/?s={search_term_string}"},"query-input":{"@type":"PropertyValueSpecification","valueRequired":true,"valueName":"search_term_string"}}],"inLanguage":"fr-FR"},{"@type":"Organization","@id":"https:\/\/www.koonings.com\/fr\/#organization","name":"Koonings","url":"https:\/\/www.koonings.com\/fr\/","logo":{"@type":"ImageObject","inLanguage":"fr-FR","@id":"https:\/\/www.koonings.com\/fr\/#\/schema\/logo\/image\/","url":"https:\/\/www.koonings.com\/wp-content\/uploads\/2024\/07\/logo.png","contentUrl":"https:\/\/www.koonings.com\/wp-content\/uploads\/2024\/07\/logo.png","width":600,"height":428,"caption":"Koonings"},"image":{"@id":"https:\/\/www.koonings.com\/fr\/#\/schema\/logo\/image\/"},"sameAs":["https:\/\/www.facebook.com\/kooningstheweddingpalace","https:\/\/www.instagram.com\/kooningstheweddingpalace","https:\/\/www.pinterest.com\/koonings","https:\/\/www.youtube.com\/kooningstheweddingpalace"]}]}},"_links":{"self":[{"href":"https:\/\/www.koonings.com\/fr\/wp-json\/wp\/v2\/product\/80122","targetHints":{"allow":["GET"]}}],"collection":[{"href":"https:\/\/www.koonings.com\/fr\/wp-json\/wp\/v2\/product"}],"about":[{"href":"https:\/\/www.koonings.com\/fr\/wp-json\/wp\/v2\/types\/product"}],"wp:featuredmedia":[{"embeddable":true,"href":"https:\/\/www.koonings.com\/fr\/wp-json\/wp\/v2\/media\/72905"}],"wp:attachment":[{"href":"https:\/\/www.koonings.com\/fr\/wp-json\/wp\/v2\/media?parent=80122"}],"wp:term":[{"taxonomy":"productdetails","embeddable":true,"href":"https:\/\/www.koonings.com\/fr\/wp-json\/wp\/v2\/productdetails?post=80122"},{"taxonomy":"productneck","embeddable":true,"href":"https:\/\/www.koonings.com\/fr\/wp-json\/wp\/v2\/productneck?post=80122"},{"taxonomy":"productcolor","embeddable":true,"href":"https:\/\/www.koonings.com\/fr\/wp-json\/wp\/v2\/productcolor?post=80122"},{"taxonomy":"maat","embeddable":true,"href":"https:\/\/www.koonings.com\/fr\/wp-json\/wp\/v2\/maat?post=80122"},{"taxonomy":"productsupplier","embeddable":true,"href":"https:\/\/www.koonings.com\/fr\/wp-json\/wp\/v2\/productsupplier?post=80122"},{"taxonomy":"productsleeve","embeddable":true,"href":"https:\/\/www.koonings.com\/fr\/wp-json\/wp\/v2\/productsleeve?post=80122"},{"taxonomy":"productcategory","embeddable":true,"href":"https:\/\/www.koonings.com\/fr\/wp-json\/wp\/v2\/productcategory?post=80122"},{"taxonomy":"productsilhouette","embeddable":true,"href":"https:\/\/www.koonings.com\/fr\/wp-json\/wp\/v2\/productsilhouette?post=80122"},{"taxonomy":"productstyle","embeddable":true,"href":"https:\/\/www.koonings.com\/fr\/wp-json\/wp\/v2\/productstyle?post=80122"}],"curies":[{"name":"wp","href":"https:\/\/api.w.org\/{rel}","templated":true}]}}