{"id":80103,"date":"2026-04-28T18:12:07","date_gmt":"2026-04-28T16:12:07","guid":{"rendered":"https:\/\/www.koonings.com\/product\/fashion-queen-amera-vera-b2420\/"},"modified":"2026-02-16T14:55:03","modified_gmt":"2026-02-16T13:55:03","slug":"fashion-queen-amera-vera-b2420","status":"publish","type":"product","link":"https:\/\/www.koonings.com\/fr\/product\/fashion-queen-amera-vera-b2420\/","title":{"rendered":"Fashion Queen Amera Vera B2420"},"content":{"rendered":"<p>Cette \u00e9l\u00e9gante ligne A de Fashion Queen pr\u00e9sente un haut impressionnant avec des appliques en dentelle et une jupe ludique en tulle doux qui tombe en douceur. Les robes de Fashion Queen sont d\u00e9sormais disponibles chez Koonings. <\/p>\n","protected":false},"featured_media":73032,"template":"","meta":{"_acf_changed":false,"ghostkit_customizer_options":"","ghostkit_custom_css":"","ghostkit_custom_js_head":"","ghostkit_custom_js_foot":"","ghostkit_typography":""},"productdetails":[],"productneck":[356],"productcolor":[392],"maat":[],"productsupplier":[480],"productsleeve":[359],"productcategory":[18],"productsilhouette":[384,389],"productstyle":[366],"class_list":["post-80103","product","type-product","status-publish","has-post-thumbnail","hentry","productneck-356","productcolor-392","productsupplier-fashion-queen","productsleeve-359","productcategory-trouwjurken","productsilhouette-384","productsilhouette-389","productstyle-366"],"acf":[],"yoast_head":"<!-- This site is optimized with the Yoast SEO plugin v27.3 - https:\/\/yoast.com\/product\/yoast-seo-wordpress\/ -->\n<title>Fashion Queen Amera Vera B2420 | Koonings<\/title>\n<meta name=\"description\" content=\"Cette \u00e9l\u00e9gante ligne A de Fashion Queen pr\u00e9sente un haut impressionnant avec des appliques en dentelle et une jupe ludique en tulle doux qui tombe en douceur. Les robes de Fashion Queen sont d\u00e9sormais disponibles chez Koonings.\" \/>\n<meta name=\"robots\" content=\"index, follow, max-snippet:-1, max-image-preview:large, max-video-preview:-1\" \/>\n<link rel=\"canonical\" href=\"https:\/\/www.koonings.com\/fr\/product\/fashion-queen-amera-vera-b2420\/\" \/>\n<meta property=\"og:locale\" content=\"fr_FR\" \/>\n<meta property=\"og:type\" content=\"article\" \/>\n<meta property=\"og:title\" content=\"Fashion Queen Amera Vera B2420 | Koonings\" \/>\n<meta property=\"og:description\" content=\"Cette \u00e9l\u00e9gante ligne A de Fashion Queen pr\u00e9sente un haut impressionnant avec des appliques en dentelle et une jupe ludique en tulle doux qui tombe en douceur. Les robes de Fashion Queen sont d\u00e9sormais disponibles chez Koonings.\" \/>\n<meta property=\"og:url\" content=\"https:\/\/www.koonings.com\/fr\/product\/fashion-queen-amera-vera-b2420\/\" \/>\n<meta property=\"og:site_name\" content=\"Koonings\" \/>\n<meta property=\"article:publisher\" content=\"https:\/\/www.facebook.com\/kooningstheweddingpalace\" \/>\n<meta property=\"og:image\" content=\"https:\/\/www.koonings.com\/wp-content\/uploads\/2024\/11\/38818_2b475552bd6047f61246e98f1094c6e93e7823c7e240589e2254382eca9f7df19a052d5f.jpeg\" \/>\n\t<meta property=\"og:image:width\" content=\"944\" \/>\n\t<meta property=\"og:image:height\" content=\"1333\" \/>\n\t<meta property=\"og:image:type\" content=\"image\/jpeg\" \/>\n<meta name=\"twitter:card\" content=\"summary_large_image\" \/>\n<script type=\"application\/ld+json\" class=\"yoast-schema-graph\">{\"@context\":\"https:\\\/\\\/schema.org\",\"@graph\":[{\"@type\":\"WebPage\",\"@id\":\"https:\\\/\\\/www.koonings.com\\\/fr\\\/product\\\/fashion-queen-amera-vera-b2420\\\/\",\"url\":\"https:\\\/\\\/www.koonings.com\\\/fr\\\/product\\\/fashion-queen-amera-vera-b2420\\\/\",\"name\":\"Fashion Queen Amera Vera B2420 | Koonings\",\"isPartOf\":{\"@id\":\"https:\\\/\\\/www.koonings.com\\\/fr\\\/#website\"},\"primaryImageOfPage\":{\"@id\":\"https:\\\/\\\/www.koonings.com\\\/fr\\\/product\\\/fashion-queen-amera-vera-b2420\\\/#primaryimage\"},\"image\":{\"@id\":\"https:\\\/\\\/www.koonings.com\\\/fr\\\/product\\\/fashion-queen-amera-vera-b2420\\\/#primaryimage\"},\"thumbnailUrl\":\"https:\\\/\\\/www.koonings.com\\\/wp-content\\\/uploads\\\/2024\\\/11\\\/38818_2b475552bd6047f61246e98f1094c6e93e7823c7e240589e2254382eca9f7df19a052d5f.jpeg\",\"datePublished\":\"2026-04-28T16:12:07+00:00\",\"description\":\"Cette \u00e9l\u00e9gante ligne A de Fashion Queen pr\u00e9sente un haut impressionnant avec des appliques en dentelle et une jupe ludique en tulle doux qui tombe en douceur. Les robes de Fashion Queen sont d\u00e9sormais disponibles chez Koonings.\",\"breadcrumb\":{\"@id\":\"https:\\\/\\\/www.koonings.com\\\/fr\\\/product\\\/fashion-queen-amera-vera-b2420\\\/#breadcrumb\"},\"inLanguage\":\"fr-FR\",\"potentialAction\":[{\"@type\":\"ReadAction\",\"target\":[\"https:\\\/\\\/www.koonings.com\\\/fr\\\/product\\\/fashion-queen-amera-vera-b2420\\\/\"]}]},{\"@type\":\"ImageObject\",\"inLanguage\":\"fr-FR\",\"@id\":\"https:\\\/\\\/www.koonings.com\\\/fr\\\/product\\\/fashion-queen-amera-vera-b2420\\\/#primaryimage\",\"url\":\"https:\\\/\\\/www.koonings.com\\\/wp-content\\\/uploads\\\/2024\\\/11\\\/38818_2b475552bd6047f61246e98f1094c6e93e7823c7e240589e2254382eca9f7df19a052d5f.jpeg\",\"contentUrl\":\"https:\\\/\\\/www.koonings.com\\\/wp-content\\\/uploads\\\/2024\\\/11\\\/38818_2b475552bd6047f61246e98f1094c6e93e7823c7e240589e2254382eca9f7df19a052d5f.jpeg\",\"width\":944,\"height\":1333},{\"@type\":\"BreadcrumbList\",\"@id\":\"https:\\\/\\\/www.koonings.com\\\/fr\\\/product\\\/fashion-queen-amera-vera-b2420\\\/#breadcrumb\",\"itemListElement\":[{\"@type\":\"ListItem\",\"position\":1,\"name\":\"Home\",\"item\":\"https:\\\/\\\/www.koonings.com\\\/fr\\\/\"},{\"@type\":\"ListItem\",\"position\":2,\"name\":\"Fashion Queen Amera Vera B2420\"}]},{\"@type\":\"WebSite\",\"@id\":\"https:\\\/\\\/www.koonings.com\\\/fr\\\/#website\",\"url\":\"https:\\\/\\\/www.koonings.com\\\/fr\\\/\",\"name\":\"Koonings\",\"description\":\"De grootste bruidsmodewinkel ter wereld\",\"publisher\":{\"@id\":\"https:\\\/\\\/www.koonings.com\\\/fr\\\/#organization\"},\"potentialAction\":[{\"@type\":\"SearchAction\",\"target\":{\"@type\":\"EntryPoint\",\"urlTemplate\":\"https:\\\/\\\/www.koonings.com\\\/fr\\\/?s={search_term_string}\"},\"query-input\":{\"@type\":\"PropertyValueSpecification\",\"valueRequired\":true,\"valueName\":\"search_term_string\"}}],\"inLanguage\":\"fr-FR\"},{\"@type\":\"Organization\",\"@id\":\"https:\\\/\\\/www.koonings.com\\\/fr\\\/#organization\",\"name\":\"Koonings\",\"url\":\"https:\\\/\\\/www.koonings.com\\\/fr\\\/\",\"logo\":{\"@type\":\"ImageObject\",\"inLanguage\":\"fr-FR\",\"@id\":\"https:\\\/\\\/www.koonings.com\\\/fr\\\/#\\\/schema\\\/logo\\\/image\\\/\",\"url\":\"https:\\\/\\\/www.koonings.com\\\/wp-content\\\/uploads\\\/2024\\\/07\\\/logo.png\",\"contentUrl\":\"https:\\\/\\\/www.koonings.com\\\/wp-content\\\/uploads\\\/2024\\\/07\\\/logo.png\",\"width\":600,\"height\":428,\"caption\":\"Koonings\"},\"image\":{\"@id\":\"https:\\\/\\\/www.koonings.com\\\/fr\\\/#\\\/schema\\\/logo\\\/image\\\/\"},\"sameAs\":[\"https:\\\/\\\/www.facebook.com\\\/kooningstheweddingpalace\",\"https:\\\/\\\/www.instagram.com\\\/kooningstheweddingpalace\",\"https:\\\/\\\/www.pinterest.com\\\/koonings\",\"https:\\\/\\\/www.youtube.com\\\/kooningstheweddingpalace\"]}]}<\/script>\n<!-- \/ Yoast SEO plugin. -->","yoast_head_json":{"title":"Fashion Queen Amera Vera B2420 | Koonings","description":"Cette \u00e9l\u00e9gante ligne A de Fashion Queen pr\u00e9sente un haut impressionnant avec des appliques en dentelle et une jupe ludique en tulle doux qui tombe en douceur. Les robes de Fashion Queen sont d\u00e9sormais disponibles chez Koonings.","robots":{"index":"index","follow":"follow","max-snippet":"max-snippet:-1","max-image-preview":"max-image-preview:large","max-video-preview":"max-video-preview:-1"},"canonical":"https:\/\/www.koonings.com\/fr\/product\/fashion-queen-amera-vera-b2420\/","og_locale":"fr_FR","og_type":"article","og_title":"Fashion Queen Amera Vera B2420 | Koonings","og_description":"Cette \u00e9l\u00e9gante ligne A de Fashion Queen pr\u00e9sente un haut impressionnant avec des appliques en dentelle et une jupe ludique en tulle doux qui tombe en douceur. Les robes de Fashion Queen sont d\u00e9sormais disponibles chez Koonings.","og_url":"https:\/\/www.koonings.com\/fr\/product\/fashion-queen-amera-vera-b2420\/","og_site_name":"Koonings","article_publisher":"https:\/\/www.facebook.com\/kooningstheweddingpalace","og_image":[{"width":944,"height":1333,"url":"https:\/\/www.koonings.com\/wp-content\/uploads\/2024\/11\/38818_2b475552bd6047f61246e98f1094c6e93e7823c7e240589e2254382eca9f7df19a052d5f.jpeg","type":"image\/jpeg"}],"twitter_card":"summary_large_image","schema":{"@context":"https:\/\/schema.org","@graph":[{"@type":"WebPage","@id":"https:\/\/www.koonings.com\/fr\/product\/fashion-queen-amera-vera-b2420\/","url":"https:\/\/www.koonings.com\/fr\/product\/fashion-queen-amera-vera-b2420\/","name":"Fashion Queen Amera Vera B2420 | Koonings","isPartOf":{"@id":"https:\/\/www.koonings.com\/fr\/#website"},"primaryImageOfPage":{"@id":"https:\/\/www.koonings.com\/fr\/product\/fashion-queen-amera-vera-b2420\/#primaryimage"},"image":{"@id":"https:\/\/www.koonings.com\/fr\/product\/fashion-queen-amera-vera-b2420\/#primaryimage"},"thumbnailUrl":"https:\/\/www.koonings.com\/wp-content\/uploads\/2024\/11\/38818_2b475552bd6047f61246e98f1094c6e93e7823c7e240589e2254382eca9f7df19a052d5f.jpeg","datePublished":"2026-04-28T16:12:07+00:00","description":"Cette \u00e9l\u00e9gante ligne A de Fashion Queen pr\u00e9sente un haut impressionnant avec des appliques en dentelle et une jupe ludique en tulle doux qui tombe en douceur. Les robes de Fashion Queen sont d\u00e9sormais disponibles chez Koonings.","breadcrumb":{"@id":"https:\/\/www.koonings.com\/fr\/product\/fashion-queen-amera-vera-b2420\/#breadcrumb"},"inLanguage":"fr-FR","potentialAction":[{"@type":"ReadAction","target":["https:\/\/www.koonings.com\/fr\/product\/fashion-queen-amera-vera-b2420\/"]}]},{"@type":"ImageObject","inLanguage":"fr-FR","@id":"https:\/\/www.koonings.com\/fr\/product\/fashion-queen-amera-vera-b2420\/#primaryimage","url":"https:\/\/www.koonings.com\/wp-content\/uploads\/2024\/11\/38818_2b475552bd6047f61246e98f1094c6e93e7823c7e240589e2254382eca9f7df19a052d5f.jpeg","contentUrl":"https:\/\/www.koonings.com\/wp-content\/uploads\/2024\/11\/38818_2b475552bd6047f61246e98f1094c6e93e7823c7e240589e2254382eca9f7df19a052d5f.jpeg","width":944,"height":1333},{"@type":"BreadcrumbList","@id":"https:\/\/www.koonings.com\/fr\/product\/fashion-queen-amera-vera-b2420\/#breadcrumb","itemListElement":[{"@type":"ListItem","position":1,"name":"Home","item":"https:\/\/www.koonings.com\/fr\/"},{"@type":"ListItem","position":2,"name":"Fashion Queen Amera Vera B2420"}]},{"@type":"WebSite","@id":"https:\/\/www.koonings.com\/fr\/#website","url":"https:\/\/www.koonings.com\/fr\/","name":"Koonings","description":"De grootste bruidsmodewinkel ter wereld","publisher":{"@id":"https:\/\/www.koonings.com\/fr\/#organization"},"potentialAction":[{"@type":"SearchAction","target":{"@type":"EntryPoint","urlTemplate":"https:\/\/www.koonings.com\/fr\/?s={search_term_string}"},"query-input":{"@type":"PropertyValueSpecification","valueRequired":true,"valueName":"search_term_string"}}],"inLanguage":"fr-FR"},{"@type":"Organization","@id":"https:\/\/www.koonings.com\/fr\/#organization","name":"Koonings","url":"https:\/\/www.koonings.com\/fr\/","logo":{"@type":"ImageObject","inLanguage":"fr-FR","@id":"https:\/\/www.koonings.com\/fr\/#\/schema\/logo\/image\/","url":"https:\/\/www.koonings.com\/wp-content\/uploads\/2024\/07\/logo.png","contentUrl":"https:\/\/www.koonings.com\/wp-content\/uploads\/2024\/07\/logo.png","width":600,"height":428,"caption":"Koonings"},"image":{"@id":"https:\/\/www.koonings.com\/fr\/#\/schema\/logo\/image\/"},"sameAs":["https:\/\/www.facebook.com\/kooningstheweddingpalace","https:\/\/www.instagram.com\/kooningstheweddingpalace","https:\/\/www.pinterest.com\/koonings","https:\/\/www.youtube.com\/kooningstheweddingpalace"]}]}},"_links":{"self":[{"href":"https:\/\/www.koonings.com\/fr\/wp-json\/wp\/v2\/product\/80103","targetHints":{"allow":["GET"]}}],"collection":[{"href":"https:\/\/www.koonings.com\/fr\/wp-json\/wp\/v2\/product"}],"about":[{"href":"https:\/\/www.koonings.com\/fr\/wp-json\/wp\/v2\/types\/product"}],"wp:featuredmedia":[{"embeddable":true,"href":"https:\/\/www.koonings.com\/fr\/wp-json\/wp\/v2\/media\/73032"}],"wp:attachment":[{"href":"https:\/\/www.koonings.com\/fr\/wp-json\/wp\/v2\/media?parent=80103"}],"wp:term":[{"taxonomy":"productdetails","embeddable":true,"href":"https:\/\/www.koonings.com\/fr\/wp-json\/wp\/v2\/productdetails?post=80103"},{"taxonomy":"productneck","embeddable":true,"href":"https:\/\/www.koonings.com\/fr\/wp-json\/wp\/v2\/productneck?post=80103"},{"taxonomy":"productcolor","embeddable":true,"href":"https:\/\/www.koonings.com\/fr\/wp-json\/wp\/v2\/productcolor?post=80103"},{"taxonomy":"maat","embeddable":true,"href":"https:\/\/www.koonings.com\/fr\/wp-json\/wp\/v2\/maat?post=80103"},{"taxonomy":"productsupplier","embeddable":true,"href":"https:\/\/www.koonings.com\/fr\/wp-json\/wp\/v2\/productsupplier?post=80103"},{"taxonomy":"productsleeve","embeddable":true,"href":"https:\/\/www.koonings.com\/fr\/wp-json\/wp\/v2\/productsleeve?post=80103"},{"taxonomy":"productcategory","embeddable":true,"href":"https:\/\/www.koonings.com\/fr\/wp-json\/wp\/v2\/productcategory?post=80103"},{"taxonomy":"productsilhouette","embeddable":true,"href":"https:\/\/www.koonings.com\/fr\/wp-json\/wp\/v2\/productsilhouette?post=80103"},{"taxonomy":"productstyle","embeddable":true,"href":"https:\/\/www.koonings.com\/fr\/wp-json\/wp\/v2\/productstyle?post=80103"}],"curies":[{"name":"wp","href":"https:\/\/api.w.org\/{rel}","templated":true}]}}