{"id":80084,"date":"2025-12-15T00:16:46","date_gmt":"2025-12-14T23:16:46","guid":{"rendered":"https:\/\/www.koonings.com\/product\/fashion-queen-miss-beautiful-bride-mgb133\/"},"modified":"2026-02-03T20:06:28","modified_gmt":"2026-02-03T19:06:28","slug":"fashion-queen-miss-beautiful-bride-mgb133","status":"publish","type":"product","link":"https:\/\/www.koonings.com\/fr\/product\/fashion-queen-miss-beautiful-bride-mgb133\/","title":{"rendered":"Fashion Queen Miss Beautiful Bride MGB133"},"content":{"rendered":"<p>Une robe qui fait r\u00eaver. \u00c0 premi\u00e8re vue, la robe ressemble \u00e0 une ligne A typique avec un d\u00e9collet\u00e9 en V et une jupe en tulle souple. Mais ce qui fait la particularit\u00e9 de cette robe, ce sont les manches amovibles \u00e0 \u00e9paules d\u00e9couvertes auxquelles sont attach\u00e9es de longues bandes de tulle. Cela donne \u00e0 la robe un effet de r\u00eave et permet \u00e0 la mari\u00e9e de flotter au septi\u00e8me ciel.   <\/p>\n","protected":false},"featured_media":73188,"template":"","meta":{"_acf_changed":false,"ghostkit_customizer_options":"","ghostkit_custom_css":"","ghostkit_custom_js_head":"","ghostkit_custom_js_foot":"","ghostkit_typography":""},"productdetails":[],"productneck":[356],"productcolor":[392],"maat":[],"productsupplier":[480],"productsleeve":[359,363],"productcategory":[18],"productsilhouette":[384],"productstyle":[366],"class_list":["post-80084","product","type-product","status-publish","has-post-thumbnail","hentry","productneck-356","productcolor-392","productsupplier-fashion-queen","productsleeve-359","productsleeve-363","productcategory-trouwjurken","productsilhouette-384","productstyle-366"],"acf":[],"yoast_head":"<!-- This site is optimized with the Yoast SEO plugin v27.3 - https:\/\/yoast.com\/product\/yoast-seo-wordpress\/ -->\n<title>Fashion Queen Miss Beautiful Bride MGB133 | Koonings<\/title>\n<meta name=\"description\" content=\"Une robe qui fait r\u00eaver. \u00c0 premi\u00e8re vue, la robe ressemble \u00e0 une ligne A typique avec un d\u00e9collet\u00e9 en V et une jupe en tulle souple. Mais ce qui fait la particularit\u00e9 de cette robe, ce sont les manches amovibles \u00e0 \u00e9paules d\u00e9couvertes auxquelles sont attach\u00e9es de longues bandes de tulle. Cela donne \u00e0 la robe un effet de r\u00eave et permet \u00e0 la mari\u00e9e de flotter au septi\u00e8me ciel.\" \/>\n<meta name=\"robots\" content=\"index, follow, max-snippet:-1, max-image-preview:large, max-video-preview:-1\" \/>\n<link rel=\"canonical\" href=\"https:\/\/www.koonings.com\/fr\/product\/fashion-queen-miss-beautiful-bride-mgb133\/\" \/>\n<meta property=\"og:locale\" content=\"fr_FR\" \/>\n<meta property=\"og:type\" content=\"article\" \/>\n<meta property=\"og:title\" content=\"Fashion Queen Miss Beautiful Bride MGB133 | Koonings\" \/>\n<meta property=\"og:description\" content=\"Une robe qui fait r\u00eaver. \u00c0 premi\u00e8re vue, la robe ressemble \u00e0 une ligne A typique avec un d\u00e9collet\u00e9 en V et une jupe en tulle souple. Mais ce qui fait la particularit\u00e9 de cette robe, ce sont les manches amovibles \u00e0 \u00e9paules d\u00e9couvertes auxquelles sont attach\u00e9es de longues bandes de tulle. Cela donne \u00e0 la robe un effet de r\u00eave et permet \u00e0 la mari\u00e9e de flotter au septi\u00e8me ciel.\" \/>\n<meta property=\"og:url\" content=\"https:\/\/www.koonings.com\/fr\/product\/fashion-queen-miss-beautiful-bride-mgb133\/\" \/>\n<meta property=\"og:site_name\" content=\"Koonings\" \/>\n<meta property=\"article:publisher\" content=\"https:\/\/www.facebook.com\/kooningstheweddingpalace\" \/>\n<meta property=\"article:modified_time\" content=\"2026-02-03T19:06:28+00:00\" \/>\n<meta property=\"og:image\" content=\"https:\/\/www.koonings.com\/wp-content\/uploads\/2024\/11\/38811_83fa6372a4abd9d97250040477283c02d2f1d4b5f6d4096bb44bb198ab01c3ce0f93c101-scaled.jpeg\" \/>\n\t<meta property=\"og:image:width\" content=\"1813\" \/>\n\t<meta property=\"og:image:height\" content=\"2560\" \/>\n\t<meta property=\"og:image:type\" content=\"image\/jpeg\" \/>\n<meta name=\"twitter:card\" content=\"summary_large_image\" \/>\n<script type=\"application\/ld+json\" class=\"yoast-schema-graph\">{\"@context\":\"https:\\\/\\\/schema.org\",\"@graph\":[{\"@type\":\"WebPage\",\"@id\":\"https:\\\/\\\/www.koonings.com\\\/fr\\\/product\\\/fashion-queen-miss-beautiful-bride-mgb133\\\/\",\"url\":\"https:\\\/\\\/www.koonings.com\\\/fr\\\/product\\\/fashion-queen-miss-beautiful-bride-mgb133\\\/\",\"name\":\"Fashion Queen Miss Beautiful Bride MGB133 | Koonings\",\"isPartOf\":{\"@id\":\"https:\\\/\\\/www.koonings.com\\\/fr\\\/#website\"},\"primaryImageOfPage\":{\"@id\":\"https:\\\/\\\/www.koonings.com\\\/fr\\\/product\\\/fashion-queen-miss-beautiful-bride-mgb133\\\/#primaryimage\"},\"image\":{\"@id\":\"https:\\\/\\\/www.koonings.com\\\/fr\\\/product\\\/fashion-queen-miss-beautiful-bride-mgb133\\\/#primaryimage\"},\"thumbnailUrl\":\"https:\\\/\\\/www.koonings.com\\\/wp-content\\\/uploads\\\/2024\\\/11\\\/38811_83fa6372a4abd9d97250040477283c02d2f1d4b5f6d4096bb44bb198ab01c3ce0f93c101-scaled.jpeg\",\"datePublished\":\"2025-12-14T23:16:46+00:00\",\"dateModified\":\"2026-02-03T19:06:28+00:00\",\"description\":\"Une robe qui fait r\u00eaver. \u00c0 premi\u00e8re vue, la robe ressemble \u00e0 une ligne A typique avec un d\u00e9collet\u00e9 en V et une jupe en tulle souple. Mais ce qui fait la particularit\u00e9 de cette robe, ce sont les manches amovibles \u00e0 \u00e9paules d\u00e9couvertes auxquelles sont attach\u00e9es de longues bandes de tulle. Cela donne \u00e0 la robe un effet de r\u00eave et permet \u00e0 la mari\u00e9e de flotter au septi\u00e8me ciel.\",\"breadcrumb\":{\"@id\":\"https:\\\/\\\/www.koonings.com\\\/fr\\\/product\\\/fashion-queen-miss-beautiful-bride-mgb133\\\/#breadcrumb\"},\"inLanguage\":\"fr-FR\",\"potentialAction\":[{\"@type\":\"ReadAction\",\"target\":[\"https:\\\/\\\/www.koonings.com\\\/fr\\\/product\\\/fashion-queen-miss-beautiful-bride-mgb133\\\/\"]}]},{\"@type\":\"ImageObject\",\"inLanguage\":\"fr-FR\",\"@id\":\"https:\\\/\\\/www.koonings.com\\\/fr\\\/product\\\/fashion-queen-miss-beautiful-bride-mgb133\\\/#primaryimage\",\"url\":\"https:\\\/\\\/www.koonings.com\\\/wp-content\\\/uploads\\\/2024\\\/11\\\/38811_83fa6372a4abd9d97250040477283c02d2f1d4b5f6d4096bb44bb198ab01c3ce0f93c101-scaled.jpeg\",\"contentUrl\":\"https:\\\/\\\/www.koonings.com\\\/wp-content\\\/uploads\\\/2024\\\/11\\\/38811_83fa6372a4abd9d97250040477283c02d2f1d4b5f6d4096bb44bb198ab01c3ce0f93c101-scaled.jpeg\",\"width\":1813,\"height\":2560},{\"@type\":\"BreadcrumbList\",\"@id\":\"https:\\\/\\\/www.koonings.com\\\/fr\\\/product\\\/fashion-queen-miss-beautiful-bride-mgb133\\\/#breadcrumb\",\"itemListElement\":[{\"@type\":\"ListItem\",\"position\":1,\"name\":\"Home\",\"item\":\"https:\\\/\\\/www.koonings.com\\\/fr\\\/\"},{\"@type\":\"ListItem\",\"position\":2,\"name\":\"Fashion Queen Miss Beautiful Bride MGB133\"}]},{\"@type\":\"WebSite\",\"@id\":\"https:\\\/\\\/www.koonings.com\\\/fr\\\/#website\",\"url\":\"https:\\\/\\\/www.koonings.com\\\/fr\\\/\",\"name\":\"Koonings\",\"description\":\"De grootste bruidsmodewinkel ter wereld\",\"publisher\":{\"@id\":\"https:\\\/\\\/www.koonings.com\\\/fr\\\/#organization\"},\"potentialAction\":[{\"@type\":\"SearchAction\",\"target\":{\"@type\":\"EntryPoint\",\"urlTemplate\":\"https:\\\/\\\/www.koonings.com\\\/fr\\\/?s={search_term_string}\"},\"query-input\":{\"@type\":\"PropertyValueSpecification\",\"valueRequired\":true,\"valueName\":\"search_term_string\"}}],\"inLanguage\":\"fr-FR\"},{\"@type\":\"Organization\",\"@id\":\"https:\\\/\\\/www.koonings.com\\\/fr\\\/#organization\",\"name\":\"Koonings\",\"url\":\"https:\\\/\\\/www.koonings.com\\\/fr\\\/\",\"logo\":{\"@type\":\"ImageObject\",\"inLanguage\":\"fr-FR\",\"@id\":\"https:\\\/\\\/www.koonings.com\\\/fr\\\/#\\\/schema\\\/logo\\\/image\\\/\",\"url\":\"https:\\\/\\\/www.koonings.com\\\/wp-content\\\/uploads\\\/2024\\\/07\\\/logo.png\",\"contentUrl\":\"https:\\\/\\\/www.koonings.com\\\/wp-content\\\/uploads\\\/2024\\\/07\\\/logo.png\",\"width\":600,\"height\":428,\"caption\":\"Koonings\"},\"image\":{\"@id\":\"https:\\\/\\\/www.koonings.com\\\/fr\\\/#\\\/schema\\\/logo\\\/image\\\/\"},\"sameAs\":[\"https:\\\/\\\/www.facebook.com\\\/kooningstheweddingpalace\",\"https:\\\/\\\/www.instagram.com\\\/kooningstheweddingpalace\",\"https:\\\/\\\/www.pinterest.com\\\/koonings\",\"https:\\\/\\\/www.youtube.com\\\/kooningstheweddingpalace\"]}]}<\/script>\n<!-- \/ Yoast SEO plugin. -->","yoast_head_json":{"title":"Fashion Queen Miss Beautiful Bride MGB133 | Koonings","description":"Une robe qui fait r\u00eaver. \u00c0 premi\u00e8re vue, la robe ressemble \u00e0 une ligne A typique avec un d\u00e9collet\u00e9 en V et une jupe en tulle souple. Mais ce qui fait la particularit\u00e9 de cette robe, ce sont les manches amovibles \u00e0 \u00e9paules d\u00e9couvertes auxquelles sont attach\u00e9es de longues bandes de tulle. Cela donne \u00e0 la robe un effet de r\u00eave et permet \u00e0 la mari\u00e9e de flotter au septi\u00e8me ciel.","robots":{"index":"index","follow":"follow","max-snippet":"max-snippet:-1","max-image-preview":"max-image-preview:large","max-video-preview":"max-video-preview:-1"},"canonical":"https:\/\/www.koonings.com\/fr\/product\/fashion-queen-miss-beautiful-bride-mgb133\/","og_locale":"fr_FR","og_type":"article","og_title":"Fashion Queen Miss Beautiful Bride MGB133 | Koonings","og_description":"Une robe qui fait r\u00eaver. \u00c0 premi\u00e8re vue, la robe ressemble \u00e0 une ligne A typique avec un d\u00e9collet\u00e9 en V et une jupe en tulle souple. Mais ce qui fait la particularit\u00e9 de cette robe, ce sont les manches amovibles \u00e0 \u00e9paules d\u00e9couvertes auxquelles sont attach\u00e9es de longues bandes de tulle. Cela donne \u00e0 la robe un effet de r\u00eave et permet \u00e0 la mari\u00e9e de flotter au septi\u00e8me ciel.","og_url":"https:\/\/www.koonings.com\/fr\/product\/fashion-queen-miss-beautiful-bride-mgb133\/","og_site_name":"Koonings","article_publisher":"https:\/\/www.facebook.com\/kooningstheweddingpalace","article_modified_time":"2026-02-03T19:06:28+00:00","og_image":[{"width":1813,"height":2560,"url":"https:\/\/www.koonings.com\/wp-content\/uploads\/2024\/11\/38811_83fa6372a4abd9d97250040477283c02d2f1d4b5f6d4096bb44bb198ab01c3ce0f93c101-scaled.jpeg","type":"image\/jpeg"}],"twitter_card":"summary_large_image","schema":{"@context":"https:\/\/schema.org","@graph":[{"@type":"WebPage","@id":"https:\/\/www.koonings.com\/fr\/product\/fashion-queen-miss-beautiful-bride-mgb133\/","url":"https:\/\/www.koonings.com\/fr\/product\/fashion-queen-miss-beautiful-bride-mgb133\/","name":"Fashion Queen Miss Beautiful Bride MGB133 | Koonings","isPartOf":{"@id":"https:\/\/www.koonings.com\/fr\/#website"},"primaryImageOfPage":{"@id":"https:\/\/www.koonings.com\/fr\/product\/fashion-queen-miss-beautiful-bride-mgb133\/#primaryimage"},"image":{"@id":"https:\/\/www.koonings.com\/fr\/product\/fashion-queen-miss-beautiful-bride-mgb133\/#primaryimage"},"thumbnailUrl":"https:\/\/www.koonings.com\/wp-content\/uploads\/2024\/11\/38811_83fa6372a4abd9d97250040477283c02d2f1d4b5f6d4096bb44bb198ab01c3ce0f93c101-scaled.jpeg","datePublished":"2025-12-14T23:16:46+00:00","dateModified":"2026-02-03T19:06:28+00:00","description":"Une robe qui fait r\u00eaver. \u00c0 premi\u00e8re vue, la robe ressemble \u00e0 une ligne A typique avec un d\u00e9collet\u00e9 en V et une jupe en tulle souple. Mais ce qui fait la particularit\u00e9 de cette robe, ce sont les manches amovibles \u00e0 \u00e9paules d\u00e9couvertes auxquelles sont attach\u00e9es de longues bandes de tulle. Cela donne \u00e0 la robe un effet de r\u00eave et permet \u00e0 la mari\u00e9e de flotter au septi\u00e8me ciel.","breadcrumb":{"@id":"https:\/\/www.koonings.com\/fr\/product\/fashion-queen-miss-beautiful-bride-mgb133\/#breadcrumb"},"inLanguage":"fr-FR","potentialAction":[{"@type":"ReadAction","target":["https:\/\/www.koonings.com\/fr\/product\/fashion-queen-miss-beautiful-bride-mgb133\/"]}]},{"@type":"ImageObject","inLanguage":"fr-FR","@id":"https:\/\/www.koonings.com\/fr\/product\/fashion-queen-miss-beautiful-bride-mgb133\/#primaryimage","url":"https:\/\/www.koonings.com\/wp-content\/uploads\/2024\/11\/38811_83fa6372a4abd9d97250040477283c02d2f1d4b5f6d4096bb44bb198ab01c3ce0f93c101-scaled.jpeg","contentUrl":"https:\/\/www.koonings.com\/wp-content\/uploads\/2024\/11\/38811_83fa6372a4abd9d97250040477283c02d2f1d4b5f6d4096bb44bb198ab01c3ce0f93c101-scaled.jpeg","width":1813,"height":2560},{"@type":"BreadcrumbList","@id":"https:\/\/www.koonings.com\/fr\/product\/fashion-queen-miss-beautiful-bride-mgb133\/#breadcrumb","itemListElement":[{"@type":"ListItem","position":1,"name":"Home","item":"https:\/\/www.koonings.com\/fr\/"},{"@type":"ListItem","position":2,"name":"Fashion Queen Miss Beautiful Bride MGB133"}]},{"@type":"WebSite","@id":"https:\/\/www.koonings.com\/fr\/#website","url":"https:\/\/www.koonings.com\/fr\/","name":"Koonings","description":"De grootste bruidsmodewinkel ter wereld","publisher":{"@id":"https:\/\/www.koonings.com\/fr\/#organization"},"potentialAction":[{"@type":"SearchAction","target":{"@type":"EntryPoint","urlTemplate":"https:\/\/www.koonings.com\/fr\/?s={search_term_string}"},"query-input":{"@type":"PropertyValueSpecification","valueRequired":true,"valueName":"search_term_string"}}],"inLanguage":"fr-FR"},{"@type":"Organization","@id":"https:\/\/www.koonings.com\/fr\/#organization","name":"Koonings","url":"https:\/\/www.koonings.com\/fr\/","logo":{"@type":"ImageObject","inLanguage":"fr-FR","@id":"https:\/\/www.koonings.com\/fr\/#\/schema\/logo\/image\/","url":"https:\/\/www.koonings.com\/wp-content\/uploads\/2024\/07\/logo.png","contentUrl":"https:\/\/www.koonings.com\/wp-content\/uploads\/2024\/07\/logo.png","width":600,"height":428,"caption":"Koonings"},"image":{"@id":"https:\/\/www.koonings.com\/fr\/#\/schema\/logo\/image\/"},"sameAs":["https:\/\/www.facebook.com\/kooningstheweddingpalace","https:\/\/www.instagram.com\/kooningstheweddingpalace","https:\/\/www.pinterest.com\/koonings","https:\/\/www.youtube.com\/kooningstheweddingpalace"]}]}},"_links":{"self":[{"href":"https:\/\/www.koonings.com\/fr\/wp-json\/wp\/v2\/product\/80084","targetHints":{"allow":["GET"]}}],"collection":[{"href":"https:\/\/www.koonings.com\/fr\/wp-json\/wp\/v2\/product"}],"about":[{"href":"https:\/\/www.koonings.com\/fr\/wp-json\/wp\/v2\/types\/product"}],"wp:featuredmedia":[{"embeddable":true,"href":"https:\/\/www.koonings.com\/fr\/wp-json\/wp\/v2\/media\/73188"}],"wp:attachment":[{"href":"https:\/\/www.koonings.com\/fr\/wp-json\/wp\/v2\/media?parent=80084"}],"wp:term":[{"taxonomy":"productdetails","embeddable":true,"href":"https:\/\/www.koonings.com\/fr\/wp-json\/wp\/v2\/productdetails?post=80084"},{"taxonomy":"productneck","embeddable":true,"href":"https:\/\/www.koonings.com\/fr\/wp-json\/wp\/v2\/productneck?post=80084"},{"taxonomy":"productcolor","embeddable":true,"href":"https:\/\/www.koonings.com\/fr\/wp-json\/wp\/v2\/productcolor?post=80084"},{"taxonomy":"maat","embeddable":true,"href":"https:\/\/www.koonings.com\/fr\/wp-json\/wp\/v2\/maat?post=80084"},{"taxonomy":"productsupplier","embeddable":true,"href":"https:\/\/www.koonings.com\/fr\/wp-json\/wp\/v2\/productsupplier?post=80084"},{"taxonomy":"productsleeve","embeddable":true,"href":"https:\/\/www.koonings.com\/fr\/wp-json\/wp\/v2\/productsleeve?post=80084"},{"taxonomy":"productcategory","embeddable":true,"href":"https:\/\/www.koonings.com\/fr\/wp-json\/wp\/v2\/productcategory?post=80084"},{"taxonomy":"productsilhouette","embeddable":true,"href":"https:\/\/www.koonings.com\/fr\/wp-json\/wp\/v2\/productsilhouette?post=80084"},{"taxonomy":"productstyle","embeddable":true,"href":"https:\/\/www.koonings.com\/fr\/wp-json\/wp\/v2\/productstyle?post=80084"}],"curies":[{"name":"wp","href":"https:\/\/api.w.org\/{rel}","templated":true}]}}