{"id":80065,"date":"2026-05-06T15:02:41","date_gmt":"2026-05-06T13:02:41","guid":{"rendered":"https:\/\/www.koonings.com\/product\/chic-holland-917\/"},"modified":"2026-02-16T14:55:13","modified_gmt":"2026-02-16T13:55:13","slug":"chic-holland-917","status":"publish","type":"product","link":"https:\/\/www.koonings.com\/fr\/product\/chic-holland-917\/","title":{"rendered":"Chic &amp; Holland 917"},"content":{"rendered":"<p>Cette robe grise glamour de Chic &amp; Holland a une silhouette ajust\u00e9e et \u00e9vas\u00e9e. La robe tombe joliment jusqu&#8217;au sol et pr\u00e9sente un d\u00e9collet\u00e9 en V et un dos profond\u00e9ment ouvert. La robe est enti\u00e8rement orn\u00e9e de strass et de paillettes. Cette robe est parfaite pour un gala, une cravate noire, un mariage ou un \u00e9v\u00e9nement sur tapis rouge.   <\/p>\n","protected":false},"featured_media":73321,"template":"","meta":{"_acf_changed":false,"ghostkit_customizer_options":"","ghostkit_custom_css":"","ghostkit_custom_js_head":"","ghostkit_custom_js_foot":"","ghostkit_typography":""},"productdetails":[],"productneck":[],"productcolor":[394],"maat":[],"productsupplier":[494],"productsleeve":[],"productcategory":[259],"productsilhouette":[],"productstyle":[],"class_list":["post-80065","product","type-product","status-publish","has-post-thumbnail","hentry","productcolor-394","productsupplier-chic-holland","productcategory-avondkleding"],"acf":[],"yoast_head":"<!-- This site is optimized with the Yoast SEO plugin v27.3 - https:\/\/yoast.com\/product\/yoast-seo-wordpress\/ -->\n<title>Chic &amp; Holland 917 | Koonings<\/title>\n<meta name=\"description\" content=\"Cette robe grise glamour de Chic &amp; Holland a une silhouette ajust\u00e9e et \u00e9vas\u00e9e. La robe tombe joliment jusqu&#039;au sol et pr\u00e9sente un d\u00e9collet\u00e9 en V et un dos profond\u00e9ment ouvert. La robe est enti\u00e8rement orn\u00e9e de strass et de paillettes. Cette robe est parfaite pour un gala, une cravate noire, un mariage ou un \u00e9v\u00e9nement sur tapis rouge.\" \/>\n<meta name=\"robots\" content=\"index, follow, max-snippet:-1, max-image-preview:large, max-video-preview:-1\" \/>\n<link rel=\"canonical\" href=\"https:\/\/www.koonings.com\/fr\/product\/chic-holland-917\/\" \/>\n<meta property=\"og:locale\" content=\"fr_FR\" \/>\n<meta property=\"og:type\" content=\"article\" \/>\n<meta property=\"og:title\" content=\"Chic &amp; Holland 917 | Koonings\" \/>\n<meta property=\"og:description\" content=\"Cette robe grise glamour de Chic &amp; Holland a une silhouette ajust\u00e9e et \u00e9vas\u00e9e. La robe tombe joliment jusqu&#039;au sol et pr\u00e9sente un d\u00e9collet\u00e9 en V et un dos profond\u00e9ment ouvert. La robe est enti\u00e8rement orn\u00e9e de strass et de paillettes. Cette robe est parfaite pour un gala, une cravate noire, un mariage ou un \u00e9v\u00e9nement sur tapis rouge.\" \/>\n<meta property=\"og:url\" content=\"https:\/\/www.koonings.com\/fr\/product\/chic-holland-917\/\" \/>\n<meta property=\"og:site_name\" content=\"Koonings\" \/>\n<meta property=\"article:publisher\" content=\"https:\/\/www.facebook.com\/kooningstheweddingpalace\" \/>\n<meta property=\"og:image\" content=\"https:\/\/www.koonings.com\/wp-content\/uploads\/2024\/11\/21367_5d1001b471fc083628b9faffe27ee9493b7291cce95a89564d9f619839006a163c6aba81.jpeg\" \/>\n\t<meta property=\"og:image:width\" content=\"1198\" \/>\n\t<meta property=\"og:image:height\" content=\"1693\" \/>\n\t<meta property=\"og:image:type\" content=\"image\/jpeg\" \/>\n<meta name=\"twitter:card\" content=\"summary_large_image\" \/>\n<script type=\"application\/ld+json\" class=\"yoast-schema-graph\">{\"@context\":\"https:\\\/\\\/schema.org\",\"@graph\":[{\"@type\":\"WebPage\",\"@id\":\"https:\\\/\\\/www.koonings.com\\\/fr\\\/product\\\/chic-holland-917\\\/\",\"url\":\"https:\\\/\\\/www.koonings.com\\\/fr\\\/product\\\/chic-holland-917\\\/\",\"name\":\"Chic &amp; Holland 917 | Koonings\",\"isPartOf\":{\"@id\":\"https:\\\/\\\/www.koonings.com\\\/fr\\\/#website\"},\"primaryImageOfPage\":{\"@id\":\"https:\\\/\\\/www.koonings.com\\\/fr\\\/product\\\/chic-holland-917\\\/#primaryimage\"},\"image\":{\"@id\":\"https:\\\/\\\/www.koonings.com\\\/fr\\\/product\\\/chic-holland-917\\\/#primaryimage\"},\"thumbnailUrl\":\"https:\\\/\\\/www.koonings.com\\\/wp-content\\\/uploads\\\/2024\\\/11\\\/21367_5d1001b471fc083628b9faffe27ee9493b7291cce95a89564d9f619839006a163c6aba81.jpeg\",\"datePublished\":\"2026-05-06T13:02:41+00:00\",\"description\":\"Cette robe grise glamour de Chic & Holland a une silhouette ajust\u00e9e et \u00e9vas\u00e9e. La robe tombe joliment jusqu'au sol et pr\u00e9sente un d\u00e9collet\u00e9 en V et un dos profond\u00e9ment ouvert. La robe est enti\u00e8rement orn\u00e9e de strass et de paillettes. Cette robe est parfaite pour un gala, une cravate noire, un mariage ou un \u00e9v\u00e9nement sur tapis rouge.\",\"breadcrumb\":{\"@id\":\"https:\\\/\\\/www.koonings.com\\\/fr\\\/product\\\/chic-holland-917\\\/#breadcrumb\"},\"inLanguage\":\"fr-FR\",\"potentialAction\":[{\"@type\":\"ReadAction\",\"target\":[\"https:\\\/\\\/www.koonings.com\\\/fr\\\/product\\\/chic-holland-917\\\/\"]}]},{\"@type\":\"ImageObject\",\"inLanguage\":\"fr-FR\",\"@id\":\"https:\\\/\\\/www.koonings.com\\\/fr\\\/product\\\/chic-holland-917\\\/#primaryimage\",\"url\":\"https:\\\/\\\/www.koonings.com\\\/wp-content\\\/uploads\\\/2024\\\/11\\\/21367_5d1001b471fc083628b9faffe27ee9493b7291cce95a89564d9f619839006a163c6aba81.jpeg\",\"contentUrl\":\"https:\\\/\\\/www.koonings.com\\\/wp-content\\\/uploads\\\/2024\\\/11\\\/21367_5d1001b471fc083628b9faffe27ee9493b7291cce95a89564d9f619839006a163c6aba81.jpeg\",\"width\":1198,\"height\":1693},{\"@type\":\"BreadcrumbList\",\"@id\":\"https:\\\/\\\/www.koonings.com\\\/fr\\\/product\\\/chic-holland-917\\\/#breadcrumb\",\"itemListElement\":[{\"@type\":\"ListItem\",\"position\":1,\"name\":\"Home\",\"item\":\"https:\\\/\\\/www.koonings.com\\\/fr\\\/\"},{\"@type\":\"ListItem\",\"position\":2,\"name\":\"Chic &amp; Holland 917\"}]},{\"@type\":\"WebSite\",\"@id\":\"https:\\\/\\\/www.koonings.com\\\/fr\\\/#website\",\"url\":\"https:\\\/\\\/www.koonings.com\\\/fr\\\/\",\"name\":\"Koonings\",\"description\":\"De grootste bruidsmodewinkel ter wereld\",\"publisher\":{\"@id\":\"https:\\\/\\\/www.koonings.com\\\/fr\\\/#organization\"},\"potentialAction\":[{\"@type\":\"SearchAction\",\"target\":{\"@type\":\"EntryPoint\",\"urlTemplate\":\"https:\\\/\\\/www.koonings.com\\\/fr\\\/?s={search_term_string}\"},\"query-input\":{\"@type\":\"PropertyValueSpecification\",\"valueRequired\":true,\"valueName\":\"search_term_string\"}}],\"inLanguage\":\"fr-FR\"},{\"@type\":\"Organization\",\"@id\":\"https:\\\/\\\/www.koonings.com\\\/fr\\\/#organization\",\"name\":\"Koonings\",\"url\":\"https:\\\/\\\/www.koonings.com\\\/fr\\\/\",\"logo\":{\"@type\":\"ImageObject\",\"inLanguage\":\"fr-FR\",\"@id\":\"https:\\\/\\\/www.koonings.com\\\/fr\\\/#\\\/schema\\\/logo\\\/image\\\/\",\"url\":\"https:\\\/\\\/www.koonings.com\\\/wp-content\\\/uploads\\\/2024\\\/07\\\/logo.png\",\"contentUrl\":\"https:\\\/\\\/www.koonings.com\\\/wp-content\\\/uploads\\\/2024\\\/07\\\/logo.png\",\"width\":600,\"height\":428,\"caption\":\"Koonings\"},\"image\":{\"@id\":\"https:\\\/\\\/www.koonings.com\\\/fr\\\/#\\\/schema\\\/logo\\\/image\\\/\"},\"sameAs\":[\"https:\\\/\\\/www.facebook.com\\\/kooningstheweddingpalace\",\"https:\\\/\\\/www.instagram.com\\\/kooningstheweddingpalace\",\"https:\\\/\\\/www.pinterest.com\\\/koonings\",\"https:\\\/\\\/www.youtube.com\\\/kooningstheweddingpalace\"]}]}<\/script>\n<!-- \/ Yoast SEO plugin. -->","yoast_head_json":{"title":"Chic &amp; Holland 917 | Koonings","description":"Cette robe grise glamour de Chic & Holland a une silhouette ajust\u00e9e et \u00e9vas\u00e9e. La robe tombe joliment jusqu'au sol et pr\u00e9sente un d\u00e9collet\u00e9 en V et un dos profond\u00e9ment ouvert. La robe est enti\u00e8rement orn\u00e9e de strass et de paillettes. Cette robe est parfaite pour un gala, une cravate noire, un mariage ou un \u00e9v\u00e9nement sur tapis rouge.","robots":{"index":"index","follow":"follow","max-snippet":"max-snippet:-1","max-image-preview":"max-image-preview:large","max-video-preview":"max-video-preview:-1"},"canonical":"https:\/\/www.koonings.com\/fr\/product\/chic-holland-917\/","og_locale":"fr_FR","og_type":"article","og_title":"Chic &amp; Holland 917 | Koonings","og_description":"Cette robe grise glamour de Chic & Holland a une silhouette ajust\u00e9e et \u00e9vas\u00e9e. La robe tombe joliment jusqu'au sol et pr\u00e9sente un d\u00e9collet\u00e9 en V et un dos profond\u00e9ment ouvert. La robe est enti\u00e8rement orn\u00e9e de strass et de paillettes. Cette robe est parfaite pour un gala, une cravate noire, un mariage ou un \u00e9v\u00e9nement sur tapis rouge.","og_url":"https:\/\/www.koonings.com\/fr\/product\/chic-holland-917\/","og_site_name":"Koonings","article_publisher":"https:\/\/www.facebook.com\/kooningstheweddingpalace","og_image":[{"width":1198,"height":1693,"url":"https:\/\/www.koonings.com\/wp-content\/uploads\/2024\/11\/21367_5d1001b471fc083628b9faffe27ee9493b7291cce95a89564d9f619839006a163c6aba81.jpeg","type":"image\/jpeg"}],"twitter_card":"summary_large_image","schema":{"@context":"https:\/\/schema.org","@graph":[{"@type":"WebPage","@id":"https:\/\/www.koonings.com\/fr\/product\/chic-holland-917\/","url":"https:\/\/www.koonings.com\/fr\/product\/chic-holland-917\/","name":"Chic &amp; Holland 917 | Koonings","isPartOf":{"@id":"https:\/\/www.koonings.com\/fr\/#website"},"primaryImageOfPage":{"@id":"https:\/\/www.koonings.com\/fr\/product\/chic-holland-917\/#primaryimage"},"image":{"@id":"https:\/\/www.koonings.com\/fr\/product\/chic-holland-917\/#primaryimage"},"thumbnailUrl":"https:\/\/www.koonings.com\/wp-content\/uploads\/2024\/11\/21367_5d1001b471fc083628b9faffe27ee9493b7291cce95a89564d9f619839006a163c6aba81.jpeg","datePublished":"2026-05-06T13:02:41+00:00","description":"Cette robe grise glamour de Chic & Holland a une silhouette ajust\u00e9e et \u00e9vas\u00e9e. La robe tombe joliment jusqu'au sol et pr\u00e9sente un d\u00e9collet\u00e9 en V et un dos profond\u00e9ment ouvert. La robe est enti\u00e8rement orn\u00e9e de strass et de paillettes. Cette robe est parfaite pour un gala, une cravate noire, un mariage ou un \u00e9v\u00e9nement sur tapis rouge.","breadcrumb":{"@id":"https:\/\/www.koonings.com\/fr\/product\/chic-holland-917\/#breadcrumb"},"inLanguage":"fr-FR","potentialAction":[{"@type":"ReadAction","target":["https:\/\/www.koonings.com\/fr\/product\/chic-holland-917\/"]}]},{"@type":"ImageObject","inLanguage":"fr-FR","@id":"https:\/\/www.koonings.com\/fr\/product\/chic-holland-917\/#primaryimage","url":"https:\/\/www.koonings.com\/wp-content\/uploads\/2024\/11\/21367_5d1001b471fc083628b9faffe27ee9493b7291cce95a89564d9f619839006a163c6aba81.jpeg","contentUrl":"https:\/\/www.koonings.com\/wp-content\/uploads\/2024\/11\/21367_5d1001b471fc083628b9faffe27ee9493b7291cce95a89564d9f619839006a163c6aba81.jpeg","width":1198,"height":1693},{"@type":"BreadcrumbList","@id":"https:\/\/www.koonings.com\/fr\/product\/chic-holland-917\/#breadcrumb","itemListElement":[{"@type":"ListItem","position":1,"name":"Home","item":"https:\/\/www.koonings.com\/fr\/"},{"@type":"ListItem","position":2,"name":"Chic &amp; Holland 917"}]},{"@type":"WebSite","@id":"https:\/\/www.koonings.com\/fr\/#website","url":"https:\/\/www.koonings.com\/fr\/","name":"Koonings","description":"De grootste bruidsmodewinkel ter wereld","publisher":{"@id":"https:\/\/www.koonings.com\/fr\/#organization"},"potentialAction":[{"@type":"SearchAction","target":{"@type":"EntryPoint","urlTemplate":"https:\/\/www.koonings.com\/fr\/?s={search_term_string}"},"query-input":{"@type":"PropertyValueSpecification","valueRequired":true,"valueName":"search_term_string"}}],"inLanguage":"fr-FR"},{"@type":"Organization","@id":"https:\/\/www.koonings.com\/fr\/#organization","name":"Koonings","url":"https:\/\/www.koonings.com\/fr\/","logo":{"@type":"ImageObject","inLanguage":"fr-FR","@id":"https:\/\/www.koonings.com\/fr\/#\/schema\/logo\/image\/","url":"https:\/\/www.koonings.com\/wp-content\/uploads\/2024\/07\/logo.png","contentUrl":"https:\/\/www.koonings.com\/wp-content\/uploads\/2024\/07\/logo.png","width":600,"height":428,"caption":"Koonings"},"image":{"@id":"https:\/\/www.koonings.com\/fr\/#\/schema\/logo\/image\/"},"sameAs":["https:\/\/www.facebook.com\/kooningstheweddingpalace","https:\/\/www.instagram.com\/kooningstheweddingpalace","https:\/\/www.pinterest.com\/koonings","https:\/\/www.youtube.com\/kooningstheweddingpalace"]}]}},"_links":{"self":[{"href":"https:\/\/www.koonings.com\/fr\/wp-json\/wp\/v2\/product\/80065","targetHints":{"allow":["GET"]}}],"collection":[{"href":"https:\/\/www.koonings.com\/fr\/wp-json\/wp\/v2\/product"}],"about":[{"href":"https:\/\/www.koonings.com\/fr\/wp-json\/wp\/v2\/types\/product"}],"wp:featuredmedia":[{"embeddable":true,"href":"https:\/\/www.koonings.com\/fr\/wp-json\/wp\/v2\/media\/73321"}],"wp:attachment":[{"href":"https:\/\/www.koonings.com\/fr\/wp-json\/wp\/v2\/media?parent=80065"}],"wp:term":[{"taxonomy":"productdetails","embeddable":true,"href":"https:\/\/www.koonings.com\/fr\/wp-json\/wp\/v2\/productdetails?post=80065"},{"taxonomy":"productneck","embeddable":true,"href":"https:\/\/www.koonings.com\/fr\/wp-json\/wp\/v2\/productneck?post=80065"},{"taxonomy":"productcolor","embeddable":true,"href":"https:\/\/www.koonings.com\/fr\/wp-json\/wp\/v2\/productcolor?post=80065"},{"taxonomy":"maat","embeddable":true,"href":"https:\/\/www.koonings.com\/fr\/wp-json\/wp\/v2\/maat?post=80065"},{"taxonomy":"productsupplier","embeddable":true,"href":"https:\/\/www.koonings.com\/fr\/wp-json\/wp\/v2\/productsupplier?post=80065"},{"taxonomy":"productsleeve","embeddable":true,"href":"https:\/\/www.koonings.com\/fr\/wp-json\/wp\/v2\/productsleeve?post=80065"},{"taxonomy":"productcategory","embeddable":true,"href":"https:\/\/www.koonings.com\/fr\/wp-json\/wp\/v2\/productcategory?post=80065"},{"taxonomy":"productsilhouette","embeddable":true,"href":"https:\/\/www.koonings.com\/fr\/wp-json\/wp\/v2\/productsilhouette?post=80065"},{"taxonomy":"productstyle","embeddable":true,"href":"https:\/\/www.koonings.com\/fr\/wp-json\/wp\/v2\/productstyle?post=80065"}],"curies":[{"name":"wp","href":"https:\/\/api.w.org\/{rel}","templated":true}]}}