{"id":80058,"date":"2026-05-06T15:02:42","date_gmt":"2026-05-06T13:02:42","guid":{"rendered":"https:\/\/www.koonings.com\/product\/chic-holland-846\/"},"modified":"2026-02-16T14:55:15","modified_gmt":"2026-02-16T13:55:15","slug":"chic-holland-846","status":"publish","type":"product","link":"https:\/\/www.koonings.com\/fr\/product\/chic-holland-846\/","title":{"rendered":"Chic &amp; Holland 846"},"content":{"rendered":"<p>Cette robe de gala l\u00e9g\u00e8re de Chic &amp; Holland a une silhouette ajust\u00e9e, un joli d\u00e9collet\u00e9, de fines bretelles et une ceinture \u00e0 la taille. Les pierres argent\u00e9es ajoutent une touche chic. Cette robe est id\u00e9ale pour le tapis rouge, un concours de beaut\u00e9 ou un d\u00eener de charit\u00e9.  <\/p>\n","protected":false},"featured_media":73360,"template":"","meta":{"_acf_changed":false,"ghostkit_customizer_options":"","ghostkit_custom_css":"","ghostkit_custom_js_head":"","ghostkit_custom_js_foot":"","ghostkit_typography":""},"productdetails":[],"productneck":[],"productcolor":[394],"maat":[],"productsupplier":[494],"productsleeve":[],"productcategory":[259],"productsilhouette":[],"productstyle":[],"class_list":["post-80058","product","type-product","status-publish","has-post-thumbnail","hentry","productcolor-394","productsupplier-chic-holland","productcategory-avondkleding"],"acf":[],"yoast_head":"<!-- This site is optimized with the Yoast SEO plugin v27.3 - https:\/\/yoast.com\/product\/yoast-seo-wordpress\/ -->\n<title>Chic &amp; Holland 846 | Koonings<\/title>\n<meta name=\"description\" content=\"Cette robe de gala l\u00e9g\u00e8re de Chic &amp; Holland a une silhouette ajust\u00e9e, un joli d\u00e9collet\u00e9, de fines bretelles et une ceinture \u00e0 la taille. Les pierres argent\u00e9es ajoutent une touche chic. Cette robe est id\u00e9ale pour le tapis rouge, un concours de beaut\u00e9 ou un d\u00eener de charit\u00e9.\" \/>\n<meta name=\"robots\" content=\"index, follow, max-snippet:-1, max-image-preview:large, max-video-preview:-1\" \/>\n<link rel=\"canonical\" href=\"https:\/\/www.koonings.com\/fr\/product\/chic-holland-846\/\" \/>\n<meta property=\"og:locale\" content=\"fr_FR\" \/>\n<meta property=\"og:type\" content=\"article\" \/>\n<meta property=\"og:title\" content=\"Chic &amp; Holland 846 | Koonings\" \/>\n<meta property=\"og:description\" content=\"Cette robe de gala l\u00e9g\u00e8re de Chic &amp; Holland a une silhouette ajust\u00e9e, un joli d\u00e9collet\u00e9, de fines bretelles et une ceinture \u00e0 la taille. Les pierres argent\u00e9es ajoutent une touche chic. Cette robe est id\u00e9ale pour le tapis rouge, un concours de beaut\u00e9 ou un d\u00eener de charit\u00e9.\" \/>\n<meta property=\"og:url\" content=\"https:\/\/www.koonings.com\/fr\/product\/chic-holland-846\/\" \/>\n<meta property=\"og:site_name\" content=\"Koonings\" \/>\n<meta property=\"article:publisher\" content=\"https:\/\/www.facebook.com\/kooningstheweddingpalace\" \/>\n<meta property=\"og:image\" content=\"https:\/\/www.koonings.com\/wp-content\/uploads\/2024\/11\/21372_9556bf7bc45330fed2f2008b0f138a4b006df86a8580d2815e8fe915419afb987daefe56-scaled.jpeg\" \/>\n\t<meta property=\"og:image:width\" content=\"1810\" \/>\n\t<meta property=\"og:image:height\" content=\"2560\" \/>\n\t<meta property=\"og:image:type\" content=\"image\/jpeg\" \/>\n<meta name=\"twitter:card\" content=\"summary_large_image\" \/>\n<script type=\"application\/ld+json\" class=\"yoast-schema-graph\">{\"@context\":\"https:\\\/\\\/schema.org\",\"@graph\":[{\"@type\":\"WebPage\",\"@id\":\"https:\\\/\\\/www.koonings.com\\\/fr\\\/product\\\/chic-holland-846\\\/\",\"url\":\"https:\\\/\\\/www.koonings.com\\\/fr\\\/product\\\/chic-holland-846\\\/\",\"name\":\"Chic &amp; Holland 846 | Koonings\",\"isPartOf\":{\"@id\":\"https:\\\/\\\/www.koonings.com\\\/fr\\\/#website\"},\"primaryImageOfPage\":{\"@id\":\"https:\\\/\\\/www.koonings.com\\\/fr\\\/product\\\/chic-holland-846\\\/#primaryimage\"},\"image\":{\"@id\":\"https:\\\/\\\/www.koonings.com\\\/fr\\\/product\\\/chic-holland-846\\\/#primaryimage\"},\"thumbnailUrl\":\"https:\\\/\\\/www.koonings.com\\\/wp-content\\\/uploads\\\/2024\\\/11\\\/21372_9556bf7bc45330fed2f2008b0f138a4b006df86a8580d2815e8fe915419afb987daefe56-scaled.jpeg\",\"datePublished\":\"2026-05-06T13:02:42+00:00\",\"description\":\"Cette robe de gala l\u00e9g\u00e8re de Chic & Holland a une silhouette ajust\u00e9e, un joli d\u00e9collet\u00e9, de fines bretelles et une ceinture \u00e0 la taille. Les pierres argent\u00e9es ajoutent une touche chic. Cette robe est id\u00e9ale pour le tapis rouge, un concours de beaut\u00e9 ou un d\u00eener de charit\u00e9.\",\"breadcrumb\":{\"@id\":\"https:\\\/\\\/www.koonings.com\\\/fr\\\/product\\\/chic-holland-846\\\/#breadcrumb\"},\"inLanguage\":\"fr-FR\",\"potentialAction\":[{\"@type\":\"ReadAction\",\"target\":[\"https:\\\/\\\/www.koonings.com\\\/fr\\\/product\\\/chic-holland-846\\\/\"]}]},{\"@type\":\"ImageObject\",\"inLanguage\":\"fr-FR\",\"@id\":\"https:\\\/\\\/www.koonings.com\\\/fr\\\/product\\\/chic-holland-846\\\/#primaryimage\",\"url\":\"https:\\\/\\\/www.koonings.com\\\/wp-content\\\/uploads\\\/2024\\\/11\\\/21372_9556bf7bc45330fed2f2008b0f138a4b006df86a8580d2815e8fe915419afb987daefe56-scaled.jpeg\",\"contentUrl\":\"https:\\\/\\\/www.koonings.com\\\/wp-content\\\/uploads\\\/2024\\\/11\\\/21372_9556bf7bc45330fed2f2008b0f138a4b006df86a8580d2815e8fe915419afb987daefe56-scaled.jpeg\",\"width\":1810,\"height\":2560},{\"@type\":\"BreadcrumbList\",\"@id\":\"https:\\\/\\\/www.koonings.com\\\/fr\\\/product\\\/chic-holland-846\\\/#breadcrumb\",\"itemListElement\":[{\"@type\":\"ListItem\",\"position\":1,\"name\":\"Home\",\"item\":\"https:\\\/\\\/www.koonings.com\\\/fr\\\/\"},{\"@type\":\"ListItem\",\"position\":2,\"name\":\"Chic &amp; Holland 846\"}]},{\"@type\":\"WebSite\",\"@id\":\"https:\\\/\\\/www.koonings.com\\\/fr\\\/#website\",\"url\":\"https:\\\/\\\/www.koonings.com\\\/fr\\\/\",\"name\":\"Koonings\",\"description\":\"De grootste bruidsmodewinkel ter wereld\",\"publisher\":{\"@id\":\"https:\\\/\\\/www.koonings.com\\\/fr\\\/#organization\"},\"potentialAction\":[{\"@type\":\"SearchAction\",\"target\":{\"@type\":\"EntryPoint\",\"urlTemplate\":\"https:\\\/\\\/www.koonings.com\\\/fr\\\/?s={search_term_string}\"},\"query-input\":{\"@type\":\"PropertyValueSpecification\",\"valueRequired\":true,\"valueName\":\"search_term_string\"}}],\"inLanguage\":\"fr-FR\"},{\"@type\":\"Organization\",\"@id\":\"https:\\\/\\\/www.koonings.com\\\/fr\\\/#organization\",\"name\":\"Koonings\",\"url\":\"https:\\\/\\\/www.koonings.com\\\/fr\\\/\",\"logo\":{\"@type\":\"ImageObject\",\"inLanguage\":\"fr-FR\",\"@id\":\"https:\\\/\\\/www.koonings.com\\\/fr\\\/#\\\/schema\\\/logo\\\/image\\\/\",\"url\":\"https:\\\/\\\/www.koonings.com\\\/wp-content\\\/uploads\\\/2024\\\/07\\\/logo.png\",\"contentUrl\":\"https:\\\/\\\/www.koonings.com\\\/wp-content\\\/uploads\\\/2024\\\/07\\\/logo.png\",\"width\":600,\"height\":428,\"caption\":\"Koonings\"},\"image\":{\"@id\":\"https:\\\/\\\/www.koonings.com\\\/fr\\\/#\\\/schema\\\/logo\\\/image\\\/\"},\"sameAs\":[\"https:\\\/\\\/www.facebook.com\\\/kooningstheweddingpalace\",\"https:\\\/\\\/www.instagram.com\\\/kooningstheweddingpalace\",\"https:\\\/\\\/www.pinterest.com\\\/koonings\",\"https:\\\/\\\/www.youtube.com\\\/kooningstheweddingpalace\"]}]}<\/script>\n<!-- \/ Yoast SEO plugin. -->","yoast_head_json":{"title":"Chic &amp; Holland 846 | Koonings","description":"Cette robe de gala l\u00e9g\u00e8re de Chic & Holland a une silhouette ajust\u00e9e, un joli d\u00e9collet\u00e9, de fines bretelles et une ceinture \u00e0 la taille. Les pierres argent\u00e9es ajoutent une touche chic. Cette robe est id\u00e9ale pour le tapis rouge, un concours de beaut\u00e9 ou un d\u00eener de charit\u00e9.","robots":{"index":"index","follow":"follow","max-snippet":"max-snippet:-1","max-image-preview":"max-image-preview:large","max-video-preview":"max-video-preview:-1"},"canonical":"https:\/\/www.koonings.com\/fr\/product\/chic-holland-846\/","og_locale":"fr_FR","og_type":"article","og_title":"Chic &amp; Holland 846 | Koonings","og_description":"Cette robe de gala l\u00e9g\u00e8re de Chic & Holland a une silhouette ajust\u00e9e, un joli d\u00e9collet\u00e9, de fines bretelles et une ceinture \u00e0 la taille. Les pierres argent\u00e9es ajoutent une touche chic. Cette robe est id\u00e9ale pour le tapis rouge, un concours de beaut\u00e9 ou un d\u00eener de charit\u00e9.","og_url":"https:\/\/www.koonings.com\/fr\/product\/chic-holland-846\/","og_site_name":"Koonings","article_publisher":"https:\/\/www.facebook.com\/kooningstheweddingpalace","og_image":[{"width":1810,"height":2560,"url":"https:\/\/www.koonings.com\/wp-content\/uploads\/2024\/11\/21372_9556bf7bc45330fed2f2008b0f138a4b006df86a8580d2815e8fe915419afb987daefe56-scaled.jpeg","type":"image\/jpeg"}],"twitter_card":"summary_large_image","schema":{"@context":"https:\/\/schema.org","@graph":[{"@type":"WebPage","@id":"https:\/\/www.koonings.com\/fr\/product\/chic-holland-846\/","url":"https:\/\/www.koonings.com\/fr\/product\/chic-holland-846\/","name":"Chic &amp; Holland 846 | Koonings","isPartOf":{"@id":"https:\/\/www.koonings.com\/fr\/#website"},"primaryImageOfPage":{"@id":"https:\/\/www.koonings.com\/fr\/product\/chic-holland-846\/#primaryimage"},"image":{"@id":"https:\/\/www.koonings.com\/fr\/product\/chic-holland-846\/#primaryimage"},"thumbnailUrl":"https:\/\/www.koonings.com\/wp-content\/uploads\/2024\/11\/21372_9556bf7bc45330fed2f2008b0f138a4b006df86a8580d2815e8fe915419afb987daefe56-scaled.jpeg","datePublished":"2026-05-06T13:02:42+00:00","description":"Cette robe de gala l\u00e9g\u00e8re de Chic & Holland a une silhouette ajust\u00e9e, un joli d\u00e9collet\u00e9, de fines bretelles et une ceinture \u00e0 la taille. Les pierres argent\u00e9es ajoutent une touche chic. Cette robe est id\u00e9ale pour le tapis rouge, un concours de beaut\u00e9 ou un d\u00eener de charit\u00e9.","breadcrumb":{"@id":"https:\/\/www.koonings.com\/fr\/product\/chic-holland-846\/#breadcrumb"},"inLanguage":"fr-FR","potentialAction":[{"@type":"ReadAction","target":["https:\/\/www.koonings.com\/fr\/product\/chic-holland-846\/"]}]},{"@type":"ImageObject","inLanguage":"fr-FR","@id":"https:\/\/www.koonings.com\/fr\/product\/chic-holland-846\/#primaryimage","url":"https:\/\/www.koonings.com\/wp-content\/uploads\/2024\/11\/21372_9556bf7bc45330fed2f2008b0f138a4b006df86a8580d2815e8fe915419afb987daefe56-scaled.jpeg","contentUrl":"https:\/\/www.koonings.com\/wp-content\/uploads\/2024\/11\/21372_9556bf7bc45330fed2f2008b0f138a4b006df86a8580d2815e8fe915419afb987daefe56-scaled.jpeg","width":1810,"height":2560},{"@type":"BreadcrumbList","@id":"https:\/\/www.koonings.com\/fr\/product\/chic-holland-846\/#breadcrumb","itemListElement":[{"@type":"ListItem","position":1,"name":"Home","item":"https:\/\/www.koonings.com\/fr\/"},{"@type":"ListItem","position":2,"name":"Chic &amp; Holland 846"}]},{"@type":"WebSite","@id":"https:\/\/www.koonings.com\/fr\/#website","url":"https:\/\/www.koonings.com\/fr\/","name":"Koonings","description":"De grootste bruidsmodewinkel ter wereld","publisher":{"@id":"https:\/\/www.koonings.com\/fr\/#organization"},"potentialAction":[{"@type":"SearchAction","target":{"@type":"EntryPoint","urlTemplate":"https:\/\/www.koonings.com\/fr\/?s={search_term_string}"},"query-input":{"@type":"PropertyValueSpecification","valueRequired":true,"valueName":"search_term_string"}}],"inLanguage":"fr-FR"},{"@type":"Organization","@id":"https:\/\/www.koonings.com\/fr\/#organization","name":"Koonings","url":"https:\/\/www.koonings.com\/fr\/","logo":{"@type":"ImageObject","inLanguage":"fr-FR","@id":"https:\/\/www.koonings.com\/fr\/#\/schema\/logo\/image\/","url":"https:\/\/www.koonings.com\/wp-content\/uploads\/2024\/07\/logo.png","contentUrl":"https:\/\/www.koonings.com\/wp-content\/uploads\/2024\/07\/logo.png","width":600,"height":428,"caption":"Koonings"},"image":{"@id":"https:\/\/www.koonings.com\/fr\/#\/schema\/logo\/image\/"},"sameAs":["https:\/\/www.facebook.com\/kooningstheweddingpalace","https:\/\/www.instagram.com\/kooningstheweddingpalace","https:\/\/www.pinterest.com\/koonings","https:\/\/www.youtube.com\/kooningstheweddingpalace"]}]}},"_links":{"self":[{"href":"https:\/\/www.koonings.com\/fr\/wp-json\/wp\/v2\/product\/80058","targetHints":{"allow":["GET"]}}],"collection":[{"href":"https:\/\/www.koonings.com\/fr\/wp-json\/wp\/v2\/product"}],"about":[{"href":"https:\/\/www.koonings.com\/fr\/wp-json\/wp\/v2\/types\/product"}],"wp:featuredmedia":[{"embeddable":true,"href":"https:\/\/www.koonings.com\/fr\/wp-json\/wp\/v2\/media\/73360"}],"wp:attachment":[{"href":"https:\/\/www.koonings.com\/fr\/wp-json\/wp\/v2\/media?parent=80058"}],"wp:term":[{"taxonomy":"productdetails","embeddable":true,"href":"https:\/\/www.koonings.com\/fr\/wp-json\/wp\/v2\/productdetails?post=80058"},{"taxonomy":"productneck","embeddable":true,"href":"https:\/\/www.koonings.com\/fr\/wp-json\/wp\/v2\/productneck?post=80058"},{"taxonomy":"productcolor","embeddable":true,"href":"https:\/\/www.koonings.com\/fr\/wp-json\/wp\/v2\/productcolor?post=80058"},{"taxonomy":"maat","embeddable":true,"href":"https:\/\/www.koonings.com\/fr\/wp-json\/wp\/v2\/maat?post=80058"},{"taxonomy":"productsupplier","embeddable":true,"href":"https:\/\/www.koonings.com\/fr\/wp-json\/wp\/v2\/productsupplier?post=80058"},{"taxonomy":"productsleeve","embeddable":true,"href":"https:\/\/www.koonings.com\/fr\/wp-json\/wp\/v2\/productsleeve?post=80058"},{"taxonomy":"productcategory","embeddable":true,"href":"https:\/\/www.koonings.com\/fr\/wp-json\/wp\/v2\/productcategory?post=80058"},{"taxonomy":"productsilhouette","embeddable":true,"href":"https:\/\/www.koonings.com\/fr\/wp-json\/wp\/v2\/productsilhouette?post=80058"},{"taxonomy":"productstyle","embeddable":true,"href":"https:\/\/www.koonings.com\/fr\/wp-json\/wp\/v2\/productstyle?post=80058"}],"curies":[{"name":"wp","href":"https:\/\/api.w.org\/{rel}","templated":true}]}}