{"id":80051,"date":"2026-04-28T18:02:42","date_gmt":"2026-04-28T16:02:42","guid":{"rendered":"https:\/\/www.koonings.com\/product\/chic-holland-808\/"},"modified":"2026-02-16T14:55:15","modified_gmt":"2026-02-16T13:55:15","slug":"chic-holland-808","status":"publish","type":"product","link":"https:\/\/www.koonings.com\/fr\/product\/chic-holland-808\/","title":{"rendered":"Chic &amp; Holland 808"},"content":{"rendered":"<p>Cette jolie robe Chic and Holland est dot\u00e9e d&#8217;une petite manche \u00e0 capuchon et d&#8217;un d\u00e9collet\u00e9 en forme d&#8217;illusion. Les manches sont orn\u00e9es de dentelle et de strass. Le haut et la jupe sont enti\u00e8rement sertis de strass. Le motif de strass est accentu\u00e9 autour de la taille. Cette robe est parfaite pour une f\u00eate ou une c\u00e9l\u00e9bration \u00e0 Ibiza, mais aussi pour un gala.    <\/p>\n","protected":false},"featured_media":73369,"template":"","meta":{"_acf_changed":false,"ghostkit_customizer_options":"","ghostkit_custom_css":"","ghostkit_custom_js_head":"","ghostkit_custom_js_foot":"","ghostkit_typography":""},"productdetails":[],"productneck":[],"productcolor":[394],"maat":[],"productsupplier":[494],"productsleeve":[],"productcategory":[259],"productsilhouette":[],"productstyle":[],"class_list":["post-80051","product","type-product","status-publish","has-post-thumbnail","hentry","productcolor-394","productsupplier-chic-holland","productcategory-avondkleding"],"acf":[],"yoast_head":"<!-- This site is optimized with the Yoast SEO plugin v27.3 - https:\/\/yoast.com\/product\/yoast-seo-wordpress\/ -->\n<title>Chic &amp; Holland 808 | Koonings<\/title>\n<meta name=\"description\" content=\"Cette jolie robe Chic and Holland est dot\u00e9e d&#039;une petite manche \u00e0 capuchon et d&#039;un d\u00e9collet\u00e9 en forme d&#039;illusion. Les manches sont orn\u00e9es de dentelle et de strass. Le haut et la jupe sont enti\u00e8rement sertis de strass. Le motif de strass est accentu\u00e9 autour de la taille. Cette robe est parfaite pour une f\u00eate ou une c\u00e9l\u00e9bration \u00e0 Ibiza, mais aussi pour un gala.\" \/>\n<meta name=\"robots\" content=\"index, follow, max-snippet:-1, max-image-preview:large, max-video-preview:-1\" \/>\n<link rel=\"canonical\" href=\"https:\/\/www.koonings.com\/fr\/product\/chic-holland-808\/\" \/>\n<meta property=\"og:locale\" content=\"fr_FR\" \/>\n<meta property=\"og:type\" content=\"article\" \/>\n<meta property=\"og:title\" content=\"Chic &amp; Holland 808 | Koonings\" \/>\n<meta property=\"og:description\" content=\"Cette jolie robe Chic and Holland est dot\u00e9e d&#039;une petite manche \u00e0 capuchon et d&#039;un d\u00e9collet\u00e9 en forme d&#039;illusion. Les manches sont orn\u00e9es de dentelle et de strass. Le haut et la jupe sont enti\u00e8rement sertis de strass. Le motif de strass est accentu\u00e9 autour de la taille. Cette robe est parfaite pour une f\u00eate ou une c\u00e9l\u00e9bration \u00e0 Ibiza, mais aussi pour un gala.\" \/>\n<meta property=\"og:url\" content=\"https:\/\/www.koonings.com\/fr\/product\/chic-holland-808\/\" \/>\n<meta property=\"og:site_name\" content=\"Koonings\" \/>\n<meta property=\"article:publisher\" content=\"https:\/\/www.facebook.com\/kooningstheweddingpalace\" \/>\n<meta property=\"og:image\" content=\"https:\/\/www.koonings.com\/wp-content\/uploads\/2024\/11\/21375_c7b8fa6182322d9b959c30959125571385cd5cd3c98738c8aa8136f0ca16c103af98ec61.jpeg\" \/>\n\t<meta property=\"og:image:width\" content=\"1163\" \/>\n\t<meta property=\"og:image:height\" content=\"1646\" \/>\n\t<meta property=\"og:image:type\" content=\"image\/jpeg\" \/>\n<meta name=\"twitter:card\" content=\"summary_large_image\" \/>\n<script type=\"application\/ld+json\" class=\"yoast-schema-graph\">{\"@context\":\"https:\\\/\\\/schema.org\",\"@graph\":[{\"@type\":\"WebPage\",\"@id\":\"https:\\\/\\\/www.koonings.com\\\/fr\\\/product\\\/chic-holland-808\\\/\",\"url\":\"https:\\\/\\\/www.koonings.com\\\/fr\\\/product\\\/chic-holland-808\\\/\",\"name\":\"Chic &amp; Holland 808 | Koonings\",\"isPartOf\":{\"@id\":\"https:\\\/\\\/www.koonings.com\\\/fr\\\/#website\"},\"primaryImageOfPage\":{\"@id\":\"https:\\\/\\\/www.koonings.com\\\/fr\\\/product\\\/chic-holland-808\\\/#primaryimage\"},\"image\":{\"@id\":\"https:\\\/\\\/www.koonings.com\\\/fr\\\/product\\\/chic-holland-808\\\/#primaryimage\"},\"thumbnailUrl\":\"https:\\\/\\\/www.koonings.com\\\/wp-content\\\/uploads\\\/2024\\\/11\\\/21375_c7b8fa6182322d9b959c30959125571385cd5cd3c98738c8aa8136f0ca16c103af98ec61.jpeg\",\"datePublished\":\"2026-04-28T16:02:42+00:00\",\"description\":\"Cette jolie robe Chic and Holland est dot\u00e9e d'une petite manche \u00e0 capuchon et d'un d\u00e9collet\u00e9 en forme d'illusion. Les manches sont orn\u00e9es de dentelle et de strass. Le haut et la jupe sont enti\u00e8rement sertis de strass. Le motif de strass est accentu\u00e9 autour de la taille. Cette robe est parfaite pour une f\u00eate ou une c\u00e9l\u00e9bration \u00e0 Ibiza, mais aussi pour un gala.\",\"breadcrumb\":{\"@id\":\"https:\\\/\\\/www.koonings.com\\\/fr\\\/product\\\/chic-holland-808\\\/#breadcrumb\"},\"inLanguage\":\"fr-FR\",\"potentialAction\":[{\"@type\":\"ReadAction\",\"target\":[\"https:\\\/\\\/www.koonings.com\\\/fr\\\/product\\\/chic-holland-808\\\/\"]}]},{\"@type\":\"ImageObject\",\"inLanguage\":\"fr-FR\",\"@id\":\"https:\\\/\\\/www.koonings.com\\\/fr\\\/product\\\/chic-holland-808\\\/#primaryimage\",\"url\":\"https:\\\/\\\/www.koonings.com\\\/wp-content\\\/uploads\\\/2024\\\/11\\\/21375_c7b8fa6182322d9b959c30959125571385cd5cd3c98738c8aa8136f0ca16c103af98ec61.jpeg\",\"contentUrl\":\"https:\\\/\\\/www.koonings.com\\\/wp-content\\\/uploads\\\/2024\\\/11\\\/21375_c7b8fa6182322d9b959c30959125571385cd5cd3c98738c8aa8136f0ca16c103af98ec61.jpeg\",\"width\":1163,\"height\":1646},{\"@type\":\"BreadcrumbList\",\"@id\":\"https:\\\/\\\/www.koonings.com\\\/fr\\\/product\\\/chic-holland-808\\\/#breadcrumb\",\"itemListElement\":[{\"@type\":\"ListItem\",\"position\":1,\"name\":\"Home\",\"item\":\"https:\\\/\\\/www.koonings.com\\\/fr\\\/\"},{\"@type\":\"ListItem\",\"position\":2,\"name\":\"Chic &amp; Holland 808\"}]},{\"@type\":\"WebSite\",\"@id\":\"https:\\\/\\\/www.koonings.com\\\/fr\\\/#website\",\"url\":\"https:\\\/\\\/www.koonings.com\\\/fr\\\/\",\"name\":\"Koonings\",\"description\":\"De grootste bruidsmodewinkel ter wereld\",\"publisher\":{\"@id\":\"https:\\\/\\\/www.koonings.com\\\/fr\\\/#organization\"},\"potentialAction\":[{\"@type\":\"SearchAction\",\"target\":{\"@type\":\"EntryPoint\",\"urlTemplate\":\"https:\\\/\\\/www.koonings.com\\\/fr\\\/?s={search_term_string}\"},\"query-input\":{\"@type\":\"PropertyValueSpecification\",\"valueRequired\":true,\"valueName\":\"search_term_string\"}}],\"inLanguage\":\"fr-FR\"},{\"@type\":\"Organization\",\"@id\":\"https:\\\/\\\/www.koonings.com\\\/fr\\\/#organization\",\"name\":\"Koonings\",\"url\":\"https:\\\/\\\/www.koonings.com\\\/fr\\\/\",\"logo\":{\"@type\":\"ImageObject\",\"inLanguage\":\"fr-FR\",\"@id\":\"https:\\\/\\\/www.koonings.com\\\/fr\\\/#\\\/schema\\\/logo\\\/image\\\/\",\"url\":\"https:\\\/\\\/www.koonings.com\\\/wp-content\\\/uploads\\\/2024\\\/07\\\/logo.png\",\"contentUrl\":\"https:\\\/\\\/www.koonings.com\\\/wp-content\\\/uploads\\\/2024\\\/07\\\/logo.png\",\"width\":600,\"height\":428,\"caption\":\"Koonings\"},\"image\":{\"@id\":\"https:\\\/\\\/www.koonings.com\\\/fr\\\/#\\\/schema\\\/logo\\\/image\\\/\"},\"sameAs\":[\"https:\\\/\\\/www.facebook.com\\\/kooningstheweddingpalace\",\"https:\\\/\\\/www.instagram.com\\\/kooningstheweddingpalace\",\"https:\\\/\\\/www.pinterest.com\\\/koonings\",\"https:\\\/\\\/www.youtube.com\\\/kooningstheweddingpalace\"]}]}<\/script>\n<!-- \/ Yoast SEO plugin. -->","yoast_head_json":{"title":"Chic &amp; Holland 808 | Koonings","description":"Cette jolie robe Chic and Holland est dot\u00e9e d'une petite manche \u00e0 capuchon et d'un d\u00e9collet\u00e9 en forme d'illusion. Les manches sont orn\u00e9es de dentelle et de strass. Le haut et la jupe sont enti\u00e8rement sertis de strass. Le motif de strass est accentu\u00e9 autour de la taille. Cette robe est parfaite pour une f\u00eate ou une c\u00e9l\u00e9bration \u00e0 Ibiza, mais aussi pour un gala.","robots":{"index":"index","follow":"follow","max-snippet":"max-snippet:-1","max-image-preview":"max-image-preview:large","max-video-preview":"max-video-preview:-1"},"canonical":"https:\/\/www.koonings.com\/fr\/product\/chic-holland-808\/","og_locale":"fr_FR","og_type":"article","og_title":"Chic &amp; Holland 808 | Koonings","og_description":"Cette jolie robe Chic and Holland est dot\u00e9e d'une petite manche \u00e0 capuchon et d'un d\u00e9collet\u00e9 en forme d'illusion. Les manches sont orn\u00e9es de dentelle et de strass. Le haut et la jupe sont enti\u00e8rement sertis de strass. Le motif de strass est accentu\u00e9 autour de la taille. Cette robe est parfaite pour une f\u00eate ou une c\u00e9l\u00e9bration \u00e0 Ibiza, mais aussi pour un gala.","og_url":"https:\/\/www.koonings.com\/fr\/product\/chic-holland-808\/","og_site_name":"Koonings","article_publisher":"https:\/\/www.facebook.com\/kooningstheweddingpalace","og_image":[{"width":1163,"height":1646,"url":"https:\/\/www.koonings.com\/wp-content\/uploads\/2024\/11\/21375_c7b8fa6182322d9b959c30959125571385cd5cd3c98738c8aa8136f0ca16c103af98ec61.jpeg","type":"image\/jpeg"}],"twitter_card":"summary_large_image","schema":{"@context":"https:\/\/schema.org","@graph":[{"@type":"WebPage","@id":"https:\/\/www.koonings.com\/fr\/product\/chic-holland-808\/","url":"https:\/\/www.koonings.com\/fr\/product\/chic-holland-808\/","name":"Chic &amp; Holland 808 | Koonings","isPartOf":{"@id":"https:\/\/www.koonings.com\/fr\/#website"},"primaryImageOfPage":{"@id":"https:\/\/www.koonings.com\/fr\/product\/chic-holland-808\/#primaryimage"},"image":{"@id":"https:\/\/www.koonings.com\/fr\/product\/chic-holland-808\/#primaryimage"},"thumbnailUrl":"https:\/\/www.koonings.com\/wp-content\/uploads\/2024\/11\/21375_c7b8fa6182322d9b959c30959125571385cd5cd3c98738c8aa8136f0ca16c103af98ec61.jpeg","datePublished":"2026-04-28T16:02:42+00:00","description":"Cette jolie robe Chic and Holland est dot\u00e9e d'une petite manche \u00e0 capuchon et d'un d\u00e9collet\u00e9 en forme d'illusion. Les manches sont orn\u00e9es de dentelle et de strass. Le haut et la jupe sont enti\u00e8rement sertis de strass. Le motif de strass est accentu\u00e9 autour de la taille. Cette robe est parfaite pour une f\u00eate ou une c\u00e9l\u00e9bration \u00e0 Ibiza, mais aussi pour un gala.","breadcrumb":{"@id":"https:\/\/www.koonings.com\/fr\/product\/chic-holland-808\/#breadcrumb"},"inLanguage":"fr-FR","potentialAction":[{"@type":"ReadAction","target":["https:\/\/www.koonings.com\/fr\/product\/chic-holland-808\/"]}]},{"@type":"ImageObject","inLanguage":"fr-FR","@id":"https:\/\/www.koonings.com\/fr\/product\/chic-holland-808\/#primaryimage","url":"https:\/\/www.koonings.com\/wp-content\/uploads\/2024\/11\/21375_c7b8fa6182322d9b959c30959125571385cd5cd3c98738c8aa8136f0ca16c103af98ec61.jpeg","contentUrl":"https:\/\/www.koonings.com\/wp-content\/uploads\/2024\/11\/21375_c7b8fa6182322d9b959c30959125571385cd5cd3c98738c8aa8136f0ca16c103af98ec61.jpeg","width":1163,"height":1646},{"@type":"BreadcrumbList","@id":"https:\/\/www.koonings.com\/fr\/product\/chic-holland-808\/#breadcrumb","itemListElement":[{"@type":"ListItem","position":1,"name":"Home","item":"https:\/\/www.koonings.com\/fr\/"},{"@type":"ListItem","position":2,"name":"Chic &amp; Holland 808"}]},{"@type":"WebSite","@id":"https:\/\/www.koonings.com\/fr\/#website","url":"https:\/\/www.koonings.com\/fr\/","name":"Koonings","description":"De grootste bruidsmodewinkel ter wereld","publisher":{"@id":"https:\/\/www.koonings.com\/fr\/#organization"},"potentialAction":[{"@type":"SearchAction","target":{"@type":"EntryPoint","urlTemplate":"https:\/\/www.koonings.com\/fr\/?s={search_term_string}"},"query-input":{"@type":"PropertyValueSpecification","valueRequired":true,"valueName":"search_term_string"}}],"inLanguage":"fr-FR"},{"@type":"Organization","@id":"https:\/\/www.koonings.com\/fr\/#organization","name":"Koonings","url":"https:\/\/www.koonings.com\/fr\/","logo":{"@type":"ImageObject","inLanguage":"fr-FR","@id":"https:\/\/www.koonings.com\/fr\/#\/schema\/logo\/image\/","url":"https:\/\/www.koonings.com\/wp-content\/uploads\/2024\/07\/logo.png","contentUrl":"https:\/\/www.koonings.com\/wp-content\/uploads\/2024\/07\/logo.png","width":600,"height":428,"caption":"Koonings"},"image":{"@id":"https:\/\/www.koonings.com\/fr\/#\/schema\/logo\/image\/"},"sameAs":["https:\/\/www.facebook.com\/kooningstheweddingpalace","https:\/\/www.instagram.com\/kooningstheweddingpalace","https:\/\/www.pinterest.com\/koonings","https:\/\/www.youtube.com\/kooningstheweddingpalace"]}]}},"_links":{"self":[{"href":"https:\/\/www.koonings.com\/fr\/wp-json\/wp\/v2\/product\/80051","targetHints":{"allow":["GET"]}}],"collection":[{"href":"https:\/\/www.koonings.com\/fr\/wp-json\/wp\/v2\/product"}],"about":[{"href":"https:\/\/www.koonings.com\/fr\/wp-json\/wp\/v2\/types\/product"}],"wp:featuredmedia":[{"embeddable":true,"href":"https:\/\/www.koonings.com\/fr\/wp-json\/wp\/v2\/media\/73369"}],"wp:attachment":[{"href":"https:\/\/www.koonings.com\/fr\/wp-json\/wp\/v2\/media?parent=80051"}],"wp:term":[{"taxonomy":"productdetails","embeddable":true,"href":"https:\/\/www.koonings.com\/fr\/wp-json\/wp\/v2\/productdetails?post=80051"},{"taxonomy":"productneck","embeddable":true,"href":"https:\/\/www.koonings.com\/fr\/wp-json\/wp\/v2\/productneck?post=80051"},{"taxonomy":"productcolor","embeddable":true,"href":"https:\/\/www.koonings.com\/fr\/wp-json\/wp\/v2\/productcolor?post=80051"},{"taxonomy":"maat","embeddable":true,"href":"https:\/\/www.koonings.com\/fr\/wp-json\/wp\/v2\/maat?post=80051"},{"taxonomy":"productsupplier","embeddable":true,"href":"https:\/\/www.koonings.com\/fr\/wp-json\/wp\/v2\/productsupplier?post=80051"},{"taxonomy":"productsleeve","embeddable":true,"href":"https:\/\/www.koonings.com\/fr\/wp-json\/wp\/v2\/productsleeve?post=80051"},{"taxonomy":"productcategory","embeddable":true,"href":"https:\/\/www.koonings.com\/fr\/wp-json\/wp\/v2\/productcategory?post=80051"},{"taxonomy":"productsilhouette","embeddable":true,"href":"https:\/\/www.koonings.com\/fr\/wp-json\/wp\/v2\/productsilhouette?post=80051"},{"taxonomy":"productstyle","embeddable":true,"href":"https:\/\/www.koonings.com\/fr\/wp-json\/wp\/v2\/productstyle?post=80051"}],"curies":[{"name":"wp","href":"https:\/\/api.w.org\/{rel}","templated":true}]}}