{"id":79978,"date":"2026-04-28T18:16:07","date_gmt":"2026-04-28T16:16:07","guid":{"rendered":"https:\/\/www.koonings.com\/product\/wilvorst-421206-40\/"},"modified":"2026-02-16T14:55:49","modified_gmt":"2026-02-16T13:55:49","slug":"wilvorst-421206-40","status":"publish","type":"product","link":"https:\/\/www.koonings.com\/fr\/product\/wilvorst-421206-40\/","title":{"rendered":"Wilvorst 421206\/40"},"content":{"rendered":"<p>Les costumes de mariage pr\u00e9sent\u00e9s sur notre site web sont une indication de la collection que nous avons en stock. Il y a un bon nombre de costumes en stock ; si vous souhaitez obtenir des informations sur un mod\u00e8le particulier, nous vous recommandons d&#8217;appeler ou d&#8217;envoyer un courriel avant de venir l&#8217;essayer. <\/p>\n<p>Un magnifique costume de mariage trois pi\u00e8ces classique. Ce mod\u00e8le ajust\u00e9 est accompagn\u00e9 d&#8217;un plastron dans le m\u00eame coloris. <\/p>\n","protected":false},"featured_media":73646,"template":"","meta":{"_acf_changed":false,"ghostkit_customizer_options":"","ghostkit_custom_css":"","ghostkit_custom_js_head":"","ghostkit_custom_js_foot":"","ghostkit_typography":""},"productdetails":[],"productneck":[],"productcolor":[448],"maat":[],"productsupplier":[495],"productsleeve":[],"productcategory":[227],"productsilhouette":[],"productstyle":[],"class_list":["post-79978","product","type-product","status-publish","has-post-thumbnail","hentry","productcolor-448","productsupplier-wilvorst","productcategory-kostuum"],"acf":[],"yoast_head":"<!-- This site is optimized with the Yoast SEO plugin v27.3 - https:\/\/yoast.com\/product\/yoast-seo-wordpress\/ -->\n<title>Wilvorst 421206\/40 | Koonings<\/title>\n<meta name=\"description\" content=\"Les costumes de mariage pr\u00e9sent\u00e9s sur notre site web sont une indication de la collection que nous avons en stock. Il y a un bon nombre de costumes en stock ; si vous souhaitez obtenir des informations sur un mod\u00e8le particulier, nous vous recommandons d&#039;appeler ou d&#039;envoyer un courriel avant de venir l&#039;essayer. Un magnifique costume de mariage trois pi\u00e8ces classique. Ce mod\u00e8le ajust\u00e9 est accompagn\u00e9 d&#039;un plastron dans le m\u00eame coloris.\" \/>\n<meta name=\"robots\" content=\"index, follow, max-snippet:-1, max-image-preview:large, max-video-preview:-1\" \/>\n<link rel=\"canonical\" href=\"https:\/\/www.koonings.com\/fr\/product\/wilvorst-421206-40\/\" \/>\n<meta property=\"og:locale\" content=\"fr_FR\" \/>\n<meta property=\"og:type\" content=\"article\" \/>\n<meta property=\"og:title\" content=\"Wilvorst 421206\/40 | Koonings\" \/>\n<meta property=\"og:description\" content=\"Les costumes de mariage pr\u00e9sent\u00e9s sur notre site web sont une indication de la collection que nous avons en stock. Il y a un bon nombre de costumes en stock ; si vous souhaitez obtenir des informations sur un mod\u00e8le particulier, nous vous recommandons d&#039;appeler ou d&#039;envoyer un courriel avant de venir l&#039;essayer. Un magnifique costume de mariage trois pi\u00e8ces classique. Ce mod\u00e8le ajust\u00e9 est accompagn\u00e9 d&#039;un plastron dans le m\u00eame coloris.\" \/>\n<meta property=\"og:url\" content=\"https:\/\/www.koonings.com\/fr\/product\/wilvorst-421206-40\/\" \/>\n<meta property=\"og:site_name\" content=\"Koonings\" \/>\n<meta property=\"article:publisher\" content=\"https:\/\/www.facebook.com\/kooningstheweddingpalace\" \/>\n<meta property=\"og:image\" content=\"https:\/\/www.koonings.com\/wp-content\/uploads\/2024\/11\/39846_de3f1e22e40fafe4c990341316b48a3e288e7eaec49fa782158657e5b657c3d164c69f82.jpeg\" \/>\n\t<meta property=\"og:image:width\" content=\"783\" \/>\n\t<meta property=\"og:image:height\" content=\"1108\" \/>\n\t<meta property=\"og:image:type\" content=\"image\/jpeg\" \/>\n<meta name=\"twitter:card\" content=\"summary_large_image\" \/>\n<script type=\"application\/ld+json\" class=\"yoast-schema-graph\">{\"@context\":\"https:\\\/\\\/schema.org\",\"@graph\":[{\"@type\":\"WebPage\",\"@id\":\"https:\\\/\\\/www.koonings.com\\\/fr\\\/product\\\/wilvorst-421206-40\\\/\",\"url\":\"https:\\\/\\\/www.koonings.com\\\/fr\\\/product\\\/wilvorst-421206-40\\\/\",\"name\":\"Wilvorst 421206\\\/40 | Koonings\",\"isPartOf\":{\"@id\":\"https:\\\/\\\/www.koonings.com\\\/fr\\\/#website\"},\"primaryImageOfPage\":{\"@id\":\"https:\\\/\\\/www.koonings.com\\\/fr\\\/product\\\/wilvorst-421206-40\\\/#primaryimage\"},\"image\":{\"@id\":\"https:\\\/\\\/www.koonings.com\\\/fr\\\/product\\\/wilvorst-421206-40\\\/#primaryimage\"},\"thumbnailUrl\":\"https:\\\/\\\/www.koonings.com\\\/wp-content\\\/uploads\\\/2024\\\/11\\\/39846_de3f1e22e40fafe4c990341316b48a3e288e7eaec49fa782158657e5b657c3d164c69f82.jpeg\",\"datePublished\":\"2026-04-28T16:16:07+00:00\",\"description\":\"Les costumes de mariage pr\u00e9sent\u00e9s sur notre site web sont une indication de la collection que nous avons en stock. Il y a un bon nombre de costumes en stock ; si vous souhaitez obtenir des informations sur un mod\u00e8le particulier, nous vous recommandons d'appeler ou d'envoyer un courriel avant de venir l'essayer. Un magnifique costume de mariage trois pi\u00e8ces classique. Ce mod\u00e8le ajust\u00e9 est accompagn\u00e9 d'un plastron dans le m\u00eame coloris.\",\"breadcrumb\":{\"@id\":\"https:\\\/\\\/www.koonings.com\\\/fr\\\/product\\\/wilvorst-421206-40\\\/#breadcrumb\"},\"inLanguage\":\"fr-FR\",\"potentialAction\":[{\"@type\":\"ReadAction\",\"target\":[\"https:\\\/\\\/www.koonings.com\\\/fr\\\/product\\\/wilvorst-421206-40\\\/\"]}]},{\"@type\":\"ImageObject\",\"inLanguage\":\"fr-FR\",\"@id\":\"https:\\\/\\\/www.koonings.com\\\/fr\\\/product\\\/wilvorst-421206-40\\\/#primaryimage\",\"url\":\"https:\\\/\\\/www.koonings.com\\\/wp-content\\\/uploads\\\/2024\\\/11\\\/39846_de3f1e22e40fafe4c990341316b48a3e288e7eaec49fa782158657e5b657c3d164c69f82.jpeg\",\"contentUrl\":\"https:\\\/\\\/www.koonings.com\\\/wp-content\\\/uploads\\\/2024\\\/11\\\/39846_de3f1e22e40fafe4c990341316b48a3e288e7eaec49fa782158657e5b657c3d164c69f82.jpeg\",\"width\":783,\"height\":1108},{\"@type\":\"BreadcrumbList\",\"@id\":\"https:\\\/\\\/www.koonings.com\\\/fr\\\/product\\\/wilvorst-421206-40\\\/#breadcrumb\",\"itemListElement\":[{\"@type\":\"ListItem\",\"position\":1,\"name\":\"Home\",\"item\":\"https:\\\/\\\/www.koonings.com\\\/fr\\\/\"},{\"@type\":\"ListItem\",\"position\":2,\"name\":\"Wilvorst 421206\\\/40\"}]},{\"@type\":\"WebSite\",\"@id\":\"https:\\\/\\\/www.koonings.com\\\/fr\\\/#website\",\"url\":\"https:\\\/\\\/www.koonings.com\\\/fr\\\/\",\"name\":\"Koonings\",\"description\":\"De grootste bruidsmodewinkel ter wereld\",\"publisher\":{\"@id\":\"https:\\\/\\\/www.koonings.com\\\/fr\\\/#organization\"},\"potentialAction\":[{\"@type\":\"SearchAction\",\"target\":{\"@type\":\"EntryPoint\",\"urlTemplate\":\"https:\\\/\\\/www.koonings.com\\\/fr\\\/?s={search_term_string}\"},\"query-input\":{\"@type\":\"PropertyValueSpecification\",\"valueRequired\":true,\"valueName\":\"search_term_string\"}}],\"inLanguage\":\"fr-FR\"},{\"@type\":\"Organization\",\"@id\":\"https:\\\/\\\/www.koonings.com\\\/fr\\\/#organization\",\"name\":\"Koonings\",\"url\":\"https:\\\/\\\/www.koonings.com\\\/fr\\\/\",\"logo\":{\"@type\":\"ImageObject\",\"inLanguage\":\"fr-FR\",\"@id\":\"https:\\\/\\\/www.koonings.com\\\/fr\\\/#\\\/schema\\\/logo\\\/image\\\/\",\"url\":\"https:\\\/\\\/www.koonings.com\\\/wp-content\\\/uploads\\\/2024\\\/07\\\/logo.png\",\"contentUrl\":\"https:\\\/\\\/www.koonings.com\\\/wp-content\\\/uploads\\\/2024\\\/07\\\/logo.png\",\"width\":600,\"height\":428,\"caption\":\"Koonings\"},\"image\":{\"@id\":\"https:\\\/\\\/www.koonings.com\\\/fr\\\/#\\\/schema\\\/logo\\\/image\\\/\"},\"sameAs\":[\"https:\\\/\\\/www.facebook.com\\\/kooningstheweddingpalace\",\"https:\\\/\\\/www.instagram.com\\\/kooningstheweddingpalace\",\"https:\\\/\\\/www.pinterest.com\\\/koonings\",\"https:\\\/\\\/www.youtube.com\\\/kooningstheweddingpalace\"]}]}<\/script>\n<!-- \/ Yoast SEO plugin. -->","yoast_head_json":{"title":"Wilvorst 421206\/40 | Koonings","description":"Les costumes de mariage pr\u00e9sent\u00e9s sur notre site web sont une indication de la collection que nous avons en stock. Il y a un bon nombre de costumes en stock ; si vous souhaitez obtenir des informations sur un mod\u00e8le particulier, nous vous recommandons d'appeler ou d'envoyer un courriel avant de venir l'essayer. Un magnifique costume de mariage trois pi\u00e8ces classique. Ce mod\u00e8le ajust\u00e9 est accompagn\u00e9 d'un plastron dans le m\u00eame coloris.","robots":{"index":"index","follow":"follow","max-snippet":"max-snippet:-1","max-image-preview":"max-image-preview:large","max-video-preview":"max-video-preview:-1"},"canonical":"https:\/\/www.koonings.com\/fr\/product\/wilvorst-421206-40\/","og_locale":"fr_FR","og_type":"article","og_title":"Wilvorst 421206\/40 | Koonings","og_description":"Les costumes de mariage pr\u00e9sent\u00e9s sur notre site web sont une indication de la collection que nous avons en stock. Il y a un bon nombre de costumes en stock ; si vous souhaitez obtenir des informations sur un mod\u00e8le particulier, nous vous recommandons d'appeler ou d'envoyer un courriel avant de venir l'essayer. Un magnifique costume de mariage trois pi\u00e8ces classique. Ce mod\u00e8le ajust\u00e9 est accompagn\u00e9 d'un plastron dans le m\u00eame coloris.","og_url":"https:\/\/www.koonings.com\/fr\/product\/wilvorst-421206-40\/","og_site_name":"Koonings","article_publisher":"https:\/\/www.facebook.com\/kooningstheweddingpalace","og_image":[{"width":783,"height":1108,"url":"https:\/\/www.koonings.com\/wp-content\/uploads\/2024\/11\/39846_de3f1e22e40fafe4c990341316b48a3e288e7eaec49fa782158657e5b657c3d164c69f82.jpeg","type":"image\/jpeg"}],"twitter_card":"summary_large_image","schema":{"@context":"https:\/\/schema.org","@graph":[{"@type":"WebPage","@id":"https:\/\/www.koonings.com\/fr\/product\/wilvorst-421206-40\/","url":"https:\/\/www.koonings.com\/fr\/product\/wilvorst-421206-40\/","name":"Wilvorst 421206\/40 | Koonings","isPartOf":{"@id":"https:\/\/www.koonings.com\/fr\/#website"},"primaryImageOfPage":{"@id":"https:\/\/www.koonings.com\/fr\/product\/wilvorst-421206-40\/#primaryimage"},"image":{"@id":"https:\/\/www.koonings.com\/fr\/product\/wilvorst-421206-40\/#primaryimage"},"thumbnailUrl":"https:\/\/www.koonings.com\/wp-content\/uploads\/2024\/11\/39846_de3f1e22e40fafe4c990341316b48a3e288e7eaec49fa782158657e5b657c3d164c69f82.jpeg","datePublished":"2026-04-28T16:16:07+00:00","description":"Les costumes de mariage pr\u00e9sent\u00e9s sur notre site web sont une indication de la collection que nous avons en stock. Il y a un bon nombre de costumes en stock ; si vous souhaitez obtenir des informations sur un mod\u00e8le particulier, nous vous recommandons d'appeler ou d'envoyer un courriel avant de venir l'essayer. Un magnifique costume de mariage trois pi\u00e8ces classique. Ce mod\u00e8le ajust\u00e9 est accompagn\u00e9 d'un plastron dans le m\u00eame coloris.","breadcrumb":{"@id":"https:\/\/www.koonings.com\/fr\/product\/wilvorst-421206-40\/#breadcrumb"},"inLanguage":"fr-FR","potentialAction":[{"@type":"ReadAction","target":["https:\/\/www.koonings.com\/fr\/product\/wilvorst-421206-40\/"]}]},{"@type":"ImageObject","inLanguage":"fr-FR","@id":"https:\/\/www.koonings.com\/fr\/product\/wilvorst-421206-40\/#primaryimage","url":"https:\/\/www.koonings.com\/wp-content\/uploads\/2024\/11\/39846_de3f1e22e40fafe4c990341316b48a3e288e7eaec49fa782158657e5b657c3d164c69f82.jpeg","contentUrl":"https:\/\/www.koonings.com\/wp-content\/uploads\/2024\/11\/39846_de3f1e22e40fafe4c990341316b48a3e288e7eaec49fa782158657e5b657c3d164c69f82.jpeg","width":783,"height":1108},{"@type":"BreadcrumbList","@id":"https:\/\/www.koonings.com\/fr\/product\/wilvorst-421206-40\/#breadcrumb","itemListElement":[{"@type":"ListItem","position":1,"name":"Home","item":"https:\/\/www.koonings.com\/fr\/"},{"@type":"ListItem","position":2,"name":"Wilvorst 421206\/40"}]},{"@type":"WebSite","@id":"https:\/\/www.koonings.com\/fr\/#website","url":"https:\/\/www.koonings.com\/fr\/","name":"Koonings","description":"De grootste bruidsmodewinkel ter wereld","publisher":{"@id":"https:\/\/www.koonings.com\/fr\/#organization"},"potentialAction":[{"@type":"SearchAction","target":{"@type":"EntryPoint","urlTemplate":"https:\/\/www.koonings.com\/fr\/?s={search_term_string}"},"query-input":{"@type":"PropertyValueSpecification","valueRequired":true,"valueName":"search_term_string"}}],"inLanguage":"fr-FR"},{"@type":"Organization","@id":"https:\/\/www.koonings.com\/fr\/#organization","name":"Koonings","url":"https:\/\/www.koonings.com\/fr\/","logo":{"@type":"ImageObject","inLanguage":"fr-FR","@id":"https:\/\/www.koonings.com\/fr\/#\/schema\/logo\/image\/","url":"https:\/\/www.koonings.com\/wp-content\/uploads\/2024\/07\/logo.png","contentUrl":"https:\/\/www.koonings.com\/wp-content\/uploads\/2024\/07\/logo.png","width":600,"height":428,"caption":"Koonings"},"image":{"@id":"https:\/\/www.koonings.com\/fr\/#\/schema\/logo\/image\/"},"sameAs":["https:\/\/www.facebook.com\/kooningstheweddingpalace","https:\/\/www.instagram.com\/kooningstheweddingpalace","https:\/\/www.pinterest.com\/koonings","https:\/\/www.youtube.com\/kooningstheweddingpalace"]}]}},"_links":{"self":[{"href":"https:\/\/www.koonings.com\/fr\/wp-json\/wp\/v2\/product\/79978","targetHints":{"allow":["GET"]}}],"collection":[{"href":"https:\/\/www.koonings.com\/fr\/wp-json\/wp\/v2\/product"}],"about":[{"href":"https:\/\/www.koonings.com\/fr\/wp-json\/wp\/v2\/types\/product"}],"wp:featuredmedia":[{"embeddable":true,"href":"https:\/\/www.koonings.com\/fr\/wp-json\/wp\/v2\/media\/73646"}],"wp:attachment":[{"href":"https:\/\/www.koonings.com\/fr\/wp-json\/wp\/v2\/media?parent=79978"}],"wp:term":[{"taxonomy":"productdetails","embeddable":true,"href":"https:\/\/www.koonings.com\/fr\/wp-json\/wp\/v2\/productdetails?post=79978"},{"taxonomy":"productneck","embeddable":true,"href":"https:\/\/www.koonings.com\/fr\/wp-json\/wp\/v2\/productneck?post=79978"},{"taxonomy":"productcolor","embeddable":true,"href":"https:\/\/www.koonings.com\/fr\/wp-json\/wp\/v2\/productcolor?post=79978"},{"taxonomy":"maat","embeddable":true,"href":"https:\/\/www.koonings.com\/fr\/wp-json\/wp\/v2\/maat?post=79978"},{"taxonomy":"productsupplier","embeddable":true,"href":"https:\/\/www.koonings.com\/fr\/wp-json\/wp\/v2\/productsupplier?post=79978"},{"taxonomy":"productsleeve","embeddable":true,"href":"https:\/\/www.koonings.com\/fr\/wp-json\/wp\/v2\/productsleeve?post=79978"},{"taxonomy":"productcategory","embeddable":true,"href":"https:\/\/www.koonings.com\/fr\/wp-json\/wp\/v2\/productcategory?post=79978"},{"taxonomy":"productsilhouette","embeddable":true,"href":"https:\/\/www.koonings.com\/fr\/wp-json\/wp\/v2\/productsilhouette?post=79978"},{"taxonomy":"productstyle","embeddable":true,"href":"https:\/\/www.koonings.com\/fr\/wp-json\/wp\/v2\/productstyle?post=79978"}],"curies":[{"name":"wp","href":"https:\/\/api.w.org\/{rel}","templated":true}]}}