{"id":79977,"date":"2025-12-15T00:06:46","date_gmt":"2025-12-14T23:06:46","guid":{"rendered":"https:\/\/www.koonings.com\/product\/chic-holland-hf1176\/"},"modified":"2026-02-03T20:08:01","modified_gmt":"2026-02-03T19:08:01","slug":"chic-holland-hf1176","status":"publish","type":"product","link":"https:\/\/www.koonings.com\/fr\/product\/chic-holland-hf1176\/","title":{"rendered":"Chic &amp; Holland HF1176"},"content":{"rendered":"<p>Cette robe de couleur blush\/rose de Chic &amp; Holland a une silhouette joliment ajust\u00e9e. La robe est dot\u00e9e de bretelles et de bretelles d\u00e9collet\u00e9es pour un effet \u00e0 la fois ludique et moderne. L&#8217;ensemble de la robe est d\u00e9cor\u00e9 de strass dans un motif. Le bas du dos et les bretelles d\u00e9collet\u00e9es conf\u00e8rent \u00e9galement \u00e0 la robe une allure sexy. Cette magnifique robe de soir\u00e9e serait parfaite pour un concours de beaut\u00e9, par exemple.    <\/p>\n","protected":false},"featured_media":73680,"template":"","meta":{"_acf_changed":false,"ghostkit_customizer_options":"","ghostkit_custom_css":"","ghostkit_custom_js_head":"","ghostkit_custom_js_foot":"","ghostkit_typography":""},"productdetails":[],"productneck":[],"productcolor":[394],"maat":[],"productsupplier":[494],"productsleeve":[],"productcategory":[259],"productsilhouette":[],"productstyle":[],"class_list":["post-79977","product","type-product","status-publish","has-post-thumbnail","hentry","productcolor-394","productsupplier-chic-holland","productcategory-avondkleding"],"acf":[],"yoast_head":"<!-- This site is optimized with the Yoast SEO plugin v27.3 - https:\/\/yoast.com\/product\/yoast-seo-wordpress\/ -->\n<title>Chic &amp; Holland HF1176 | Koonings<\/title>\n<meta name=\"description\" content=\"Cette robe de couleur blush\/rose de Chic &amp; Holland a une silhouette joliment ajust\u00e9e. La robe est dot\u00e9e de bretelles et de bretelles d\u00e9collet\u00e9es pour un effet \u00e0 la fois ludique et moderne. L&#039;ensemble de la robe est d\u00e9cor\u00e9 de strass dans un motif. Le bas du dos et les bretelles d\u00e9collet\u00e9es conf\u00e8rent \u00e9galement \u00e0 la robe une allure sexy. Cette magnifique robe de soir\u00e9e serait parfaite pour un concours de beaut\u00e9, par exemple.\" \/>\n<meta name=\"robots\" content=\"index, follow, max-snippet:-1, max-image-preview:large, max-video-preview:-1\" \/>\n<link rel=\"canonical\" href=\"https:\/\/www.koonings.com\/fr\/product\/chic-holland-hf1176\/\" \/>\n<meta property=\"og:locale\" content=\"fr_FR\" \/>\n<meta property=\"og:type\" content=\"article\" \/>\n<meta property=\"og:title\" content=\"Chic &amp; Holland HF1176 | Koonings\" \/>\n<meta property=\"og:description\" content=\"Cette robe de couleur blush\/rose de Chic &amp; Holland a une silhouette joliment ajust\u00e9e. La robe est dot\u00e9e de bretelles et de bretelles d\u00e9collet\u00e9es pour un effet \u00e0 la fois ludique et moderne. L&#039;ensemble de la robe est d\u00e9cor\u00e9 de strass dans un motif. Le bas du dos et les bretelles d\u00e9collet\u00e9es conf\u00e8rent \u00e9galement \u00e0 la robe une allure sexy. Cette magnifique robe de soir\u00e9e serait parfaite pour un concours de beaut\u00e9, par exemple.\" \/>\n<meta property=\"og:url\" content=\"https:\/\/www.koonings.com\/fr\/product\/chic-holland-hf1176\/\" \/>\n<meta property=\"og:site_name\" content=\"Koonings\" \/>\n<meta property=\"article:publisher\" content=\"https:\/\/www.facebook.com\/kooningstheweddingpalace\" \/>\n<meta property=\"article:modified_time\" content=\"2026-02-03T19:08:01+00:00\" \/>\n<meta property=\"og:image\" content=\"https:\/\/www.koonings.com\/wp-content\/uploads\/2024\/11\/28391_24f391cdd8df3daf5dde65e217e01e8c966a3263bba74181fa238da6c093a33360c99427.jpeg\" \/>\n\t<meta property=\"og:image:width\" content=\"1774\" \/>\n\t<meta property=\"og:image:height\" content=\"2508\" \/>\n\t<meta property=\"og:image:type\" content=\"image\/jpeg\" \/>\n<meta name=\"twitter:card\" content=\"summary_large_image\" \/>\n<script type=\"application\/ld+json\" class=\"yoast-schema-graph\">{\"@context\":\"https:\\\/\\\/schema.org\",\"@graph\":[{\"@type\":\"WebPage\",\"@id\":\"https:\\\/\\\/www.koonings.com\\\/fr\\\/product\\\/chic-holland-hf1176\\\/\",\"url\":\"https:\\\/\\\/www.koonings.com\\\/fr\\\/product\\\/chic-holland-hf1176\\\/\",\"name\":\"Chic &amp; Holland HF1176 | Koonings\",\"isPartOf\":{\"@id\":\"https:\\\/\\\/www.koonings.com\\\/fr\\\/#website\"},\"primaryImageOfPage\":{\"@id\":\"https:\\\/\\\/www.koonings.com\\\/fr\\\/product\\\/chic-holland-hf1176\\\/#primaryimage\"},\"image\":{\"@id\":\"https:\\\/\\\/www.koonings.com\\\/fr\\\/product\\\/chic-holland-hf1176\\\/#primaryimage\"},\"thumbnailUrl\":\"https:\\\/\\\/www.koonings.com\\\/wp-content\\\/uploads\\\/2024\\\/11\\\/28391_24f391cdd8df3daf5dde65e217e01e8c966a3263bba74181fa238da6c093a33360c99427.jpeg\",\"datePublished\":\"2025-12-14T23:06:46+00:00\",\"dateModified\":\"2026-02-03T19:08:01+00:00\",\"description\":\"Cette robe de couleur blush\\\/rose de Chic & Holland a une silhouette joliment ajust\u00e9e. La robe est dot\u00e9e de bretelles et de bretelles d\u00e9collet\u00e9es pour un effet \u00e0 la fois ludique et moderne. L'ensemble de la robe est d\u00e9cor\u00e9 de strass dans un motif. Le bas du dos et les bretelles d\u00e9collet\u00e9es conf\u00e8rent \u00e9galement \u00e0 la robe une allure sexy. Cette magnifique robe de soir\u00e9e serait parfaite pour un concours de beaut\u00e9, par exemple.\",\"breadcrumb\":{\"@id\":\"https:\\\/\\\/www.koonings.com\\\/fr\\\/product\\\/chic-holland-hf1176\\\/#breadcrumb\"},\"inLanguage\":\"fr-FR\",\"potentialAction\":[{\"@type\":\"ReadAction\",\"target\":[\"https:\\\/\\\/www.koonings.com\\\/fr\\\/product\\\/chic-holland-hf1176\\\/\"]}]},{\"@type\":\"ImageObject\",\"inLanguage\":\"fr-FR\",\"@id\":\"https:\\\/\\\/www.koonings.com\\\/fr\\\/product\\\/chic-holland-hf1176\\\/#primaryimage\",\"url\":\"https:\\\/\\\/www.koonings.com\\\/wp-content\\\/uploads\\\/2024\\\/11\\\/28391_24f391cdd8df3daf5dde65e217e01e8c966a3263bba74181fa238da6c093a33360c99427.jpeg\",\"contentUrl\":\"https:\\\/\\\/www.koonings.com\\\/wp-content\\\/uploads\\\/2024\\\/11\\\/28391_24f391cdd8df3daf5dde65e217e01e8c966a3263bba74181fa238da6c093a33360c99427.jpeg\",\"width\":1774,\"height\":2508},{\"@type\":\"BreadcrumbList\",\"@id\":\"https:\\\/\\\/www.koonings.com\\\/fr\\\/product\\\/chic-holland-hf1176\\\/#breadcrumb\",\"itemListElement\":[{\"@type\":\"ListItem\",\"position\":1,\"name\":\"Home\",\"item\":\"https:\\\/\\\/www.koonings.com\\\/fr\\\/\"},{\"@type\":\"ListItem\",\"position\":2,\"name\":\"Chic &amp; Holland HF1176\"}]},{\"@type\":\"WebSite\",\"@id\":\"https:\\\/\\\/www.koonings.com\\\/fr\\\/#website\",\"url\":\"https:\\\/\\\/www.koonings.com\\\/fr\\\/\",\"name\":\"Koonings\",\"description\":\"De grootste bruidsmodewinkel ter wereld\",\"publisher\":{\"@id\":\"https:\\\/\\\/www.koonings.com\\\/fr\\\/#organization\"},\"potentialAction\":[{\"@type\":\"SearchAction\",\"target\":{\"@type\":\"EntryPoint\",\"urlTemplate\":\"https:\\\/\\\/www.koonings.com\\\/fr\\\/?s={search_term_string}\"},\"query-input\":{\"@type\":\"PropertyValueSpecification\",\"valueRequired\":true,\"valueName\":\"search_term_string\"}}],\"inLanguage\":\"fr-FR\"},{\"@type\":\"Organization\",\"@id\":\"https:\\\/\\\/www.koonings.com\\\/fr\\\/#organization\",\"name\":\"Koonings\",\"url\":\"https:\\\/\\\/www.koonings.com\\\/fr\\\/\",\"logo\":{\"@type\":\"ImageObject\",\"inLanguage\":\"fr-FR\",\"@id\":\"https:\\\/\\\/www.koonings.com\\\/fr\\\/#\\\/schema\\\/logo\\\/image\\\/\",\"url\":\"https:\\\/\\\/www.koonings.com\\\/wp-content\\\/uploads\\\/2024\\\/07\\\/logo.png\",\"contentUrl\":\"https:\\\/\\\/www.koonings.com\\\/wp-content\\\/uploads\\\/2024\\\/07\\\/logo.png\",\"width\":600,\"height\":428,\"caption\":\"Koonings\"},\"image\":{\"@id\":\"https:\\\/\\\/www.koonings.com\\\/fr\\\/#\\\/schema\\\/logo\\\/image\\\/\"},\"sameAs\":[\"https:\\\/\\\/www.facebook.com\\\/kooningstheweddingpalace\",\"https:\\\/\\\/www.instagram.com\\\/kooningstheweddingpalace\",\"https:\\\/\\\/www.pinterest.com\\\/koonings\",\"https:\\\/\\\/www.youtube.com\\\/kooningstheweddingpalace\"]}]}<\/script>\n<!-- \/ Yoast SEO plugin. -->","yoast_head_json":{"title":"Chic &amp; Holland HF1176 | Koonings","description":"Cette robe de couleur blush\/rose de Chic & Holland a une silhouette joliment ajust\u00e9e. La robe est dot\u00e9e de bretelles et de bretelles d\u00e9collet\u00e9es pour un effet \u00e0 la fois ludique et moderne. L'ensemble de la robe est d\u00e9cor\u00e9 de strass dans un motif. Le bas du dos et les bretelles d\u00e9collet\u00e9es conf\u00e8rent \u00e9galement \u00e0 la robe une allure sexy. Cette magnifique robe de soir\u00e9e serait parfaite pour un concours de beaut\u00e9, par exemple.","robots":{"index":"index","follow":"follow","max-snippet":"max-snippet:-1","max-image-preview":"max-image-preview:large","max-video-preview":"max-video-preview:-1"},"canonical":"https:\/\/www.koonings.com\/fr\/product\/chic-holland-hf1176\/","og_locale":"fr_FR","og_type":"article","og_title":"Chic &amp; Holland HF1176 | Koonings","og_description":"Cette robe de couleur blush\/rose de Chic & Holland a une silhouette joliment ajust\u00e9e. La robe est dot\u00e9e de bretelles et de bretelles d\u00e9collet\u00e9es pour un effet \u00e0 la fois ludique et moderne. L'ensemble de la robe est d\u00e9cor\u00e9 de strass dans un motif. Le bas du dos et les bretelles d\u00e9collet\u00e9es conf\u00e8rent \u00e9galement \u00e0 la robe une allure sexy. Cette magnifique robe de soir\u00e9e serait parfaite pour un concours de beaut\u00e9, par exemple.","og_url":"https:\/\/www.koonings.com\/fr\/product\/chic-holland-hf1176\/","og_site_name":"Koonings","article_publisher":"https:\/\/www.facebook.com\/kooningstheweddingpalace","article_modified_time":"2026-02-03T19:08:01+00:00","og_image":[{"width":1774,"height":2508,"url":"https:\/\/www.koonings.com\/wp-content\/uploads\/2024\/11\/28391_24f391cdd8df3daf5dde65e217e01e8c966a3263bba74181fa238da6c093a33360c99427.jpeg","type":"image\/jpeg"}],"twitter_card":"summary_large_image","schema":{"@context":"https:\/\/schema.org","@graph":[{"@type":"WebPage","@id":"https:\/\/www.koonings.com\/fr\/product\/chic-holland-hf1176\/","url":"https:\/\/www.koonings.com\/fr\/product\/chic-holland-hf1176\/","name":"Chic &amp; Holland HF1176 | Koonings","isPartOf":{"@id":"https:\/\/www.koonings.com\/fr\/#website"},"primaryImageOfPage":{"@id":"https:\/\/www.koonings.com\/fr\/product\/chic-holland-hf1176\/#primaryimage"},"image":{"@id":"https:\/\/www.koonings.com\/fr\/product\/chic-holland-hf1176\/#primaryimage"},"thumbnailUrl":"https:\/\/www.koonings.com\/wp-content\/uploads\/2024\/11\/28391_24f391cdd8df3daf5dde65e217e01e8c966a3263bba74181fa238da6c093a33360c99427.jpeg","datePublished":"2025-12-14T23:06:46+00:00","dateModified":"2026-02-03T19:08:01+00:00","description":"Cette robe de couleur blush\/rose de Chic & Holland a une silhouette joliment ajust\u00e9e. La robe est dot\u00e9e de bretelles et de bretelles d\u00e9collet\u00e9es pour un effet \u00e0 la fois ludique et moderne. L'ensemble de la robe est d\u00e9cor\u00e9 de strass dans un motif. Le bas du dos et les bretelles d\u00e9collet\u00e9es conf\u00e8rent \u00e9galement \u00e0 la robe une allure sexy. Cette magnifique robe de soir\u00e9e serait parfaite pour un concours de beaut\u00e9, par exemple.","breadcrumb":{"@id":"https:\/\/www.koonings.com\/fr\/product\/chic-holland-hf1176\/#breadcrumb"},"inLanguage":"fr-FR","potentialAction":[{"@type":"ReadAction","target":["https:\/\/www.koonings.com\/fr\/product\/chic-holland-hf1176\/"]}]},{"@type":"ImageObject","inLanguage":"fr-FR","@id":"https:\/\/www.koonings.com\/fr\/product\/chic-holland-hf1176\/#primaryimage","url":"https:\/\/www.koonings.com\/wp-content\/uploads\/2024\/11\/28391_24f391cdd8df3daf5dde65e217e01e8c966a3263bba74181fa238da6c093a33360c99427.jpeg","contentUrl":"https:\/\/www.koonings.com\/wp-content\/uploads\/2024\/11\/28391_24f391cdd8df3daf5dde65e217e01e8c966a3263bba74181fa238da6c093a33360c99427.jpeg","width":1774,"height":2508},{"@type":"BreadcrumbList","@id":"https:\/\/www.koonings.com\/fr\/product\/chic-holland-hf1176\/#breadcrumb","itemListElement":[{"@type":"ListItem","position":1,"name":"Home","item":"https:\/\/www.koonings.com\/fr\/"},{"@type":"ListItem","position":2,"name":"Chic &amp; Holland HF1176"}]},{"@type":"WebSite","@id":"https:\/\/www.koonings.com\/fr\/#website","url":"https:\/\/www.koonings.com\/fr\/","name":"Koonings","description":"De grootste bruidsmodewinkel ter wereld","publisher":{"@id":"https:\/\/www.koonings.com\/fr\/#organization"},"potentialAction":[{"@type":"SearchAction","target":{"@type":"EntryPoint","urlTemplate":"https:\/\/www.koonings.com\/fr\/?s={search_term_string}"},"query-input":{"@type":"PropertyValueSpecification","valueRequired":true,"valueName":"search_term_string"}}],"inLanguage":"fr-FR"},{"@type":"Organization","@id":"https:\/\/www.koonings.com\/fr\/#organization","name":"Koonings","url":"https:\/\/www.koonings.com\/fr\/","logo":{"@type":"ImageObject","inLanguage":"fr-FR","@id":"https:\/\/www.koonings.com\/fr\/#\/schema\/logo\/image\/","url":"https:\/\/www.koonings.com\/wp-content\/uploads\/2024\/07\/logo.png","contentUrl":"https:\/\/www.koonings.com\/wp-content\/uploads\/2024\/07\/logo.png","width":600,"height":428,"caption":"Koonings"},"image":{"@id":"https:\/\/www.koonings.com\/fr\/#\/schema\/logo\/image\/"},"sameAs":["https:\/\/www.facebook.com\/kooningstheweddingpalace","https:\/\/www.instagram.com\/kooningstheweddingpalace","https:\/\/www.pinterest.com\/koonings","https:\/\/www.youtube.com\/kooningstheweddingpalace"]}]}},"_links":{"self":[{"href":"https:\/\/www.koonings.com\/fr\/wp-json\/wp\/v2\/product\/79977","targetHints":{"allow":["GET"]}}],"collection":[{"href":"https:\/\/www.koonings.com\/fr\/wp-json\/wp\/v2\/product"}],"about":[{"href":"https:\/\/www.koonings.com\/fr\/wp-json\/wp\/v2\/types\/product"}],"wp:featuredmedia":[{"embeddable":true,"href":"https:\/\/www.koonings.com\/fr\/wp-json\/wp\/v2\/media\/73680"}],"wp:attachment":[{"href":"https:\/\/www.koonings.com\/fr\/wp-json\/wp\/v2\/media?parent=79977"}],"wp:term":[{"taxonomy":"productdetails","embeddable":true,"href":"https:\/\/www.koonings.com\/fr\/wp-json\/wp\/v2\/productdetails?post=79977"},{"taxonomy":"productneck","embeddable":true,"href":"https:\/\/www.koonings.com\/fr\/wp-json\/wp\/v2\/productneck?post=79977"},{"taxonomy":"productcolor","embeddable":true,"href":"https:\/\/www.koonings.com\/fr\/wp-json\/wp\/v2\/productcolor?post=79977"},{"taxonomy":"maat","embeddable":true,"href":"https:\/\/www.koonings.com\/fr\/wp-json\/wp\/v2\/maat?post=79977"},{"taxonomy":"productsupplier","embeddable":true,"href":"https:\/\/www.koonings.com\/fr\/wp-json\/wp\/v2\/productsupplier?post=79977"},{"taxonomy":"productsleeve","embeddable":true,"href":"https:\/\/www.koonings.com\/fr\/wp-json\/wp\/v2\/productsleeve?post=79977"},{"taxonomy":"productcategory","embeddable":true,"href":"https:\/\/www.koonings.com\/fr\/wp-json\/wp\/v2\/productcategory?post=79977"},{"taxonomy":"productsilhouette","embeddable":true,"href":"https:\/\/www.koonings.com\/fr\/wp-json\/wp\/v2\/productsilhouette?post=79977"},{"taxonomy":"productstyle","embeddable":true,"href":"https:\/\/www.koonings.com\/fr\/wp-json\/wp\/v2\/productstyle?post=79977"}],"curies":[{"name":"wp","href":"https:\/\/api.w.org\/{rel}","templated":true}]}}