{"id":79969,"date":"2026-04-14T16:06:30","date_gmt":"2026-04-14T14:06:30","guid":{"rendered":"https:\/\/www.koonings.com\/product\/chic-holland-hf885a-tr\/"},"modified":"2026-02-16T14:55:54","modified_gmt":"2026-02-16T13:55:54","slug":"chic-holland-hf885a-tr","status":"publish","type":"product","link":"https:\/\/www.koonings.com\/fr\/product\/chic-holland-hf885a-tr\/","title":{"rendered":"Chic &amp; Holland HF885A + TR"},"content":{"rendered":"<p>Cette robe sophistiqu\u00e9e grise et nude de Chic &amp; Holland a une coupe \u00e9l\u00e9gante et une silhouette ajust\u00e9e et \u00e9vas\u00e9e. Remplie de dentelle brod\u00e9e glamour et agr\u00e9ment\u00e9e de paillettes et de strass, la robe pr\u00e9sente un d\u00e9collet\u00e9 en c\u0153ur avec de fines bretelles d\u00e9licates, une bande d\u00e9collet\u00e9e romantique et un dos sexy en forme de trou de serrure. Cette robe est parfaite pour tout gala, cravate noire ou tapis rouge.  <\/p>\n","protected":false},"featured_media":73719,"template":"","meta":{"_acf_changed":false,"ghostkit_customizer_options":"","ghostkit_custom_css":"","ghostkit_custom_js_head":"","ghostkit_custom_js_foot":"","ghostkit_typography":""},"productdetails":[],"productneck":[],"productcolor":[394],"maat":[],"productsupplier":[494],"productsleeve":[],"productcategory":[259],"productsilhouette":[],"productstyle":[],"class_list":["post-79969","product","type-product","status-publish","has-post-thumbnail","hentry","productcolor-394","productsupplier-chic-holland","productcategory-avondkleding"],"acf":[],"yoast_head":"<!-- This site is optimized with the Yoast SEO plugin v27.3 - https:\/\/yoast.com\/product\/yoast-seo-wordpress\/ -->\n<title>Chic &amp; Holland HF885A + TR | Koonings<\/title>\n<meta name=\"description\" content=\"Cette robe sophistiqu\u00e9e grise et nude de Chic &amp; Holland a une coupe \u00e9l\u00e9gante et une silhouette ajust\u00e9e et \u00e9vas\u00e9e. Remplie de dentelle brod\u00e9e glamour et agr\u00e9ment\u00e9e de paillettes et de strass, la robe pr\u00e9sente un d\u00e9collet\u00e9 en c\u0153ur avec de fines bretelles d\u00e9licates, une bande d\u00e9collet\u00e9e romantique et un dos sexy en forme de trou de serrure. Cette robe est parfaite pour tout gala, cravate noire ou tapis rouge.\" \/>\n<meta name=\"robots\" content=\"index, follow, max-snippet:-1, max-image-preview:large, max-video-preview:-1\" \/>\n<link rel=\"canonical\" href=\"https:\/\/www.koonings.com\/fr\/product\/chic-holland-hf885a-tr\/\" \/>\n<meta property=\"og:locale\" content=\"fr_FR\" \/>\n<meta property=\"og:type\" content=\"article\" \/>\n<meta property=\"og:title\" content=\"Chic &amp; Holland HF885A + TR | Koonings\" \/>\n<meta property=\"og:description\" content=\"Cette robe sophistiqu\u00e9e grise et nude de Chic &amp; Holland a une coupe \u00e9l\u00e9gante et une silhouette ajust\u00e9e et \u00e9vas\u00e9e. Remplie de dentelle brod\u00e9e glamour et agr\u00e9ment\u00e9e de paillettes et de strass, la robe pr\u00e9sente un d\u00e9collet\u00e9 en c\u0153ur avec de fines bretelles d\u00e9licates, une bande d\u00e9collet\u00e9e romantique et un dos sexy en forme de trou de serrure. Cette robe est parfaite pour tout gala, cravate noire ou tapis rouge.\" \/>\n<meta property=\"og:url\" content=\"https:\/\/www.koonings.com\/fr\/product\/chic-holland-hf885a-tr\/\" \/>\n<meta property=\"og:site_name\" content=\"Koonings\" \/>\n<meta property=\"article:publisher\" content=\"https:\/\/www.facebook.com\/kooningstheweddingpalace\" \/>\n<meta property=\"og:image\" content=\"https:\/\/www.koonings.com\/wp-content\/uploads\/2024\/11\/28427_746f63835507f99a7dcf5f8c74d8338d5765b0e5eb099f9f2a7f8c760d832694e5bd9417.jpeg\" \/>\n\t<meta property=\"og:image:width\" content=\"1554\" \/>\n\t<meta property=\"og:image:height\" content=\"2196\" \/>\n\t<meta property=\"og:image:type\" content=\"image\/jpeg\" \/>\n<meta name=\"twitter:card\" content=\"summary_large_image\" \/>\n<script type=\"application\/ld+json\" class=\"yoast-schema-graph\">{\"@context\":\"https:\\\/\\\/schema.org\",\"@graph\":[{\"@type\":\"WebPage\",\"@id\":\"https:\\\/\\\/www.koonings.com\\\/fr\\\/product\\\/chic-holland-hf885a-tr\\\/\",\"url\":\"https:\\\/\\\/www.koonings.com\\\/fr\\\/product\\\/chic-holland-hf885a-tr\\\/\",\"name\":\"Chic &amp; Holland HF885A + TR | Koonings\",\"isPartOf\":{\"@id\":\"https:\\\/\\\/www.koonings.com\\\/fr\\\/#website\"},\"primaryImageOfPage\":{\"@id\":\"https:\\\/\\\/www.koonings.com\\\/fr\\\/product\\\/chic-holland-hf885a-tr\\\/#primaryimage\"},\"image\":{\"@id\":\"https:\\\/\\\/www.koonings.com\\\/fr\\\/product\\\/chic-holland-hf885a-tr\\\/#primaryimage\"},\"thumbnailUrl\":\"https:\\\/\\\/www.koonings.com\\\/wp-content\\\/uploads\\\/2024\\\/11\\\/28427_746f63835507f99a7dcf5f8c74d8338d5765b0e5eb099f9f2a7f8c760d832694e5bd9417.jpeg\",\"datePublished\":\"2026-04-14T14:06:30+00:00\",\"description\":\"Cette robe sophistiqu\u00e9e grise et nude de Chic & Holland a une coupe \u00e9l\u00e9gante et une silhouette ajust\u00e9e et \u00e9vas\u00e9e. Remplie de dentelle brod\u00e9e glamour et agr\u00e9ment\u00e9e de paillettes et de strass, la robe pr\u00e9sente un d\u00e9collet\u00e9 en c\u0153ur avec de fines bretelles d\u00e9licates, une bande d\u00e9collet\u00e9e romantique et un dos sexy en forme de trou de serrure. Cette robe est parfaite pour tout gala, cravate noire ou tapis rouge.\",\"breadcrumb\":{\"@id\":\"https:\\\/\\\/www.koonings.com\\\/fr\\\/product\\\/chic-holland-hf885a-tr\\\/#breadcrumb\"},\"inLanguage\":\"fr-FR\",\"potentialAction\":[{\"@type\":\"ReadAction\",\"target\":[\"https:\\\/\\\/www.koonings.com\\\/fr\\\/product\\\/chic-holland-hf885a-tr\\\/\"]}]},{\"@type\":\"ImageObject\",\"inLanguage\":\"fr-FR\",\"@id\":\"https:\\\/\\\/www.koonings.com\\\/fr\\\/product\\\/chic-holland-hf885a-tr\\\/#primaryimage\",\"url\":\"https:\\\/\\\/www.koonings.com\\\/wp-content\\\/uploads\\\/2024\\\/11\\\/28427_746f63835507f99a7dcf5f8c74d8338d5765b0e5eb099f9f2a7f8c760d832694e5bd9417.jpeg\",\"contentUrl\":\"https:\\\/\\\/www.koonings.com\\\/wp-content\\\/uploads\\\/2024\\\/11\\\/28427_746f63835507f99a7dcf5f8c74d8338d5765b0e5eb099f9f2a7f8c760d832694e5bd9417.jpeg\",\"width\":1554,\"height\":2196},{\"@type\":\"BreadcrumbList\",\"@id\":\"https:\\\/\\\/www.koonings.com\\\/fr\\\/product\\\/chic-holland-hf885a-tr\\\/#breadcrumb\",\"itemListElement\":[{\"@type\":\"ListItem\",\"position\":1,\"name\":\"Home\",\"item\":\"https:\\\/\\\/www.koonings.com\\\/fr\\\/\"},{\"@type\":\"ListItem\",\"position\":2,\"name\":\"Chic &amp; Holland HF885A + TR\"}]},{\"@type\":\"WebSite\",\"@id\":\"https:\\\/\\\/www.koonings.com\\\/fr\\\/#website\",\"url\":\"https:\\\/\\\/www.koonings.com\\\/fr\\\/\",\"name\":\"Koonings\",\"description\":\"De grootste bruidsmodewinkel ter wereld\",\"publisher\":{\"@id\":\"https:\\\/\\\/www.koonings.com\\\/fr\\\/#organization\"},\"potentialAction\":[{\"@type\":\"SearchAction\",\"target\":{\"@type\":\"EntryPoint\",\"urlTemplate\":\"https:\\\/\\\/www.koonings.com\\\/fr\\\/?s={search_term_string}\"},\"query-input\":{\"@type\":\"PropertyValueSpecification\",\"valueRequired\":true,\"valueName\":\"search_term_string\"}}],\"inLanguage\":\"fr-FR\"},{\"@type\":\"Organization\",\"@id\":\"https:\\\/\\\/www.koonings.com\\\/fr\\\/#organization\",\"name\":\"Koonings\",\"url\":\"https:\\\/\\\/www.koonings.com\\\/fr\\\/\",\"logo\":{\"@type\":\"ImageObject\",\"inLanguage\":\"fr-FR\",\"@id\":\"https:\\\/\\\/www.koonings.com\\\/fr\\\/#\\\/schema\\\/logo\\\/image\\\/\",\"url\":\"https:\\\/\\\/www.koonings.com\\\/wp-content\\\/uploads\\\/2024\\\/07\\\/logo.png\",\"contentUrl\":\"https:\\\/\\\/www.koonings.com\\\/wp-content\\\/uploads\\\/2024\\\/07\\\/logo.png\",\"width\":600,\"height\":428,\"caption\":\"Koonings\"},\"image\":{\"@id\":\"https:\\\/\\\/www.koonings.com\\\/fr\\\/#\\\/schema\\\/logo\\\/image\\\/\"},\"sameAs\":[\"https:\\\/\\\/www.facebook.com\\\/kooningstheweddingpalace\",\"https:\\\/\\\/www.instagram.com\\\/kooningstheweddingpalace\",\"https:\\\/\\\/www.pinterest.com\\\/koonings\",\"https:\\\/\\\/www.youtube.com\\\/kooningstheweddingpalace\"]}]}<\/script>\n<!-- \/ Yoast SEO plugin. -->","yoast_head_json":{"title":"Chic &amp; Holland HF885A + TR | Koonings","description":"Cette robe sophistiqu\u00e9e grise et nude de Chic & Holland a une coupe \u00e9l\u00e9gante et une silhouette ajust\u00e9e et \u00e9vas\u00e9e. Remplie de dentelle brod\u00e9e glamour et agr\u00e9ment\u00e9e de paillettes et de strass, la robe pr\u00e9sente un d\u00e9collet\u00e9 en c\u0153ur avec de fines bretelles d\u00e9licates, une bande d\u00e9collet\u00e9e romantique et un dos sexy en forme de trou de serrure. Cette robe est parfaite pour tout gala, cravate noire ou tapis rouge.","robots":{"index":"index","follow":"follow","max-snippet":"max-snippet:-1","max-image-preview":"max-image-preview:large","max-video-preview":"max-video-preview:-1"},"canonical":"https:\/\/www.koonings.com\/fr\/product\/chic-holland-hf885a-tr\/","og_locale":"fr_FR","og_type":"article","og_title":"Chic &amp; Holland HF885A + TR | Koonings","og_description":"Cette robe sophistiqu\u00e9e grise et nude de Chic & Holland a une coupe \u00e9l\u00e9gante et une silhouette ajust\u00e9e et \u00e9vas\u00e9e. Remplie de dentelle brod\u00e9e glamour et agr\u00e9ment\u00e9e de paillettes et de strass, la robe pr\u00e9sente un d\u00e9collet\u00e9 en c\u0153ur avec de fines bretelles d\u00e9licates, une bande d\u00e9collet\u00e9e romantique et un dos sexy en forme de trou de serrure. Cette robe est parfaite pour tout gala, cravate noire ou tapis rouge.","og_url":"https:\/\/www.koonings.com\/fr\/product\/chic-holland-hf885a-tr\/","og_site_name":"Koonings","article_publisher":"https:\/\/www.facebook.com\/kooningstheweddingpalace","og_image":[{"width":1554,"height":2196,"url":"https:\/\/www.koonings.com\/wp-content\/uploads\/2024\/11\/28427_746f63835507f99a7dcf5f8c74d8338d5765b0e5eb099f9f2a7f8c760d832694e5bd9417.jpeg","type":"image\/jpeg"}],"twitter_card":"summary_large_image","schema":{"@context":"https:\/\/schema.org","@graph":[{"@type":"WebPage","@id":"https:\/\/www.koonings.com\/fr\/product\/chic-holland-hf885a-tr\/","url":"https:\/\/www.koonings.com\/fr\/product\/chic-holland-hf885a-tr\/","name":"Chic &amp; Holland HF885A + TR | Koonings","isPartOf":{"@id":"https:\/\/www.koonings.com\/fr\/#website"},"primaryImageOfPage":{"@id":"https:\/\/www.koonings.com\/fr\/product\/chic-holland-hf885a-tr\/#primaryimage"},"image":{"@id":"https:\/\/www.koonings.com\/fr\/product\/chic-holland-hf885a-tr\/#primaryimage"},"thumbnailUrl":"https:\/\/www.koonings.com\/wp-content\/uploads\/2024\/11\/28427_746f63835507f99a7dcf5f8c74d8338d5765b0e5eb099f9f2a7f8c760d832694e5bd9417.jpeg","datePublished":"2026-04-14T14:06:30+00:00","description":"Cette robe sophistiqu\u00e9e grise et nude de Chic & Holland a une coupe \u00e9l\u00e9gante et une silhouette ajust\u00e9e et \u00e9vas\u00e9e. Remplie de dentelle brod\u00e9e glamour et agr\u00e9ment\u00e9e de paillettes et de strass, la robe pr\u00e9sente un d\u00e9collet\u00e9 en c\u0153ur avec de fines bretelles d\u00e9licates, une bande d\u00e9collet\u00e9e romantique et un dos sexy en forme de trou de serrure. Cette robe est parfaite pour tout gala, cravate noire ou tapis rouge.","breadcrumb":{"@id":"https:\/\/www.koonings.com\/fr\/product\/chic-holland-hf885a-tr\/#breadcrumb"},"inLanguage":"fr-FR","potentialAction":[{"@type":"ReadAction","target":["https:\/\/www.koonings.com\/fr\/product\/chic-holland-hf885a-tr\/"]}]},{"@type":"ImageObject","inLanguage":"fr-FR","@id":"https:\/\/www.koonings.com\/fr\/product\/chic-holland-hf885a-tr\/#primaryimage","url":"https:\/\/www.koonings.com\/wp-content\/uploads\/2024\/11\/28427_746f63835507f99a7dcf5f8c74d8338d5765b0e5eb099f9f2a7f8c760d832694e5bd9417.jpeg","contentUrl":"https:\/\/www.koonings.com\/wp-content\/uploads\/2024\/11\/28427_746f63835507f99a7dcf5f8c74d8338d5765b0e5eb099f9f2a7f8c760d832694e5bd9417.jpeg","width":1554,"height":2196},{"@type":"BreadcrumbList","@id":"https:\/\/www.koonings.com\/fr\/product\/chic-holland-hf885a-tr\/#breadcrumb","itemListElement":[{"@type":"ListItem","position":1,"name":"Home","item":"https:\/\/www.koonings.com\/fr\/"},{"@type":"ListItem","position":2,"name":"Chic &amp; Holland HF885A + TR"}]},{"@type":"WebSite","@id":"https:\/\/www.koonings.com\/fr\/#website","url":"https:\/\/www.koonings.com\/fr\/","name":"Koonings","description":"De grootste bruidsmodewinkel ter wereld","publisher":{"@id":"https:\/\/www.koonings.com\/fr\/#organization"},"potentialAction":[{"@type":"SearchAction","target":{"@type":"EntryPoint","urlTemplate":"https:\/\/www.koonings.com\/fr\/?s={search_term_string}"},"query-input":{"@type":"PropertyValueSpecification","valueRequired":true,"valueName":"search_term_string"}}],"inLanguage":"fr-FR"},{"@type":"Organization","@id":"https:\/\/www.koonings.com\/fr\/#organization","name":"Koonings","url":"https:\/\/www.koonings.com\/fr\/","logo":{"@type":"ImageObject","inLanguage":"fr-FR","@id":"https:\/\/www.koonings.com\/fr\/#\/schema\/logo\/image\/","url":"https:\/\/www.koonings.com\/wp-content\/uploads\/2024\/07\/logo.png","contentUrl":"https:\/\/www.koonings.com\/wp-content\/uploads\/2024\/07\/logo.png","width":600,"height":428,"caption":"Koonings"},"image":{"@id":"https:\/\/www.koonings.com\/fr\/#\/schema\/logo\/image\/"},"sameAs":["https:\/\/www.facebook.com\/kooningstheweddingpalace","https:\/\/www.instagram.com\/kooningstheweddingpalace","https:\/\/www.pinterest.com\/koonings","https:\/\/www.youtube.com\/kooningstheweddingpalace"]}]}},"_links":{"self":[{"href":"https:\/\/www.koonings.com\/fr\/wp-json\/wp\/v2\/product\/79969","targetHints":{"allow":["GET"]}}],"collection":[{"href":"https:\/\/www.koonings.com\/fr\/wp-json\/wp\/v2\/product"}],"about":[{"href":"https:\/\/www.koonings.com\/fr\/wp-json\/wp\/v2\/types\/product"}],"wp:featuredmedia":[{"embeddable":true,"href":"https:\/\/www.koonings.com\/fr\/wp-json\/wp\/v2\/media\/73719"}],"wp:attachment":[{"href":"https:\/\/www.koonings.com\/fr\/wp-json\/wp\/v2\/media?parent=79969"}],"wp:term":[{"taxonomy":"productdetails","embeddable":true,"href":"https:\/\/www.koonings.com\/fr\/wp-json\/wp\/v2\/productdetails?post=79969"},{"taxonomy":"productneck","embeddable":true,"href":"https:\/\/www.koonings.com\/fr\/wp-json\/wp\/v2\/productneck?post=79969"},{"taxonomy":"productcolor","embeddable":true,"href":"https:\/\/www.koonings.com\/fr\/wp-json\/wp\/v2\/productcolor?post=79969"},{"taxonomy":"maat","embeddable":true,"href":"https:\/\/www.koonings.com\/fr\/wp-json\/wp\/v2\/maat?post=79969"},{"taxonomy":"productsupplier","embeddable":true,"href":"https:\/\/www.koonings.com\/fr\/wp-json\/wp\/v2\/productsupplier?post=79969"},{"taxonomy":"productsleeve","embeddable":true,"href":"https:\/\/www.koonings.com\/fr\/wp-json\/wp\/v2\/productsleeve?post=79969"},{"taxonomy":"productcategory","embeddable":true,"href":"https:\/\/www.koonings.com\/fr\/wp-json\/wp\/v2\/productcategory?post=79969"},{"taxonomy":"productsilhouette","embeddable":true,"href":"https:\/\/www.koonings.com\/fr\/wp-json\/wp\/v2\/productsilhouette?post=79969"},{"taxonomy":"productstyle","embeddable":true,"href":"https:\/\/www.koonings.com\/fr\/wp-json\/wp\/v2\/productstyle?post=79969"}],"curies":[{"name":"wp","href":"https:\/\/api.w.org\/{rel}","templated":true}]}}