{"id":79899,"date":"2025-12-15T00:06:47","date_gmt":"2025-12-14T23:06:47","guid":{"rendered":"https:\/\/www.koonings.com\/product\/chic-holland-hf1259\/"},"modified":"2026-02-03T20:09:22","modified_gmt":"2026-02-03T19:09:22","slug":"chic-holland-hf1259","status":"publish","type":"product","link":"https:\/\/www.koonings.com\/fr\/product\/chic-holland-hf1259\/","title":{"rendered":"Chic &amp; Holland HF1259"},"content":{"rendered":"<p>Cette jolie robe rouge de Chic &amp; Holland tombe jusqu&#8217;au sol. La robe a une belle silhouette ajust\u00e9e et \u00e9vas\u00e9e et est rouge fonc\u00e9. La robe est enti\u00e8rement orn\u00e9e de dentelle brod\u00e9e et de d\u00e9tails tels que des paillettes et des sequins. Le haut est d\u00e9collet\u00e9 en V et le dos est sexy et bas. La jupe se noue sur les hanches et tombe joliment jusqu&#8217;au sol. Cette robe est parfaite pour un gala, une cravate noire, un mariage ou un \u00e9v\u00e9nement sur tapis rouge.     <\/p>\n","protected":false},"featured_media":73963,"template":"","meta":{"_acf_changed":false,"ghostkit_customizer_options":"","ghostkit_custom_css":"","ghostkit_custom_js_head":"","ghostkit_custom_js_foot":"","ghostkit_typography":""},"productdetails":[],"productneck":[],"productcolor":[394],"maat":[],"productsupplier":[494],"productsleeve":[],"productcategory":[259],"productsilhouette":[],"productstyle":[],"class_list":["post-79899","product","type-product","status-publish","has-post-thumbnail","hentry","productcolor-394","productsupplier-chic-holland","productcategory-avondkleding"],"acf":[],"yoast_head":"<!-- This site is optimized with the Yoast SEO plugin v27.3 - https:\/\/yoast.com\/product\/yoast-seo-wordpress\/ -->\n<title>Chic &amp; Holland HF1259 | Koonings<\/title>\n<meta name=\"description\" content=\"Cette jolie robe rouge de Chic &amp; Holland tombe jusqu&#039;au sol. La robe a une belle silhouette ajust\u00e9e et \u00e9vas\u00e9e et est rouge fonc\u00e9. La robe est enti\u00e8rement orn\u00e9e de dentelle brod\u00e9e et de d\u00e9tails tels que des paillettes et des sequins. Le haut est d\u00e9collet\u00e9 en V et le dos est sexy et bas. La jupe se noue sur les hanches et tombe joliment jusqu&#039;au sol. Cette robe est parfaite pour un gala, une cravate noire, un mariage ou un \u00e9v\u00e9nement sur tapis rouge.\" \/>\n<meta name=\"robots\" content=\"index, follow, max-snippet:-1, max-image-preview:large, max-video-preview:-1\" \/>\n<link rel=\"canonical\" href=\"https:\/\/www.koonings.com\/fr\/product\/chic-holland-hf1259\/\" \/>\n<meta property=\"og:locale\" content=\"fr_FR\" \/>\n<meta property=\"og:type\" content=\"article\" \/>\n<meta property=\"og:title\" content=\"Chic &amp; Holland HF1259 | Koonings\" \/>\n<meta property=\"og:description\" content=\"Cette jolie robe rouge de Chic &amp; Holland tombe jusqu&#039;au sol. La robe a une belle silhouette ajust\u00e9e et \u00e9vas\u00e9e et est rouge fonc\u00e9. La robe est enti\u00e8rement orn\u00e9e de dentelle brod\u00e9e et de d\u00e9tails tels que des paillettes et des sequins. Le haut est d\u00e9collet\u00e9 en V et le dos est sexy et bas. La jupe se noue sur les hanches et tombe joliment jusqu&#039;au sol. Cette robe est parfaite pour un gala, une cravate noire, un mariage ou un \u00e9v\u00e9nement sur tapis rouge.\" \/>\n<meta property=\"og:url\" content=\"https:\/\/www.koonings.com\/fr\/product\/chic-holland-hf1259\/\" \/>\n<meta property=\"og:site_name\" content=\"Koonings\" \/>\n<meta property=\"article:publisher\" content=\"https:\/\/www.facebook.com\/kooningstheweddingpalace\" \/>\n<meta property=\"article:modified_time\" content=\"2026-02-03T19:09:22+00:00\" \/>\n<meta property=\"og:image\" content=\"https:\/\/www.koonings.com\/wp-content\/uploads\/2024\/11\/28410_096f8afe4aeebb856d85f302799918240b1946b642442d07f2addaf4bfd5878a3273241c.jpeg\" \/>\n\t<meta property=\"og:image:width\" content=\"565\" \/>\n\t<meta property=\"og:image:height\" content=\"799\" \/>\n\t<meta property=\"og:image:type\" content=\"image\/jpeg\" \/>\n<meta name=\"twitter:card\" content=\"summary_large_image\" \/>\n<script type=\"application\/ld+json\" class=\"yoast-schema-graph\">{\"@context\":\"https:\\\/\\\/schema.org\",\"@graph\":[{\"@type\":\"WebPage\",\"@id\":\"https:\\\/\\\/www.koonings.com\\\/fr\\\/product\\\/chic-holland-hf1259\\\/\",\"url\":\"https:\\\/\\\/www.koonings.com\\\/fr\\\/product\\\/chic-holland-hf1259\\\/\",\"name\":\"Chic &amp; Holland HF1259 | Koonings\",\"isPartOf\":{\"@id\":\"https:\\\/\\\/www.koonings.com\\\/fr\\\/#website\"},\"primaryImageOfPage\":{\"@id\":\"https:\\\/\\\/www.koonings.com\\\/fr\\\/product\\\/chic-holland-hf1259\\\/#primaryimage\"},\"image\":{\"@id\":\"https:\\\/\\\/www.koonings.com\\\/fr\\\/product\\\/chic-holland-hf1259\\\/#primaryimage\"},\"thumbnailUrl\":\"https:\\\/\\\/www.koonings.com\\\/wp-content\\\/uploads\\\/2024\\\/11\\\/28410_096f8afe4aeebb856d85f302799918240b1946b642442d07f2addaf4bfd5878a3273241c.jpeg\",\"datePublished\":\"2025-12-14T23:06:47+00:00\",\"dateModified\":\"2026-02-03T19:09:22+00:00\",\"description\":\"Cette jolie robe rouge de Chic & Holland tombe jusqu'au sol. La robe a une belle silhouette ajust\u00e9e et \u00e9vas\u00e9e et est rouge fonc\u00e9. La robe est enti\u00e8rement orn\u00e9e de dentelle brod\u00e9e et de d\u00e9tails tels que des paillettes et des sequins. Le haut est d\u00e9collet\u00e9 en V et le dos est sexy et bas. La jupe se noue sur les hanches et tombe joliment jusqu'au sol. Cette robe est parfaite pour un gala, une cravate noire, un mariage ou un \u00e9v\u00e9nement sur tapis rouge.\",\"breadcrumb\":{\"@id\":\"https:\\\/\\\/www.koonings.com\\\/fr\\\/product\\\/chic-holland-hf1259\\\/#breadcrumb\"},\"inLanguage\":\"fr-FR\",\"potentialAction\":[{\"@type\":\"ReadAction\",\"target\":[\"https:\\\/\\\/www.koonings.com\\\/fr\\\/product\\\/chic-holland-hf1259\\\/\"]}]},{\"@type\":\"ImageObject\",\"inLanguage\":\"fr-FR\",\"@id\":\"https:\\\/\\\/www.koonings.com\\\/fr\\\/product\\\/chic-holland-hf1259\\\/#primaryimage\",\"url\":\"https:\\\/\\\/www.koonings.com\\\/wp-content\\\/uploads\\\/2024\\\/11\\\/28410_096f8afe4aeebb856d85f302799918240b1946b642442d07f2addaf4bfd5878a3273241c.jpeg\",\"contentUrl\":\"https:\\\/\\\/www.koonings.com\\\/wp-content\\\/uploads\\\/2024\\\/11\\\/28410_096f8afe4aeebb856d85f302799918240b1946b642442d07f2addaf4bfd5878a3273241c.jpeg\",\"width\":565,\"height\":799},{\"@type\":\"BreadcrumbList\",\"@id\":\"https:\\\/\\\/www.koonings.com\\\/fr\\\/product\\\/chic-holland-hf1259\\\/#breadcrumb\",\"itemListElement\":[{\"@type\":\"ListItem\",\"position\":1,\"name\":\"Home\",\"item\":\"https:\\\/\\\/www.koonings.com\\\/fr\\\/\"},{\"@type\":\"ListItem\",\"position\":2,\"name\":\"Chic &amp; Holland HF1259\"}]},{\"@type\":\"WebSite\",\"@id\":\"https:\\\/\\\/www.koonings.com\\\/fr\\\/#website\",\"url\":\"https:\\\/\\\/www.koonings.com\\\/fr\\\/\",\"name\":\"Koonings\",\"description\":\"De grootste bruidsmodewinkel ter wereld\",\"publisher\":{\"@id\":\"https:\\\/\\\/www.koonings.com\\\/fr\\\/#organization\"},\"potentialAction\":[{\"@type\":\"SearchAction\",\"target\":{\"@type\":\"EntryPoint\",\"urlTemplate\":\"https:\\\/\\\/www.koonings.com\\\/fr\\\/?s={search_term_string}\"},\"query-input\":{\"@type\":\"PropertyValueSpecification\",\"valueRequired\":true,\"valueName\":\"search_term_string\"}}],\"inLanguage\":\"fr-FR\"},{\"@type\":\"Organization\",\"@id\":\"https:\\\/\\\/www.koonings.com\\\/fr\\\/#organization\",\"name\":\"Koonings\",\"url\":\"https:\\\/\\\/www.koonings.com\\\/fr\\\/\",\"logo\":{\"@type\":\"ImageObject\",\"inLanguage\":\"fr-FR\",\"@id\":\"https:\\\/\\\/www.koonings.com\\\/fr\\\/#\\\/schema\\\/logo\\\/image\\\/\",\"url\":\"https:\\\/\\\/www.koonings.com\\\/wp-content\\\/uploads\\\/2024\\\/07\\\/logo.png\",\"contentUrl\":\"https:\\\/\\\/www.koonings.com\\\/wp-content\\\/uploads\\\/2024\\\/07\\\/logo.png\",\"width\":600,\"height\":428,\"caption\":\"Koonings\"},\"image\":{\"@id\":\"https:\\\/\\\/www.koonings.com\\\/fr\\\/#\\\/schema\\\/logo\\\/image\\\/\"},\"sameAs\":[\"https:\\\/\\\/www.facebook.com\\\/kooningstheweddingpalace\",\"https:\\\/\\\/www.instagram.com\\\/kooningstheweddingpalace\",\"https:\\\/\\\/www.pinterest.com\\\/koonings\",\"https:\\\/\\\/www.youtube.com\\\/kooningstheweddingpalace\"]}]}<\/script>\n<!-- \/ Yoast SEO plugin. -->","yoast_head_json":{"title":"Chic &amp; Holland HF1259 | Koonings","description":"Cette jolie robe rouge de Chic & Holland tombe jusqu'au sol. La robe a une belle silhouette ajust\u00e9e et \u00e9vas\u00e9e et est rouge fonc\u00e9. La robe est enti\u00e8rement orn\u00e9e de dentelle brod\u00e9e et de d\u00e9tails tels que des paillettes et des sequins. Le haut est d\u00e9collet\u00e9 en V et le dos est sexy et bas. La jupe se noue sur les hanches et tombe joliment jusqu'au sol. Cette robe est parfaite pour un gala, une cravate noire, un mariage ou un \u00e9v\u00e9nement sur tapis rouge.","robots":{"index":"index","follow":"follow","max-snippet":"max-snippet:-1","max-image-preview":"max-image-preview:large","max-video-preview":"max-video-preview:-1"},"canonical":"https:\/\/www.koonings.com\/fr\/product\/chic-holland-hf1259\/","og_locale":"fr_FR","og_type":"article","og_title":"Chic &amp; Holland HF1259 | Koonings","og_description":"Cette jolie robe rouge de Chic & Holland tombe jusqu'au sol. La robe a une belle silhouette ajust\u00e9e et \u00e9vas\u00e9e et est rouge fonc\u00e9. La robe est enti\u00e8rement orn\u00e9e de dentelle brod\u00e9e et de d\u00e9tails tels que des paillettes et des sequins. Le haut est d\u00e9collet\u00e9 en V et le dos est sexy et bas. La jupe se noue sur les hanches et tombe joliment jusqu'au sol. Cette robe est parfaite pour un gala, une cravate noire, un mariage ou un \u00e9v\u00e9nement sur tapis rouge.","og_url":"https:\/\/www.koonings.com\/fr\/product\/chic-holland-hf1259\/","og_site_name":"Koonings","article_publisher":"https:\/\/www.facebook.com\/kooningstheweddingpalace","article_modified_time":"2026-02-03T19:09:22+00:00","og_image":[{"width":565,"height":799,"url":"https:\/\/www.koonings.com\/wp-content\/uploads\/2024\/11\/28410_096f8afe4aeebb856d85f302799918240b1946b642442d07f2addaf4bfd5878a3273241c.jpeg","type":"image\/jpeg"}],"twitter_card":"summary_large_image","schema":{"@context":"https:\/\/schema.org","@graph":[{"@type":"WebPage","@id":"https:\/\/www.koonings.com\/fr\/product\/chic-holland-hf1259\/","url":"https:\/\/www.koonings.com\/fr\/product\/chic-holland-hf1259\/","name":"Chic &amp; Holland HF1259 | Koonings","isPartOf":{"@id":"https:\/\/www.koonings.com\/fr\/#website"},"primaryImageOfPage":{"@id":"https:\/\/www.koonings.com\/fr\/product\/chic-holland-hf1259\/#primaryimage"},"image":{"@id":"https:\/\/www.koonings.com\/fr\/product\/chic-holland-hf1259\/#primaryimage"},"thumbnailUrl":"https:\/\/www.koonings.com\/wp-content\/uploads\/2024\/11\/28410_096f8afe4aeebb856d85f302799918240b1946b642442d07f2addaf4bfd5878a3273241c.jpeg","datePublished":"2025-12-14T23:06:47+00:00","dateModified":"2026-02-03T19:09:22+00:00","description":"Cette jolie robe rouge de Chic & Holland tombe jusqu'au sol. La robe a une belle silhouette ajust\u00e9e et \u00e9vas\u00e9e et est rouge fonc\u00e9. La robe est enti\u00e8rement orn\u00e9e de dentelle brod\u00e9e et de d\u00e9tails tels que des paillettes et des sequins. Le haut est d\u00e9collet\u00e9 en V et le dos est sexy et bas. La jupe se noue sur les hanches et tombe joliment jusqu'au sol. Cette robe est parfaite pour un gala, une cravate noire, un mariage ou un \u00e9v\u00e9nement sur tapis rouge.","breadcrumb":{"@id":"https:\/\/www.koonings.com\/fr\/product\/chic-holland-hf1259\/#breadcrumb"},"inLanguage":"fr-FR","potentialAction":[{"@type":"ReadAction","target":["https:\/\/www.koonings.com\/fr\/product\/chic-holland-hf1259\/"]}]},{"@type":"ImageObject","inLanguage":"fr-FR","@id":"https:\/\/www.koonings.com\/fr\/product\/chic-holland-hf1259\/#primaryimage","url":"https:\/\/www.koonings.com\/wp-content\/uploads\/2024\/11\/28410_096f8afe4aeebb856d85f302799918240b1946b642442d07f2addaf4bfd5878a3273241c.jpeg","contentUrl":"https:\/\/www.koonings.com\/wp-content\/uploads\/2024\/11\/28410_096f8afe4aeebb856d85f302799918240b1946b642442d07f2addaf4bfd5878a3273241c.jpeg","width":565,"height":799},{"@type":"BreadcrumbList","@id":"https:\/\/www.koonings.com\/fr\/product\/chic-holland-hf1259\/#breadcrumb","itemListElement":[{"@type":"ListItem","position":1,"name":"Home","item":"https:\/\/www.koonings.com\/fr\/"},{"@type":"ListItem","position":2,"name":"Chic &amp; Holland HF1259"}]},{"@type":"WebSite","@id":"https:\/\/www.koonings.com\/fr\/#website","url":"https:\/\/www.koonings.com\/fr\/","name":"Koonings","description":"De grootste bruidsmodewinkel ter wereld","publisher":{"@id":"https:\/\/www.koonings.com\/fr\/#organization"},"potentialAction":[{"@type":"SearchAction","target":{"@type":"EntryPoint","urlTemplate":"https:\/\/www.koonings.com\/fr\/?s={search_term_string}"},"query-input":{"@type":"PropertyValueSpecification","valueRequired":true,"valueName":"search_term_string"}}],"inLanguage":"fr-FR"},{"@type":"Organization","@id":"https:\/\/www.koonings.com\/fr\/#organization","name":"Koonings","url":"https:\/\/www.koonings.com\/fr\/","logo":{"@type":"ImageObject","inLanguage":"fr-FR","@id":"https:\/\/www.koonings.com\/fr\/#\/schema\/logo\/image\/","url":"https:\/\/www.koonings.com\/wp-content\/uploads\/2024\/07\/logo.png","contentUrl":"https:\/\/www.koonings.com\/wp-content\/uploads\/2024\/07\/logo.png","width":600,"height":428,"caption":"Koonings"},"image":{"@id":"https:\/\/www.koonings.com\/fr\/#\/schema\/logo\/image\/"},"sameAs":["https:\/\/www.facebook.com\/kooningstheweddingpalace","https:\/\/www.instagram.com\/kooningstheweddingpalace","https:\/\/www.pinterest.com\/koonings","https:\/\/www.youtube.com\/kooningstheweddingpalace"]}]}},"_links":{"self":[{"href":"https:\/\/www.koonings.com\/fr\/wp-json\/wp\/v2\/product\/79899","targetHints":{"allow":["GET"]}}],"collection":[{"href":"https:\/\/www.koonings.com\/fr\/wp-json\/wp\/v2\/product"}],"about":[{"href":"https:\/\/www.koonings.com\/fr\/wp-json\/wp\/v2\/types\/product"}],"wp:featuredmedia":[{"embeddable":true,"href":"https:\/\/www.koonings.com\/fr\/wp-json\/wp\/v2\/media\/73963"}],"wp:attachment":[{"href":"https:\/\/www.koonings.com\/fr\/wp-json\/wp\/v2\/media?parent=79899"}],"wp:term":[{"taxonomy":"productdetails","embeddable":true,"href":"https:\/\/www.koonings.com\/fr\/wp-json\/wp\/v2\/productdetails?post=79899"},{"taxonomy":"productneck","embeddable":true,"href":"https:\/\/www.koonings.com\/fr\/wp-json\/wp\/v2\/productneck?post=79899"},{"taxonomy":"productcolor","embeddable":true,"href":"https:\/\/www.koonings.com\/fr\/wp-json\/wp\/v2\/productcolor?post=79899"},{"taxonomy":"maat","embeddable":true,"href":"https:\/\/www.koonings.com\/fr\/wp-json\/wp\/v2\/maat?post=79899"},{"taxonomy":"productsupplier","embeddable":true,"href":"https:\/\/www.koonings.com\/fr\/wp-json\/wp\/v2\/productsupplier?post=79899"},{"taxonomy":"productsleeve","embeddable":true,"href":"https:\/\/www.koonings.com\/fr\/wp-json\/wp\/v2\/productsleeve?post=79899"},{"taxonomy":"productcategory","embeddable":true,"href":"https:\/\/www.koonings.com\/fr\/wp-json\/wp\/v2\/productcategory?post=79899"},{"taxonomy":"productsilhouette","embeddable":true,"href":"https:\/\/www.koonings.com\/fr\/wp-json\/wp\/v2\/productsilhouette?post=79899"},{"taxonomy":"productstyle","embeddable":true,"href":"https:\/\/www.koonings.com\/fr\/wp-json\/wp\/v2\/productstyle?post=79899"}],"curies":[{"name":"wp","href":"https:\/\/api.w.org\/{rel}","templated":true}]}}