{"id":79838,"date":"2025-12-15T00:34:33","date_gmt":"2025-12-14T23:34:33","guid":{"rendered":"https:\/\/www.koonings.com\/product\/milla-nova-bansky\/"},"modified":"2026-02-03T19:59:51","modified_gmt":"2026-02-03T18:59:51","slug":"milla-nova-bansky","status":"publish","type":"product","link":"https:\/\/www.koonings.com\/fr\/product\/milla-nova-bansky\/","title":{"rendered":"Milla Nova Bansky"},"content":{"rendered":"<p>Robe de mari\u00e9e moderne avec fourreau. Elle pr\u00e9sente un corsage en forme de c\u0153ur avec des bretelles spaghetti d\u00e9cor\u00e9es de perles, un corset translucide au dos avec fermeture \u00e0 glissi\u00e8re et une jupe sir\u00e8ne avec fente lat\u00e9rale \u00e0 la cuisse et une courte tra\u00eene. <\/p>\n","protected":false},"featured_media":70946,"template":"","meta":{"_acf_changed":false,"ghostkit_customizer_options":"","ghostkit_custom_css":"","ghostkit_custom_js_head":"","ghostkit_custom_js_foot":"","ghostkit_typography":""},"productdetails":[378],"productneck":[354],"productcolor":[392],"maat":[],"productsupplier":[446],"productsleeve":[359],"productcategory":[18],"productsilhouette":[389],"productstyle":[365,371,370],"class_list":["post-79838","product","type-product","status-publish","has-post-thumbnail","hentry","productdetails-378","productneck-354","productcolor-392","productsupplier-milla-nova","productsleeve-359","productcategory-trouwjurken","productsilhouette-389","productstyle-365","productstyle-371","productstyle-370"],"acf":[],"yoast_head":"<!-- This site is optimized with the Yoast SEO plugin v27.3 - https:\/\/yoast.com\/product\/yoast-seo-wordpress\/ -->\n<title>Milla Nova Bansky | Koonings<\/title>\n<meta name=\"description\" content=\"Robe de mari\u00e9e moderne avec fourreau. Elle pr\u00e9sente un corsage en forme de c\u0153ur avec des bretelles spaghetti d\u00e9cor\u00e9es de perles, un corset translucide au dos avec fermeture \u00e0 glissi\u00e8re et une jupe sir\u00e8ne avec fente lat\u00e9rale \u00e0 la cuisse et une courte tra\u00eene.\" \/>\n<meta name=\"robots\" content=\"index, follow, max-snippet:-1, max-image-preview:large, max-video-preview:-1\" \/>\n<link rel=\"canonical\" href=\"https:\/\/www.koonings.com\/fr\/product\/milla-nova-bansky\/\" \/>\n<meta property=\"og:locale\" content=\"fr_FR\" \/>\n<meta property=\"og:type\" content=\"article\" \/>\n<meta property=\"og:title\" content=\"Milla Nova Bansky | Koonings\" \/>\n<meta property=\"og:description\" content=\"Robe de mari\u00e9e moderne avec fourreau. Elle pr\u00e9sente un corsage en forme de c\u0153ur avec des bretelles spaghetti d\u00e9cor\u00e9es de perles, un corset translucide au dos avec fermeture \u00e0 glissi\u00e8re et une jupe sir\u00e8ne avec fente lat\u00e9rale \u00e0 la cuisse et une courte tra\u00eene.\" \/>\n<meta property=\"og:url\" content=\"https:\/\/www.koonings.com\/fr\/product\/milla-nova-bansky\/\" \/>\n<meta property=\"og:site_name\" content=\"Koonings\" \/>\n<meta property=\"article:publisher\" content=\"https:\/\/www.facebook.com\/kooningstheweddingpalace\" \/>\n<meta property=\"article:modified_time\" content=\"2026-02-03T18:59:51+00:00\" \/>\n<meta property=\"og:image\" content=\"https:\/\/www.koonings.com\/wp-content\/uploads\/2024\/11\/40680_dea5497b69745d1fc443b74cbe1356ead4a19793af6a537fe6baa77063db5da7802b7c7b-scaled.jpeg\" \/>\n\t<meta property=\"og:image:width\" content=\"1812\" \/>\n\t<meta property=\"og:image:height\" content=\"2560\" \/>\n\t<meta property=\"og:image:type\" content=\"image\/jpeg\" \/>\n<meta name=\"twitter:card\" content=\"summary_large_image\" \/>\n<script type=\"application\/ld+json\" class=\"yoast-schema-graph\">{\"@context\":\"https:\\\/\\\/schema.org\",\"@graph\":[{\"@type\":\"WebPage\",\"@id\":\"https:\\\/\\\/www.koonings.com\\\/fr\\\/product\\\/milla-nova-bansky\\\/\",\"url\":\"https:\\\/\\\/www.koonings.com\\\/fr\\\/product\\\/milla-nova-bansky\\\/\",\"name\":\"Milla Nova Bansky | Koonings\",\"isPartOf\":{\"@id\":\"https:\\\/\\\/www.koonings.com\\\/fr\\\/#website\"},\"primaryImageOfPage\":{\"@id\":\"https:\\\/\\\/www.koonings.com\\\/fr\\\/product\\\/milla-nova-bansky\\\/#primaryimage\"},\"image\":{\"@id\":\"https:\\\/\\\/www.koonings.com\\\/fr\\\/product\\\/milla-nova-bansky\\\/#primaryimage\"},\"thumbnailUrl\":\"https:\\\/\\\/www.koonings.com\\\/wp-content\\\/uploads\\\/2024\\\/11\\\/40680_dea5497b69745d1fc443b74cbe1356ead4a19793af6a537fe6baa77063db5da7802b7c7b-scaled.jpeg\",\"datePublished\":\"2025-12-14T23:34:33+00:00\",\"dateModified\":\"2026-02-03T18:59:51+00:00\",\"description\":\"Robe de mari\u00e9e moderne avec fourreau. Elle pr\u00e9sente un corsage en forme de c\u0153ur avec des bretelles spaghetti d\u00e9cor\u00e9es de perles, un corset translucide au dos avec fermeture \u00e0 glissi\u00e8re et une jupe sir\u00e8ne avec fente lat\u00e9rale \u00e0 la cuisse et une courte tra\u00eene.\",\"breadcrumb\":{\"@id\":\"https:\\\/\\\/www.koonings.com\\\/fr\\\/product\\\/milla-nova-bansky\\\/#breadcrumb\"},\"inLanguage\":\"fr-FR\",\"potentialAction\":[{\"@type\":\"ReadAction\",\"target\":[\"https:\\\/\\\/www.koonings.com\\\/fr\\\/product\\\/milla-nova-bansky\\\/\"]}]},{\"@type\":\"ImageObject\",\"inLanguage\":\"fr-FR\",\"@id\":\"https:\\\/\\\/www.koonings.com\\\/fr\\\/product\\\/milla-nova-bansky\\\/#primaryimage\",\"url\":\"https:\\\/\\\/www.koonings.com\\\/wp-content\\\/uploads\\\/2024\\\/11\\\/40680_dea5497b69745d1fc443b74cbe1356ead4a19793af6a537fe6baa77063db5da7802b7c7b-scaled.jpeg\",\"contentUrl\":\"https:\\\/\\\/www.koonings.com\\\/wp-content\\\/uploads\\\/2024\\\/11\\\/40680_dea5497b69745d1fc443b74cbe1356ead4a19793af6a537fe6baa77063db5da7802b7c7b-scaled.jpeg\",\"width\":1812,\"height\":2560},{\"@type\":\"BreadcrumbList\",\"@id\":\"https:\\\/\\\/www.koonings.com\\\/fr\\\/product\\\/milla-nova-bansky\\\/#breadcrumb\",\"itemListElement\":[{\"@type\":\"ListItem\",\"position\":1,\"name\":\"Home\",\"item\":\"https:\\\/\\\/www.koonings.com\\\/fr\\\/\"},{\"@type\":\"ListItem\",\"position\":2,\"name\":\"Milla Nova Bansky\"}]},{\"@type\":\"WebSite\",\"@id\":\"https:\\\/\\\/www.koonings.com\\\/fr\\\/#website\",\"url\":\"https:\\\/\\\/www.koonings.com\\\/fr\\\/\",\"name\":\"Koonings\",\"description\":\"De grootste bruidsmodewinkel ter wereld\",\"publisher\":{\"@id\":\"https:\\\/\\\/www.koonings.com\\\/fr\\\/#organization\"},\"potentialAction\":[{\"@type\":\"SearchAction\",\"target\":{\"@type\":\"EntryPoint\",\"urlTemplate\":\"https:\\\/\\\/www.koonings.com\\\/fr\\\/?s={search_term_string}\"},\"query-input\":{\"@type\":\"PropertyValueSpecification\",\"valueRequired\":true,\"valueName\":\"search_term_string\"}}],\"inLanguage\":\"fr-FR\"},{\"@type\":\"Organization\",\"@id\":\"https:\\\/\\\/www.koonings.com\\\/fr\\\/#organization\",\"name\":\"Koonings\",\"url\":\"https:\\\/\\\/www.koonings.com\\\/fr\\\/\",\"logo\":{\"@type\":\"ImageObject\",\"inLanguage\":\"fr-FR\",\"@id\":\"https:\\\/\\\/www.koonings.com\\\/fr\\\/#\\\/schema\\\/logo\\\/image\\\/\",\"url\":\"https:\\\/\\\/www.koonings.com\\\/wp-content\\\/uploads\\\/2024\\\/07\\\/logo.png\",\"contentUrl\":\"https:\\\/\\\/www.koonings.com\\\/wp-content\\\/uploads\\\/2024\\\/07\\\/logo.png\",\"width\":600,\"height\":428,\"caption\":\"Koonings\"},\"image\":{\"@id\":\"https:\\\/\\\/www.koonings.com\\\/fr\\\/#\\\/schema\\\/logo\\\/image\\\/\"},\"sameAs\":[\"https:\\\/\\\/www.facebook.com\\\/kooningstheweddingpalace\",\"https:\\\/\\\/www.instagram.com\\\/kooningstheweddingpalace\",\"https:\\\/\\\/www.pinterest.com\\\/koonings\",\"https:\\\/\\\/www.youtube.com\\\/kooningstheweddingpalace\"]}]}<\/script>\n<!-- \/ Yoast SEO plugin. -->","yoast_head_json":{"title":"Milla Nova Bansky | Koonings","description":"Robe de mari\u00e9e moderne avec fourreau. Elle pr\u00e9sente un corsage en forme de c\u0153ur avec des bretelles spaghetti d\u00e9cor\u00e9es de perles, un corset translucide au dos avec fermeture \u00e0 glissi\u00e8re et une jupe sir\u00e8ne avec fente lat\u00e9rale \u00e0 la cuisse et une courte tra\u00eene.","robots":{"index":"index","follow":"follow","max-snippet":"max-snippet:-1","max-image-preview":"max-image-preview:large","max-video-preview":"max-video-preview:-1"},"canonical":"https:\/\/www.koonings.com\/fr\/product\/milla-nova-bansky\/","og_locale":"fr_FR","og_type":"article","og_title":"Milla Nova Bansky | Koonings","og_description":"Robe de mari\u00e9e moderne avec fourreau. Elle pr\u00e9sente un corsage en forme de c\u0153ur avec des bretelles spaghetti d\u00e9cor\u00e9es de perles, un corset translucide au dos avec fermeture \u00e0 glissi\u00e8re et une jupe sir\u00e8ne avec fente lat\u00e9rale \u00e0 la cuisse et une courte tra\u00eene.","og_url":"https:\/\/www.koonings.com\/fr\/product\/milla-nova-bansky\/","og_site_name":"Koonings","article_publisher":"https:\/\/www.facebook.com\/kooningstheweddingpalace","article_modified_time":"2026-02-03T18:59:51+00:00","og_image":[{"width":1812,"height":2560,"url":"https:\/\/www.koonings.com\/wp-content\/uploads\/2024\/11\/40680_dea5497b69745d1fc443b74cbe1356ead4a19793af6a537fe6baa77063db5da7802b7c7b-scaled.jpeg","type":"image\/jpeg"}],"twitter_card":"summary_large_image","schema":{"@context":"https:\/\/schema.org","@graph":[{"@type":"WebPage","@id":"https:\/\/www.koonings.com\/fr\/product\/milla-nova-bansky\/","url":"https:\/\/www.koonings.com\/fr\/product\/milla-nova-bansky\/","name":"Milla Nova Bansky | Koonings","isPartOf":{"@id":"https:\/\/www.koonings.com\/fr\/#website"},"primaryImageOfPage":{"@id":"https:\/\/www.koonings.com\/fr\/product\/milla-nova-bansky\/#primaryimage"},"image":{"@id":"https:\/\/www.koonings.com\/fr\/product\/milla-nova-bansky\/#primaryimage"},"thumbnailUrl":"https:\/\/www.koonings.com\/wp-content\/uploads\/2024\/11\/40680_dea5497b69745d1fc443b74cbe1356ead4a19793af6a537fe6baa77063db5da7802b7c7b-scaled.jpeg","datePublished":"2025-12-14T23:34:33+00:00","dateModified":"2026-02-03T18:59:51+00:00","description":"Robe de mari\u00e9e moderne avec fourreau. Elle pr\u00e9sente un corsage en forme de c\u0153ur avec des bretelles spaghetti d\u00e9cor\u00e9es de perles, un corset translucide au dos avec fermeture \u00e0 glissi\u00e8re et une jupe sir\u00e8ne avec fente lat\u00e9rale \u00e0 la cuisse et une courte tra\u00eene.","breadcrumb":{"@id":"https:\/\/www.koonings.com\/fr\/product\/milla-nova-bansky\/#breadcrumb"},"inLanguage":"fr-FR","potentialAction":[{"@type":"ReadAction","target":["https:\/\/www.koonings.com\/fr\/product\/milla-nova-bansky\/"]}]},{"@type":"ImageObject","inLanguage":"fr-FR","@id":"https:\/\/www.koonings.com\/fr\/product\/milla-nova-bansky\/#primaryimage","url":"https:\/\/www.koonings.com\/wp-content\/uploads\/2024\/11\/40680_dea5497b69745d1fc443b74cbe1356ead4a19793af6a537fe6baa77063db5da7802b7c7b-scaled.jpeg","contentUrl":"https:\/\/www.koonings.com\/wp-content\/uploads\/2024\/11\/40680_dea5497b69745d1fc443b74cbe1356ead4a19793af6a537fe6baa77063db5da7802b7c7b-scaled.jpeg","width":1812,"height":2560},{"@type":"BreadcrumbList","@id":"https:\/\/www.koonings.com\/fr\/product\/milla-nova-bansky\/#breadcrumb","itemListElement":[{"@type":"ListItem","position":1,"name":"Home","item":"https:\/\/www.koonings.com\/fr\/"},{"@type":"ListItem","position":2,"name":"Milla Nova Bansky"}]},{"@type":"WebSite","@id":"https:\/\/www.koonings.com\/fr\/#website","url":"https:\/\/www.koonings.com\/fr\/","name":"Koonings","description":"De grootste bruidsmodewinkel ter wereld","publisher":{"@id":"https:\/\/www.koonings.com\/fr\/#organization"},"potentialAction":[{"@type":"SearchAction","target":{"@type":"EntryPoint","urlTemplate":"https:\/\/www.koonings.com\/fr\/?s={search_term_string}"},"query-input":{"@type":"PropertyValueSpecification","valueRequired":true,"valueName":"search_term_string"}}],"inLanguage":"fr-FR"},{"@type":"Organization","@id":"https:\/\/www.koonings.com\/fr\/#organization","name":"Koonings","url":"https:\/\/www.koonings.com\/fr\/","logo":{"@type":"ImageObject","inLanguage":"fr-FR","@id":"https:\/\/www.koonings.com\/fr\/#\/schema\/logo\/image\/","url":"https:\/\/www.koonings.com\/wp-content\/uploads\/2024\/07\/logo.png","contentUrl":"https:\/\/www.koonings.com\/wp-content\/uploads\/2024\/07\/logo.png","width":600,"height":428,"caption":"Koonings"},"image":{"@id":"https:\/\/www.koonings.com\/fr\/#\/schema\/logo\/image\/"},"sameAs":["https:\/\/www.facebook.com\/kooningstheweddingpalace","https:\/\/www.instagram.com\/kooningstheweddingpalace","https:\/\/www.pinterest.com\/koonings","https:\/\/www.youtube.com\/kooningstheweddingpalace"]}]}},"_links":{"self":[{"href":"https:\/\/www.koonings.com\/fr\/wp-json\/wp\/v2\/product\/79838","targetHints":{"allow":["GET"]}}],"collection":[{"href":"https:\/\/www.koonings.com\/fr\/wp-json\/wp\/v2\/product"}],"about":[{"href":"https:\/\/www.koonings.com\/fr\/wp-json\/wp\/v2\/types\/product"}],"wp:featuredmedia":[{"embeddable":true,"href":"https:\/\/www.koonings.com\/fr\/wp-json\/wp\/v2\/media\/70946"}],"wp:attachment":[{"href":"https:\/\/www.koonings.com\/fr\/wp-json\/wp\/v2\/media?parent=79838"}],"wp:term":[{"taxonomy":"productdetails","embeddable":true,"href":"https:\/\/www.koonings.com\/fr\/wp-json\/wp\/v2\/productdetails?post=79838"},{"taxonomy":"productneck","embeddable":true,"href":"https:\/\/www.koonings.com\/fr\/wp-json\/wp\/v2\/productneck?post=79838"},{"taxonomy":"productcolor","embeddable":true,"href":"https:\/\/www.koonings.com\/fr\/wp-json\/wp\/v2\/productcolor?post=79838"},{"taxonomy":"maat","embeddable":true,"href":"https:\/\/www.koonings.com\/fr\/wp-json\/wp\/v2\/maat?post=79838"},{"taxonomy":"productsupplier","embeddable":true,"href":"https:\/\/www.koonings.com\/fr\/wp-json\/wp\/v2\/productsupplier?post=79838"},{"taxonomy":"productsleeve","embeddable":true,"href":"https:\/\/www.koonings.com\/fr\/wp-json\/wp\/v2\/productsleeve?post=79838"},{"taxonomy":"productcategory","embeddable":true,"href":"https:\/\/www.koonings.com\/fr\/wp-json\/wp\/v2\/productcategory?post=79838"},{"taxonomy":"productsilhouette","embeddable":true,"href":"https:\/\/www.koonings.com\/fr\/wp-json\/wp\/v2\/productsilhouette?post=79838"},{"taxonomy":"productstyle","embeddable":true,"href":"https:\/\/www.koonings.com\/fr\/wp-json\/wp\/v2\/productstyle?post=79838"}],"curies":[{"name":"wp","href":"https:\/\/api.w.org\/{rel}","templated":true}]}}