{"id":79832,"date":"2026-04-28T18:22:06","date_gmt":"2026-04-28T16:22:06","guid":{"rendered":"https:\/\/www.koonings.com\/product\/milla-nova-sinatra\/"},"modified":"2026-02-16T14:52:03","modified_gmt":"2026-02-16T13:52:03","slug":"milla-nova-sinatra","status":"publish","type":"product","link":"https:\/\/www.koonings.com\/fr\/product\/milla-nova-sinatra\/","title":{"rendered":"Milla Nova Sinatra"},"content":{"rendered":"<p>Magnifique robe de mari\u00e9e semi-transparente en dentelle chantilly, subtilement parsem\u00e9e de fleurs en 3D et de paillettes.<br \/>\nElle se compose d&#8217;un corset semi-transparent en forme de c\u0153ur avec bonnets int\u00e9gr\u00e9s orn\u00e9s d&#8217;appliques de fleurs en 3D et de paillettes, d&#8217;une fermeture \u00e0 glissi\u00e8re au dos et d&#8217;une jupe volumineuse en tulle sur de la dentelle chantilly. <\/p>\n","protected":false},"featured_media":71021,"template":"","meta":{"_acf_changed":false,"ghostkit_customizer_options":"","ghostkit_custom_css":"","ghostkit_custom_js_head":"","ghostkit_custom_js_foot":"","ghostkit_typography":""},"productdetails":[379],"productneck":[354,355],"productcolor":[392],"maat":[],"productsupplier":[446],"productsleeve":[],"productcategory":[18],"productsilhouette":[384],"productstyle":[366,370],"class_list":["post-79832","product","type-product","status-publish","has-post-thumbnail","hentry","productdetails-379","productneck-354","productneck-355","productcolor-392","productsupplier-milla-nova","productcategory-trouwjurken","productsilhouette-384","productstyle-366","productstyle-370"],"acf":[],"yoast_head":"<!-- This site is optimized with the Yoast SEO plugin v27.3 - https:\/\/yoast.com\/product\/yoast-seo-wordpress\/ -->\n<title>Milla Nova Sinatra | Koonings<\/title>\n<meta name=\"description\" content=\"Magnifique robe de mari\u00e9e semi-transparente en dentelle chantilly, subtilement parsem\u00e9e de fleurs en 3D et de paillettes. Elle se compose d&#039;un corset semi-transparent en forme de c\u0153ur avec bonnets int\u00e9gr\u00e9s orn\u00e9s d&#039;appliques de fleurs en 3D et de paillettes, d&#039;une fermeture \u00e0 glissi\u00e8re au dos et d&#039;une jupe volumineuse en tulle sur de la dentelle chantilly.\" \/>\n<meta name=\"robots\" content=\"index, follow, max-snippet:-1, max-image-preview:large, max-video-preview:-1\" \/>\n<link rel=\"canonical\" href=\"https:\/\/www.koonings.com\/fr\/product\/milla-nova-sinatra\/\" \/>\n<meta property=\"og:locale\" content=\"fr_FR\" \/>\n<meta property=\"og:type\" content=\"article\" \/>\n<meta property=\"og:title\" content=\"Milla Nova Sinatra | Koonings\" \/>\n<meta property=\"og:description\" content=\"Magnifique robe de mari\u00e9e semi-transparente en dentelle chantilly, subtilement parsem\u00e9e de fleurs en 3D et de paillettes. Elle se compose d&#039;un corset semi-transparent en forme de c\u0153ur avec bonnets int\u00e9gr\u00e9s orn\u00e9s d&#039;appliques de fleurs en 3D et de paillettes, d&#039;une fermeture \u00e0 glissi\u00e8re au dos et d&#039;une jupe volumineuse en tulle sur de la dentelle chantilly.\" \/>\n<meta property=\"og:url\" content=\"https:\/\/www.koonings.com\/fr\/product\/milla-nova-sinatra\/\" \/>\n<meta property=\"og:site_name\" content=\"Koonings\" \/>\n<meta property=\"article:publisher\" content=\"https:\/\/www.facebook.com\/kooningstheweddingpalace\" \/>\n<meta property=\"og:image\" content=\"https:\/\/www.koonings.com\/wp-content\/uploads\/2024\/11\/40770_cccaf9df404346da1664c6726b67df751a9436254ea896d2d0d8370e865f662e3ae06d7e-scaled.jpeg\" \/>\n\t<meta property=\"og:image:width\" content=\"1808\" \/>\n\t<meta property=\"og:image:height\" content=\"2560\" \/>\n\t<meta property=\"og:image:type\" content=\"image\/jpeg\" \/>\n<meta name=\"twitter:card\" content=\"summary_large_image\" \/>\n<script type=\"application\/ld+json\" class=\"yoast-schema-graph\">{\"@context\":\"https:\\\/\\\/schema.org\",\"@graph\":[{\"@type\":\"WebPage\",\"@id\":\"https:\\\/\\\/www.koonings.com\\\/fr\\\/product\\\/milla-nova-sinatra\\\/\",\"url\":\"https:\\\/\\\/www.koonings.com\\\/fr\\\/product\\\/milla-nova-sinatra\\\/\",\"name\":\"Milla Nova Sinatra | Koonings\",\"isPartOf\":{\"@id\":\"https:\\\/\\\/www.koonings.com\\\/fr\\\/#website\"},\"primaryImageOfPage\":{\"@id\":\"https:\\\/\\\/www.koonings.com\\\/fr\\\/product\\\/milla-nova-sinatra\\\/#primaryimage\"},\"image\":{\"@id\":\"https:\\\/\\\/www.koonings.com\\\/fr\\\/product\\\/milla-nova-sinatra\\\/#primaryimage\"},\"thumbnailUrl\":\"https:\\\/\\\/www.koonings.com\\\/wp-content\\\/uploads\\\/2024\\\/11\\\/40770_cccaf9df404346da1664c6726b67df751a9436254ea896d2d0d8370e865f662e3ae06d7e-scaled.jpeg\",\"datePublished\":\"2026-04-28T16:22:06+00:00\",\"description\":\"Magnifique robe de mari\u00e9e semi-transparente en dentelle chantilly, subtilement parsem\u00e9e de fleurs en 3D et de paillettes. Elle se compose d'un corset semi-transparent en forme de c\u0153ur avec bonnets int\u00e9gr\u00e9s orn\u00e9s d'appliques de fleurs en 3D et de paillettes, d'une fermeture \u00e0 glissi\u00e8re au dos et d'une jupe volumineuse en tulle sur de la dentelle chantilly.\",\"breadcrumb\":{\"@id\":\"https:\\\/\\\/www.koonings.com\\\/fr\\\/product\\\/milla-nova-sinatra\\\/#breadcrumb\"},\"inLanguage\":\"fr-FR\",\"potentialAction\":[{\"@type\":\"ReadAction\",\"target\":[\"https:\\\/\\\/www.koonings.com\\\/fr\\\/product\\\/milla-nova-sinatra\\\/\"]}]},{\"@type\":\"ImageObject\",\"inLanguage\":\"fr-FR\",\"@id\":\"https:\\\/\\\/www.koonings.com\\\/fr\\\/product\\\/milla-nova-sinatra\\\/#primaryimage\",\"url\":\"https:\\\/\\\/www.koonings.com\\\/wp-content\\\/uploads\\\/2024\\\/11\\\/40770_cccaf9df404346da1664c6726b67df751a9436254ea896d2d0d8370e865f662e3ae06d7e-scaled.jpeg\",\"contentUrl\":\"https:\\\/\\\/www.koonings.com\\\/wp-content\\\/uploads\\\/2024\\\/11\\\/40770_cccaf9df404346da1664c6726b67df751a9436254ea896d2d0d8370e865f662e3ae06d7e-scaled.jpeg\",\"width\":1808,\"height\":2560},{\"@type\":\"BreadcrumbList\",\"@id\":\"https:\\\/\\\/www.koonings.com\\\/fr\\\/product\\\/milla-nova-sinatra\\\/#breadcrumb\",\"itemListElement\":[{\"@type\":\"ListItem\",\"position\":1,\"name\":\"Home\",\"item\":\"https:\\\/\\\/www.koonings.com\\\/fr\\\/\"},{\"@type\":\"ListItem\",\"position\":2,\"name\":\"Milla Nova Sinatra\"}]},{\"@type\":\"WebSite\",\"@id\":\"https:\\\/\\\/www.koonings.com\\\/fr\\\/#website\",\"url\":\"https:\\\/\\\/www.koonings.com\\\/fr\\\/\",\"name\":\"Koonings\",\"description\":\"De grootste bruidsmodewinkel ter wereld\",\"publisher\":{\"@id\":\"https:\\\/\\\/www.koonings.com\\\/fr\\\/#organization\"},\"potentialAction\":[{\"@type\":\"SearchAction\",\"target\":{\"@type\":\"EntryPoint\",\"urlTemplate\":\"https:\\\/\\\/www.koonings.com\\\/fr\\\/?s={search_term_string}\"},\"query-input\":{\"@type\":\"PropertyValueSpecification\",\"valueRequired\":true,\"valueName\":\"search_term_string\"}}],\"inLanguage\":\"fr-FR\"},{\"@type\":\"Organization\",\"@id\":\"https:\\\/\\\/www.koonings.com\\\/fr\\\/#organization\",\"name\":\"Koonings\",\"url\":\"https:\\\/\\\/www.koonings.com\\\/fr\\\/\",\"logo\":{\"@type\":\"ImageObject\",\"inLanguage\":\"fr-FR\",\"@id\":\"https:\\\/\\\/www.koonings.com\\\/fr\\\/#\\\/schema\\\/logo\\\/image\\\/\",\"url\":\"https:\\\/\\\/www.koonings.com\\\/wp-content\\\/uploads\\\/2024\\\/07\\\/logo.png\",\"contentUrl\":\"https:\\\/\\\/www.koonings.com\\\/wp-content\\\/uploads\\\/2024\\\/07\\\/logo.png\",\"width\":600,\"height\":428,\"caption\":\"Koonings\"},\"image\":{\"@id\":\"https:\\\/\\\/www.koonings.com\\\/fr\\\/#\\\/schema\\\/logo\\\/image\\\/\"},\"sameAs\":[\"https:\\\/\\\/www.facebook.com\\\/kooningstheweddingpalace\",\"https:\\\/\\\/www.instagram.com\\\/kooningstheweddingpalace\",\"https:\\\/\\\/www.pinterest.com\\\/koonings\",\"https:\\\/\\\/www.youtube.com\\\/kooningstheweddingpalace\"]}]}<\/script>\n<!-- \/ Yoast SEO plugin. -->","yoast_head_json":{"title":"Milla Nova Sinatra | Koonings","description":"Magnifique robe de mari\u00e9e semi-transparente en dentelle chantilly, subtilement parsem\u00e9e de fleurs en 3D et de paillettes. Elle se compose d'un corset semi-transparent en forme de c\u0153ur avec bonnets int\u00e9gr\u00e9s orn\u00e9s d'appliques de fleurs en 3D et de paillettes, d'une fermeture \u00e0 glissi\u00e8re au dos et d'une jupe volumineuse en tulle sur de la dentelle chantilly.","robots":{"index":"index","follow":"follow","max-snippet":"max-snippet:-1","max-image-preview":"max-image-preview:large","max-video-preview":"max-video-preview:-1"},"canonical":"https:\/\/www.koonings.com\/fr\/product\/milla-nova-sinatra\/","og_locale":"fr_FR","og_type":"article","og_title":"Milla Nova Sinatra | Koonings","og_description":"Magnifique robe de mari\u00e9e semi-transparente en dentelle chantilly, subtilement parsem\u00e9e de fleurs en 3D et de paillettes. Elle se compose d'un corset semi-transparent en forme de c\u0153ur avec bonnets int\u00e9gr\u00e9s orn\u00e9s d'appliques de fleurs en 3D et de paillettes, d'une fermeture \u00e0 glissi\u00e8re au dos et d'une jupe volumineuse en tulle sur de la dentelle chantilly.","og_url":"https:\/\/www.koonings.com\/fr\/product\/milla-nova-sinatra\/","og_site_name":"Koonings","article_publisher":"https:\/\/www.facebook.com\/kooningstheweddingpalace","og_image":[{"width":1808,"height":2560,"url":"https:\/\/www.koonings.com\/wp-content\/uploads\/2024\/11\/40770_cccaf9df404346da1664c6726b67df751a9436254ea896d2d0d8370e865f662e3ae06d7e-scaled.jpeg","type":"image\/jpeg"}],"twitter_card":"summary_large_image","schema":{"@context":"https:\/\/schema.org","@graph":[{"@type":"WebPage","@id":"https:\/\/www.koonings.com\/fr\/product\/milla-nova-sinatra\/","url":"https:\/\/www.koonings.com\/fr\/product\/milla-nova-sinatra\/","name":"Milla Nova Sinatra | Koonings","isPartOf":{"@id":"https:\/\/www.koonings.com\/fr\/#website"},"primaryImageOfPage":{"@id":"https:\/\/www.koonings.com\/fr\/product\/milla-nova-sinatra\/#primaryimage"},"image":{"@id":"https:\/\/www.koonings.com\/fr\/product\/milla-nova-sinatra\/#primaryimage"},"thumbnailUrl":"https:\/\/www.koonings.com\/wp-content\/uploads\/2024\/11\/40770_cccaf9df404346da1664c6726b67df751a9436254ea896d2d0d8370e865f662e3ae06d7e-scaled.jpeg","datePublished":"2026-04-28T16:22:06+00:00","description":"Magnifique robe de mari\u00e9e semi-transparente en dentelle chantilly, subtilement parsem\u00e9e de fleurs en 3D et de paillettes. Elle se compose d'un corset semi-transparent en forme de c\u0153ur avec bonnets int\u00e9gr\u00e9s orn\u00e9s d'appliques de fleurs en 3D et de paillettes, d'une fermeture \u00e0 glissi\u00e8re au dos et d'une jupe volumineuse en tulle sur de la dentelle chantilly.","breadcrumb":{"@id":"https:\/\/www.koonings.com\/fr\/product\/milla-nova-sinatra\/#breadcrumb"},"inLanguage":"fr-FR","potentialAction":[{"@type":"ReadAction","target":["https:\/\/www.koonings.com\/fr\/product\/milla-nova-sinatra\/"]}]},{"@type":"ImageObject","inLanguage":"fr-FR","@id":"https:\/\/www.koonings.com\/fr\/product\/milla-nova-sinatra\/#primaryimage","url":"https:\/\/www.koonings.com\/wp-content\/uploads\/2024\/11\/40770_cccaf9df404346da1664c6726b67df751a9436254ea896d2d0d8370e865f662e3ae06d7e-scaled.jpeg","contentUrl":"https:\/\/www.koonings.com\/wp-content\/uploads\/2024\/11\/40770_cccaf9df404346da1664c6726b67df751a9436254ea896d2d0d8370e865f662e3ae06d7e-scaled.jpeg","width":1808,"height":2560},{"@type":"BreadcrumbList","@id":"https:\/\/www.koonings.com\/fr\/product\/milla-nova-sinatra\/#breadcrumb","itemListElement":[{"@type":"ListItem","position":1,"name":"Home","item":"https:\/\/www.koonings.com\/fr\/"},{"@type":"ListItem","position":2,"name":"Milla Nova Sinatra"}]},{"@type":"WebSite","@id":"https:\/\/www.koonings.com\/fr\/#website","url":"https:\/\/www.koonings.com\/fr\/","name":"Koonings","description":"De grootste bruidsmodewinkel ter wereld","publisher":{"@id":"https:\/\/www.koonings.com\/fr\/#organization"},"potentialAction":[{"@type":"SearchAction","target":{"@type":"EntryPoint","urlTemplate":"https:\/\/www.koonings.com\/fr\/?s={search_term_string}"},"query-input":{"@type":"PropertyValueSpecification","valueRequired":true,"valueName":"search_term_string"}}],"inLanguage":"fr-FR"},{"@type":"Organization","@id":"https:\/\/www.koonings.com\/fr\/#organization","name":"Koonings","url":"https:\/\/www.koonings.com\/fr\/","logo":{"@type":"ImageObject","inLanguage":"fr-FR","@id":"https:\/\/www.koonings.com\/fr\/#\/schema\/logo\/image\/","url":"https:\/\/www.koonings.com\/wp-content\/uploads\/2024\/07\/logo.png","contentUrl":"https:\/\/www.koonings.com\/wp-content\/uploads\/2024\/07\/logo.png","width":600,"height":428,"caption":"Koonings"},"image":{"@id":"https:\/\/www.koonings.com\/fr\/#\/schema\/logo\/image\/"},"sameAs":["https:\/\/www.facebook.com\/kooningstheweddingpalace","https:\/\/www.instagram.com\/kooningstheweddingpalace","https:\/\/www.pinterest.com\/koonings","https:\/\/www.youtube.com\/kooningstheweddingpalace"]}]}},"_links":{"self":[{"href":"https:\/\/www.koonings.com\/fr\/wp-json\/wp\/v2\/product\/79832","targetHints":{"allow":["GET"]}}],"collection":[{"href":"https:\/\/www.koonings.com\/fr\/wp-json\/wp\/v2\/product"}],"about":[{"href":"https:\/\/www.koonings.com\/fr\/wp-json\/wp\/v2\/types\/product"}],"wp:featuredmedia":[{"embeddable":true,"href":"https:\/\/www.koonings.com\/fr\/wp-json\/wp\/v2\/media\/71021"}],"wp:attachment":[{"href":"https:\/\/www.koonings.com\/fr\/wp-json\/wp\/v2\/media?parent=79832"}],"wp:term":[{"taxonomy":"productdetails","embeddable":true,"href":"https:\/\/www.koonings.com\/fr\/wp-json\/wp\/v2\/productdetails?post=79832"},{"taxonomy":"productneck","embeddable":true,"href":"https:\/\/www.koonings.com\/fr\/wp-json\/wp\/v2\/productneck?post=79832"},{"taxonomy":"productcolor","embeddable":true,"href":"https:\/\/www.koonings.com\/fr\/wp-json\/wp\/v2\/productcolor?post=79832"},{"taxonomy":"maat","embeddable":true,"href":"https:\/\/www.koonings.com\/fr\/wp-json\/wp\/v2\/maat?post=79832"},{"taxonomy":"productsupplier","embeddable":true,"href":"https:\/\/www.koonings.com\/fr\/wp-json\/wp\/v2\/productsupplier?post=79832"},{"taxonomy":"productsleeve","embeddable":true,"href":"https:\/\/www.koonings.com\/fr\/wp-json\/wp\/v2\/productsleeve?post=79832"},{"taxonomy":"productcategory","embeddable":true,"href":"https:\/\/www.koonings.com\/fr\/wp-json\/wp\/v2\/productcategory?post=79832"},{"taxonomy":"productsilhouette","embeddable":true,"href":"https:\/\/www.koonings.com\/fr\/wp-json\/wp\/v2\/productsilhouette?post=79832"},{"taxonomy":"productstyle","embeddable":true,"href":"https:\/\/www.koonings.com\/fr\/wp-json\/wp\/v2\/productstyle?post=79832"}],"curies":[{"name":"wp","href":"https:\/\/api.w.org\/{rel}","templated":true}]}}