{"id":79831,"date":"2026-04-21T18:22:07","date_gmt":"2026-04-21T16:22:07","guid":{"rendered":"https:\/\/www.koonings.com\/product\/milla-nova-lancaster\/"},"modified":"2025-06-05T13:46:43","modified_gmt":"2025-06-05T11:46:43","slug":"milla-nova-lancaster","status":"publish","type":"product","link":"https:\/\/www.koonings.com\/fr\/product\/milla-nova-lancaster\/","title":{"rendered":"Milla Nova Lancaster"},"content":{"rendered":"<p>Robe de mari\u00e9e classique et intemporelle avec ligne A et drap\u00e9. Cette robe sans manches se compose d&#8217;un corset \u00e0 la taille ajust\u00e9e, d&#8217;un d\u00e9collet\u00e9 drap\u00e9, d&#8217;une fermeture \u00e0 glissi\u00e8re au dos orn\u00e9e de boutons et d&#8217;une jupe ample \u00e0 longue tra\u00eene et fendue sur le c\u00f4t\u00e9. <\/p>\n","protected":false},"featured_media":70967,"template":"","meta":{"_acf_changed":false,"ghostkit_customizer_options":"","ghostkit_custom_css":"","ghostkit_custom_js_head":"","ghostkit_custom_js_foot":"","ghostkit_typography":""},"productdetails":[378],"productneck":[352,354],"productcolor":[392],"maat":[],"productsupplier":[446],"productsleeve":[],"productcategory":[18],"productsilhouette":[384],"productstyle":[369,370],"class_list":["post-79831","product","type-product","status-publish","has-post-thumbnail","hentry","productdetails-378","productneck-352","productneck-354","productcolor-392","productsupplier-milla-nova","productcategory-trouwjurken","productsilhouette-384","productstyle-369","productstyle-370"],"acf":[],"yoast_head":"<!-- This site is optimized with the Yoast SEO plugin v27.3 - https:\/\/yoast.com\/product\/yoast-seo-wordpress\/ -->\n<title>Milla Nova Lancaster | Koonings<\/title>\n<meta name=\"description\" content=\"Robe de mari\u00e9e classique et intemporelle avec ligne A et drap\u00e9. Cette robe sans manches se compose d&#039;un corset \u00e0 la taille ajust\u00e9e, d&#039;un d\u00e9collet\u00e9 drap\u00e9, d&#039;une fermeture \u00e0 glissi\u00e8re au dos orn\u00e9e de boutons et d&#039;une jupe ample \u00e0 longue tra\u00eene et fendue sur le c\u00f4t\u00e9.\" \/>\n<meta name=\"robots\" content=\"index, follow, max-snippet:-1, max-image-preview:large, max-video-preview:-1\" \/>\n<link rel=\"canonical\" href=\"https:\/\/www.koonings.com\/fr\/product\/milla-nova-lancaster\/\" \/>\n<meta property=\"og:locale\" content=\"fr_FR\" \/>\n<meta property=\"og:type\" content=\"article\" \/>\n<meta property=\"og:title\" content=\"Milla Nova Lancaster | Koonings\" \/>\n<meta property=\"og:description\" content=\"Robe de mari\u00e9e classique et intemporelle avec ligne A et drap\u00e9. Cette robe sans manches se compose d&#039;un corset \u00e0 la taille ajust\u00e9e, d&#039;un d\u00e9collet\u00e9 drap\u00e9, d&#039;une fermeture \u00e0 glissi\u00e8re au dos orn\u00e9e de boutons et d&#039;une jupe ample \u00e0 longue tra\u00eene et fendue sur le c\u00f4t\u00e9.\" \/>\n<meta property=\"og:url\" content=\"https:\/\/www.koonings.com\/fr\/product\/milla-nova-lancaster\/\" \/>\n<meta property=\"og:site_name\" content=\"Koonings\" \/>\n<meta property=\"article:publisher\" content=\"https:\/\/www.facebook.com\/kooningstheweddingpalace\" \/>\n<meta property=\"og:image\" content=\"https:\/\/www.koonings.com\/wp-content\/uploads\/2024\/11\/40681_15c4b3f367a812d313fb1e09da9949af3b41e7a9c20cb47a83267150cc1de4bd19ccd95c-scaled.jpeg\" \/>\n\t<meta property=\"og:image:width\" content=\"1808\" \/>\n\t<meta property=\"og:image:height\" content=\"2560\" \/>\n\t<meta property=\"og:image:type\" content=\"image\/jpeg\" \/>\n<meta name=\"twitter:card\" content=\"summary_large_image\" \/>\n<script type=\"application\/ld+json\" class=\"yoast-schema-graph\">{\"@context\":\"https:\\\/\\\/schema.org\",\"@graph\":[{\"@type\":\"WebPage\",\"@id\":\"https:\\\/\\\/www.koonings.com\\\/fr\\\/product\\\/milla-nova-lancaster\\\/\",\"url\":\"https:\\\/\\\/www.koonings.com\\\/fr\\\/product\\\/milla-nova-lancaster\\\/\",\"name\":\"Milla Nova Lancaster | Koonings\",\"isPartOf\":{\"@id\":\"https:\\\/\\\/www.koonings.com\\\/fr\\\/#website\"},\"primaryImageOfPage\":{\"@id\":\"https:\\\/\\\/www.koonings.com\\\/fr\\\/product\\\/milla-nova-lancaster\\\/#primaryimage\"},\"image\":{\"@id\":\"https:\\\/\\\/www.koonings.com\\\/fr\\\/product\\\/milla-nova-lancaster\\\/#primaryimage\"},\"thumbnailUrl\":\"https:\\\/\\\/www.koonings.com\\\/wp-content\\\/uploads\\\/2024\\\/11\\\/40681_15c4b3f367a812d313fb1e09da9949af3b41e7a9c20cb47a83267150cc1de4bd19ccd95c-scaled.jpeg\",\"datePublished\":\"2026-04-21T16:22:07+00:00\",\"description\":\"Robe de mari\u00e9e classique et intemporelle avec ligne A et drap\u00e9. Cette robe sans manches se compose d'un corset \u00e0 la taille ajust\u00e9e, d'un d\u00e9collet\u00e9 drap\u00e9, d'une fermeture \u00e0 glissi\u00e8re au dos orn\u00e9e de boutons et d'une jupe ample \u00e0 longue tra\u00eene et fendue sur le c\u00f4t\u00e9.\",\"breadcrumb\":{\"@id\":\"https:\\\/\\\/www.koonings.com\\\/fr\\\/product\\\/milla-nova-lancaster\\\/#breadcrumb\"},\"inLanguage\":\"fr-FR\",\"potentialAction\":[{\"@type\":\"ReadAction\",\"target\":[\"https:\\\/\\\/www.koonings.com\\\/fr\\\/product\\\/milla-nova-lancaster\\\/\"]}]},{\"@type\":\"ImageObject\",\"inLanguage\":\"fr-FR\",\"@id\":\"https:\\\/\\\/www.koonings.com\\\/fr\\\/product\\\/milla-nova-lancaster\\\/#primaryimage\",\"url\":\"https:\\\/\\\/www.koonings.com\\\/wp-content\\\/uploads\\\/2024\\\/11\\\/40681_15c4b3f367a812d313fb1e09da9949af3b41e7a9c20cb47a83267150cc1de4bd19ccd95c-scaled.jpeg\",\"contentUrl\":\"https:\\\/\\\/www.koonings.com\\\/wp-content\\\/uploads\\\/2024\\\/11\\\/40681_15c4b3f367a812d313fb1e09da9949af3b41e7a9c20cb47a83267150cc1de4bd19ccd95c-scaled.jpeg\",\"width\":1808,\"height\":2560},{\"@type\":\"BreadcrumbList\",\"@id\":\"https:\\\/\\\/www.koonings.com\\\/fr\\\/product\\\/milla-nova-lancaster\\\/#breadcrumb\",\"itemListElement\":[{\"@type\":\"ListItem\",\"position\":1,\"name\":\"Home\",\"item\":\"https:\\\/\\\/www.koonings.com\\\/fr\\\/\"},{\"@type\":\"ListItem\",\"position\":2,\"name\":\"Milla Nova Lancaster\"}]},{\"@type\":\"WebSite\",\"@id\":\"https:\\\/\\\/www.koonings.com\\\/fr\\\/#website\",\"url\":\"https:\\\/\\\/www.koonings.com\\\/fr\\\/\",\"name\":\"Koonings\",\"description\":\"De grootste bruidsmodewinkel ter wereld\",\"publisher\":{\"@id\":\"https:\\\/\\\/www.koonings.com\\\/fr\\\/#organization\"},\"potentialAction\":[{\"@type\":\"SearchAction\",\"target\":{\"@type\":\"EntryPoint\",\"urlTemplate\":\"https:\\\/\\\/www.koonings.com\\\/fr\\\/?s={search_term_string}\"},\"query-input\":{\"@type\":\"PropertyValueSpecification\",\"valueRequired\":true,\"valueName\":\"search_term_string\"}}],\"inLanguage\":\"fr-FR\"},{\"@type\":\"Organization\",\"@id\":\"https:\\\/\\\/www.koonings.com\\\/fr\\\/#organization\",\"name\":\"Koonings\",\"url\":\"https:\\\/\\\/www.koonings.com\\\/fr\\\/\",\"logo\":{\"@type\":\"ImageObject\",\"inLanguage\":\"fr-FR\",\"@id\":\"https:\\\/\\\/www.koonings.com\\\/fr\\\/#\\\/schema\\\/logo\\\/image\\\/\",\"url\":\"https:\\\/\\\/www.koonings.com\\\/wp-content\\\/uploads\\\/2024\\\/07\\\/logo.png\",\"contentUrl\":\"https:\\\/\\\/www.koonings.com\\\/wp-content\\\/uploads\\\/2024\\\/07\\\/logo.png\",\"width\":600,\"height\":428,\"caption\":\"Koonings\"},\"image\":{\"@id\":\"https:\\\/\\\/www.koonings.com\\\/fr\\\/#\\\/schema\\\/logo\\\/image\\\/\"},\"sameAs\":[\"https:\\\/\\\/www.facebook.com\\\/kooningstheweddingpalace\",\"https:\\\/\\\/www.instagram.com\\\/kooningstheweddingpalace\",\"https:\\\/\\\/www.pinterest.com\\\/koonings\",\"https:\\\/\\\/www.youtube.com\\\/kooningstheweddingpalace\"]}]}<\/script>\n<!-- \/ Yoast SEO plugin. -->","yoast_head_json":{"title":"Milla Nova Lancaster | Koonings","description":"Robe de mari\u00e9e classique et intemporelle avec ligne A et drap\u00e9. Cette robe sans manches se compose d'un corset \u00e0 la taille ajust\u00e9e, d'un d\u00e9collet\u00e9 drap\u00e9, d'une fermeture \u00e0 glissi\u00e8re au dos orn\u00e9e de boutons et d'une jupe ample \u00e0 longue tra\u00eene et fendue sur le c\u00f4t\u00e9.","robots":{"index":"index","follow":"follow","max-snippet":"max-snippet:-1","max-image-preview":"max-image-preview:large","max-video-preview":"max-video-preview:-1"},"canonical":"https:\/\/www.koonings.com\/fr\/product\/milla-nova-lancaster\/","og_locale":"fr_FR","og_type":"article","og_title":"Milla Nova Lancaster | Koonings","og_description":"Robe de mari\u00e9e classique et intemporelle avec ligne A et drap\u00e9. Cette robe sans manches se compose d'un corset \u00e0 la taille ajust\u00e9e, d'un d\u00e9collet\u00e9 drap\u00e9, d'une fermeture \u00e0 glissi\u00e8re au dos orn\u00e9e de boutons et d'une jupe ample \u00e0 longue tra\u00eene et fendue sur le c\u00f4t\u00e9.","og_url":"https:\/\/www.koonings.com\/fr\/product\/milla-nova-lancaster\/","og_site_name":"Koonings","article_publisher":"https:\/\/www.facebook.com\/kooningstheweddingpalace","og_image":[{"width":1808,"height":2560,"url":"https:\/\/www.koonings.com\/wp-content\/uploads\/2024\/11\/40681_15c4b3f367a812d313fb1e09da9949af3b41e7a9c20cb47a83267150cc1de4bd19ccd95c-scaled.jpeg","type":"image\/jpeg"}],"twitter_card":"summary_large_image","schema":{"@context":"https:\/\/schema.org","@graph":[{"@type":"WebPage","@id":"https:\/\/www.koonings.com\/fr\/product\/milla-nova-lancaster\/","url":"https:\/\/www.koonings.com\/fr\/product\/milla-nova-lancaster\/","name":"Milla Nova Lancaster | Koonings","isPartOf":{"@id":"https:\/\/www.koonings.com\/fr\/#website"},"primaryImageOfPage":{"@id":"https:\/\/www.koonings.com\/fr\/product\/milla-nova-lancaster\/#primaryimage"},"image":{"@id":"https:\/\/www.koonings.com\/fr\/product\/milla-nova-lancaster\/#primaryimage"},"thumbnailUrl":"https:\/\/www.koonings.com\/wp-content\/uploads\/2024\/11\/40681_15c4b3f367a812d313fb1e09da9949af3b41e7a9c20cb47a83267150cc1de4bd19ccd95c-scaled.jpeg","datePublished":"2026-04-21T16:22:07+00:00","description":"Robe de mari\u00e9e classique et intemporelle avec ligne A et drap\u00e9. Cette robe sans manches se compose d'un corset \u00e0 la taille ajust\u00e9e, d'un d\u00e9collet\u00e9 drap\u00e9, d'une fermeture \u00e0 glissi\u00e8re au dos orn\u00e9e de boutons et d'une jupe ample \u00e0 longue tra\u00eene et fendue sur le c\u00f4t\u00e9.","breadcrumb":{"@id":"https:\/\/www.koonings.com\/fr\/product\/milla-nova-lancaster\/#breadcrumb"},"inLanguage":"fr-FR","potentialAction":[{"@type":"ReadAction","target":["https:\/\/www.koonings.com\/fr\/product\/milla-nova-lancaster\/"]}]},{"@type":"ImageObject","inLanguage":"fr-FR","@id":"https:\/\/www.koonings.com\/fr\/product\/milla-nova-lancaster\/#primaryimage","url":"https:\/\/www.koonings.com\/wp-content\/uploads\/2024\/11\/40681_15c4b3f367a812d313fb1e09da9949af3b41e7a9c20cb47a83267150cc1de4bd19ccd95c-scaled.jpeg","contentUrl":"https:\/\/www.koonings.com\/wp-content\/uploads\/2024\/11\/40681_15c4b3f367a812d313fb1e09da9949af3b41e7a9c20cb47a83267150cc1de4bd19ccd95c-scaled.jpeg","width":1808,"height":2560},{"@type":"BreadcrumbList","@id":"https:\/\/www.koonings.com\/fr\/product\/milla-nova-lancaster\/#breadcrumb","itemListElement":[{"@type":"ListItem","position":1,"name":"Home","item":"https:\/\/www.koonings.com\/fr\/"},{"@type":"ListItem","position":2,"name":"Milla Nova Lancaster"}]},{"@type":"WebSite","@id":"https:\/\/www.koonings.com\/fr\/#website","url":"https:\/\/www.koonings.com\/fr\/","name":"Koonings","description":"De grootste bruidsmodewinkel ter wereld","publisher":{"@id":"https:\/\/www.koonings.com\/fr\/#organization"},"potentialAction":[{"@type":"SearchAction","target":{"@type":"EntryPoint","urlTemplate":"https:\/\/www.koonings.com\/fr\/?s={search_term_string}"},"query-input":{"@type":"PropertyValueSpecification","valueRequired":true,"valueName":"search_term_string"}}],"inLanguage":"fr-FR"},{"@type":"Organization","@id":"https:\/\/www.koonings.com\/fr\/#organization","name":"Koonings","url":"https:\/\/www.koonings.com\/fr\/","logo":{"@type":"ImageObject","inLanguage":"fr-FR","@id":"https:\/\/www.koonings.com\/fr\/#\/schema\/logo\/image\/","url":"https:\/\/www.koonings.com\/wp-content\/uploads\/2024\/07\/logo.png","contentUrl":"https:\/\/www.koonings.com\/wp-content\/uploads\/2024\/07\/logo.png","width":600,"height":428,"caption":"Koonings"},"image":{"@id":"https:\/\/www.koonings.com\/fr\/#\/schema\/logo\/image\/"},"sameAs":["https:\/\/www.facebook.com\/kooningstheweddingpalace","https:\/\/www.instagram.com\/kooningstheweddingpalace","https:\/\/www.pinterest.com\/koonings","https:\/\/www.youtube.com\/kooningstheweddingpalace"]}]}},"_links":{"self":[{"href":"https:\/\/www.koonings.com\/fr\/wp-json\/wp\/v2\/product\/79831","targetHints":{"allow":["GET"]}}],"collection":[{"href":"https:\/\/www.koonings.com\/fr\/wp-json\/wp\/v2\/product"}],"about":[{"href":"https:\/\/www.koonings.com\/fr\/wp-json\/wp\/v2\/types\/product"}],"wp:featuredmedia":[{"embeddable":true,"href":"https:\/\/www.koonings.com\/fr\/wp-json\/wp\/v2\/media\/70967"}],"wp:attachment":[{"href":"https:\/\/www.koonings.com\/fr\/wp-json\/wp\/v2\/media?parent=79831"}],"wp:term":[{"taxonomy":"productdetails","embeddable":true,"href":"https:\/\/www.koonings.com\/fr\/wp-json\/wp\/v2\/productdetails?post=79831"},{"taxonomy":"productneck","embeddable":true,"href":"https:\/\/www.koonings.com\/fr\/wp-json\/wp\/v2\/productneck?post=79831"},{"taxonomy":"productcolor","embeddable":true,"href":"https:\/\/www.koonings.com\/fr\/wp-json\/wp\/v2\/productcolor?post=79831"},{"taxonomy":"maat","embeddable":true,"href":"https:\/\/www.koonings.com\/fr\/wp-json\/wp\/v2\/maat?post=79831"},{"taxonomy":"productsupplier","embeddable":true,"href":"https:\/\/www.koonings.com\/fr\/wp-json\/wp\/v2\/productsupplier?post=79831"},{"taxonomy":"productsleeve","embeddable":true,"href":"https:\/\/www.koonings.com\/fr\/wp-json\/wp\/v2\/productsleeve?post=79831"},{"taxonomy":"productcategory","embeddable":true,"href":"https:\/\/www.koonings.com\/fr\/wp-json\/wp\/v2\/productcategory?post=79831"},{"taxonomy":"productsilhouette","embeddable":true,"href":"https:\/\/www.koonings.com\/fr\/wp-json\/wp\/v2\/productsilhouette?post=79831"},{"taxonomy":"productstyle","embeddable":true,"href":"https:\/\/www.koonings.com\/fr\/wp-json\/wp\/v2\/productstyle?post=79831"}],"curies":[{"name":"wp","href":"https:\/\/api.w.org\/{rel}","templated":true}]}}