{"id":79830,"date":"2026-05-06T15:22:49","date_gmt":"2026-05-06T13:22:49","guid":{"rendered":"https:\/\/www.koonings.com\/product\/milla-nova-perpetua-bollero\/"},"modified":"2025-06-05T13:45:08","modified_gmt":"2025-06-05T11:45:08","slug":"milla-nova-perpetua-bollero","status":"publish","type":"product","link":"https:\/\/www.koonings.com\/fr\/product\/milla-nova-perpetua-bollero\/","title":{"rendered":"Milla Nova Perpetua + bollero"},"content":{"rendered":"<p>Robe de mari\u00e9e semi-transparente \u00e0 l&#8217;allure de princesse, faite de dentelle et de tulle d\u00e9licats. Elle se compose d&#8217;un corset victorien en V semi-transparent en forme de c\u0153ur avec bonnets int\u00e9gr\u00e9s d\u00e9cor\u00e9s de dentelle florale, d&#8217;une fermeture \u00e0 glissi\u00e8re au dos et d&#8217;une jupe bouffante en tulle avec sous-couche en dentelle et longue tra\u00eene. Peut \u00eatre compl\u00e9t\u00e9 par un bol\u00e9ro transparent \u00e0 col roul\u00e9 et \u00e0 manches longues d\u00e9cor\u00e9 d&#8217;appliques en dentelle florale.  <\/p>\n","protected":false},"featured_media":71055,"template":"","meta":{"_acf_changed":false,"ghostkit_customizer_options":"","ghostkit_custom_css":"","ghostkit_custom_js_head":"","ghostkit_custom_js_foot":"","ghostkit_typography":""},"productdetails":[381],"productneck":[355],"productcolor":[392],"maat":[],"productsupplier":[446],"productsleeve":[362],"productcategory":[18],"productsilhouette":[388],"productstyle":[372,366],"class_list":["post-79830","product","type-product","status-publish","has-post-thumbnail","hentry","productdetails-381","productneck-355","productcolor-392","productsupplier-milla-nova","productsleeve-362","productcategory-trouwjurken","productsilhouette-388","productstyle-372","productstyle-366"],"acf":[],"yoast_head":"<!-- This site is optimized with the Yoast SEO plugin v27.3 - https:\/\/yoast.com\/product\/yoast-seo-wordpress\/ -->\n<title>Milla Nova Perpetua + bollero | Koonings<\/title>\n<meta name=\"description\" content=\"Robe de mari\u00e9e semi-transparente \u00e0 l&#039;allure de princesse, faite de dentelle et de tulle d\u00e9licats. Elle se compose d&#039;un corset victorien en V semi-transparent en forme de c\u0153ur avec bonnets int\u00e9gr\u00e9s d\u00e9cor\u00e9s de dentelle florale, d&#039;une fermeture \u00e0 glissi\u00e8re au dos et d&#039;une jupe bouffante en tulle avec sous-couche en dentelle et longue tra\u00eene. Peut \u00eatre compl\u00e9t\u00e9 par un bol\u00e9ro transparent \u00e0 col roul\u00e9 et \u00e0 manches longues d\u00e9cor\u00e9 d&#039;appliques en dentelle florale.\" \/>\n<meta name=\"robots\" content=\"index, follow, max-snippet:-1, max-image-preview:large, max-video-preview:-1\" \/>\n<link rel=\"canonical\" href=\"https:\/\/www.koonings.com\/fr\/product\/milla-nova-perpetua-bollero\/\" \/>\n<meta property=\"og:locale\" content=\"fr_FR\" \/>\n<meta property=\"og:type\" content=\"article\" \/>\n<meta property=\"og:title\" content=\"Milla Nova Perpetua + bollero | Koonings\" \/>\n<meta property=\"og:description\" content=\"Robe de mari\u00e9e semi-transparente \u00e0 l&#039;allure de princesse, faite de dentelle et de tulle d\u00e9licats. Elle se compose d&#039;un corset victorien en V semi-transparent en forme de c\u0153ur avec bonnets int\u00e9gr\u00e9s d\u00e9cor\u00e9s de dentelle florale, d&#039;une fermeture \u00e0 glissi\u00e8re au dos et d&#039;une jupe bouffante en tulle avec sous-couche en dentelle et longue tra\u00eene. Peut \u00eatre compl\u00e9t\u00e9 par un bol\u00e9ro transparent \u00e0 col roul\u00e9 et \u00e0 manches longues d\u00e9cor\u00e9 d&#039;appliques en dentelle florale.\" \/>\n<meta property=\"og:url\" content=\"https:\/\/www.koonings.com\/fr\/product\/milla-nova-perpetua-bollero\/\" \/>\n<meta property=\"og:site_name\" content=\"Koonings\" \/>\n<meta property=\"article:publisher\" content=\"https:\/\/www.facebook.com\/kooningstheweddingpalace\" \/>\n<meta property=\"og:image\" content=\"https:\/\/www.koonings.com\/wp-content\/uploads\/2024\/11\/40856_5d91f2ed30707fb7b5d0c367a776b7afa6c605ba462113b20a96b357c50c7f1ce6c7c915-scaled.jpeg\" \/>\n\t<meta property=\"og:image:width\" content=\"1811\" \/>\n\t<meta property=\"og:image:height\" content=\"2560\" \/>\n\t<meta property=\"og:image:type\" content=\"image\/jpeg\" \/>\n<meta name=\"twitter:card\" content=\"summary_large_image\" \/>\n<script type=\"application\/ld+json\" class=\"yoast-schema-graph\">{\"@context\":\"https:\\\/\\\/schema.org\",\"@graph\":[{\"@type\":\"WebPage\",\"@id\":\"https:\\\/\\\/www.koonings.com\\\/fr\\\/product\\\/milla-nova-perpetua-bollero\\\/\",\"url\":\"https:\\\/\\\/www.koonings.com\\\/fr\\\/product\\\/milla-nova-perpetua-bollero\\\/\",\"name\":\"Milla Nova Perpetua + bollero | Koonings\",\"isPartOf\":{\"@id\":\"https:\\\/\\\/www.koonings.com\\\/fr\\\/#website\"},\"primaryImageOfPage\":{\"@id\":\"https:\\\/\\\/www.koonings.com\\\/fr\\\/product\\\/milla-nova-perpetua-bollero\\\/#primaryimage\"},\"image\":{\"@id\":\"https:\\\/\\\/www.koonings.com\\\/fr\\\/product\\\/milla-nova-perpetua-bollero\\\/#primaryimage\"},\"thumbnailUrl\":\"https:\\\/\\\/www.koonings.com\\\/wp-content\\\/uploads\\\/2024\\\/11\\\/40856_5d91f2ed30707fb7b5d0c367a776b7afa6c605ba462113b20a96b357c50c7f1ce6c7c915-scaled.jpeg\",\"datePublished\":\"2026-05-06T13:22:49+00:00\",\"description\":\"Robe de mari\u00e9e semi-transparente \u00e0 l'allure de princesse, faite de dentelle et de tulle d\u00e9licats. Elle se compose d'un corset victorien en V semi-transparent en forme de c\u0153ur avec bonnets int\u00e9gr\u00e9s d\u00e9cor\u00e9s de dentelle florale, d'une fermeture \u00e0 glissi\u00e8re au dos et d'une jupe bouffante en tulle avec sous-couche en dentelle et longue tra\u00eene. Peut \u00eatre compl\u00e9t\u00e9 par un bol\u00e9ro transparent \u00e0 col roul\u00e9 et \u00e0 manches longues d\u00e9cor\u00e9 d'appliques en dentelle florale.\",\"breadcrumb\":{\"@id\":\"https:\\\/\\\/www.koonings.com\\\/fr\\\/product\\\/milla-nova-perpetua-bollero\\\/#breadcrumb\"},\"inLanguage\":\"fr-FR\",\"potentialAction\":[{\"@type\":\"ReadAction\",\"target\":[\"https:\\\/\\\/www.koonings.com\\\/fr\\\/product\\\/milla-nova-perpetua-bollero\\\/\"]}]},{\"@type\":\"ImageObject\",\"inLanguage\":\"fr-FR\",\"@id\":\"https:\\\/\\\/www.koonings.com\\\/fr\\\/product\\\/milla-nova-perpetua-bollero\\\/#primaryimage\",\"url\":\"https:\\\/\\\/www.koonings.com\\\/wp-content\\\/uploads\\\/2024\\\/11\\\/40856_5d91f2ed30707fb7b5d0c367a776b7afa6c605ba462113b20a96b357c50c7f1ce6c7c915-scaled.jpeg\",\"contentUrl\":\"https:\\\/\\\/www.koonings.com\\\/wp-content\\\/uploads\\\/2024\\\/11\\\/40856_5d91f2ed30707fb7b5d0c367a776b7afa6c605ba462113b20a96b357c50c7f1ce6c7c915-scaled.jpeg\",\"width\":1811,\"height\":2560},{\"@type\":\"BreadcrumbList\",\"@id\":\"https:\\\/\\\/www.koonings.com\\\/fr\\\/product\\\/milla-nova-perpetua-bollero\\\/#breadcrumb\",\"itemListElement\":[{\"@type\":\"ListItem\",\"position\":1,\"name\":\"Home\",\"item\":\"https:\\\/\\\/www.koonings.com\\\/fr\\\/\"},{\"@type\":\"ListItem\",\"position\":2,\"name\":\"Milla Nova Perpetua + bollero\"}]},{\"@type\":\"WebSite\",\"@id\":\"https:\\\/\\\/www.koonings.com\\\/fr\\\/#website\",\"url\":\"https:\\\/\\\/www.koonings.com\\\/fr\\\/\",\"name\":\"Koonings\",\"description\":\"De grootste bruidsmodewinkel ter wereld\",\"publisher\":{\"@id\":\"https:\\\/\\\/www.koonings.com\\\/fr\\\/#organization\"},\"potentialAction\":[{\"@type\":\"SearchAction\",\"target\":{\"@type\":\"EntryPoint\",\"urlTemplate\":\"https:\\\/\\\/www.koonings.com\\\/fr\\\/?s={search_term_string}\"},\"query-input\":{\"@type\":\"PropertyValueSpecification\",\"valueRequired\":true,\"valueName\":\"search_term_string\"}}],\"inLanguage\":\"fr-FR\"},{\"@type\":\"Organization\",\"@id\":\"https:\\\/\\\/www.koonings.com\\\/fr\\\/#organization\",\"name\":\"Koonings\",\"url\":\"https:\\\/\\\/www.koonings.com\\\/fr\\\/\",\"logo\":{\"@type\":\"ImageObject\",\"inLanguage\":\"fr-FR\",\"@id\":\"https:\\\/\\\/www.koonings.com\\\/fr\\\/#\\\/schema\\\/logo\\\/image\\\/\",\"url\":\"https:\\\/\\\/www.koonings.com\\\/wp-content\\\/uploads\\\/2024\\\/07\\\/logo.png\",\"contentUrl\":\"https:\\\/\\\/www.koonings.com\\\/wp-content\\\/uploads\\\/2024\\\/07\\\/logo.png\",\"width\":600,\"height\":428,\"caption\":\"Koonings\"},\"image\":{\"@id\":\"https:\\\/\\\/www.koonings.com\\\/fr\\\/#\\\/schema\\\/logo\\\/image\\\/\"},\"sameAs\":[\"https:\\\/\\\/www.facebook.com\\\/kooningstheweddingpalace\",\"https:\\\/\\\/www.instagram.com\\\/kooningstheweddingpalace\",\"https:\\\/\\\/www.pinterest.com\\\/koonings\",\"https:\\\/\\\/www.youtube.com\\\/kooningstheweddingpalace\"]}]}<\/script>\n<!-- \/ Yoast SEO plugin. -->","yoast_head_json":{"title":"Milla Nova Perpetua + bollero | Koonings","description":"Robe de mari\u00e9e semi-transparente \u00e0 l'allure de princesse, faite de dentelle et de tulle d\u00e9licats. Elle se compose d'un corset victorien en V semi-transparent en forme de c\u0153ur avec bonnets int\u00e9gr\u00e9s d\u00e9cor\u00e9s de dentelle florale, d'une fermeture \u00e0 glissi\u00e8re au dos et d'une jupe bouffante en tulle avec sous-couche en dentelle et longue tra\u00eene. Peut \u00eatre compl\u00e9t\u00e9 par un bol\u00e9ro transparent \u00e0 col roul\u00e9 et \u00e0 manches longues d\u00e9cor\u00e9 d'appliques en dentelle florale.","robots":{"index":"index","follow":"follow","max-snippet":"max-snippet:-1","max-image-preview":"max-image-preview:large","max-video-preview":"max-video-preview:-1"},"canonical":"https:\/\/www.koonings.com\/fr\/product\/milla-nova-perpetua-bollero\/","og_locale":"fr_FR","og_type":"article","og_title":"Milla Nova Perpetua + bollero | Koonings","og_description":"Robe de mari\u00e9e semi-transparente \u00e0 l'allure de princesse, faite de dentelle et de tulle d\u00e9licats. Elle se compose d'un corset victorien en V semi-transparent en forme de c\u0153ur avec bonnets int\u00e9gr\u00e9s d\u00e9cor\u00e9s de dentelle florale, d'une fermeture \u00e0 glissi\u00e8re au dos et d'une jupe bouffante en tulle avec sous-couche en dentelle et longue tra\u00eene. Peut \u00eatre compl\u00e9t\u00e9 par un bol\u00e9ro transparent \u00e0 col roul\u00e9 et \u00e0 manches longues d\u00e9cor\u00e9 d'appliques en dentelle florale.","og_url":"https:\/\/www.koonings.com\/fr\/product\/milla-nova-perpetua-bollero\/","og_site_name":"Koonings","article_publisher":"https:\/\/www.facebook.com\/kooningstheweddingpalace","og_image":[{"width":1811,"height":2560,"url":"https:\/\/www.koonings.com\/wp-content\/uploads\/2024\/11\/40856_5d91f2ed30707fb7b5d0c367a776b7afa6c605ba462113b20a96b357c50c7f1ce6c7c915-scaled.jpeg","type":"image\/jpeg"}],"twitter_card":"summary_large_image","schema":{"@context":"https:\/\/schema.org","@graph":[{"@type":"WebPage","@id":"https:\/\/www.koonings.com\/fr\/product\/milla-nova-perpetua-bollero\/","url":"https:\/\/www.koonings.com\/fr\/product\/milla-nova-perpetua-bollero\/","name":"Milla Nova Perpetua + bollero | Koonings","isPartOf":{"@id":"https:\/\/www.koonings.com\/fr\/#website"},"primaryImageOfPage":{"@id":"https:\/\/www.koonings.com\/fr\/product\/milla-nova-perpetua-bollero\/#primaryimage"},"image":{"@id":"https:\/\/www.koonings.com\/fr\/product\/milla-nova-perpetua-bollero\/#primaryimage"},"thumbnailUrl":"https:\/\/www.koonings.com\/wp-content\/uploads\/2024\/11\/40856_5d91f2ed30707fb7b5d0c367a776b7afa6c605ba462113b20a96b357c50c7f1ce6c7c915-scaled.jpeg","datePublished":"2026-05-06T13:22:49+00:00","description":"Robe de mari\u00e9e semi-transparente \u00e0 l'allure de princesse, faite de dentelle et de tulle d\u00e9licats. Elle se compose d'un corset victorien en V semi-transparent en forme de c\u0153ur avec bonnets int\u00e9gr\u00e9s d\u00e9cor\u00e9s de dentelle florale, d'une fermeture \u00e0 glissi\u00e8re au dos et d'une jupe bouffante en tulle avec sous-couche en dentelle et longue tra\u00eene. Peut \u00eatre compl\u00e9t\u00e9 par un bol\u00e9ro transparent \u00e0 col roul\u00e9 et \u00e0 manches longues d\u00e9cor\u00e9 d'appliques en dentelle florale.","breadcrumb":{"@id":"https:\/\/www.koonings.com\/fr\/product\/milla-nova-perpetua-bollero\/#breadcrumb"},"inLanguage":"fr-FR","potentialAction":[{"@type":"ReadAction","target":["https:\/\/www.koonings.com\/fr\/product\/milla-nova-perpetua-bollero\/"]}]},{"@type":"ImageObject","inLanguage":"fr-FR","@id":"https:\/\/www.koonings.com\/fr\/product\/milla-nova-perpetua-bollero\/#primaryimage","url":"https:\/\/www.koonings.com\/wp-content\/uploads\/2024\/11\/40856_5d91f2ed30707fb7b5d0c367a776b7afa6c605ba462113b20a96b357c50c7f1ce6c7c915-scaled.jpeg","contentUrl":"https:\/\/www.koonings.com\/wp-content\/uploads\/2024\/11\/40856_5d91f2ed30707fb7b5d0c367a776b7afa6c605ba462113b20a96b357c50c7f1ce6c7c915-scaled.jpeg","width":1811,"height":2560},{"@type":"BreadcrumbList","@id":"https:\/\/www.koonings.com\/fr\/product\/milla-nova-perpetua-bollero\/#breadcrumb","itemListElement":[{"@type":"ListItem","position":1,"name":"Home","item":"https:\/\/www.koonings.com\/fr\/"},{"@type":"ListItem","position":2,"name":"Milla Nova Perpetua + bollero"}]},{"@type":"WebSite","@id":"https:\/\/www.koonings.com\/fr\/#website","url":"https:\/\/www.koonings.com\/fr\/","name":"Koonings","description":"De grootste bruidsmodewinkel ter wereld","publisher":{"@id":"https:\/\/www.koonings.com\/fr\/#organization"},"potentialAction":[{"@type":"SearchAction","target":{"@type":"EntryPoint","urlTemplate":"https:\/\/www.koonings.com\/fr\/?s={search_term_string}"},"query-input":{"@type":"PropertyValueSpecification","valueRequired":true,"valueName":"search_term_string"}}],"inLanguage":"fr-FR"},{"@type":"Organization","@id":"https:\/\/www.koonings.com\/fr\/#organization","name":"Koonings","url":"https:\/\/www.koonings.com\/fr\/","logo":{"@type":"ImageObject","inLanguage":"fr-FR","@id":"https:\/\/www.koonings.com\/fr\/#\/schema\/logo\/image\/","url":"https:\/\/www.koonings.com\/wp-content\/uploads\/2024\/07\/logo.png","contentUrl":"https:\/\/www.koonings.com\/wp-content\/uploads\/2024\/07\/logo.png","width":600,"height":428,"caption":"Koonings"},"image":{"@id":"https:\/\/www.koonings.com\/fr\/#\/schema\/logo\/image\/"},"sameAs":["https:\/\/www.facebook.com\/kooningstheweddingpalace","https:\/\/www.instagram.com\/kooningstheweddingpalace","https:\/\/www.pinterest.com\/koonings","https:\/\/www.youtube.com\/kooningstheweddingpalace"]}]}},"_links":{"self":[{"href":"https:\/\/www.koonings.com\/fr\/wp-json\/wp\/v2\/product\/79830","targetHints":{"allow":["GET"]}}],"collection":[{"href":"https:\/\/www.koonings.com\/fr\/wp-json\/wp\/v2\/product"}],"about":[{"href":"https:\/\/www.koonings.com\/fr\/wp-json\/wp\/v2\/types\/product"}],"wp:featuredmedia":[{"embeddable":true,"href":"https:\/\/www.koonings.com\/fr\/wp-json\/wp\/v2\/media\/71055"}],"wp:attachment":[{"href":"https:\/\/www.koonings.com\/fr\/wp-json\/wp\/v2\/media?parent=79830"}],"wp:term":[{"taxonomy":"productdetails","embeddable":true,"href":"https:\/\/www.koonings.com\/fr\/wp-json\/wp\/v2\/productdetails?post=79830"},{"taxonomy":"productneck","embeddable":true,"href":"https:\/\/www.koonings.com\/fr\/wp-json\/wp\/v2\/productneck?post=79830"},{"taxonomy":"productcolor","embeddable":true,"href":"https:\/\/www.koonings.com\/fr\/wp-json\/wp\/v2\/productcolor?post=79830"},{"taxonomy":"maat","embeddable":true,"href":"https:\/\/www.koonings.com\/fr\/wp-json\/wp\/v2\/maat?post=79830"},{"taxonomy":"productsupplier","embeddable":true,"href":"https:\/\/www.koonings.com\/fr\/wp-json\/wp\/v2\/productsupplier?post=79830"},{"taxonomy":"productsleeve","embeddable":true,"href":"https:\/\/www.koonings.com\/fr\/wp-json\/wp\/v2\/productsleeve?post=79830"},{"taxonomy":"productcategory","embeddable":true,"href":"https:\/\/www.koonings.com\/fr\/wp-json\/wp\/v2\/productcategory?post=79830"},{"taxonomy":"productsilhouette","embeddable":true,"href":"https:\/\/www.koonings.com\/fr\/wp-json\/wp\/v2\/productsilhouette?post=79830"},{"taxonomy":"productstyle","embeddable":true,"href":"https:\/\/www.koonings.com\/fr\/wp-json\/wp\/v2\/productstyle?post=79830"}],"curies":[{"name":"wp","href":"https:\/\/api.w.org\/{rel}","templated":true}]}}