{"id":79802,"date":"2026-04-14T16:22:49","date_gmt":"2026-04-14T14:22:49","guid":{"rendered":"https:\/\/www.koonings.com\/product\/milla-nova-maeve\/"},"modified":"2025-06-05T13:45:14","modified_gmt":"2025-06-05T11:45:14","slug":"milla-nova-maeve","status":"publish","type":"product","link":"https:\/\/www.koonings.com\/fr\/product\/milla-nova-maeve\/","title":{"rendered":"Milla Nova Maeve"},"content":{"rendered":"<p>Robe de mari\u00e9e de style boh\u00e8me, subtilement orn\u00e9e d&#8217;applications de dentelle florale. Elle pr\u00e9sente un d\u00e9collet\u00e9 en V profond et un corsage \u00e0 armature d\u00e9cor\u00e9 d&#8217;appliqu\u00e9s floraux de r\u00eave qui s&#8217;\u00e9panouissent \u00e9l\u00e9gamment sur les manches longues transparentes. La robe est dot\u00e9e d&#8217;un dos en V profond et ouvert et d&#8217;une jupe princesse pimpante avec une tra\u00eene midi et une fente s\u00e9duisante au niveau des cuisses.  <\/p>\n","protected":false},"featured_media":71213,"template":"","meta":{"_acf_changed":false,"ghostkit_customizer_options":"","ghostkit_custom_css":"","ghostkit_custom_js_head":"","ghostkit_custom_js_foot":"","ghostkit_typography":""},"productdetails":[379,378],"productneck":[351,356],"productcolor":[392],"maat":[],"productsupplier":[446],"productsleeve":[362],"productcategory":[18],"productsilhouette":[384],"productstyle":[364,370],"class_list":["post-79802","product","type-product","status-publish","has-post-thumbnail","hentry","productdetails-379","productdetails-378","productneck-351","productneck-356","productcolor-392","productsupplier-milla-nova","productsleeve-362","productcategory-trouwjurken","productsilhouette-384","productstyle-364","productstyle-370"],"acf":[],"yoast_head":"<!-- This site is optimized with the Yoast SEO plugin v27.3 - https:\/\/yoast.com\/product\/yoast-seo-wordpress\/ -->\n<title>Milla Nova Maeve | Koonings<\/title>\n<meta name=\"description\" content=\"Robe de mari\u00e9e de style boh\u00e8me, subtilement orn\u00e9e d&#039;applications de dentelle florale. Elle pr\u00e9sente un d\u00e9collet\u00e9 en V profond et un corsage \u00e0 armature d\u00e9cor\u00e9 d&#039;appliqu\u00e9s floraux de r\u00eave qui s&#039;\u00e9panouissent \u00e9l\u00e9gamment sur les manches longues transparentes. La robe est dot\u00e9e d&#039;un dos en V profond et ouvert et d&#039;une jupe princesse pimpante avec une tra\u00eene midi et une fente s\u00e9duisante au niveau des cuisses.\" \/>\n<meta name=\"robots\" content=\"index, follow, max-snippet:-1, max-image-preview:large, max-video-preview:-1\" \/>\n<link rel=\"canonical\" href=\"https:\/\/www.koonings.com\/fr\/product\/milla-nova-maeve\/\" \/>\n<meta property=\"og:locale\" content=\"fr_FR\" \/>\n<meta property=\"og:type\" content=\"article\" \/>\n<meta property=\"og:title\" content=\"Milla Nova Maeve | Koonings\" \/>\n<meta property=\"og:description\" content=\"Robe de mari\u00e9e de style boh\u00e8me, subtilement orn\u00e9e d&#039;applications de dentelle florale. Elle pr\u00e9sente un d\u00e9collet\u00e9 en V profond et un corsage \u00e0 armature d\u00e9cor\u00e9 d&#039;appliqu\u00e9s floraux de r\u00eave qui s&#039;\u00e9panouissent \u00e9l\u00e9gamment sur les manches longues transparentes. La robe est dot\u00e9e d&#039;un dos en V profond et ouvert et d&#039;une jupe princesse pimpante avec une tra\u00eene midi et une fente s\u00e9duisante au niveau des cuisses.\" \/>\n<meta property=\"og:url\" content=\"https:\/\/www.koonings.com\/fr\/product\/milla-nova-maeve\/\" \/>\n<meta property=\"og:site_name\" content=\"Koonings\" \/>\n<meta property=\"article:publisher\" content=\"https:\/\/www.facebook.com\/kooningstheweddingpalace\" \/>\n<meta property=\"og:image\" content=\"https:\/\/www.koonings.com\/wp-content\/uploads\/2024\/11\/40777_067611195afa7d3e0d8e5832d0ba36d484aa43b8282ab45e38ec19eac514d4633aa17aab-scaled.jpeg\" \/>\n\t<meta property=\"og:image:width\" content=\"1810\" \/>\n\t<meta property=\"og:image:height\" content=\"2560\" \/>\n\t<meta property=\"og:image:type\" content=\"image\/jpeg\" \/>\n<meta name=\"twitter:card\" content=\"summary_large_image\" \/>\n<script type=\"application\/ld+json\" class=\"yoast-schema-graph\">{\"@context\":\"https:\\\/\\\/schema.org\",\"@graph\":[{\"@type\":\"WebPage\",\"@id\":\"https:\\\/\\\/www.koonings.com\\\/fr\\\/product\\\/milla-nova-maeve\\\/\",\"url\":\"https:\\\/\\\/www.koonings.com\\\/fr\\\/product\\\/milla-nova-maeve\\\/\",\"name\":\"Milla Nova Maeve | Koonings\",\"isPartOf\":{\"@id\":\"https:\\\/\\\/www.koonings.com\\\/fr\\\/#website\"},\"primaryImageOfPage\":{\"@id\":\"https:\\\/\\\/www.koonings.com\\\/fr\\\/product\\\/milla-nova-maeve\\\/#primaryimage\"},\"image\":{\"@id\":\"https:\\\/\\\/www.koonings.com\\\/fr\\\/product\\\/milla-nova-maeve\\\/#primaryimage\"},\"thumbnailUrl\":\"https:\\\/\\\/www.koonings.com\\\/wp-content\\\/uploads\\\/2024\\\/11\\\/40777_067611195afa7d3e0d8e5832d0ba36d484aa43b8282ab45e38ec19eac514d4633aa17aab-scaled.jpeg\",\"datePublished\":\"2026-04-14T14:22:49+00:00\",\"description\":\"Robe de mari\u00e9e de style boh\u00e8me, subtilement orn\u00e9e d'applications de dentelle florale. Elle pr\u00e9sente un d\u00e9collet\u00e9 en V profond et un corsage \u00e0 armature d\u00e9cor\u00e9 d'appliqu\u00e9s floraux de r\u00eave qui s'\u00e9panouissent \u00e9l\u00e9gamment sur les manches longues transparentes. La robe est dot\u00e9e d'un dos en V profond et ouvert et d'une jupe princesse pimpante avec une tra\u00eene midi et une fente s\u00e9duisante au niveau des cuisses.\",\"breadcrumb\":{\"@id\":\"https:\\\/\\\/www.koonings.com\\\/fr\\\/product\\\/milla-nova-maeve\\\/#breadcrumb\"},\"inLanguage\":\"fr-FR\",\"potentialAction\":[{\"@type\":\"ReadAction\",\"target\":[\"https:\\\/\\\/www.koonings.com\\\/fr\\\/product\\\/milla-nova-maeve\\\/\"]}]},{\"@type\":\"ImageObject\",\"inLanguage\":\"fr-FR\",\"@id\":\"https:\\\/\\\/www.koonings.com\\\/fr\\\/product\\\/milla-nova-maeve\\\/#primaryimage\",\"url\":\"https:\\\/\\\/www.koonings.com\\\/wp-content\\\/uploads\\\/2024\\\/11\\\/40777_067611195afa7d3e0d8e5832d0ba36d484aa43b8282ab45e38ec19eac514d4633aa17aab-scaled.jpeg\",\"contentUrl\":\"https:\\\/\\\/www.koonings.com\\\/wp-content\\\/uploads\\\/2024\\\/11\\\/40777_067611195afa7d3e0d8e5832d0ba36d484aa43b8282ab45e38ec19eac514d4633aa17aab-scaled.jpeg\",\"width\":1810,\"height\":2560},{\"@type\":\"BreadcrumbList\",\"@id\":\"https:\\\/\\\/www.koonings.com\\\/fr\\\/product\\\/milla-nova-maeve\\\/#breadcrumb\",\"itemListElement\":[{\"@type\":\"ListItem\",\"position\":1,\"name\":\"Home\",\"item\":\"https:\\\/\\\/www.koonings.com\\\/fr\\\/\"},{\"@type\":\"ListItem\",\"position\":2,\"name\":\"Milla Nova Maeve\"}]},{\"@type\":\"WebSite\",\"@id\":\"https:\\\/\\\/www.koonings.com\\\/fr\\\/#website\",\"url\":\"https:\\\/\\\/www.koonings.com\\\/fr\\\/\",\"name\":\"Koonings\",\"description\":\"De grootste bruidsmodewinkel ter wereld\",\"publisher\":{\"@id\":\"https:\\\/\\\/www.koonings.com\\\/fr\\\/#organization\"},\"potentialAction\":[{\"@type\":\"SearchAction\",\"target\":{\"@type\":\"EntryPoint\",\"urlTemplate\":\"https:\\\/\\\/www.koonings.com\\\/fr\\\/?s={search_term_string}\"},\"query-input\":{\"@type\":\"PropertyValueSpecification\",\"valueRequired\":true,\"valueName\":\"search_term_string\"}}],\"inLanguage\":\"fr-FR\"},{\"@type\":\"Organization\",\"@id\":\"https:\\\/\\\/www.koonings.com\\\/fr\\\/#organization\",\"name\":\"Koonings\",\"url\":\"https:\\\/\\\/www.koonings.com\\\/fr\\\/\",\"logo\":{\"@type\":\"ImageObject\",\"inLanguage\":\"fr-FR\",\"@id\":\"https:\\\/\\\/www.koonings.com\\\/fr\\\/#\\\/schema\\\/logo\\\/image\\\/\",\"url\":\"https:\\\/\\\/www.koonings.com\\\/wp-content\\\/uploads\\\/2024\\\/07\\\/logo.png\",\"contentUrl\":\"https:\\\/\\\/www.koonings.com\\\/wp-content\\\/uploads\\\/2024\\\/07\\\/logo.png\",\"width\":600,\"height\":428,\"caption\":\"Koonings\"},\"image\":{\"@id\":\"https:\\\/\\\/www.koonings.com\\\/fr\\\/#\\\/schema\\\/logo\\\/image\\\/\"},\"sameAs\":[\"https:\\\/\\\/www.facebook.com\\\/kooningstheweddingpalace\",\"https:\\\/\\\/www.instagram.com\\\/kooningstheweddingpalace\",\"https:\\\/\\\/www.pinterest.com\\\/koonings\",\"https:\\\/\\\/www.youtube.com\\\/kooningstheweddingpalace\"]}]}<\/script>\n<!-- \/ Yoast SEO plugin. -->","yoast_head_json":{"title":"Milla Nova Maeve | Koonings","description":"Robe de mari\u00e9e de style boh\u00e8me, subtilement orn\u00e9e d'applications de dentelle florale. Elle pr\u00e9sente un d\u00e9collet\u00e9 en V profond et un corsage \u00e0 armature d\u00e9cor\u00e9 d'appliqu\u00e9s floraux de r\u00eave qui s'\u00e9panouissent \u00e9l\u00e9gamment sur les manches longues transparentes. La robe est dot\u00e9e d'un dos en V profond et ouvert et d'une jupe princesse pimpante avec une tra\u00eene midi et une fente s\u00e9duisante au niveau des cuisses.","robots":{"index":"index","follow":"follow","max-snippet":"max-snippet:-1","max-image-preview":"max-image-preview:large","max-video-preview":"max-video-preview:-1"},"canonical":"https:\/\/www.koonings.com\/fr\/product\/milla-nova-maeve\/","og_locale":"fr_FR","og_type":"article","og_title":"Milla Nova Maeve | Koonings","og_description":"Robe de mari\u00e9e de style boh\u00e8me, subtilement orn\u00e9e d'applications de dentelle florale. Elle pr\u00e9sente un d\u00e9collet\u00e9 en V profond et un corsage \u00e0 armature d\u00e9cor\u00e9 d'appliqu\u00e9s floraux de r\u00eave qui s'\u00e9panouissent \u00e9l\u00e9gamment sur les manches longues transparentes. La robe est dot\u00e9e d'un dos en V profond et ouvert et d'une jupe princesse pimpante avec une tra\u00eene midi et une fente s\u00e9duisante au niveau des cuisses.","og_url":"https:\/\/www.koonings.com\/fr\/product\/milla-nova-maeve\/","og_site_name":"Koonings","article_publisher":"https:\/\/www.facebook.com\/kooningstheweddingpalace","og_image":[{"width":1810,"height":2560,"url":"https:\/\/www.koonings.com\/wp-content\/uploads\/2024\/11\/40777_067611195afa7d3e0d8e5832d0ba36d484aa43b8282ab45e38ec19eac514d4633aa17aab-scaled.jpeg","type":"image\/jpeg"}],"twitter_card":"summary_large_image","schema":{"@context":"https:\/\/schema.org","@graph":[{"@type":"WebPage","@id":"https:\/\/www.koonings.com\/fr\/product\/milla-nova-maeve\/","url":"https:\/\/www.koonings.com\/fr\/product\/milla-nova-maeve\/","name":"Milla Nova Maeve | Koonings","isPartOf":{"@id":"https:\/\/www.koonings.com\/fr\/#website"},"primaryImageOfPage":{"@id":"https:\/\/www.koonings.com\/fr\/product\/milla-nova-maeve\/#primaryimage"},"image":{"@id":"https:\/\/www.koonings.com\/fr\/product\/milla-nova-maeve\/#primaryimage"},"thumbnailUrl":"https:\/\/www.koonings.com\/wp-content\/uploads\/2024\/11\/40777_067611195afa7d3e0d8e5832d0ba36d484aa43b8282ab45e38ec19eac514d4633aa17aab-scaled.jpeg","datePublished":"2026-04-14T14:22:49+00:00","description":"Robe de mari\u00e9e de style boh\u00e8me, subtilement orn\u00e9e d'applications de dentelle florale. Elle pr\u00e9sente un d\u00e9collet\u00e9 en V profond et un corsage \u00e0 armature d\u00e9cor\u00e9 d'appliqu\u00e9s floraux de r\u00eave qui s'\u00e9panouissent \u00e9l\u00e9gamment sur les manches longues transparentes. La robe est dot\u00e9e d'un dos en V profond et ouvert et d'une jupe princesse pimpante avec une tra\u00eene midi et une fente s\u00e9duisante au niveau des cuisses.","breadcrumb":{"@id":"https:\/\/www.koonings.com\/fr\/product\/milla-nova-maeve\/#breadcrumb"},"inLanguage":"fr-FR","potentialAction":[{"@type":"ReadAction","target":["https:\/\/www.koonings.com\/fr\/product\/milla-nova-maeve\/"]}]},{"@type":"ImageObject","inLanguage":"fr-FR","@id":"https:\/\/www.koonings.com\/fr\/product\/milla-nova-maeve\/#primaryimage","url":"https:\/\/www.koonings.com\/wp-content\/uploads\/2024\/11\/40777_067611195afa7d3e0d8e5832d0ba36d484aa43b8282ab45e38ec19eac514d4633aa17aab-scaled.jpeg","contentUrl":"https:\/\/www.koonings.com\/wp-content\/uploads\/2024\/11\/40777_067611195afa7d3e0d8e5832d0ba36d484aa43b8282ab45e38ec19eac514d4633aa17aab-scaled.jpeg","width":1810,"height":2560},{"@type":"BreadcrumbList","@id":"https:\/\/www.koonings.com\/fr\/product\/milla-nova-maeve\/#breadcrumb","itemListElement":[{"@type":"ListItem","position":1,"name":"Home","item":"https:\/\/www.koonings.com\/fr\/"},{"@type":"ListItem","position":2,"name":"Milla Nova Maeve"}]},{"@type":"WebSite","@id":"https:\/\/www.koonings.com\/fr\/#website","url":"https:\/\/www.koonings.com\/fr\/","name":"Koonings","description":"De grootste bruidsmodewinkel ter wereld","publisher":{"@id":"https:\/\/www.koonings.com\/fr\/#organization"},"potentialAction":[{"@type":"SearchAction","target":{"@type":"EntryPoint","urlTemplate":"https:\/\/www.koonings.com\/fr\/?s={search_term_string}"},"query-input":{"@type":"PropertyValueSpecification","valueRequired":true,"valueName":"search_term_string"}}],"inLanguage":"fr-FR"},{"@type":"Organization","@id":"https:\/\/www.koonings.com\/fr\/#organization","name":"Koonings","url":"https:\/\/www.koonings.com\/fr\/","logo":{"@type":"ImageObject","inLanguage":"fr-FR","@id":"https:\/\/www.koonings.com\/fr\/#\/schema\/logo\/image\/","url":"https:\/\/www.koonings.com\/wp-content\/uploads\/2024\/07\/logo.png","contentUrl":"https:\/\/www.koonings.com\/wp-content\/uploads\/2024\/07\/logo.png","width":600,"height":428,"caption":"Koonings"},"image":{"@id":"https:\/\/www.koonings.com\/fr\/#\/schema\/logo\/image\/"},"sameAs":["https:\/\/www.facebook.com\/kooningstheweddingpalace","https:\/\/www.instagram.com\/kooningstheweddingpalace","https:\/\/www.pinterest.com\/koonings","https:\/\/www.youtube.com\/kooningstheweddingpalace"]}]}},"_links":{"self":[{"href":"https:\/\/www.koonings.com\/fr\/wp-json\/wp\/v2\/product\/79802","targetHints":{"allow":["GET"]}}],"collection":[{"href":"https:\/\/www.koonings.com\/fr\/wp-json\/wp\/v2\/product"}],"about":[{"href":"https:\/\/www.koonings.com\/fr\/wp-json\/wp\/v2\/types\/product"}],"wp:featuredmedia":[{"embeddable":true,"href":"https:\/\/www.koonings.com\/fr\/wp-json\/wp\/v2\/media\/71213"}],"wp:attachment":[{"href":"https:\/\/www.koonings.com\/fr\/wp-json\/wp\/v2\/media?parent=79802"}],"wp:term":[{"taxonomy":"productdetails","embeddable":true,"href":"https:\/\/www.koonings.com\/fr\/wp-json\/wp\/v2\/productdetails?post=79802"},{"taxonomy":"productneck","embeddable":true,"href":"https:\/\/www.koonings.com\/fr\/wp-json\/wp\/v2\/productneck?post=79802"},{"taxonomy":"productcolor","embeddable":true,"href":"https:\/\/www.koonings.com\/fr\/wp-json\/wp\/v2\/productcolor?post=79802"},{"taxonomy":"maat","embeddable":true,"href":"https:\/\/www.koonings.com\/fr\/wp-json\/wp\/v2\/maat?post=79802"},{"taxonomy":"productsupplier","embeddable":true,"href":"https:\/\/www.koonings.com\/fr\/wp-json\/wp\/v2\/productsupplier?post=79802"},{"taxonomy":"productsleeve","embeddable":true,"href":"https:\/\/www.koonings.com\/fr\/wp-json\/wp\/v2\/productsleeve?post=79802"},{"taxonomy":"productcategory","embeddable":true,"href":"https:\/\/www.koonings.com\/fr\/wp-json\/wp\/v2\/productcategory?post=79802"},{"taxonomy":"productsilhouette","embeddable":true,"href":"https:\/\/www.koonings.com\/fr\/wp-json\/wp\/v2\/productsilhouette?post=79802"},{"taxonomy":"productstyle","embeddable":true,"href":"https:\/\/www.koonings.com\/fr\/wp-json\/wp\/v2\/productstyle?post=79802"}],"curies":[{"name":"wp","href":"https:\/\/api.w.org\/{rel}","templated":true}]}}