{"id":79796,"date":"2026-05-06T15:22:22","date_gmt":"2026-05-06T13:22:22","guid":{"rendered":"https:\/\/www.koonings.com\/product\/milla-nova-ines\/"},"modified":"2025-06-05T13:45:19","modified_gmt":"2025-06-05T11:45:19","slug":"milla-nova-ines","status":"publish","type":"product","link":"https:\/\/www.koonings.com\/fr\/product\/milla-nova-ines\/","title":{"rendered":"Milla Nova Ines"},"content":{"rendered":"<p>Tendre robe de mari\u00e9e sir\u00e8ne en dentelle chantilly. Elle pr\u00e9sente un d\u00e9collet\u00e9 profond avec des bonnets en forme de c\u0153ur, une jupe ajust\u00e9e et une courte tra\u00eene. Elle peut \u00eatre compl\u00e9t\u00e9e par des manches amovibles en dentelle \u00e0 \u00e9paulettes avec motifs floraux et une tra\u00eene midi assortie.  <\/p>\n","protected":false},"featured_media":71238,"template":"","meta":{"_acf_changed":false,"ghostkit_customizer_options":"","ghostkit_custom_css":"","ghostkit_custom_js_head":"","ghostkit_custom_js_foot":"","ghostkit_typography":""},"productdetails":[376],"productneck":[351,355,356],"productcolor":[393,392],"maat":[],"productsupplier":[446],"productsleeve":[357],"productcategory":[18],"productsilhouette":[387],"productstyle":[366,370],"class_list":["post-79796","product","type-product","status-publish","has-post-thumbnail","hentry","productdetails-376","productneck-351","productneck-355","productneck-356","productcolor-393","productcolor-392","productsupplier-milla-nova","productsleeve-357","productcategory-trouwjurken","productsilhouette-387","productstyle-366","productstyle-370"],"acf":[],"yoast_head":"<!-- This site is optimized with the Yoast SEO plugin v27.3 - https:\/\/yoast.com\/product\/yoast-seo-wordpress\/ -->\n<title>Milla Nova Ines | Koonings<\/title>\n<meta name=\"description\" content=\"Tendre robe de mari\u00e9e sir\u00e8ne en dentelle chantilly. Elle pr\u00e9sente un d\u00e9collet\u00e9 profond avec des bonnets en forme de c\u0153ur, une jupe ajust\u00e9e et une courte tra\u00eene. Elle peut \u00eatre compl\u00e9t\u00e9e par des manches amovibles en dentelle \u00e0 \u00e9paulettes avec motifs floraux et une tra\u00eene midi assortie.\" \/>\n<meta name=\"robots\" content=\"index, follow, max-snippet:-1, max-image-preview:large, max-video-preview:-1\" \/>\n<link rel=\"canonical\" href=\"https:\/\/www.koonings.com\/fr\/product\/milla-nova-ines\/\" \/>\n<meta property=\"og:locale\" content=\"fr_FR\" \/>\n<meta property=\"og:type\" content=\"article\" \/>\n<meta property=\"og:title\" content=\"Milla Nova Ines | Koonings\" \/>\n<meta property=\"og:description\" content=\"Tendre robe de mari\u00e9e sir\u00e8ne en dentelle chantilly. Elle pr\u00e9sente un d\u00e9collet\u00e9 profond avec des bonnets en forme de c\u0153ur, une jupe ajust\u00e9e et une courte tra\u00eene. Elle peut \u00eatre compl\u00e9t\u00e9e par des manches amovibles en dentelle \u00e0 \u00e9paulettes avec motifs floraux et une tra\u00eene midi assortie.\" \/>\n<meta property=\"og:url\" content=\"https:\/\/www.koonings.com\/fr\/product\/milla-nova-ines\/\" \/>\n<meta property=\"og:site_name\" content=\"Koonings\" \/>\n<meta property=\"article:publisher\" content=\"https:\/\/www.facebook.com\/kooningstheweddingpalace\" \/>\n<meta property=\"og:image\" content=\"https:\/\/www.koonings.com\/wp-content\/uploads\/2024\/11\/40778_f86953ad7fb9a53cdd6365910e82472cccafad3f2e3a60781dea44bb795777a2a25fcc4a-scaled.jpeg\" \/>\n\t<meta property=\"og:image:width\" content=\"1806\" \/>\n\t<meta property=\"og:image:height\" content=\"2560\" \/>\n\t<meta property=\"og:image:type\" content=\"image\/jpeg\" \/>\n<meta name=\"twitter:card\" content=\"summary_large_image\" \/>\n<script type=\"application\/ld+json\" class=\"yoast-schema-graph\">{\"@context\":\"https:\\\/\\\/schema.org\",\"@graph\":[{\"@type\":\"WebPage\",\"@id\":\"https:\\\/\\\/www.koonings.com\\\/fr\\\/product\\\/milla-nova-ines\\\/\",\"url\":\"https:\\\/\\\/www.koonings.com\\\/fr\\\/product\\\/milla-nova-ines\\\/\",\"name\":\"Milla Nova Ines | Koonings\",\"isPartOf\":{\"@id\":\"https:\\\/\\\/www.koonings.com\\\/fr\\\/#website\"},\"primaryImageOfPage\":{\"@id\":\"https:\\\/\\\/www.koonings.com\\\/fr\\\/product\\\/milla-nova-ines\\\/#primaryimage\"},\"image\":{\"@id\":\"https:\\\/\\\/www.koonings.com\\\/fr\\\/product\\\/milla-nova-ines\\\/#primaryimage\"},\"thumbnailUrl\":\"https:\\\/\\\/www.koonings.com\\\/wp-content\\\/uploads\\\/2024\\\/11\\\/40778_f86953ad7fb9a53cdd6365910e82472cccafad3f2e3a60781dea44bb795777a2a25fcc4a-scaled.jpeg\",\"datePublished\":\"2026-05-06T13:22:22+00:00\",\"description\":\"Tendre robe de mari\u00e9e sir\u00e8ne en dentelle chantilly. Elle pr\u00e9sente un d\u00e9collet\u00e9 profond avec des bonnets en forme de c\u0153ur, une jupe ajust\u00e9e et une courte tra\u00eene. Elle peut \u00eatre compl\u00e9t\u00e9e par des manches amovibles en dentelle \u00e0 \u00e9paulettes avec motifs floraux et une tra\u00eene midi assortie.\",\"breadcrumb\":{\"@id\":\"https:\\\/\\\/www.koonings.com\\\/fr\\\/product\\\/milla-nova-ines\\\/#breadcrumb\"},\"inLanguage\":\"fr-FR\",\"potentialAction\":[{\"@type\":\"ReadAction\",\"target\":[\"https:\\\/\\\/www.koonings.com\\\/fr\\\/product\\\/milla-nova-ines\\\/\"]}]},{\"@type\":\"ImageObject\",\"inLanguage\":\"fr-FR\",\"@id\":\"https:\\\/\\\/www.koonings.com\\\/fr\\\/product\\\/milla-nova-ines\\\/#primaryimage\",\"url\":\"https:\\\/\\\/www.koonings.com\\\/wp-content\\\/uploads\\\/2024\\\/11\\\/40778_f86953ad7fb9a53cdd6365910e82472cccafad3f2e3a60781dea44bb795777a2a25fcc4a-scaled.jpeg\",\"contentUrl\":\"https:\\\/\\\/www.koonings.com\\\/wp-content\\\/uploads\\\/2024\\\/11\\\/40778_f86953ad7fb9a53cdd6365910e82472cccafad3f2e3a60781dea44bb795777a2a25fcc4a-scaled.jpeg\",\"width\":1806,\"height\":2560},{\"@type\":\"BreadcrumbList\",\"@id\":\"https:\\\/\\\/www.koonings.com\\\/fr\\\/product\\\/milla-nova-ines\\\/#breadcrumb\",\"itemListElement\":[{\"@type\":\"ListItem\",\"position\":1,\"name\":\"Home\",\"item\":\"https:\\\/\\\/www.koonings.com\\\/fr\\\/\"},{\"@type\":\"ListItem\",\"position\":2,\"name\":\"Milla Nova Ines\"}]},{\"@type\":\"WebSite\",\"@id\":\"https:\\\/\\\/www.koonings.com\\\/fr\\\/#website\",\"url\":\"https:\\\/\\\/www.koonings.com\\\/fr\\\/\",\"name\":\"Koonings\",\"description\":\"De grootste bruidsmodewinkel ter wereld\",\"publisher\":{\"@id\":\"https:\\\/\\\/www.koonings.com\\\/fr\\\/#organization\"},\"potentialAction\":[{\"@type\":\"SearchAction\",\"target\":{\"@type\":\"EntryPoint\",\"urlTemplate\":\"https:\\\/\\\/www.koonings.com\\\/fr\\\/?s={search_term_string}\"},\"query-input\":{\"@type\":\"PropertyValueSpecification\",\"valueRequired\":true,\"valueName\":\"search_term_string\"}}],\"inLanguage\":\"fr-FR\"},{\"@type\":\"Organization\",\"@id\":\"https:\\\/\\\/www.koonings.com\\\/fr\\\/#organization\",\"name\":\"Koonings\",\"url\":\"https:\\\/\\\/www.koonings.com\\\/fr\\\/\",\"logo\":{\"@type\":\"ImageObject\",\"inLanguage\":\"fr-FR\",\"@id\":\"https:\\\/\\\/www.koonings.com\\\/fr\\\/#\\\/schema\\\/logo\\\/image\\\/\",\"url\":\"https:\\\/\\\/www.koonings.com\\\/wp-content\\\/uploads\\\/2024\\\/07\\\/logo.png\",\"contentUrl\":\"https:\\\/\\\/www.koonings.com\\\/wp-content\\\/uploads\\\/2024\\\/07\\\/logo.png\",\"width\":600,\"height\":428,\"caption\":\"Koonings\"},\"image\":{\"@id\":\"https:\\\/\\\/www.koonings.com\\\/fr\\\/#\\\/schema\\\/logo\\\/image\\\/\"},\"sameAs\":[\"https:\\\/\\\/www.facebook.com\\\/kooningstheweddingpalace\",\"https:\\\/\\\/www.instagram.com\\\/kooningstheweddingpalace\",\"https:\\\/\\\/www.pinterest.com\\\/koonings\",\"https:\\\/\\\/www.youtube.com\\\/kooningstheweddingpalace\"]}]}<\/script>\n<!-- \/ Yoast SEO plugin. -->","yoast_head_json":{"title":"Milla Nova Ines | Koonings","description":"Tendre robe de mari\u00e9e sir\u00e8ne en dentelle chantilly. Elle pr\u00e9sente un d\u00e9collet\u00e9 profond avec des bonnets en forme de c\u0153ur, une jupe ajust\u00e9e et une courte tra\u00eene. Elle peut \u00eatre compl\u00e9t\u00e9e par des manches amovibles en dentelle \u00e0 \u00e9paulettes avec motifs floraux et une tra\u00eene midi assortie.","robots":{"index":"index","follow":"follow","max-snippet":"max-snippet:-1","max-image-preview":"max-image-preview:large","max-video-preview":"max-video-preview:-1"},"canonical":"https:\/\/www.koonings.com\/fr\/product\/milla-nova-ines\/","og_locale":"fr_FR","og_type":"article","og_title":"Milla Nova Ines | Koonings","og_description":"Tendre robe de mari\u00e9e sir\u00e8ne en dentelle chantilly. Elle pr\u00e9sente un d\u00e9collet\u00e9 profond avec des bonnets en forme de c\u0153ur, une jupe ajust\u00e9e et une courte tra\u00eene. Elle peut \u00eatre compl\u00e9t\u00e9e par des manches amovibles en dentelle \u00e0 \u00e9paulettes avec motifs floraux et une tra\u00eene midi assortie.","og_url":"https:\/\/www.koonings.com\/fr\/product\/milla-nova-ines\/","og_site_name":"Koonings","article_publisher":"https:\/\/www.facebook.com\/kooningstheweddingpalace","og_image":[{"width":1806,"height":2560,"url":"https:\/\/www.koonings.com\/wp-content\/uploads\/2024\/11\/40778_f86953ad7fb9a53cdd6365910e82472cccafad3f2e3a60781dea44bb795777a2a25fcc4a-scaled.jpeg","type":"image\/jpeg"}],"twitter_card":"summary_large_image","schema":{"@context":"https:\/\/schema.org","@graph":[{"@type":"WebPage","@id":"https:\/\/www.koonings.com\/fr\/product\/milla-nova-ines\/","url":"https:\/\/www.koonings.com\/fr\/product\/milla-nova-ines\/","name":"Milla Nova Ines | Koonings","isPartOf":{"@id":"https:\/\/www.koonings.com\/fr\/#website"},"primaryImageOfPage":{"@id":"https:\/\/www.koonings.com\/fr\/product\/milla-nova-ines\/#primaryimage"},"image":{"@id":"https:\/\/www.koonings.com\/fr\/product\/milla-nova-ines\/#primaryimage"},"thumbnailUrl":"https:\/\/www.koonings.com\/wp-content\/uploads\/2024\/11\/40778_f86953ad7fb9a53cdd6365910e82472cccafad3f2e3a60781dea44bb795777a2a25fcc4a-scaled.jpeg","datePublished":"2026-05-06T13:22:22+00:00","description":"Tendre robe de mari\u00e9e sir\u00e8ne en dentelle chantilly. Elle pr\u00e9sente un d\u00e9collet\u00e9 profond avec des bonnets en forme de c\u0153ur, une jupe ajust\u00e9e et une courte tra\u00eene. Elle peut \u00eatre compl\u00e9t\u00e9e par des manches amovibles en dentelle \u00e0 \u00e9paulettes avec motifs floraux et une tra\u00eene midi assortie.","breadcrumb":{"@id":"https:\/\/www.koonings.com\/fr\/product\/milla-nova-ines\/#breadcrumb"},"inLanguage":"fr-FR","potentialAction":[{"@type":"ReadAction","target":["https:\/\/www.koonings.com\/fr\/product\/milla-nova-ines\/"]}]},{"@type":"ImageObject","inLanguage":"fr-FR","@id":"https:\/\/www.koonings.com\/fr\/product\/milla-nova-ines\/#primaryimage","url":"https:\/\/www.koonings.com\/wp-content\/uploads\/2024\/11\/40778_f86953ad7fb9a53cdd6365910e82472cccafad3f2e3a60781dea44bb795777a2a25fcc4a-scaled.jpeg","contentUrl":"https:\/\/www.koonings.com\/wp-content\/uploads\/2024\/11\/40778_f86953ad7fb9a53cdd6365910e82472cccafad3f2e3a60781dea44bb795777a2a25fcc4a-scaled.jpeg","width":1806,"height":2560},{"@type":"BreadcrumbList","@id":"https:\/\/www.koonings.com\/fr\/product\/milla-nova-ines\/#breadcrumb","itemListElement":[{"@type":"ListItem","position":1,"name":"Home","item":"https:\/\/www.koonings.com\/fr\/"},{"@type":"ListItem","position":2,"name":"Milla Nova Ines"}]},{"@type":"WebSite","@id":"https:\/\/www.koonings.com\/fr\/#website","url":"https:\/\/www.koonings.com\/fr\/","name":"Koonings","description":"De grootste bruidsmodewinkel ter wereld","publisher":{"@id":"https:\/\/www.koonings.com\/fr\/#organization"},"potentialAction":[{"@type":"SearchAction","target":{"@type":"EntryPoint","urlTemplate":"https:\/\/www.koonings.com\/fr\/?s={search_term_string}"},"query-input":{"@type":"PropertyValueSpecification","valueRequired":true,"valueName":"search_term_string"}}],"inLanguage":"fr-FR"},{"@type":"Organization","@id":"https:\/\/www.koonings.com\/fr\/#organization","name":"Koonings","url":"https:\/\/www.koonings.com\/fr\/","logo":{"@type":"ImageObject","inLanguage":"fr-FR","@id":"https:\/\/www.koonings.com\/fr\/#\/schema\/logo\/image\/","url":"https:\/\/www.koonings.com\/wp-content\/uploads\/2024\/07\/logo.png","contentUrl":"https:\/\/www.koonings.com\/wp-content\/uploads\/2024\/07\/logo.png","width":600,"height":428,"caption":"Koonings"},"image":{"@id":"https:\/\/www.koonings.com\/fr\/#\/schema\/logo\/image\/"},"sameAs":["https:\/\/www.facebook.com\/kooningstheweddingpalace","https:\/\/www.instagram.com\/kooningstheweddingpalace","https:\/\/www.pinterest.com\/koonings","https:\/\/www.youtube.com\/kooningstheweddingpalace"]}]}},"_links":{"self":[{"href":"https:\/\/www.koonings.com\/fr\/wp-json\/wp\/v2\/product\/79796","targetHints":{"allow":["GET"]}}],"collection":[{"href":"https:\/\/www.koonings.com\/fr\/wp-json\/wp\/v2\/product"}],"about":[{"href":"https:\/\/www.koonings.com\/fr\/wp-json\/wp\/v2\/types\/product"}],"wp:featuredmedia":[{"embeddable":true,"href":"https:\/\/www.koonings.com\/fr\/wp-json\/wp\/v2\/media\/71238"}],"wp:attachment":[{"href":"https:\/\/www.koonings.com\/fr\/wp-json\/wp\/v2\/media?parent=79796"}],"wp:term":[{"taxonomy":"productdetails","embeddable":true,"href":"https:\/\/www.koonings.com\/fr\/wp-json\/wp\/v2\/productdetails?post=79796"},{"taxonomy":"productneck","embeddable":true,"href":"https:\/\/www.koonings.com\/fr\/wp-json\/wp\/v2\/productneck?post=79796"},{"taxonomy":"productcolor","embeddable":true,"href":"https:\/\/www.koonings.com\/fr\/wp-json\/wp\/v2\/productcolor?post=79796"},{"taxonomy":"maat","embeddable":true,"href":"https:\/\/www.koonings.com\/fr\/wp-json\/wp\/v2\/maat?post=79796"},{"taxonomy":"productsupplier","embeddable":true,"href":"https:\/\/www.koonings.com\/fr\/wp-json\/wp\/v2\/productsupplier?post=79796"},{"taxonomy":"productsleeve","embeddable":true,"href":"https:\/\/www.koonings.com\/fr\/wp-json\/wp\/v2\/productsleeve?post=79796"},{"taxonomy":"productcategory","embeddable":true,"href":"https:\/\/www.koonings.com\/fr\/wp-json\/wp\/v2\/productcategory?post=79796"},{"taxonomy":"productsilhouette","embeddable":true,"href":"https:\/\/www.koonings.com\/fr\/wp-json\/wp\/v2\/productsilhouette?post=79796"},{"taxonomy":"productstyle","embeddable":true,"href":"https:\/\/www.koonings.com\/fr\/wp-json\/wp\/v2\/productstyle?post=79796"}],"curies":[{"name":"wp","href":"https:\/\/api.w.org\/{rel}","templated":true}]}}