{"id":79788,"date":"2026-05-06T15:22:44","date_gmt":"2026-05-06T13:22:44","guid":{"rendered":"https:\/\/www.koonings.com\/product\/milla-nova-delicia\/"},"modified":"2026-02-16T14:52:27","modified_gmt":"2026-02-16T13:52:27","slug":"milla-nova-delicia","status":"publish","type":"product","link":"https:\/\/www.koonings.com\/fr\/product\/milla-nova-delicia\/","title":{"rendered":"Milla Nova Delicia"},"content":{"rendered":"<p>Gracieuse robe de mari\u00e9e sir\u00e8ne \u00e0 manches longues et \u00e9paules d\u00e9couvertes, en dentelle embellie de dizaines de paillettes. Elle pr\u00e9sente un corset droit avec des manches longues d\u00e9collet\u00e9es et un dos bateau avec fermeture \u00e0 glissi\u00e8re. La jupe maxi a une doublure nude, une fente lat\u00e9rale et une tra\u00eene midi.  <\/p>\n","protected":false},"featured_media":71347,"template":"","meta":{"_acf_changed":false,"ghostkit_customizer_options":"","ghostkit_custom_css":"","ghostkit_custom_js_head":"","ghostkit_custom_js_foot":"","ghostkit_typography":""},"productdetails":[377,376,378],"productneck":[352],"productcolor":[392],"maat":[],"productsupplier":[446],"productsleeve":[363],"productcategory":[18],"productsilhouette":[387],"productstyle":[366,370],"class_list":["post-79788","product","type-product","status-publish","has-post-thumbnail","hentry","productdetails-377","productdetails-376","productdetails-378","productneck-352","productcolor-392","productsupplier-milla-nova","productsleeve-363","productcategory-trouwjurken","productsilhouette-387","productstyle-366","productstyle-370"],"acf":[],"yoast_head":"<!-- This site is optimized with the Yoast SEO plugin v27.3 - https:\/\/yoast.com\/product\/yoast-seo-wordpress\/ -->\n<title>Milla Nova Delicia | Koonings<\/title>\n<meta name=\"description\" content=\"Gracieuse robe de mari\u00e9e sir\u00e8ne \u00e0 manches longues et \u00e9paules d\u00e9couvertes, en dentelle embellie de dizaines de paillettes. Elle pr\u00e9sente un corset droit avec des manches longues d\u00e9collet\u00e9es et un dos bateau avec fermeture \u00e0 glissi\u00e8re. La jupe maxi a une doublure nude, une fente lat\u00e9rale et une tra\u00eene midi.\" \/>\n<meta name=\"robots\" content=\"index, follow, max-snippet:-1, max-image-preview:large, max-video-preview:-1\" \/>\n<link rel=\"canonical\" href=\"https:\/\/www.koonings.com\/fr\/product\/milla-nova-delicia\/\" \/>\n<meta property=\"og:locale\" content=\"fr_FR\" \/>\n<meta property=\"og:type\" content=\"article\" \/>\n<meta property=\"og:title\" content=\"Milla Nova Delicia | Koonings\" \/>\n<meta property=\"og:description\" content=\"Gracieuse robe de mari\u00e9e sir\u00e8ne \u00e0 manches longues et \u00e9paules d\u00e9couvertes, en dentelle embellie de dizaines de paillettes. Elle pr\u00e9sente un corset droit avec des manches longues d\u00e9collet\u00e9es et un dos bateau avec fermeture \u00e0 glissi\u00e8re. La jupe maxi a une doublure nude, une fente lat\u00e9rale et une tra\u00eene midi.\" \/>\n<meta property=\"og:url\" content=\"https:\/\/www.koonings.com\/fr\/product\/milla-nova-delicia\/\" \/>\n<meta property=\"og:site_name\" content=\"Koonings\" \/>\n<meta property=\"article:publisher\" content=\"https:\/\/www.facebook.com\/kooningstheweddingpalace\" \/>\n<meta property=\"og:image\" content=\"https:\/\/www.koonings.com\/wp-content\/uploads\/2024\/11\/40847_30b704b9d5fcee15976b80845d66442d905e8b8a1c76236bfc8157287b58d63f8c9c02dd-scaled.jpeg\" \/>\n\t<meta property=\"og:image:width\" content=\"1805\" \/>\n\t<meta property=\"og:image:height\" content=\"2560\" \/>\n\t<meta property=\"og:image:type\" content=\"image\/jpeg\" \/>\n<meta name=\"twitter:card\" content=\"summary_large_image\" \/>\n<script type=\"application\/ld+json\" class=\"yoast-schema-graph\">{\"@context\":\"https:\\\/\\\/schema.org\",\"@graph\":[{\"@type\":\"WebPage\",\"@id\":\"https:\\\/\\\/www.koonings.com\\\/fr\\\/product\\\/milla-nova-delicia\\\/\",\"url\":\"https:\\\/\\\/www.koonings.com\\\/fr\\\/product\\\/milla-nova-delicia\\\/\",\"name\":\"Milla Nova Delicia | Koonings\",\"isPartOf\":{\"@id\":\"https:\\\/\\\/www.koonings.com\\\/fr\\\/#website\"},\"primaryImageOfPage\":{\"@id\":\"https:\\\/\\\/www.koonings.com\\\/fr\\\/product\\\/milla-nova-delicia\\\/#primaryimage\"},\"image\":{\"@id\":\"https:\\\/\\\/www.koonings.com\\\/fr\\\/product\\\/milla-nova-delicia\\\/#primaryimage\"},\"thumbnailUrl\":\"https:\\\/\\\/www.koonings.com\\\/wp-content\\\/uploads\\\/2024\\\/11\\\/40847_30b704b9d5fcee15976b80845d66442d905e8b8a1c76236bfc8157287b58d63f8c9c02dd-scaled.jpeg\",\"datePublished\":\"2026-05-06T13:22:44+00:00\",\"description\":\"Gracieuse robe de mari\u00e9e sir\u00e8ne \u00e0 manches longues et \u00e9paules d\u00e9couvertes, en dentelle embellie de dizaines de paillettes. Elle pr\u00e9sente un corset droit avec des manches longues d\u00e9collet\u00e9es et un dos bateau avec fermeture \u00e0 glissi\u00e8re. La jupe maxi a une doublure nude, une fente lat\u00e9rale et une tra\u00eene midi.\",\"breadcrumb\":{\"@id\":\"https:\\\/\\\/www.koonings.com\\\/fr\\\/product\\\/milla-nova-delicia\\\/#breadcrumb\"},\"inLanguage\":\"fr-FR\",\"potentialAction\":[{\"@type\":\"ReadAction\",\"target\":[\"https:\\\/\\\/www.koonings.com\\\/fr\\\/product\\\/milla-nova-delicia\\\/\"]}]},{\"@type\":\"ImageObject\",\"inLanguage\":\"fr-FR\",\"@id\":\"https:\\\/\\\/www.koonings.com\\\/fr\\\/product\\\/milla-nova-delicia\\\/#primaryimage\",\"url\":\"https:\\\/\\\/www.koonings.com\\\/wp-content\\\/uploads\\\/2024\\\/11\\\/40847_30b704b9d5fcee15976b80845d66442d905e8b8a1c76236bfc8157287b58d63f8c9c02dd-scaled.jpeg\",\"contentUrl\":\"https:\\\/\\\/www.koonings.com\\\/wp-content\\\/uploads\\\/2024\\\/11\\\/40847_30b704b9d5fcee15976b80845d66442d905e8b8a1c76236bfc8157287b58d63f8c9c02dd-scaled.jpeg\",\"width\":1805,\"height\":2560},{\"@type\":\"BreadcrumbList\",\"@id\":\"https:\\\/\\\/www.koonings.com\\\/fr\\\/product\\\/milla-nova-delicia\\\/#breadcrumb\",\"itemListElement\":[{\"@type\":\"ListItem\",\"position\":1,\"name\":\"Home\",\"item\":\"https:\\\/\\\/www.koonings.com\\\/fr\\\/\"},{\"@type\":\"ListItem\",\"position\":2,\"name\":\"Milla Nova Delicia\"}]},{\"@type\":\"WebSite\",\"@id\":\"https:\\\/\\\/www.koonings.com\\\/fr\\\/#website\",\"url\":\"https:\\\/\\\/www.koonings.com\\\/fr\\\/\",\"name\":\"Koonings\",\"description\":\"De grootste bruidsmodewinkel ter wereld\",\"publisher\":{\"@id\":\"https:\\\/\\\/www.koonings.com\\\/fr\\\/#organization\"},\"potentialAction\":[{\"@type\":\"SearchAction\",\"target\":{\"@type\":\"EntryPoint\",\"urlTemplate\":\"https:\\\/\\\/www.koonings.com\\\/fr\\\/?s={search_term_string}\"},\"query-input\":{\"@type\":\"PropertyValueSpecification\",\"valueRequired\":true,\"valueName\":\"search_term_string\"}}],\"inLanguage\":\"fr-FR\"},{\"@type\":\"Organization\",\"@id\":\"https:\\\/\\\/www.koonings.com\\\/fr\\\/#organization\",\"name\":\"Koonings\",\"url\":\"https:\\\/\\\/www.koonings.com\\\/fr\\\/\",\"logo\":{\"@type\":\"ImageObject\",\"inLanguage\":\"fr-FR\",\"@id\":\"https:\\\/\\\/www.koonings.com\\\/fr\\\/#\\\/schema\\\/logo\\\/image\\\/\",\"url\":\"https:\\\/\\\/www.koonings.com\\\/wp-content\\\/uploads\\\/2024\\\/07\\\/logo.png\",\"contentUrl\":\"https:\\\/\\\/www.koonings.com\\\/wp-content\\\/uploads\\\/2024\\\/07\\\/logo.png\",\"width\":600,\"height\":428,\"caption\":\"Koonings\"},\"image\":{\"@id\":\"https:\\\/\\\/www.koonings.com\\\/fr\\\/#\\\/schema\\\/logo\\\/image\\\/\"},\"sameAs\":[\"https:\\\/\\\/www.facebook.com\\\/kooningstheweddingpalace\",\"https:\\\/\\\/www.instagram.com\\\/kooningstheweddingpalace\",\"https:\\\/\\\/www.pinterest.com\\\/koonings\",\"https:\\\/\\\/www.youtube.com\\\/kooningstheweddingpalace\"]}]}<\/script>\n<!-- \/ Yoast SEO plugin. -->","yoast_head_json":{"title":"Milla Nova Delicia | Koonings","description":"Gracieuse robe de mari\u00e9e sir\u00e8ne \u00e0 manches longues et \u00e9paules d\u00e9couvertes, en dentelle embellie de dizaines de paillettes. Elle pr\u00e9sente un corset droit avec des manches longues d\u00e9collet\u00e9es et un dos bateau avec fermeture \u00e0 glissi\u00e8re. La jupe maxi a une doublure nude, une fente lat\u00e9rale et une tra\u00eene midi.","robots":{"index":"index","follow":"follow","max-snippet":"max-snippet:-1","max-image-preview":"max-image-preview:large","max-video-preview":"max-video-preview:-1"},"canonical":"https:\/\/www.koonings.com\/fr\/product\/milla-nova-delicia\/","og_locale":"fr_FR","og_type":"article","og_title":"Milla Nova Delicia | Koonings","og_description":"Gracieuse robe de mari\u00e9e sir\u00e8ne \u00e0 manches longues et \u00e9paules d\u00e9couvertes, en dentelle embellie de dizaines de paillettes. Elle pr\u00e9sente un corset droit avec des manches longues d\u00e9collet\u00e9es et un dos bateau avec fermeture \u00e0 glissi\u00e8re. La jupe maxi a une doublure nude, une fente lat\u00e9rale et une tra\u00eene midi.","og_url":"https:\/\/www.koonings.com\/fr\/product\/milla-nova-delicia\/","og_site_name":"Koonings","article_publisher":"https:\/\/www.facebook.com\/kooningstheweddingpalace","og_image":[{"width":1805,"height":2560,"url":"https:\/\/www.koonings.com\/wp-content\/uploads\/2024\/11\/40847_30b704b9d5fcee15976b80845d66442d905e8b8a1c76236bfc8157287b58d63f8c9c02dd-scaled.jpeg","type":"image\/jpeg"}],"twitter_card":"summary_large_image","schema":{"@context":"https:\/\/schema.org","@graph":[{"@type":"WebPage","@id":"https:\/\/www.koonings.com\/fr\/product\/milla-nova-delicia\/","url":"https:\/\/www.koonings.com\/fr\/product\/milla-nova-delicia\/","name":"Milla Nova Delicia | Koonings","isPartOf":{"@id":"https:\/\/www.koonings.com\/fr\/#website"},"primaryImageOfPage":{"@id":"https:\/\/www.koonings.com\/fr\/product\/milla-nova-delicia\/#primaryimage"},"image":{"@id":"https:\/\/www.koonings.com\/fr\/product\/milla-nova-delicia\/#primaryimage"},"thumbnailUrl":"https:\/\/www.koonings.com\/wp-content\/uploads\/2024\/11\/40847_30b704b9d5fcee15976b80845d66442d905e8b8a1c76236bfc8157287b58d63f8c9c02dd-scaled.jpeg","datePublished":"2026-05-06T13:22:44+00:00","description":"Gracieuse robe de mari\u00e9e sir\u00e8ne \u00e0 manches longues et \u00e9paules d\u00e9couvertes, en dentelle embellie de dizaines de paillettes. Elle pr\u00e9sente un corset droit avec des manches longues d\u00e9collet\u00e9es et un dos bateau avec fermeture \u00e0 glissi\u00e8re. La jupe maxi a une doublure nude, une fente lat\u00e9rale et une tra\u00eene midi.","breadcrumb":{"@id":"https:\/\/www.koonings.com\/fr\/product\/milla-nova-delicia\/#breadcrumb"},"inLanguage":"fr-FR","potentialAction":[{"@type":"ReadAction","target":["https:\/\/www.koonings.com\/fr\/product\/milla-nova-delicia\/"]}]},{"@type":"ImageObject","inLanguage":"fr-FR","@id":"https:\/\/www.koonings.com\/fr\/product\/milla-nova-delicia\/#primaryimage","url":"https:\/\/www.koonings.com\/wp-content\/uploads\/2024\/11\/40847_30b704b9d5fcee15976b80845d66442d905e8b8a1c76236bfc8157287b58d63f8c9c02dd-scaled.jpeg","contentUrl":"https:\/\/www.koonings.com\/wp-content\/uploads\/2024\/11\/40847_30b704b9d5fcee15976b80845d66442d905e8b8a1c76236bfc8157287b58d63f8c9c02dd-scaled.jpeg","width":1805,"height":2560},{"@type":"BreadcrumbList","@id":"https:\/\/www.koonings.com\/fr\/product\/milla-nova-delicia\/#breadcrumb","itemListElement":[{"@type":"ListItem","position":1,"name":"Home","item":"https:\/\/www.koonings.com\/fr\/"},{"@type":"ListItem","position":2,"name":"Milla Nova Delicia"}]},{"@type":"WebSite","@id":"https:\/\/www.koonings.com\/fr\/#website","url":"https:\/\/www.koonings.com\/fr\/","name":"Koonings","description":"De grootste bruidsmodewinkel ter wereld","publisher":{"@id":"https:\/\/www.koonings.com\/fr\/#organization"},"potentialAction":[{"@type":"SearchAction","target":{"@type":"EntryPoint","urlTemplate":"https:\/\/www.koonings.com\/fr\/?s={search_term_string}"},"query-input":{"@type":"PropertyValueSpecification","valueRequired":true,"valueName":"search_term_string"}}],"inLanguage":"fr-FR"},{"@type":"Organization","@id":"https:\/\/www.koonings.com\/fr\/#organization","name":"Koonings","url":"https:\/\/www.koonings.com\/fr\/","logo":{"@type":"ImageObject","inLanguage":"fr-FR","@id":"https:\/\/www.koonings.com\/fr\/#\/schema\/logo\/image\/","url":"https:\/\/www.koonings.com\/wp-content\/uploads\/2024\/07\/logo.png","contentUrl":"https:\/\/www.koonings.com\/wp-content\/uploads\/2024\/07\/logo.png","width":600,"height":428,"caption":"Koonings"},"image":{"@id":"https:\/\/www.koonings.com\/fr\/#\/schema\/logo\/image\/"},"sameAs":["https:\/\/www.facebook.com\/kooningstheweddingpalace","https:\/\/www.instagram.com\/kooningstheweddingpalace","https:\/\/www.pinterest.com\/koonings","https:\/\/www.youtube.com\/kooningstheweddingpalace"]}]}},"_links":{"self":[{"href":"https:\/\/www.koonings.com\/fr\/wp-json\/wp\/v2\/product\/79788","targetHints":{"allow":["GET"]}}],"collection":[{"href":"https:\/\/www.koonings.com\/fr\/wp-json\/wp\/v2\/product"}],"about":[{"href":"https:\/\/www.koonings.com\/fr\/wp-json\/wp\/v2\/types\/product"}],"wp:featuredmedia":[{"embeddable":true,"href":"https:\/\/www.koonings.com\/fr\/wp-json\/wp\/v2\/media\/71347"}],"wp:attachment":[{"href":"https:\/\/www.koonings.com\/fr\/wp-json\/wp\/v2\/media?parent=79788"}],"wp:term":[{"taxonomy":"productdetails","embeddable":true,"href":"https:\/\/www.koonings.com\/fr\/wp-json\/wp\/v2\/productdetails?post=79788"},{"taxonomy":"productneck","embeddable":true,"href":"https:\/\/www.koonings.com\/fr\/wp-json\/wp\/v2\/productneck?post=79788"},{"taxonomy":"productcolor","embeddable":true,"href":"https:\/\/www.koonings.com\/fr\/wp-json\/wp\/v2\/productcolor?post=79788"},{"taxonomy":"maat","embeddable":true,"href":"https:\/\/www.koonings.com\/fr\/wp-json\/wp\/v2\/maat?post=79788"},{"taxonomy":"productsupplier","embeddable":true,"href":"https:\/\/www.koonings.com\/fr\/wp-json\/wp\/v2\/productsupplier?post=79788"},{"taxonomy":"productsleeve","embeddable":true,"href":"https:\/\/www.koonings.com\/fr\/wp-json\/wp\/v2\/productsleeve?post=79788"},{"taxonomy":"productcategory","embeddable":true,"href":"https:\/\/www.koonings.com\/fr\/wp-json\/wp\/v2\/productcategory?post=79788"},{"taxonomy":"productsilhouette","embeddable":true,"href":"https:\/\/www.koonings.com\/fr\/wp-json\/wp\/v2\/productsilhouette?post=79788"},{"taxonomy":"productstyle","embeddable":true,"href":"https:\/\/www.koonings.com\/fr\/wp-json\/wp\/v2\/productstyle?post=79788"}],"curies":[{"name":"wp","href":"https:\/\/api.w.org\/{rel}","templated":true}]}}