{"id":79787,"date":"2026-04-28T18:22:13","date_gmt":"2026-04-28T16:22:13","guid":{"rendered":"https:\/\/www.koonings.com\/product\/milla-nova-killian\/"},"modified":"2025-06-05T13:45:45","modified_gmt":"2025-06-05T11:45:45","slug":"milla-nova-killian","status":"publish","type":"product","link":"https:\/\/www.koonings.com\/fr\/product\/milla-nova-killian\/","title":{"rendered":"Milla Nova Killian"},"content":{"rendered":"<p>Magnifique robe de mari\u00e9e chatoyante en dentelle, orn\u00e9e \u00e0 la main de dizaines de perles. Elle est dot\u00e9e d&#8217;un corset d\u00e9soss\u00e9 et de bonnets int\u00e9gr\u00e9s, d&#8217;un d\u00e9collet\u00e9 en forme de c\u0153ur sans \u00e9paules, d&#8217;une fermeture \u00e0 glissi\u00e8re au dos, d&#8217;une jupe longue l\u00e9g\u00e8re et d&#8217;une courte tra\u00eene. Con\u00e7ue pour s&#8217;adapter \u00e0 toutes les tailles.  <\/p>\n","protected":false},"featured_media":71297,"template":"","meta":{"_acf_changed":false,"ghostkit_customizer_options":"","ghostkit_custom_css":"","ghostkit_custom_js_head":"","ghostkit_custom_js_foot":"","ghostkit_typography":""},"productdetails":[377,376],"productneck":[354,355],"productcolor":[393,392],"maat":[],"productsupplier":[446],"productsleeve":[],"productcategory":[18],"productsilhouette":[384,389],"productstyle":[366,370],"class_list":["post-79787","product","type-product","status-publish","has-post-thumbnail","hentry","productdetails-377","productdetails-376","productneck-354","productneck-355","productcolor-393","productcolor-392","productsupplier-milla-nova","productcategory-trouwjurken","productsilhouette-384","productsilhouette-389","productstyle-366","productstyle-370"],"acf":[],"yoast_head":"<!-- This site is optimized with the Yoast SEO plugin v27.3 - https:\/\/yoast.com\/product\/yoast-seo-wordpress\/ -->\n<title>Milla Nova Killian | Koonings<\/title>\n<meta name=\"description\" content=\"Magnifique robe de mari\u00e9e chatoyante en dentelle, orn\u00e9e \u00e0 la main de dizaines de perles. Elle est dot\u00e9e d&#039;un corset d\u00e9soss\u00e9 et de bonnets int\u00e9gr\u00e9s, d&#039;un d\u00e9collet\u00e9 en forme de c\u0153ur sans \u00e9paules, d&#039;une fermeture \u00e0 glissi\u00e8re au dos, d&#039;une jupe longue l\u00e9g\u00e8re et d&#039;une courte tra\u00eene. Con\u00e7ue pour s&#039;adapter \u00e0 toutes les tailles.\" \/>\n<meta name=\"robots\" content=\"index, follow, max-snippet:-1, max-image-preview:large, max-video-preview:-1\" \/>\n<link rel=\"canonical\" href=\"https:\/\/www.koonings.com\/fr\/product\/milla-nova-killian\/\" \/>\n<meta property=\"og:locale\" content=\"fr_FR\" \/>\n<meta property=\"og:type\" content=\"article\" \/>\n<meta property=\"og:title\" content=\"Milla Nova Killian | Koonings\" \/>\n<meta property=\"og:description\" content=\"Magnifique robe de mari\u00e9e chatoyante en dentelle, orn\u00e9e \u00e0 la main de dizaines de perles. Elle est dot\u00e9e d&#039;un corset d\u00e9soss\u00e9 et de bonnets int\u00e9gr\u00e9s, d&#039;un d\u00e9collet\u00e9 en forme de c\u0153ur sans \u00e9paules, d&#039;une fermeture \u00e0 glissi\u00e8re au dos, d&#039;une jupe longue l\u00e9g\u00e8re et d&#039;une courte tra\u00eene. Con\u00e7ue pour s&#039;adapter \u00e0 toutes les tailles.\" \/>\n<meta property=\"og:url\" content=\"https:\/\/www.koonings.com\/fr\/product\/milla-nova-killian\/\" \/>\n<meta property=\"og:site_name\" content=\"Koonings\" \/>\n<meta property=\"article:publisher\" content=\"https:\/\/www.facebook.com\/kooningstheweddingpalace\" \/>\n<meta property=\"og:image\" content=\"https:\/\/www.koonings.com\/wp-content\/uploads\/2024\/11\/40793_64647e01dc34b9a5f21157a54117570bb37c045e2bef03ae33e447d565b3e4f1109cebb9-scaled.jpeg\" \/>\n\t<meta property=\"og:image:width\" content=\"1809\" \/>\n\t<meta property=\"og:image:height\" content=\"2560\" \/>\n\t<meta property=\"og:image:type\" content=\"image\/jpeg\" \/>\n<meta name=\"twitter:card\" content=\"summary_large_image\" \/>\n<script type=\"application\/ld+json\" class=\"yoast-schema-graph\">{\"@context\":\"https:\\\/\\\/schema.org\",\"@graph\":[{\"@type\":\"WebPage\",\"@id\":\"https:\\\/\\\/www.koonings.com\\\/fr\\\/product\\\/milla-nova-killian\\\/\",\"url\":\"https:\\\/\\\/www.koonings.com\\\/fr\\\/product\\\/milla-nova-killian\\\/\",\"name\":\"Milla Nova Killian | Koonings\",\"isPartOf\":{\"@id\":\"https:\\\/\\\/www.koonings.com\\\/fr\\\/#website\"},\"primaryImageOfPage\":{\"@id\":\"https:\\\/\\\/www.koonings.com\\\/fr\\\/product\\\/milla-nova-killian\\\/#primaryimage\"},\"image\":{\"@id\":\"https:\\\/\\\/www.koonings.com\\\/fr\\\/product\\\/milla-nova-killian\\\/#primaryimage\"},\"thumbnailUrl\":\"https:\\\/\\\/www.koonings.com\\\/wp-content\\\/uploads\\\/2024\\\/11\\\/40793_64647e01dc34b9a5f21157a54117570bb37c045e2bef03ae33e447d565b3e4f1109cebb9-scaled.jpeg\",\"datePublished\":\"2026-04-28T16:22:13+00:00\",\"description\":\"Magnifique robe de mari\u00e9e chatoyante en dentelle, orn\u00e9e \u00e0 la main de dizaines de perles. Elle est dot\u00e9e d'un corset d\u00e9soss\u00e9 et de bonnets int\u00e9gr\u00e9s, d'un d\u00e9collet\u00e9 en forme de c\u0153ur sans \u00e9paules, d'une fermeture \u00e0 glissi\u00e8re au dos, d'une jupe longue l\u00e9g\u00e8re et d'une courte tra\u00eene. Con\u00e7ue pour s'adapter \u00e0 toutes les tailles.\",\"breadcrumb\":{\"@id\":\"https:\\\/\\\/www.koonings.com\\\/fr\\\/product\\\/milla-nova-killian\\\/#breadcrumb\"},\"inLanguage\":\"fr-FR\",\"potentialAction\":[{\"@type\":\"ReadAction\",\"target\":[\"https:\\\/\\\/www.koonings.com\\\/fr\\\/product\\\/milla-nova-killian\\\/\"]}]},{\"@type\":\"ImageObject\",\"inLanguage\":\"fr-FR\",\"@id\":\"https:\\\/\\\/www.koonings.com\\\/fr\\\/product\\\/milla-nova-killian\\\/#primaryimage\",\"url\":\"https:\\\/\\\/www.koonings.com\\\/wp-content\\\/uploads\\\/2024\\\/11\\\/40793_64647e01dc34b9a5f21157a54117570bb37c045e2bef03ae33e447d565b3e4f1109cebb9-scaled.jpeg\",\"contentUrl\":\"https:\\\/\\\/www.koonings.com\\\/wp-content\\\/uploads\\\/2024\\\/11\\\/40793_64647e01dc34b9a5f21157a54117570bb37c045e2bef03ae33e447d565b3e4f1109cebb9-scaled.jpeg\",\"width\":1809,\"height\":2560},{\"@type\":\"BreadcrumbList\",\"@id\":\"https:\\\/\\\/www.koonings.com\\\/fr\\\/product\\\/milla-nova-killian\\\/#breadcrumb\",\"itemListElement\":[{\"@type\":\"ListItem\",\"position\":1,\"name\":\"Home\",\"item\":\"https:\\\/\\\/www.koonings.com\\\/fr\\\/\"},{\"@type\":\"ListItem\",\"position\":2,\"name\":\"Milla Nova Killian\"}]},{\"@type\":\"WebSite\",\"@id\":\"https:\\\/\\\/www.koonings.com\\\/fr\\\/#website\",\"url\":\"https:\\\/\\\/www.koonings.com\\\/fr\\\/\",\"name\":\"Koonings\",\"description\":\"De grootste bruidsmodewinkel ter wereld\",\"publisher\":{\"@id\":\"https:\\\/\\\/www.koonings.com\\\/fr\\\/#organization\"},\"potentialAction\":[{\"@type\":\"SearchAction\",\"target\":{\"@type\":\"EntryPoint\",\"urlTemplate\":\"https:\\\/\\\/www.koonings.com\\\/fr\\\/?s={search_term_string}\"},\"query-input\":{\"@type\":\"PropertyValueSpecification\",\"valueRequired\":true,\"valueName\":\"search_term_string\"}}],\"inLanguage\":\"fr-FR\"},{\"@type\":\"Organization\",\"@id\":\"https:\\\/\\\/www.koonings.com\\\/fr\\\/#organization\",\"name\":\"Koonings\",\"url\":\"https:\\\/\\\/www.koonings.com\\\/fr\\\/\",\"logo\":{\"@type\":\"ImageObject\",\"inLanguage\":\"fr-FR\",\"@id\":\"https:\\\/\\\/www.koonings.com\\\/fr\\\/#\\\/schema\\\/logo\\\/image\\\/\",\"url\":\"https:\\\/\\\/www.koonings.com\\\/wp-content\\\/uploads\\\/2024\\\/07\\\/logo.png\",\"contentUrl\":\"https:\\\/\\\/www.koonings.com\\\/wp-content\\\/uploads\\\/2024\\\/07\\\/logo.png\",\"width\":600,\"height\":428,\"caption\":\"Koonings\"},\"image\":{\"@id\":\"https:\\\/\\\/www.koonings.com\\\/fr\\\/#\\\/schema\\\/logo\\\/image\\\/\"},\"sameAs\":[\"https:\\\/\\\/www.facebook.com\\\/kooningstheweddingpalace\",\"https:\\\/\\\/www.instagram.com\\\/kooningstheweddingpalace\",\"https:\\\/\\\/www.pinterest.com\\\/koonings\",\"https:\\\/\\\/www.youtube.com\\\/kooningstheweddingpalace\"]}]}<\/script>\n<!-- \/ Yoast SEO plugin. -->","yoast_head_json":{"title":"Milla Nova Killian | Koonings","description":"Magnifique robe de mari\u00e9e chatoyante en dentelle, orn\u00e9e \u00e0 la main de dizaines de perles. Elle est dot\u00e9e d'un corset d\u00e9soss\u00e9 et de bonnets int\u00e9gr\u00e9s, d'un d\u00e9collet\u00e9 en forme de c\u0153ur sans \u00e9paules, d'une fermeture \u00e0 glissi\u00e8re au dos, d'une jupe longue l\u00e9g\u00e8re et d'une courte tra\u00eene. Con\u00e7ue pour s'adapter \u00e0 toutes les tailles.","robots":{"index":"index","follow":"follow","max-snippet":"max-snippet:-1","max-image-preview":"max-image-preview:large","max-video-preview":"max-video-preview:-1"},"canonical":"https:\/\/www.koonings.com\/fr\/product\/milla-nova-killian\/","og_locale":"fr_FR","og_type":"article","og_title":"Milla Nova Killian | Koonings","og_description":"Magnifique robe de mari\u00e9e chatoyante en dentelle, orn\u00e9e \u00e0 la main de dizaines de perles. Elle est dot\u00e9e d'un corset d\u00e9soss\u00e9 et de bonnets int\u00e9gr\u00e9s, d'un d\u00e9collet\u00e9 en forme de c\u0153ur sans \u00e9paules, d'une fermeture \u00e0 glissi\u00e8re au dos, d'une jupe longue l\u00e9g\u00e8re et d'une courte tra\u00eene. Con\u00e7ue pour s'adapter \u00e0 toutes les tailles.","og_url":"https:\/\/www.koonings.com\/fr\/product\/milla-nova-killian\/","og_site_name":"Koonings","article_publisher":"https:\/\/www.facebook.com\/kooningstheweddingpalace","og_image":[{"width":1809,"height":2560,"url":"https:\/\/www.koonings.com\/wp-content\/uploads\/2024\/11\/40793_64647e01dc34b9a5f21157a54117570bb37c045e2bef03ae33e447d565b3e4f1109cebb9-scaled.jpeg","type":"image\/jpeg"}],"twitter_card":"summary_large_image","schema":{"@context":"https:\/\/schema.org","@graph":[{"@type":"WebPage","@id":"https:\/\/www.koonings.com\/fr\/product\/milla-nova-killian\/","url":"https:\/\/www.koonings.com\/fr\/product\/milla-nova-killian\/","name":"Milla Nova Killian | Koonings","isPartOf":{"@id":"https:\/\/www.koonings.com\/fr\/#website"},"primaryImageOfPage":{"@id":"https:\/\/www.koonings.com\/fr\/product\/milla-nova-killian\/#primaryimage"},"image":{"@id":"https:\/\/www.koonings.com\/fr\/product\/milla-nova-killian\/#primaryimage"},"thumbnailUrl":"https:\/\/www.koonings.com\/wp-content\/uploads\/2024\/11\/40793_64647e01dc34b9a5f21157a54117570bb37c045e2bef03ae33e447d565b3e4f1109cebb9-scaled.jpeg","datePublished":"2026-04-28T16:22:13+00:00","description":"Magnifique robe de mari\u00e9e chatoyante en dentelle, orn\u00e9e \u00e0 la main de dizaines de perles. Elle est dot\u00e9e d'un corset d\u00e9soss\u00e9 et de bonnets int\u00e9gr\u00e9s, d'un d\u00e9collet\u00e9 en forme de c\u0153ur sans \u00e9paules, d'une fermeture \u00e0 glissi\u00e8re au dos, d'une jupe longue l\u00e9g\u00e8re et d'une courte tra\u00eene. Con\u00e7ue pour s'adapter \u00e0 toutes les tailles.","breadcrumb":{"@id":"https:\/\/www.koonings.com\/fr\/product\/milla-nova-killian\/#breadcrumb"},"inLanguage":"fr-FR","potentialAction":[{"@type":"ReadAction","target":["https:\/\/www.koonings.com\/fr\/product\/milla-nova-killian\/"]}]},{"@type":"ImageObject","inLanguage":"fr-FR","@id":"https:\/\/www.koonings.com\/fr\/product\/milla-nova-killian\/#primaryimage","url":"https:\/\/www.koonings.com\/wp-content\/uploads\/2024\/11\/40793_64647e01dc34b9a5f21157a54117570bb37c045e2bef03ae33e447d565b3e4f1109cebb9-scaled.jpeg","contentUrl":"https:\/\/www.koonings.com\/wp-content\/uploads\/2024\/11\/40793_64647e01dc34b9a5f21157a54117570bb37c045e2bef03ae33e447d565b3e4f1109cebb9-scaled.jpeg","width":1809,"height":2560},{"@type":"BreadcrumbList","@id":"https:\/\/www.koonings.com\/fr\/product\/milla-nova-killian\/#breadcrumb","itemListElement":[{"@type":"ListItem","position":1,"name":"Home","item":"https:\/\/www.koonings.com\/fr\/"},{"@type":"ListItem","position":2,"name":"Milla Nova Killian"}]},{"@type":"WebSite","@id":"https:\/\/www.koonings.com\/fr\/#website","url":"https:\/\/www.koonings.com\/fr\/","name":"Koonings","description":"De grootste bruidsmodewinkel ter wereld","publisher":{"@id":"https:\/\/www.koonings.com\/fr\/#organization"},"potentialAction":[{"@type":"SearchAction","target":{"@type":"EntryPoint","urlTemplate":"https:\/\/www.koonings.com\/fr\/?s={search_term_string}"},"query-input":{"@type":"PropertyValueSpecification","valueRequired":true,"valueName":"search_term_string"}}],"inLanguage":"fr-FR"},{"@type":"Organization","@id":"https:\/\/www.koonings.com\/fr\/#organization","name":"Koonings","url":"https:\/\/www.koonings.com\/fr\/","logo":{"@type":"ImageObject","inLanguage":"fr-FR","@id":"https:\/\/www.koonings.com\/fr\/#\/schema\/logo\/image\/","url":"https:\/\/www.koonings.com\/wp-content\/uploads\/2024\/07\/logo.png","contentUrl":"https:\/\/www.koonings.com\/wp-content\/uploads\/2024\/07\/logo.png","width":600,"height":428,"caption":"Koonings"},"image":{"@id":"https:\/\/www.koonings.com\/fr\/#\/schema\/logo\/image\/"},"sameAs":["https:\/\/www.facebook.com\/kooningstheweddingpalace","https:\/\/www.instagram.com\/kooningstheweddingpalace","https:\/\/www.pinterest.com\/koonings","https:\/\/www.youtube.com\/kooningstheweddingpalace"]}]}},"_links":{"self":[{"href":"https:\/\/www.koonings.com\/fr\/wp-json\/wp\/v2\/product\/79787","targetHints":{"allow":["GET"]}}],"collection":[{"href":"https:\/\/www.koonings.com\/fr\/wp-json\/wp\/v2\/product"}],"about":[{"href":"https:\/\/www.koonings.com\/fr\/wp-json\/wp\/v2\/types\/product"}],"wp:featuredmedia":[{"embeddable":true,"href":"https:\/\/www.koonings.com\/fr\/wp-json\/wp\/v2\/media\/71297"}],"wp:attachment":[{"href":"https:\/\/www.koonings.com\/fr\/wp-json\/wp\/v2\/media?parent=79787"}],"wp:term":[{"taxonomy":"productdetails","embeddable":true,"href":"https:\/\/www.koonings.com\/fr\/wp-json\/wp\/v2\/productdetails?post=79787"},{"taxonomy":"productneck","embeddable":true,"href":"https:\/\/www.koonings.com\/fr\/wp-json\/wp\/v2\/productneck?post=79787"},{"taxonomy":"productcolor","embeddable":true,"href":"https:\/\/www.koonings.com\/fr\/wp-json\/wp\/v2\/productcolor?post=79787"},{"taxonomy":"maat","embeddable":true,"href":"https:\/\/www.koonings.com\/fr\/wp-json\/wp\/v2\/maat?post=79787"},{"taxonomy":"productsupplier","embeddable":true,"href":"https:\/\/www.koonings.com\/fr\/wp-json\/wp\/v2\/productsupplier?post=79787"},{"taxonomy":"productsleeve","embeddable":true,"href":"https:\/\/www.koonings.com\/fr\/wp-json\/wp\/v2\/productsleeve?post=79787"},{"taxonomy":"productcategory","embeddable":true,"href":"https:\/\/www.koonings.com\/fr\/wp-json\/wp\/v2\/productcategory?post=79787"},{"taxonomy":"productsilhouette","embeddable":true,"href":"https:\/\/www.koonings.com\/fr\/wp-json\/wp\/v2\/productsilhouette?post=79787"},{"taxonomy":"productstyle","embeddable":true,"href":"https:\/\/www.koonings.com\/fr\/wp-json\/wp\/v2\/productstyle?post=79787"}],"curies":[{"name":"wp","href":"https:\/\/api.w.org\/{rel}","templated":true}]}}