{"id":79784,"date":"2026-03-27T16:20:43","date_gmt":"2026-03-27T15:20:43","guid":{"rendered":"https:\/\/www.koonings.com\/product\/milla-nova-damaris\/"},"modified":"2026-02-16T14:52:24","modified_gmt":"2026-02-16T13:52:24","slug":"milla-nova-damaris","status":"publish","type":"product","link":"https:\/\/www.koonings.com\/fr\/product\/milla-nova-damaris\/","title":{"rendered":"Milla Nova Damaris"},"content":{"rendered":"<p>Somptueuse robe de mari\u00e9e en tulle l\u00e9ger, richement orn\u00e9e de fleurs en 3D et de paillettes sur le corset victorien. Le corset victorien est d\u00e9coup\u00e9 en forme de c\u0153ur, avec une armature, et est orn\u00e9 d&#8217;applications florales faites \u00e0 la main et de paillettes. La jupe volumineuse en maxi-tulle a l&#8217;allure d&#8217;une princesse et ajoute \u00e0 l&#8217;enchantement de l&#8217;ensemble.  <\/p>\n","protected":false},"featured_media":71330,"template":"","meta":{"_acf_changed":false,"ghostkit_customizer_options":"","ghostkit_custom_css":"","ghostkit_custom_js_head":"","ghostkit_custom_js_foot":"","ghostkit_typography":""},"productdetails":[379,378,381],"productneck":[354,355],"productcolor":[392],"maat":[],"productsupplier":[446],"productsleeve":[],"productcategory":[18],"productsilhouette":[384],"productstyle":[366,370],"class_list":["post-79784","product","type-product","status-publish","has-post-thumbnail","hentry","productdetails-379","productdetails-378","productdetails-381","productneck-354","productneck-355","productcolor-392","productsupplier-milla-nova","productcategory-trouwjurken","productsilhouette-384","productstyle-366","productstyle-370"],"acf":[],"yoast_head":"<!-- This site is optimized with the Yoast SEO plugin v26.8 - https:\/\/yoast.com\/product\/yoast-seo-wordpress\/ -->\n<title>Milla Nova Damaris | Koonings<\/title>\n<meta name=\"description\" content=\"Somptueuse robe de mari\u00e9e en tulle l\u00e9ger, richement orn\u00e9e de fleurs en 3D et de paillettes sur le corset victorien. Le corset victorien est d\u00e9coup\u00e9 en forme de c\u0153ur, avec une armature, et est orn\u00e9 d&#039;applications florales faites \u00e0 la main et de paillettes. La jupe volumineuse en maxi-tulle a l&#039;allure d&#039;une princesse et ajoute \u00e0 l&#039;enchantement de l&#039;ensemble.\" \/>\n<meta name=\"robots\" content=\"index, follow, max-snippet:-1, max-image-preview:large, max-video-preview:-1\" \/>\n<link rel=\"canonical\" href=\"https:\/\/www.koonings.com\/fr\/product\/milla-nova-damaris\/\" \/>\n<meta property=\"og:locale\" content=\"fr_FR\" \/>\n<meta property=\"og:type\" content=\"article\" \/>\n<meta property=\"og:title\" content=\"Milla Nova Damaris | Koonings\" \/>\n<meta property=\"og:description\" content=\"Somptueuse robe de mari\u00e9e en tulle l\u00e9ger, richement orn\u00e9e de fleurs en 3D et de paillettes sur le corset victorien. Le corset victorien est d\u00e9coup\u00e9 en forme de c\u0153ur, avec une armature, et est orn\u00e9 d&#039;applications florales faites \u00e0 la main et de paillettes. La jupe volumineuse en maxi-tulle a l&#039;allure d&#039;une princesse et ajoute \u00e0 l&#039;enchantement de l&#039;ensemble.\" \/>\n<meta property=\"og:url\" content=\"https:\/\/www.koonings.com\/fr\/product\/milla-nova-damaris\/\" \/>\n<meta property=\"og:site_name\" content=\"Koonings\" \/>\n<meta property=\"article:publisher\" content=\"https:\/\/www.facebook.com\/kooningstheweddingpalace\" \/>\n<meta property=\"og:image\" content=\"https:\/\/www.koonings.com\/wp-content\/uploads\/2024\/11\/40846_e1b1428a81759c8698a26f55be9c10af8dc60d02c8489350e591c01e3dc0c08888ed876f-scaled.jpeg\" \/>\n\t<meta property=\"og:image:width\" content=\"1807\" \/>\n\t<meta property=\"og:image:height\" content=\"2560\" \/>\n\t<meta property=\"og:image:type\" content=\"image\/jpeg\" \/>\n<meta name=\"twitter:card\" content=\"summary_large_image\" \/>\n<script type=\"application\/ld+json\" class=\"yoast-schema-graph\">{\"@context\":\"https:\/\/schema.org\",\"@graph\":[{\"@type\":\"WebPage\",\"@id\":\"https:\/\/www.koonings.com\/fr\/product\/milla-nova-damaris\/\",\"url\":\"https:\/\/www.koonings.com\/fr\/product\/milla-nova-damaris\/\",\"name\":\"Milla Nova Damaris | Koonings\",\"isPartOf\":{\"@id\":\"https:\/\/www.koonings.com\/fr\/#website\"},\"primaryImageOfPage\":{\"@id\":\"https:\/\/www.koonings.com\/fr\/product\/milla-nova-damaris\/#primaryimage\"},\"image\":{\"@id\":\"https:\/\/www.koonings.com\/fr\/product\/milla-nova-damaris\/#primaryimage\"},\"thumbnailUrl\":\"https:\/\/www.koonings.com\/wp-content\/uploads\/2024\/11\/40846_e1b1428a81759c8698a26f55be9c10af8dc60d02c8489350e591c01e3dc0c08888ed876f-scaled.jpeg\",\"datePublished\":\"2026-03-27T15:20:43+00:00\",\"description\":\"Somptueuse robe de mari\u00e9e en tulle l\u00e9ger, richement orn\u00e9e de fleurs en 3D et de paillettes sur le corset victorien. Le corset victorien est d\u00e9coup\u00e9 en forme de c\u0153ur, avec une armature, et est orn\u00e9 d'applications florales faites \u00e0 la main et de paillettes. La jupe volumineuse en maxi-tulle a l'allure d'une princesse et ajoute \u00e0 l'enchantement de l'ensemble.\",\"breadcrumb\":{\"@id\":\"https:\/\/www.koonings.com\/fr\/product\/milla-nova-damaris\/#breadcrumb\"},\"inLanguage\":\"fr-FR\",\"potentialAction\":[{\"@type\":\"ReadAction\",\"target\":[\"https:\/\/www.koonings.com\/fr\/product\/milla-nova-damaris\/\"]}]},{\"@type\":\"ImageObject\",\"inLanguage\":\"fr-FR\",\"@id\":\"https:\/\/www.koonings.com\/fr\/product\/milla-nova-damaris\/#primaryimage\",\"url\":\"https:\/\/www.koonings.com\/wp-content\/uploads\/2024\/11\/40846_e1b1428a81759c8698a26f55be9c10af8dc60d02c8489350e591c01e3dc0c08888ed876f-scaled.jpeg\",\"contentUrl\":\"https:\/\/www.koonings.com\/wp-content\/uploads\/2024\/11\/40846_e1b1428a81759c8698a26f55be9c10af8dc60d02c8489350e591c01e3dc0c08888ed876f-scaled.jpeg\",\"width\":1807,\"height\":2560},{\"@type\":\"BreadcrumbList\",\"@id\":\"https:\/\/www.koonings.com\/fr\/product\/milla-nova-damaris\/#breadcrumb\",\"itemListElement\":[{\"@type\":\"ListItem\",\"position\":1,\"name\":\"Home\",\"item\":\"https:\/\/www.koonings.com\/fr\/\"},{\"@type\":\"ListItem\",\"position\":2,\"name\":\"Milla Nova Damaris\"}]},{\"@type\":\"WebSite\",\"@id\":\"https:\/\/www.koonings.com\/fr\/#website\",\"url\":\"https:\/\/www.koonings.com\/fr\/\",\"name\":\"Koonings\",\"description\":\"De grootste bruidsmodewinkel ter wereld\",\"publisher\":{\"@id\":\"https:\/\/www.koonings.com\/fr\/#organization\"},\"potentialAction\":[{\"@type\":\"SearchAction\",\"target\":{\"@type\":\"EntryPoint\",\"urlTemplate\":\"https:\/\/www.koonings.com\/fr\/?s={search_term_string}\"},\"query-input\":{\"@type\":\"PropertyValueSpecification\",\"valueRequired\":true,\"valueName\":\"search_term_string\"}}],\"inLanguage\":\"fr-FR\"},{\"@type\":\"Organization\",\"@id\":\"https:\/\/www.koonings.com\/fr\/#organization\",\"name\":\"Koonings\",\"url\":\"https:\/\/www.koonings.com\/fr\/\",\"logo\":{\"@type\":\"ImageObject\",\"inLanguage\":\"fr-FR\",\"@id\":\"https:\/\/www.koonings.com\/fr\/#\/schema\/logo\/image\/\",\"url\":\"https:\/\/www.koonings.com\/wp-content\/uploads\/2024\/07\/logo.png\",\"contentUrl\":\"https:\/\/www.koonings.com\/wp-content\/uploads\/2024\/07\/logo.png\",\"width\":600,\"height\":428,\"caption\":\"Koonings\"},\"image\":{\"@id\":\"https:\/\/www.koonings.com\/fr\/#\/schema\/logo\/image\/\"},\"sameAs\":[\"https:\/\/www.facebook.com\/kooningstheweddingpalace\",\"https:\/\/www.instagram.com\/kooningstheweddingpalace\",\"https:\/\/www.pinterest.com\/koonings\",\"https:\/\/www.youtube.com\/kooningstheweddingpalace\"]}]}<\/script>\n<!-- \/ Yoast SEO plugin. -->","yoast_head_json":{"title":"Milla Nova Damaris | Koonings","description":"Somptueuse robe de mari\u00e9e en tulle l\u00e9ger, richement orn\u00e9e de fleurs en 3D et de paillettes sur le corset victorien. Le corset victorien est d\u00e9coup\u00e9 en forme de c\u0153ur, avec une armature, et est orn\u00e9 d'applications florales faites \u00e0 la main et de paillettes. La jupe volumineuse en maxi-tulle a l'allure d'une princesse et ajoute \u00e0 l'enchantement de l'ensemble.","robots":{"index":"index","follow":"follow","max-snippet":"max-snippet:-1","max-image-preview":"max-image-preview:large","max-video-preview":"max-video-preview:-1"},"canonical":"https:\/\/www.koonings.com\/fr\/product\/milla-nova-damaris\/","og_locale":"fr_FR","og_type":"article","og_title":"Milla Nova Damaris | Koonings","og_description":"Somptueuse robe de mari\u00e9e en tulle l\u00e9ger, richement orn\u00e9e de fleurs en 3D et de paillettes sur le corset victorien. Le corset victorien est d\u00e9coup\u00e9 en forme de c\u0153ur, avec une armature, et est orn\u00e9 d'applications florales faites \u00e0 la main et de paillettes. La jupe volumineuse en maxi-tulle a l'allure d'une princesse et ajoute \u00e0 l'enchantement de l'ensemble.","og_url":"https:\/\/www.koonings.com\/fr\/product\/milla-nova-damaris\/","og_site_name":"Koonings","article_publisher":"https:\/\/www.facebook.com\/kooningstheweddingpalace","og_image":[{"width":1807,"height":2560,"url":"https:\/\/www.koonings.com\/wp-content\/uploads\/2024\/11\/40846_e1b1428a81759c8698a26f55be9c10af8dc60d02c8489350e591c01e3dc0c08888ed876f-scaled.jpeg","type":"image\/jpeg"}],"twitter_card":"summary_large_image","schema":{"@context":"https:\/\/schema.org","@graph":[{"@type":"WebPage","@id":"https:\/\/www.koonings.com\/fr\/product\/milla-nova-damaris\/","url":"https:\/\/www.koonings.com\/fr\/product\/milla-nova-damaris\/","name":"Milla Nova Damaris | Koonings","isPartOf":{"@id":"https:\/\/www.koonings.com\/fr\/#website"},"primaryImageOfPage":{"@id":"https:\/\/www.koonings.com\/fr\/product\/milla-nova-damaris\/#primaryimage"},"image":{"@id":"https:\/\/www.koonings.com\/fr\/product\/milla-nova-damaris\/#primaryimage"},"thumbnailUrl":"https:\/\/www.koonings.com\/wp-content\/uploads\/2024\/11\/40846_e1b1428a81759c8698a26f55be9c10af8dc60d02c8489350e591c01e3dc0c08888ed876f-scaled.jpeg","datePublished":"2026-03-27T15:20:43+00:00","description":"Somptueuse robe de mari\u00e9e en tulle l\u00e9ger, richement orn\u00e9e de fleurs en 3D et de paillettes sur le corset victorien. Le corset victorien est d\u00e9coup\u00e9 en forme de c\u0153ur, avec une armature, et est orn\u00e9 d'applications florales faites \u00e0 la main et de paillettes. La jupe volumineuse en maxi-tulle a l'allure d'une princesse et ajoute \u00e0 l'enchantement de l'ensemble.","breadcrumb":{"@id":"https:\/\/www.koonings.com\/fr\/product\/milla-nova-damaris\/#breadcrumb"},"inLanguage":"fr-FR","potentialAction":[{"@type":"ReadAction","target":["https:\/\/www.koonings.com\/fr\/product\/milla-nova-damaris\/"]}]},{"@type":"ImageObject","inLanguage":"fr-FR","@id":"https:\/\/www.koonings.com\/fr\/product\/milla-nova-damaris\/#primaryimage","url":"https:\/\/www.koonings.com\/wp-content\/uploads\/2024\/11\/40846_e1b1428a81759c8698a26f55be9c10af8dc60d02c8489350e591c01e3dc0c08888ed876f-scaled.jpeg","contentUrl":"https:\/\/www.koonings.com\/wp-content\/uploads\/2024\/11\/40846_e1b1428a81759c8698a26f55be9c10af8dc60d02c8489350e591c01e3dc0c08888ed876f-scaled.jpeg","width":1807,"height":2560},{"@type":"BreadcrumbList","@id":"https:\/\/www.koonings.com\/fr\/product\/milla-nova-damaris\/#breadcrumb","itemListElement":[{"@type":"ListItem","position":1,"name":"Home","item":"https:\/\/www.koonings.com\/fr\/"},{"@type":"ListItem","position":2,"name":"Milla Nova Damaris"}]},{"@type":"WebSite","@id":"https:\/\/www.koonings.com\/fr\/#website","url":"https:\/\/www.koonings.com\/fr\/","name":"Koonings","description":"De grootste bruidsmodewinkel ter wereld","publisher":{"@id":"https:\/\/www.koonings.com\/fr\/#organization"},"potentialAction":[{"@type":"SearchAction","target":{"@type":"EntryPoint","urlTemplate":"https:\/\/www.koonings.com\/fr\/?s={search_term_string}"},"query-input":{"@type":"PropertyValueSpecification","valueRequired":true,"valueName":"search_term_string"}}],"inLanguage":"fr-FR"},{"@type":"Organization","@id":"https:\/\/www.koonings.com\/fr\/#organization","name":"Koonings","url":"https:\/\/www.koonings.com\/fr\/","logo":{"@type":"ImageObject","inLanguage":"fr-FR","@id":"https:\/\/www.koonings.com\/fr\/#\/schema\/logo\/image\/","url":"https:\/\/www.koonings.com\/wp-content\/uploads\/2024\/07\/logo.png","contentUrl":"https:\/\/www.koonings.com\/wp-content\/uploads\/2024\/07\/logo.png","width":600,"height":428,"caption":"Koonings"},"image":{"@id":"https:\/\/www.koonings.com\/fr\/#\/schema\/logo\/image\/"},"sameAs":["https:\/\/www.facebook.com\/kooningstheweddingpalace","https:\/\/www.instagram.com\/kooningstheweddingpalace","https:\/\/www.pinterest.com\/koonings","https:\/\/www.youtube.com\/kooningstheweddingpalace"]}]}},"_links":{"self":[{"href":"https:\/\/www.koonings.com\/fr\/wp-json\/wp\/v2\/product\/79784","targetHints":{"allow":["GET"]}}],"collection":[{"href":"https:\/\/www.koonings.com\/fr\/wp-json\/wp\/v2\/product"}],"about":[{"href":"https:\/\/www.koonings.com\/fr\/wp-json\/wp\/v2\/types\/product"}],"wp:featuredmedia":[{"embeddable":true,"href":"https:\/\/www.koonings.com\/fr\/wp-json\/wp\/v2\/media\/71330"}],"wp:attachment":[{"href":"https:\/\/www.koonings.com\/fr\/wp-json\/wp\/v2\/media?parent=79784"}],"wp:term":[{"taxonomy":"productdetails","embeddable":true,"href":"https:\/\/www.koonings.com\/fr\/wp-json\/wp\/v2\/productdetails?post=79784"},{"taxonomy":"productneck","embeddable":true,"href":"https:\/\/www.koonings.com\/fr\/wp-json\/wp\/v2\/productneck?post=79784"},{"taxonomy":"productcolor","embeddable":true,"href":"https:\/\/www.koonings.com\/fr\/wp-json\/wp\/v2\/productcolor?post=79784"},{"taxonomy":"maat","embeddable":true,"href":"https:\/\/www.koonings.com\/fr\/wp-json\/wp\/v2\/maat?post=79784"},{"taxonomy":"productsupplier","embeddable":true,"href":"https:\/\/www.koonings.com\/fr\/wp-json\/wp\/v2\/productsupplier?post=79784"},{"taxonomy":"productsleeve","embeddable":true,"href":"https:\/\/www.koonings.com\/fr\/wp-json\/wp\/v2\/productsleeve?post=79784"},{"taxonomy":"productcategory","embeddable":true,"href":"https:\/\/www.koonings.com\/fr\/wp-json\/wp\/v2\/productcategory?post=79784"},{"taxonomy":"productsilhouette","embeddable":true,"href":"https:\/\/www.koonings.com\/fr\/wp-json\/wp\/v2\/productsilhouette?post=79784"},{"taxonomy":"productstyle","embeddable":true,"href":"https:\/\/www.koonings.com\/fr\/wp-json\/wp\/v2\/productstyle?post=79784"}],"curies":[{"name":"wp","href":"https:\/\/api.w.org\/{rel}","templated":true}]}}