{"id":79775,"date":"2026-04-28T18:22:30","date_gmt":"2026-04-28T16:22:30","guid":{"rendered":"https:\/\/www.koonings.com\/product\/milla-nova-fidella\/"},"modified":"2025-06-05T13:45:27","modified_gmt":"2025-06-05T11:45:27","slug":"milla-nova-fidella","status":"publish","type":"product","link":"https:\/\/www.koonings.com\/fr\/product\/milla-nova-fidella\/","title":{"rendered":"Milla Nova Fidella"},"content":{"rendered":"<p>Superbe robe de mari\u00e9e \u00e0 manches longues en dentelle \u00e0 motifs floraux, embellie \u00e0 la main de paillettes. Elle se compose d&#8217;un haut semi-transparent avec un d\u00e9collet\u00e9 profond et audacieux, de manches longues transparentes orn\u00e9es de fleurs, d&#8217;un dos ouvert avec boutons et d&#8217;une jupe \u00e9l\u00e9gamment ajust\u00e9e, doubl\u00e9e de couleur nude et dot\u00e9e d&#8217;une courte tra\u00eene. <\/p>\n","protected":false},"featured_media":71381,"template":"","meta":{"_acf_changed":false,"ghostkit_customizer_options":"","ghostkit_custom_css":"","ghostkit_custom_js_head":"","ghostkit_custom_js_foot":"","ghostkit_typography":""},"productdetails":[376],"productneck":[351,356],"productcolor":[393,392],"maat":[],"productsupplier":[446],"productsleeve":[362],"productcategory":[18],"productsilhouette":[389],"productstyle":[366,370],"class_list":["post-79775","product","type-product","status-publish","has-post-thumbnail","hentry","productdetails-376","productneck-351","productneck-356","productcolor-393","productcolor-392","productsupplier-milla-nova","productsleeve-362","productcategory-trouwjurken","productsilhouette-389","productstyle-366","productstyle-370"],"acf":[],"yoast_head":"<!-- This site is optimized with the Yoast SEO plugin v27.3 - https:\/\/yoast.com\/product\/yoast-seo-wordpress\/ -->\n<title>Milla Nova Fidella | Koonings<\/title>\n<meta name=\"description\" content=\"Superbe robe de mari\u00e9e \u00e0 manches longues en dentelle \u00e0 motifs floraux, embellie \u00e0 la main de paillettes. Elle se compose d&#039;un haut semi-transparent avec un d\u00e9collet\u00e9 profond et audacieux, de manches longues transparentes orn\u00e9es de fleurs, d&#039;un dos ouvert avec boutons et d&#039;une jupe \u00e9l\u00e9gamment ajust\u00e9e, doubl\u00e9e de couleur nude et dot\u00e9e d&#039;une courte tra\u00eene.\" \/>\n<meta name=\"robots\" content=\"index, follow, max-snippet:-1, max-image-preview:large, max-video-preview:-1\" \/>\n<link rel=\"canonical\" href=\"https:\/\/www.koonings.com\/fr\/product\/milla-nova-fidella\/\" \/>\n<meta property=\"og:locale\" content=\"fr_FR\" \/>\n<meta property=\"og:type\" content=\"article\" \/>\n<meta property=\"og:title\" content=\"Milla Nova Fidella | Koonings\" \/>\n<meta property=\"og:description\" content=\"Superbe robe de mari\u00e9e \u00e0 manches longues en dentelle \u00e0 motifs floraux, embellie \u00e0 la main de paillettes. Elle se compose d&#039;un haut semi-transparent avec un d\u00e9collet\u00e9 profond et audacieux, de manches longues transparentes orn\u00e9es de fleurs, d&#039;un dos ouvert avec boutons et d&#039;une jupe \u00e9l\u00e9gamment ajust\u00e9e, doubl\u00e9e de couleur nude et dot\u00e9e d&#039;une courte tra\u00eene.\" \/>\n<meta property=\"og:url\" content=\"https:\/\/www.koonings.com\/fr\/product\/milla-nova-fidella\/\" \/>\n<meta property=\"og:site_name\" content=\"Koonings\" \/>\n<meta property=\"article:publisher\" content=\"https:\/\/www.facebook.com\/kooningstheweddingpalace\" \/>\n<meta property=\"og:image\" content=\"https:\/\/www.koonings.com\/wp-content\/uploads\/2024\/11\/40849_2c1c86d1b4a688ef112d4644af649f2fe727f6c69636dcb0d3ebb7a3cecf1045cb0072c0-scaled.jpeg\" \/>\n\t<meta property=\"og:image:width\" content=\"1806\" \/>\n\t<meta property=\"og:image:height\" content=\"2560\" \/>\n\t<meta property=\"og:image:type\" content=\"image\/jpeg\" \/>\n<meta name=\"twitter:card\" content=\"summary_large_image\" \/>\n<script type=\"application\/ld+json\" class=\"yoast-schema-graph\">{\"@context\":\"https:\\\/\\\/schema.org\",\"@graph\":[{\"@type\":\"WebPage\",\"@id\":\"https:\\\/\\\/www.koonings.com\\\/fr\\\/product\\\/milla-nova-fidella\\\/\",\"url\":\"https:\\\/\\\/www.koonings.com\\\/fr\\\/product\\\/milla-nova-fidella\\\/\",\"name\":\"Milla Nova Fidella | Koonings\",\"isPartOf\":{\"@id\":\"https:\\\/\\\/www.koonings.com\\\/fr\\\/#website\"},\"primaryImageOfPage\":{\"@id\":\"https:\\\/\\\/www.koonings.com\\\/fr\\\/product\\\/milla-nova-fidella\\\/#primaryimage\"},\"image\":{\"@id\":\"https:\\\/\\\/www.koonings.com\\\/fr\\\/product\\\/milla-nova-fidella\\\/#primaryimage\"},\"thumbnailUrl\":\"https:\\\/\\\/www.koonings.com\\\/wp-content\\\/uploads\\\/2024\\\/11\\\/40849_2c1c86d1b4a688ef112d4644af649f2fe727f6c69636dcb0d3ebb7a3cecf1045cb0072c0-scaled.jpeg\",\"datePublished\":\"2026-04-28T16:22:30+00:00\",\"description\":\"Superbe robe de mari\u00e9e \u00e0 manches longues en dentelle \u00e0 motifs floraux, embellie \u00e0 la main de paillettes. Elle se compose d'un haut semi-transparent avec un d\u00e9collet\u00e9 profond et audacieux, de manches longues transparentes orn\u00e9es de fleurs, d'un dos ouvert avec boutons et d'une jupe \u00e9l\u00e9gamment ajust\u00e9e, doubl\u00e9e de couleur nude et dot\u00e9e d'une courte tra\u00eene.\",\"breadcrumb\":{\"@id\":\"https:\\\/\\\/www.koonings.com\\\/fr\\\/product\\\/milla-nova-fidella\\\/#breadcrumb\"},\"inLanguage\":\"fr-FR\",\"potentialAction\":[{\"@type\":\"ReadAction\",\"target\":[\"https:\\\/\\\/www.koonings.com\\\/fr\\\/product\\\/milla-nova-fidella\\\/\"]}]},{\"@type\":\"ImageObject\",\"inLanguage\":\"fr-FR\",\"@id\":\"https:\\\/\\\/www.koonings.com\\\/fr\\\/product\\\/milla-nova-fidella\\\/#primaryimage\",\"url\":\"https:\\\/\\\/www.koonings.com\\\/wp-content\\\/uploads\\\/2024\\\/11\\\/40849_2c1c86d1b4a688ef112d4644af649f2fe727f6c69636dcb0d3ebb7a3cecf1045cb0072c0-scaled.jpeg\",\"contentUrl\":\"https:\\\/\\\/www.koonings.com\\\/wp-content\\\/uploads\\\/2024\\\/11\\\/40849_2c1c86d1b4a688ef112d4644af649f2fe727f6c69636dcb0d3ebb7a3cecf1045cb0072c0-scaled.jpeg\",\"width\":1806,\"height\":2560},{\"@type\":\"BreadcrumbList\",\"@id\":\"https:\\\/\\\/www.koonings.com\\\/fr\\\/product\\\/milla-nova-fidella\\\/#breadcrumb\",\"itemListElement\":[{\"@type\":\"ListItem\",\"position\":1,\"name\":\"Home\",\"item\":\"https:\\\/\\\/www.koonings.com\\\/fr\\\/\"},{\"@type\":\"ListItem\",\"position\":2,\"name\":\"Milla Nova Fidella\"}]},{\"@type\":\"WebSite\",\"@id\":\"https:\\\/\\\/www.koonings.com\\\/fr\\\/#website\",\"url\":\"https:\\\/\\\/www.koonings.com\\\/fr\\\/\",\"name\":\"Koonings\",\"description\":\"De grootste bruidsmodewinkel ter wereld\",\"publisher\":{\"@id\":\"https:\\\/\\\/www.koonings.com\\\/fr\\\/#organization\"},\"potentialAction\":[{\"@type\":\"SearchAction\",\"target\":{\"@type\":\"EntryPoint\",\"urlTemplate\":\"https:\\\/\\\/www.koonings.com\\\/fr\\\/?s={search_term_string}\"},\"query-input\":{\"@type\":\"PropertyValueSpecification\",\"valueRequired\":true,\"valueName\":\"search_term_string\"}}],\"inLanguage\":\"fr-FR\"},{\"@type\":\"Organization\",\"@id\":\"https:\\\/\\\/www.koonings.com\\\/fr\\\/#organization\",\"name\":\"Koonings\",\"url\":\"https:\\\/\\\/www.koonings.com\\\/fr\\\/\",\"logo\":{\"@type\":\"ImageObject\",\"inLanguage\":\"fr-FR\",\"@id\":\"https:\\\/\\\/www.koonings.com\\\/fr\\\/#\\\/schema\\\/logo\\\/image\\\/\",\"url\":\"https:\\\/\\\/www.koonings.com\\\/wp-content\\\/uploads\\\/2024\\\/07\\\/logo.png\",\"contentUrl\":\"https:\\\/\\\/www.koonings.com\\\/wp-content\\\/uploads\\\/2024\\\/07\\\/logo.png\",\"width\":600,\"height\":428,\"caption\":\"Koonings\"},\"image\":{\"@id\":\"https:\\\/\\\/www.koonings.com\\\/fr\\\/#\\\/schema\\\/logo\\\/image\\\/\"},\"sameAs\":[\"https:\\\/\\\/www.facebook.com\\\/kooningstheweddingpalace\",\"https:\\\/\\\/www.instagram.com\\\/kooningstheweddingpalace\",\"https:\\\/\\\/www.pinterest.com\\\/koonings\",\"https:\\\/\\\/www.youtube.com\\\/kooningstheweddingpalace\"]}]}<\/script>\n<!-- \/ Yoast SEO plugin. -->","yoast_head_json":{"title":"Milla Nova Fidella | Koonings","description":"Superbe robe de mari\u00e9e \u00e0 manches longues en dentelle \u00e0 motifs floraux, embellie \u00e0 la main de paillettes. Elle se compose d'un haut semi-transparent avec un d\u00e9collet\u00e9 profond et audacieux, de manches longues transparentes orn\u00e9es de fleurs, d'un dos ouvert avec boutons et d'une jupe \u00e9l\u00e9gamment ajust\u00e9e, doubl\u00e9e de couleur nude et dot\u00e9e d'une courte tra\u00eene.","robots":{"index":"index","follow":"follow","max-snippet":"max-snippet:-1","max-image-preview":"max-image-preview:large","max-video-preview":"max-video-preview:-1"},"canonical":"https:\/\/www.koonings.com\/fr\/product\/milla-nova-fidella\/","og_locale":"fr_FR","og_type":"article","og_title":"Milla Nova Fidella | Koonings","og_description":"Superbe robe de mari\u00e9e \u00e0 manches longues en dentelle \u00e0 motifs floraux, embellie \u00e0 la main de paillettes. Elle se compose d'un haut semi-transparent avec un d\u00e9collet\u00e9 profond et audacieux, de manches longues transparentes orn\u00e9es de fleurs, d'un dos ouvert avec boutons et d'une jupe \u00e9l\u00e9gamment ajust\u00e9e, doubl\u00e9e de couleur nude et dot\u00e9e d'une courte tra\u00eene.","og_url":"https:\/\/www.koonings.com\/fr\/product\/milla-nova-fidella\/","og_site_name":"Koonings","article_publisher":"https:\/\/www.facebook.com\/kooningstheweddingpalace","og_image":[{"width":1806,"height":2560,"url":"https:\/\/www.koonings.com\/wp-content\/uploads\/2024\/11\/40849_2c1c86d1b4a688ef112d4644af649f2fe727f6c69636dcb0d3ebb7a3cecf1045cb0072c0-scaled.jpeg","type":"image\/jpeg"}],"twitter_card":"summary_large_image","schema":{"@context":"https:\/\/schema.org","@graph":[{"@type":"WebPage","@id":"https:\/\/www.koonings.com\/fr\/product\/milla-nova-fidella\/","url":"https:\/\/www.koonings.com\/fr\/product\/milla-nova-fidella\/","name":"Milla Nova Fidella | Koonings","isPartOf":{"@id":"https:\/\/www.koonings.com\/fr\/#website"},"primaryImageOfPage":{"@id":"https:\/\/www.koonings.com\/fr\/product\/milla-nova-fidella\/#primaryimage"},"image":{"@id":"https:\/\/www.koonings.com\/fr\/product\/milla-nova-fidella\/#primaryimage"},"thumbnailUrl":"https:\/\/www.koonings.com\/wp-content\/uploads\/2024\/11\/40849_2c1c86d1b4a688ef112d4644af649f2fe727f6c69636dcb0d3ebb7a3cecf1045cb0072c0-scaled.jpeg","datePublished":"2026-04-28T16:22:30+00:00","description":"Superbe robe de mari\u00e9e \u00e0 manches longues en dentelle \u00e0 motifs floraux, embellie \u00e0 la main de paillettes. Elle se compose d'un haut semi-transparent avec un d\u00e9collet\u00e9 profond et audacieux, de manches longues transparentes orn\u00e9es de fleurs, d'un dos ouvert avec boutons et d'une jupe \u00e9l\u00e9gamment ajust\u00e9e, doubl\u00e9e de couleur nude et dot\u00e9e d'une courte tra\u00eene.","breadcrumb":{"@id":"https:\/\/www.koonings.com\/fr\/product\/milla-nova-fidella\/#breadcrumb"},"inLanguage":"fr-FR","potentialAction":[{"@type":"ReadAction","target":["https:\/\/www.koonings.com\/fr\/product\/milla-nova-fidella\/"]}]},{"@type":"ImageObject","inLanguage":"fr-FR","@id":"https:\/\/www.koonings.com\/fr\/product\/milla-nova-fidella\/#primaryimage","url":"https:\/\/www.koonings.com\/wp-content\/uploads\/2024\/11\/40849_2c1c86d1b4a688ef112d4644af649f2fe727f6c69636dcb0d3ebb7a3cecf1045cb0072c0-scaled.jpeg","contentUrl":"https:\/\/www.koonings.com\/wp-content\/uploads\/2024\/11\/40849_2c1c86d1b4a688ef112d4644af649f2fe727f6c69636dcb0d3ebb7a3cecf1045cb0072c0-scaled.jpeg","width":1806,"height":2560},{"@type":"BreadcrumbList","@id":"https:\/\/www.koonings.com\/fr\/product\/milla-nova-fidella\/#breadcrumb","itemListElement":[{"@type":"ListItem","position":1,"name":"Home","item":"https:\/\/www.koonings.com\/fr\/"},{"@type":"ListItem","position":2,"name":"Milla Nova Fidella"}]},{"@type":"WebSite","@id":"https:\/\/www.koonings.com\/fr\/#website","url":"https:\/\/www.koonings.com\/fr\/","name":"Koonings","description":"De grootste bruidsmodewinkel ter wereld","publisher":{"@id":"https:\/\/www.koonings.com\/fr\/#organization"},"potentialAction":[{"@type":"SearchAction","target":{"@type":"EntryPoint","urlTemplate":"https:\/\/www.koonings.com\/fr\/?s={search_term_string}"},"query-input":{"@type":"PropertyValueSpecification","valueRequired":true,"valueName":"search_term_string"}}],"inLanguage":"fr-FR"},{"@type":"Organization","@id":"https:\/\/www.koonings.com\/fr\/#organization","name":"Koonings","url":"https:\/\/www.koonings.com\/fr\/","logo":{"@type":"ImageObject","inLanguage":"fr-FR","@id":"https:\/\/www.koonings.com\/fr\/#\/schema\/logo\/image\/","url":"https:\/\/www.koonings.com\/wp-content\/uploads\/2024\/07\/logo.png","contentUrl":"https:\/\/www.koonings.com\/wp-content\/uploads\/2024\/07\/logo.png","width":600,"height":428,"caption":"Koonings"},"image":{"@id":"https:\/\/www.koonings.com\/fr\/#\/schema\/logo\/image\/"},"sameAs":["https:\/\/www.facebook.com\/kooningstheweddingpalace","https:\/\/www.instagram.com\/kooningstheweddingpalace","https:\/\/www.pinterest.com\/koonings","https:\/\/www.youtube.com\/kooningstheweddingpalace"]}]}},"_links":{"self":[{"href":"https:\/\/www.koonings.com\/fr\/wp-json\/wp\/v2\/product\/79775","targetHints":{"allow":["GET"]}}],"collection":[{"href":"https:\/\/www.koonings.com\/fr\/wp-json\/wp\/v2\/product"}],"about":[{"href":"https:\/\/www.koonings.com\/fr\/wp-json\/wp\/v2\/types\/product"}],"wp:featuredmedia":[{"embeddable":true,"href":"https:\/\/www.koonings.com\/fr\/wp-json\/wp\/v2\/media\/71381"}],"wp:attachment":[{"href":"https:\/\/www.koonings.com\/fr\/wp-json\/wp\/v2\/media?parent=79775"}],"wp:term":[{"taxonomy":"productdetails","embeddable":true,"href":"https:\/\/www.koonings.com\/fr\/wp-json\/wp\/v2\/productdetails?post=79775"},{"taxonomy":"productneck","embeddable":true,"href":"https:\/\/www.koonings.com\/fr\/wp-json\/wp\/v2\/productneck?post=79775"},{"taxonomy":"productcolor","embeddable":true,"href":"https:\/\/www.koonings.com\/fr\/wp-json\/wp\/v2\/productcolor?post=79775"},{"taxonomy":"maat","embeddable":true,"href":"https:\/\/www.koonings.com\/fr\/wp-json\/wp\/v2\/maat?post=79775"},{"taxonomy":"productsupplier","embeddable":true,"href":"https:\/\/www.koonings.com\/fr\/wp-json\/wp\/v2\/productsupplier?post=79775"},{"taxonomy":"productsleeve","embeddable":true,"href":"https:\/\/www.koonings.com\/fr\/wp-json\/wp\/v2\/productsleeve?post=79775"},{"taxonomy":"productcategory","embeddable":true,"href":"https:\/\/www.koonings.com\/fr\/wp-json\/wp\/v2\/productcategory?post=79775"},{"taxonomy":"productsilhouette","embeddable":true,"href":"https:\/\/www.koonings.com\/fr\/wp-json\/wp\/v2\/productsilhouette?post=79775"},{"taxonomy":"productstyle","embeddable":true,"href":"https:\/\/www.koonings.com\/fr\/wp-json\/wp\/v2\/productstyle?post=79775"}],"curies":[{"name":"wp","href":"https:\/\/api.w.org\/{rel}","templated":true}]}}