{"id":79766,"date":"2026-05-06T15:22:48","date_gmt":"2026-05-06T13:22:48","guid":{"rendered":"https:\/\/www.koonings.com\/product\/milla-nova-madeira-train\/"},"modified":"2025-06-05T13:44:51","modified_gmt":"2025-06-05T11:44:51","slug":"milla-nova-madeira-train","status":"publish","type":"product","link":"https:\/\/www.koonings.com\/fr\/product\/milla-nova-madeira-train\/","title":{"rendered":"Milla Nova Madeira + train"},"content":{"rendered":"<p>Sensationnelle robe sir\u00e8ne d\u00e9collet\u00e9e en dentelle semi-transparente, orn\u00e9e \u00e0 la main de paillettes tout au long de la robe.<br \/>\nElle pr\u00e9sente un d\u00e9collet\u00e9 en forme de c\u0153ur, un corset scintillant dot\u00e9 d&#8217;une armature et de bonnets int\u00e9gr\u00e9s, des manches longues d\u00e9collet\u00e9es, une fermeture \u00e0 glissi\u00e8re au dos et une jupe ajust\u00e9e avec une courte tra\u00eene. Le look de la mari\u00e9e peut \u00eatre rehauss\u00e9 par une longue tra\u00eene d\u00e9tachable Madeira, compos\u00e9e de dizaines de couches d&#8217;organza fa\u00e7onn\u00e9es \u00e0 la main pour former des volants volum\u00e9triques. Extensible avec une longue tra\u00eene d\u00e9tachable Fashionista compos\u00e9e de dizaines de couches d&#8217;organza travaill\u00e9es \u00e0 la main en volants volum\u00e9triques.  <\/p>\n","protected":false},"featured_media":71490,"template":"","meta":{"_acf_changed":false,"ghostkit_customizer_options":"","ghostkit_custom_css":"","ghostkit_custom_js_head":"","ghostkit_custom_js_foot":"","ghostkit_typography":""},"productdetails":[],"productneck":[355],"productcolor":[393,392],"maat":[],"productsupplier":[446],"productsleeve":[363],"productcategory":[18],"productsilhouette":[387],"productstyle":[367,366],"class_list":["post-79766","product","type-product","status-publish","has-post-thumbnail","hentry","productneck-355","productcolor-393","productcolor-392","productsupplier-milla-nova","productsleeve-363","productcategory-trouwjurken","productsilhouette-387","productstyle-367","productstyle-366"],"acf":[],"yoast_head":"<!-- This site is optimized with the Yoast SEO plugin v27.3 - https:\/\/yoast.com\/product\/yoast-seo-wordpress\/ -->\n<title>Milla Nova Madeira + train | Koonings<\/title>\n<meta name=\"description\" content=\"Sensationnelle robe sir\u00e8ne d\u00e9collet\u00e9e en dentelle semi-transparente, orn\u00e9e \u00e0 la main de paillettes tout au long de la robe. Elle pr\u00e9sente un d\u00e9collet\u00e9 en forme de c\u0153ur, un corset scintillant dot\u00e9 d&#039;une armature et de bonnets int\u00e9gr\u00e9s, des manches longues d\u00e9collet\u00e9es, une fermeture \u00e0 glissi\u00e8re au dos et une jupe ajust\u00e9e avec une courte tra\u00eene. Le look de la mari\u00e9e peut \u00eatre rehauss\u00e9 par une longue tra\u00eene d\u00e9tachable Madeira, compos\u00e9e de dizaines de couches d&#039;organza fa\u00e7onn\u00e9es \u00e0 la main pour former des volants volum\u00e9triques. Extensible avec une longue tra\u00eene d\u00e9tachable Fashionista compos\u00e9e de dizaines de couches d&#039;organza travaill\u00e9es \u00e0 la main en volants volum\u00e9triques.\" \/>\n<meta name=\"robots\" content=\"index, follow, max-snippet:-1, max-image-preview:large, max-video-preview:-1\" \/>\n<link rel=\"canonical\" href=\"https:\/\/www.koonings.com\/fr\/product\/milla-nova-madeira-train\/\" \/>\n<meta property=\"og:locale\" content=\"fr_FR\" \/>\n<meta property=\"og:type\" content=\"article\" \/>\n<meta property=\"og:title\" content=\"Milla Nova Madeira + train | Koonings\" \/>\n<meta property=\"og:description\" content=\"Sensationnelle robe sir\u00e8ne d\u00e9collet\u00e9e en dentelle semi-transparente, orn\u00e9e \u00e0 la main de paillettes tout au long de la robe. Elle pr\u00e9sente un d\u00e9collet\u00e9 en forme de c\u0153ur, un corset scintillant dot\u00e9 d&#039;une armature et de bonnets int\u00e9gr\u00e9s, des manches longues d\u00e9collet\u00e9es, une fermeture \u00e0 glissi\u00e8re au dos et une jupe ajust\u00e9e avec une courte tra\u00eene. Le look de la mari\u00e9e peut \u00eatre rehauss\u00e9 par une longue tra\u00eene d\u00e9tachable Madeira, compos\u00e9e de dizaines de couches d&#039;organza fa\u00e7onn\u00e9es \u00e0 la main pour former des volants volum\u00e9triques. Extensible avec une longue tra\u00eene d\u00e9tachable Fashionista compos\u00e9e de dizaines de couches d&#039;organza travaill\u00e9es \u00e0 la main en volants volum\u00e9triques.\" \/>\n<meta property=\"og:url\" content=\"https:\/\/www.koonings.com\/fr\/product\/milla-nova-madeira-train\/\" \/>\n<meta property=\"og:site_name\" content=\"Koonings\" \/>\n<meta property=\"article:publisher\" content=\"https:\/\/www.facebook.com\/kooningstheweddingpalace\" \/>\n<meta property=\"og:image\" content=\"https:\/\/www.koonings.com\/wp-content\/uploads\/2024\/11\/40854_8b19637d1d6226343e2bd0a3785db385572901311e0ba84be9c15a4e93339bba4ed09aa0-scaled.jpeg\" \/>\n\t<meta property=\"og:image:width\" content=\"1809\" \/>\n\t<meta property=\"og:image:height\" content=\"2560\" \/>\n\t<meta property=\"og:image:type\" content=\"image\/jpeg\" \/>\n<meta name=\"twitter:card\" content=\"summary_large_image\" \/>\n<meta name=\"twitter:label1\" content=\"Dur\u00e9e de lecture estim\u00e9e\" \/>\n\t<meta name=\"twitter:data1\" content=\"1 minute\" \/>\n<script type=\"application\/ld+json\" class=\"yoast-schema-graph\">{\"@context\":\"https:\\\/\\\/schema.org\",\"@graph\":[{\"@type\":\"WebPage\",\"@id\":\"https:\\\/\\\/www.koonings.com\\\/fr\\\/product\\\/milla-nova-madeira-train\\\/\",\"url\":\"https:\\\/\\\/www.koonings.com\\\/fr\\\/product\\\/milla-nova-madeira-train\\\/\",\"name\":\"Milla Nova Madeira + train | Koonings\",\"isPartOf\":{\"@id\":\"https:\\\/\\\/www.koonings.com\\\/fr\\\/#website\"},\"primaryImageOfPage\":{\"@id\":\"https:\\\/\\\/www.koonings.com\\\/fr\\\/product\\\/milla-nova-madeira-train\\\/#primaryimage\"},\"image\":{\"@id\":\"https:\\\/\\\/www.koonings.com\\\/fr\\\/product\\\/milla-nova-madeira-train\\\/#primaryimage\"},\"thumbnailUrl\":\"https:\\\/\\\/www.koonings.com\\\/wp-content\\\/uploads\\\/2024\\\/11\\\/40854_8b19637d1d6226343e2bd0a3785db385572901311e0ba84be9c15a4e93339bba4ed09aa0-scaled.jpeg\",\"datePublished\":\"2026-05-06T13:22:48+00:00\",\"description\":\"Sensationnelle robe sir\u00e8ne d\u00e9collet\u00e9e en dentelle semi-transparente, orn\u00e9e \u00e0 la main de paillettes tout au long de la robe. Elle pr\u00e9sente un d\u00e9collet\u00e9 en forme de c\u0153ur, un corset scintillant dot\u00e9 d'une armature et de bonnets int\u00e9gr\u00e9s, des manches longues d\u00e9collet\u00e9es, une fermeture \u00e0 glissi\u00e8re au dos et une jupe ajust\u00e9e avec une courte tra\u00eene. Le look de la mari\u00e9e peut \u00eatre rehauss\u00e9 par une longue tra\u00eene d\u00e9tachable Madeira, compos\u00e9e de dizaines de couches d'organza fa\u00e7onn\u00e9es \u00e0 la main pour former des volants volum\u00e9triques. Extensible avec une longue tra\u00eene d\u00e9tachable Fashionista compos\u00e9e de dizaines de couches d'organza travaill\u00e9es \u00e0 la main en volants volum\u00e9triques.\",\"breadcrumb\":{\"@id\":\"https:\\\/\\\/www.koonings.com\\\/fr\\\/product\\\/milla-nova-madeira-train\\\/#breadcrumb\"},\"inLanguage\":\"fr-FR\",\"potentialAction\":[{\"@type\":\"ReadAction\",\"target\":[\"https:\\\/\\\/www.koonings.com\\\/fr\\\/product\\\/milla-nova-madeira-train\\\/\"]}]},{\"@type\":\"ImageObject\",\"inLanguage\":\"fr-FR\",\"@id\":\"https:\\\/\\\/www.koonings.com\\\/fr\\\/product\\\/milla-nova-madeira-train\\\/#primaryimage\",\"url\":\"https:\\\/\\\/www.koonings.com\\\/wp-content\\\/uploads\\\/2024\\\/11\\\/40854_8b19637d1d6226343e2bd0a3785db385572901311e0ba84be9c15a4e93339bba4ed09aa0-scaled.jpeg\",\"contentUrl\":\"https:\\\/\\\/www.koonings.com\\\/wp-content\\\/uploads\\\/2024\\\/11\\\/40854_8b19637d1d6226343e2bd0a3785db385572901311e0ba84be9c15a4e93339bba4ed09aa0-scaled.jpeg\",\"width\":1809,\"height\":2560},{\"@type\":\"BreadcrumbList\",\"@id\":\"https:\\\/\\\/www.koonings.com\\\/fr\\\/product\\\/milla-nova-madeira-train\\\/#breadcrumb\",\"itemListElement\":[{\"@type\":\"ListItem\",\"position\":1,\"name\":\"Home\",\"item\":\"https:\\\/\\\/www.koonings.com\\\/fr\\\/\"},{\"@type\":\"ListItem\",\"position\":2,\"name\":\"Milla Nova Madeira + train\"}]},{\"@type\":\"WebSite\",\"@id\":\"https:\\\/\\\/www.koonings.com\\\/fr\\\/#website\",\"url\":\"https:\\\/\\\/www.koonings.com\\\/fr\\\/\",\"name\":\"Koonings\",\"description\":\"De grootste bruidsmodewinkel ter wereld\",\"publisher\":{\"@id\":\"https:\\\/\\\/www.koonings.com\\\/fr\\\/#organization\"},\"potentialAction\":[{\"@type\":\"SearchAction\",\"target\":{\"@type\":\"EntryPoint\",\"urlTemplate\":\"https:\\\/\\\/www.koonings.com\\\/fr\\\/?s={search_term_string}\"},\"query-input\":{\"@type\":\"PropertyValueSpecification\",\"valueRequired\":true,\"valueName\":\"search_term_string\"}}],\"inLanguage\":\"fr-FR\"},{\"@type\":\"Organization\",\"@id\":\"https:\\\/\\\/www.koonings.com\\\/fr\\\/#organization\",\"name\":\"Koonings\",\"url\":\"https:\\\/\\\/www.koonings.com\\\/fr\\\/\",\"logo\":{\"@type\":\"ImageObject\",\"inLanguage\":\"fr-FR\",\"@id\":\"https:\\\/\\\/www.koonings.com\\\/fr\\\/#\\\/schema\\\/logo\\\/image\\\/\",\"url\":\"https:\\\/\\\/www.koonings.com\\\/wp-content\\\/uploads\\\/2024\\\/07\\\/logo.png\",\"contentUrl\":\"https:\\\/\\\/www.koonings.com\\\/wp-content\\\/uploads\\\/2024\\\/07\\\/logo.png\",\"width\":600,\"height\":428,\"caption\":\"Koonings\"},\"image\":{\"@id\":\"https:\\\/\\\/www.koonings.com\\\/fr\\\/#\\\/schema\\\/logo\\\/image\\\/\"},\"sameAs\":[\"https:\\\/\\\/www.facebook.com\\\/kooningstheweddingpalace\",\"https:\\\/\\\/www.instagram.com\\\/kooningstheweddingpalace\",\"https:\\\/\\\/www.pinterest.com\\\/koonings\",\"https:\\\/\\\/www.youtube.com\\\/kooningstheweddingpalace\"]}]}<\/script>\n<!-- \/ Yoast SEO plugin. -->","yoast_head_json":{"title":"Milla Nova Madeira + train | Koonings","description":"Sensationnelle robe sir\u00e8ne d\u00e9collet\u00e9e en dentelle semi-transparente, orn\u00e9e \u00e0 la main de paillettes tout au long de la robe. Elle pr\u00e9sente un d\u00e9collet\u00e9 en forme de c\u0153ur, un corset scintillant dot\u00e9 d'une armature et de bonnets int\u00e9gr\u00e9s, des manches longues d\u00e9collet\u00e9es, une fermeture \u00e0 glissi\u00e8re au dos et une jupe ajust\u00e9e avec une courte tra\u00eene. Le look de la mari\u00e9e peut \u00eatre rehauss\u00e9 par une longue tra\u00eene d\u00e9tachable Madeira, compos\u00e9e de dizaines de couches d'organza fa\u00e7onn\u00e9es \u00e0 la main pour former des volants volum\u00e9triques. Extensible avec une longue tra\u00eene d\u00e9tachable Fashionista compos\u00e9e de dizaines de couches d'organza travaill\u00e9es \u00e0 la main en volants volum\u00e9triques.","robots":{"index":"index","follow":"follow","max-snippet":"max-snippet:-1","max-image-preview":"max-image-preview:large","max-video-preview":"max-video-preview:-1"},"canonical":"https:\/\/www.koonings.com\/fr\/product\/milla-nova-madeira-train\/","og_locale":"fr_FR","og_type":"article","og_title":"Milla Nova Madeira + train | Koonings","og_description":"Sensationnelle robe sir\u00e8ne d\u00e9collet\u00e9e en dentelle semi-transparente, orn\u00e9e \u00e0 la main de paillettes tout au long de la robe. Elle pr\u00e9sente un d\u00e9collet\u00e9 en forme de c\u0153ur, un corset scintillant dot\u00e9 d'une armature et de bonnets int\u00e9gr\u00e9s, des manches longues d\u00e9collet\u00e9es, une fermeture \u00e0 glissi\u00e8re au dos et une jupe ajust\u00e9e avec une courte tra\u00eene. Le look de la mari\u00e9e peut \u00eatre rehauss\u00e9 par une longue tra\u00eene d\u00e9tachable Madeira, compos\u00e9e de dizaines de couches d'organza fa\u00e7onn\u00e9es \u00e0 la main pour former des volants volum\u00e9triques. Extensible avec une longue tra\u00eene d\u00e9tachable Fashionista compos\u00e9e de dizaines de couches d'organza travaill\u00e9es \u00e0 la main en volants volum\u00e9triques.","og_url":"https:\/\/www.koonings.com\/fr\/product\/milla-nova-madeira-train\/","og_site_name":"Koonings","article_publisher":"https:\/\/www.facebook.com\/kooningstheweddingpalace","og_image":[{"width":1809,"height":2560,"url":"https:\/\/www.koonings.com\/wp-content\/uploads\/2024\/11\/40854_8b19637d1d6226343e2bd0a3785db385572901311e0ba84be9c15a4e93339bba4ed09aa0-scaled.jpeg","type":"image\/jpeg"}],"twitter_card":"summary_large_image","twitter_misc":{"Dur\u00e9e de lecture estim\u00e9e":"1 minute"},"schema":{"@context":"https:\/\/schema.org","@graph":[{"@type":"WebPage","@id":"https:\/\/www.koonings.com\/fr\/product\/milla-nova-madeira-train\/","url":"https:\/\/www.koonings.com\/fr\/product\/milla-nova-madeira-train\/","name":"Milla Nova Madeira + train | Koonings","isPartOf":{"@id":"https:\/\/www.koonings.com\/fr\/#website"},"primaryImageOfPage":{"@id":"https:\/\/www.koonings.com\/fr\/product\/milla-nova-madeira-train\/#primaryimage"},"image":{"@id":"https:\/\/www.koonings.com\/fr\/product\/milla-nova-madeira-train\/#primaryimage"},"thumbnailUrl":"https:\/\/www.koonings.com\/wp-content\/uploads\/2024\/11\/40854_8b19637d1d6226343e2bd0a3785db385572901311e0ba84be9c15a4e93339bba4ed09aa0-scaled.jpeg","datePublished":"2026-05-06T13:22:48+00:00","description":"Sensationnelle robe sir\u00e8ne d\u00e9collet\u00e9e en dentelle semi-transparente, orn\u00e9e \u00e0 la main de paillettes tout au long de la robe. Elle pr\u00e9sente un d\u00e9collet\u00e9 en forme de c\u0153ur, un corset scintillant dot\u00e9 d'une armature et de bonnets int\u00e9gr\u00e9s, des manches longues d\u00e9collet\u00e9es, une fermeture \u00e0 glissi\u00e8re au dos et une jupe ajust\u00e9e avec une courte tra\u00eene. Le look de la mari\u00e9e peut \u00eatre rehauss\u00e9 par une longue tra\u00eene d\u00e9tachable Madeira, compos\u00e9e de dizaines de couches d'organza fa\u00e7onn\u00e9es \u00e0 la main pour former des volants volum\u00e9triques. Extensible avec une longue tra\u00eene d\u00e9tachable Fashionista compos\u00e9e de dizaines de couches d'organza travaill\u00e9es \u00e0 la main en volants volum\u00e9triques.","breadcrumb":{"@id":"https:\/\/www.koonings.com\/fr\/product\/milla-nova-madeira-train\/#breadcrumb"},"inLanguage":"fr-FR","potentialAction":[{"@type":"ReadAction","target":["https:\/\/www.koonings.com\/fr\/product\/milla-nova-madeira-train\/"]}]},{"@type":"ImageObject","inLanguage":"fr-FR","@id":"https:\/\/www.koonings.com\/fr\/product\/milla-nova-madeira-train\/#primaryimage","url":"https:\/\/www.koonings.com\/wp-content\/uploads\/2024\/11\/40854_8b19637d1d6226343e2bd0a3785db385572901311e0ba84be9c15a4e93339bba4ed09aa0-scaled.jpeg","contentUrl":"https:\/\/www.koonings.com\/wp-content\/uploads\/2024\/11\/40854_8b19637d1d6226343e2bd0a3785db385572901311e0ba84be9c15a4e93339bba4ed09aa0-scaled.jpeg","width":1809,"height":2560},{"@type":"BreadcrumbList","@id":"https:\/\/www.koonings.com\/fr\/product\/milla-nova-madeira-train\/#breadcrumb","itemListElement":[{"@type":"ListItem","position":1,"name":"Home","item":"https:\/\/www.koonings.com\/fr\/"},{"@type":"ListItem","position":2,"name":"Milla Nova Madeira + train"}]},{"@type":"WebSite","@id":"https:\/\/www.koonings.com\/fr\/#website","url":"https:\/\/www.koonings.com\/fr\/","name":"Koonings","description":"De grootste bruidsmodewinkel ter wereld","publisher":{"@id":"https:\/\/www.koonings.com\/fr\/#organization"},"potentialAction":[{"@type":"SearchAction","target":{"@type":"EntryPoint","urlTemplate":"https:\/\/www.koonings.com\/fr\/?s={search_term_string}"},"query-input":{"@type":"PropertyValueSpecification","valueRequired":true,"valueName":"search_term_string"}}],"inLanguage":"fr-FR"},{"@type":"Organization","@id":"https:\/\/www.koonings.com\/fr\/#organization","name":"Koonings","url":"https:\/\/www.koonings.com\/fr\/","logo":{"@type":"ImageObject","inLanguage":"fr-FR","@id":"https:\/\/www.koonings.com\/fr\/#\/schema\/logo\/image\/","url":"https:\/\/www.koonings.com\/wp-content\/uploads\/2024\/07\/logo.png","contentUrl":"https:\/\/www.koonings.com\/wp-content\/uploads\/2024\/07\/logo.png","width":600,"height":428,"caption":"Koonings"},"image":{"@id":"https:\/\/www.koonings.com\/fr\/#\/schema\/logo\/image\/"},"sameAs":["https:\/\/www.facebook.com\/kooningstheweddingpalace","https:\/\/www.instagram.com\/kooningstheweddingpalace","https:\/\/www.pinterest.com\/koonings","https:\/\/www.youtube.com\/kooningstheweddingpalace"]}]}},"_links":{"self":[{"href":"https:\/\/www.koonings.com\/fr\/wp-json\/wp\/v2\/product\/79766","targetHints":{"allow":["GET"]}}],"collection":[{"href":"https:\/\/www.koonings.com\/fr\/wp-json\/wp\/v2\/product"}],"about":[{"href":"https:\/\/www.koonings.com\/fr\/wp-json\/wp\/v2\/types\/product"}],"wp:featuredmedia":[{"embeddable":true,"href":"https:\/\/www.koonings.com\/fr\/wp-json\/wp\/v2\/media\/71490"}],"wp:attachment":[{"href":"https:\/\/www.koonings.com\/fr\/wp-json\/wp\/v2\/media?parent=79766"}],"wp:term":[{"taxonomy":"productdetails","embeddable":true,"href":"https:\/\/www.koonings.com\/fr\/wp-json\/wp\/v2\/productdetails?post=79766"},{"taxonomy":"productneck","embeddable":true,"href":"https:\/\/www.koonings.com\/fr\/wp-json\/wp\/v2\/productneck?post=79766"},{"taxonomy":"productcolor","embeddable":true,"href":"https:\/\/www.koonings.com\/fr\/wp-json\/wp\/v2\/productcolor?post=79766"},{"taxonomy":"maat","embeddable":true,"href":"https:\/\/www.koonings.com\/fr\/wp-json\/wp\/v2\/maat?post=79766"},{"taxonomy":"productsupplier","embeddable":true,"href":"https:\/\/www.koonings.com\/fr\/wp-json\/wp\/v2\/productsupplier?post=79766"},{"taxonomy":"productsleeve","embeddable":true,"href":"https:\/\/www.koonings.com\/fr\/wp-json\/wp\/v2\/productsleeve?post=79766"},{"taxonomy":"productcategory","embeddable":true,"href":"https:\/\/www.koonings.com\/fr\/wp-json\/wp\/v2\/productcategory?post=79766"},{"taxonomy":"productsilhouette","embeddable":true,"href":"https:\/\/www.koonings.com\/fr\/wp-json\/wp\/v2\/productsilhouette?post=79766"},{"taxonomy":"productstyle","embeddable":true,"href":"https:\/\/www.koonings.com\/fr\/wp-json\/wp\/v2\/productstyle?post=79766"}],"curies":[{"name":"wp","href":"https:\/\/api.w.org\/{rel}","templated":true}]}}