{"id":79761,"date":"2026-05-06T15:14:15","date_gmt":"2026-05-06T13:14:15","guid":{"rendered":"https:\/\/www.koonings.com\/product\/milla-nova-dinara\/"},"modified":"2025-06-05T13:44:54","modified_gmt":"2025-06-05T11:44:54","slug":"milla-nova-dinara","status":"publish","type":"product","link":"https:\/\/www.koonings.com\/fr\/product\/milla-nova-dinara\/","title":{"rendered":"Milla Nova Dinara"},"content":{"rendered":"<p>Cette robe de mari\u00e9e en tulle est le summum du romantisme. Une robe de mari\u00e9e de r\u00eave, sans bretelles, avec des fleurs en dentelle faites \u00e0 la main. D\u00e9collet\u00e9 en forme de c\u0153ur, dos corset\u00e9 et jupe ample en tulle avec longue tra\u00eene. Venez essayer cette robe romantique dans notre shop-in shop \u00e0 Koonings the Wedding Palace.   <\/p>\n","protected":false},"featured_media":71527,"template":"","meta":{"_acf_changed":false,"ghostkit_customizer_options":"","ghostkit_custom_css":"","ghostkit_custom_js_head":"","ghostkit_custom_js_foot":"","ghostkit_typography":""},"productdetails":[381],"productneck":[354,355],"productcolor":[392],"maat":[],"productsupplier":[446],"productsleeve":[],"productcategory":[18],"productsilhouette":[384],"productstyle":[372,366],"class_list":["post-79761","product","type-product","status-publish","has-post-thumbnail","hentry","productdetails-381","productneck-354","productneck-355","productcolor-392","productsupplier-milla-nova","productcategory-trouwjurken","productsilhouette-384","productstyle-372","productstyle-366"],"acf":[],"yoast_head":"<!-- This site is optimized with the Yoast SEO plugin v27.3 - https:\/\/yoast.com\/product\/yoast-seo-wordpress\/ -->\n<title>Milla Nova Dinara | Koonings<\/title>\n<meta name=\"description\" content=\"Cette robe de mari\u00e9e en tulle est le summum du romantisme. Une robe de mari\u00e9e de r\u00eave, sans bretelles, avec des fleurs en dentelle faites \u00e0 la main. D\u00e9collet\u00e9 en forme de c\u0153ur, dos corset\u00e9 et jupe ample en tulle avec longue tra\u00eene. Venez essayer cette robe romantique dans notre shop-in shop \u00e0 Koonings the Wedding Palace.\" \/>\n<meta name=\"robots\" content=\"index, follow, max-snippet:-1, max-image-preview:large, max-video-preview:-1\" \/>\n<link rel=\"canonical\" href=\"https:\/\/www.koonings.com\/fr\/product\/milla-nova-dinara\/\" \/>\n<meta property=\"og:locale\" content=\"fr_FR\" \/>\n<meta property=\"og:type\" content=\"article\" \/>\n<meta property=\"og:title\" content=\"Milla Nova Dinara | Koonings\" \/>\n<meta property=\"og:description\" content=\"Cette robe de mari\u00e9e en tulle est le summum du romantisme. Une robe de mari\u00e9e de r\u00eave, sans bretelles, avec des fleurs en dentelle faites \u00e0 la main. D\u00e9collet\u00e9 en forme de c\u0153ur, dos corset\u00e9 et jupe ample en tulle avec longue tra\u00eene. Venez essayer cette robe romantique dans notre shop-in shop \u00e0 Koonings the Wedding Palace.\" \/>\n<meta property=\"og:url\" content=\"https:\/\/www.koonings.com\/fr\/product\/milla-nova-dinara\/\" \/>\n<meta property=\"og:site_name\" content=\"Koonings\" \/>\n<meta property=\"article:publisher\" content=\"https:\/\/www.facebook.com\/kooningstheweddingpalace\" \/>\n<meta property=\"og:image\" content=\"https:\/\/www.koonings.com\/wp-content\/uploads\/2024\/11\/39480_82de6fa474d2e8ad231db0052da2f26b0dabf30ccf1d36ccd8e0c22e68790e65c73c1e93.jpeg\" \/>\n\t<meta property=\"og:image:width\" content=\"1147\" \/>\n\t<meta property=\"og:image:height\" content=\"1620\" \/>\n\t<meta property=\"og:image:type\" content=\"image\/jpeg\" \/>\n<meta name=\"twitter:card\" content=\"summary_large_image\" \/>\n<script type=\"application\/ld+json\" class=\"yoast-schema-graph\">{\"@context\":\"https:\\\/\\\/schema.org\",\"@graph\":[{\"@type\":\"WebPage\",\"@id\":\"https:\\\/\\\/www.koonings.com\\\/fr\\\/product\\\/milla-nova-dinara\\\/\",\"url\":\"https:\\\/\\\/www.koonings.com\\\/fr\\\/product\\\/milla-nova-dinara\\\/\",\"name\":\"Milla Nova Dinara | Koonings\",\"isPartOf\":{\"@id\":\"https:\\\/\\\/www.koonings.com\\\/fr\\\/#website\"},\"primaryImageOfPage\":{\"@id\":\"https:\\\/\\\/www.koonings.com\\\/fr\\\/product\\\/milla-nova-dinara\\\/#primaryimage\"},\"image\":{\"@id\":\"https:\\\/\\\/www.koonings.com\\\/fr\\\/product\\\/milla-nova-dinara\\\/#primaryimage\"},\"thumbnailUrl\":\"https:\\\/\\\/www.koonings.com\\\/wp-content\\\/uploads\\\/2024\\\/11\\\/39480_82de6fa474d2e8ad231db0052da2f26b0dabf30ccf1d36ccd8e0c22e68790e65c73c1e93.jpeg\",\"datePublished\":\"2026-05-06T13:14:15+00:00\",\"description\":\"Cette robe de mari\u00e9e en tulle est le summum du romantisme. Une robe de mari\u00e9e de r\u00eave, sans bretelles, avec des fleurs en dentelle faites \u00e0 la main. D\u00e9collet\u00e9 en forme de c\u0153ur, dos corset\u00e9 et jupe ample en tulle avec longue tra\u00eene. Venez essayer cette robe romantique dans notre shop-in shop \u00e0 Koonings the Wedding Palace.\",\"breadcrumb\":{\"@id\":\"https:\\\/\\\/www.koonings.com\\\/fr\\\/product\\\/milla-nova-dinara\\\/#breadcrumb\"},\"inLanguage\":\"fr-FR\",\"potentialAction\":[{\"@type\":\"ReadAction\",\"target\":[\"https:\\\/\\\/www.koonings.com\\\/fr\\\/product\\\/milla-nova-dinara\\\/\"]}]},{\"@type\":\"ImageObject\",\"inLanguage\":\"fr-FR\",\"@id\":\"https:\\\/\\\/www.koonings.com\\\/fr\\\/product\\\/milla-nova-dinara\\\/#primaryimage\",\"url\":\"https:\\\/\\\/www.koonings.com\\\/wp-content\\\/uploads\\\/2024\\\/11\\\/39480_82de6fa474d2e8ad231db0052da2f26b0dabf30ccf1d36ccd8e0c22e68790e65c73c1e93.jpeg\",\"contentUrl\":\"https:\\\/\\\/www.koonings.com\\\/wp-content\\\/uploads\\\/2024\\\/11\\\/39480_82de6fa474d2e8ad231db0052da2f26b0dabf30ccf1d36ccd8e0c22e68790e65c73c1e93.jpeg\",\"width\":1147,\"height\":1620},{\"@type\":\"BreadcrumbList\",\"@id\":\"https:\\\/\\\/www.koonings.com\\\/fr\\\/product\\\/milla-nova-dinara\\\/#breadcrumb\",\"itemListElement\":[{\"@type\":\"ListItem\",\"position\":1,\"name\":\"Home\",\"item\":\"https:\\\/\\\/www.koonings.com\\\/fr\\\/\"},{\"@type\":\"ListItem\",\"position\":2,\"name\":\"Milla Nova Dinara\"}]},{\"@type\":\"WebSite\",\"@id\":\"https:\\\/\\\/www.koonings.com\\\/fr\\\/#website\",\"url\":\"https:\\\/\\\/www.koonings.com\\\/fr\\\/\",\"name\":\"Koonings\",\"description\":\"De grootste bruidsmodewinkel ter wereld\",\"publisher\":{\"@id\":\"https:\\\/\\\/www.koonings.com\\\/fr\\\/#organization\"},\"potentialAction\":[{\"@type\":\"SearchAction\",\"target\":{\"@type\":\"EntryPoint\",\"urlTemplate\":\"https:\\\/\\\/www.koonings.com\\\/fr\\\/?s={search_term_string}\"},\"query-input\":{\"@type\":\"PropertyValueSpecification\",\"valueRequired\":true,\"valueName\":\"search_term_string\"}}],\"inLanguage\":\"fr-FR\"},{\"@type\":\"Organization\",\"@id\":\"https:\\\/\\\/www.koonings.com\\\/fr\\\/#organization\",\"name\":\"Koonings\",\"url\":\"https:\\\/\\\/www.koonings.com\\\/fr\\\/\",\"logo\":{\"@type\":\"ImageObject\",\"inLanguage\":\"fr-FR\",\"@id\":\"https:\\\/\\\/www.koonings.com\\\/fr\\\/#\\\/schema\\\/logo\\\/image\\\/\",\"url\":\"https:\\\/\\\/www.koonings.com\\\/wp-content\\\/uploads\\\/2024\\\/07\\\/logo.png\",\"contentUrl\":\"https:\\\/\\\/www.koonings.com\\\/wp-content\\\/uploads\\\/2024\\\/07\\\/logo.png\",\"width\":600,\"height\":428,\"caption\":\"Koonings\"},\"image\":{\"@id\":\"https:\\\/\\\/www.koonings.com\\\/fr\\\/#\\\/schema\\\/logo\\\/image\\\/\"},\"sameAs\":[\"https:\\\/\\\/www.facebook.com\\\/kooningstheweddingpalace\",\"https:\\\/\\\/www.instagram.com\\\/kooningstheweddingpalace\",\"https:\\\/\\\/www.pinterest.com\\\/koonings\",\"https:\\\/\\\/www.youtube.com\\\/kooningstheweddingpalace\"]}]}<\/script>\n<!-- \/ Yoast SEO plugin. -->","yoast_head_json":{"title":"Milla Nova Dinara | Koonings","description":"Cette robe de mari\u00e9e en tulle est le summum du romantisme. Une robe de mari\u00e9e de r\u00eave, sans bretelles, avec des fleurs en dentelle faites \u00e0 la main. D\u00e9collet\u00e9 en forme de c\u0153ur, dos corset\u00e9 et jupe ample en tulle avec longue tra\u00eene. Venez essayer cette robe romantique dans notre shop-in shop \u00e0 Koonings the Wedding Palace.","robots":{"index":"index","follow":"follow","max-snippet":"max-snippet:-1","max-image-preview":"max-image-preview:large","max-video-preview":"max-video-preview:-1"},"canonical":"https:\/\/www.koonings.com\/fr\/product\/milla-nova-dinara\/","og_locale":"fr_FR","og_type":"article","og_title":"Milla Nova Dinara | Koonings","og_description":"Cette robe de mari\u00e9e en tulle est le summum du romantisme. Une robe de mari\u00e9e de r\u00eave, sans bretelles, avec des fleurs en dentelle faites \u00e0 la main. D\u00e9collet\u00e9 en forme de c\u0153ur, dos corset\u00e9 et jupe ample en tulle avec longue tra\u00eene. Venez essayer cette robe romantique dans notre shop-in shop \u00e0 Koonings the Wedding Palace.","og_url":"https:\/\/www.koonings.com\/fr\/product\/milla-nova-dinara\/","og_site_name":"Koonings","article_publisher":"https:\/\/www.facebook.com\/kooningstheweddingpalace","og_image":[{"width":1147,"height":1620,"url":"https:\/\/www.koonings.com\/wp-content\/uploads\/2024\/11\/39480_82de6fa474d2e8ad231db0052da2f26b0dabf30ccf1d36ccd8e0c22e68790e65c73c1e93.jpeg","type":"image\/jpeg"}],"twitter_card":"summary_large_image","schema":{"@context":"https:\/\/schema.org","@graph":[{"@type":"WebPage","@id":"https:\/\/www.koonings.com\/fr\/product\/milla-nova-dinara\/","url":"https:\/\/www.koonings.com\/fr\/product\/milla-nova-dinara\/","name":"Milla Nova Dinara | Koonings","isPartOf":{"@id":"https:\/\/www.koonings.com\/fr\/#website"},"primaryImageOfPage":{"@id":"https:\/\/www.koonings.com\/fr\/product\/milla-nova-dinara\/#primaryimage"},"image":{"@id":"https:\/\/www.koonings.com\/fr\/product\/milla-nova-dinara\/#primaryimage"},"thumbnailUrl":"https:\/\/www.koonings.com\/wp-content\/uploads\/2024\/11\/39480_82de6fa474d2e8ad231db0052da2f26b0dabf30ccf1d36ccd8e0c22e68790e65c73c1e93.jpeg","datePublished":"2026-05-06T13:14:15+00:00","description":"Cette robe de mari\u00e9e en tulle est le summum du romantisme. Une robe de mari\u00e9e de r\u00eave, sans bretelles, avec des fleurs en dentelle faites \u00e0 la main. D\u00e9collet\u00e9 en forme de c\u0153ur, dos corset\u00e9 et jupe ample en tulle avec longue tra\u00eene. Venez essayer cette robe romantique dans notre shop-in shop \u00e0 Koonings the Wedding Palace.","breadcrumb":{"@id":"https:\/\/www.koonings.com\/fr\/product\/milla-nova-dinara\/#breadcrumb"},"inLanguage":"fr-FR","potentialAction":[{"@type":"ReadAction","target":["https:\/\/www.koonings.com\/fr\/product\/milla-nova-dinara\/"]}]},{"@type":"ImageObject","inLanguage":"fr-FR","@id":"https:\/\/www.koonings.com\/fr\/product\/milla-nova-dinara\/#primaryimage","url":"https:\/\/www.koonings.com\/wp-content\/uploads\/2024\/11\/39480_82de6fa474d2e8ad231db0052da2f26b0dabf30ccf1d36ccd8e0c22e68790e65c73c1e93.jpeg","contentUrl":"https:\/\/www.koonings.com\/wp-content\/uploads\/2024\/11\/39480_82de6fa474d2e8ad231db0052da2f26b0dabf30ccf1d36ccd8e0c22e68790e65c73c1e93.jpeg","width":1147,"height":1620},{"@type":"BreadcrumbList","@id":"https:\/\/www.koonings.com\/fr\/product\/milla-nova-dinara\/#breadcrumb","itemListElement":[{"@type":"ListItem","position":1,"name":"Home","item":"https:\/\/www.koonings.com\/fr\/"},{"@type":"ListItem","position":2,"name":"Milla Nova Dinara"}]},{"@type":"WebSite","@id":"https:\/\/www.koonings.com\/fr\/#website","url":"https:\/\/www.koonings.com\/fr\/","name":"Koonings","description":"De grootste bruidsmodewinkel ter wereld","publisher":{"@id":"https:\/\/www.koonings.com\/fr\/#organization"},"potentialAction":[{"@type":"SearchAction","target":{"@type":"EntryPoint","urlTemplate":"https:\/\/www.koonings.com\/fr\/?s={search_term_string}"},"query-input":{"@type":"PropertyValueSpecification","valueRequired":true,"valueName":"search_term_string"}}],"inLanguage":"fr-FR"},{"@type":"Organization","@id":"https:\/\/www.koonings.com\/fr\/#organization","name":"Koonings","url":"https:\/\/www.koonings.com\/fr\/","logo":{"@type":"ImageObject","inLanguage":"fr-FR","@id":"https:\/\/www.koonings.com\/fr\/#\/schema\/logo\/image\/","url":"https:\/\/www.koonings.com\/wp-content\/uploads\/2024\/07\/logo.png","contentUrl":"https:\/\/www.koonings.com\/wp-content\/uploads\/2024\/07\/logo.png","width":600,"height":428,"caption":"Koonings"},"image":{"@id":"https:\/\/www.koonings.com\/fr\/#\/schema\/logo\/image\/"},"sameAs":["https:\/\/www.facebook.com\/kooningstheweddingpalace","https:\/\/www.instagram.com\/kooningstheweddingpalace","https:\/\/www.pinterest.com\/koonings","https:\/\/www.youtube.com\/kooningstheweddingpalace"]}]}},"_links":{"self":[{"href":"https:\/\/www.koonings.com\/fr\/wp-json\/wp\/v2\/product\/79761","targetHints":{"allow":["GET"]}}],"collection":[{"href":"https:\/\/www.koonings.com\/fr\/wp-json\/wp\/v2\/product"}],"about":[{"href":"https:\/\/www.koonings.com\/fr\/wp-json\/wp\/v2\/types\/product"}],"wp:featuredmedia":[{"embeddable":true,"href":"https:\/\/www.koonings.com\/fr\/wp-json\/wp\/v2\/media\/71527"}],"wp:attachment":[{"href":"https:\/\/www.koonings.com\/fr\/wp-json\/wp\/v2\/media?parent=79761"}],"wp:term":[{"taxonomy":"productdetails","embeddable":true,"href":"https:\/\/www.koonings.com\/fr\/wp-json\/wp\/v2\/productdetails?post=79761"},{"taxonomy":"productneck","embeddable":true,"href":"https:\/\/www.koonings.com\/fr\/wp-json\/wp\/v2\/productneck?post=79761"},{"taxonomy":"productcolor","embeddable":true,"href":"https:\/\/www.koonings.com\/fr\/wp-json\/wp\/v2\/productcolor?post=79761"},{"taxonomy":"maat","embeddable":true,"href":"https:\/\/www.koonings.com\/fr\/wp-json\/wp\/v2\/maat?post=79761"},{"taxonomy":"productsupplier","embeddable":true,"href":"https:\/\/www.koonings.com\/fr\/wp-json\/wp\/v2\/productsupplier?post=79761"},{"taxonomy":"productsleeve","embeddable":true,"href":"https:\/\/www.koonings.com\/fr\/wp-json\/wp\/v2\/productsleeve?post=79761"},{"taxonomy":"productcategory","embeddable":true,"href":"https:\/\/www.koonings.com\/fr\/wp-json\/wp\/v2\/productcategory?post=79761"},{"taxonomy":"productsilhouette","embeddable":true,"href":"https:\/\/www.koonings.com\/fr\/wp-json\/wp\/v2\/productsilhouette?post=79761"},{"taxonomy":"productstyle","embeddable":true,"href":"https:\/\/www.koonings.com\/fr\/wp-json\/wp\/v2\/productstyle?post=79761"}],"curies":[{"name":"wp","href":"https:\/\/api.w.org\/{rel}","templated":true}]}}