{"id":79758,"date":"2026-05-06T15:14:19","date_gmt":"2026-05-06T13:14:19","guid":{"rendered":"https:\/\/www.koonings.com\/product\/milla-nova-abri-skirt\/"},"modified":"2025-06-05T13:44:59","modified_gmt":"2025-06-05T11:44:59","slug":"milla-nova-abri-skirt","status":"publish","type":"product","link":"https:\/\/www.koonings.com\/fr\/product\/milla-nova-abri-skirt\/","title":{"rendered":"Milla Nova Abri + skirt"},"content":{"rendered":"<p>Robe transformable 2-en-1 en tulle ivoire avec manches longues, dos ouvert, d\u00e9collet\u00e9 profond et appliqu\u00e9 de dentelle florale. Disponible en silhouette de sir\u00e8ne ou de princesse. Vous pouvez acheter une sir\u00e8ne et vous transformer en princesse gr\u00e2ce \u00e0 la jupe duveteuse amovible.  <\/p>\n","protected":false},"featured_media":71549,"template":"","meta":{"_acf_changed":false,"ghostkit_customizer_options":"","ghostkit_custom_css":"","ghostkit_custom_js_head":"","ghostkit_custom_js_foot":"","ghostkit_typography":""},"productdetails":[379],"productneck":[356],"productcolor":[392],"maat":[],"productsupplier":[446],"productsleeve":[362],"productcategory":[18],"productsilhouette":[388],"productstyle":[367,372],"class_list":["post-79758","product","type-product","status-publish","has-post-thumbnail","hentry","productdetails-379","productneck-356","productcolor-392","productsupplier-milla-nova","productsleeve-362","productcategory-trouwjurken","productsilhouette-388","productstyle-367","productstyle-372"],"acf":[],"yoast_head":"<!-- This site is optimized with the Yoast SEO plugin v27.3 - https:\/\/yoast.com\/product\/yoast-seo-wordpress\/ -->\n<title>Milla Nova Abri + skirt | Koonings<\/title>\n<meta name=\"description\" content=\"Robe transformable 2-en-1 en tulle ivoire avec manches longues, dos ouvert, d\u00e9collet\u00e9 profond et appliqu\u00e9 de dentelle florale. Disponible en silhouette de sir\u00e8ne ou de princesse. Vous pouvez acheter une sir\u00e8ne et vous transformer en princesse gr\u00e2ce \u00e0 la jupe duveteuse amovible.\" \/>\n<meta name=\"robots\" content=\"index, follow, max-snippet:-1, max-image-preview:large, max-video-preview:-1\" \/>\n<link rel=\"canonical\" href=\"https:\/\/www.koonings.com\/fr\/product\/milla-nova-abri-skirt\/\" \/>\n<meta property=\"og:locale\" content=\"fr_FR\" \/>\n<meta property=\"og:type\" content=\"article\" \/>\n<meta property=\"og:title\" content=\"Milla Nova Abri + skirt | Koonings\" \/>\n<meta property=\"og:description\" content=\"Robe transformable 2-en-1 en tulle ivoire avec manches longues, dos ouvert, d\u00e9collet\u00e9 profond et appliqu\u00e9 de dentelle florale. Disponible en silhouette de sir\u00e8ne ou de princesse. Vous pouvez acheter une sir\u00e8ne et vous transformer en princesse gr\u00e2ce \u00e0 la jupe duveteuse amovible.\" \/>\n<meta property=\"og:url\" content=\"https:\/\/www.koonings.com\/fr\/product\/milla-nova-abri-skirt\/\" \/>\n<meta property=\"og:site_name\" content=\"Koonings\" \/>\n<meta property=\"article:publisher\" content=\"https:\/\/www.facebook.com\/kooningstheweddingpalace\" \/>\n<meta property=\"og:image\" content=\"https:\/\/www.koonings.com\/wp-content\/uploads\/2024\/11\/39507_4e9598d3102768fc24bc65972c51be6b99c51451bfd2f614e6f7bdf4ecdabd21518cbcd1.jpeg\" \/>\n\t<meta property=\"og:image:width\" content=\"1105\" \/>\n\t<meta property=\"og:image:height\" content=\"1563\" \/>\n\t<meta property=\"og:image:type\" content=\"image\/jpeg\" \/>\n<meta name=\"twitter:card\" content=\"summary_large_image\" \/>\n<script type=\"application\/ld+json\" class=\"yoast-schema-graph\">{\"@context\":\"https:\\\/\\\/schema.org\",\"@graph\":[{\"@type\":\"WebPage\",\"@id\":\"https:\\\/\\\/www.koonings.com\\\/fr\\\/product\\\/milla-nova-abri-skirt\\\/\",\"url\":\"https:\\\/\\\/www.koonings.com\\\/fr\\\/product\\\/milla-nova-abri-skirt\\\/\",\"name\":\"Milla Nova Abri + skirt | Koonings\",\"isPartOf\":{\"@id\":\"https:\\\/\\\/www.koonings.com\\\/fr\\\/#website\"},\"primaryImageOfPage\":{\"@id\":\"https:\\\/\\\/www.koonings.com\\\/fr\\\/product\\\/milla-nova-abri-skirt\\\/#primaryimage\"},\"image\":{\"@id\":\"https:\\\/\\\/www.koonings.com\\\/fr\\\/product\\\/milla-nova-abri-skirt\\\/#primaryimage\"},\"thumbnailUrl\":\"https:\\\/\\\/www.koonings.com\\\/wp-content\\\/uploads\\\/2024\\\/11\\\/39507_4e9598d3102768fc24bc65972c51be6b99c51451bfd2f614e6f7bdf4ecdabd21518cbcd1.jpeg\",\"datePublished\":\"2026-05-06T13:14:19+00:00\",\"description\":\"Robe transformable 2-en-1 en tulle ivoire avec manches longues, dos ouvert, d\u00e9collet\u00e9 profond et appliqu\u00e9 de dentelle florale. Disponible en silhouette de sir\u00e8ne ou de princesse. Vous pouvez acheter une sir\u00e8ne et vous transformer en princesse gr\u00e2ce \u00e0 la jupe duveteuse amovible.\",\"breadcrumb\":{\"@id\":\"https:\\\/\\\/www.koonings.com\\\/fr\\\/product\\\/milla-nova-abri-skirt\\\/#breadcrumb\"},\"inLanguage\":\"fr-FR\",\"potentialAction\":[{\"@type\":\"ReadAction\",\"target\":[\"https:\\\/\\\/www.koonings.com\\\/fr\\\/product\\\/milla-nova-abri-skirt\\\/\"]}]},{\"@type\":\"ImageObject\",\"inLanguage\":\"fr-FR\",\"@id\":\"https:\\\/\\\/www.koonings.com\\\/fr\\\/product\\\/milla-nova-abri-skirt\\\/#primaryimage\",\"url\":\"https:\\\/\\\/www.koonings.com\\\/wp-content\\\/uploads\\\/2024\\\/11\\\/39507_4e9598d3102768fc24bc65972c51be6b99c51451bfd2f614e6f7bdf4ecdabd21518cbcd1.jpeg\",\"contentUrl\":\"https:\\\/\\\/www.koonings.com\\\/wp-content\\\/uploads\\\/2024\\\/11\\\/39507_4e9598d3102768fc24bc65972c51be6b99c51451bfd2f614e6f7bdf4ecdabd21518cbcd1.jpeg\",\"width\":1105,\"height\":1563},{\"@type\":\"BreadcrumbList\",\"@id\":\"https:\\\/\\\/www.koonings.com\\\/fr\\\/product\\\/milla-nova-abri-skirt\\\/#breadcrumb\",\"itemListElement\":[{\"@type\":\"ListItem\",\"position\":1,\"name\":\"Home\",\"item\":\"https:\\\/\\\/www.koonings.com\\\/fr\\\/\"},{\"@type\":\"ListItem\",\"position\":2,\"name\":\"Milla Nova Abri + skirt\"}]},{\"@type\":\"WebSite\",\"@id\":\"https:\\\/\\\/www.koonings.com\\\/fr\\\/#website\",\"url\":\"https:\\\/\\\/www.koonings.com\\\/fr\\\/\",\"name\":\"Koonings\",\"description\":\"De grootste bruidsmodewinkel ter wereld\",\"publisher\":{\"@id\":\"https:\\\/\\\/www.koonings.com\\\/fr\\\/#organization\"},\"potentialAction\":[{\"@type\":\"SearchAction\",\"target\":{\"@type\":\"EntryPoint\",\"urlTemplate\":\"https:\\\/\\\/www.koonings.com\\\/fr\\\/?s={search_term_string}\"},\"query-input\":{\"@type\":\"PropertyValueSpecification\",\"valueRequired\":true,\"valueName\":\"search_term_string\"}}],\"inLanguage\":\"fr-FR\"},{\"@type\":\"Organization\",\"@id\":\"https:\\\/\\\/www.koonings.com\\\/fr\\\/#organization\",\"name\":\"Koonings\",\"url\":\"https:\\\/\\\/www.koonings.com\\\/fr\\\/\",\"logo\":{\"@type\":\"ImageObject\",\"inLanguage\":\"fr-FR\",\"@id\":\"https:\\\/\\\/www.koonings.com\\\/fr\\\/#\\\/schema\\\/logo\\\/image\\\/\",\"url\":\"https:\\\/\\\/www.koonings.com\\\/wp-content\\\/uploads\\\/2024\\\/07\\\/logo.png\",\"contentUrl\":\"https:\\\/\\\/www.koonings.com\\\/wp-content\\\/uploads\\\/2024\\\/07\\\/logo.png\",\"width\":600,\"height\":428,\"caption\":\"Koonings\"},\"image\":{\"@id\":\"https:\\\/\\\/www.koonings.com\\\/fr\\\/#\\\/schema\\\/logo\\\/image\\\/\"},\"sameAs\":[\"https:\\\/\\\/www.facebook.com\\\/kooningstheweddingpalace\",\"https:\\\/\\\/www.instagram.com\\\/kooningstheweddingpalace\",\"https:\\\/\\\/www.pinterest.com\\\/koonings\",\"https:\\\/\\\/www.youtube.com\\\/kooningstheweddingpalace\"]}]}<\/script>\n<!-- \/ Yoast SEO plugin. -->","yoast_head_json":{"title":"Milla Nova Abri + skirt | Koonings","description":"Robe transformable 2-en-1 en tulle ivoire avec manches longues, dos ouvert, d\u00e9collet\u00e9 profond et appliqu\u00e9 de dentelle florale. Disponible en silhouette de sir\u00e8ne ou de princesse. Vous pouvez acheter une sir\u00e8ne et vous transformer en princesse gr\u00e2ce \u00e0 la jupe duveteuse amovible.","robots":{"index":"index","follow":"follow","max-snippet":"max-snippet:-1","max-image-preview":"max-image-preview:large","max-video-preview":"max-video-preview:-1"},"canonical":"https:\/\/www.koonings.com\/fr\/product\/milla-nova-abri-skirt\/","og_locale":"fr_FR","og_type":"article","og_title":"Milla Nova Abri + skirt | Koonings","og_description":"Robe transformable 2-en-1 en tulle ivoire avec manches longues, dos ouvert, d\u00e9collet\u00e9 profond et appliqu\u00e9 de dentelle florale. Disponible en silhouette de sir\u00e8ne ou de princesse. Vous pouvez acheter une sir\u00e8ne et vous transformer en princesse gr\u00e2ce \u00e0 la jupe duveteuse amovible.","og_url":"https:\/\/www.koonings.com\/fr\/product\/milla-nova-abri-skirt\/","og_site_name":"Koonings","article_publisher":"https:\/\/www.facebook.com\/kooningstheweddingpalace","og_image":[{"width":1105,"height":1563,"url":"https:\/\/www.koonings.com\/wp-content\/uploads\/2024\/11\/39507_4e9598d3102768fc24bc65972c51be6b99c51451bfd2f614e6f7bdf4ecdabd21518cbcd1.jpeg","type":"image\/jpeg"}],"twitter_card":"summary_large_image","schema":{"@context":"https:\/\/schema.org","@graph":[{"@type":"WebPage","@id":"https:\/\/www.koonings.com\/fr\/product\/milla-nova-abri-skirt\/","url":"https:\/\/www.koonings.com\/fr\/product\/milla-nova-abri-skirt\/","name":"Milla Nova Abri + skirt | Koonings","isPartOf":{"@id":"https:\/\/www.koonings.com\/fr\/#website"},"primaryImageOfPage":{"@id":"https:\/\/www.koonings.com\/fr\/product\/milla-nova-abri-skirt\/#primaryimage"},"image":{"@id":"https:\/\/www.koonings.com\/fr\/product\/milla-nova-abri-skirt\/#primaryimage"},"thumbnailUrl":"https:\/\/www.koonings.com\/wp-content\/uploads\/2024\/11\/39507_4e9598d3102768fc24bc65972c51be6b99c51451bfd2f614e6f7bdf4ecdabd21518cbcd1.jpeg","datePublished":"2026-05-06T13:14:19+00:00","description":"Robe transformable 2-en-1 en tulle ivoire avec manches longues, dos ouvert, d\u00e9collet\u00e9 profond et appliqu\u00e9 de dentelle florale. Disponible en silhouette de sir\u00e8ne ou de princesse. Vous pouvez acheter une sir\u00e8ne et vous transformer en princesse gr\u00e2ce \u00e0 la jupe duveteuse amovible.","breadcrumb":{"@id":"https:\/\/www.koonings.com\/fr\/product\/milla-nova-abri-skirt\/#breadcrumb"},"inLanguage":"fr-FR","potentialAction":[{"@type":"ReadAction","target":["https:\/\/www.koonings.com\/fr\/product\/milla-nova-abri-skirt\/"]}]},{"@type":"ImageObject","inLanguage":"fr-FR","@id":"https:\/\/www.koonings.com\/fr\/product\/milla-nova-abri-skirt\/#primaryimage","url":"https:\/\/www.koonings.com\/wp-content\/uploads\/2024\/11\/39507_4e9598d3102768fc24bc65972c51be6b99c51451bfd2f614e6f7bdf4ecdabd21518cbcd1.jpeg","contentUrl":"https:\/\/www.koonings.com\/wp-content\/uploads\/2024\/11\/39507_4e9598d3102768fc24bc65972c51be6b99c51451bfd2f614e6f7bdf4ecdabd21518cbcd1.jpeg","width":1105,"height":1563},{"@type":"BreadcrumbList","@id":"https:\/\/www.koonings.com\/fr\/product\/milla-nova-abri-skirt\/#breadcrumb","itemListElement":[{"@type":"ListItem","position":1,"name":"Home","item":"https:\/\/www.koonings.com\/fr\/"},{"@type":"ListItem","position":2,"name":"Milla Nova Abri + skirt"}]},{"@type":"WebSite","@id":"https:\/\/www.koonings.com\/fr\/#website","url":"https:\/\/www.koonings.com\/fr\/","name":"Koonings","description":"De grootste bruidsmodewinkel ter wereld","publisher":{"@id":"https:\/\/www.koonings.com\/fr\/#organization"},"potentialAction":[{"@type":"SearchAction","target":{"@type":"EntryPoint","urlTemplate":"https:\/\/www.koonings.com\/fr\/?s={search_term_string}"},"query-input":{"@type":"PropertyValueSpecification","valueRequired":true,"valueName":"search_term_string"}}],"inLanguage":"fr-FR"},{"@type":"Organization","@id":"https:\/\/www.koonings.com\/fr\/#organization","name":"Koonings","url":"https:\/\/www.koonings.com\/fr\/","logo":{"@type":"ImageObject","inLanguage":"fr-FR","@id":"https:\/\/www.koonings.com\/fr\/#\/schema\/logo\/image\/","url":"https:\/\/www.koonings.com\/wp-content\/uploads\/2024\/07\/logo.png","contentUrl":"https:\/\/www.koonings.com\/wp-content\/uploads\/2024\/07\/logo.png","width":600,"height":428,"caption":"Koonings"},"image":{"@id":"https:\/\/www.koonings.com\/fr\/#\/schema\/logo\/image\/"},"sameAs":["https:\/\/www.facebook.com\/kooningstheweddingpalace","https:\/\/www.instagram.com\/kooningstheweddingpalace","https:\/\/www.pinterest.com\/koonings","https:\/\/www.youtube.com\/kooningstheweddingpalace"]}]}},"_links":{"self":[{"href":"https:\/\/www.koonings.com\/fr\/wp-json\/wp\/v2\/product\/79758","targetHints":{"allow":["GET"]}}],"collection":[{"href":"https:\/\/www.koonings.com\/fr\/wp-json\/wp\/v2\/product"}],"about":[{"href":"https:\/\/www.koonings.com\/fr\/wp-json\/wp\/v2\/types\/product"}],"wp:featuredmedia":[{"embeddable":true,"href":"https:\/\/www.koonings.com\/fr\/wp-json\/wp\/v2\/media\/71549"}],"wp:attachment":[{"href":"https:\/\/www.koonings.com\/fr\/wp-json\/wp\/v2\/media?parent=79758"}],"wp:term":[{"taxonomy":"productdetails","embeddable":true,"href":"https:\/\/www.koonings.com\/fr\/wp-json\/wp\/v2\/productdetails?post=79758"},{"taxonomy":"productneck","embeddable":true,"href":"https:\/\/www.koonings.com\/fr\/wp-json\/wp\/v2\/productneck?post=79758"},{"taxonomy":"productcolor","embeddable":true,"href":"https:\/\/www.koonings.com\/fr\/wp-json\/wp\/v2\/productcolor?post=79758"},{"taxonomy":"maat","embeddable":true,"href":"https:\/\/www.koonings.com\/fr\/wp-json\/wp\/v2\/maat?post=79758"},{"taxonomy":"productsupplier","embeddable":true,"href":"https:\/\/www.koonings.com\/fr\/wp-json\/wp\/v2\/productsupplier?post=79758"},{"taxonomy":"productsleeve","embeddable":true,"href":"https:\/\/www.koonings.com\/fr\/wp-json\/wp\/v2\/productsleeve?post=79758"},{"taxonomy":"productcategory","embeddable":true,"href":"https:\/\/www.koonings.com\/fr\/wp-json\/wp\/v2\/productcategory?post=79758"},{"taxonomy":"productsilhouette","embeddable":true,"href":"https:\/\/www.koonings.com\/fr\/wp-json\/wp\/v2\/productsilhouette?post=79758"},{"taxonomy":"productstyle","embeddable":true,"href":"https:\/\/www.koonings.com\/fr\/wp-json\/wp\/v2\/productstyle?post=79758"}],"curies":[{"name":"wp","href":"https:\/\/api.w.org\/{rel}","templated":true}]}}