{"id":79721,"date":"2026-04-14T16:22:56","date_gmt":"2026-04-14T14:22:56","guid":{"rendered":"https:\/\/www.koonings.com\/product\/milla-nova-myroslava\/"},"modified":"2025-06-05T13:45:24","modified_gmt":"2025-06-05T11:45:24","slug":"milla-nova-myroslava","status":"publish","type":"product","link":"https:\/\/www.koonings.com\/fr\/product\/milla-nova-myroslava\/","title":{"rendered":"Milla Nova Myroslava"},"content":{"rendered":"<p>Cet ensemble deux pi\u00e8ces en satin de mari\u00e9e est modeste et sophistiqu\u00e9. Le haut pr\u00e9sente une \u00e9l\u00e9gante encolure carr\u00e9e avec de d\u00e9licates bretelles, compl\u00e9t\u00e9e par une base corset\u00e9e et une fermeture \u00e0 glissi\u00e8re dans le dos. Des perles subtiles mais complexes, rappelant les accessoires traditionnels ukrainiens, ornent le bas du haut. La jupe, orn\u00e9e de volants \u00e0 la taille, souligne la silhouette et compl\u00e8te ce look chic et intemporel.   <\/p>\n","protected":false},"featured_media":71745,"template":"","meta":{"_acf_changed":false,"ghostkit_customizer_options":"","ghostkit_custom_css":"","ghostkit_custom_js_head":"","ghostkit_custom_js_foot":"","ghostkit_typography":""},"productdetails":[],"productneck":[352],"productcolor":[392],"maat":[],"productsupplier":[446],"productsleeve":[359],"productcategory":[18],"productsilhouette":[391],"productstyle":[364,365],"class_list":["post-79721","product","type-product","status-publish","has-post-thumbnail","hentry","productneck-352","productcolor-392","productsupplier-milla-nova","productsleeve-359","productcategory-trouwjurken","productsilhouette-391","productstyle-364","productstyle-365"],"acf":[],"yoast_head":"<!-- This site is optimized with the Yoast SEO plugin v27.3 - https:\/\/yoast.com\/product\/yoast-seo-wordpress\/ -->\n<title>Milla Nova Myroslava | Koonings<\/title>\n<meta name=\"description\" content=\"Cet ensemble deux pi\u00e8ces en satin de mari\u00e9e est modeste et sophistiqu\u00e9. Le haut pr\u00e9sente une \u00e9l\u00e9gante encolure carr\u00e9e avec de d\u00e9licates bretelles, compl\u00e9t\u00e9e par une base corset\u00e9e et une fermeture \u00e0 glissi\u00e8re dans le dos. Des perles subtiles mais complexes, rappelant les accessoires traditionnels ukrainiens, ornent le bas du haut. La jupe, orn\u00e9e de volants \u00e0 la taille, souligne la silhouette et compl\u00e8te ce look chic et intemporel.\" \/>\n<meta name=\"robots\" content=\"index, follow, max-snippet:-1, max-image-preview:large, max-video-preview:-1\" \/>\n<link rel=\"canonical\" href=\"https:\/\/www.koonings.com\/fr\/product\/milla-nova-myroslava\/\" \/>\n<meta property=\"og:locale\" content=\"fr_FR\" \/>\n<meta property=\"og:type\" content=\"article\" \/>\n<meta property=\"og:title\" content=\"Milla Nova Myroslava | Koonings\" \/>\n<meta property=\"og:description\" content=\"Cet ensemble deux pi\u00e8ces en satin de mari\u00e9e est modeste et sophistiqu\u00e9. Le haut pr\u00e9sente une \u00e9l\u00e9gante encolure carr\u00e9e avec de d\u00e9licates bretelles, compl\u00e9t\u00e9e par une base corset\u00e9e et une fermeture \u00e0 glissi\u00e8re dans le dos. Des perles subtiles mais complexes, rappelant les accessoires traditionnels ukrainiens, ornent le bas du haut. La jupe, orn\u00e9e de volants \u00e0 la taille, souligne la silhouette et compl\u00e8te ce look chic et intemporel.\" \/>\n<meta property=\"og:url\" content=\"https:\/\/www.koonings.com\/fr\/product\/milla-nova-myroslava\/\" \/>\n<meta property=\"og:site_name\" content=\"Koonings\" \/>\n<meta property=\"article:publisher\" content=\"https:\/\/www.facebook.com\/kooningstheweddingpalace\" \/>\n<meta property=\"og:image\" content=\"https:\/\/www.koonings.com\/wp-content\/uploads\/2024\/11\/40796_df183e04f37be66098daa6bde5de3bc7fe2789e18f900da7957861b98405231b59b86714-scaled.jpeg\" \/>\n\t<meta property=\"og:image:width\" content=\"1806\" \/>\n\t<meta property=\"og:image:height\" content=\"2560\" \/>\n\t<meta property=\"og:image:type\" content=\"image\/jpeg\" \/>\n<meta name=\"twitter:card\" content=\"summary_large_image\" \/>\n<script type=\"application\/ld+json\" class=\"yoast-schema-graph\">{\"@context\":\"https:\\\/\\\/schema.org\",\"@graph\":[{\"@type\":\"WebPage\",\"@id\":\"https:\\\/\\\/www.koonings.com\\\/fr\\\/product\\\/milla-nova-myroslava\\\/\",\"url\":\"https:\\\/\\\/www.koonings.com\\\/fr\\\/product\\\/milla-nova-myroslava\\\/\",\"name\":\"Milla Nova Myroslava | Koonings\",\"isPartOf\":{\"@id\":\"https:\\\/\\\/www.koonings.com\\\/fr\\\/#website\"},\"primaryImageOfPage\":{\"@id\":\"https:\\\/\\\/www.koonings.com\\\/fr\\\/product\\\/milla-nova-myroslava\\\/#primaryimage\"},\"image\":{\"@id\":\"https:\\\/\\\/www.koonings.com\\\/fr\\\/product\\\/milla-nova-myroslava\\\/#primaryimage\"},\"thumbnailUrl\":\"https:\\\/\\\/www.koonings.com\\\/wp-content\\\/uploads\\\/2024\\\/11\\\/40796_df183e04f37be66098daa6bde5de3bc7fe2789e18f900da7957861b98405231b59b86714-scaled.jpeg\",\"datePublished\":\"2026-04-14T14:22:56+00:00\",\"description\":\"Cet ensemble deux pi\u00e8ces en satin de mari\u00e9e est modeste et sophistiqu\u00e9. Le haut pr\u00e9sente une \u00e9l\u00e9gante encolure carr\u00e9e avec de d\u00e9licates bretelles, compl\u00e9t\u00e9e par une base corset\u00e9e et une fermeture \u00e0 glissi\u00e8re dans le dos. Des perles subtiles mais complexes, rappelant les accessoires traditionnels ukrainiens, ornent le bas du haut. La jupe, orn\u00e9e de volants \u00e0 la taille, souligne la silhouette et compl\u00e8te ce look chic et intemporel.\",\"breadcrumb\":{\"@id\":\"https:\\\/\\\/www.koonings.com\\\/fr\\\/product\\\/milla-nova-myroslava\\\/#breadcrumb\"},\"inLanguage\":\"fr-FR\",\"potentialAction\":[{\"@type\":\"ReadAction\",\"target\":[\"https:\\\/\\\/www.koonings.com\\\/fr\\\/product\\\/milla-nova-myroslava\\\/\"]}]},{\"@type\":\"ImageObject\",\"inLanguage\":\"fr-FR\",\"@id\":\"https:\\\/\\\/www.koonings.com\\\/fr\\\/product\\\/milla-nova-myroslava\\\/#primaryimage\",\"url\":\"https:\\\/\\\/www.koonings.com\\\/wp-content\\\/uploads\\\/2024\\\/11\\\/40796_df183e04f37be66098daa6bde5de3bc7fe2789e18f900da7957861b98405231b59b86714-scaled.jpeg\",\"contentUrl\":\"https:\\\/\\\/www.koonings.com\\\/wp-content\\\/uploads\\\/2024\\\/11\\\/40796_df183e04f37be66098daa6bde5de3bc7fe2789e18f900da7957861b98405231b59b86714-scaled.jpeg\",\"width\":1806,\"height\":2560},{\"@type\":\"BreadcrumbList\",\"@id\":\"https:\\\/\\\/www.koonings.com\\\/fr\\\/product\\\/milla-nova-myroslava\\\/#breadcrumb\",\"itemListElement\":[{\"@type\":\"ListItem\",\"position\":1,\"name\":\"Home\",\"item\":\"https:\\\/\\\/www.koonings.com\\\/fr\\\/\"},{\"@type\":\"ListItem\",\"position\":2,\"name\":\"Milla Nova Myroslava\"}]},{\"@type\":\"WebSite\",\"@id\":\"https:\\\/\\\/www.koonings.com\\\/fr\\\/#website\",\"url\":\"https:\\\/\\\/www.koonings.com\\\/fr\\\/\",\"name\":\"Koonings\",\"description\":\"De grootste bruidsmodewinkel ter wereld\",\"publisher\":{\"@id\":\"https:\\\/\\\/www.koonings.com\\\/fr\\\/#organization\"},\"potentialAction\":[{\"@type\":\"SearchAction\",\"target\":{\"@type\":\"EntryPoint\",\"urlTemplate\":\"https:\\\/\\\/www.koonings.com\\\/fr\\\/?s={search_term_string}\"},\"query-input\":{\"@type\":\"PropertyValueSpecification\",\"valueRequired\":true,\"valueName\":\"search_term_string\"}}],\"inLanguage\":\"fr-FR\"},{\"@type\":\"Organization\",\"@id\":\"https:\\\/\\\/www.koonings.com\\\/fr\\\/#organization\",\"name\":\"Koonings\",\"url\":\"https:\\\/\\\/www.koonings.com\\\/fr\\\/\",\"logo\":{\"@type\":\"ImageObject\",\"inLanguage\":\"fr-FR\",\"@id\":\"https:\\\/\\\/www.koonings.com\\\/fr\\\/#\\\/schema\\\/logo\\\/image\\\/\",\"url\":\"https:\\\/\\\/www.koonings.com\\\/wp-content\\\/uploads\\\/2024\\\/07\\\/logo.png\",\"contentUrl\":\"https:\\\/\\\/www.koonings.com\\\/wp-content\\\/uploads\\\/2024\\\/07\\\/logo.png\",\"width\":600,\"height\":428,\"caption\":\"Koonings\"},\"image\":{\"@id\":\"https:\\\/\\\/www.koonings.com\\\/fr\\\/#\\\/schema\\\/logo\\\/image\\\/\"},\"sameAs\":[\"https:\\\/\\\/www.facebook.com\\\/kooningstheweddingpalace\",\"https:\\\/\\\/www.instagram.com\\\/kooningstheweddingpalace\",\"https:\\\/\\\/www.pinterest.com\\\/koonings\",\"https:\\\/\\\/www.youtube.com\\\/kooningstheweddingpalace\"]}]}<\/script>\n<!-- \/ Yoast SEO plugin. -->","yoast_head_json":{"title":"Milla Nova Myroslava | Koonings","description":"Cet ensemble deux pi\u00e8ces en satin de mari\u00e9e est modeste et sophistiqu\u00e9. Le haut pr\u00e9sente une \u00e9l\u00e9gante encolure carr\u00e9e avec de d\u00e9licates bretelles, compl\u00e9t\u00e9e par une base corset\u00e9e et une fermeture \u00e0 glissi\u00e8re dans le dos. Des perles subtiles mais complexes, rappelant les accessoires traditionnels ukrainiens, ornent le bas du haut. La jupe, orn\u00e9e de volants \u00e0 la taille, souligne la silhouette et compl\u00e8te ce look chic et intemporel.","robots":{"index":"index","follow":"follow","max-snippet":"max-snippet:-1","max-image-preview":"max-image-preview:large","max-video-preview":"max-video-preview:-1"},"canonical":"https:\/\/www.koonings.com\/fr\/product\/milla-nova-myroslava\/","og_locale":"fr_FR","og_type":"article","og_title":"Milla Nova Myroslava | Koonings","og_description":"Cet ensemble deux pi\u00e8ces en satin de mari\u00e9e est modeste et sophistiqu\u00e9. Le haut pr\u00e9sente une \u00e9l\u00e9gante encolure carr\u00e9e avec de d\u00e9licates bretelles, compl\u00e9t\u00e9e par une base corset\u00e9e et une fermeture \u00e0 glissi\u00e8re dans le dos. Des perles subtiles mais complexes, rappelant les accessoires traditionnels ukrainiens, ornent le bas du haut. La jupe, orn\u00e9e de volants \u00e0 la taille, souligne la silhouette et compl\u00e8te ce look chic et intemporel.","og_url":"https:\/\/www.koonings.com\/fr\/product\/milla-nova-myroslava\/","og_site_name":"Koonings","article_publisher":"https:\/\/www.facebook.com\/kooningstheweddingpalace","og_image":[{"width":1806,"height":2560,"url":"https:\/\/www.koonings.com\/wp-content\/uploads\/2024\/11\/40796_df183e04f37be66098daa6bde5de3bc7fe2789e18f900da7957861b98405231b59b86714-scaled.jpeg","type":"image\/jpeg"}],"twitter_card":"summary_large_image","schema":{"@context":"https:\/\/schema.org","@graph":[{"@type":"WebPage","@id":"https:\/\/www.koonings.com\/fr\/product\/milla-nova-myroslava\/","url":"https:\/\/www.koonings.com\/fr\/product\/milla-nova-myroslava\/","name":"Milla Nova Myroslava | Koonings","isPartOf":{"@id":"https:\/\/www.koonings.com\/fr\/#website"},"primaryImageOfPage":{"@id":"https:\/\/www.koonings.com\/fr\/product\/milla-nova-myroslava\/#primaryimage"},"image":{"@id":"https:\/\/www.koonings.com\/fr\/product\/milla-nova-myroslava\/#primaryimage"},"thumbnailUrl":"https:\/\/www.koonings.com\/wp-content\/uploads\/2024\/11\/40796_df183e04f37be66098daa6bde5de3bc7fe2789e18f900da7957861b98405231b59b86714-scaled.jpeg","datePublished":"2026-04-14T14:22:56+00:00","description":"Cet ensemble deux pi\u00e8ces en satin de mari\u00e9e est modeste et sophistiqu\u00e9. Le haut pr\u00e9sente une \u00e9l\u00e9gante encolure carr\u00e9e avec de d\u00e9licates bretelles, compl\u00e9t\u00e9e par une base corset\u00e9e et une fermeture \u00e0 glissi\u00e8re dans le dos. Des perles subtiles mais complexes, rappelant les accessoires traditionnels ukrainiens, ornent le bas du haut. La jupe, orn\u00e9e de volants \u00e0 la taille, souligne la silhouette et compl\u00e8te ce look chic et intemporel.","breadcrumb":{"@id":"https:\/\/www.koonings.com\/fr\/product\/milla-nova-myroslava\/#breadcrumb"},"inLanguage":"fr-FR","potentialAction":[{"@type":"ReadAction","target":["https:\/\/www.koonings.com\/fr\/product\/milla-nova-myroslava\/"]}]},{"@type":"ImageObject","inLanguage":"fr-FR","@id":"https:\/\/www.koonings.com\/fr\/product\/milla-nova-myroslava\/#primaryimage","url":"https:\/\/www.koonings.com\/wp-content\/uploads\/2024\/11\/40796_df183e04f37be66098daa6bde5de3bc7fe2789e18f900da7957861b98405231b59b86714-scaled.jpeg","contentUrl":"https:\/\/www.koonings.com\/wp-content\/uploads\/2024\/11\/40796_df183e04f37be66098daa6bde5de3bc7fe2789e18f900da7957861b98405231b59b86714-scaled.jpeg","width":1806,"height":2560},{"@type":"BreadcrumbList","@id":"https:\/\/www.koonings.com\/fr\/product\/milla-nova-myroslava\/#breadcrumb","itemListElement":[{"@type":"ListItem","position":1,"name":"Home","item":"https:\/\/www.koonings.com\/fr\/"},{"@type":"ListItem","position":2,"name":"Milla Nova Myroslava"}]},{"@type":"WebSite","@id":"https:\/\/www.koonings.com\/fr\/#website","url":"https:\/\/www.koonings.com\/fr\/","name":"Koonings","description":"De grootste bruidsmodewinkel ter wereld","publisher":{"@id":"https:\/\/www.koonings.com\/fr\/#organization"},"potentialAction":[{"@type":"SearchAction","target":{"@type":"EntryPoint","urlTemplate":"https:\/\/www.koonings.com\/fr\/?s={search_term_string}"},"query-input":{"@type":"PropertyValueSpecification","valueRequired":true,"valueName":"search_term_string"}}],"inLanguage":"fr-FR"},{"@type":"Organization","@id":"https:\/\/www.koonings.com\/fr\/#organization","name":"Koonings","url":"https:\/\/www.koonings.com\/fr\/","logo":{"@type":"ImageObject","inLanguage":"fr-FR","@id":"https:\/\/www.koonings.com\/fr\/#\/schema\/logo\/image\/","url":"https:\/\/www.koonings.com\/wp-content\/uploads\/2024\/07\/logo.png","contentUrl":"https:\/\/www.koonings.com\/wp-content\/uploads\/2024\/07\/logo.png","width":600,"height":428,"caption":"Koonings"},"image":{"@id":"https:\/\/www.koonings.com\/fr\/#\/schema\/logo\/image\/"},"sameAs":["https:\/\/www.facebook.com\/kooningstheweddingpalace","https:\/\/www.instagram.com\/kooningstheweddingpalace","https:\/\/www.pinterest.com\/koonings","https:\/\/www.youtube.com\/kooningstheweddingpalace"]}]}},"_links":{"self":[{"href":"https:\/\/www.koonings.com\/fr\/wp-json\/wp\/v2\/product\/79721","targetHints":{"allow":["GET"]}}],"collection":[{"href":"https:\/\/www.koonings.com\/fr\/wp-json\/wp\/v2\/product"}],"about":[{"href":"https:\/\/www.koonings.com\/fr\/wp-json\/wp\/v2\/types\/product"}],"wp:featuredmedia":[{"embeddable":true,"href":"https:\/\/www.koonings.com\/fr\/wp-json\/wp\/v2\/media\/71745"}],"wp:attachment":[{"href":"https:\/\/www.koonings.com\/fr\/wp-json\/wp\/v2\/media?parent=79721"}],"wp:term":[{"taxonomy":"productdetails","embeddable":true,"href":"https:\/\/www.koonings.com\/fr\/wp-json\/wp\/v2\/productdetails?post=79721"},{"taxonomy":"productneck","embeddable":true,"href":"https:\/\/www.koonings.com\/fr\/wp-json\/wp\/v2\/productneck?post=79721"},{"taxonomy":"productcolor","embeddable":true,"href":"https:\/\/www.koonings.com\/fr\/wp-json\/wp\/v2\/productcolor?post=79721"},{"taxonomy":"maat","embeddable":true,"href":"https:\/\/www.koonings.com\/fr\/wp-json\/wp\/v2\/maat?post=79721"},{"taxonomy":"productsupplier","embeddable":true,"href":"https:\/\/www.koonings.com\/fr\/wp-json\/wp\/v2\/productsupplier?post=79721"},{"taxonomy":"productsleeve","embeddable":true,"href":"https:\/\/www.koonings.com\/fr\/wp-json\/wp\/v2\/productsleeve?post=79721"},{"taxonomy":"productcategory","embeddable":true,"href":"https:\/\/www.koonings.com\/fr\/wp-json\/wp\/v2\/productcategory?post=79721"},{"taxonomy":"productsilhouette","embeddable":true,"href":"https:\/\/www.koonings.com\/fr\/wp-json\/wp\/v2\/productsilhouette?post=79721"},{"taxonomy":"productstyle","embeddable":true,"href":"https:\/\/www.koonings.com\/fr\/wp-json\/wp\/v2\/productstyle?post=79721"}],"curies":[{"name":"wp","href":"https:\/\/api.w.org\/{rel}","templated":true}]}}