{"id":79711,"date":"2026-05-06T15:22:29","date_gmt":"2026-05-06T13:22:29","guid":{"rendered":"https:\/\/www.koonings.com\/product\/milla-nova-mona\/"},"modified":"2026-02-16T14:53:05","modified_gmt":"2026-02-16T13:53:05","slug":"milla-nova-mona","status":"publish","type":"product","link":"https:\/\/www.koonings.com\/fr\/product\/milla-nova-mona\/","title":{"rendered":"Milla Nova Mona"},"content":{"rendered":"<p>Magnifique robe de mari\u00e9e bustier en tulle pliss\u00e9 \u00e0 la main. Elle se compose d&#8217;un corset g\u00e9om\u00e9trique avec os, d&#8217;une fermeture \u00e9clair transparente au dos et d&#8217;une jupe de tulle a\u00e9rienne avec une tra\u00eene midi. Le look est compl\u00e9t\u00e9 par une exceptionnelle cape \u00e0 manches longues d\u00e9cor\u00e9e de perles.  <\/p>\n","protected":false},"featured_media":71791,"template":"","meta":{"_acf_changed":false,"ghostkit_customizer_options":"","ghostkit_custom_css":"","ghostkit_custom_js_head":"","ghostkit_custom_js_foot":"","ghostkit_typography":""},"productdetails":[381],"productneck":[354],"productcolor":[392],"maat":[],"productsupplier":[446],"productsleeve":[357,362],"productcategory":[18],"productsilhouette":[389],"productstyle":[365,366],"class_list":["post-79711","product","type-product","status-publish","has-post-thumbnail","hentry","productdetails-381","productneck-354","productcolor-392","productsupplier-milla-nova","productsleeve-357","productsleeve-362","productcategory-trouwjurken","productsilhouette-389","productstyle-365","productstyle-366"],"acf":[],"yoast_head":"<!-- This site is optimized with the Yoast SEO plugin v27.3 - https:\/\/yoast.com\/product\/yoast-seo-wordpress\/ -->\n<title>Milla Nova Mona | Koonings<\/title>\n<meta name=\"description\" content=\"Magnifique robe de mari\u00e9e bustier en tulle pliss\u00e9 \u00e0 la main. Elle se compose d&#039;un corset g\u00e9om\u00e9trique avec os, d&#039;une fermeture \u00e9clair transparente au dos et d&#039;une jupe de tulle a\u00e9rienne avec une tra\u00eene midi. Le look est compl\u00e9t\u00e9 par une exceptionnelle cape \u00e0 manches longues d\u00e9cor\u00e9e de perles.\" \/>\n<meta name=\"robots\" content=\"index, follow, max-snippet:-1, max-image-preview:large, max-video-preview:-1\" \/>\n<link rel=\"canonical\" href=\"https:\/\/www.koonings.com\/fr\/product\/milla-nova-mona\/\" \/>\n<meta property=\"og:locale\" content=\"fr_FR\" \/>\n<meta property=\"og:type\" content=\"article\" \/>\n<meta property=\"og:title\" content=\"Milla Nova Mona | Koonings\" \/>\n<meta property=\"og:description\" content=\"Magnifique robe de mari\u00e9e bustier en tulle pliss\u00e9 \u00e0 la main. Elle se compose d&#039;un corset g\u00e9om\u00e9trique avec os, d&#039;une fermeture \u00e9clair transparente au dos et d&#039;une jupe de tulle a\u00e9rienne avec une tra\u00eene midi. Le look est compl\u00e9t\u00e9 par une exceptionnelle cape \u00e0 manches longues d\u00e9cor\u00e9e de perles.\" \/>\n<meta property=\"og:url\" content=\"https:\/\/www.koonings.com\/fr\/product\/milla-nova-mona\/\" \/>\n<meta property=\"og:site_name\" content=\"Koonings\" \/>\n<meta property=\"article:publisher\" content=\"https:\/\/www.facebook.com\/kooningstheweddingpalace\" \/>\n<meta property=\"og:image\" content=\"https:\/\/www.koonings.com\/wp-content\/uploads\/2024\/11\/40798_2d9d93b6d8c007f2ba3322f5092a2e45f8a0a4ad483da0024167eb814cdc4e4a75a391c1-scaled.jpeg\" \/>\n\t<meta property=\"og:image:width\" content=\"1809\" \/>\n\t<meta property=\"og:image:height\" content=\"2560\" \/>\n\t<meta property=\"og:image:type\" content=\"image\/jpeg\" \/>\n<meta name=\"twitter:card\" content=\"summary_large_image\" \/>\n<script type=\"application\/ld+json\" class=\"yoast-schema-graph\">{\"@context\":\"https:\\\/\\\/schema.org\",\"@graph\":[{\"@type\":\"WebPage\",\"@id\":\"https:\\\/\\\/www.koonings.com\\\/fr\\\/product\\\/milla-nova-mona\\\/\",\"url\":\"https:\\\/\\\/www.koonings.com\\\/fr\\\/product\\\/milla-nova-mona\\\/\",\"name\":\"Milla Nova Mona | Koonings\",\"isPartOf\":{\"@id\":\"https:\\\/\\\/www.koonings.com\\\/fr\\\/#website\"},\"primaryImageOfPage\":{\"@id\":\"https:\\\/\\\/www.koonings.com\\\/fr\\\/product\\\/milla-nova-mona\\\/#primaryimage\"},\"image\":{\"@id\":\"https:\\\/\\\/www.koonings.com\\\/fr\\\/product\\\/milla-nova-mona\\\/#primaryimage\"},\"thumbnailUrl\":\"https:\\\/\\\/www.koonings.com\\\/wp-content\\\/uploads\\\/2024\\\/11\\\/40798_2d9d93b6d8c007f2ba3322f5092a2e45f8a0a4ad483da0024167eb814cdc4e4a75a391c1-scaled.jpeg\",\"datePublished\":\"2026-05-06T13:22:29+00:00\",\"description\":\"Magnifique robe de mari\u00e9e bustier en tulle pliss\u00e9 \u00e0 la main. Elle se compose d'un corset g\u00e9om\u00e9trique avec os, d'une fermeture \u00e9clair transparente au dos et d'une jupe de tulle a\u00e9rienne avec une tra\u00eene midi. Le look est compl\u00e9t\u00e9 par une exceptionnelle cape \u00e0 manches longues d\u00e9cor\u00e9e de perles.\",\"breadcrumb\":{\"@id\":\"https:\\\/\\\/www.koonings.com\\\/fr\\\/product\\\/milla-nova-mona\\\/#breadcrumb\"},\"inLanguage\":\"fr-FR\",\"potentialAction\":[{\"@type\":\"ReadAction\",\"target\":[\"https:\\\/\\\/www.koonings.com\\\/fr\\\/product\\\/milla-nova-mona\\\/\"]}]},{\"@type\":\"ImageObject\",\"inLanguage\":\"fr-FR\",\"@id\":\"https:\\\/\\\/www.koonings.com\\\/fr\\\/product\\\/milla-nova-mona\\\/#primaryimage\",\"url\":\"https:\\\/\\\/www.koonings.com\\\/wp-content\\\/uploads\\\/2024\\\/11\\\/40798_2d9d93b6d8c007f2ba3322f5092a2e45f8a0a4ad483da0024167eb814cdc4e4a75a391c1-scaled.jpeg\",\"contentUrl\":\"https:\\\/\\\/www.koonings.com\\\/wp-content\\\/uploads\\\/2024\\\/11\\\/40798_2d9d93b6d8c007f2ba3322f5092a2e45f8a0a4ad483da0024167eb814cdc4e4a75a391c1-scaled.jpeg\",\"width\":1809,\"height\":2560},{\"@type\":\"BreadcrumbList\",\"@id\":\"https:\\\/\\\/www.koonings.com\\\/fr\\\/product\\\/milla-nova-mona\\\/#breadcrumb\",\"itemListElement\":[{\"@type\":\"ListItem\",\"position\":1,\"name\":\"Home\",\"item\":\"https:\\\/\\\/www.koonings.com\\\/fr\\\/\"},{\"@type\":\"ListItem\",\"position\":2,\"name\":\"Milla Nova Mona\"}]},{\"@type\":\"WebSite\",\"@id\":\"https:\\\/\\\/www.koonings.com\\\/fr\\\/#website\",\"url\":\"https:\\\/\\\/www.koonings.com\\\/fr\\\/\",\"name\":\"Koonings\",\"description\":\"De grootste bruidsmodewinkel ter wereld\",\"publisher\":{\"@id\":\"https:\\\/\\\/www.koonings.com\\\/fr\\\/#organization\"},\"potentialAction\":[{\"@type\":\"SearchAction\",\"target\":{\"@type\":\"EntryPoint\",\"urlTemplate\":\"https:\\\/\\\/www.koonings.com\\\/fr\\\/?s={search_term_string}\"},\"query-input\":{\"@type\":\"PropertyValueSpecification\",\"valueRequired\":true,\"valueName\":\"search_term_string\"}}],\"inLanguage\":\"fr-FR\"},{\"@type\":\"Organization\",\"@id\":\"https:\\\/\\\/www.koonings.com\\\/fr\\\/#organization\",\"name\":\"Koonings\",\"url\":\"https:\\\/\\\/www.koonings.com\\\/fr\\\/\",\"logo\":{\"@type\":\"ImageObject\",\"inLanguage\":\"fr-FR\",\"@id\":\"https:\\\/\\\/www.koonings.com\\\/fr\\\/#\\\/schema\\\/logo\\\/image\\\/\",\"url\":\"https:\\\/\\\/www.koonings.com\\\/wp-content\\\/uploads\\\/2024\\\/07\\\/logo.png\",\"contentUrl\":\"https:\\\/\\\/www.koonings.com\\\/wp-content\\\/uploads\\\/2024\\\/07\\\/logo.png\",\"width\":600,\"height\":428,\"caption\":\"Koonings\"},\"image\":{\"@id\":\"https:\\\/\\\/www.koonings.com\\\/fr\\\/#\\\/schema\\\/logo\\\/image\\\/\"},\"sameAs\":[\"https:\\\/\\\/www.facebook.com\\\/kooningstheweddingpalace\",\"https:\\\/\\\/www.instagram.com\\\/kooningstheweddingpalace\",\"https:\\\/\\\/www.pinterest.com\\\/koonings\",\"https:\\\/\\\/www.youtube.com\\\/kooningstheweddingpalace\"]}]}<\/script>\n<!-- \/ Yoast SEO plugin. -->","yoast_head_json":{"title":"Milla Nova Mona | Koonings","description":"Magnifique robe de mari\u00e9e bustier en tulle pliss\u00e9 \u00e0 la main. Elle se compose d'un corset g\u00e9om\u00e9trique avec os, d'une fermeture \u00e9clair transparente au dos et d'une jupe de tulle a\u00e9rienne avec une tra\u00eene midi. Le look est compl\u00e9t\u00e9 par une exceptionnelle cape \u00e0 manches longues d\u00e9cor\u00e9e de perles.","robots":{"index":"index","follow":"follow","max-snippet":"max-snippet:-1","max-image-preview":"max-image-preview:large","max-video-preview":"max-video-preview:-1"},"canonical":"https:\/\/www.koonings.com\/fr\/product\/milla-nova-mona\/","og_locale":"fr_FR","og_type":"article","og_title":"Milla Nova Mona | Koonings","og_description":"Magnifique robe de mari\u00e9e bustier en tulle pliss\u00e9 \u00e0 la main. Elle se compose d'un corset g\u00e9om\u00e9trique avec os, d'une fermeture \u00e9clair transparente au dos et d'une jupe de tulle a\u00e9rienne avec une tra\u00eene midi. Le look est compl\u00e9t\u00e9 par une exceptionnelle cape \u00e0 manches longues d\u00e9cor\u00e9e de perles.","og_url":"https:\/\/www.koonings.com\/fr\/product\/milla-nova-mona\/","og_site_name":"Koonings","article_publisher":"https:\/\/www.facebook.com\/kooningstheweddingpalace","og_image":[{"width":1809,"height":2560,"url":"https:\/\/www.koonings.com\/wp-content\/uploads\/2024\/11\/40798_2d9d93b6d8c007f2ba3322f5092a2e45f8a0a4ad483da0024167eb814cdc4e4a75a391c1-scaled.jpeg","type":"image\/jpeg"}],"twitter_card":"summary_large_image","schema":{"@context":"https:\/\/schema.org","@graph":[{"@type":"WebPage","@id":"https:\/\/www.koonings.com\/fr\/product\/milla-nova-mona\/","url":"https:\/\/www.koonings.com\/fr\/product\/milla-nova-mona\/","name":"Milla Nova Mona | Koonings","isPartOf":{"@id":"https:\/\/www.koonings.com\/fr\/#website"},"primaryImageOfPage":{"@id":"https:\/\/www.koonings.com\/fr\/product\/milla-nova-mona\/#primaryimage"},"image":{"@id":"https:\/\/www.koonings.com\/fr\/product\/milla-nova-mona\/#primaryimage"},"thumbnailUrl":"https:\/\/www.koonings.com\/wp-content\/uploads\/2024\/11\/40798_2d9d93b6d8c007f2ba3322f5092a2e45f8a0a4ad483da0024167eb814cdc4e4a75a391c1-scaled.jpeg","datePublished":"2026-05-06T13:22:29+00:00","description":"Magnifique robe de mari\u00e9e bustier en tulle pliss\u00e9 \u00e0 la main. Elle se compose d'un corset g\u00e9om\u00e9trique avec os, d'une fermeture \u00e9clair transparente au dos et d'une jupe de tulle a\u00e9rienne avec une tra\u00eene midi. Le look est compl\u00e9t\u00e9 par une exceptionnelle cape \u00e0 manches longues d\u00e9cor\u00e9e de perles.","breadcrumb":{"@id":"https:\/\/www.koonings.com\/fr\/product\/milla-nova-mona\/#breadcrumb"},"inLanguage":"fr-FR","potentialAction":[{"@type":"ReadAction","target":["https:\/\/www.koonings.com\/fr\/product\/milla-nova-mona\/"]}]},{"@type":"ImageObject","inLanguage":"fr-FR","@id":"https:\/\/www.koonings.com\/fr\/product\/milla-nova-mona\/#primaryimage","url":"https:\/\/www.koonings.com\/wp-content\/uploads\/2024\/11\/40798_2d9d93b6d8c007f2ba3322f5092a2e45f8a0a4ad483da0024167eb814cdc4e4a75a391c1-scaled.jpeg","contentUrl":"https:\/\/www.koonings.com\/wp-content\/uploads\/2024\/11\/40798_2d9d93b6d8c007f2ba3322f5092a2e45f8a0a4ad483da0024167eb814cdc4e4a75a391c1-scaled.jpeg","width":1809,"height":2560},{"@type":"BreadcrumbList","@id":"https:\/\/www.koonings.com\/fr\/product\/milla-nova-mona\/#breadcrumb","itemListElement":[{"@type":"ListItem","position":1,"name":"Home","item":"https:\/\/www.koonings.com\/fr\/"},{"@type":"ListItem","position":2,"name":"Milla Nova Mona"}]},{"@type":"WebSite","@id":"https:\/\/www.koonings.com\/fr\/#website","url":"https:\/\/www.koonings.com\/fr\/","name":"Koonings","description":"De grootste bruidsmodewinkel ter wereld","publisher":{"@id":"https:\/\/www.koonings.com\/fr\/#organization"},"potentialAction":[{"@type":"SearchAction","target":{"@type":"EntryPoint","urlTemplate":"https:\/\/www.koonings.com\/fr\/?s={search_term_string}"},"query-input":{"@type":"PropertyValueSpecification","valueRequired":true,"valueName":"search_term_string"}}],"inLanguage":"fr-FR"},{"@type":"Organization","@id":"https:\/\/www.koonings.com\/fr\/#organization","name":"Koonings","url":"https:\/\/www.koonings.com\/fr\/","logo":{"@type":"ImageObject","inLanguage":"fr-FR","@id":"https:\/\/www.koonings.com\/fr\/#\/schema\/logo\/image\/","url":"https:\/\/www.koonings.com\/wp-content\/uploads\/2024\/07\/logo.png","contentUrl":"https:\/\/www.koonings.com\/wp-content\/uploads\/2024\/07\/logo.png","width":600,"height":428,"caption":"Koonings"},"image":{"@id":"https:\/\/www.koonings.com\/fr\/#\/schema\/logo\/image\/"},"sameAs":["https:\/\/www.facebook.com\/kooningstheweddingpalace","https:\/\/www.instagram.com\/kooningstheweddingpalace","https:\/\/www.pinterest.com\/koonings","https:\/\/www.youtube.com\/kooningstheweddingpalace"]}]}},"_links":{"self":[{"href":"https:\/\/www.koonings.com\/fr\/wp-json\/wp\/v2\/product\/79711","targetHints":{"allow":["GET"]}}],"collection":[{"href":"https:\/\/www.koonings.com\/fr\/wp-json\/wp\/v2\/product"}],"about":[{"href":"https:\/\/www.koonings.com\/fr\/wp-json\/wp\/v2\/types\/product"}],"wp:featuredmedia":[{"embeddable":true,"href":"https:\/\/www.koonings.com\/fr\/wp-json\/wp\/v2\/media\/71791"}],"wp:attachment":[{"href":"https:\/\/www.koonings.com\/fr\/wp-json\/wp\/v2\/media?parent=79711"}],"wp:term":[{"taxonomy":"productdetails","embeddable":true,"href":"https:\/\/www.koonings.com\/fr\/wp-json\/wp\/v2\/productdetails?post=79711"},{"taxonomy":"productneck","embeddable":true,"href":"https:\/\/www.koonings.com\/fr\/wp-json\/wp\/v2\/productneck?post=79711"},{"taxonomy":"productcolor","embeddable":true,"href":"https:\/\/www.koonings.com\/fr\/wp-json\/wp\/v2\/productcolor?post=79711"},{"taxonomy":"maat","embeddable":true,"href":"https:\/\/www.koonings.com\/fr\/wp-json\/wp\/v2\/maat?post=79711"},{"taxonomy":"productsupplier","embeddable":true,"href":"https:\/\/www.koonings.com\/fr\/wp-json\/wp\/v2\/productsupplier?post=79711"},{"taxonomy":"productsleeve","embeddable":true,"href":"https:\/\/www.koonings.com\/fr\/wp-json\/wp\/v2\/productsleeve?post=79711"},{"taxonomy":"productcategory","embeddable":true,"href":"https:\/\/www.koonings.com\/fr\/wp-json\/wp\/v2\/productcategory?post=79711"},{"taxonomy":"productsilhouette","embeddable":true,"href":"https:\/\/www.koonings.com\/fr\/wp-json\/wp\/v2\/productsilhouette?post=79711"},{"taxonomy":"productstyle","embeddable":true,"href":"https:\/\/www.koonings.com\/fr\/wp-json\/wp\/v2\/productstyle?post=79711"}],"curies":[{"name":"wp","href":"https:\/\/api.w.org\/{rel}","templated":true}]}}