{"id":79709,"date":"2026-04-14T16:24:13","date_gmt":"2026-04-14T14:24:13","guid":{"rendered":"https:\/\/www.koonings.com\/product\/milla-nova-catalina\/"},"modified":"2025-06-05T13:45:31","modified_gmt":"2025-06-05T11:45:31","slug":"milla-nova-catalina","status":"publish","type":"product","link":"https:\/\/www.koonings.com\/fr\/product\/milla-nova-catalina\/","title":{"rendered":"Milla Nova Catalina"},"content":{"rendered":"<p>Robe de mari\u00e9e brillante \u00e0 la silhouette trompette, orn\u00e9e de grosses paillettes et de perles.<br \/>\nElle est dot\u00e9e d&#8217;un d\u00e9collet\u00e9 en forme de c\u0153ur avec bonnets int\u00e9gr\u00e9s sur de larges bretelles, d&#8217;un corset d\u00e9soss\u00e9, d&#8217;une fermeture \u00e9clair au niveau du dos en V ouvert et d&#8217;une courte tra\u00eene. Elle peut \u00eatre combin\u00e9e avec un bol\u00e9ro \u00e0 manches longues assorti, d\u00e9cor\u00e9 d&#8217;un ornement assorti de paillettes et de perles, ainsi que de plumes d&#8217;autruche.<br \/>\nBol\u00e9ro \u00e0 manches longues accrocheur, d\u00e9cor\u00e9 \u00e0 la main de perles, de paillettes et de plumes d&#8217;autruche. Les paillettes et les perles cr\u00e9ent des ornements floraux, tandis que les plumes ajoutent de superbes accents qui rehaussent l&#8217;ensemble.  <\/p>\n","protected":false},"featured_media":71871,"template":"","meta":{"_acf_changed":false,"ghostkit_customizer_options":"","ghostkit_custom_css":"","ghostkit_custom_js_head":"","ghostkit_custom_js_foot":"","ghostkit_typography":""},"productdetails":[377,376],"productneck":[355],"productcolor":[393,392],"maat":[],"productsupplier":[446],"productsleeve":[359],"productcategory":[18],"productsilhouette":[390],"productstyle":[369,366],"class_list":["post-79709","product","type-product","status-publish","has-post-thumbnail","hentry","productdetails-377","productdetails-376","productneck-355","productcolor-393","productcolor-392","productsupplier-milla-nova","productsleeve-359","productcategory-trouwjurken","productsilhouette-390","productstyle-369","productstyle-366"],"acf":[],"yoast_head":"<!-- This site is optimized with the Yoast SEO plugin v27.3 - https:\/\/yoast.com\/product\/yoast-seo-wordpress\/ -->\n<title>Milla Nova Catalina | Koonings<\/title>\n<meta name=\"description\" content=\"Robe de mari\u00e9e brillante \u00e0 la silhouette trompette, orn\u00e9e de grosses paillettes et de perles. Elle est dot\u00e9e d&#039;un d\u00e9collet\u00e9 en forme de c\u0153ur avec bonnets int\u00e9gr\u00e9s sur de larges bretelles, d&#039;un corset d\u00e9soss\u00e9, d&#039;une fermeture \u00e9clair au niveau du dos en V ouvert et d&#039;une courte tra\u00eene. Elle peut \u00eatre combin\u00e9e avec un bol\u00e9ro \u00e0 manches longues assorti, d\u00e9cor\u00e9 d&#039;un ornement assorti de paillettes et de perles, ainsi que de plumes d&#039;autruche. Bol\u00e9ro \u00e0 manches longues accrocheur, d\u00e9cor\u00e9 \u00e0 la main de perles, de paillettes et de plumes d&#039;autruche. Les paillettes et les perles cr\u00e9ent des ornements floraux, tandis que les plumes ajoutent de superbes accents qui rehaussent l&#039;ensemble.\" \/>\n<meta name=\"robots\" content=\"index, follow, max-snippet:-1, max-image-preview:large, max-video-preview:-1\" \/>\n<link rel=\"canonical\" href=\"https:\/\/www.koonings.com\/fr\/product\/milla-nova-catalina\/\" \/>\n<meta property=\"og:locale\" content=\"fr_FR\" \/>\n<meta property=\"og:type\" content=\"article\" \/>\n<meta property=\"og:title\" content=\"Milla Nova Catalina | Koonings\" \/>\n<meta property=\"og:description\" content=\"Robe de mari\u00e9e brillante \u00e0 la silhouette trompette, orn\u00e9e de grosses paillettes et de perles. Elle est dot\u00e9e d&#039;un d\u00e9collet\u00e9 en forme de c\u0153ur avec bonnets int\u00e9gr\u00e9s sur de larges bretelles, d&#039;un corset d\u00e9soss\u00e9, d&#039;une fermeture \u00e9clair au niveau du dos en V ouvert et d&#039;une courte tra\u00eene. Elle peut \u00eatre combin\u00e9e avec un bol\u00e9ro \u00e0 manches longues assorti, d\u00e9cor\u00e9 d&#039;un ornement assorti de paillettes et de perles, ainsi que de plumes d&#039;autruche. Bol\u00e9ro \u00e0 manches longues accrocheur, d\u00e9cor\u00e9 \u00e0 la main de perles, de paillettes et de plumes d&#039;autruche. Les paillettes et les perles cr\u00e9ent des ornements floraux, tandis que les plumes ajoutent de superbes accents qui rehaussent l&#039;ensemble.\" \/>\n<meta property=\"og:url\" content=\"https:\/\/www.koonings.com\/fr\/product\/milla-nova-catalina\/\" \/>\n<meta property=\"og:site_name\" content=\"Koonings\" \/>\n<meta property=\"article:publisher\" content=\"https:\/\/www.facebook.com\/kooningstheweddingpalace\" \/>\n<meta property=\"og:image\" content=\"https:\/\/www.koonings.com\/wp-content\/uploads\/2024\/11\/40844_f7d6ccc5c76ebd99b50d41d5c7e9d3bf3a36e44fc0c6933b8edb1dad9b82874fb4ab4365-scaled.jpeg\" \/>\n\t<meta property=\"og:image:width\" content=\"1743\" \/>\n\t<meta property=\"og:image:height\" content=\"2560\" \/>\n\t<meta property=\"og:image:type\" content=\"image\/jpeg\" \/>\n<meta name=\"twitter:card\" content=\"summary_large_image\" \/>\n<meta name=\"twitter:label1\" content=\"Dur\u00e9e de lecture estim\u00e9e\" \/>\n\t<meta name=\"twitter:data1\" content=\"1 minute\" \/>\n<script type=\"application\/ld+json\" class=\"yoast-schema-graph\">{\"@context\":\"https:\\\/\\\/schema.org\",\"@graph\":[{\"@type\":\"WebPage\",\"@id\":\"https:\\\/\\\/www.koonings.com\\\/fr\\\/product\\\/milla-nova-catalina\\\/\",\"url\":\"https:\\\/\\\/www.koonings.com\\\/fr\\\/product\\\/milla-nova-catalina\\\/\",\"name\":\"Milla Nova Catalina | Koonings\",\"isPartOf\":{\"@id\":\"https:\\\/\\\/www.koonings.com\\\/fr\\\/#website\"},\"primaryImageOfPage\":{\"@id\":\"https:\\\/\\\/www.koonings.com\\\/fr\\\/product\\\/milla-nova-catalina\\\/#primaryimage\"},\"image\":{\"@id\":\"https:\\\/\\\/www.koonings.com\\\/fr\\\/product\\\/milla-nova-catalina\\\/#primaryimage\"},\"thumbnailUrl\":\"https:\\\/\\\/www.koonings.com\\\/wp-content\\\/uploads\\\/2024\\\/11\\\/40844_f7d6ccc5c76ebd99b50d41d5c7e9d3bf3a36e44fc0c6933b8edb1dad9b82874fb4ab4365-scaled.jpeg\",\"datePublished\":\"2026-04-14T14:24:13+00:00\",\"description\":\"Robe de mari\u00e9e brillante \u00e0 la silhouette trompette, orn\u00e9e de grosses paillettes et de perles. Elle est dot\u00e9e d'un d\u00e9collet\u00e9 en forme de c\u0153ur avec bonnets int\u00e9gr\u00e9s sur de larges bretelles, d'un corset d\u00e9soss\u00e9, d'une fermeture \u00e9clair au niveau du dos en V ouvert et d'une courte tra\u00eene. Elle peut \u00eatre combin\u00e9e avec un bol\u00e9ro \u00e0 manches longues assorti, d\u00e9cor\u00e9 d'un ornement assorti de paillettes et de perles, ainsi que de plumes d'autruche. Bol\u00e9ro \u00e0 manches longues accrocheur, d\u00e9cor\u00e9 \u00e0 la main de perles, de paillettes et de plumes d'autruche. Les paillettes et les perles cr\u00e9ent des ornements floraux, tandis que les plumes ajoutent de superbes accents qui rehaussent l'ensemble.\",\"breadcrumb\":{\"@id\":\"https:\\\/\\\/www.koonings.com\\\/fr\\\/product\\\/milla-nova-catalina\\\/#breadcrumb\"},\"inLanguage\":\"fr-FR\",\"potentialAction\":[{\"@type\":\"ReadAction\",\"target\":[\"https:\\\/\\\/www.koonings.com\\\/fr\\\/product\\\/milla-nova-catalina\\\/\"]}]},{\"@type\":\"ImageObject\",\"inLanguage\":\"fr-FR\",\"@id\":\"https:\\\/\\\/www.koonings.com\\\/fr\\\/product\\\/milla-nova-catalina\\\/#primaryimage\",\"url\":\"https:\\\/\\\/www.koonings.com\\\/wp-content\\\/uploads\\\/2024\\\/11\\\/40844_f7d6ccc5c76ebd99b50d41d5c7e9d3bf3a36e44fc0c6933b8edb1dad9b82874fb4ab4365-scaled.jpeg\",\"contentUrl\":\"https:\\\/\\\/www.koonings.com\\\/wp-content\\\/uploads\\\/2024\\\/11\\\/40844_f7d6ccc5c76ebd99b50d41d5c7e9d3bf3a36e44fc0c6933b8edb1dad9b82874fb4ab4365-scaled.jpeg\",\"width\":1743,\"height\":2560},{\"@type\":\"BreadcrumbList\",\"@id\":\"https:\\\/\\\/www.koonings.com\\\/fr\\\/product\\\/milla-nova-catalina\\\/#breadcrumb\",\"itemListElement\":[{\"@type\":\"ListItem\",\"position\":1,\"name\":\"Home\",\"item\":\"https:\\\/\\\/www.koonings.com\\\/fr\\\/\"},{\"@type\":\"ListItem\",\"position\":2,\"name\":\"Milla Nova Catalina\"}]},{\"@type\":\"WebSite\",\"@id\":\"https:\\\/\\\/www.koonings.com\\\/fr\\\/#website\",\"url\":\"https:\\\/\\\/www.koonings.com\\\/fr\\\/\",\"name\":\"Koonings\",\"description\":\"De grootste bruidsmodewinkel ter wereld\",\"publisher\":{\"@id\":\"https:\\\/\\\/www.koonings.com\\\/fr\\\/#organization\"},\"potentialAction\":[{\"@type\":\"SearchAction\",\"target\":{\"@type\":\"EntryPoint\",\"urlTemplate\":\"https:\\\/\\\/www.koonings.com\\\/fr\\\/?s={search_term_string}\"},\"query-input\":{\"@type\":\"PropertyValueSpecification\",\"valueRequired\":true,\"valueName\":\"search_term_string\"}}],\"inLanguage\":\"fr-FR\"},{\"@type\":\"Organization\",\"@id\":\"https:\\\/\\\/www.koonings.com\\\/fr\\\/#organization\",\"name\":\"Koonings\",\"url\":\"https:\\\/\\\/www.koonings.com\\\/fr\\\/\",\"logo\":{\"@type\":\"ImageObject\",\"inLanguage\":\"fr-FR\",\"@id\":\"https:\\\/\\\/www.koonings.com\\\/fr\\\/#\\\/schema\\\/logo\\\/image\\\/\",\"url\":\"https:\\\/\\\/www.koonings.com\\\/wp-content\\\/uploads\\\/2024\\\/07\\\/logo.png\",\"contentUrl\":\"https:\\\/\\\/www.koonings.com\\\/wp-content\\\/uploads\\\/2024\\\/07\\\/logo.png\",\"width\":600,\"height\":428,\"caption\":\"Koonings\"},\"image\":{\"@id\":\"https:\\\/\\\/www.koonings.com\\\/fr\\\/#\\\/schema\\\/logo\\\/image\\\/\"},\"sameAs\":[\"https:\\\/\\\/www.facebook.com\\\/kooningstheweddingpalace\",\"https:\\\/\\\/www.instagram.com\\\/kooningstheweddingpalace\",\"https:\\\/\\\/www.pinterest.com\\\/koonings\",\"https:\\\/\\\/www.youtube.com\\\/kooningstheweddingpalace\"]}]}<\/script>\n<!-- \/ Yoast SEO plugin. -->","yoast_head_json":{"title":"Milla Nova Catalina | Koonings","description":"Robe de mari\u00e9e brillante \u00e0 la silhouette trompette, orn\u00e9e de grosses paillettes et de perles. Elle est dot\u00e9e d'un d\u00e9collet\u00e9 en forme de c\u0153ur avec bonnets int\u00e9gr\u00e9s sur de larges bretelles, d'un corset d\u00e9soss\u00e9, d'une fermeture \u00e9clair au niveau du dos en V ouvert et d'une courte tra\u00eene. Elle peut \u00eatre combin\u00e9e avec un bol\u00e9ro \u00e0 manches longues assorti, d\u00e9cor\u00e9 d'un ornement assorti de paillettes et de perles, ainsi que de plumes d'autruche. Bol\u00e9ro \u00e0 manches longues accrocheur, d\u00e9cor\u00e9 \u00e0 la main de perles, de paillettes et de plumes d'autruche. Les paillettes et les perles cr\u00e9ent des ornements floraux, tandis que les plumes ajoutent de superbes accents qui rehaussent l'ensemble.","robots":{"index":"index","follow":"follow","max-snippet":"max-snippet:-1","max-image-preview":"max-image-preview:large","max-video-preview":"max-video-preview:-1"},"canonical":"https:\/\/www.koonings.com\/fr\/product\/milla-nova-catalina\/","og_locale":"fr_FR","og_type":"article","og_title":"Milla Nova Catalina | Koonings","og_description":"Robe de mari\u00e9e brillante \u00e0 la silhouette trompette, orn\u00e9e de grosses paillettes et de perles. Elle est dot\u00e9e d'un d\u00e9collet\u00e9 en forme de c\u0153ur avec bonnets int\u00e9gr\u00e9s sur de larges bretelles, d'un corset d\u00e9soss\u00e9, d'une fermeture \u00e9clair au niveau du dos en V ouvert et d'une courte tra\u00eene. Elle peut \u00eatre combin\u00e9e avec un bol\u00e9ro \u00e0 manches longues assorti, d\u00e9cor\u00e9 d'un ornement assorti de paillettes et de perles, ainsi que de plumes d'autruche. Bol\u00e9ro \u00e0 manches longues accrocheur, d\u00e9cor\u00e9 \u00e0 la main de perles, de paillettes et de plumes d'autruche. Les paillettes et les perles cr\u00e9ent des ornements floraux, tandis que les plumes ajoutent de superbes accents qui rehaussent l'ensemble.","og_url":"https:\/\/www.koonings.com\/fr\/product\/milla-nova-catalina\/","og_site_name":"Koonings","article_publisher":"https:\/\/www.facebook.com\/kooningstheweddingpalace","og_image":[{"width":1743,"height":2560,"url":"https:\/\/www.koonings.com\/wp-content\/uploads\/2024\/11\/40844_f7d6ccc5c76ebd99b50d41d5c7e9d3bf3a36e44fc0c6933b8edb1dad9b82874fb4ab4365-scaled.jpeg","type":"image\/jpeg"}],"twitter_card":"summary_large_image","twitter_misc":{"Dur\u00e9e de lecture estim\u00e9e":"1 minute"},"schema":{"@context":"https:\/\/schema.org","@graph":[{"@type":"WebPage","@id":"https:\/\/www.koonings.com\/fr\/product\/milla-nova-catalina\/","url":"https:\/\/www.koonings.com\/fr\/product\/milla-nova-catalina\/","name":"Milla Nova Catalina | Koonings","isPartOf":{"@id":"https:\/\/www.koonings.com\/fr\/#website"},"primaryImageOfPage":{"@id":"https:\/\/www.koonings.com\/fr\/product\/milla-nova-catalina\/#primaryimage"},"image":{"@id":"https:\/\/www.koonings.com\/fr\/product\/milla-nova-catalina\/#primaryimage"},"thumbnailUrl":"https:\/\/www.koonings.com\/wp-content\/uploads\/2024\/11\/40844_f7d6ccc5c76ebd99b50d41d5c7e9d3bf3a36e44fc0c6933b8edb1dad9b82874fb4ab4365-scaled.jpeg","datePublished":"2026-04-14T14:24:13+00:00","description":"Robe de mari\u00e9e brillante \u00e0 la silhouette trompette, orn\u00e9e de grosses paillettes et de perles. Elle est dot\u00e9e d'un d\u00e9collet\u00e9 en forme de c\u0153ur avec bonnets int\u00e9gr\u00e9s sur de larges bretelles, d'un corset d\u00e9soss\u00e9, d'une fermeture \u00e9clair au niveau du dos en V ouvert et d'une courte tra\u00eene. Elle peut \u00eatre combin\u00e9e avec un bol\u00e9ro \u00e0 manches longues assorti, d\u00e9cor\u00e9 d'un ornement assorti de paillettes et de perles, ainsi que de plumes d'autruche. Bol\u00e9ro \u00e0 manches longues accrocheur, d\u00e9cor\u00e9 \u00e0 la main de perles, de paillettes et de plumes d'autruche. Les paillettes et les perles cr\u00e9ent des ornements floraux, tandis que les plumes ajoutent de superbes accents qui rehaussent l'ensemble.","breadcrumb":{"@id":"https:\/\/www.koonings.com\/fr\/product\/milla-nova-catalina\/#breadcrumb"},"inLanguage":"fr-FR","potentialAction":[{"@type":"ReadAction","target":["https:\/\/www.koonings.com\/fr\/product\/milla-nova-catalina\/"]}]},{"@type":"ImageObject","inLanguage":"fr-FR","@id":"https:\/\/www.koonings.com\/fr\/product\/milla-nova-catalina\/#primaryimage","url":"https:\/\/www.koonings.com\/wp-content\/uploads\/2024\/11\/40844_f7d6ccc5c76ebd99b50d41d5c7e9d3bf3a36e44fc0c6933b8edb1dad9b82874fb4ab4365-scaled.jpeg","contentUrl":"https:\/\/www.koonings.com\/wp-content\/uploads\/2024\/11\/40844_f7d6ccc5c76ebd99b50d41d5c7e9d3bf3a36e44fc0c6933b8edb1dad9b82874fb4ab4365-scaled.jpeg","width":1743,"height":2560},{"@type":"BreadcrumbList","@id":"https:\/\/www.koonings.com\/fr\/product\/milla-nova-catalina\/#breadcrumb","itemListElement":[{"@type":"ListItem","position":1,"name":"Home","item":"https:\/\/www.koonings.com\/fr\/"},{"@type":"ListItem","position":2,"name":"Milla Nova Catalina"}]},{"@type":"WebSite","@id":"https:\/\/www.koonings.com\/fr\/#website","url":"https:\/\/www.koonings.com\/fr\/","name":"Koonings","description":"De grootste bruidsmodewinkel ter wereld","publisher":{"@id":"https:\/\/www.koonings.com\/fr\/#organization"},"potentialAction":[{"@type":"SearchAction","target":{"@type":"EntryPoint","urlTemplate":"https:\/\/www.koonings.com\/fr\/?s={search_term_string}"},"query-input":{"@type":"PropertyValueSpecification","valueRequired":true,"valueName":"search_term_string"}}],"inLanguage":"fr-FR"},{"@type":"Organization","@id":"https:\/\/www.koonings.com\/fr\/#organization","name":"Koonings","url":"https:\/\/www.koonings.com\/fr\/","logo":{"@type":"ImageObject","inLanguage":"fr-FR","@id":"https:\/\/www.koonings.com\/fr\/#\/schema\/logo\/image\/","url":"https:\/\/www.koonings.com\/wp-content\/uploads\/2024\/07\/logo.png","contentUrl":"https:\/\/www.koonings.com\/wp-content\/uploads\/2024\/07\/logo.png","width":600,"height":428,"caption":"Koonings"},"image":{"@id":"https:\/\/www.koonings.com\/fr\/#\/schema\/logo\/image\/"},"sameAs":["https:\/\/www.facebook.com\/kooningstheweddingpalace","https:\/\/www.instagram.com\/kooningstheweddingpalace","https:\/\/www.pinterest.com\/koonings","https:\/\/www.youtube.com\/kooningstheweddingpalace"]}]}},"_links":{"self":[{"href":"https:\/\/www.koonings.com\/fr\/wp-json\/wp\/v2\/product\/79709","targetHints":{"allow":["GET"]}}],"collection":[{"href":"https:\/\/www.koonings.com\/fr\/wp-json\/wp\/v2\/product"}],"about":[{"href":"https:\/\/www.koonings.com\/fr\/wp-json\/wp\/v2\/types\/product"}],"wp:featuredmedia":[{"embeddable":true,"href":"https:\/\/www.koonings.com\/fr\/wp-json\/wp\/v2\/media\/71871"}],"wp:attachment":[{"href":"https:\/\/www.koonings.com\/fr\/wp-json\/wp\/v2\/media?parent=79709"}],"wp:term":[{"taxonomy":"productdetails","embeddable":true,"href":"https:\/\/www.koonings.com\/fr\/wp-json\/wp\/v2\/productdetails?post=79709"},{"taxonomy":"productneck","embeddable":true,"href":"https:\/\/www.koonings.com\/fr\/wp-json\/wp\/v2\/productneck?post=79709"},{"taxonomy":"productcolor","embeddable":true,"href":"https:\/\/www.koonings.com\/fr\/wp-json\/wp\/v2\/productcolor?post=79709"},{"taxonomy":"maat","embeddable":true,"href":"https:\/\/www.koonings.com\/fr\/wp-json\/wp\/v2\/maat?post=79709"},{"taxonomy":"productsupplier","embeddable":true,"href":"https:\/\/www.koonings.com\/fr\/wp-json\/wp\/v2\/productsupplier?post=79709"},{"taxonomy":"productsleeve","embeddable":true,"href":"https:\/\/www.koonings.com\/fr\/wp-json\/wp\/v2\/productsleeve?post=79709"},{"taxonomy":"productcategory","embeddable":true,"href":"https:\/\/www.koonings.com\/fr\/wp-json\/wp\/v2\/productcategory?post=79709"},{"taxonomy":"productsilhouette","embeddable":true,"href":"https:\/\/www.koonings.com\/fr\/wp-json\/wp\/v2\/productsilhouette?post=79709"},{"taxonomy":"productstyle","embeddable":true,"href":"https:\/\/www.koonings.com\/fr\/wp-json\/wp\/v2\/productstyle?post=79709"}],"curies":[{"name":"wp","href":"https:\/\/api.w.org\/{rel}","templated":true}]}}