{"id":79678,"date":"2026-04-14T16:06:47","date_gmt":"2026-04-14T14:06:47","guid":{"rendered":"https:\/\/www.koonings.com\/product\/enzoani-portrait-athnas\/"},"modified":"2026-02-16T14:53:33","modified_gmt":"2026-02-16T13:53:33","slug":"enzoani-portrait-athnas","status":"publish","type":"product","link":"https:\/\/www.koonings.com\/fr\/product\/enzoani-portrait-athnas\/","title":{"rendered":"Enzoani Portrait Ath\u00e9n\u00e9e"},"content":{"rendered":"<p>Avec un corsage enti\u00e8rement doubl\u00e9 et une construction int\u00e9rieure sup\u00e9rieure pour un soutien suppl\u00e9mentaire, cette beaut\u00e9 pr\u00e9sente \u00e9galement une dentelle baroque florale qui met en valeur la silhouette, l\u00e9g\u00e8rement brod\u00e9e de mini-pailettes qui scintillent subtilement sur de d\u00e9licates couches de Tulle Fran\u00e7ais et de dentelle Chantilly fran\u00e7aise. La dentelle baroque florale se prolonge par une tra\u00eene sculpt\u00e9e spectaculaire pour compl\u00e9ter ce look impressionnant. La robe se termine par de d\u00e9licates manches d\u00e9tachables et drap\u00e9es en tulle fran\u00e7ais.  <\/p>\n","protected":false},"featured_media":72021,"template":"","meta":{"_acf_changed":false,"ghostkit_customizer_options":"","ghostkit_custom_css":"","ghostkit_custom_js_head":"","ghostkit_custom_js_foot":"","ghostkit_typography":""},"productdetails":[376,381],"productneck":[355],"productcolor":[393,392],"maat":[375],"productsupplier":[460],"productsleeve":[363],"productcategory":[18],"productsilhouette":[387],"productstyle":[366],"class_list":["post-79678","product","type-product","status-publish","has-post-thumbnail","hentry","productdetails-376","productdetails-381","productneck-355","productcolor-393","productcolor-392","maat-375","productsupplier-enzoani-portrait","productsleeve-363","productcategory-trouwjurken","productsilhouette-387","productstyle-366"],"acf":[],"yoast_head":"<!-- This site is optimized with the Yoast SEO plugin v27.3 - https:\/\/yoast.com\/product\/yoast-seo-wordpress\/ -->\n<title>Enzoani Portrait Ath\u00e9n\u00e9e | Koonings<\/title>\n<meta name=\"description\" content=\"Avec un corsage enti\u00e8rement doubl\u00e9 et une construction int\u00e9rieure sup\u00e9rieure pour un soutien suppl\u00e9mentaire, cette beaut\u00e9 pr\u00e9sente \u00e9galement une dentelle baroque florale qui met en valeur la silhouette, l\u00e9g\u00e8rement brod\u00e9e de mini-pailettes qui scintillent subtilement sur de d\u00e9licates couches de Tulle Fran\u00e7ais et de dentelle Chantilly fran\u00e7aise. La dentelle baroque florale se prolonge par une tra\u00eene sculpt\u00e9e spectaculaire pour compl\u00e9ter ce look impressionnant. La robe se termine par de d\u00e9licates manches d\u00e9tachables et drap\u00e9es en tulle fran\u00e7ais.\" \/>\n<meta name=\"robots\" content=\"index, follow, max-snippet:-1, max-image-preview:large, max-video-preview:-1\" \/>\n<link rel=\"canonical\" href=\"https:\/\/www.koonings.com\/fr\/product\/enzoani-portrait-athnas\/\" \/>\n<meta property=\"og:locale\" content=\"fr_FR\" \/>\n<meta property=\"og:type\" content=\"article\" \/>\n<meta property=\"og:title\" content=\"Enzoani Portrait Ath\u00e9n\u00e9e | Koonings\" \/>\n<meta property=\"og:description\" content=\"Avec un corsage enti\u00e8rement doubl\u00e9 et une construction int\u00e9rieure sup\u00e9rieure pour un soutien suppl\u00e9mentaire, cette beaut\u00e9 pr\u00e9sente \u00e9galement une dentelle baroque florale qui met en valeur la silhouette, l\u00e9g\u00e8rement brod\u00e9e de mini-pailettes qui scintillent subtilement sur de d\u00e9licates couches de Tulle Fran\u00e7ais et de dentelle Chantilly fran\u00e7aise. La dentelle baroque florale se prolonge par une tra\u00eene sculpt\u00e9e spectaculaire pour compl\u00e9ter ce look impressionnant. La robe se termine par de d\u00e9licates manches d\u00e9tachables et drap\u00e9es en tulle fran\u00e7ais.\" \/>\n<meta property=\"og:url\" content=\"https:\/\/www.koonings.com\/fr\/product\/enzoani-portrait-athnas\/\" \/>\n<meta property=\"og:site_name\" content=\"Koonings\" \/>\n<meta property=\"article:publisher\" content=\"https:\/\/www.facebook.com\/kooningstheweddingpalace\" \/>\n<meta property=\"og:image\" content=\"https:\/\/www.koonings.com\/wp-content\/uploads\/2024\/11\/35624_899fe04981d286ccdcf7cadc06e5b97cfa252828f1389363320e5bf376f7888a888b6937.jpeg\" \/>\n\t<meta property=\"og:image:width\" content=\"1064\" \/>\n\t<meta property=\"og:image:height\" content=\"1418\" \/>\n\t<meta property=\"og:image:type\" content=\"image\/jpeg\" \/>\n<meta name=\"twitter:card\" content=\"summary_large_image\" \/>\n<script type=\"application\/ld+json\" class=\"yoast-schema-graph\">{\"@context\":\"https:\\\/\\\/schema.org\",\"@graph\":[{\"@type\":\"WebPage\",\"@id\":\"https:\\\/\\\/www.koonings.com\\\/fr\\\/product\\\/enzoani-portrait-athnas\\\/\",\"url\":\"https:\\\/\\\/www.koonings.com\\\/fr\\\/product\\\/enzoani-portrait-athnas\\\/\",\"name\":\"Enzoani Portrait Ath\u00e9n\u00e9e | Koonings\",\"isPartOf\":{\"@id\":\"https:\\\/\\\/www.koonings.com\\\/fr\\\/#website\"},\"primaryImageOfPage\":{\"@id\":\"https:\\\/\\\/www.koonings.com\\\/fr\\\/product\\\/enzoani-portrait-athnas\\\/#primaryimage\"},\"image\":{\"@id\":\"https:\\\/\\\/www.koonings.com\\\/fr\\\/product\\\/enzoani-portrait-athnas\\\/#primaryimage\"},\"thumbnailUrl\":\"https:\\\/\\\/www.koonings.com\\\/wp-content\\\/uploads\\\/2024\\\/11\\\/35624_899fe04981d286ccdcf7cadc06e5b97cfa252828f1389363320e5bf376f7888a888b6937.jpeg\",\"datePublished\":\"2026-04-14T14:06:47+00:00\",\"description\":\"Avec un corsage enti\u00e8rement doubl\u00e9 et une construction int\u00e9rieure sup\u00e9rieure pour un soutien suppl\u00e9mentaire, cette beaut\u00e9 pr\u00e9sente \u00e9galement une dentelle baroque florale qui met en valeur la silhouette, l\u00e9g\u00e8rement brod\u00e9e de mini-pailettes qui scintillent subtilement sur de d\u00e9licates couches de Tulle Fran\u00e7ais et de dentelle Chantilly fran\u00e7aise. La dentelle baroque florale se prolonge par une tra\u00eene sculpt\u00e9e spectaculaire pour compl\u00e9ter ce look impressionnant. La robe se termine par de d\u00e9licates manches d\u00e9tachables et drap\u00e9es en tulle fran\u00e7ais.\",\"breadcrumb\":{\"@id\":\"https:\\\/\\\/www.koonings.com\\\/fr\\\/product\\\/enzoani-portrait-athnas\\\/#breadcrumb\"},\"inLanguage\":\"fr-FR\",\"potentialAction\":[{\"@type\":\"ReadAction\",\"target\":[\"https:\\\/\\\/www.koonings.com\\\/fr\\\/product\\\/enzoani-portrait-athnas\\\/\"]}]},{\"@type\":\"ImageObject\",\"inLanguage\":\"fr-FR\",\"@id\":\"https:\\\/\\\/www.koonings.com\\\/fr\\\/product\\\/enzoani-portrait-athnas\\\/#primaryimage\",\"url\":\"https:\\\/\\\/www.koonings.com\\\/wp-content\\\/uploads\\\/2024\\\/11\\\/35624_899fe04981d286ccdcf7cadc06e5b97cfa252828f1389363320e5bf376f7888a888b6937.jpeg\",\"contentUrl\":\"https:\\\/\\\/www.koonings.com\\\/wp-content\\\/uploads\\\/2024\\\/11\\\/35624_899fe04981d286ccdcf7cadc06e5b97cfa252828f1389363320e5bf376f7888a888b6937.jpeg\",\"width\":1064,\"height\":1418},{\"@type\":\"BreadcrumbList\",\"@id\":\"https:\\\/\\\/www.koonings.com\\\/fr\\\/product\\\/enzoani-portrait-athnas\\\/#breadcrumb\",\"itemListElement\":[{\"@type\":\"ListItem\",\"position\":1,\"name\":\"Home\",\"item\":\"https:\\\/\\\/www.koonings.com\\\/fr\\\/\"},{\"@type\":\"ListItem\",\"position\":2,\"name\":\"Enzoani Portrait Ath\u00e9n\u00e9e\"}]},{\"@type\":\"WebSite\",\"@id\":\"https:\\\/\\\/www.koonings.com\\\/fr\\\/#website\",\"url\":\"https:\\\/\\\/www.koonings.com\\\/fr\\\/\",\"name\":\"Koonings\",\"description\":\"De grootste bruidsmodewinkel ter wereld\",\"publisher\":{\"@id\":\"https:\\\/\\\/www.koonings.com\\\/fr\\\/#organization\"},\"potentialAction\":[{\"@type\":\"SearchAction\",\"target\":{\"@type\":\"EntryPoint\",\"urlTemplate\":\"https:\\\/\\\/www.koonings.com\\\/fr\\\/?s={search_term_string}\"},\"query-input\":{\"@type\":\"PropertyValueSpecification\",\"valueRequired\":true,\"valueName\":\"search_term_string\"}}],\"inLanguage\":\"fr-FR\"},{\"@type\":\"Organization\",\"@id\":\"https:\\\/\\\/www.koonings.com\\\/fr\\\/#organization\",\"name\":\"Koonings\",\"url\":\"https:\\\/\\\/www.koonings.com\\\/fr\\\/\",\"logo\":{\"@type\":\"ImageObject\",\"inLanguage\":\"fr-FR\",\"@id\":\"https:\\\/\\\/www.koonings.com\\\/fr\\\/#\\\/schema\\\/logo\\\/image\\\/\",\"url\":\"https:\\\/\\\/www.koonings.com\\\/wp-content\\\/uploads\\\/2024\\\/07\\\/logo.png\",\"contentUrl\":\"https:\\\/\\\/www.koonings.com\\\/wp-content\\\/uploads\\\/2024\\\/07\\\/logo.png\",\"width\":600,\"height\":428,\"caption\":\"Koonings\"},\"image\":{\"@id\":\"https:\\\/\\\/www.koonings.com\\\/fr\\\/#\\\/schema\\\/logo\\\/image\\\/\"},\"sameAs\":[\"https:\\\/\\\/www.facebook.com\\\/kooningstheweddingpalace\",\"https:\\\/\\\/www.instagram.com\\\/kooningstheweddingpalace\",\"https:\\\/\\\/www.pinterest.com\\\/koonings\",\"https:\\\/\\\/www.youtube.com\\\/kooningstheweddingpalace\"]}]}<\/script>\n<!-- \/ Yoast SEO plugin. -->","yoast_head_json":{"title":"Enzoani Portrait Ath\u00e9n\u00e9e | Koonings","description":"Avec un corsage enti\u00e8rement doubl\u00e9 et une construction int\u00e9rieure sup\u00e9rieure pour un soutien suppl\u00e9mentaire, cette beaut\u00e9 pr\u00e9sente \u00e9galement une dentelle baroque florale qui met en valeur la silhouette, l\u00e9g\u00e8rement brod\u00e9e de mini-pailettes qui scintillent subtilement sur de d\u00e9licates couches de Tulle Fran\u00e7ais et de dentelle Chantilly fran\u00e7aise. La dentelle baroque florale se prolonge par une tra\u00eene sculpt\u00e9e spectaculaire pour compl\u00e9ter ce look impressionnant. La robe se termine par de d\u00e9licates manches d\u00e9tachables et drap\u00e9es en tulle fran\u00e7ais.","robots":{"index":"index","follow":"follow","max-snippet":"max-snippet:-1","max-image-preview":"max-image-preview:large","max-video-preview":"max-video-preview:-1"},"canonical":"https:\/\/www.koonings.com\/fr\/product\/enzoani-portrait-athnas\/","og_locale":"fr_FR","og_type":"article","og_title":"Enzoani Portrait Ath\u00e9n\u00e9e | Koonings","og_description":"Avec un corsage enti\u00e8rement doubl\u00e9 et une construction int\u00e9rieure sup\u00e9rieure pour un soutien suppl\u00e9mentaire, cette beaut\u00e9 pr\u00e9sente \u00e9galement une dentelle baroque florale qui met en valeur la silhouette, l\u00e9g\u00e8rement brod\u00e9e de mini-pailettes qui scintillent subtilement sur de d\u00e9licates couches de Tulle Fran\u00e7ais et de dentelle Chantilly fran\u00e7aise. La dentelle baroque florale se prolonge par une tra\u00eene sculpt\u00e9e spectaculaire pour compl\u00e9ter ce look impressionnant. La robe se termine par de d\u00e9licates manches d\u00e9tachables et drap\u00e9es en tulle fran\u00e7ais.","og_url":"https:\/\/www.koonings.com\/fr\/product\/enzoani-portrait-athnas\/","og_site_name":"Koonings","article_publisher":"https:\/\/www.facebook.com\/kooningstheweddingpalace","og_image":[{"width":1064,"height":1418,"url":"https:\/\/www.koonings.com\/wp-content\/uploads\/2024\/11\/35624_899fe04981d286ccdcf7cadc06e5b97cfa252828f1389363320e5bf376f7888a888b6937.jpeg","type":"image\/jpeg"}],"twitter_card":"summary_large_image","schema":{"@context":"https:\/\/schema.org","@graph":[{"@type":"WebPage","@id":"https:\/\/www.koonings.com\/fr\/product\/enzoani-portrait-athnas\/","url":"https:\/\/www.koonings.com\/fr\/product\/enzoani-portrait-athnas\/","name":"Enzoani Portrait Ath\u00e9n\u00e9e | Koonings","isPartOf":{"@id":"https:\/\/www.koonings.com\/fr\/#website"},"primaryImageOfPage":{"@id":"https:\/\/www.koonings.com\/fr\/product\/enzoani-portrait-athnas\/#primaryimage"},"image":{"@id":"https:\/\/www.koonings.com\/fr\/product\/enzoani-portrait-athnas\/#primaryimage"},"thumbnailUrl":"https:\/\/www.koonings.com\/wp-content\/uploads\/2024\/11\/35624_899fe04981d286ccdcf7cadc06e5b97cfa252828f1389363320e5bf376f7888a888b6937.jpeg","datePublished":"2026-04-14T14:06:47+00:00","description":"Avec un corsage enti\u00e8rement doubl\u00e9 et une construction int\u00e9rieure sup\u00e9rieure pour un soutien suppl\u00e9mentaire, cette beaut\u00e9 pr\u00e9sente \u00e9galement une dentelle baroque florale qui met en valeur la silhouette, l\u00e9g\u00e8rement brod\u00e9e de mini-pailettes qui scintillent subtilement sur de d\u00e9licates couches de Tulle Fran\u00e7ais et de dentelle Chantilly fran\u00e7aise. La dentelle baroque florale se prolonge par une tra\u00eene sculpt\u00e9e spectaculaire pour compl\u00e9ter ce look impressionnant. La robe se termine par de d\u00e9licates manches d\u00e9tachables et drap\u00e9es en tulle fran\u00e7ais.","breadcrumb":{"@id":"https:\/\/www.koonings.com\/fr\/product\/enzoani-portrait-athnas\/#breadcrumb"},"inLanguage":"fr-FR","potentialAction":[{"@type":"ReadAction","target":["https:\/\/www.koonings.com\/fr\/product\/enzoani-portrait-athnas\/"]}]},{"@type":"ImageObject","inLanguage":"fr-FR","@id":"https:\/\/www.koonings.com\/fr\/product\/enzoani-portrait-athnas\/#primaryimage","url":"https:\/\/www.koonings.com\/wp-content\/uploads\/2024\/11\/35624_899fe04981d286ccdcf7cadc06e5b97cfa252828f1389363320e5bf376f7888a888b6937.jpeg","contentUrl":"https:\/\/www.koonings.com\/wp-content\/uploads\/2024\/11\/35624_899fe04981d286ccdcf7cadc06e5b97cfa252828f1389363320e5bf376f7888a888b6937.jpeg","width":1064,"height":1418},{"@type":"BreadcrumbList","@id":"https:\/\/www.koonings.com\/fr\/product\/enzoani-portrait-athnas\/#breadcrumb","itemListElement":[{"@type":"ListItem","position":1,"name":"Home","item":"https:\/\/www.koonings.com\/fr\/"},{"@type":"ListItem","position":2,"name":"Enzoani Portrait Ath\u00e9n\u00e9e"}]},{"@type":"WebSite","@id":"https:\/\/www.koonings.com\/fr\/#website","url":"https:\/\/www.koonings.com\/fr\/","name":"Koonings","description":"De grootste bruidsmodewinkel ter wereld","publisher":{"@id":"https:\/\/www.koonings.com\/fr\/#organization"},"potentialAction":[{"@type":"SearchAction","target":{"@type":"EntryPoint","urlTemplate":"https:\/\/www.koonings.com\/fr\/?s={search_term_string}"},"query-input":{"@type":"PropertyValueSpecification","valueRequired":true,"valueName":"search_term_string"}}],"inLanguage":"fr-FR"},{"@type":"Organization","@id":"https:\/\/www.koonings.com\/fr\/#organization","name":"Koonings","url":"https:\/\/www.koonings.com\/fr\/","logo":{"@type":"ImageObject","inLanguage":"fr-FR","@id":"https:\/\/www.koonings.com\/fr\/#\/schema\/logo\/image\/","url":"https:\/\/www.koonings.com\/wp-content\/uploads\/2024\/07\/logo.png","contentUrl":"https:\/\/www.koonings.com\/wp-content\/uploads\/2024\/07\/logo.png","width":600,"height":428,"caption":"Koonings"},"image":{"@id":"https:\/\/www.koonings.com\/fr\/#\/schema\/logo\/image\/"},"sameAs":["https:\/\/www.facebook.com\/kooningstheweddingpalace","https:\/\/www.instagram.com\/kooningstheweddingpalace","https:\/\/www.pinterest.com\/koonings","https:\/\/www.youtube.com\/kooningstheweddingpalace"]}]}},"_links":{"self":[{"href":"https:\/\/www.koonings.com\/fr\/wp-json\/wp\/v2\/product\/79678","targetHints":{"allow":["GET"]}}],"collection":[{"href":"https:\/\/www.koonings.com\/fr\/wp-json\/wp\/v2\/product"}],"about":[{"href":"https:\/\/www.koonings.com\/fr\/wp-json\/wp\/v2\/types\/product"}],"wp:featuredmedia":[{"embeddable":true,"href":"https:\/\/www.koonings.com\/fr\/wp-json\/wp\/v2\/media\/72021"}],"wp:attachment":[{"href":"https:\/\/www.koonings.com\/fr\/wp-json\/wp\/v2\/media?parent=79678"}],"wp:term":[{"taxonomy":"productdetails","embeddable":true,"href":"https:\/\/www.koonings.com\/fr\/wp-json\/wp\/v2\/productdetails?post=79678"},{"taxonomy":"productneck","embeddable":true,"href":"https:\/\/www.koonings.com\/fr\/wp-json\/wp\/v2\/productneck?post=79678"},{"taxonomy":"productcolor","embeddable":true,"href":"https:\/\/www.koonings.com\/fr\/wp-json\/wp\/v2\/productcolor?post=79678"},{"taxonomy":"maat","embeddable":true,"href":"https:\/\/www.koonings.com\/fr\/wp-json\/wp\/v2\/maat?post=79678"},{"taxonomy":"productsupplier","embeddable":true,"href":"https:\/\/www.koonings.com\/fr\/wp-json\/wp\/v2\/productsupplier?post=79678"},{"taxonomy":"productsleeve","embeddable":true,"href":"https:\/\/www.koonings.com\/fr\/wp-json\/wp\/v2\/productsleeve?post=79678"},{"taxonomy":"productcategory","embeddable":true,"href":"https:\/\/www.koonings.com\/fr\/wp-json\/wp\/v2\/productcategory?post=79678"},{"taxonomy":"productsilhouette","embeddable":true,"href":"https:\/\/www.koonings.com\/fr\/wp-json\/wp\/v2\/productsilhouette?post=79678"},{"taxonomy":"productstyle","embeddable":true,"href":"https:\/\/www.koonings.com\/fr\/wp-json\/wp\/v2\/productstyle?post=79678"}],"curies":[{"name":"wp","href":"https:\/\/api.w.org\/{rel}","templated":true}]}}