{"id":79670,"date":"2026-04-28T18:06:30","date_gmt":"2026-04-28T16:06:30","guid":{"rendered":"https:\/\/www.koonings.com\/product\/enzoani-portrait-margaux\/"},"modified":"2026-02-16T14:53:30","modified_gmt":"2026-02-16T13:53:30","slug":"enzoani-portrait-margaux","status":"publish","type":"product","link":"https:\/\/www.koonings.com\/fr\/product\/enzoani-portrait-margaux\/","title":{"rendered":"Enzoani Portrait Margaux"},"content":{"rendered":"<p>L&#8217;\u00e9tonnante Margaux x \u00c9dition pr\u00e9sente une dentelle baroque qui \u00e9pouse le corps, enrichie de perles faites \u00e0 la main, et qui s&#8217;enroule autour d&#8217;une silhouette classique et ajust\u00e9e. Les douces manches amovibles en tulle donnent \u00e0 la robe une touche romantique, compl\u00e9t\u00e9e par la jupe \u00e9vas\u00e9e en tulle pour une dose parfaite de drame. Le corsage enti\u00e8rement doubl\u00e9 et le haut du dos orn\u00e9 de dentelle ajoutent au glamour et au maintien de cette jolie robe.  <\/p>\n","protected":false},"featured_media":72060,"template":"","meta":{"_acf_changed":false,"ghostkit_customizer_options":"","ghostkit_custom_css":"","ghostkit_custom_js_head":"","ghostkit_custom_js_foot":"","ghostkit_typography":""},"productdetails":[376,381],"productneck":[355],"productcolor":[393,392],"maat":[375],"productsupplier":[460],"productsleeve":[363],"productcategory":[18],"productsilhouette":[387],"productstyle":[369],"class_list":["post-79670","product","type-product","status-publish","has-post-thumbnail","hentry","productdetails-376","productdetails-381","productneck-355","productcolor-393","productcolor-392","maat-375","productsupplier-enzoani-portrait","productsleeve-363","productcategory-trouwjurken","productsilhouette-387","productstyle-369"],"acf":[],"yoast_head":"<!-- This site is optimized with the Yoast SEO plugin v27.3 - https:\/\/yoast.com\/product\/yoast-seo-wordpress\/ -->\n<title>Enzoani Portrait Margaux | Koonings<\/title>\n<meta name=\"description\" content=\"L&#039;\u00e9tonnante Margaux x \u00c9dition pr\u00e9sente une dentelle baroque qui \u00e9pouse le corps, enrichie de perles faites \u00e0 la main, et qui s&#039;enroule autour d&#039;une silhouette classique et ajust\u00e9e. Les douces manches amovibles en tulle donnent \u00e0 la robe une touche romantique, compl\u00e9t\u00e9e par la jupe \u00e9vas\u00e9e en tulle pour une dose parfaite de drame. Le corsage enti\u00e8rement doubl\u00e9 et le haut du dos orn\u00e9 de dentelle ajoutent au glamour et au maintien de cette jolie robe.\" \/>\n<meta name=\"robots\" content=\"index, follow, max-snippet:-1, max-image-preview:large, max-video-preview:-1\" \/>\n<link rel=\"canonical\" href=\"https:\/\/www.koonings.com\/fr\/product\/enzoani-portrait-margaux\/\" \/>\n<meta property=\"og:locale\" content=\"fr_FR\" \/>\n<meta property=\"og:type\" content=\"article\" \/>\n<meta property=\"og:title\" content=\"Enzoani Portrait Margaux | Koonings\" \/>\n<meta property=\"og:description\" content=\"L&#039;\u00e9tonnante Margaux x \u00c9dition pr\u00e9sente une dentelle baroque qui \u00e9pouse le corps, enrichie de perles faites \u00e0 la main, et qui s&#039;enroule autour d&#039;une silhouette classique et ajust\u00e9e. Les douces manches amovibles en tulle donnent \u00e0 la robe une touche romantique, compl\u00e9t\u00e9e par la jupe \u00e9vas\u00e9e en tulle pour une dose parfaite de drame. Le corsage enti\u00e8rement doubl\u00e9 et le haut du dos orn\u00e9 de dentelle ajoutent au glamour et au maintien de cette jolie robe.\" \/>\n<meta property=\"og:url\" content=\"https:\/\/www.koonings.com\/fr\/product\/enzoani-portrait-margaux\/\" \/>\n<meta property=\"og:site_name\" content=\"Koonings\" \/>\n<meta property=\"article:publisher\" content=\"https:\/\/www.facebook.com\/kooningstheweddingpalace\" \/>\n<meta property=\"og:image\" content=\"https:\/\/www.koonings.com\/wp-content\/uploads\/2024\/11\/35633_c3a9f47e58216f209578388085fc5fd539fa92ddbdda917b5ab20bb08732fd12e215ba09.jpeg\" \/>\n\t<meta property=\"og:image:width\" content=\"1064\" \/>\n\t<meta property=\"og:image:height\" content=\"1418\" \/>\n\t<meta property=\"og:image:type\" content=\"image\/jpeg\" \/>\n<meta name=\"twitter:card\" content=\"summary_large_image\" \/>\n<script type=\"application\/ld+json\" class=\"yoast-schema-graph\">{\"@context\":\"https:\\\/\\\/schema.org\",\"@graph\":[{\"@type\":\"WebPage\",\"@id\":\"https:\\\/\\\/www.koonings.com\\\/fr\\\/product\\\/enzoani-portrait-margaux\\\/\",\"url\":\"https:\\\/\\\/www.koonings.com\\\/fr\\\/product\\\/enzoani-portrait-margaux\\\/\",\"name\":\"Enzoani Portrait Margaux | Koonings\",\"isPartOf\":{\"@id\":\"https:\\\/\\\/www.koonings.com\\\/fr\\\/#website\"},\"primaryImageOfPage\":{\"@id\":\"https:\\\/\\\/www.koonings.com\\\/fr\\\/product\\\/enzoani-portrait-margaux\\\/#primaryimage\"},\"image\":{\"@id\":\"https:\\\/\\\/www.koonings.com\\\/fr\\\/product\\\/enzoani-portrait-margaux\\\/#primaryimage\"},\"thumbnailUrl\":\"https:\\\/\\\/www.koonings.com\\\/wp-content\\\/uploads\\\/2024\\\/11\\\/35633_c3a9f47e58216f209578388085fc5fd539fa92ddbdda917b5ab20bb08732fd12e215ba09.jpeg\",\"datePublished\":\"2026-04-28T16:06:30+00:00\",\"description\":\"L'\u00e9tonnante Margaux x \u00c9dition pr\u00e9sente une dentelle baroque qui \u00e9pouse le corps, enrichie de perles faites \u00e0 la main, et qui s'enroule autour d'une silhouette classique et ajust\u00e9e. Les douces manches amovibles en tulle donnent \u00e0 la robe une touche romantique, compl\u00e9t\u00e9e par la jupe \u00e9vas\u00e9e en tulle pour une dose parfaite de drame. Le corsage enti\u00e8rement doubl\u00e9 et le haut du dos orn\u00e9 de dentelle ajoutent au glamour et au maintien de cette jolie robe.\",\"breadcrumb\":{\"@id\":\"https:\\\/\\\/www.koonings.com\\\/fr\\\/product\\\/enzoani-portrait-margaux\\\/#breadcrumb\"},\"inLanguage\":\"fr-FR\",\"potentialAction\":[{\"@type\":\"ReadAction\",\"target\":[\"https:\\\/\\\/www.koonings.com\\\/fr\\\/product\\\/enzoani-portrait-margaux\\\/\"]}]},{\"@type\":\"ImageObject\",\"inLanguage\":\"fr-FR\",\"@id\":\"https:\\\/\\\/www.koonings.com\\\/fr\\\/product\\\/enzoani-portrait-margaux\\\/#primaryimage\",\"url\":\"https:\\\/\\\/www.koonings.com\\\/wp-content\\\/uploads\\\/2024\\\/11\\\/35633_c3a9f47e58216f209578388085fc5fd539fa92ddbdda917b5ab20bb08732fd12e215ba09.jpeg\",\"contentUrl\":\"https:\\\/\\\/www.koonings.com\\\/wp-content\\\/uploads\\\/2024\\\/11\\\/35633_c3a9f47e58216f209578388085fc5fd539fa92ddbdda917b5ab20bb08732fd12e215ba09.jpeg\",\"width\":1064,\"height\":1418},{\"@type\":\"BreadcrumbList\",\"@id\":\"https:\\\/\\\/www.koonings.com\\\/fr\\\/product\\\/enzoani-portrait-margaux\\\/#breadcrumb\",\"itemListElement\":[{\"@type\":\"ListItem\",\"position\":1,\"name\":\"Home\",\"item\":\"https:\\\/\\\/www.koonings.com\\\/fr\\\/\"},{\"@type\":\"ListItem\",\"position\":2,\"name\":\"Enzoani Portrait Margaux\"}]},{\"@type\":\"WebSite\",\"@id\":\"https:\\\/\\\/www.koonings.com\\\/fr\\\/#website\",\"url\":\"https:\\\/\\\/www.koonings.com\\\/fr\\\/\",\"name\":\"Koonings\",\"description\":\"De grootste bruidsmodewinkel ter wereld\",\"publisher\":{\"@id\":\"https:\\\/\\\/www.koonings.com\\\/fr\\\/#organization\"},\"potentialAction\":[{\"@type\":\"SearchAction\",\"target\":{\"@type\":\"EntryPoint\",\"urlTemplate\":\"https:\\\/\\\/www.koonings.com\\\/fr\\\/?s={search_term_string}\"},\"query-input\":{\"@type\":\"PropertyValueSpecification\",\"valueRequired\":true,\"valueName\":\"search_term_string\"}}],\"inLanguage\":\"fr-FR\"},{\"@type\":\"Organization\",\"@id\":\"https:\\\/\\\/www.koonings.com\\\/fr\\\/#organization\",\"name\":\"Koonings\",\"url\":\"https:\\\/\\\/www.koonings.com\\\/fr\\\/\",\"logo\":{\"@type\":\"ImageObject\",\"inLanguage\":\"fr-FR\",\"@id\":\"https:\\\/\\\/www.koonings.com\\\/fr\\\/#\\\/schema\\\/logo\\\/image\\\/\",\"url\":\"https:\\\/\\\/www.koonings.com\\\/wp-content\\\/uploads\\\/2024\\\/07\\\/logo.png\",\"contentUrl\":\"https:\\\/\\\/www.koonings.com\\\/wp-content\\\/uploads\\\/2024\\\/07\\\/logo.png\",\"width\":600,\"height\":428,\"caption\":\"Koonings\"},\"image\":{\"@id\":\"https:\\\/\\\/www.koonings.com\\\/fr\\\/#\\\/schema\\\/logo\\\/image\\\/\"},\"sameAs\":[\"https:\\\/\\\/www.facebook.com\\\/kooningstheweddingpalace\",\"https:\\\/\\\/www.instagram.com\\\/kooningstheweddingpalace\",\"https:\\\/\\\/www.pinterest.com\\\/koonings\",\"https:\\\/\\\/www.youtube.com\\\/kooningstheweddingpalace\"]}]}<\/script>\n<!-- \/ Yoast SEO plugin. -->","yoast_head_json":{"title":"Enzoani Portrait Margaux | Koonings","description":"L'\u00e9tonnante Margaux x \u00c9dition pr\u00e9sente une dentelle baroque qui \u00e9pouse le corps, enrichie de perles faites \u00e0 la main, et qui s'enroule autour d'une silhouette classique et ajust\u00e9e. Les douces manches amovibles en tulle donnent \u00e0 la robe une touche romantique, compl\u00e9t\u00e9e par la jupe \u00e9vas\u00e9e en tulle pour une dose parfaite de drame. Le corsage enti\u00e8rement doubl\u00e9 et le haut du dos orn\u00e9 de dentelle ajoutent au glamour et au maintien de cette jolie robe.","robots":{"index":"index","follow":"follow","max-snippet":"max-snippet:-1","max-image-preview":"max-image-preview:large","max-video-preview":"max-video-preview:-1"},"canonical":"https:\/\/www.koonings.com\/fr\/product\/enzoani-portrait-margaux\/","og_locale":"fr_FR","og_type":"article","og_title":"Enzoani Portrait Margaux | Koonings","og_description":"L'\u00e9tonnante Margaux x \u00c9dition pr\u00e9sente une dentelle baroque qui \u00e9pouse le corps, enrichie de perles faites \u00e0 la main, et qui s'enroule autour d'une silhouette classique et ajust\u00e9e. Les douces manches amovibles en tulle donnent \u00e0 la robe une touche romantique, compl\u00e9t\u00e9e par la jupe \u00e9vas\u00e9e en tulle pour une dose parfaite de drame. Le corsage enti\u00e8rement doubl\u00e9 et le haut du dos orn\u00e9 de dentelle ajoutent au glamour et au maintien de cette jolie robe.","og_url":"https:\/\/www.koonings.com\/fr\/product\/enzoani-portrait-margaux\/","og_site_name":"Koonings","article_publisher":"https:\/\/www.facebook.com\/kooningstheweddingpalace","og_image":[{"width":1064,"height":1418,"url":"https:\/\/www.koonings.com\/wp-content\/uploads\/2024\/11\/35633_c3a9f47e58216f209578388085fc5fd539fa92ddbdda917b5ab20bb08732fd12e215ba09.jpeg","type":"image\/jpeg"}],"twitter_card":"summary_large_image","schema":{"@context":"https:\/\/schema.org","@graph":[{"@type":"WebPage","@id":"https:\/\/www.koonings.com\/fr\/product\/enzoani-portrait-margaux\/","url":"https:\/\/www.koonings.com\/fr\/product\/enzoani-portrait-margaux\/","name":"Enzoani Portrait Margaux | Koonings","isPartOf":{"@id":"https:\/\/www.koonings.com\/fr\/#website"},"primaryImageOfPage":{"@id":"https:\/\/www.koonings.com\/fr\/product\/enzoani-portrait-margaux\/#primaryimage"},"image":{"@id":"https:\/\/www.koonings.com\/fr\/product\/enzoani-portrait-margaux\/#primaryimage"},"thumbnailUrl":"https:\/\/www.koonings.com\/wp-content\/uploads\/2024\/11\/35633_c3a9f47e58216f209578388085fc5fd539fa92ddbdda917b5ab20bb08732fd12e215ba09.jpeg","datePublished":"2026-04-28T16:06:30+00:00","description":"L'\u00e9tonnante Margaux x \u00c9dition pr\u00e9sente une dentelle baroque qui \u00e9pouse le corps, enrichie de perles faites \u00e0 la main, et qui s'enroule autour d'une silhouette classique et ajust\u00e9e. Les douces manches amovibles en tulle donnent \u00e0 la robe une touche romantique, compl\u00e9t\u00e9e par la jupe \u00e9vas\u00e9e en tulle pour une dose parfaite de drame. Le corsage enti\u00e8rement doubl\u00e9 et le haut du dos orn\u00e9 de dentelle ajoutent au glamour et au maintien de cette jolie robe.","breadcrumb":{"@id":"https:\/\/www.koonings.com\/fr\/product\/enzoani-portrait-margaux\/#breadcrumb"},"inLanguage":"fr-FR","potentialAction":[{"@type":"ReadAction","target":["https:\/\/www.koonings.com\/fr\/product\/enzoani-portrait-margaux\/"]}]},{"@type":"ImageObject","inLanguage":"fr-FR","@id":"https:\/\/www.koonings.com\/fr\/product\/enzoani-portrait-margaux\/#primaryimage","url":"https:\/\/www.koonings.com\/wp-content\/uploads\/2024\/11\/35633_c3a9f47e58216f209578388085fc5fd539fa92ddbdda917b5ab20bb08732fd12e215ba09.jpeg","contentUrl":"https:\/\/www.koonings.com\/wp-content\/uploads\/2024\/11\/35633_c3a9f47e58216f209578388085fc5fd539fa92ddbdda917b5ab20bb08732fd12e215ba09.jpeg","width":1064,"height":1418},{"@type":"BreadcrumbList","@id":"https:\/\/www.koonings.com\/fr\/product\/enzoani-portrait-margaux\/#breadcrumb","itemListElement":[{"@type":"ListItem","position":1,"name":"Home","item":"https:\/\/www.koonings.com\/fr\/"},{"@type":"ListItem","position":2,"name":"Enzoani Portrait Margaux"}]},{"@type":"WebSite","@id":"https:\/\/www.koonings.com\/fr\/#website","url":"https:\/\/www.koonings.com\/fr\/","name":"Koonings","description":"De grootste bruidsmodewinkel ter wereld","publisher":{"@id":"https:\/\/www.koonings.com\/fr\/#organization"},"potentialAction":[{"@type":"SearchAction","target":{"@type":"EntryPoint","urlTemplate":"https:\/\/www.koonings.com\/fr\/?s={search_term_string}"},"query-input":{"@type":"PropertyValueSpecification","valueRequired":true,"valueName":"search_term_string"}}],"inLanguage":"fr-FR"},{"@type":"Organization","@id":"https:\/\/www.koonings.com\/fr\/#organization","name":"Koonings","url":"https:\/\/www.koonings.com\/fr\/","logo":{"@type":"ImageObject","inLanguage":"fr-FR","@id":"https:\/\/www.koonings.com\/fr\/#\/schema\/logo\/image\/","url":"https:\/\/www.koonings.com\/wp-content\/uploads\/2024\/07\/logo.png","contentUrl":"https:\/\/www.koonings.com\/wp-content\/uploads\/2024\/07\/logo.png","width":600,"height":428,"caption":"Koonings"},"image":{"@id":"https:\/\/www.koonings.com\/fr\/#\/schema\/logo\/image\/"},"sameAs":["https:\/\/www.facebook.com\/kooningstheweddingpalace","https:\/\/www.instagram.com\/kooningstheweddingpalace","https:\/\/www.pinterest.com\/koonings","https:\/\/www.youtube.com\/kooningstheweddingpalace"]}]}},"_links":{"self":[{"href":"https:\/\/www.koonings.com\/fr\/wp-json\/wp\/v2\/product\/79670","targetHints":{"allow":["GET"]}}],"collection":[{"href":"https:\/\/www.koonings.com\/fr\/wp-json\/wp\/v2\/product"}],"about":[{"href":"https:\/\/www.koonings.com\/fr\/wp-json\/wp\/v2\/types\/product"}],"wp:featuredmedia":[{"embeddable":true,"href":"https:\/\/www.koonings.com\/fr\/wp-json\/wp\/v2\/media\/72060"}],"wp:attachment":[{"href":"https:\/\/www.koonings.com\/fr\/wp-json\/wp\/v2\/media?parent=79670"}],"wp:term":[{"taxonomy":"productdetails","embeddable":true,"href":"https:\/\/www.koonings.com\/fr\/wp-json\/wp\/v2\/productdetails?post=79670"},{"taxonomy":"productneck","embeddable":true,"href":"https:\/\/www.koonings.com\/fr\/wp-json\/wp\/v2\/productneck?post=79670"},{"taxonomy":"productcolor","embeddable":true,"href":"https:\/\/www.koonings.com\/fr\/wp-json\/wp\/v2\/productcolor?post=79670"},{"taxonomy":"maat","embeddable":true,"href":"https:\/\/www.koonings.com\/fr\/wp-json\/wp\/v2\/maat?post=79670"},{"taxonomy":"productsupplier","embeddable":true,"href":"https:\/\/www.koonings.com\/fr\/wp-json\/wp\/v2\/productsupplier?post=79670"},{"taxonomy":"productsleeve","embeddable":true,"href":"https:\/\/www.koonings.com\/fr\/wp-json\/wp\/v2\/productsleeve?post=79670"},{"taxonomy":"productcategory","embeddable":true,"href":"https:\/\/www.koonings.com\/fr\/wp-json\/wp\/v2\/productcategory?post=79670"},{"taxonomy":"productsilhouette","embeddable":true,"href":"https:\/\/www.koonings.com\/fr\/wp-json\/wp\/v2\/productsilhouette?post=79670"},{"taxonomy":"productstyle","embeddable":true,"href":"https:\/\/www.koonings.com\/fr\/wp-json\/wp\/v2\/productstyle?post=79670"}],"curies":[{"name":"wp","href":"https:\/\/api.w.org\/{rel}","templated":true}]}}