{"id":79669,"date":"2025-12-15T00:08:18","date_gmt":"2025-12-14T23:08:18","guid":{"rendered":"https:\/\/www.koonings.com\/product\/enzoani-portrait-hlne\/"},"modified":"2026-02-03T20:02:51","modified_gmt":"2026-02-03T19:02:51","slug":"enzoani-portrait-hlne","status":"publish","type":"product","link":"https:\/\/www.koonings.com\/fr\/product\/enzoani-portrait-hlne\/","title":{"rendered":"Enzoani Portrait H\u00e9lo\u00a8ne"},"content":{"rendered":"<p>La robe de mari\u00e9e H\u00e9l\u00e8ne se caract\u00e9rise par une dentelle baroque \u00e9tincelante, des perles faites \u00e0 la main le long de l&#8217;encolure portrait, une coupe ajust\u00e9e qui galbe le corps et une jupe l\u00e9g\u00e8rement \u00e9vas\u00e9e. Les d\u00e9tails de cette robe classique \u00e0 \u00e9paules d\u00e9couvertes sont extr\u00eamement d\u00e9licats, avec un tulle illusion judicieusement plac\u00e9 et un haut dos qui soutient le corps. L&#8217;ourlet sculpt\u00e9, signature d&#8217;\u00c9LYS\u00c9E, est une version unique qui attire l&#8217;attention.  <\/p>\n","protected":false},"featured_media":72086,"template":"","meta":{"_acf_changed":false,"ghostkit_customizer_options":"","ghostkit_custom_css":"","ghostkit_custom_js_head":"","ghostkit_custom_js_foot":"","ghostkit_typography":""},"productdetails":[376,381],"productneck":[355],"productcolor":[393,392],"maat":[375],"productsupplier":[460],"productsleeve":[359,363],"productcategory":[18],"productsilhouette":[387],"productstyle":[369,366],"class_list":["post-79669","product","type-product","status-publish","has-post-thumbnail","hentry","productdetails-376","productdetails-381","productneck-355","productcolor-393","productcolor-392","maat-375","productsupplier-enzoani-portrait","productsleeve-359","productsleeve-363","productcategory-trouwjurken","productsilhouette-387","productstyle-369","productstyle-366"],"acf":[],"yoast_head":"<!-- This site is optimized with the Yoast SEO plugin v27.3 - https:\/\/yoast.com\/product\/yoast-seo-wordpress\/ -->\n<title>Enzoani Portrait H\u00e9lo\u00a8ne | Koonings<\/title>\n<meta name=\"description\" content=\"La robe de mari\u00e9e H\u00e9l\u00e8ne se caract\u00e9rise par une dentelle baroque \u00e9tincelante, des perles faites \u00e0 la main le long de l&#039;encolure portrait, une coupe ajust\u00e9e qui galbe le corps et une jupe l\u00e9g\u00e8rement \u00e9vas\u00e9e. Les d\u00e9tails de cette robe classique \u00e0 \u00e9paules d\u00e9couvertes sont extr\u00eamement d\u00e9licats, avec un tulle illusion judicieusement plac\u00e9 et un haut dos qui soutient le corps. L&#039;ourlet sculpt\u00e9, signature d&#039;\u00c9LYS\u00c9E, est une version unique qui attire l&#039;attention.\" \/>\n<meta name=\"robots\" content=\"index, follow, max-snippet:-1, max-image-preview:large, max-video-preview:-1\" \/>\n<link rel=\"canonical\" href=\"https:\/\/www.koonings.com\/fr\/product\/enzoani-portrait-hlne\/\" \/>\n<meta property=\"og:locale\" content=\"fr_FR\" \/>\n<meta property=\"og:type\" content=\"article\" \/>\n<meta property=\"og:title\" content=\"Enzoani Portrait H\u00e9lo\u00a8ne | Koonings\" \/>\n<meta property=\"og:description\" content=\"La robe de mari\u00e9e H\u00e9l\u00e8ne se caract\u00e9rise par une dentelle baroque \u00e9tincelante, des perles faites \u00e0 la main le long de l&#039;encolure portrait, une coupe ajust\u00e9e qui galbe le corps et une jupe l\u00e9g\u00e8rement \u00e9vas\u00e9e. Les d\u00e9tails de cette robe classique \u00e0 \u00e9paules d\u00e9couvertes sont extr\u00eamement d\u00e9licats, avec un tulle illusion judicieusement plac\u00e9 et un haut dos qui soutient le corps. L&#039;ourlet sculpt\u00e9, signature d&#039;\u00c9LYS\u00c9E, est une version unique qui attire l&#039;attention.\" \/>\n<meta property=\"og:url\" content=\"https:\/\/www.koonings.com\/fr\/product\/enzoani-portrait-hlne\/\" \/>\n<meta property=\"og:site_name\" content=\"Koonings\" \/>\n<meta property=\"article:publisher\" content=\"https:\/\/www.facebook.com\/kooningstheweddingpalace\" \/>\n<meta property=\"article:modified_time\" content=\"2026-02-03T19:02:51+00:00\" \/>\n<meta property=\"og:image\" content=\"https:\/\/www.koonings.com\/wp-content\/uploads\/2024\/11\/36418_602104c1be3aca14b8c7468ca7d79af88736f29009cf2a48acb2b3fa0b71e98ea86ad640.jpeg\" \/>\n\t<meta property=\"og:image:width\" content=\"1064\" \/>\n\t<meta property=\"og:image:height\" content=\"1418\" \/>\n\t<meta property=\"og:image:type\" content=\"image\/jpeg\" \/>\n<meta name=\"twitter:card\" content=\"summary_large_image\" \/>\n<script type=\"application\/ld+json\" class=\"yoast-schema-graph\">{\"@context\":\"https:\\\/\\\/schema.org\",\"@graph\":[{\"@type\":\"WebPage\",\"@id\":\"https:\\\/\\\/www.koonings.com\\\/fr\\\/product\\\/enzoani-portrait-hlne\\\/\",\"url\":\"https:\\\/\\\/www.koonings.com\\\/fr\\\/product\\\/enzoani-portrait-hlne\\\/\",\"name\":\"Enzoani Portrait H\u00e9lo\u00a8ne | Koonings\",\"isPartOf\":{\"@id\":\"https:\\\/\\\/www.koonings.com\\\/fr\\\/#website\"},\"primaryImageOfPage\":{\"@id\":\"https:\\\/\\\/www.koonings.com\\\/fr\\\/product\\\/enzoani-portrait-hlne\\\/#primaryimage\"},\"image\":{\"@id\":\"https:\\\/\\\/www.koonings.com\\\/fr\\\/product\\\/enzoani-portrait-hlne\\\/#primaryimage\"},\"thumbnailUrl\":\"https:\\\/\\\/www.koonings.com\\\/wp-content\\\/uploads\\\/2024\\\/11\\\/36418_602104c1be3aca14b8c7468ca7d79af88736f29009cf2a48acb2b3fa0b71e98ea86ad640.jpeg\",\"datePublished\":\"2025-12-14T23:08:18+00:00\",\"dateModified\":\"2026-02-03T19:02:51+00:00\",\"description\":\"La robe de mari\u00e9e H\u00e9l\u00e8ne se caract\u00e9rise par une dentelle baroque \u00e9tincelante, des perles faites \u00e0 la main le long de l'encolure portrait, une coupe ajust\u00e9e qui galbe le corps et une jupe l\u00e9g\u00e8rement \u00e9vas\u00e9e. Les d\u00e9tails de cette robe classique \u00e0 \u00e9paules d\u00e9couvertes sont extr\u00eamement d\u00e9licats, avec un tulle illusion judicieusement plac\u00e9 et un haut dos qui soutient le corps. L'ourlet sculpt\u00e9, signature d'\u00c9LYS\u00c9E, est une version unique qui attire l'attention.\",\"breadcrumb\":{\"@id\":\"https:\\\/\\\/www.koonings.com\\\/fr\\\/product\\\/enzoani-portrait-hlne\\\/#breadcrumb\"},\"inLanguage\":\"fr-FR\",\"potentialAction\":[{\"@type\":\"ReadAction\",\"target\":[\"https:\\\/\\\/www.koonings.com\\\/fr\\\/product\\\/enzoani-portrait-hlne\\\/\"]}]},{\"@type\":\"ImageObject\",\"inLanguage\":\"fr-FR\",\"@id\":\"https:\\\/\\\/www.koonings.com\\\/fr\\\/product\\\/enzoani-portrait-hlne\\\/#primaryimage\",\"url\":\"https:\\\/\\\/www.koonings.com\\\/wp-content\\\/uploads\\\/2024\\\/11\\\/36418_602104c1be3aca14b8c7468ca7d79af88736f29009cf2a48acb2b3fa0b71e98ea86ad640.jpeg\",\"contentUrl\":\"https:\\\/\\\/www.koonings.com\\\/wp-content\\\/uploads\\\/2024\\\/11\\\/36418_602104c1be3aca14b8c7468ca7d79af88736f29009cf2a48acb2b3fa0b71e98ea86ad640.jpeg\",\"width\":1064,\"height\":1418},{\"@type\":\"BreadcrumbList\",\"@id\":\"https:\\\/\\\/www.koonings.com\\\/fr\\\/product\\\/enzoani-portrait-hlne\\\/#breadcrumb\",\"itemListElement\":[{\"@type\":\"ListItem\",\"position\":1,\"name\":\"Home\",\"item\":\"https:\\\/\\\/www.koonings.com\\\/fr\\\/\"},{\"@type\":\"ListItem\",\"position\":2,\"name\":\"Enzoani Portrait H\u00e9lo\u00a8ne\"}]},{\"@type\":\"WebSite\",\"@id\":\"https:\\\/\\\/www.koonings.com\\\/fr\\\/#website\",\"url\":\"https:\\\/\\\/www.koonings.com\\\/fr\\\/\",\"name\":\"Koonings\",\"description\":\"De grootste bruidsmodewinkel ter wereld\",\"publisher\":{\"@id\":\"https:\\\/\\\/www.koonings.com\\\/fr\\\/#organization\"},\"potentialAction\":[{\"@type\":\"SearchAction\",\"target\":{\"@type\":\"EntryPoint\",\"urlTemplate\":\"https:\\\/\\\/www.koonings.com\\\/fr\\\/?s={search_term_string}\"},\"query-input\":{\"@type\":\"PropertyValueSpecification\",\"valueRequired\":true,\"valueName\":\"search_term_string\"}}],\"inLanguage\":\"fr-FR\"},{\"@type\":\"Organization\",\"@id\":\"https:\\\/\\\/www.koonings.com\\\/fr\\\/#organization\",\"name\":\"Koonings\",\"url\":\"https:\\\/\\\/www.koonings.com\\\/fr\\\/\",\"logo\":{\"@type\":\"ImageObject\",\"inLanguage\":\"fr-FR\",\"@id\":\"https:\\\/\\\/www.koonings.com\\\/fr\\\/#\\\/schema\\\/logo\\\/image\\\/\",\"url\":\"https:\\\/\\\/www.koonings.com\\\/wp-content\\\/uploads\\\/2024\\\/07\\\/logo.png\",\"contentUrl\":\"https:\\\/\\\/www.koonings.com\\\/wp-content\\\/uploads\\\/2024\\\/07\\\/logo.png\",\"width\":600,\"height\":428,\"caption\":\"Koonings\"},\"image\":{\"@id\":\"https:\\\/\\\/www.koonings.com\\\/fr\\\/#\\\/schema\\\/logo\\\/image\\\/\"},\"sameAs\":[\"https:\\\/\\\/www.facebook.com\\\/kooningstheweddingpalace\",\"https:\\\/\\\/www.instagram.com\\\/kooningstheweddingpalace\",\"https:\\\/\\\/www.pinterest.com\\\/koonings\",\"https:\\\/\\\/www.youtube.com\\\/kooningstheweddingpalace\"]}]}<\/script>\n<!-- \/ Yoast SEO plugin. -->","yoast_head_json":{"title":"Enzoani Portrait H\u00e9lo\u00a8ne | Koonings","description":"La robe de mari\u00e9e H\u00e9l\u00e8ne se caract\u00e9rise par une dentelle baroque \u00e9tincelante, des perles faites \u00e0 la main le long de l'encolure portrait, une coupe ajust\u00e9e qui galbe le corps et une jupe l\u00e9g\u00e8rement \u00e9vas\u00e9e. Les d\u00e9tails de cette robe classique \u00e0 \u00e9paules d\u00e9couvertes sont extr\u00eamement d\u00e9licats, avec un tulle illusion judicieusement plac\u00e9 et un haut dos qui soutient le corps. L'ourlet sculpt\u00e9, signature d'\u00c9LYS\u00c9E, est une version unique qui attire l'attention.","robots":{"index":"index","follow":"follow","max-snippet":"max-snippet:-1","max-image-preview":"max-image-preview:large","max-video-preview":"max-video-preview:-1"},"canonical":"https:\/\/www.koonings.com\/fr\/product\/enzoani-portrait-hlne\/","og_locale":"fr_FR","og_type":"article","og_title":"Enzoani Portrait H\u00e9lo\u00a8ne | Koonings","og_description":"La robe de mari\u00e9e H\u00e9l\u00e8ne se caract\u00e9rise par une dentelle baroque \u00e9tincelante, des perles faites \u00e0 la main le long de l'encolure portrait, une coupe ajust\u00e9e qui galbe le corps et une jupe l\u00e9g\u00e8rement \u00e9vas\u00e9e. Les d\u00e9tails de cette robe classique \u00e0 \u00e9paules d\u00e9couvertes sont extr\u00eamement d\u00e9licats, avec un tulle illusion judicieusement plac\u00e9 et un haut dos qui soutient le corps. L'ourlet sculpt\u00e9, signature d'\u00c9LYS\u00c9E, est une version unique qui attire l'attention.","og_url":"https:\/\/www.koonings.com\/fr\/product\/enzoani-portrait-hlne\/","og_site_name":"Koonings","article_publisher":"https:\/\/www.facebook.com\/kooningstheweddingpalace","article_modified_time":"2026-02-03T19:02:51+00:00","og_image":[{"width":1064,"height":1418,"url":"https:\/\/www.koonings.com\/wp-content\/uploads\/2024\/11\/36418_602104c1be3aca14b8c7468ca7d79af88736f29009cf2a48acb2b3fa0b71e98ea86ad640.jpeg","type":"image\/jpeg"}],"twitter_card":"summary_large_image","schema":{"@context":"https:\/\/schema.org","@graph":[{"@type":"WebPage","@id":"https:\/\/www.koonings.com\/fr\/product\/enzoani-portrait-hlne\/","url":"https:\/\/www.koonings.com\/fr\/product\/enzoani-portrait-hlne\/","name":"Enzoani Portrait H\u00e9lo\u00a8ne | Koonings","isPartOf":{"@id":"https:\/\/www.koonings.com\/fr\/#website"},"primaryImageOfPage":{"@id":"https:\/\/www.koonings.com\/fr\/product\/enzoani-portrait-hlne\/#primaryimage"},"image":{"@id":"https:\/\/www.koonings.com\/fr\/product\/enzoani-portrait-hlne\/#primaryimage"},"thumbnailUrl":"https:\/\/www.koonings.com\/wp-content\/uploads\/2024\/11\/36418_602104c1be3aca14b8c7468ca7d79af88736f29009cf2a48acb2b3fa0b71e98ea86ad640.jpeg","datePublished":"2025-12-14T23:08:18+00:00","dateModified":"2026-02-03T19:02:51+00:00","description":"La robe de mari\u00e9e H\u00e9l\u00e8ne se caract\u00e9rise par une dentelle baroque \u00e9tincelante, des perles faites \u00e0 la main le long de l'encolure portrait, une coupe ajust\u00e9e qui galbe le corps et une jupe l\u00e9g\u00e8rement \u00e9vas\u00e9e. Les d\u00e9tails de cette robe classique \u00e0 \u00e9paules d\u00e9couvertes sont extr\u00eamement d\u00e9licats, avec un tulle illusion judicieusement plac\u00e9 et un haut dos qui soutient le corps. L'ourlet sculpt\u00e9, signature d'\u00c9LYS\u00c9E, est une version unique qui attire l'attention.","breadcrumb":{"@id":"https:\/\/www.koonings.com\/fr\/product\/enzoani-portrait-hlne\/#breadcrumb"},"inLanguage":"fr-FR","potentialAction":[{"@type":"ReadAction","target":["https:\/\/www.koonings.com\/fr\/product\/enzoani-portrait-hlne\/"]}]},{"@type":"ImageObject","inLanguage":"fr-FR","@id":"https:\/\/www.koonings.com\/fr\/product\/enzoani-portrait-hlne\/#primaryimage","url":"https:\/\/www.koonings.com\/wp-content\/uploads\/2024\/11\/36418_602104c1be3aca14b8c7468ca7d79af88736f29009cf2a48acb2b3fa0b71e98ea86ad640.jpeg","contentUrl":"https:\/\/www.koonings.com\/wp-content\/uploads\/2024\/11\/36418_602104c1be3aca14b8c7468ca7d79af88736f29009cf2a48acb2b3fa0b71e98ea86ad640.jpeg","width":1064,"height":1418},{"@type":"BreadcrumbList","@id":"https:\/\/www.koonings.com\/fr\/product\/enzoani-portrait-hlne\/#breadcrumb","itemListElement":[{"@type":"ListItem","position":1,"name":"Home","item":"https:\/\/www.koonings.com\/fr\/"},{"@type":"ListItem","position":2,"name":"Enzoani Portrait H\u00e9lo\u00a8ne"}]},{"@type":"WebSite","@id":"https:\/\/www.koonings.com\/fr\/#website","url":"https:\/\/www.koonings.com\/fr\/","name":"Koonings","description":"De grootste bruidsmodewinkel ter wereld","publisher":{"@id":"https:\/\/www.koonings.com\/fr\/#organization"},"potentialAction":[{"@type":"SearchAction","target":{"@type":"EntryPoint","urlTemplate":"https:\/\/www.koonings.com\/fr\/?s={search_term_string}"},"query-input":{"@type":"PropertyValueSpecification","valueRequired":true,"valueName":"search_term_string"}}],"inLanguage":"fr-FR"},{"@type":"Organization","@id":"https:\/\/www.koonings.com\/fr\/#organization","name":"Koonings","url":"https:\/\/www.koonings.com\/fr\/","logo":{"@type":"ImageObject","inLanguage":"fr-FR","@id":"https:\/\/www.koonings.com\/fr\/#\/schema\/logo\/image\/","url":"https:\/\/www.koonings.com\/wp-content\/uploads\/2024\/07\/logo.png","contentUrl":"https:\/\/www.koonings.com\/wp-content\/uploads\/2024\/07\/logo.png","width":600,"height":428,"caption":"Koonings"},"image":{"@id":"https:\/\/www.koonings.com\/fr\/#\/schema\/logo\/image\/"},"sameAs":["https:\/\/www.facebook.com\/kooningstheweddingpalace","https:\/\/www.instagram.com\/kooningstheweddingpalace","https:\/\/www.pinterest.com\/koonings","https:\/\/www.youtube.com\/kooningstheweddingpalace"]}]}},"_links":{"self":[{"href":"https:\/\/www.koonings.com\/fr\/wp-json\/wp\/v2\/product\/79669","targetHints":{"allow":["GET"]}}],"collection":[{"href":"https:\/\/www.koonings.com\/fr\/wp-json\/wp\/v2\/product"}],"about":[{"href":"https:\/\/www.koonings.com\/fr\/wp-json\/wp\/v2\/types\/product"}],"wp:featuredmedia":[{"embeddable":true,"href":"https:\/\/www.koonings.com\/fr\/wp-json\/wp\/v2\/media\/72086"}],"wp:attachment":[{"href":"https:\/\/www.koonings.com\/fr\/wp-json\/wp\/v2\/media?parent=79669"}],"wp:term":[{"taxonomy":"productdetails","embeddable":true,"href":"https:\/\/www.koonings.com\/fr\/wp-json\/wp\/v2\/productdetails?post=79669"},{"taxonomy":"productneck","embeddable":true,"href":"https:\/\/www.koonings.com\/fr\/wp-json\/wp\/v2\/productneck?post=79669"},{"taxonomy":"productcolor","embeddable":true,"href":"https:\/\/www.koonings.com\/fr\/wp-json\/wp\/v2\/productcolor?post=79669"},{"taxonomy":"maat","embeddable":true,"href":"https:\/\/www.koonings.com\/fr\/wp-json\/wp\/v2\/maat?post=79669"},{"taxonomy":"productsupplier","embeddable":true,"href":"https:\/\/www.koonings.com\/fr\/wp-json\/wp\/v2\/productsupplier?post=79669"},{"taxonomy":"productsleeve","embeddable":true,"href":"https:\/\/www.koonings.com\/fr\/wp-json\/wp\/v2\/productsleeve?post=79669"},{"taxonomy":"productcategory","embeddable":true,"href":"https:\/\/www.koonings.com\/fr\/wp-json\/wp\/v2\/productcategory?post=79669"},{"taxonomy":"productsilhouette","embeddable":true,"href":"https:\/\/www.koonings.com\/fr\/wp-json\/wp\/v2\/productsilhouette?post=79669"},{"taxonomy":"productstyle","embeddable":true,"href":"https:\/\/www.koonings.com\/fr\/wp-json\/wp\/v2\/productstyle?post=79669"}],"curies":[{"name":"wp","href":"https:\/\/api.w.org\/{rel}","templated":true}]}}