{"id":79666,"date":"2025-12-15T00:08:10","date_gmt":"2025-12-14T23:08:10","guid":{"rendered":"https:\/\/www.koonings.com\/product\/enzoani-portrait-selene\/"},"modified":"2026-02-03T20:02:43","modified_gmt":"2026-02-03T19:02:43","slug":"enzoani-portrait-selene","status":"publish","type":"product","link":"https:\/\/www.koonings.com\/fr\/product\/enzoani-portrait-selene\/","title":{"rendered":"Enzoani Portrait Selene"},"content":{"rendered":"<p>La robe de mari\u00e9e Selene est magnifiquement remise au go\u00fbt du jour, avec une nouvelle coupe sup\u00e9rieure et une dentelle baroque classique enrichie de magnifiques perles scintillantes faites \u00e0 la main. Selene x \u00c9dition pr\u00e9sente un corsage enti\u00e8rement doubl\u00e9 avec des bretelles perl\u00e9es redessin\u00e9es pour un soutien et un scintillement encore plus flatteurs. La combinaison unique de tissus luxueux et d&#8217;une jupe \u00e9vas\u00e9e spectaculaire est s\u00fbre de compl\u00e9ter et de flatter n&#8217;importe quelle silhouette.  <\/p>\n","protected":false},"featured_media":72073,"template":"","meta":{"_acf_changed":false,"ghostkit_customizer_options":"","ghostkit_custom_css":"","ghostkit_custom_js_head":"","ghostkit_custom_js_foot":"","ghostkit_typography":""},"productdetails":[377,376],"productneck":[355],"productcolor":[392],"maat":[375],"productsupplier":[460],"productsleeve":[359],"productcategory":[18],"productsilhouette":[387],"productstyle":[366],"class_list":["post-79666","product","type-product","status-publish","has-post-thumbnail","hentry","productdetails-377","productdetails-376","productneck-355","productcolor-392","maat-375","productsupplier-enzoani-portrait","productsleeve-359","productcategory-trouwjurken","productsilhouette-387","productstyle-366"],"acf":[],"yoast_head":"<!-- This site is optimized with the Yoast SEO plugin v27.3 - https:\/\/yoast.com\/product\/yoast-seo-wordpress\/ -->\n<title>Enzoani Portrait Selene | Koonings<\/title>\n<meta name=\"description\" content=\"La robe de mari\u00e9e Selene est magnifiquement remise au go\u00fbt du jour, avec une nouvelle coupe sup\u00e9rieure et une dentelle baroque classique enrichie de magnifiques perles scintillantes faites \u00e0 la main. Selene x \u00c9dition pr\u00e9sente un corsage enti\u00e8rement doubl\u00e9 avec des bretelles perl\u00e9es redessin\u00e9es pour un soutien et un scintillement encore plus flatteurs. La combinaison unique de tissus luxueux et d&#039;une jupe \u00e9vas\u00e9e spectaculaire est s\u00fbre de compl\u00e9ter et de flatter n&#039;importe quelle silhouette.\" \/>\n<meta name=\"robots\" content=\"index, follow, max-snippet:-1, max-image-preview:large, max-video-preview:-1\" \/>\n<link rel=\"canonical\" href=\"https:\/\/www.koonings.com\/fr\/product\/enzoani-portrait-selene\/\" \/>\n<meta property=\"og:locale\" content=\"fr_FR\" \/>\n<meta property=\"og:type\" content=\"article\" \/>\n<meta property=\"og:title\" content=\"Enzoani Portrait Selene | Koonings\" \/>\n<meta property=\"og:description\" content=\"La robe de mari\u00e9e Selene est magnifiquement remise au go\u00fbt du jour, avec une nouvelle coupe sup\u00e9rieure et une dentelle baroque classique enrichie de magnifiques perles scintillantes faites \u00e0 la main. Selene x \u00c9dition pr\u00e9sente un corsage enti\u00e8rement doubl\u00e9 avec des bretelles perl\u00e9es redessin\u00e9es pour un soutien et un scintillement encore plus flatteurs. La combinaison unique de tissus luxueux et d&#039;une jupe \u00e9vas\u00e9e spectaculaire est s\u00fbre de compl\u00e9ter et de flatter n&#039;importe quelle silhouette.\" \/>\n<meta property=\"og:url\" content=\"https:\/\/www.koonings.com\/fr\/product\/enzoani-portrait-selene\/\" \/>\n<meta property=\"og:site_name\" content=\"Koonings\" \/>\n<meta property=\"article:publisher\" content=\"https:\/\/www.facebook.com\/kooningstheweddingpalace\" \/>\n<meta property=\"article:modified_time\" content=\"2026-02-03T19:02:43+00:00\" \/>\n<meta property=\"og:image\" content=\"https:\/\/www.koonings.com\/wp-content\/uploads\/2024\/11\/35634_9e9f189f8a74c2714451d4d3feeb4b458ea11c28eac7eb4291ee7a1b476c9d1b0b6f9918.jpeg\" \/>\n\t<meta property=\"og:image:width\" content=\"1064\" \/>\n\t<meta property=\"og:image:height\" content=\"1418\" \/>\n\t<meta property=\"og:image:type\" content=\"image\/jpeg\" \/>\n<meta name=\"twitter:card\" content=\"summary_large_image\" \/>\n<script type=\"application\/ld+json\" class=\"yoast-schema-graph\">{\"@context\":\"https:\\\/\\\/schema.org\",\"@graph\":[{\"@type\":\"WebPage\",\"@id\":\"https:\\\/\\\/www.koonings.com\\\/fr\\\/product\\\/enzoani-portrait-selene\\\/\",\"url\":\"https:\\\/\\\/www.koonings.com\\\/fr\\\/product\\\/enzoani-portrait-selene\\\/\",\"name\":\"Enzoani Portrait Selene | Koonings\",\"isPartOf\":{\"@id\":\"https:\\\/\\\/www.koonings.com\\\/fr\\\/#website\"},\"primaryImageOfPage\":{\"@id\":\"https:\\\/\\\/www.koonings.com\\\/fr\\\/product\\\/enzoani-portrait-selene\\\/#primaryimage\"},\"image\":{\"@id\":\"https:\\\/\\\/www.koonings.com\\\/fr\\\/product\\\/enzoani-portrait-selene\\\/#primaryimage\"},\"thumbnailUrl\":\"https:\\\/\\\/www.koonings.com\\\/wp-content\\\/uploads\\\/2024\\\/11\\\/35634_9e9f189f8a74c2714451d4d3feeb4b458ea11c28eac7eb4291ee7a1b476c9d1b0b6f9918.jpeg\",\"datePublished\":\"2025-12-14T23:08:10+00:00\",\"dateModified\":\"2026-02-03T19:02:43+00:00\",\"description\":\"La robe de mari\u00e9e Selene est magnifiquement remise au go\u00fbt du jour, avec une nouvelle coupe sup\u00e9rieure et une dentelle baroque classique enrichie de magnifiques perles scintillantes faites \u00e0 la main. Selene x \u00c9dition pr\u00e9sente un corsage enti\u00e8rement doubl\u00e9 avec des bretelles perl\u00e9es redessin\u00e9es pour un soutien et un scintillement encore plus flatteurs. La combinaison unique de tissus luxueux et d'une jupe \u00e9vas\u00e9e spectaculaire est s\u00fbre de compl\u00e9ter et de flatter n'importe quelle silhouette.\",\"breadcrumb\":{\"@id\":\"https:\\\/\\\/www.koonings.com\\\/fr\\\/product\\\/enzoani-portrait-selene\\\/#breadcrumb\"},\"inLanguage\":\"fr-FR\",\"potentialAction\":[{\"@type\":\"ReadAction\",\"target\":[\"https:\\\/\\\/www.koonings.com\\\/fr\\\/product\\\/enzoani-portrait-selene\\\/\"]}]},{\"@type\":\"ImageObject\",\"inLanguage\":\"fr-FR\",\"@id\":\"https:\\\/\\\/www.koonings.com\\\/fr\\\/product\\\/enzoani-portrait-selene\\\/#primaryimage\",\"url\":\"https:\\\/\\\/www.koonings.com\\\/wp-content\\\/uploads\\\/2024\\\/11\\\/35634_9e9f189f8a74c2714451d4d3feeb4b458ea11c28eac7eb4291ee7a1b476c9d1b0b6f9918.jpeg\",\"contentUrl\":\"https:\\\/\\\/www.koonings.com\\\/wp-content\\\/uploads\\\/2024\\\/11\\\/35634_9e9f189f8a74c2714451d4d3feeb4b458ea11c28eac7eb4291ee7a1b476c9d1b0b6f9918.jpeg\",\"width\":1064,\"height\":1418},{\"@type\":\"BreadcrumbList\",\"@id\":\"https:\\\/\\\/www.koonings.com\\\/fr\\\/product\\\/enzoani-portrait-selene\\\/#breadcrumb\",\"itemListElement\":[{\"@type\":\"ListItem\",\"position\":1,\"name\":\"Home\",\"item\":\"https:\\\/\\\/www.koonings.com\\\/fr\\\/\"},{\"@type\":\"ListItem\",\"position\":2,\"name\":\"Enzoani Portrait Selene\"}]},{\"@type\":\"WebSite\",\"@id\":\"https:\\\/\\\/www.koonings.com\\\/fr\\\/#website\",\"url\":\"https:\\\/\\\/www.koonings.com\\\/fr\\\/\",\"name\":\"Koonings\",\"description\":\"De grootste bruidsmodewinkel ter wereld\",\"publisher\":{\"@id\":\"https:\\\/\\\/www.koonings.com\\\/fr\\\/#organization\"},\"potentialAction\":[{\"@type\":\"SearchAction\",\"target\":{\"@type\":\"EntryPoint\",\"urlTemplate\":\"https:\\\/\\\/www.koonings.com\\\/fr\\\/?s={search_term_string}\"},\"query-input\":{\"@type\":\"PropertyValueSpecification\",\"valueRequired\":true,\"valueName\":\"search_term_string\"}}],\"inLanguage\":\"fr-FR\"},{\"@type\":\"Organization\",\"@id\":\"https:\\\/\\\/www.koonings.com\\\/fr\\\/#organization\",\"name\":\"Koonings\",\"url\":\"https:\\\/\\\/www.koonings.com\\\/fr\\\/\",\"logo\":{\"@type\":\"ImageObject\",\"inLanguage\":\"fr-FR\",\"@id\":\"https:\\\/\\\/www.koonings.com\\\/fr\\\/#\\\/schema\\\/logo\\\/image\\\/\",\"url\":\"https:\\\/\\\/www.koonings.com\\\/wp-content\\\/uploads\\\/2024\\\/07\\\/logo.png\",\"contentUrl\":\"https:\\\/\\\/www.koonings.com\\\/wp-content\\\/uploads\\\/2024\\\/07\\\/logo.png\",\"width\":600,\"height\":428,\"caption\":\"Koonings\"},\"image\":{\"@id\":\"https:\\\/\\\/www.koonings.com\\\/fr\\\/#\\\/schema\\\/logo\\\/image\\\/\"},\"sameAs\":[\"https:\\\/\\\/www.facebook.com\\\/kooningstheweddingpalace\",\"https:\\\/\\\/www.instagram.com\\\/kooningstheweddingpalace\",\"https:\\\/\\\/www.pinterest.com\\\/koonings\",\"https:\\\/\\\/www.youtube.com\\\/kooningstheweddingpalace\"]}]}<\/script>\n<!-- \/ Yoast SEO plugin. -->","yoast_head_json":{"title":"Enzoani Portrait Selene | Koonings","description":"La robe de mari\u00e9e Selene est magnifiquement remise au go\u00fbt du jour, avec une nouvelle coupe sup\u00e9rieure et une dentelle baroque classique enrichie de magnifiques perles scintillantes faites \u00e0 la main. Selene x \u00c9dition pr\u00e9sente un corsage enti\u00e8rement doubl\u00e9 avec des bretelles perl\u00e9es redessin\u00e9es pour un soutien et un scintillement encore plus flatteurs. La combinaison unique de tissus luxueux et d'une jupe \u00e9vas\u00e9e spectaculaire est s\u00fbre de compl\u00e9ter et de flatter n'importe quelle silhouette.","robots":{"index":"index","follow":"follow","max-snippet":"max-snippet:-1","max-image-preview":"max-image-preview:large","max-video-preview":"max-video-preview:-1"},"canonical":"https:\/\/www.koonings.com\/fr\/product\/enzoani-portrait-selene\/","og_locale":"fr_FR","og_type":"article","og_title":"Enzoani Portrait Selene | Koonings","og_description":"La robe de mari\u00e9e Selene est magnifiquement remise au go\u00fbt du jour, avec une nouvelle coupe sup\u00e9rieure et une dentelle baroque classique enrichie de magnifiques perles scintillantes faites \u00e0 la main. Selene x \u00c9dition pr\u00e9sente un corsage enti\u00e8rement doubl\u00e9 avec des bretelles perl\u00e9es redessin\u00e9es pour un soutien et un scintillement encore plus flatteurs. La combinaison unique de tissus luxueux et d'une jupe \u00e9vas\u00e9e spectaculaire est s\u00fbre de compl\u00e9ter et de flatter n'importe quelle silhouette.","og_url":"https:\/\/www.koonings.com\/fr\/product\/enzoani-portrait-selene\/","og_site_name":"Koonings","article_publisher":"https:\/\/www.facebook.com\/kooningstheweddingpalace","article_modified_time":"2026-02-03T19:02:43+00:00","og_image":[{"width":1064,"height":1418,"url":"https:\/\/www.koonings.com\/wp-content\/uploads\/2024\/11\/35634_9e9f189f8a74c2714451d4d3feeb4b458ea11c28eac7eb4291ee7a1b476c9d1b0b6f9918.jpeg","type":"image\/jpeg"}],"twitter_card":"summary_large_image","schema":{"@context":"https:\/\/schema.org","@graph":[{"@type":"WebPage","@id":"https:\/\/www.koonings.com\/fr\/product\/enzoani-portrait-selene\/","url":"https:\/\/www.koonings.com\/fr\/product\/enzoani-portrait-selene\/","name":"Enzoani Portrait Selene | Koonings","isPartOf":{"@id":"https:\/\/www.koonings.com\/fr\/#website"},"primaryImageOfPage":{"@id":"https:\/\/www.koonings.com\/fr\/product\/enzoani-portrait-selene\/#primaryimage"},"image":{"@id":"https:\/\/www.koonings.com\/fr\/product\/enzoani-portrait-selene\/#primaryimage"},"thumbnailUrl":"https:\/\/www.koonings.com\/wp-content\/uploads\/2024\/11\/35634_9e9f189f8a74c2714451d4d3feeb4b458ea11c28eac7eb4291ee7a1b476c9d1b0b6f9918.jpeg","datePublished":"2025-12-14T23:08:10+00:00","dateModified":"2026-02-03T19:02:43+00:00","description":"La robe de mari\u00e9e Selene est magnifiquement remise au go\u00fbt du jour, avec une nouvelle coupe sup\u00e9rieure et une dentelle baroque classique enrichie de magnifiques perles scintillantes faites \u00e0 la main. Selene x \u00c9dition pr\u00e9sente un corsage enti\u00e8rement doubl\u00e9 avec des bretelles perl\u00e9es redessin\u00e9es pour un soutien et un scintillement encore plus flatteurs. La combinaison unique de tissus luxueux et d'une jupe \u00e9vas\u00e9e spectaculaire est s\u00fbre de compl\u00e9ter et de flatter n'importe quelle silhouette.","breadcrumb":{"@id":"https:\/\/www.koonings.com\/fr\/product\/enzoani-portrait-selene\/#breadcrumb"},"inLanguage":"fr-FR","potentialAction":[{"@type":"ReadAction","target":["https:\/\/www.koonings.com\/fr\/product\/enzoani-portrait-selene\/"]}]},{"@type":"ImageObject","inLanguage":"fr-FR","@id":"https:\/\/www.koonings.com\/fr\/product\/enzoani-portrait-selene\/#primaryimage","url":"https:\/\/www.koonings.com\/wp-content\/uploads\/2024\/11\/35634_9e9f189f8a74c2714451d4d3feeb4b458ea11c28eac7eb4291ee7a1b476c9d1b0b6f9918.jpeg","contentUrl":"https:\/\/www.koonings.com\/wp-content\/uploads\/2024\/11\/35634_9e9f189f8a74c2714451d4d3feeb4b458ea11c28eac7eb4291ee7a1b476c9d1b0b6f9918.jpeg","width":1064,"height":1418},{"@type":"BreadcrumbList","@id":"https:\/\/www.koonings.com\/fr\/product\/enzoani-portrait-selene\/#breadcrumb","itemListElement":[{"@type":"ListItem","position":1,"name":"Home","item":"https:\/\/www.koonings.com\/fr\/"},{"@type":"ListItem","position":2,"name":"Enzoani Portrait Selene"}]},{"@type":"WebSite","@id":"https:\/\/www.koonings.com\/fr\/#website","url":"https:\/\/www.koonings.com\/fr\/","name":"Koonings","description":"De grootste bruidsmodewinkel ter wereld","publisher":{"@id":"https:\/\/www.koonings.com\/fr\/#organization"},"potentialAction":[{"@type":"SearchAction","target":{"@type":"EntryPoint","urlTemplate":"https:\/\/www.koonings.com\/fr\/?s={search_term_string}"},"query-input":{"@type":"PropertyValueSpecification","valueRequired":true,"valueName":"search_term_string"}}],"inLanguage":"fr-FR"},{"@type":"Organization","@id":"https:\/\/www.koonings.com\/fr\/#organization","name":"Koonings","url":"https:\/\/www.koonings.com\/fr\/","logo":{"@type":"ImageObject","inLanguage":"fr-FR","@id":"https:\/\/www.koonings.com\/fr\/#\/schema\/logo\/image\/","url":"https:\/\/www.koonings.com\/wp-content\/uploads\/2024\/07\/logo.png","contentUrl":"https:\/\/www.koonings.com\/wp-content\/uploads\/2024\/07\/logo.png","width":600,"height":428,"caption":"Koonings"},"image":{"@id":"https:\/\/www.koonings.com\/fr\/#\/schema\/logo\/image\/"},"sameAs":["https:\/\/www.facebook.com\/kooningstheweddingpalace","https:\/\/www.instagram.com\/kooningstheweddingpalace","https:\/\/www.pinterest.com\/koonings","https:\/\/www.youtube.com\/kooningstheweddingpalace"]}]}},"_links":{"self":[{"href":"https:\/\/www.koonings.com\/fr\/wp-json\/wp\/v2\/product\/79666","targetHints":{"allow":["GET"]}}],"collection":[{"href":"https:\/\/www.koonings.com\/fr\/wp-json\/wp\/v2\/product"}],"about":[{"href":"https:\/\/www.koonings.com\/fr\/wp-json\/wp\/v2\/types\/product"}],"wp:featuredmedia":[{"embeddable":true,"href":"https:\/\/www.koonings.com\/fr\/wp-json\/wp\/v2\/media\/72073"}],"wp:attachment":[{"href":"https:\/\/www.koonings.com\/fr\/wp-json\/wp\/v2\/media?parent=79666"}],"wp:term":[{"taxonomy":"productdetails","embeddable":true,"href":"https:\/\/www.koonings.com\/fr\/wp-json\/wp\/v2\/productdetails?post=79666"},{"taxonomy":"productneck","embeddable":true,"href":"https:\/\/www.koonings.com\/fr\/wp-json\/wp\/v2\/productneck?post=79666"},{"taxonomy":"productcolor","embeddable":true,"href":"https:\/\/www.koonings.com\/fr\/wp-json\/wp\/v2\/productcolor?post=79666"},{"taxonomy":"maat","embeddable":true,"href":"https:\/\/www.koonings.com\/fr\/wp-json\/wp\/v2\/maat?post=79666"},{"taxonomy":"productsupplier","embeddable":true,"href":"https:\/\/www.koonings.com\/fr\/wp-json\/wp\/v2\/productsupplier?post=79666"},{"taxonomy":"productsleeve","embeddable":true,"href":"https:\/\/www.koonings.com\/fr\/wp-json\/wp\/v2\/productsleeve?post=79666"},{"taxonomy":"productcategory","embeddable":true,"href":"https:\/\/www.koonings.com\/fr\/wp-json\/wp\/v2\/productcategory?post=79666"},{"taxonomy":"productsilhouette","embeddable":true,"href":"https:\/\/www.koonings.com\/fr\/wp-json\/wp\/v2\/productsilhouette?post=79666"},{"taxonomy":"productstyle","embeddable":true,"href":"https:\/\/www.koonings.com\/fr\/wp-json\/wp\/v2\/productstyle?post=79666"}],"curies":[{"name":"wp","href":"https:\/\/api.w.org\/{rel}","templated":true}]}}