{"id":79624,"date":"2026-04-28T18:06:19","date_gmt":"2026-04-28T16:06:19","guid":{"rendered":"https:\/\/www.koonings.com\/product\/eve-of-milady-366\/"},"modified":"2026-02-16T14:53:57","modified_gmt":"2026-02-16T13:53:57","slug":"eve-of-milady-366","status":"publish","type":"product","link":"https:\/\/www.koonings.com\/fr\/product\/eve-of-milady-366\/","title":{"rendered":"La veille de Milady 366"},"content":{"rendered":"<p>Cette robe de mari\u00e9e sir\u00e8ne est fantastique et tr\u00e8s sexy. Le corsage long et ajust\u00e9 pr\u00e9sente un d\u00e9collet\u00e9 en forme de c\u0153ur et un dos tr\u00e8s bas. Les bretelles peuvent \u00e9galement \u00eatre port\u00e9es hors \u00e9paule. La jupe volumineuse, avec ses nombreux plis et sa longue tra\u00eene, est l&#8217;incarnation m\u00eame de l&#8217;extravagance. Rien n&#8217;est plus beau que de porter cette robe le jour de votre mariage.    <\/p>\n","protected":false},"featured_media":72309,"template":"","meta":{"_acf_changed":false,"ghostkit_customizer_options":"","ghostkit_custom_css":"","ghostkit_custom_js_head":"","ghostkit_custom_js_foot":"","ghostkit_typography":""},"productdetails":[379,377,376,381],"productneck":[355],"productcolor":[393,392],"maat":[],"productsupplier":[407],"productsleeve":[363],"productcategory":[18],"productsilhouette":[387],"productstyle":[367,366,370],"class_list":["post-79624","product","type-product","status-publish","has-post-thumbnail","hentry","productdetails-379","productdetails-377","productdetails-376","productdetails-381","productneck-355","productcolor-393","productcolor-392","productsupplier-eve-of-milady","productsleeve-363","productcategory-trouwjurken","productsilhouette-387","productstyle-367","productstyle-366","productstyle-370"],"acf":[],"yoast_head":"<!-- This site is optimized with the Yoast SEO plugin v27.3 - https:\/\/yoast.com\/product\/yoast-seo-wordpress\/ -->\n<title>La veille de Milady 366 | Koonings<\/title>\n<meta name=\"description\" content=\"Cette robe de mari\u00e9e sir\u00e8ne est fantastique et tr\u00e8s sexy. Le corsage long et ajust\u00e9 pr\u00e9sente un d\u00e9collet\u00e9 en forme de c\u0153ur et un dos tr\u00e8s bas. Les bretelles peuvent \u00e9galement \u00eatre port\u00e9es hors \u00e9paule. La jupe volumineuse, avec ses nombreux plis et sa longue tra\u00eene, est l&#039;incarnation m\u00eame de l&#039;extravagance. Rien n&#039;est plus beau que de porter cette robe le jour de votre mariage.\" \/>\n<meta name=\"robots\" content=\"index, follow, max-snippet:-1, max-image-preview:large, max-video-preview:-1\" \/>\n<link rel=\"canonical\" href=\"https:\/\/www.koonings.com\/fr\/product\/eve-of-milady-366\/\" \/>\n<meta property=\"og:locale\" content=\"fr_FR\" \/>\n<meta property=\"og:type\" content=\"article\" \/>\n<meta property=\"og:title\" content=\"La veille de Milady 366 | Koonings\" \/>\n<meta property=\"og:description\" content=\"Cette robe de mari\u00e9e sir\u00e8ne est fantastique et tr\u00e8s sexy. Le corsage long et ajust\u00e9 pr\u00e9sente un d\u00e9collet\u00e9 en forme de c\u0153ur et un dos tr\u00e8s bas. Les bretelles peuvent \u00e9galement \u00eatre port\u00e9es hors \u00e9paule. La jupe volumineuse, avec ses nombreux plis et sa longue tra\u00eene, est l&#039;incarnation m\u00eame de l&#039;extravagance. Rien n&#039;est plus beau que de porter cette robe le jour de votre mariage.\" \/>\n<meta property=\"og:url\" content=\"https:\/\/www.koonings.com\/fr\/product\/eve-of-milady-366\/\" \/>\n<meta property=\"og:site_name\" content=\"Koonings\" \/>\n<meta property=\"article:publisher\" content=\"https:\/\/www.facebook.com\/kooningstheweddingpalace\" \/>\n<meta property=\"og:image\" content=\"https:\/\/www.koonings.com\/wp-content\/uploads\/2024\/11\/28726_52287d22a9d537e0e9c47c3428ce1a4b607a545090e2d5e759066b9da8d6003fa2de3daa.jpeg\" \/>\n\t<meta property=\"og:image:width\" content=\"788\" \/>\n\t<meta property=\"og:image:height\" content=\"1113\" \/>\n\t<meta property=\"og:image:type\" content=\"image\/jpeg\" \/>\n<meta name=\"twitter:card\" content=\"summary_large_image\" \/>\n<script type=\"application\/ld+json\" class=\"yoast-schema-graph\">{\"@context\":\"https:\\\/\\\/schema.org\",\"@graph\":[{\"@type\":\"WebPage\",\"@id\":\"https:\\\/\\\/www.koonings.com\\\/fr\\\/product\\\/eve-of-milady-366\\\/\",\"url\":\"https:\\\/\\\/www.koonings.com\\\/fr\\\/product\\\/eve-of-milady-366\\\/\",\"name\":\"La veille de Milady 366 | Koonings\",\"isPartOf\":{\"@id\":\"https:\\\/\\\/www.koonings.com\\\/fr\\\/#website\"},\"primaryImageOfPage\":{\"@id\":\"https:\\\/\\\/www.koonings.com\\\/fr\\\/product\\\/eve-of-milady-366\\\/#primaryimage\"},\"image\":{\"@id\":\"https:\\\/\\\/www.koonings.com\\\/fr\\\/product\\\/eve-of-milady-366\\\/#primaryimage\"},\"thumbnailUrl\":\"https:\\\/\\\/www.koonings.com\\\/wp-content\\\/uploads\\\/2024\\\/11\\\/28726_52287d22a9d537e0e9c47c3428ce1a4b607a545090e2d5e759066b9da8d6003fa2de3daa.jpeg\",\"datePublished\":\"2026-04-28T16:06:19+00:00\",\"description\":\"Cette robe de mari\u00e9e sir\u00e8ne est fantastique et tr\u00e8s sexy. Le corsage long et ajust\u00e9 pr\u00e9sente un d\u00e9collet\u00e9 en forme de c\u0153ur et un dos tr\u00e8s bas. Les bretelles peuvent \u00e9galement \u00eatre port\u00e9es hors \u00e9paule. La jupe volumineuse, avec ses nombreux plis et sa longue tra\u00eene, est l'incarnation m\u00eame de l'extravagance. Rien n'est plus beau que de porter cette robe le jour de votre mariage.\",\"breadcrumb\":{\"@id\":\"https:\\\/\\\/www.koonings.com\\\/fr\\\/product\\\/eve-of-milady-366\\\/#breadcrumb\"},\"inLanguage\":\"fr-FR\",\"potentialAction\":[{\"@type\":\"ReadAction\",\"target\":[\"https:\\\/\\\/www.koonings.com\\\/fr\\\/product\\\/eve-of-milady-366\\\/\"]}]},{\"@type\":\"ImageObject\",\"inLanguage\":\"fr-FR\",\"@id\":\"https:\\\/\\\/www.koonings.com\\\/fr\\\/product\\\/eve-of-milady-366\\\/#primaryimage\",\"url\":\"https:\\\/\\\/www.koonings.com\\\/wp-content\\\/uploads\\\/2024\\\/11\\\/28726_52287d22a9d537e0e9c47c3428ce1a4b607a545090e2d5e759066b9da8d6003fa2de3daa.jpeg\",\"contentUrl\":\"https:\\\/\\\/www.koonings.com\\\/wp-content\\\/uploads\\\/2024\\\/11\\\/28726_52287d22a9d537e0e9c47c3428ce1a4b607a545090e2d5e759066b9da8d6003fa2de3daa.jpeg\",\"width\":788,\"height\":1113},{\"@type\":\"BreadcrumbList\",\"@id\":\"https:\\\/\\\/www.koonings.com\\\/fr\\\/product\\\/eve-of-milady-366\\\/#breadcrumb\",\"itemListElement\":[{\"@type\":\"ListItem\",\"position\":1,\"name\":\"Home\",\"item\":\"https:\\\/\\\/www.koonings.com\\\/fr\\\/\"},{\"@type\":\"ListItem\",\"position\":2,\"name\":\"La veille de Milady 366\"}]},{\"@type\":\"WebSite\",\"@id\":\"https:\\\/\\\/www.koonings.com\\\/fr\\\/#website\",\"url\":\"https:\\\/\\\/www.koonings.com\\\/fr\\\/\",\"name\":\"Koonings\",\"description\":\"De grootste bruidsmodewinkel ter wereld\",\"publisher\":{\"@id\":\"https:\\\/\\\/www.koonings.com\\\/fr\\\/#organization\"},\"potentialAction\":[{\"@type\":\"SearchAction\",\"target\":{\"@type\":\"EntryPoint\",\"urlTemplate\":\"https:\\\/\\\/www.koonings.com\\\/fr\\\/?s={search_term_string}\"},\"query-input\":{\"@type\":\"PropertyValueSpecification\",\"valueRequired\":true,\"valueName\":\"search_term_string\"}}],\"inLanguage\":\"fr-FR\"},{\"@type\":\"Organization\",\"@id\":\"https:\\\/\\\/www.koonings.com\\\/fr\\\/#organization\",\"name\":\"Koonings\",\"url\":\"https:\\\/\\\/www.koonings.com\\\/fr\\\/\",\"logo\":{\"@type\":\"ImageObject\",\"inLanguage\":\"fr-FR\",\"@id\":\"https:\\\/\\\/www.koonings.com\\\/fr\\\/#\\\/schema\\\/logo\\\/image\\\/\",\"url\":\"https:\\\/\\\/www.koonings.com\\\/wp-content\\\/uploads\\\/2024\\\/07\\\/logo.png\",\"contentUrl\":\"https:\\\/\\\/www.koonings.com\\\/wp-content\\\/uploads\\\/2024\\\/07\\\/logo.png\",\"width\":600,\"height\":428,\"caption\":\"Koonings\"},\"image\":{\"@id\":\"https:\\\/\\\/www.koonings.com\\\/fr\\\/#\\\/schema\\\/logo\\\/image\\\/\"},\"sameAs\":[\"https:\\\/\\\/www.facebook.com\\\/kooningstheweddingpalace\",\"https:\\\/\\\/www.instagram.com\\\/kooningstheweddingpalace\",\"https:\\\/\\\/www.pinterest.com\\\/koonings\",\"https:\\\/\\\/www.youtube.com\\\/kooningstheweddingpalace\"]}]}<\/script>\n<!-- \/ Yoast SEO plugin. -->","yoast_head_json":{"title":"La veille de Milady 366 | Koonings","description":"Cette robe de mari\u00e9e sir\u00e8ne est fantastique et tr\u00e8s sexy. Le corsage long et ajust\u00e9 pr\u00e9sente un d\u00e9collet\u00e9 en forme de c\u0153ur et un dos tr\u00e8s bas. Les bretelles peuvent \u00e9galement \u00eatre port\u00e9es hors \u00e9paule. La jupe volumineuse, avec ses nombreux plis et sa longue tra\u00eene, est l'incarnation m\u00eame de l'extravagance. Rien n'est plus beau que de porter cette robe le jour de votre mariage.","robots":{"index":"index","follow":"follow","max-snippet":"max-snippet:-1","max-image-preview":"max-image-preview:large","max-video-preview":"max-video-preview:-1"},"canonical":"https:\/\/www.koonings.com\/fr\/product\/eve-of-milady-366\/","og_locale":"fr_FR","og_type":"article","og_title":"La veille de Milady 366 | Koonings","og_description":"Cette robe de mari\u00e9e sir\u00e8ne est fantastique et tr\u00e8s sexy. Le corsage long et ajust\u00e9 pr\u00e9sente un d\u00e9collet\u00e9 en forme de c\u0153ur et un dos tr\u00e8s bas. Les bretelles peuvent \u00e9galement \u00eatre port\u00e9es hors \u00e9paule. La jupe volumineuse, avec ses nombreux plis et sa longue tra\u00eene, est l'incarnation m\u00eame de l'extravagance. Rien n'est plus beau que de porter cette robe le jour de votre mariage.","og_url":"https:\/\/www.koonings.com\/fr\/product\/eve-of-milady-366\/","og_site_name":"Koonings","article_publisher":"https:\/\/www.facebook.com\/kooningstheweddingpalace","og_image":[{"width":788,"height":1113,"url":"https:\/\/www.koonings.com\/wp-content\/uploads\/2024\/11\/28726_52287d22a9d537e0e9c47c3428ce1a4b607a545090e2d5e759066b9da8d6003fa2de3daa.jpeg","type":"image\/jpeg"}],"twitter_card":"summary_large_image","schema":{"@context":"https:\/\/schema.org","@graph":[{"@type":"WebPage","@id":"https:\/\/www.koonings.com\/fr\/product\/eve-of-milady-366\/","url":"https:\/\/www.koonings.com\/fr\/product\/eve-of-milady-366\/","name":"La veille de Milady 366 | Koonings","isPartOf":{"@id":"https:\/\/www.koonings.com\/fr\/#website"},"primaryImageOfPage":{"@id":"https:\/\/www.koonings.com\/fr\/product\/eve-of-milady-366\/#primaryimage"},"image":{"@id":"https:\/\/www.koonings.com\/fr\/product\/eve-of-milady-366\/#primaryimage"},"thumbnailUrl":"https:\/\/www.koonings.com\/wp-content\/uploads\/2024\/11\/28726_52287d22a9d537e0e9c47c3428ce1a4b607a545090e2d5e759066b9da8d6003fa2de3daa.jpeg","datePublished":"2026-04-28T16:06:19+00:00","description":"Cette robe de mari\u00e9e sir\u00e8ne est fantastique et tr\u00e8s sexy. Le corsage long et ajust\u00e9 pr\u00e9sente un d\u00e9collet\u00e9 en forme de c\u0153ur et un dos tr\u00e8s bas. Les bretelles peuvent \u00e9galement \u00eatre port\u00e9es hors \u00e9paule. La jupe volumineuse, avec ses nombreux plis et sa longue tra\u00eene, est l'incarnation m\u00eame de l'extravagance. Rien n'est plus beau que de porter cette robe le jour de votre mariage.","breadcrumb":{"@id":"https:\/\/www.koonings.com\/fr\/product\/eve-of-milady-366\/#breadcrumb"},"inLanguage":"fr-FR","potentialAction":[{"@type":"ReadAction","target":["https:\/\/www.koonings.com\/fr\/product\/eve-of-milady-366\/"]}]},{"@type":"ImageObject","inLanguage":"fr-FR","@id":"https:\/\/www.koonings.com\/fr\/product\/eve-of-milady-366\/#primaryimage","url":"https:\/\/www.koonings.com\/wp-content\/uploads\/2024\/11\/28726_52287d22a9d537e0e9c47c3428ce1a4b607a545090e2d5e759066b9da8d6003fa2de3daa.jpeg","contentUrl":"https:\/\/www.koonings.com\/wp-content\/uploads\/2024\/11\/28726_52287d22a9d537e0e9c47c3428ce1a4b607a545090e2d5e759066b9da8d6003fa2de3daa.jpeg","width":788,"height":1113},{"@type":"BreadcrumbList","@id":"https:\/\/www.koonings.com\/fr\/product\/eve-of-milady-366\/#breadcrumb","itemListElement":[{"@type":"ListItem","position":1,"name":"Home","item":"https:\/\/www.koonings.com\/fr\/"},{"@type":"ListItem","position":2,"name":"La veille de Milady 366"}]},{"@type":"WebSite","@id":"https:\/\/www.koonings.com\/fr\/#website","url":"https:\/\/www.koonings.com\/fr\/","name":"Koonings","description":"De grootste bruidsmodewinkel ter wereld","publisher":{"@id":"https:\/\/www.koonings.com\/fr\/#organization"},"potentialAction":[{"@type":"SearchAction","target":{"@type":"EntryPoint","urlTemplate":"https:\/\/www.koonings.com\/fr\/?s={search_term_string}"},"query-input":{"@type":"PropertyValueSpecification","valueRequired":true,"valueName":"search_term_string"}}],"inLanguage":"fr-FR"},{"@type":"Organization","@id":"https:\/\/www.koonings.com\/fr\/#organization","name":"Koonings","url":"https:\/\/www.koonings.com\/fr\/","logo":{"@type":"ImageObject","inLanguage":"fr-FR","@id":"https:\/\/www.koonings.com\/fr\/#\/schema\/logo\/image\/","url":"https:\/\/www.koonings.com\/wp-content\/uploads\/2024\/07\/logo.png","contentUrl":"https:\/\/www.koonings.com\/wp-content\/uploads\/2024\/07\/logo.png","width":600,"height":428,"caption":"Koonings"},"image":{"@id":"https:\/\/www.koonings.com\/fr\/#\/schema\/logo\/image\/"},"sameAs":["https:\/\/www.facebook.com\/kooningstheweddingpalace","https:\/\/www.instagram.com\/kooningstheweddingpalace","https:\/\/www.pinterest.com\/koonings","https:\/\/www.youtube.com\/kooningstheweddingpalace"]}]}},"_links":{"self":[{"href":"https:\/\/www.koonings.com\/fr\/wp-json\/wp\/v2\/product\/79624","targetHints":{"allow":["GET"]}}],"collection":[{"href":"https:\/\/www.koonings.com\/fr\/wp-json\/wp\/v2\/product"}],"about":[{"href":"https:\/\/www.koonings.com\/fr\/wp-json\/wp\/v2\/types\/product"}],"wp:featuredmedia":[{"embeddable":true,"href":"https:\/\/www.koonings.com\/fr\/wp-json\/wp\/v2\/media\/72309"}],"wp:attachment":[{"href":"https:\/\/www.koonings.com\/fr\/wp-json\/wp\/v2\/media?parent=79624"}],"wp:term":[{"taxonomy":"productdetails","embeddable":true,"href":"https:\/\/www.koonings.com\/fr\/wp-json\/wp\/v2\/productdetails?post=79624"},{"taxonomy":"productneck","embeddable":true,"href":"https:\/\/www.koonings.com\/fr\/wp-json\/wp\/v2\/productneck?post=79624"},{"taxonomy":"productcolor","embeddable":true,"href":"https:\/\/www.koonings.com\/fr\/wp-json\/wp\/v2\/productcolor?post=79624"},{"taxonomy":"maat","embeddable":true,"href":"https:\/\/www.koonings.com\/fr\/wp-json\/wp\/v2\/maat?post=79624"},{"taxonomy":"productsupplier","embeddable":true,"href":"https:\/\/www.koonings.com\/fr\/wp-json\/wp\/v2\/productsupplier?post=79624"},{"taxonomy":"productsleeve","embeddable":true,"href":"https:\/\/www.koonings.com\/fr\/wp-json\/wp\/v2\/productsleeve?post=79624"},{"taxonomy":"productcategory","embeddable":true,"href":"https:\/\/www.koonings.com\/fr\/wp-json\/wp\/v2\/productcategory?post=79624"},{"taxonomy":"productsilhouette","embeddable":true,"href":"https:\/\/www.koonings.com\/fr\/wp-json\/wp\/v2\/productsilhouette?post=79624"},{"taxonomy":"productstyle","embeddable":true,"href":"https:\/\/www.koonings.com\/fr\/wp-json\/wp\/v2\/productstyle?post=79624"}],"curies":[{"name":"wp","href":"https:\/\/api.w.org\/{rel}","templated":true}]}}