{"id":79619,"date":"2026-04-14T16:10:14","date_gmt":"2026-04-14T14:10:14","guid":{"rendered":"https:\/\/www.koonings.com\/product\/etoile-lea-3\/"},"modified":"2026-02-16T14:54:03","modified_gmt":"2026-02-16T13:54:03","slug":"etoile-lea-3","status":"publish","type":"product","link":"https:\/\/www.koonings.com\/fr\/product\/etoile-lea-3\/","title":{"rendered":"Etoile Lea"},"content":{"rendered":"<p>Comme un conte de f\u00e9es nuptial devenu r\u00e9alit\u00e9, L\u00c9A est faite \u00e0 la perfection. Cette beaut\u00e9 en ligne A pr\u00e9sente des fleurs \u00e9tincelantes et de la dentelle de Chantilly sur le corsage en dentelle illusion avec une taille abaiss\u00e9e pour un effet dramatique sur la jupe de r\u00eave. La dentelle chatoyante et enti\u00e8rement perl\u00e9e se trouve sur les deux couches de tulle, avec une couche sup\u00e9rieure suppl\u00e9mentaire de tulle de sorte que la dentelle coule dans la couche inf\u00e9rieure pour une sensation \u00e9th\u00e9r\u00e9e. Ce look multidimensionnel est si complexe que toutes les paillettes attirent l&#8217;attention sur votre passage.   <\/p>\n","protected":false},"featured_media":72349,"template":"","meta":{"_acf_changed":false,"ghostkit_customizer_options":"","ghostkit_custom_css":"","ghostkit_custom_js_head":"","ghostkit_custom_js_foot":"","ghostkit_typography":""},"productdetails":[376,381],"productneck":[355],"productcolor":[393,392],"maat":[],"productsupplier":[492],"productsleeve":[359],"productcategory":[18],"productsilhouette":[384],"productstyle":[366],"class_list":["post-79619","product","type-product","status-publish","has-post-thumbnail","hentry","productdetails-376","productdetails-381","productneck-355","productcolor-393","productcolor-392","productsupplier-etoile","productsleeve-359","productcategory-trouwjurken","productsilhouette-384","productstyle-366"],"acf":[],"yoast_head":"<!-- This site is optimized with the Yoast SEO plugin v27.3 - https:\/\/yoast.com\/product\/yoast-seo-wordpress\/ -->\n<title>Etoile Lea | Koonings<\/title>\n<meta name=\"description\" content=\"Comme un conte de f\u00e9es nuptial devenu r\u00e9alit\u00e9, L\u00c9A est faite \u00e0 la perfection. Cette beaut\u00e9 en ligne A pr\u00e9sente des fleurs \u00e9tincelantes et de la dentelle de Chantilly sur le corsage en dentelle illusion avec une taille abaiss\u00e9e pour un effet dramatique sur la jupe de r\u00eave. La dentelle chatoyante et enti\u00e8rement perl\u00e9e se trouve sur les deux couches de tulle, avec une couche sup\u00e9rieure suppl\u00e9mentaire de tulle de sorte que la dentelle coule dans la couche inf\u00e9rieure pour une sensation \u00e9th\u00e9r\u00e9e. Ce look multidimensionnel est si complexe que toutes les paillettes attirent l&#039;attention sur votre passage.\" \/>\n<meta name=\"robots\" content=\"index, follow, max-snippet:-1, max-image-preview:large, max-video-preview:-1\" \/>\n<link rel=\"canonical\" href=\"https:\/\/www.koonings.com\/fr\/product\/etoile-lea-3\/\" \/>\n<meta property=\"og:locale\" content=\"fr_FR\" \/>\n<meta property=\"og:type\" content=\"article\" \/>\n<meta property=\"og:title\" content=\"Etoile Lea | Koonings\" \/>\n<meta property=\"og:description\" content=\"Comme un conte de f\u00e9es nuptial devenu r\u00e9alit\u00e9, L\u00c9A est faite \u00e0 la perfection. Cette beaut\u00e9 en ligne A pr\u00e9sente des fleurs \u00e9tincelantes et de la dentelle de Chantilly sur le corsage en dentelle illusion avec une taille abaiss\u00e9e pour un effet dramatique sur la jupe de r\u00eave. La dentelle chatoyante et enti\u00e8rement perl\u00e9e se trouve sur les deux couches de tulle, avec une couche sup\u00e9rieure suppl\u00e9mentaire de tulle de sorte que la dentelle coule dans la couche inf\u00e9rieure pour une sensation \u00e9th\u00e9r\u00e9e. Ce look multidimensionnel est si complexe que toutes les paillettes attirent l&#039;attention sur votre passage.\" \/>\n<meta property=\"og:url\" content=\"https:\/\/www.koonings.com\/fr\/product\/etoile-lea-3\/\" \/>\n<meta property=\"og:site_name\" content=\"Koonings\" \/>\n<meta property=\"article:publisher\" content=\"https:\/\/www.facebook.com\/kooningstheweddingpalace\" \/>\n<meta property=\"og:image\" content=\"https:\/\/www.koonings.com\/wp-content\/uploads\/2024\/11\/37798_4496bf9c52c7fe4f267d26e4f12bea78ce3b79b1016098113cacf065e38c8214d4660e59.jpeg\" \/>\n\t<meta property=\"og:image:width\" content=\"1035\" \/>\n\t<meta property=\"og:image:height\" content=\"1380\" \/>\n\t<meta property=\"og:image:type\" content=\"image\/jpeg\" \/>\n<meta name=\"twitter:card\" content=\"summary_large_image\" \/>\n<meta name=\"twitter:label1\" content=\"Dur\u00e9e de lecture estim\u00e9e\" \/>\n\t<meta name=\"twitter:data1\" content=\"1 minute\" \/>\n<script type=\"application\/ld+json\" class=\"yoast-schema-graph\">{\"@context\":\"https:\\\/\\\/schema.org\",\"@graph\":[{\"@type\":\"WebPage\",\"@id\":\"https:\\\/\\\/www.koonings.com\\\/fr\\\/product\\\/etoile-lea-3\\\/\",\"url\":\"https:\\\/\\\/www.koonings.com\\\/fr\\\/product\\\/etoile-lea-3\\\/\",\"name\":\"Etoile Lea | Koonings\",\"isPartOf\":{\"@id\":\"https:\\\/\\\/www.koonings.com\\\/fr\\\/#website\"},\"primaryImageOfPage\":{\"@id\":\"https:\\\/\\\/www.koonings.com\\\/fr\\\/product\\\/etoile-lea-3\\\/#primaryimage\"},\"image\":{\"@id\":\"https:\\\/\\\/www.koonings.com\\\/fr\\\/product\\\/etoile-lea-3\\\/#primaryimage\"},\"thumbnailUrl\":\"https:\\\/\\\/www.koonings.com\\\/wp-content\\\/uploads\\\/2024\\\/11\\\/37798_4496bf9c52c7fe4f267d26e4f12bea78ce3b79b1016098113cacf065e38c8214d4660e59.jpeg\",\"datePublished\":\"2026-04-14T14:10:14+00:00\",\"description\":\"Comme un conte de f\u00e9es nuptial devenu r\u00e9alit\u00e9, L\u00c9A est faite \u00e0 la perfection. Cette beaut\u00e9 en ligne A pr\u00e9sente des fleurs \u00e9tincelantes et de la dentelle de Chantilly sur le corsage en dentelle illusion avec une taille abaiss\u00e9e pour un effet dramatique sur la jupe de r\u00eave. La dentelle chatoyante et enti\u00e8rement perl\u00e9e se trouve sur les deux couches de tulle, avec une couche sup\u00e9rieure suppl\u00e9mentaire de tulle de sorte que la dentelle coule dans la couche inf\u00e9rieure pour une sensation \u00e9th\u00e9r\u00e9e. Ce look multidimensionnel est si complexe que toutes les paillettes attirent l'attention sur votre passage.\",\"breadcrumb\":{\"@id\":\"https:\\\/\\\/www.koonings.com\\\/fr\\\/product\\\/etoile-lea-3\\\/#breadcrumb\"},\"inLanguage\":\"fr-FR\",\"potentialAction\":[{\"@type\":\"ReadAction\",\"target\":[\"https:\\\/\\\/www.koonings.com\\\/fr\\\/product\\\/etoile-lea-3\\\/\"]}]},{\"@type\":\"ImageObject\",\"inLanguage\":\"fr-FR\",\"@id\":\"https:\\\/\\\/www.koonings.com\\\/fr\\\/product\\\/etoile-lea-3\\\/#primaryimage\",\"url\":\"https:\\\/\\\/www.koonings.com\\\/wp-content\\\/uploads\\\/2024\\\/11\\\/37798_4496bf9c52c7fe4f267d26e4f12bea78ce3b79b1016098113cacf065e38c8214d4660e59.jpeg\",\"contentUrl\":\"https:\\\/\\\/www.koonings.com\\\/wp-content\\\/uploads\\\/2024\\\/11\\\/37798_4496bf9c52c7fe4f267d26e4f12bea78ce3b79b1016098113cacf065e38c8214d4660e59.jpeg\",\"width\":1035,\"height\":1380},{\"@type\":\"BreadcrumbList\",\"@id\":\"https:\\\/\\\/www.koonings.com\\\/fr\\\/product\\\/etoile-lea-3\\\/#breadcrumb\",\"itemListElement\":[{\"@type\":\"ListItem\",\"position\":1,\"name\":\"Home\",\"item\":\"https:\\\/\\\/www.koonings.com\\\/fr\\\/\"},{\"@type\":\"ListItem\",\"position\":2,\"name\":\"Etoile Lea\"}]},{\"@type\":\"WebSite\",\"@id\":\"https:\\\/\\\/www.koonings.com\\\/fr\\\/#website\",\"url\":\"https:\\\/\\\/www.koonings.com\\\/fr\\\/\",\"name\":\"Koonings\",\"description\":\"De grootste bruidsmodewinkel ter wereld\",\"publisher\":{\"@id\":\"https:\\\/\\\/www.koonings.com\\\/fr\\\/#organization\"},\"potentialAction\":[{\"@type\":\"SearchAction\",\"target\":{\"@type\":\"EntryPoint\",\"urlTemplate\":\"https:\\\/\\\/www.koonings.com\\\/fr\\\/?s={search_term_string}\"},\"query-input\":{\"@type\":\"PropertyValueSpecification\",\"valueRequired\":true,\"valueName\":\"search_term_string\"}}],\"inLanguage\":\"fr-FR\"},{\"@type\":\"Organization\",\"@id\":\"https:\\\/\\\/www.koonings.com\\\/fr\\\/#organization\",\"name\":\"Koonings\",\"url\":\"https:\\\/\\\/www.koonings.com\\\/fr\\\/\",\"logo\":{\"@type\":\"ImageObject\",\"inLanguage\":\"fr-FR\",\"@id\":\"https:\\\/\\\/www.koonings.com\\\/fr\\\/#\\\/schema\\\/logo\\\/image\\\/\",\"url\":\"https:\\\/\\\/www.koonings.com\\\/wp-content\\\/uploads\\\/2024\\\/07\\\/logo.png\",\"contentUrl\":\"https:\\\/\\\/www.koonings.com\\\/wp-content\\\/uploads\\\/2024\\\/07\\\/logo.png\",\"width\":600,\"height\":428,\"caption\":\"Koonings\"},\"image\":{\"@id\":\"https:\\\/\\\/www.koonings.com\\\/fr\\\/#\\\/schema\\\/logo\\\/image\\\/\"},\"sameAs\":[\"https:\\\/\\\/www.facebook.com\\\/kooningstheweddingpalace\",\"https:\\\/\\\/www.instagram.com\\\/kooningstheweddingpalace\",\"https:\\\/\\\/www.pinterest.com\\\/koonings\",\"https:\\\/\\\/www.youtube.com\\\/kooningstheweddingpalace\"]}]}<\/script>\n<!-- \/ Yoast SEO plugin. -->","yoast_head_json":{"title":"Etoile Lea | Koonings","description":"Comme un conte de f\u00e9es nuptial devenu r\u00e9alit\u00e9, L\u00c9A est faite \u00e0 la perfection. Cette beaut\u00e9 en ligne A pr\u00e9sente des fleurs \u00e9tincelantes et de la dentelle de Chantilly sur le corsage en dentelle illusion avec une taille abaiss\u00e9e pour un effet dramatique sur la jupe de r\u00eave. La dentelle chatoyante et enti\u00e8rement perl\u00e9e se trouve sur les deux couches de tulle, avec une couche sup\u00e9rieure suppl\u00e9mentaire de tulle de sorte que la dentelle coule dans la couche inf\u00e9rieure pour une sensation \u00e9th\u00e9r\u00e9e. Ce look multidimensionnel est si complexe que toutes les paillettes attirent l'attention sur votre passage.","robots":{"index":"index","follow":"follow","max-snippet":"max-snippet:-1","max-image-preview":"max-image-preview:large","max-video-preview":"max-video-preview:-1"},"canonical":"https:\/\/www.koonings.com\/fr\/product\/etoile-lea-3\/","og_locale":"fr_FR","og_type":"article","og_title":"Etoile Lea | Koonings","og_description":"Comme un conte de f\u00e9es nuptial devenu r\u00e9alit\u00e9, L\u00c9A est faite \u00e0 la perfection. Cette beaut\u00e9 en ligne A pr\u00e9sente des fleurs \u00e9tincelantes et de la dentelle de Chantilly sur le corsage en dentelle illusion avec une taille abaiss\u00e9e pour un effet dramatique sur la jupe de r\u00eave. La dentelle chatoyante et enti\u00e8rement perl\u00e9e se trouve sur les deux couches de tulle, avec une couche sup\u00e9rieure suppl\u00e9mentaire de tulle de sorte que la dentelle coule dans la couche inf\u00e9rieure pour une sensation \u00e9th\u00e9r\u00e9e. Ce look multidimensionnel est si complexe que toutes les paillettes attirent l'attention sur votre passage.","og_url":"https:\/\/www.koonings.com\/fr\/product\/etoile-lea-3\/","og_site_name":"Koonings","article_publisher":"https:\/\/www.facebook.com\/kooningstheweddingpalace","og_image":[{"width":1035,"height":1380,"url":"https:\/\/www.koonings.com\/wp-content\/uploads\/2024\/11\/37798_4496bf9c52c7fe4f267d26e4f12bea78ce3b79b1016098113cacf065e38c8214d4660e59.jpeg","type":"image\/jpeg"}],"twitter_card":"summary_large_image","twitter_misc":{"Dur\u00e9e de lecture estim\u00e9e":"1 minute"},"schema":{"@context":"https:\/\/schema.org","@graph":[{"@type":"WebPage","@id":"https:\/\/www.koonings.com\/fr\/product\/etoile-lea-3\/","url":"https:\/\/www.koonings.com\/fr\/product\/etoile-lea-3\/","name":"Etoile Lea | Koonings","isPartOf":{"@id":"https:\/\/www.koonings.com\/fr\/#website"},"primaryImageOfPage":{"@id":"https:\/\/www.koonings.com\/fr\/product\/etoile-lea-3\/#primaryimage"},"image":{"@id":"https:\/\/www.koonings.com\/fr\/product\/etoile-lea-3\/#primaryimage"},"thumbnailUrl":"https:\/\/www.koonings.com\/wp-content\/uploads\/2024\/11\/37798_4496bf9c52c7fe4f267d26e4f12bea78ce3b79b1016098113cacf065e38c8214d4660e59.jpeg","datePublished":"2026-04-14T14:10:14+00:00","description":"Comme un conte de f\u00e9es nuptial devenu r\u00e9alit\u00e9, L\u00c9A est faite \u00e0 la perfection. Cette beaut\u00e9 en ligne A pr\u00e9sente des fleurs \u00e9tincelantes et de la dentelle de Chantilly sur le corsage en dentelle illusion avec une taille abaiss\u00e9e pour un effet dramatique sur la jupe de r\u00eave. La dentelle chatoyante et enti\u00e8rement perl\u00e9e se trouve sur les deux couches de tulle, avec une couche sup\u00e9rieure suppl\u00e9mentaire de tulle de sorte que la dentelle coule dans la couche inf\u00e9rieure pour une sensation \u00e9th\u00e9r\u00e9e. Ce look multidimensionnel est si complexe que toutes les paillettes attirent l'attention sur votre passage.","breadcrumb":{"@id":"https:\/\/www.koonings.com\/fr\/product\/etoile-lea-3\/#breadcrumb"},"inLanguage":"fr-FR","potentialAction":[{"@type":"ReadAction","target":["https:\/\/www.koonings.com\/fr\/product\/etoile-lea-3\/"]}]},{"@type":"ImageObject","inLanguage":"fr-FR","@id":"https:\/\/www.koonings.com\/fr\/product\/etoile-lea-3\/#primaryimage","url":"https:\/\/www.koonings.com\/wp-content\/uploads\/2024\/11\/37798_4496bf9c52c7fe4f267d26e4f12bea78ce3b79b1016098113cacf065e38c8214d4660e59.jpeg","contentUrl":"https:\/\/www.koonings.com\/wp-content\/uploads\/2024\/11\/37798_4496bf9c52c7fe4f267d26e4f12bea78ce3b79b1016098113cacf065e38c8214d4660e59.jpeg","width":1035,"height":1380},{"@type":"BreadcrumbList","@id":"https:\/\/www.koonings.com\/fr\/product\/etoile-lea-3\/#breadcrumb","itemListElement":[{"@type":"ListItem","position":1,"name":"Home","item":"https:\/\/www.koonings.com\/fr\/"},{"@type":"ListItem","position":2,"name":"Etoile Lea"}]},{"@type":"WebSite","@id":"https:\/\/www.koonings.com\/fr\/#website","url":"https:\/\/www.koonings.com\/fr\/","name":"Koonings","description":"De grootste bruidsmodewinkel ter wereld","publisher":{"@id":"https:\/\/www.koonings.com\/fr\/#organization"},"potentialAction":[{"@type":"SearchAction","target":{"@type":"EntryPoint","urlTemplate":"https:\/\/www.koonings.com\/fr\/?s={search_term_string}"},"query-input":{"@type":"PropertyValueSpecification","valueRequired":true,"valueName":"search_term_string"}}],"inLanguage":"fr-FR"},{"@type":"Organization","@id":"https:\/\/www.koonings.com\/fr\/#organization","name":"Koonings","url":"https:\/\/www.koonings.com\/fr\/","logo":{"@type":"ImageObject","inLanguage":"fr-FR","@id":"https:\/\/www.koonings.com\/fr\/#\/schema\/logo\/image\/","url":"https:\/\/www.koonings.com\/wp-content\/uploads\/2024\/07\/logo.png","contentUrl":"https:\/\/www.koonings.com\/wp-content\/uploads\/2024\/07\/logo.png","width":600,"height":428,"caption":"Koonings"},"image":{"@id":"https:\/\/www.koonings.com\/fr\/#\/schema\/logo\/image\/"},"sameAs":["https:\/\/www.facebook.com\/kooningstheweddingpalace","https:\/\/www.instagram.com\/kooningstheweddingpalace","https:\/\/www.pinterest.com\/koonings","https:\/\/www.youtube.com\/kooningstheweddingpalace"]}]}},"_links":{"self":[{"href":"https:\/\/www.koonings.com\/fr\/wp-json\/wp\/v2\/product\/79619","targetHints":{"allow":["GET"]}}],"collection":[{"href":"https:\/\/www.koonings.com\/fr\/wp-json\/wp\/v2\/product"}],"about":[{"href":"https:\/\/www.koonings.com\/fr\/wp-json\/wp\/v2\/types\/product"}],"wp:featuredmedia":[{"embeddable":true,"href":"https:\/\/www.koonings.com\/fr\/wp-json\/wp\/v2\/media\/72349"}],"wp:attachment":[{"href":"https:\/\/www.koonings.com\/fr\/wp-json\/wp\/v2\/media?parent=79619"}],"wp:term":[{"taxonomy":"productdetails","embeddable":true,"href":"https:\/\/www.koonings.com\/fr\/wp-json\/wp\/v2\/productdetails?post=79619"},{"taxonomy":"productneck","embeddable":true,"href":"https:\/\/www.koonings.com\/fr\/wp-json\/wp\/v2\/productneck?post=79619"},{"taxonomy":"productcolor","embeddable":true,"href":"https:\/\/www.koonings.com\/fr\/wp-json\/wp\/v2\/productcolor?post=79619"},{"taxonomy":"maat","embeddable":true,"href":"https:\/\/www.koonings.com\/fr\/wp-json\/wp\/v2\/maat?post=79619"},{"taxonomy":"productsupplier","embeddable":true,"href":"https:\/\/www.koonings.com\/fr\/wp-json\/wp\/v2\/productsupplier?post=79619"},{"taxonomy":"productsleeve","embeddable":true,"href":"https:\/\/www.koonings.com\/fr\/wp-json\/wp\/v2\/productsleeve?post=79619"},{"taxonomy":"productcategory","embeddable":true,"href":"https:\/\/www.koonings.com\/fr\/wp-json\/wp\/v2\/productcategory?post=79619"},{"taxonomy":"productsilhouette","embeddable":true,"href":"https:\/\/www.koonings.com\/fr\/wp-json\/wp\/v2\/productsilhouette?post=79619"},{"taxonomy":"productstyle","embeddable":true,"href":"https:\/\/www.koonings.com\/fr\/wp-json\/wp\/v2\/productstyle?post=79619"}],"curies":[{"name":"wp","href":"https:\/\/api.w.org\/{rel}","templated":true}]}}