{"id":79602,"date":"2026-04-14T16:12:07","date_gmt":"2026-04-14T14:12:07","guid":{"rendered":"https:\/\/www.koonings.com\/product\/etoile-emery\/"},"modified":"2026-02-16T14:54:12","modified_gmt":"2026-02-16T13:54:12","slug":"etoile-emery","status":"publish","type":"product","link":"https:\/\/www.koonings.com\/fr\/product\/etoile-emery\/","title":{"rendered":"Etoile Emery"},"content":{"rendered":"<p>Enchanteresse et \u00e9l\u00e9gante, EMERY pr\u00e9sente un magnifique d\u00e9collet\u00e9 en V profond avec de la dentelle botanique moderne en 3D brod\u00e9e le long du corsage jusqu&#8217;aux d\u00e9coupes illusion sur les c\u00f4t\u00e9s, une couture \u00e0 la taille qui met en valeur la silhouette et qui s&#8217;\u00e9coule dans une jupe en mousseline de soie sulfureuse rehauss\u00e9e d&#8217;une fente haute et d&#8217;un ourlet en forme de Chantilly pour un look nuptial enjou\u00e9 et romantique.<\/p>\n","protected":false},"featured_media":72376,"template":"","meta":{"_acf_changed":false,"ghostkit_customizer_options":"","ghostkit_custom_css":"","ghostkit_custom_js_head":"","ghostkit_custom_js_foot":"","ghostkit_typography":""},"productdetails":[376,378,381],"productneck":[356],"productcolor":[392],"maat":[],"productsupplier":[492],"productsleeve":[359],"productcategory":[18],"productsilhouette":[384,389],"productstyle":[366,370],"class_list":["post-79602","product","type-product","status-publish","has-post-thumbnail","hentry","productdetails-376","productdetails-378","productdetails-381","productneck-356","productcolor-392","productsupplier-etoile","productsleeve-359","productcategory-trouwjurken","productsilhouette-384","productsilhouette-389","productstyle-366","productstyle-370"],"acf":[],"yoast_head":"<!-- This site is optimized with the Yoast SEO plugin v27.3 - https:\/\/yoast.com\/product\/yoast-seo-wordpress\/ -->\n<title>Etoile Emery | Koonings<\/title>\n<meta name=\"description\" content=\"Enchanteresse et \u00e9l\u00e9gante, EMERY pr\u00e9sente un magnifique d\u00e9collet\u00e9 en V profond avec de la dentelle botanique moderne en 3D brod\u00e9e le long du corsage jusqu&#039;aux d\u00e9coupes illusion sur les c\u00f4t\u00e9s, une couture \u00e0 la taille qui met en valeur la silhouette et qui s&#039;\u00e9coule dans une jupe en mousseline de soie sulfureuse rehauss\u00e9e d&#039;une fente haute et d&#039;un ourlet en forme de Chantilly pour un look nuptial enjou\u00e9 et romantique.\" \/>\n<meta name=\"robots\" content=\"index, follow, max-snippet:-1, max-image-preview:large, max-video-preview:-1\" \/>\n<link rel=\"canonical\" href=\"https:\/\/www.koonings.com\/fr\/product\/etoile-emery\/\" \/>\n<meta property=\"og:locale\" content=\"fr_FR\" \/>\n<meta property=\"og:type\" content=\"article\" \/>\n<meta property=\"og:title\" content=\"Etoile Emery | Koonings\" \/>\n<meta property=\"og:description\" content=\"Enchanteresse et \u00e9l\u00e9gante, EMERY pr\u00e9sente un magnifique d\u00e9collet\u00e9 en V profond avec de la dentelle botanique moderne en 3D brod\u00e9e le long du corsage jusqu&#039;aux d\u00e9coupes illusion sur les c\u00f4t\u00e9s, une couture \u00e0 la taille qui met en valeur la silhouette et qui s&#039;\u00e9coule dans une jupe en mousseline de soie sulfureuse rehauss\u00e9e d&#039;une fente haute et d&#039;un ourlet en forme de Chantilly pour un look nuptial enjou\u00e9 et romantique.\" \/>\n<meta property=\"og:url\" content=\"https:\/\/www.koonings.com\/fr\/product\/etoile-emery\/\" \/>\n<meta property=\"og:site_name\" content=\"Koonings\" \/>\n<meta property=\"article:publisher\" content=\"https:\/\/www.facebook.com\/kooningstheweddingpalace\" \/>\n<meta property=\"og:image\" content=\"https:\/\/www.koonings.com\/wp-content\/uploads\/2024\/11\/38523_69cad28811bc150caa64e42bd550baa1ba0bc691f044d79920683d7b6696568c9b5c7f60.jpeg\" \/>\n\t<meta property=\"og:image:width\" content=\"1035\" \/>\n\t<meta property=\"og:image:height\" content=\"1380\" \/>\n\t<meta property=\"og:image:type\" content=\"image\/jpeg\" \/>\n<meta name=\"twitter:card\" content=\"summary_large_image\" \/>\n<script type=\"application\/ld+json\" class=\"yoast-schema-graph\">{\"@context\":\"https:\\\/\\\/schema.org\",\"@graph\":[{\"@type\":\"WebPage\",\"@id\":\"https:\\\/\\\/www.koonings.com\\\/fr\\\/product\\\/etoile-emery\\\/\",\"url\":\"https:\\\/\\\/www.koonings.com\\\/fr\\\/product\\\/etoile-emery\\\/\",\"name\":\"Etoile Emery | Koonings\",\"isPartOf\":{\"@id\":\"https:\\\/\\\/www.koonings.com\\\/fr\\\/#website\"},\"primaryImageOfPage\":{\"@id\":\"https:\\\/\\\/www.koonings.com\\\/fr\\\/product\\\/etoile-emery\\\/#primaryimage\"},\"image\":{\"@id\":\"https:\\\/\\\/www.koonings.com\\\/fr\\\/product\\\/etoile-emery\\\/#primaryimage\"},\"thumbnailUrl\":\"https:\\\/\\\/www.koonings.com\\\/wp-content\\\/uploads\\\/2024\\\/11\\\/38523_69cad28811bc150caa64e42bd550baa1ba0bc691f044d79920683d7b6696568c9b5c7f60.jpeg\",\"datePublished\":\"2026-04-14T14:12:07+00:00\",\"description\":\"Enchanteresse et \u00e9l\u00e9gante, EMERY pr\u00e9sente un magnifique d\u00e9collet\u00e9 en V profond avec de la dentelle botanique moderne en 3D brod\u00e9e le long du corsage jusqu'aux d\u00e9coupes illusion sur les c\u00f4t\u00e9s, une couture \u00e0 la taille qui met en valeur la silhouette et qui s'\u00e9coule dans une jupe en mousseline de soie sulfureuse rehauss\u00e9e d'une fente haute et d'un ourlet en forme de Chantilly pour un look nuptial enjou\u00e9 et romantique.\",\"breadcrumb\":{\"@id\":\"https:\\\/\\\/www.koonings.com\\\/fr\\\/product\\\/etoile-emery\\\/#breadcrumb\"},\"inLanguage\":\"fr-FR\",\"potentialAction\":[{\"@type\":\"ReadAction\",\"target\":[\"https:\\\/\\\/www.koonings.com\\\/fr\\\/product\\\/etoile-emery\\\/\"]}]},{\"@type\":\"ImageObject\",\"inLanguage\":\"fr-FR\",\"@id\":\"https:\\\/\\\/www.koonings.com\\\/fr\\\/product\\\/etoile-emery\\\/#primaryimage\",\"url\":\"https:\\\/\\\/www.koonings.com\\\/wp-content\\\/uploads\\\/2024\\\/11\\\/38523_69cad28811bc150caa64e42bd550baa1ba0bc691f044d79920683d7b6696568c9b5c7f60.jpeg\",\"contentUrl\":\"https:\\\/\\\/www.koonings.com\\\/wp-content\\\/uploads\\\/2024\\\/11\\\/38523_69cad28811bc150caa64e42bd550baa1ba0bc691f044d79920683d7b6696568c9b5c7f60.jpeg\",\"width\":1035,\"height\":1380},{\"@type\":\"BreadcrumbList\",\"@id\":\"https:\\\/\\\/www.koonings.com\\\/fr\\\/product\\\/etoile-emery\\\/#breadcrumb\",\"itemListElement\":[{\"@type\":\"ListItem\",\"position\":1,\"name\":\"Home\",\"item\":\"https:\\\/\\\/www.koonings.com\\\/fr\\\/\"},{\"@type\":\"ListItem\",\"position\":2,\"name\":\"Etoile Emery\"}]},{\"@type\":\"WebSite\",\"@id\":\"https:\\\/\\\/www.koonings.com\\\/fr\\\/#website\",\"url\":\"https:\\\/\\\/www.koonings.com\\\/fr\\\/\",\"name\":\"Koonings\",\"description\":\"De grootste bruidsmodewinkel ter wereld\",\"publisher\":{\"@id\":\"https:\\\/\\\/www.koonings.com\\\/fr\\\/#organization\"},\"potentialAction\":[{\"@type\":\"SearchAction\",\"target\":{\"@type\":\"EntryPoint\",\"urlTemplate\":\"https:\\\/\\\/www.koonings.com\\\/fr\\\/?s={search_term_string}\"},\"query-input\":{\"@type\":\"PropertyValueSpecification\",\"valueRequired\":true,\"valueName\":\"search_term_string\"}}],\"inLanguage\":\"fr-FR\"},{\"@type\":\"Organization\",\"@id\":\"https:\\\/\\\/www.koonings.com\\\/fr\\\/#organization\",\"name\":\"Koonings\",\"url\":\"https:\\\/\\\/www.koonings.com\\\/fr\\\/\",\"logo\":{\"@type\":\"ImageObject\",\"inLanguage\":\"fr-FR\",\"@id\":\"https:\\\/\\\/www.koonings.com\\\/fr\\\/#\\\/schema\\\/logo\\\/image\\\/\",\"url\":\"https:\\\/\\\/www.koonings.com\\\/wp-content\\\/uploads\\\/2024\\\/07\\\/logo.png\",\"contentUrl\":\"https:\\\/\\\/www.koonings.com\\\/wp-content\\\/uploads\\\/2024\\\/07\\\/logo.png\",\"width\":600,\"height\":428,\"caption\":\"Koonings\"},\"image\":{\"@id\":\"https:\\\/\\\/www.koonings.com\\\/fr\\\/#\\\/schema\\\/logo\\\/image\\\/\"},\"sameAs\":[\"https:\\\/\\\/www.facebook.com\\\/kooningstheweddingpalace\",\"https:\\\/\\\/www.instagram.com\\\/kooningstheweddingpalace\",\"https:\\\/\\\/www.pinterest.com\\\/koonings\",\"https:\\\/\\\/www.youtube.com\\\/kooningstheweddingpalace\"]}]}<\/script>\n<!-- \/ Yoast SEO plugin. -->","yoast_head_json":{"title":"Etoile Emery | Koonings","description":"Enchanteresse et \u00e9l\u00e9gante, EMERY pr\u00e9sente un magnifique d\u00e9collet\u00e9 en V profond avec de la dentelle botanique moderne en 3D brod\u00e9e le long du corsage jusqu'aux d\u00e9coupes illusion sur les c\u00f4t\u00e9s, une couture \u00e0 la taille qui met en valeur la silhouette et qui s'\u00e9coule dans une jupe en mousseline de soie sulfureuse rehauss\u00e9e d'une fente haute et d'un ourlet en forme de Chantilly pour un look nuptial enjou\u00e9 et romantique.","robots":{"index":"index","follow":"follow","max-snippet":"max-snippet:-1","max-image-preview":"max-image-preview:large","max-video-preview":"max-video-preview:-1"},"canonical":"https:\/\/www.koonings.com\/fr\/product\/etoile-emery\/","og_locale":"fr_FR","og_type":"article","og_title":"Etoile Emery | Koonings","og_description":"Enchanteresse et \u00e9l\u00e9gante, EMERY pr\u00e9sente un magnifique d\u00e9collet\u00e9 en V profond avec de la dentelle botanique moderne en 3D brod\u00e9e le long du corsage jusqu'aux d\u00e9coupes illusion sur les c\u00f4t\u00e9s, une couture \u00e0 la taille qui met en valeur la silhouette et qui s'\u00e9coule dans une jupe en mousseline de soie sulfureuse rehauss\u00e9e d'une fente haute et d'un ourlet en forme de Chantilly pour un look nuptial enjou\u00e9 et romantique.","og_url":"https:\/\/www.koonings.com\/fr\/product\/etoile-emery\/","og_site_name":"Koonings","article_publisher":"https:\/\/www.facebook.com\/kooningstheweddingpalace","og_image":[{"width":1035,"height":1380,"url":"https:\/\/www.koonings.com\/wp-content\/uploads\/2024\/11\/38523_69cad28811bc150caa64e42bd550baa1ba0bc691f044d79920683d7b6696568c9b5c7f60.jpeg","type":"image\/jpeg"}],"twitter_card":"summary_large_image","schema":{"@context":"https:\/\/schema.org","@graph":[{"@type":"WebPage","@id":"https:\/\/www.koonings.com\/fr\/product\/etoile-emery\/","url":"https:\/\/www.koonings.com\/fr\/product\/etoile-emery\/","name":"Etoile Emery | Koonings","isPartOf":{"@id":"https:\/\/www.koonings.com\/fr\/#website"},"primaryImageOfPage":{"@id":"https:\/\/www.koonings.com\/fr\/product\/etoile-emery\/#primaryimage"},"image":{"@id":"https:\/\/www.koonings.com\/fr\/product\/etoile-emery\/#primaryimage"},"thumbnailUrl":"https:\/\/www.koonings.com\/wp-content\/uploads\/2024\/11\/38523_69cad28811bc150caa64e42bd550baa1ba0bc691f044d79920683d7b6696568c9b5c7f60.jpeg","datePublished":"2026-04-14T14:12:07+00:00","description":"Enchanteresse et \u00e9l\u00e9gante, EMERY pr\u00e9sente un magnifique d\u00e9collet\u00e9 en V profond avec de la dentelle botanique moderne en 3D brod\u00e9e le long du corsage jusqu'aux d\u00e9coupes illusion sur les c\u00f4t\u00e9s, une couture \u00e0 la taille qui met en valeur la silhouette et qui s'\u00e9coule dans une jupe en mousseline de soie sulfureuse rehauss\u00e9e d'une fente haute et d'un ourlet en forme de Chantilly pour un look nuptial enjou\u00e9 et romantique.","breadcrumb":{"@id":"https:\/\/www.koonings.com\/fr\/product\/etoile-emery\/#breadcrumb"},"inLanguage":"fr-FR","potentialAction":[{"@type":"ReadAction","target":["https:\/\/www.koonings.com\/fr\/product\/etoile-emery\/"]}]},{"@type":"ImageObject","inLanguage":"fr-FR","@id":"https:\/\/www.koonings.com\/fr\/product\/etoile-emery\/#primaryimage","url":"https:\/\/www.koonings.com\/wp-content\/uploads\/2024\/11\/38523_69cad28811bc150caa64e42bd550baa1ba0bc691f044d79920683d7b6696568c9b5c7f60.jpeg","contentUrl":"https:\/\/www.koonings.com\/wp-content\/uploads\/2024\/11\/38523_69cad28811bc150caa64e42bd550baa1ba0bc691f044d79920683d7b6696568c9b5c7f60.jpeg","width":1035,"height":1380},{"@type":"BreadcrumbList","@id":"https:\/\/www.koonings.com\/fr\/product\/etoile-emery\/#breadcrumb","itemListElement":[{"@type":"ListItem","position":1,"name":"Home","item":"https:\/\/www.koonings.com\/fr\/"},{"@type":"ListItem","position":2,"name":"Etoile Emery"}]},{"@type":"WebSite","@id":"https:\/\/www.koonings.com\/fr\/#website","url":"https:\/\/www.koonings.com\/fr\/","name":"Koonings","description":"De grootste bruidsmodewinkel ter wereld","publisher":{"@id":"https:\/\/www.koonings.com\/fr\/#organization"},"potentialAction":[{"@type":"SearchAction","target":{"@type":"EntryPoint","urlTemplate":"https:\/\/www.koonings.com\/fr\/?s={search_term_string}"},"query-input":{"@type":"PropertyValueSpecification","valueRequired":true,"valueName":"search_term_string"}}],"inLanguage":"fr-FR"},{"@type":"Organization","@id":"https:\/\/www.koonings.com\/fr\/#organization","name":"Koonings","url":"https:\/\/www.koonings.com\/fr\/","logo":{"@type":"ImageObject","inLanguage":"fr-FR","@id":"https:\/\/www.koonings.com\/fr\/#\/schema\/logo\/image\/","url":"https:\/\/www.koonings.com\/wp-content\/uploads\/2024\/07\/logo.png","contentUrl":"https:\/\/www.koonings.com\/wp-content\/uploads\/2024\/07\/logo.png","width":600,"height":428,"caption":"Koonings"},"image":{"@id":"https:\/\/www.koonings.com\/fr\/#\/schema\/logo\/image\/"},"sameAs":["https:\/\/www.facebook.com\/kooningstheweddingpalace","https:\/\/www.instagram.com\/kooningstheweddingpalace","https:\/\/www.pinterest.com\/koonings","https:\/\/www.youtube.com\/kooningstheweddingpalace"]}]}},"_links":{"self":[{"href":"https:\/\/www.koonings.com\/fr\/wp-json\/wp\/v2\/product\/79602","targetHints":{"allow":["GET"]}}],"collection":[{"href":"https:\/\/www.koonings.com\/fr\/wp-json\/wp\/v2\/product"}],"about":[{"href":"https:\/\/www.koonings.com\/fr\/wp-json\/wp\/v2\/types\/product"}],"wp:featuredmedia":[{"embeddable":true,"href":"https:\/\/www.koonings.com\/fr\/wp-json\/wp\/v2\/media\/72376"}],"wp:attachment":[{"href":"https:\/\/www.koonings.com\/fr\/wp-json\/wp\/v2\/media?parent=79602"}],"wp:term":[{"taxonomy":"productdetails","embeddable":true,"href":"https:\/\/www.koonings.com\/fr\/wp-json\/wp\/v2\/productdetails?post=79602"},{"taxonomy":"productneck","embeddable":true,"href":"https:\/\/www.koonings.com\/fr\/wp-json\/wp\/v2\/productneck?post=79602"},{"taxonomy":"productcolor","embeddable":true,"href":"https:\/\/www.koonings.com\/fr\/wp-json\/wp\/v2\/productcolor?post=79602"},{"taxonomy":"maat","embeddable":true,"href":"https:\/\/www.koonings.com\/fr\/wp-json\/wp\/v2\/maat?post=79602"},{"taxonomy":"productsupplier","embeddable":true,"href":"https:\/\/www.koonings.com\/fr\/wp-json\/wp\/v2\/productsupplier?post=79602"},{"taxonomy":"productsleeve","embeddable":true,"href":"https:\/\/www.koonings.com\/fr\/wp-json\/wp\/v2\/productsleeve?post=79602"},{"taxonomy":"productcategory","embeddable":true,"href":"https:\/\/www.koonings.com\/fr\/wp-json\/wp\/v2\/productcategory?post=79602"},{"taxonomy":"productsilhouette","embeddable":true,"href":"https:\/\/www.koonings.com\/fr\/wp-json\/wp\/v2\/productsilhouette?post=79602"},{"taxonomy":"productstyle","embeddable":true,"href":"https:\/\/www.koonings.com\/fr\/wp-json\/wp\/v2\/productstyle?post=79602"}],"curies":[{"name":"wp","href":"https:\/\/api.w.org\/{rel}","templated":true}]}}