{"id":79593,"date":"2026-04-14T16:12:11","date_gmt":"2026-04-14T14:12:11","guid":{"rendered":"https:\/\/www.koonings.com\/product\/etoile-tori\/"},"modified":"2026-02-16T14:54:20","modified_gmt":"2026-02-16T13:54:20","slug":"etoile-tori","status":"publish","type":"product","link":"https:\/\/www.koonings.com\/fr\/product\/etoile-tori\/","title":{"rendered":"Etoile Tori"},"content":{"rendered":"<p>Tant de romantisme dans une seule robe ! TORI nous fait tomber amoureuse de sa dentelle florale \u00e9tincelante sur son corsage profond avec un d\u00e9collet\u00e9 en forme de c\u0153ur qui s&#8217;\u00e9coule dans une jupe de tulle de r\u00eave. Le dos \u00e0 corset apparent et la tra\u00eene en tulle souple inciteront tout le monde \u00e0 regarder cette magnifique robe !  <\/p>\n","protected":false},"featured_media":72427,"template":"","meta":{"_acf_changed":false,"ghostkit_customizer_options":"","ghostkit_custom_css":"","ghostkit_custom_js_head":"","ghostkit_custom_js_foot":"","ghostkit_typography":""},"productdetails":[376,381],"productneck":[354,355],"productcolor":[392],"maat":[],"productsupplier":[492],"productsleeve":[363],"productcategory":[18],"productsilhouette":[387,390],"productstyle":[366,370],"class_list":["post-79593","product","type-product","status-publish","has-post-thumbnail","hentry","productdetails-376","productdetails-381","productneck-354","productneck-355","productcolor-392","productsupplier-etoile","productsleeve-363","productcategory-trouwjurken","productsilhouette-387","productsilhouette-390","productstyle-366","productstyle-370"],"acf":[],"yoast_head":"<!-- This site is optimized with the Yoast SEO plugin v27.3 - https:\/\/yoast.com\/product\/yoast-seo-wordpress\/ -->\n<title>Etoile Tori | Koonings<\/title>\n<meta name=\"description\" content=\"Tant de romantisme dans une seule robe ! TORI nous fait tomber amoureuse de sa dentelle florale \u00e9tincelante sur son corsage profond avec un d\u00e9collet\u00e9 en forme de c\u0153ur qui s&#039;\u00e9coule dans une jupe de tulle de r\u00eave. Le dos \u00e0 corset apparent et la tra\u00eene en tulle souple inciteront tout le monde \u00e0 regarder cette magnifique robe !\" \/>\n<meta name=\"robots\" content=\"index, follow, max-snippet:-1, max-image-preview:large, max-video-preview:-1\" \/>\n<link rel=\"canonical\" href=\"https:\/\/www.koonings.com\/fr\/product\/etoile-tori\/\" \/>\n<meta property=\"og:locale\" content=\"fr_FR\" \/>\n<meta property=\"og:type\" content=\"article\" \/>\n<meta property=\"og:title\" content=\"Etoile Tori | Koonings\" \/>\n<meta property=\"og:description\" content=\"Tant de romantisme dans une seule robe ! TORI nous fait tomber amoureuse de sa dentelle florale \u00e9tincelante sur son corsage profond avec un d\u00e9collet\u00e9 en forme de c\u0153ur qui s&#039;\u00e9coule dans une jupe de tulle de r\u00eave. Le dos \u00e0 corset apparent et la tra\u00eene en tulle souple inciteront tout le monde \u00e0 regarder cette magnifique robe !\" \/>\n<meta property=\"og:url\" content=\"https:\/\/www.koonings.com\/fr\/product\/etoile-tori\/\" \/>\n<meta property=\"og:site_name\" content=\"Koonings\" \/>\n<meta property=\"article:publisher\" content=\"https:\/\/www.facebook.com\/kooningstheweddingpalace\" \/>\n<meta property=\"og:image\" content=\"https:\/\/www.koonings.com\/wp-content\/uploads\/2024\/11\/38575_4b76c82af0c71304289cb7dab22c7b1870364887ca2f1b8fa3545b45ac7037baff5b3ffc.jpeg\" \/>\n\t<meta property=\"og:image:width\" content=\"1035\" \/>\n\t<meta property=\"og:image:height\" content=\"1380\" \/>\n\t<meta property=\"og:image:type\" content=\"image\/jpeg\" \/>\n<meta name=\"twitter:card\" content=\"summary_large_image\" \/>\n<script type=\"application\/ld+json\" class=\"yoast-schema-graph\">{\"@context\":\"https:\\\/\\\/schema.org\",\"@graph\":[{\"@type\":\"WebPage\",\"@id\":\"https:\\\/\\\/www.koonings.com\\\/fr\\\/product\\\/etoile-tori\\\/\",\"url\":\"https:\\\/\\\/www.koonings.com\\\/fr\\\/product\\\/etoile-tori\\\/\",\"name\":\"Etoile Tori | Koonings\",\"isPartOf\":{\"@id\":\"https:\\\/\\\/www.koonings.com\\\/fr\\\/#website\"},\"primaryImageOfPage\":{\"@id\":\"https:\\\/\\\/www.koonings.com\\\/fr\\\/product\\\/etoile-tori\\\/#primaryimage\"},\"image\":{\"@id\":\"https:\\\/\\\/www.koonings.com\\\/fr\\\/product\\\/etoile-tori\\\/#primaryimage\"},\"thumbnailUrl\":\"https:\\\/\\\/www.koonings.com\\\/wp-content\\\/uploads\\\/2024\\\/11\\\/38575_4b76c82af0c71304289cb7dab22c7b1870364887ca2f1b8fa3545b45ac7037baff5b3ffc.jpeg\",\"datePublished\":\"2026-04-14T14:12:11+00:00\",\"description\":\"Tant de romantisme dans une seule robe ! TORI nous fait tomber amoureuse de sa dentelle florale \u00e9tincelante sur son corsage profond avec un d\u00e9collet\u00e9 en forme de c\u0153ur qui s'\u00e9coule dans une jupe de tulle de r\u00eave. Le dos \u00e0 corset apparent et la tra\u00eene en tulle souple inciteront tout le monde \u00e0 regarder cette magnifique robe !\",\"breadcrumb\":{\"@id\":\"https:\\\/\\\/www.koonings.com\\\/fr\\\/product\\\/etoile-tori\\\/#breadcrumb\"},\"inLanguage\":\"fr-FR\",\"potentialAction\":[{\"@type\":\"ReadAction\",\"target\":[\"https:\\\/\\\/www.koonings.com\\\/fr\\\/product\\\/etoile-tori\\\/\"]}]},{\"@type\":\"ImageObject\",\"inLanguage\":\"fr-FR\",\"@id\":\"https:\\\/\\\/www.koonings.com\\\/fr\\\/product\\\/etoile-tori\\\/#primaryimage\",\"url\":\"https:\\\/\\\/www.koonings.com\\\/wp-content\\\/uploads\\\/2024\\\/11\\\/38575_4b76c82af0c71304289cb7dab22c7b1870364887ca2f1b8fa3545b45ac7037baff5b3ffc.jpeg\",\"contentUrl\":\"https:\\\/\\\/www.koonings.com\\\/wp-content\\\/uploads\\\/2024\\\/11\\\/38575_4b76c82af0c71304289cb7dab22c7b1870364887ca2f1b8fa3545b45ac7037baff5b3ffc.jpeg\",\"width\":1035,\"height\":1380},{\"@type\":\"BreadcrumbList\",\"@id\":\"https:\\\/\\\/www.koonings.com\\\/fr\\\/product\\\/etoile-tori\\\/#breadcrumb\",\"itemListElement\":[{\"@type\":\"ListItem\",\"position\":1,\"name\":\"Home\",\"item\":\"https:\\\/\\\/www.koonings.com\\\/fr\\\/\"},{\"@type\":\"ListItem\",\"position\":2,\"name\":\"Etoile Tori\"}]},{\"@type\":\"WebSite\",\"@id\":\"https:\\\/\\\/www.koonings.com\\\/fr\\\/#website\",\"url\":\"https:\\\/\\\/www.koonings.com\\\/fr\\\/\",\"name\":\"Koonings\",\"description\":\"De grootste bruidsmodewinkel ter wereld\",\"publisher\":{\"@id\":\"https:\\\/\\\/www.koonings.com\\\/fr\\\/#organization\"},\"potentialAction\":[{\"@type\":\"SearchAction\",\"target\":{\"@type\":\"EntryPoint\",\"urlTemplate\":\"https:\\\/\\\/www.koonings.com\\\/fr\\\/?s={search_term_string}\"},\"query-input\":{\"@type\":\"PropertyValueSpecification\",\"valueRequired\":true,\"valueName\":\"search_term_string\"}}],\"inLanguage\":\"fr-FR\"},{\"@type\":\"Organization\",\"@id\":\"https:\\\/\\\/www.koonings.com\\\/fr\\\/#organization\",\"name\":\"Koonings\",\"url\":\"https:\\\/\\\/www.koonings.com\\\/fr\\\/\",\"logo\":{\"@type\":\"ImageObject\",\"inLanguage\":\"fr-FR\",\"@id\":\"https:\\\/\\\/www.koonings.com\\\/fr\\\/#\\\/schema\\\/logo\\\/image\\\/\",\"url\":\"https:\\\/\\\/www.koonings.com\\\/wp-content\\\/uploads\\\/2024\\\/07\\\/logo.png\",\"contentUrl\":\"https:\\\/\\\/www.koonings.com\\\/wp-content\\\/uploads\\\/2024\\\/07\\\/logo.png\",\"width\":600,\"height\":428,\"caption\":\"Koonings\"},\"image\":{\"@id\":\"https:\\\/\\\/www.koonings.com\\\/fr\\\/#\\\/schema\\\/logo\\\/image\\\/\"},\"sameAs\":[\"https:\\\/\\\/www.facebook.com\\\/kooningstheweddingpalace\",\"https:\\\/\\\/www.instagram.com\\\/kooningstheweddingpalace\",\"https:\\\/\\\/www.pinterest.com\\\/koonings\",\"https:\\\/\\\/www.youtube.com\\\/kooningstheweddingpalace\"]}]}<\/script>\n<!-- \/ Yoast SEO plugin. -->","yoast_head_json":{"title":"Etoile Tori | Koonings","description":"Tant de romantisme dans une seule robe ! TORI nous fait tomber amoureuse de sa dentelle florale \u00e9tincelante sur son corsage profond avec un d\u00e9collet\u00e9 en forme de c\u0153ur qui s'\u00e9coule dans une jupe de tulle de r\u00eave. Le dos \u00e0 corset apparent et la tra\u00eene en tulle souple inciteront tout le monde \u00e0 regarder cette magnifique robe !","robots":{"index":"index","follow":"follow","max-snippet":"max-snippet:-1","max-image-preview":"max-image-preview:large","max-video-preview":"max-video-preview:-1"},"canonical":"https:\/\/www.koonings.com\/fr\/product\/etoile-tori\/","og_locale":"fr_FR","og_type":"article","og_title":"Etoile Tori | Koonings","og_description":"Tant de romantisme dans une seule robe ! TORI nous fait tomber amoureuse de sa dentelle florale \u00e9tincelante sur son corsage profond avec un d\u00e9collet\u00e9 en forme de c\u0153ur qui s'\u00e9coule dans une jupe de tulle de r\u00eave. Le dos \u00e0 corset apparent et la tra\u00eene en tulle souple inciteront tout le monde \u00e0 regarder cette magnifique robe !","og_url":"https:\/\/www.koonings.com\/fr\/product\/etoile-tori\/","og_site_name":"Koonings","article_publisher":"https:\/\/www.facebook.com\/kooningstheweddingpalace","og_image":[{"width":1035,"height":1380,"url":"https:\/\/www.koonings.com\/wp-content\/uploads\/2024\/11\/38575_4b76c82af0c71304289cb7dab22c7b1870364887ca2f1b8fa3545b45ac7037baff5b3ffc.jpeg","type":"image\/jpeg"}],"twitter_card":"summary_large_image","schema":{"@context":"https:\/\/schema.org","@graph":[{"@type":"WebPage","@id":"https:\/\/www.koonings.com\/fr\/product\/etoile-tori\/","url":"https:\/\/www.koonings.com\/fr\/product\/etoile-tori\/","name":"Etoile Tori | Koonings","isPartOf":{"@id":"https:\/\/www.koonings.com\/fr\/#website"},"primaryImageOfPage":{"@id":"https:\/\/www.koonings.com\/fr\/product\/etoile-tori\/#primaryimage"},"image":{"@id":"https:\/\/www.koonings.com\/fr\/product\/etoile-tori\/#primaryimage"},"thumbnailUrl":"https:\/\/www.koonings.com\/wp-content\/uploads\/2024\/11\/38575_4b76c82af0c71304289cb7dab22c7b1870364887ca2f1b8fa3545b45ac7037baff5b3ffc.jpeg","datePublished":"2026-04-14T14:12:11+00:00","description":"Tant de romantisme dans une seule robe ! TORI nous fait tomber amoureuse de sa dentelle florale \u00e9tincelante sur son corsage profond avec un d\u00e9collet\u00e9 en forme de c\u0153ur qui s'\u00e9coule dans une jupe de tulle de r\u00eave. Le dos \u00e0 corset apparent et la tra\u00eene en tulle souple inciteront tout le monde \u00e0 regarder cette magnifique robe !","breadcrumb":{"@id":"https:\/\/www.koonings.com\/fr\/product\/etoile-tori\/#breadcrumb"},"inLanguage":"fr-FR","potentialAction":[{"@type":"ReadAction","target":["https:\/\/www.koonings.com\/fr\/product\/etoile-tori\/"]}]},{"@type":"ImageObject","inLanguage":"fr-FR","@id":"https:\/\/www.koonings.com\/fr\/product\/etoile-tori\/#primaryimage","url":"https:\/\/www.koonings.com\/wp-content\/uploads\/2024\/11\/38575_4b76c82af0c71304289cb7dab22c7b1870364887ca2f1b8fa3545b45ac7037baff5b3ffc.jpeg","contentUrl":"https:\/\/www.koonings.com\/wp-content\/uploads\/2024\/11\/38575_4b76c82af0c71304289cb7dab22c7b1870364887ca2f1b8fa3545b45ac7037baff5b3ffc.jpeg","width":1035,"height":1380},{"@type":"BreadcrumbList","@id":"https:\/\/www.koonings.com\/fr\/product\/etoile-tori\/#breadcrumb","itemListElement":[{"@type":"ListItem","position":1,"name":"Home","item":"https:\/\/www.koonings.com\/fr\/"},{"@type":"ListItem","position":2,"name":"Etoile Tori"}]},{"@type":"WebSite","@id":"https:\/\/www.koonings.com\/fr\/#website","url":"https:\/\/www.koonings.com\/fr\/","name":"Koonings","description":"De grootste bruidsmodewinkel ter wereld","publisher":{"@id":"https:\/\/www.koonings.com\/fr\/#organization"},"potentialAction":[{"@type":"SearchAction","target":{"@type":"EntryPoint","urlTemplate":"https:\/\/www.koonings.com\/fr\/?s={search_term_string}"},"query-input":{"@type":"PropertyValueSpecification","valueRequired":true,"valueName":"search_term_string"}}],"inLanguage":"fr-FR"},{"@type":"Organization","@id":"https:\/\/www.koonings.com\/fr\/#organization","name":"Koonings","url":"https:\/\/www.koonings.com\/fr\/","logo":{"@type":"ImageObject","inLanguage":"fr-FR","@id":"https:\/\/www.koonings.com\/fr\/#\/schema\/logo\/image\/","url":"https:\/\/www.koonings.com\/wp-content\/uploads\/2024\/07\/logo.png","contentUrl":"https:\/\/www.koonings.com\/wp-content\/uploads\/2024\/07\/logo.png","width":600,"height":428,"caption":"Koonings"},"image":{"@id":"https:\/\/www.koonings.com\/fr\/#\/schema\/logo\/image\/"},"sameAs":["https:\/\/www.facebook.com\/kooningstheweddingpalace","https:\/\/www.instagram.com\/kooningstheweddingpalace","https:\/\/www.pinterest.com\/koonings","https:\/\/www.youtube.com\/kooningstheweddingpalace"]}]}},"_links":{"self":[{"href":"https:\/\/www.koonings.com\/fr\/wp-json\/wp\/v2\/product\/79593","targetHints":{"allow":["GET"]}}],"collection":[{"href":"https:\/\/www.koonings.com\/fr\/wp-json\/wp\/v2\/product"}],"about":[{"href":"https:\/\/www.koonings.com\/fr\/wp-json\/wp\/v2\/types\/product"}],"wp:featuredmedia":[{"embeddable":true,"href":"https:\/\/www.koonings.com\/fr\/wp-json\/wp\/v2\/media\/72427"}],"wp:attachment":[{"href":"https:\/\/www.koonings.com\/fr\/wp-json\/wp\/v2\/media?parent=79593"}],"wp:term":[{"taxonomy":"productdetails","embeddable":true,"href":"https:\/\/www.koonings.com\/fr\/wp-json\/wp\/v2\/productdetails?post=79593"},{"taxonomy":"productneck","embeddable":true,"href":"https:\/\/www.koonings.com\/fr\/wp-json\/wp\/v2\/productneck?post=79593"},{"taxonomy":"productcolor","embeddable":true,"href":"https:\/\/www.koonings.com\/fr\/wp-json\/wp\/v2\/productcolor?post=79593"},{"taxonomy":"maat","embeddable":true,"href":"https:\/\/www.koonings.com\/fr\/wp-json\/wp\/v2\/maat?post=79593"},{"taxonomy":"productsupplier","embeddable":true,"href":"https:\/\/www.koonings.com\/fr\/wp-json\/wp\/v2\/productsupplier?post=79593"},{"taxonomy":"productsleeve","embeddable":true,"href":"https:\/\/www.koonings.com\/fr\/wp-json\/wp\/v2\/productsleeve?post=79593"},{"taxonomy":"productcategory","embeddable":true,"href":"https:\/\/www.koonings.com\/fr\/wp-json\/wp\/v2\/productcategory?post=79593"},{"taxonomy":"productsilhouette","embeddable":true,"href":"https:\/\/www.koonings.com\/fr\/wp-json\/wp\/v2\/productsilhouette?post=79593"},{"taxonomy":"productstyle","embeddable":true,"href":"https:\/\/www.koonings.com\/fr\/wp-json\/wp\/v2\/productstyle?post=79593"}],"curies":[{"name":"wp","href":"https:\/\/api.w.org\/{rel}","templated":true}]}}