{"id":79592,"date":"2026-05-06T15:11:00","date_gmt":"2026-05-06T13:11:00","guid":{"rendered":"https:\/\/www.koonings.com\/product\/etoile-whitley\/"},"modified":"2026-02-16T14:54:24","modified_gmt":"2026-02-16T13:54:24","slug":"etoile-whitley","status":"publish","type":"product","link":"https:\/\/www.koonings.com\/fr\/product\/etoile-whitley\/","title":{"rendered":"Etoile Whitley"},"content":{"rendered":"<p>Faites entrer le glamour dans votre vie avec WHITLEY ! Cette superbe robe de bal est parfaite pour les mari\u00e9es qui veulent tout avoir. Cette robe de mari\u00e9e de Mikado pr\u00e9sente un superbe corsage en dentelle avec de la dentelle florale et des paillettes, de d\u00e9licates bretelles perl\u00e9es, du tulle \u00e9tincelant et de la dentelle mate avec des paillettes brillantes qui soulignent le corsage \u00e0 l&#8217;avant et fa\u00e7onnent le dos ouvert. La magnifique dentelle se poursuit sur la jupe moulante de la robe de bal, avec une fente sexy et des poches, pour un look ultra-moderne.   <\/p>\n","protected":false},"featured_media":72469,"template":"","meta":{"_acf_changed":false,"ghostkit_customizer_options":"","ghostkit_custom_css":"","ghostkit_custom_js_head":"","ghostkit_custom_js_foot":"","ghostkit_typography":""},"productdetails":[377,376,378,381],"productneck":[355],"productcolor":[393,392],"maat":[],"productsupplier":[492],"productsleeve":[359],"productcategory":[18],"productsilhouette":[388],"productstyle":[372,366],"class_list":["post-79592","product","type-product","status-publish","has-post-thumbnail","hentry","productdetails-377","productdetails-376","productdetails-378","productdetails-381","productneck-355","productcolor-393","productcolor-392","productsupplier-etoile","productsleeve-359","productcategory-trouwjurken","productsilhouette-388","productstyle-372","productstyle-366"],"acf":[],"yoast_head":"<!-- This site is optimized with the Yoast SEO plugin v27.3 - https:\/\/yoast.com\/product\/yoast-seo-wordpress\/ -->\n<title>Etoile Whitley | Koonings<\/title>\n<meta name=\"description\" content=\"Faites entrer le glamour dans votre vie avec WHITLEY ! Cette superbe robe de bal est parfaite pour les mari\u00e9es qui veulent tout avoir. Cette robe de mari\u00e9e de Mikado pr\u00e9sente un superbe corsage en dentelle avec de la dentelle florale et des paillettes, de d\u00e9licates bretelles perl\u00e9es, du tulle \u00e9tincelant et de la dentelle mate avec des paillettes brillantes qui soulignent le corsage \u00e0 l&#039;avant et fa\u00e7onnent le dos ouvert. La magnifique dentelle se poursuit sur la jupe moulante de la robe de bal, avec une fente sexy et des poches, pour un look ultra-moderne.\" \/>\n<meta name=\"robots\" content=\"index, follow, max-snippet:-1, max-image-preview:large, max-video-preview:-1\" \/>\n<link rel=\"canonical\" href=\"https:\/\/www.koonings.com\/fr\/product\/etoile-whitley\/\" \/>\n<meta property=\"og:locale\" content=\"fr_FR\" \/>\n<meta property=\"og:type\" content=\"article\" \/>\n<meta property=\"og:title\" content=\"Etoile Whitley | Koonings\" \/>\n<meta property=\"og:description\" content=\"Faites entrer le glamour dans votre vie avec WHITLEY ! Cette superbe robe de bal est parfaite pour les mari\u00e9es qui veulent tout avoir. Cette robe de mari\u00e9e de Mikado pr\u00e9sente un superbe corsage en dentelle avec de la dentelle florale et des paillettes, de d\u00e9licates bretelles perl\u00e9es, du tulle \u00e9tincelant et de la dentelle mate avec des paillettes brillantes qui soulignent le corsage \u00e0 l&#039;avant et fa\u00e7onnent le dos ouvert. La magnifique dentelle se poursuit sur la jupe moulante de la robe de bal, avec une fente sexy et des poches, pour un look ultra-moderne.\" \/>\n<meta property=\"og:url\" content=\"https:\/\/www.koonings.com\/fr\/product\/etoile-whitley\/\" \/>\n<meta property=\"og:site_name\" content=\"Koonings\" \/>\n<meta property=\"article:publisher\" content=\"https:\/\/www.facebook.com\/kooningstheweddingpalace\" \/>\n<meta property=\"og:image\" content=\"https:\/\/www.koonings.com\/wp-content\/uploads\/2024\/11\/38686_856f72fb624b01a41c951ceb17715d111e3a3b328308bae6ef57d910f9a7ebc3a0a87aea.jpeg\" \/>\n\t<meta property=\"og:image:width\" content=\"1035\" \/>\n\t<meta property=\"og:image:height\" content=\"1380\" \/>\n\t<meta property=\"og:image:type\" content=\"image\/jpeg\" \/>\n<meta name=\"twitter:card\" content=\"summary_large_image\" \/>\n<meta name=\"twitter:label1\" content=\"Dur\u00e9e de lecture estim\u00e9e\" \/>\n\t<meta name=\"twitter:data1\" content=\"1 minute\" \/>\n<script type=\"application\/ld+json\" class=\"yoast-schema-graph\">{\"@context\":\"https:\\\/\\\/schema.org\",\"@graph\":[{\"@type\":\"WebPage\",\"@id\":\"https:\\\/\\\/www.koonings.com\\\/fr\\\/product\\\/etoile-whitley\\\/\",\"url\":\"https:\\\/\\\/www.koonings.com\\\/fr\\\/product\\\/etoile-whitley\\\/\",\"name\":\"Etoile Whitley | Koonings\",\"isPartOf\":{\"@id\":\"https:\\\/\\\/www.koonings.com\\\/fr\\\/#website\"},\"primaryImageOfPage\":{\"@id\":\"https:\\\/\\\/www.koonings.com\\\/fr\\\/product\\\/etoile-whitley\\\/#primaryimage\"},\"image\":{\"@id\":\"https:\\\/\\\/www.koonings.com\\\/fr\\\/product\\\/etoile-whitley\\\/#primaryimage\"},\"thumbnailUrl\":\"https:\\\/\\\/www.koonings.com\\\/wp-content\\\/uploads\\\/2024\\\/11\\\/38686_856f72fb624b01a41c951ceb17715d111e3a3b328308bae6ef57d910f9a7ebc3a0a87aea.jpeg\",\"datePublished\":\"2026-05-06T13:11:00+00:00\",\"description\":\"Faites entrer le glamour dans votre vie avec WHITLEY ! Cette superbe robe de bal est parfaite pour les mari\u00e9es qui veulent tout avoir. Cette robe de mari\u00e9e de Mikado pr\u00e9sente un superbe corsage en dentelle avec de la dentelle florale et des paillettes, de d\u00e9licates bretelles perl\u00e9es, du tulle \u00e9tincelant et de la dentelle mate avec des paillettes brillantes qui soulignent le corsage \u00e0 l'avant et fa\u00e7onnent le dos ouvert. La magnifique dentelle se poursuit sur la jupe moulante de la robe de bal, avec une fente sexy et des poches, pour un look ultra-moderne.\",\"breadcrumb\":{\"@id\":\"https:\\\/\\\/www.koonings.com\\\/fr\\\/product\\\/etoile-whitley\\\/#breadcrumb\"},\"inLanguage\":\"fr-FR\",\"potentialAction\":[{\"@type\":\"ReadAction\",\"target\":[\"https:\\\/\\\/www.koonings.com\\\/fr\\\/product\\\/etoile-whitley\\\/\"]}]},{\"@type\":\"ImageObject\",\"inLanguage\":\"fr-FR\",\"@id\":\"https:\\\/\\\/www.koonings.com\\\/fr\\\/product\\\/etoile-whitley\\\/#primaryimage\",\"url\":\"https:\\\/\\\/www.koonings.com\\\/wp-content\\\/uploads\\\/2024\\\/11\\\/38686_856f72fb624b01a41c951ceb17715d111e3a3b328308bae6ef57d910f9a7ebc3a0a87aea.jpeg\",\"contentUrl\":\"https:\\\/\\\/www.koonings.com\\\/wp-content\\\/uploads\\\/2024\\\/11\\\/38686_856f72fb624b01a41c951ceb17715d111e3a3b328308bae6ef57d910f9a7ebc3a0a87aea.jpeg\",\"width\":1035,\"height\":1380},{\"@type\":\"BreadcrumbList\",\"@id\":\"https:\\\/\\\/www.koonings.com\\\/fr\\\/product\\\/etoile-whitley\\\/#breadcrumb\",\"itemListElement\":[{\"@type\":\"ListItem\",\"position\":1,\"name\":\"Home\",\"item\":\"https:\\\/\\\/www.koonings.com\\\/fr\\\/\"},{\"@type\":\"ListItem\",\"position\":2,\"name\":\"Etoile Whitley\"}]},{\"@type\":\"WebSite\",\"@id\":\"https:\\\/\\\/www.koonings.com\\\/fr\\\/#website\",\"url\":\"https:\\\/\\\/www.koonings.com\\\/fr\\\/\",\"name\":\"Koonings\",\"description\":\"De grootste bruidsmodewinkel ter wereld\",\"publisher\":{\"@id\":\"https:\\\/\\\/www.koonings.com\\\/fr\\\/#organization\"},\"potentialAction\":[{\"@type\":\"SearchAction\",\"target\":{\"@type\":\"EntryPoint\",\"urlTemplate\":\"https:\\\/\\\/www.koonings.com\\\/fr\\\/?s={search_term_string}\"},\"query-input\":{\"@type\":\"PropertyValueSpecification\",\"valueRequired\":true,\"valueName\":\"search_term_string\"}}],\"inLanguage\":\"fr-FR\"},{\"@type\":\"Organization\",\"@id\":\"https:\\\/\\\/www.koonings.com\\\/fr\\\/#organization\",\"name\":\"Koonings\",\"url\":\"https:\\\/\\\/www.koonings.com\\\/fr\\\/\",\"logo\":{\"@type\":\"ImageObject\",\"inLanguage\":\"fr-FR\",\"@id\":\"https:\\\/\\\/www.koonings.com\\\/fr\\\/#\\\/schema\\\/logo\\\/image\\\/\",\"url\":\"https:\\\/\\\/www.koonings.com\\\/wp-content\\\/uploads\\\/2024\\\/07\\\/logo.png\",\"contentUrl\":\"https:\\\/\\\/www.koonings.com\\\/wp-content\\\/uploads\\\/2024\\\/07\\\/logo.png\",\"width\":600,\"height\":428,\"caption\":\"Koonings\"},\"image\":{\"@id\":\"https:\\\/\\\/www.koonings.com\\\/fr\\\/#\\\/schema\\\/logo\\\/image\\\/\"},\"sameAs\":[\"https:\\\/\\\/www.facebook.com\\\/kooningstheweddingpalace\",\"https:\\\/\\\/www.instagram.com\\\/kooningstheweddingpalace\",\"https:\\\/\\\/www.pinterest.com\\\/koonings\",\"https:\\\/\\\/www.youtube.com\\\/kooningstheweddingpalace\"]}]}<\/script>\n<!-- \/ Yoast SEO plugin. -->","yoast_head_json":{"title":"Etoile Whitley | Koonings","description":"Faites entrer le glamour dans votre vie avec WHITLEY ! Cette superbe robe de bal est parfaite pour les mari\u00e9es qui veulent tout avoir. Cette robe de mari\u00e9e de Mikado pr\u00e9sente un superbe corsage en dentelle avec de la dentelle florale et des paillettes, de d\u00e9licates bretelles perl\u00e9es, du tulle \u00e9tincelant et de la dentelle mate avec des paillettes brillantes qui soulignent le corsage \u00e0 l'avant et fa\u00e7onnent le dos ouvert. La magnifique dentelle se poursuit sur la jupe moulante de la robe de bal, avec une fente sexy et des poches, pour un look ultra-moderne.","robots":{"index":"index","follow":"follow","max-snippet":"max-snippet:-1","max-image-preview":"max-image-preview:large","max-video-preview":"max-video-preview:-1"},"canonical":"https:\/\/www.koonings.com\/fr\/product\/etoile-whitley\/","og_locale":"fr_FR","og_type":"article","og_title":"Etoile Whitley | Koonings","og_description":"Faites entrer le glamour dans votre vie avec WHITLEY ! Cette superbe robe de bal est parfaite pour les mari\u00e9es qui veulent tout avoir. Cette robe de mari\u00e9e de Mikado pr\u00e9sente un superbe corsage en dentelle avec de la dentelle florale et des paillettes, de d\u00e9licates bretelles perl\u00e9es, du tulle \u00e9tincelant et de la dentelle mate avec des paillettes brillantes qui soulignent le corsage \u00e0 l'avant et fa\u00e7onnent le dos ouvert. La magnifique dentelle se poursuit sur la jupe moulante de la robe de bal, avec une fente sexy et des poches, pour un look ultra-moderne.","og_url":"https:\/\/www.koonings.com\/fr\/product\/etoile-whitley\/","og_site_name":"Koonings","article_publisher":"https:\/\/www.facebook.com\/kooningstheweddingpalace","og_image":[{"width":1035,"height":1380,"url":"https:\/\/www.koonings.com\/wp-content\/uploads\/2024\/11\/38686_856f72fb624b01a41c951ceb17715d111e3a3b328308bae6ef57d910f9a7ebc3a0a87aea.jpeg","type":"image\/jpeg"}],"twitter_card":"summary_large_image","twitter_misc":{"Dur\u00e9e de lecture estim\u00e9e":"1 minute"},"schema":{"@context":"https:\/\/schema.org","@graph":[{"@type":"WebPage","@id":"https:\/\/www.koonings.com\/fr\/product\/etoile-whitley\/","url":"https:\/\/www.koonings.com\/fr\/product\/etoile-whitley\/","name":"Etoile Whitley | Koonings","isPartOf":{"@id":"https:\/\/www.koonings.com\/fr\/#website"},"primaryImageOfPage":{"@id":"https:\/\/www.koonings.com\/fr\/product\/etoile-whitley\/#primaryimage"},"image":{"@id":"https:\/\/www.koonings.com\/fr\/product\/etoile-whitley\/#primaryimage"},"thumbnailUrl":"https:\/\/www.koonings.com\/wp-content\/uploads\/2024\/11\/38686_856f72fb624b01a41c951ceb17715d111e3a3b328308bae6ef57d910f9a7ebc3a0a87aea.jpeg","datePublished":"2026-05-06T13:11:00+00:00","description":"Faites entrer le glamour dans votre vie avec WHITLEY ! Cette superbe robe de bal est parfaite pour les mari\u00e9es qui veulent tout avoir. Cette robe de mari\u00e9e de Mikado pr\u00e9sente un superbe corsage en dentelle avec de la dentelle florale et des paillettes, de d\u00e9licates bretelles perl\u00e9es, du tulle \u00e9tincelant et de la dentelle mate avec des paillettes brillantes qui soulignent le corsage \u00e0 l'avant et fa\u00e7onnent le dos ouvert. La magnifique dentelle se poursuit sur la jupe moulante de la robe de bal, avec une fente sexy et des poches, pour un look ultra-moderne.","breadcrumb":{"@id":"https:\/\/www.koonings.com\/fr\/product\/etoile-whitley\/#breadcrumb"},"inLanguage":"fr-FR","potentialAction":[{"@type":"ReadAction","target":["https:\/\/www.koonings.com\/fr\/product\/etoile-whitley\/"]}]},{"@type":"ImageObject","inLanguage":"fr-FR","@id":"https:\/\/www.koonings.com\/fr\/product\/etoile-whitley\/#primaryimage","url":"https:\/\/www.koonings.com\/wp-content\/uploads\/2024\/11\/38686_856f72fb624b01a41c951ceb17715d111e3a3b328308bae6ef57d910f9a7ebc3a0a87aea.jpeg","contentUrl":"https:\/\/www.koonings.com\/wp-content\/uploads\/2024\/11\/38686_856f72fb624b01a41c951ceb17715d111e3a3b328308bae6ef57d910f9a7ebc3a0a87aea.jpeg","width":1035,"height":1380},{"@type":"BreadcrumbList","@id":"https:\/\/www.koonings.com\/fr\/product\/etoile-whitley\/#breadcrumb","itemListElement":[{"@type":"ListItem","position":1,"name":"Home","item":"https:\/\/www.koonings.com\/fr\/"},{"@type":"ListItem","position":2,"name":"Etoile Whitley"}]},{"@type":"WebSite","@id":"https:\/\/www.koonings.com\/fr\/#website","url":"https:\/\/www.koonings.com\/fr\/","name":"Koonings","description":"De grootste bruidsmodewinkel ter wereld","publisher":{"@id":"https:\/\/www.koonings.com\/fr\/#organization"},"potentialAction":[{"@type":"SearchAction","target":{"@type":"EntryPoint","urlTemplate":"https:\/\/www.koonings.com\/fr\/?s={search_term_string}"},"query-input":{"@type":"PropertyValueSpecification","valueRequired":true,"valueName":"search_term_string"}}],"inLanguage":"fr-FR"},{"@type":"Organization","@id":"https:\/\/www.koonings.com\/fr\/#organization","name":"Koonings","url":"https:\/\/www.koonings.com\/fr\/","logo":{"@type":"ImageObject","inLanguage":"fr-FR","@id":"https:\/\/www.koonings.com\/fr\/#\/schema\/logo\/image\/","url":"https:\/\/www.koonings.com\/wp-content\/uploads\/2024\/07\/logo.png","contentUrl":"https:\/\/www.koonings.com\/wp-content\/uploads\/2024\/07\/logo.png","width":600,"height":428,"caption":"Koonings"},"image":{"@id":"https:\/\/www.koonings.com\/fr\/#\/schema\/logo\/image\/"},"sameAs":["https:\/\/www.facebook.com\/kooningstheweddingpalace","https:\/\/www.instagram.com\/kooningstheweddingpalace","https:\/\/www.pinterest.com\/koonings","https:\/\/www.youtube.com\/kooningstheweddingpalace"]}]}},"_links":{"self":[{"href":"https:\/\/www.koonings.com\/fr\/wp-json\/wp\/v2\/product\/79592","targetHints":{"allow":["GET"]}}],"collection":[{"href":"https:\/\/www.koonings.com\/fr\/wp-json\/wp\/v2\/product"}],"about":[{"href":"https:\/\/www.koonings.com\/fr\/wp-json\/wp\/v2\/types\/product"}],"wp:featuredmedia":[{"embeddable":true,"href":"https:\/\/www.koonings.com\/fr\/wp-json\/wp\/v2\/media\/72469"}],"wp:attachment":[{"href":"https:\/\/www.koonings.com\/fr\/wp-json\/wp\/v2\/media?parent=79592"}],"wp:term":[{"taxonomy":"productdetails","embeddable":true,"href":"https:\/\/www.koonings.com\/fr\/wp-json\/wp\/v2\/productdetails?post=79592"},{"taxonomy":"productneck","embeddable":true,"href":"https:\/\/www.koonings.com\/fr\/wp-json\/wp\/v2\/productneck?post=79592"},{"taxonomy":"productcolor","embeddable":true,"href":"https:\/\/www.koonings.com\/fr\/wp-json\/wp\/v2\/productcolor?post=79592"},{"taxonomy":"maat","embeddable":true,"href":"https:\/\/www.koonings.com\/fr\/wp-json\/wp\/v2\/maat?post=79592"},{"taxonomy":"productsupplier","embeddable":true,"href":"https:\/\/www.koonings.com\/fr\/wp-json\/wp\/v2\/productsupplier?post=79592"},{"taxonomy":"productsleeve","embeddable":true,"href":"https:\/\/www.koonings.com\/fr\/wp-json\/wp\/v2\/productsleeve?post=79592"},{"taxonomy":"productcategory","embeddable":true,"href":"https:\/\/www.koonings.com\/fr\/wp-json\/wp\/v2\/productcategory?post=79592"},{"taxonomy":"productsilhouette","embeddable":true,"href":"https:\/\/www.koonings.com\/fr\/wp-json\/wp\/v2\/productsilhouette?post=79592"},{"taxonomy":"productstyle","embeddable":true,"href":"https:\/\/www.koonings.com\/fr\/wp-json\/wp\/v2\/productstyle?post=79592"}],"curies":[{"name":"wp","href":"https:\/\/api.w.org\/{rel}","templated":true}]}}