{"id":79584,"date":"2026-04-21T18:12:12","date_gmt":"2026-04-21T16:12:12","guid":{"rendered":"https:\/\/www.koonings.com\/product\/etoile-reilly\/"},"modified":"2026-02-16T14:54:23","modified_gmt":"2026-02-16T13:54:23","slug":"etoile-reilly","status":"publish","type":"product","link":"https:\/\/www.koonings.com\/fr\/product\/etoile-reilly\/","title":{"rendered":"Etoile Reilly"},"content":{"rendered":"<p>Une robe sir\u00e8ne sexy en dentelle qui apportera le facteur WOW \u00e0 votre mariage ! Cette robe ultra-romantique pr\u00e9sente de magnifiques bretelles en dentelle \u00e0 motifs floraux qui soutiennent le corsage en dentelle \u00e9tincelant avec des d\u00e9coupes lat\u00e9rales illusionnistes pour un look flatteur. Nous ne pouvons pas non plus d\u00e9tacher nos yeux de la captivante robe en dentelle illusion, profond\u00e9ment fuyante et sculpt\u00e9e !  <\/p>\n","protected":false},"featured_media":72528,"template":"","meta":{"_acf_changed":false,"ghostkit_customizer_options":"","ghostkit_custom_css":"","ghostkit_custom_js_head":"","ghostkit_custom_js_foot":"","ghostkit_typography":""},"productdetails":[379,376,381],"productneck":[356],"productcolor":[393,392],"maat":[],"productsupplier":[492],"productsleeve":[359],"productcategory":[18],"productsilhouette":[387],"productstyle":[366,370],"class_list":["post-79584","product","type-product","status-publish","has-post-thumbnail","hentry","productdetails-379","productdetails-376","productdetails-381","productneck-356","productcolor-393","productcolor-392","productsupplier-etoile","productsleeve-359","productcategory-trouwjurken","productsilhouette-387","productstyle-366","productstyle-370"],"acf":[],"yoast_head":"<!-- This site is optimized with the Yoast SEO plugin v27.3 - https:\/\/yoast.com\/product\/yoast-seo-wordpress\/ -->\n<title>Etoile Reilly | Koonings<\/title>\n<meta name=\"description\" content=\"Une robe sir\u00e8ne sexy en dentelle qui apportera le facteur WOW \u00e0 votre mariage ! Cette robe ultra-romantique pr\u00e9sente de magnifiques bretelles en dentelle \u00e0 motifs floraux qui soutiennent le corsage en dentelle \u00e9tincelant avec des d\u00e9coupes lat\u00e9rales illusionnistes pour un look flatteur. Nous ne pouvons pas non plus d\u00e9tacher nos yeux de la captivante robe en dentelle illusion, profond\u00e9ment fuyante et sculpt\u00e9e !\" \/>\n<meta name=\"robots\" content=\"index, follow, max-snippet:-1, max-image-preview:large, max-video-preview:-1\" \/>\n<link rel=\"canonical\" href=\"https:\/\/www.koonings.com\/fr\/product\/etoile-reilly\/\" \/>\n<meta property=\"og:locale\" content=\"fr_FR\" \/>\n<meta property=\"og:type\" content=\"article\" \/>\n<meta property=\"og:title\" content=\"Etoile Reilly | Koonings\" \/>\n<meta property=\"og:description\" content=\"Une robe sir\u00e8ne sexy en dentelle qui apportera le facteur WOW \u00e0 votre mariage ! Cette robe ultra-romantique pr\u00e9sente de magnifiques bretelles en dentelle \u00e0 motifs floraux qui soutiennent le corsage en dentelle \u00e9tincelant avec des d\u00e9coupes lat\u00e9rales illusionnistes pour un look flatteur. Nous ne pouvons pas non plus d\u00e9tacher nos yeux de la captivante robe en dentelle illusion, profond\u00e9ment fuyante et sculpt\u00e9e !\" \/>\n<meta property=\"og:url\" content=\"https:\/\/www.koonings.com\/fr\/product\/etoile-reilly\/\" \/>\n<meta property=\"og:site_name\" content=\"Koonings\" \/>\n<meta property=\"article:publisher\" content=\"https:\/\/www.facebook.com\/kooningstheweddingpalace\" \/>\n<meta property=\"og:image\" content=\"https:\/\/www.koonings.com\/wp-content\/uploads\/2024\/11\/38725_028a80a8d565a51f281373ef4b32adb0546a0aa20efdacc0326294a8aa4aa6bd1df33f43.jpeg\" \/>\n\t<meta property=\"og:image:width\" content=\"1035\" \/>\n\t<meta property=\"og:image:height\" content=\"1380\" \/>\n\t<meta property=\"og:image:type\" content=\"image\/jpeg\" \/>\n<meta name=\"twitter:card\" content=\"summary_large_image\" \/>\n<script type=\"application\/ld+json\" class=\"yoast-schema-graph\">{\"@context\":\"https:\\\/\\\/schema.org\",\"@graph\":[{\"@type\":\"WebPage\",\"@id\":\"https:\\\/\\\/www.koonings.com\\\/fr\\\/product\\\/etoile-reilly\\\/\",\"url\":\"https:\\\/\\\/www.koonings.com\\\/fr\\\/product\\\/etoile-reilly\\\/\",\"name\":\"Etoile Reilly | Koonings\",\"isPartOf\":{\"@id\":\"https:\\\/\\\/www.koonings.com\\\/fr\\\/#website\"},\"primaryImageOfPage\":{\"@id\":\"https:\\\/\\\/www.koonings.com\\\/fr\\\/product\\\/etoile-reilly\\\/#primaryimage\"},\"image\":{\"@id\":\"https:\\\/\\\/www.koonings.com\\\/fr\\\/product\\\/etoile-reilly\\\/#primaryimage\"},\"thumbnailUrl\":\"https:\\\/\\\/www.koonings.com\\\/wp-content\\\/uploads\\\/2024\\\/11\\\/38725_028a80a8d565a51f281373ef4b32adb0546a0aa20efdacc0326294a8aa4aa6bd1df33f43.jpeg\",\"datePublished\":\"2026-04-21T16:12:12+00:00\",\"description\":\"Une robe sir\u00e8ne sexy en dentelle qui apportera le facteur WOW \u00e0 votre mariage ! Cette robe ultra-romantique pr\u00e9sente de magnifiques bretelles en dentelle \u00e0 motifs floraux qui soutiennent le corsage en dentelle \u00e9tincelant avec des d\u00e9coupes lat\u00e9rales illusionnistes pour un look flatteur. Nous ne pouvons pas non plus d\u00e9tacher nos yeux de la captivante robe en dentelle illusion, profond\u00e9ment fuyante et sculpt\u00e9e !\",\"breadcrumb\":{\"@id\":\"https:\\\/\\\/www.koonings.com\\\/fr\\\/product\\\/etoile-reilly\\\/#breadcrumb\"},\"inLanguage\":\"fr-FR\",\"potentialAction\":[{\"@type\":\"ReadAction\",\"target\":[\"https:\\\/\\\/www.koonings.com\\\/fr\\\/product\\\/etoile-reilly\\\/\"]}]},{\"@type\":\"ImageObject\",\"inLanguage\":\"fr-FR\",\"@id\":\"https:\\\/\\\/www.koonings.com\\\/fr\\\/product\\\/etoile-reilly\\\/#primaryimage\",\"url\":\"https:\\\/\\\/www.koonings.com\\\/wp-content\\\/uploads\\\/2024\\\/11\\\/38725_028a80a8d565a51f281373ef4b32adb0546a0aa20efdacc0326294a8aa4aa6bd1df33f43.jpeg\",\"contentUrl\":\"https:\\\/\\\/www.koonings.com\\\/wp-content\\\/uploads\\\/2024\\\/11\\\/38725_028a80a8d565a51f281373ef4b32adb0546a0aa20efdacc0326294a8aa4aa6bd1df33f43.jpeg\",\"width\":1035,\"height\":1380},{\"@type\":\"BreadcrumbList\",\"@id\":\"https:\\\/\\\/www.koonings.com\\\/fr\\\/product\\\/etoile-reilly\\\/#breadcrumb\",\"itemListElement\":[{\"@type\":\"ListItem\",\"position\":1,\"name\":\"Home\",\"item\":\"https:\\\/\\\/www.koonings.com\\\/fr\\\/\"},{\"@type\":\"ListItem\",\"position\":2,\"name\":\"Etoile Reilly\"}]},{\"@type\":\"WebSite\",\"@id\":\"https:\\\/\\\/www.koonings.com\\\/fr\\\/#website\",\"url\":\"https:\\\/\\\/www.koonings.com\\\/fr\\\/\",\"name\":\"Koonings\",\"description\":\"De grootste bruidsmodewinkel ter wereld\",\"publisher\":{\"@id\":\"https:\\\/\\\/www.koonings.com\\\/fr\\\/#organization\"},\"potentialAction\":[{\"@type\":\"SearchAction\",\"target\":{\"@type\":\"EntryPoint\",\"urlTemplate\":\"https:\\\/\\\/www.koonings.com\\\/fr\\\/?s={search_term_string}\"},\"query-input\":{\"@type\":\"PropertyValueSpecification\",\"valueRequired\":true,\"valueName\":\"search_term_string\"}}],\"inLanguage\":\"fr-FR\"},{\"@type\":\"Organization\",\"@id\":\"https:\\\/\\\/www.koonings.com\\\/fr\\\/#organization\",\"name\":\"Koonings\",\"url\":\"https:\\\/\\\/www.koonings.com\\\/fr\\\/\",\"logo\":{\"@type\":\"ImageObject\",\"inLanguage\":\"fr-FR\",\"@id\":\"https:\\\/\\\/www.koonings.com\\\/fr\\\/#\\\/schema\\\/logo\\\/image\\\/\",\"url\":\"https:\\\/\\\/www.koonings.com\\\/wp-content\\\/uploads\\\/2024\\\/07\\\/logo.png\",\"contentUrl\":\"https:\\\/\\\/www.koonings.com\\\/wp-content\\\/uploads\\\/2024\\\/07\\\/logo.png\",\"width\":600,\"height\":428,\"caption\":\"Koonings\"},\"image\":{\"@id\":\"https:\\\/\\\/www.koonings.com\\\/fr\\\/#\\\/schema\\\/logo\\\/image\\\/\"},\"sameAs\":[\"https:\\\/\\\/www.facebook.com\\\/kooningstheweddingpalace\",\"https:\\\/\\\/www.instagram.com\\\/kooningstheweddingpalace\",\"https:\\\/\\\/www.pinterest.com\\\/koonings\",\"https:\\\/\\\/www.youtube.com\\\/kooningstheweddingpalace\"]}]}<\/script>\n<!-- \/ Yoast SEO plugin. -->","yoast_head_json":{"title":"Etoile Reilly | Koonings","description":"Une robe sir\u00e8ne sexy en dentelle qui apportera le facteur WOW \u00e0 votre mariage ! Cette robe ultra-romantique pr\u00e9sente de magnifiques bretelles en dentelle \u00e0 motifs floraux qui soutiennent le corsage en dentelle \u00e9tincelant avec des d\u00e9coupes lat\u00e9rales illusionnistes pour un look flatteur. Nous ne pouvons pas non plus d\u00e9tacher nos yeux de la captivante robe en dentelle illusion, profond\u00e9ment fuyante et sculpt\u00e9e !","robots":{"index":"index","follow":"follow","max-snippet":"max-snippet:-1","max-image-preview":"max-image-preview:large","max-video-preview":"max-video-preview:-1"},"canonical":"https:\/\/www.koonings.com\/fr\/product\/etoile-reilly\/","og_locale":"fr_FR","og_type":"article","og_title":"Etoile Reilly | Koonings","og_description":"Une robe sir\u00e8ne sexy en dentelle qui apportera le facteur WOW \u00e0 votre mariage ! Cette robe ultra-romantique pr\u00e9sente de magnifiques bretelles en dentelle \u00e0 motifs floraux qui soutiennent le corsage en dentelle \u00e9tincelant avec des d\u00e9coupes lat\u00e9rales illusionnistes pour un look flatteur. Nous ne pouvons pas non plus d\u00e9tacher nos yeux de la captivante robe en dentelle illusion, profond\u00e9ment fuyante et sculpt\u00e9e !","og_url":"https:\/\/www.koonings.com\/fr\/product\/etoile-reilly\/","og_site_name":"Koonings","article_publisher":"https:\/\/www.facebook.com\/kooningstheweddingpalace","og_image":[{"width":1035,"height":1380,"url":"https:\/\/www.koonings.com\/wp-content\/uploads\/2024\/11\/38725_028a80a8d565a51f281373ef4b32adb0546a0aa20efdacc0326294a8aa4aa6bd1df33f43.jpeg","type":"image\/jpeg"}],"twitter_card":"summary_large_image","schema":{"@context":"https:\/\/schema.org","@graph":[{"@type":"WebPage","@id":"https:\/\/www.koonings.com\/fr\/product\/etoile-reilly\/","url":"https:\/\/www.koonings.com\/fr\/product\/etoile-reilly\/","name":"Etoile Reilly | Koonings","isPartOf":{"@id":"https:\/\/www.koonings.com\/fr\/#website"},"primaryImageOfPage":{"@id":"https:\/\/www.koonings.com\/fr\/product\/etoile-reilly\/#primaryimage"},"image":{"@id":"https:\/\/www.koonings.com\/fr\/product\/etoile-reilly\/#primaryimage"},"thumbnailUrl":"https:\/\/www.koonings.com\/wp-content\/uploads\/2024\/11\/38725_028a80a8d565a51f281373ef4b32adb0546a0aa20efdacc0326294a8aa4aa6bd1df33f43.jpeg","datePublished":"2026-04-21T16:12:12+00:00","description":"Une robe sir\u00e8ne sexy en dentelle qui apportera le facteur WOW \u00e0 votre mariage ! Cette robe ultra-romantique pr\u00e9sente de magnifiques bretelles en dentelle \u00e0 motifs floraux qui soutiennent le corsage en dentelle \u00e9tincelant avec des d\u00e9coupes lat\u00e9rales illusionnistes pour un look flatteur. Nous ne pouvons pas non plus d\u00e9tacher nos yeux de la captivante robe en dentelle illusion, profond\u00e9ment fuyante et sculpt\u00e9e !","breadcrumb":{"@id":"https:\/\/www.koonings.com\/fr\/product\/etoile-reilly\/#breadcrumb"},"inLanguage":"fr-FR","potentialAction":[{"@type":"ReadAction","target":["https:\/\/www.koonings.com\/fr\/product\/etoile-reilly\/"]}]},{"@type":"ImageObject","inLanguage":"fr-FR","@id":"https:\/\/www.koonings.com\/fr\/product\/etoile-reilly\/#primaryimage","url":"https:\/\/www.koonings.com\/wp-content\/uploads\/2024\/11\/38725_028a80a8d565a51f281373ef4b32adb0546a0aa20efdacc0326294a8aa4aa6bd1df33f43.jpeg","contentUrl":"https:\/\/www.koonings.com\/wp-content\/uploads\/2024\/11\/38725_028a80a8d565a51f281373ef4b32adb0546a0aa20efdacc0326294a8aa4aa6bd1df33f43.jpeg","width":1035,"height":1380},{"@type":"BreadcrumbList","@id":"https:\/\/www.koonings.com\/fr\/product\/etoile-reilly\/#breadcrumb","itemListElement":[{"@type":"ListItem","position":1,"name":"Home","item":"https:\/\/www.koonings.com\/fr\/"},{"@type":"ListItem","position":2,"name":"Etoile Reilly"}]},{"@type":"WebSite","@id":"https:\/\/www.koonings.com\/fr\/#website","url":"https:\/\/www.koonings.com\/fr\/","name":"Koonings","description":"De grootste bruidsmodewinkel ter wereld","publisher":{"@id":"https:\/\/www.koonings.com\/fr\/#organization"},"potentialAction":[{"@type":"SearchAction","target":{"@type":"EntryPoint","urlTemplate":"https:\/\/www.koonings.com\/fr\/?s={search_term_string}"},"query-input":{"@type":"PropertyValueSpecification","valueRequired":true,"valueName":"search_term_string"}}],"inLanguage":"fr-FR"},{"@type":"Organization","@id":"https:\/\/www.koonings.com\/fr\/#organization","name":"Koonings","url":"https:\/\/www.koonings.com\/fr\/","logo":{"@type":"ImageObject","inLanguage":"fr-FR","@id":"https:\/\/www.koonings.com\/fr\/#\/schema\/logo\/image\/","url":"https:\/\/www.koonings.com\/wp-content\/uploads\/2024\/07\/logo.png","contentUrl":"https:\/\/www.koonings.com\/wp-content\/uploads\/2024\/07\/logo.png","width":600,"height":428,"caption":"Koonings"},"image":{"@id":"https:\/\/www.koonings.com\/fr\/#\/schema\/logo\/image\/"},"sameAs":["https:\/\/www.facebook.com\/kooningstheweddingpalace","https:\/\/www.instagram.com\/kooningstheweddingpalace","https:\/\/www.pinterest.com\/koonings","https:\/\/www.youtube.com\/kooningstheweddingpalace"]}]}},"_links":{"self":[{"href":"https:\/\/www.koonings.com\/fr\/wp-json\/wp\/v2\/product\/79584","targetHints":{"allow":["GET"]}}],"collection":[{"href":"https:\/\/www.koonings.com\/fr\/wp-json\/wp\/v2\/product"}],"about":[{"href":"https:\/\/www.koonings.com\/fr\/wp-json\/wp\/v2\/types\/product"}],"wp:featuredmedia":[{"embeddable":true,"href":"https:\/\/www.koonings.com\/fr\/wp-json\/wp\/v2\/media\/72528"}],"wp:attachment":[{"href":"https:\/\/www.koonings.com\/fr\/wp-json\/wp\/v2\/media?parent=79584"}],"wp:term":[{"taxonomy":"productdetails","embeddable":true,"href":"https:\/\/www.koonings.com\/fr\/wp-json\/wp\/v2\/productdetails?post=79584"},{"taxonomy":"productneck","embeddable":true,"href":"https:\/\/www.koonings.com\/fr\/wp-json\/wp\/v2\/productneck?post=79584"},{"taxonomy":"productcolor","embeddable":true,"href":"https:\/\/www.koonings.com\/fr\/wp-json\/wp\/v2\/productcolor?post=79584"},{"taxonomy":"maat","embeddable":true,"href":"https:\/\/www.koonings.com\/fr\/wp-json\/wp\/v2\/maat?post=79584"},{"taxonomy":"productsupplier","embeddable":true,"href":"https:\/\/www.koonings.com\/fr\/wp-json\/wp\/v2\/productsupplier?post=79584"},{"taxonomy":"productsleeve","embeddable":true,"href":"https:\/\/www.koonings.com\/fr\/wp-json\/wp\/v2\/productsleeve?post=79584"},{"taxonomy":"productcategory","embeddable":true,"href":"https:\/\/www.koonings.com\/fr\/wp-json\/wp\/v2\/productcategory?post=79584"},{"taxonomy":"productsilhouette","embeddable":true,"href":"https:\/\/www.koonings.com\/fr\/wp-json\/wp\/v2\/productsilhouette?post=79584"},{"taxonomy":"productstyle","embeddable":true,"href":"https:\/\/www.koonings.com\/fr\/wp-json\/wp\/v2\/productstyle?post=79584"}],"curies":[{"name":"wp","href":"https:\/\/api.w.org\/{rel}","templated":true}]}}