{"id":79578,"date":"2026-04-28T18:10:56","date_gmt":"2026-04-28T16:10:56","guid":{"rendered":"https:\/\/www.koonings.com\/product\/etoile-schuyler\/"},"modified":"2026-02-16T14:54:23","modified_gmt":"2026-02-16T13:54:23","slug":"etoile-schuyler","status":"publish","type":"product","link":"https:\/\/www.koonings.com\/fr\/product\/etoile-schuyler\/","title":{"rendered":"Etoile Schuyler"},"content":{"rendered":"<p>Pour un look amusant et s\u00e9duisant le jour de votre mariage, SCHUYLER pr\u00e9sente un magnifique d\u00e9collet\u00e9 rond avec des bretelles perl\u00e9es complexes sur le corsage en dentelle Chantilly chatoyante avec du tulle \u00e0 volants et un corset ouvert dans le dos. Les d\u00e9coupes lat\u00e9rales en dentelle scintillante accentuent la taille et r\u00e9v\u00e8lent la jupe volante en tulle et organza &#8211; parfaite pour danser jusqu&#8217;au bout de la nuit lors de votre journ\u00e9e sp\u00e9ciale. <\/p>\n","protected":false},"featured_media":72549,"template":"","meta":{"_acf_changed":false,"ghostkit_customizer_options":"","ghostkit_custom_css":"","ghostkit_custom_js_head":"","ghostkit_custom_js_foot":"","ghostkit_typography":""},"productdetails":[376,381],"productneck":[353],"productcolor":[392],"maat":[],"productsupplier":[492],"productsleeve":[359],"productcategory":[18],"productsilhouette":[384],"productstyle":[366],"class_list":["post-79578","product","type-product","status-publish","has-post-thumbnail","hentry","productdetails-376","productdetails-381","productneck-353","productcolor-392","productsupplier-etoile","productsleeve-359","productcategory-trouwjurken","productsilhouette-384","productstyle-366"],"acf":[],"yoast_head":"<!-- This site is optimized with the Yoast SEO plugin v27.3 - https:\/\/yoast.com\/product\/yoast-seo-wordpress\/ -->\n<title>Etoile Schuyler | Koonings<\/title>\n<meta name=\"description\" content=\"Pour un look amusant et s\u00e9duisant le jour de votre mariage, SCHUYLER pr\u00e9sente un magnifique d\u00e9collet\u00e9 rond avec des bretelles perl\u00e9es complexes sur le corsage en dentelle Chantilly chatoyante avec du tulle \u00e0 volants et un corset ouvert dans le dos. Les d\u00e9coupes lat\u00e9rales en dentelle scintillante accentuent la taille et r\u00e9v\u00e8lent la jupe volante en tulle et organza - parfaite pour danser jusqu&#039;au bout de la nuit lors de votre journ\u00e9e sp\u00e9ciale.\" \/>\n<meta name=\"robots\" content=\"index, follow, max-snippet:-1, max-image-preview:large, max-video-preview:-1\" \/>\n<link rel=\"canonical\" href=\"https:\/\/www.koonings.com\/fr\/product\/etoile-schuyler\/\" \/>\n<meta property=\"og:locale\" content=\"fr_FR\" \/>\n<meta property=\"og:type\" content=\"article\" \/>\n<meta property=\"og:title\" content=\"Etoile Schuyler | Koonings\" \/>\n<meta property=\"og:description\" content=\"Pour un look amusant et s\u00e9duisant le jour de votre mariage, SCHUYLER pr\u00e9sente un magnifique d\u00e9collet\u00e9 rond avec des bretelles perl\u00e9es complexes sur le corsage en dentelle Chantilly chatoyante avec du tulle \u00e0 volants et un corset ouvert dans le dos. Les d\u00e9coupes lat\u00e9rales en dentelle scintillante accentuent la taille et r\u00e9v\u00e8lent la jupe volante en tulle et organza - parfaite pour danser jusqu&#039;au bout de la nuit lors de votre journ\u00e9e sp\u00e9ciale.\" \/>\n<meta property=\"og:url\" content=\"https:\/\/www.koonings.com\/fr\/product\/etoile-schuyler\/\" \/>\n<meta property=\"og:site_name\" content=\"Koonings\" \/>\n<meta property=\"article:publisher\" content=\"https:\/\/www.facebook.com\/kooningstheweddingpalace\" \/>\n<meta property=\"og:image\" content=\"https:\/\/www.koonings.com\/wp-content\/uploads\/2024\/11\/38727_0c30f85af074e86c0f63db2d5bc762d804a2f22ff6604241b10124b2d14f1b041cd7d3ad.jpeg\" \/>\n\t<meta property=\"og:image:width\" content=\"1035\" \/>\n\t<meta property=\"og:image:height\" content=\"1380\" \/>\n\t<meta property=\"og:image:type\" content=\"image\/jpeg\" \/>\n<meta name=\"twitter:card\" content=\"summary_large_image\" \/>\n<script type=\"application\/ld+json\" class=\"yoast-schema-graph\">{\"@context\":\"https:\\\/\\\/schema.org\",\"@graph\":[{\"@type\":\"WebPage\",\"@id\":\"https:\\\/\\\/www.koonings.com\\\/fr\\\/product\\\/etoile-schuyler\\\/\",\"url\":\"https:\\\/\\\/www.koonings.com\\\/fr\\\/product\\\/etoile-schuyler\\\/\",\"name\":\"Etoile Schuyler | Koonings\",\"isPartOf\":{\"@id\":\"https:\\\/\\\/www.koonings.com\\\/fr\\\/#website\"},\"primaryImageOfPage\":{\"@id\":\"https:\\\/\\\/www.koonings.com\\\/fr\\\/product\\\/etoile-schuyler\\\/#primaryimage\"},\"image\":{\"@id\":\"https:\\\/\\\/www.koonings.com\\\/fr\\\/product\\\/etoile-schuyler\\\/#primaryimage\"},\"thumbnailUrl\":\"https:\\\/\\\/www.koonings.com\\\/wp-content\\\/uploads\\\/2024\\\/11\\\/38727_0c30f85af074e86c0f63db2d5bc762d804a2f22ff6604241b10124b2d14f1b041cd7d3ad.jpeg\",\"datePublished\":\"2026-04-28T16:10:56+00:00\",\"description\":\"Pour un look amusant et s\u00e9duisant le jour de votre mariage, SCHUYLER pr\u00e9sente un magnifique d\u00e9collet\u00e9 rond avec des bretelles perl\u00e9es complexes sur le corsage en dentelle Chantilly chatoyante avec du tulle \u00e0 volants et un corset ouvert dans le dos. Les d\u00e9coupes lat\u00e9rales en dentelle scintillante accentuent la taille et r\u00e9v\u00e8lent la jupe volante en tulle et organza - parfaite pour danser jusqu'au bout de la nuit lors de votre journ\u00e9e sp\u00e9ciale.\",\"breadcrumb\":{\"@id\":\"https:\\\/\\\/www.koonings.com\\\/fr\\\/product\\\/etoile-schuyler\\\/#breadcrumb\"},\"inLanguage\":\"fr-FR\",\"potentialAction\":[{\"@type\":\"ReadAction\",\"target\":[\"https:\\\/\\\/www.koonings.com\\\/fr\\\/product\\\/etoile-schuyler\\\/\"]}]},{\"@type\":\"ImageObject\",\"inLanguage\":\"fr-FR\",\"@id\":\"https:\\\/\\\/www.koonings.com\\\/fr\\\/product\\\/etoile-schuyler\\\/#primaryimage\",\"url\":\"https:\\\/\\\/www.koonings.com\\\/wp-content\\\/uploads\\\/2024\\\/11\\\/38727_0c30f85af074e86c0f63db2d5bc762d804a2f22ff6604241b10124b2d14f1b041cd7d3ad.jpeg\",\"contentUrl\":\"https:\\\/\\\/www.koonings.com\\\/wp-content\\\/uploads\\\/2024\\\/11\\\/38727_0c30f85af074e86c0f63db2d5bc762d804a2f22ff6604241b10124b2d14f1b041cd7d3ad.jpeg\",\"width\":1035,\"height\":1380},{\"@type\":\"BreadcrumbList\",\"@id\":\"https:\\\/\\\/www.koonings.com\\\/fr\\\/product\\\/etoile-schuyler\\\/#breadcrumb\",\"itemListElement\":[{\"@type\":\"ListItem\",\"position\":1,\"name\":\"Home\",\"item\":\"https:\\\/\\\/www.koonings.com\\\/fr\\\/\"},{\"@type\":\"ListItem\",\"position\":2,\"name\":\"Etoile Schuyler\"}]},{\"@type\":\"WebSite\",\"@id\":\"https:\\\/\\\/www.koonings.com\\\/fr\\\/#website\",\"url\":\"https:\\\/\\\/www.koonings.com\\\/fr\\\/\",\"name\":\"Koonings\",\"description\":\"De grootste bruidsmodewinkel ter wereld\",\"publisher\":{\"@id\":\"https:\\\/\\\/www.koonings.com\\\/fr\\\/#organization\"},\"potentialAction\":[{\"@type\":\"SearchAction\",\"target\":{\"@type\":\"EntryPoint\",\"urlTemplate\":\"https:\\\/\\\/www.koonings.com\\\/fr\\\/?s={search_term_string}\"},\"query-input\":{\"@type\":\"PropertyValueSpecification\",\"valueRequired\":true,\"valueName\":\"search_term_string\"}}],\"inLanguage\":\"fr-FR\"},{\"@type\":\"Organization\",\"@id\":\"https:\\\/\\\/www.koonings.com\\\/fr\\\/#organization\",\"name\":\"Koonings\",\"url\":\"https:\\\/\\\/www.koonings.com\\\/fr\\\/\",\"logo\":{\"@type\":\"ImageObject\",\"inLanguage\":\"fr-FR\",\"@id\":\"https:\\\/\\\/www.koonings.com\\\/fr\\\/#\\\/schema\\\/logo\\\/image\\\/\",\"url\":\"https:\\\/\\\/www.koonings.com\\\/wp-content\\\/uploads\\\/2024\\\/07\\\/logo.png\",\"contentUrl\":\"https:\\\/\\\/www.koonings.com\\\/wp-content\\\/uploads\\\/2024\\\/07\\\/logo.png\",\"width\":600,\"height\":428,\"caption\":\"Koonings\"},\"image\":{\"@id\":\"https:\\\/\\\/www.koonings.com\\\/fr\\\/#\\\/schema\\\/logo\\\/image\\\/\"},\"sameAs\":[\"https:\\\/\\\/www.facebook.com\\\/kooningstheweddingpalace\",\"https:\\\/\\\/www.instagram.com\\\/kooningstheweddingpalace\",\"https:\\\/\\\/www.pinterest.com\\\/koonings\",\"https:\\\/\\\/www.youtube.com\\\/kooningstheweddingpalace\"]}]}<\/script>\n<!-- \/ Yoast SEO plugin. -->","yoast_head_json":{"title":"Etoile Schuyler | Koonings","description":"Pour un look amusant et s\u00e9duisant le jour de votre mariage, SCHUYLER pr\u00e9sente un magnifique d\u00e9collet\u00e9 rond avec des bretelles perl\u00e9es complexes sur le corsage en dentelle Chantilly chatoyante avec du tulle \u00e0 volants et un corset ouvert dans le dos. Les d\u00e9coupes lat\u00e9rales en dentelle scintillante accentuent la taille et r\u00e9v\u00e8lent la jupe volante en tulle et organza - parfaite pour danser jusqu'au bout de la nuit lors de votre journ\u00e9e sp\u00e9ciale.","robots":{"index":"index","follow":"follow","max-snippet":"max-snippet:-1","max-image-preview":"max-image-preview:large","max-video-preview":"max-video-preview:-1"},"canonical":"https:\/\/www.koonings.com\/fr\/product\/etoile-schuyler\/","og_locale":"fr_FR","og_type":"article","og_title":"Etoile Schuyler | Koonings","og_description":"Pour un look amusant et s\u00e9duisant le jour de votre mariage, SCHUYLER pr\u00e9sente un magnifique d\u00e9collet\u00e9 rond avec des bretelles perl\u00e9es complexes sur le corsage en dentelle Chantilly chatoyante avec du tulle \u00e0 volants et un corset ouvert dans le dos. Les d\u00e9coupes lat\u00e9rales en dentelle scintillante accentuent la taille et r\u00e9v\u00e8lent la jupe volante en tulle et organza - parfaite pour danser jusqu'au bout de la nuit lors de votre journ\u00e9e sp\u00e9ciale.","og_url":"https:\/\/www.koonings.com\/fr\/product\/etoile-schuyler\/","og_site_name":"Koonings","article_publisher":"https:\/\/www.facebook.com\/kooningstheweddingpalace","og_image":[{"width":1035,"height":1380,"url":"https:\/\/www.koonings.com\/wp-content\/uploads\/2024\/11\/38727_0c30f85af074e86c0f63db2d5bc762d804a2f22ff6604241b10124b2d14f1b041cd7d3ad.jpeg","type":"image\/jpeg"}],"twitter_card":"summary_large_image","schema":{"@context":"https:\/\/schema.org","@graph":[{"@type":"WebPage","@id":"https:\/\/www.koonings.com\/fr\/product\/etoile-schuyler\/","url":"https:\/\/www.koonings.com\/fr\/product\/etoile-schuyler\/","name":"Etoile Schuyler | Koonings","isPartOf":{"@id":"https:\/\/www.koonings.com\/fr\/#website"},"primaryImageOfPage":{"@id":"https:\/\/www.koonings.com\/fr\/product\/etoile-schuyler\/#primaryimage"},"image":{"@id":"https:\/\/www.koonings.com\/fr\/product\/etoile-schuyler\/#primaryimage"},"thumbnailUrl":"https:\/\/www.koonings.com\/wp-content\/uploads\/2024\/11\/38727_0c30f85af074e86c0f63db2d5bc762d804a2f22ff6604241b10124b2d14f1b041cd7d3ad.jpeg","datePublished":"2026-04-28T16:10:56+00:00","description":"Pour un look amusant et s\u00e9duisant le jour de votre mariage, SCHUYLER pr\u00e9sente un magnifique d\u00e9collet\u00e9 rond avec des bretelles perl\u00e9es complexes sur le corsage en dentelle Chantilly chatoyante avec du tulle \u00e0 volants et un corset ouvert dans le dos. Les d\u00e9coupes lat\u00e9rales en dentelle scintillante accentuent la taille et r\u00e9v\u00e8lent la jupe volante en tulle et organza - parfaite pour danser jusqu'au bout de la nuit lors de votre journ\u00e9e sp\u00e9ciale.","breadcrumb":{"@id":"https:\/\/www.koonings.com\/fr\/product\/etoile-schuyler\/#breadcrumb"},"inLanguage":"fr-FR","potentialAction":[{"@type":"ReadAction","target":["https:\/\/www.koonings.com\/fr\/product\/etoile-schuyler\/"]}]},{"@type":"ImageObject","inLanguage":"fr-FR","@id":"https:\/\/www.koonings.com\/fr\/product\/etoile-schuyler\/#primaryimage","url":"https:\/\/www.koonings.com\/wp-content\/uploads\/2024\/11\/38727_0c30f85af074e86c0f63db2d5bc762d804a2f22ff6604241b10124b2d14f1b041cd7d3ad.jpeg","contentUrl":"https:\/\/www.koonings.com\/wp-content\/uploads\/2024\/11\/38727_0c30f85af074e86c0f63db2d5bc762d804a2f22ff6604241b10124b2d14f1b041cd7d3ad.jpeg","width":1035,"height":1380},{"@type":"BreadcrumbList","@id":"https:\/\/www.koonings.com\/fr\/product\/etoile-schuyler\/#breadcrumb","itemListElement":[{"@type":"ListItem","position":1,"name":"Home","item":"https:\/\/www.koonings.com\/fr\/"},{"@type":"ListItem","position":2,"name":"Etoile Schuyler"}]},{"@type":"WebSite","@id":"https:\/\/www.koonings.com\/fr\/#website","url":"https:\/\/www.koonings.com\/fr\/","name":"Koonings","description":"De grootste bruidsmodewinkel ter wereld","publisher":{"@id":"https:\/\/www.koonings.com\/fr\/#organization"},"potentialAction":[{"@type":"SearchAction","target":{"@type":"EntryPoint","urlTemplate":"https:\/\/www.koonings.com\/fr\/?s={search_term_string}"},"query-input":{"@type":"PropertyValueSpecification","valueRequired":true,"valueName":"search_term_string"}}],"inLanguage":"fr-FR"},{"@type":"Organization","@id":"https:\/\/www.koonings.com\/fr\/#organization","name":"Koonings","url":"https:\/\/www.koonings.com\/fr\/","logo":{"@type":"ImageObject","inLanguage":"fr-FR","@id":"https:\/\/www.koonings.com\/fr\/#\/schema\/logo\/image\/","url":"https:\/\/www.koonings.com\/wp-content\/uploads\/2024\/07\/logo.png","contentUrl":"https:\/\/www.koonings.com\/wp-content\/uploads\/2024\/07\/logo.png","width":600,"height":428,"caption":"Koonings"},"image":{"@id":"https:\/\/www.koonings.com\/fr\/#\/schema\/logo\/image\/"},"sameAs":["https:\/\/www.facebook.com\/kooningstheweddingpalace","https:\/\/www.instagram.com\/kooningstheweddingpalace","https:\/\/www.pinterest.com\/koonings","https:\/\/www.youtube.com\/kooningstheweddingpalace"]}]}},"_links":{"self":[{"href":"https:\/\/www.koonings.com\/fr\/wp-json\/wp\/v2\/product\/79578","targetHints":{"allow":["GET"]}}],"collection":[{"href":"https:\/\/www.koonings.com\/fr\/wp-json\/wp\/v2\/product"}],"about":[{"href":"https:\/\/www.koonings.com\/fr\/wp-json\/wp\/v2\/types\/product"}],"wp:featuredmedia":[{"embeddable":true,"href":"https:\/\/www.koonings.com\/fr\/wp-json\/wp\/v2\/media\/72549"}],"wp:attachment":[{"href":"https:\/\/www.koonings.com\/fr\/wp-json\/wp\/v2\/media?parent=79578"}],"wp:term":[{"taxonomy":"productdetails","embeddable":true,"href":"https:\/\/www.koonings.com\/fr\/wp-json\/wp\/v2\/productdetails?post=79578"},{"taxonomy":"productneck","embeddable":true,"href":"https:\/\/www.koonings.com\/fr\/wp-json\/wp\/v2\/productneck?post=79578"},{"taxonomy":"productcolor","embeddable":true,"href":"https:\/\/www.koonings.com\/fr\/wp-json\/wp\/v2\/productcolor?post=79578"},{"taxonomy":"maat","embeddable":true,"href":"https:\/\/www.koonings.com\/fr\/wp-json\/wp\/v2\/maat?post=79578"},{"taxonomy":"productsupplier","embeddable":true,"href":"https:\/\/www.koonings.com\/fr\/wp-json\/wp\/v2\/productsupplier?post=79578"},{"taxonomy":"productsleeve","embeddable":true,"href":"https:\/\/www.koonings.com\/fr\/wp-json\/wp\/v2\/productsleeve?post=79578"},{"taxonomy":"productcategory","embeddable":true,"href":"https:\/\/www.koonings.com\/fr\/wp-json\/wp\/v2\/productcategory?post=79578"},{"taxonomy":"productsilhouette","embeddable":true,"href":"https:\/\/www.koonings.com\/fr\/wp-json\/wp\/v2\/productsilhouette?post=79578"},{"taxonomy":"productstyle","embeddable":true,"href":"https:\/\/www.koonings.com\/fr\/wp-json\/wp\/v2\/productstyle?post=79578"}],"curies":[{"name":"wp","href":"https:\/\/api.w.org\/{rel}","templated":true}]}}