{"id":79570,"date":"2026-05-16T20:38:39","date_gmt":"2026-05-16T18:38:39","guid":{"rendered":"https:\/\/www.koonings.com\/product\/etoile-audrey\/"},"modified":"2025-06-05T13:47:18","modified_gmt":"2025-06-05T11:47:18","slug":"etoile-audrey","status":"publish","type":"product","link":"https:\/\/www.koonings.com\/fr\/product\/etoile-audrey\/","title":{"rendered":"Etoile Audrey"},"content":{"rendered":"<p>Magnifiquement impr\u00e9gn\u00e9e des \u00e9l\u00e9ments de conception de nos robes H\u00e9l\u00e8ne et Paris, AUDREY est une version spectaculairement moderne de la silhouette sir\u00e8ne classique, avec une dentelle florale baroque et un perlage \u00e0 la main \u00e9tincelant le long de l&#8217;\u00e9tonnant d\u00e9collet\u00e9 illusion. Un dos en V sexy d\u00e9limite le corps et se prolonge par une jupe en cr\u00eape chic et \u00e9l\u00e9gante avec une tra\u00eene en tulle de dentelle. <\/p>\n","protected":false},"featured_media":72654,"template":"","meta":{"_acf_changed":false,"ghostkit_customizer_options":"","ghostkit_custom_css":"","ghostkit_custom_js_head":"","ghostkit_custom_js_foot":"","ghostkit_typography":""},"productdetails":[376],"productneck":[351],"productcolor":[393,392],"maat":[],"productsupplier":[492],"productsleeve":[359],"productcategory":[18],"productsilhouette":[387],"productstyle":[366,370],"class_list":["post-79570","product","type-product","status-publish","has-post-thumbnail","hentry","productdetails-376","productneck-351","productcolor-393","productcolor-392","productsupplier-etoile","productsleeve-359","productcategory-trouwjurken","productsilhouette-387","productstyle-366","productstyle-370"],"acf":[],"yoast_head":"<!-- This site is optimized with the Yoast SEO plugin v27.3 - https:\/\/yoast.com\/product\/yoast-seo-wordpress\/ -->\n<title>Etoile Audrey | Koonings<\/title>\n<meta name=\"description\" content=\"Magnifiquement impr\u00e9gn\u00e9e des \u00e9l\u00e9ments de conception de nos robes H\u00e9l\u00e8ne et Paris, AUDREY est une version spectaculairement moderne de la silhouette sir\u00e8ne classique, avec une dentelle florale baroque et un perlage \u00e0 la main \u00e9tincelant le long de l&#039;\u00e9tonnant d\u00e9collet\u00e9 illusion. Un dos en V sexy d\u00e9limite le corps et se prolonge par une jupe en cr\u00eape chic et \u00e9l\u00e9gante avec une tra\u00eene en tulle de dentelle.\" \/>\n<meta name=\"robots\" content=\"index, follow, max-snippet:-1, max-image-preview:large, max-video-preview:-1\" \/>\n<link rel=\"canonical\" href=\"https:\/\/www.koonings.com\/fr\/product\/etoile-audrey\/\" \/>\n<meta property=\"og:locale\" content=\"fr_FR\" \/>\n<meta property=\"og:type\" content=\"article\" \/>\n<meta property=\"og:title\" content=\"Etoile Audrey | Koonings\" \/>\n<meta property=\"og:description\" content=\"Magnifiquement impr\u00e9gn\u00e9e des \u00e9l\u00e9ments de conception de nos robes H\u00e9l\u00e8ne et Paris, AUDREY est une version spectaculairement moderne de la silhouette sir\u00e8ne classique, avec une dentelle florale baroque et un perlage \u00e0 la main \u00e9tincelant le long de l&#039;\u00e9tonnant d\u00e9collet\u00e9 illusion. Un dos en V sexy d\u00e9limite le corps et se prolonge par une jupe en cr\u00eape chic et \u00e9l\u00e9gante avec une tra\u00eene en tulle de dentelle.\" \/>\n<meta property=\"og:url\" content=\"https:\/\/www.koonings.com\/fr\/product\/etoile-audrey\/\" \/>\n<meta property=\"og:site_name\" content=\"Koonings\" \/>\n<meta property=\"article:publisher\" content=\"https:\/\/www.facebook.com\/kooningstheweddingpalace\" \/>\n<meta property=\"og:image\" content=\"https:\/\/www.koonings.com\/wp-content\/uploads\/2024\/11\/49064_1026ec3ca393fda3d3502571018873ebb2f6354f4a3e572c41f0cfb7503521269b320540.jpeg\" \/>\n\t<meta property=\"og:image:width\" content=\"1064\" \/>\n\t<meta property=\"og:image:height\" content=\"1418\" \/>\n\t<meta property=\"og:image:type\" content=\"image\/jpeg\" \/>\n<meta name=\"twitter:card\" content=\"summary_large_image\" \/>\n<script type=\"application\/ld+json\" class=\"yoast-schema-graph\">{\"@context\":\"https:\\\/\\\/schema.org\",\"@graph\":[{\"@type\":\"WebPage\",\"@id\":\"https:\\\/\\\/www.koonings.com\\\/fr\\\/product\\\/etoile-audrey\\\/\",\"url\":\"https:\\\/\\\/www.koonings.com\\\/fr\\\/product\\\/etoile-audrey\\\/\",\"name\":\"Etoile Audrey | Koonings\",\"isPartOf\":{\"@id\":\"https:\\\/\\\/www.koonings.com\\\/fr\\\/#website\"},\"primaryImageOfPage\":{\"@id\":\"https:\\\/\\\/www.koonings.com\\\/fr\\\/product\\\/etoile-audrey\\\/#primaryimage\"},\"image\":{\"@id\":\"https:\\\/\\\/www.koonings.com\\\/fr\\\/product\\\/etoile-audrey\\\/#primaryimage\"},\"thumbnailUrl\":\"https:\\\/\\\/www.koonings.com\\\/wp-content\\\/uploads\\\/2024\\\/11\\\/49064_1026ec3ca393fda3d3502571018873ebb2f6354f4a3e572c41f0cfb7503521269b320540.jpeg\",\"datePublished\":\"2026-05-16T18:38:39+00:00\",\"description\":\"Magnifiquement impr\u00e9gn\u00e9e des \u00e9l\u00e9ments de conception de nos robes H\u00e9l\u00e8ne et Paris, AUDREY est une version spectaculairement moderne de la silhouette sir\u00e8ne classique, avec une dentelle florale baroque et un perlage \u00e0 la main \u00e9tincelant le long de l'\u00e9tonnant d\u00e9collet\u00e9 illusion. Un dos en V sexy d\u00e9limite le corps et se prolonge par une jupe en cr\u00eape chic et \u00e9l\u00e9gante avec une tra\u00eene en tulle de dentelle.\",\"breadcrumb\":{\"@id\":\"https:\\\/\\\/www.koonings.com\\\/fr\\\/product\\\/etoile-audrey\\\/#breadcrumb\"},\"inLanguage\":\"fr-FR\",\"potentialAction\":[{\"@type\":\"ReadAction\",\"target\":[\"https:\\\/\\\/www.koonings.com\\\/fr\\\/product\\\/etoile-audrey\\\/\"]}]},{\"@type\":\"ImageObject\",\"inLanguage\":\"fr-FR\",\"@id\":\"https:\\\/\\\/www.koonings.com\\\/fr\\\/product\\\/etoile-audrey\\\/#primaryimage\",\"url\":\"https:\\\/\\\/www.koonings.com\\\/wp-content\\\/uploads\\\/2024\\\/11\\\/49064_1026ec3ca393fda3d3502571018873ebb2f6354f4a3e572c41f0cfb7503521269b320540.jpeg\",\"contentUrl\":\"https:\\\/\\\/www.koonings.com\\\/wp-content\\\/uploads\\\/2024\\\/11\\\/49064_1026ec3ca393fda3d3502571018873ebb2f6354f4a3e572c41f0cfb7503521269b320540.jpeg\",\"width\":1064,\"height\":1418},{\"@type\":\"BreadcrumbList\",\"@id\":\"https:\\\/\\\/www.koonings.com\\\/fr\\\/product\\\/etoile-audrey\\\/#breadcrumb\",\"itemListElement\":[{\"@type\":\"ListItem\",\"position\":1,\"name\":\"Home\",\"item\":\"https:\\\/\\\/www.koonings.com\\\/fr\\\/\"},{\"@type\":\"ListItem\",\"position\":2,\"name\":\"Etoile Audrey\"}]},{\"@type\":\"WebSite\",\"@id\":\"https:\\\/\\\/www.koonings.com\\\/fr\\\/#website\",\"url\":\"https:\\\/\\\/www.koonings.com\\\/fr\\\/\",\"name\":\"Koonings\",\"description\":\"De grootste bruidsmodewinkel ter wereld\",\"publisher\":{\"@id\":\"https:\\\/\\\/www.koonings.com\\\/fr\\\/#organization\"},\"potentialAction\":[{\"@type\":\"SearchAction\",\"target\":{\"@type\":\"EntryPoint\",\"urlTemplate\":\"https:\\\/\\\/www.koonings.com\\\/fr\\\/?s={search_term_string}\"},\"query-input\":{\"@type\":\"PropertyValueSpecification\",\"valueRequired\":true,\"valueName\":\"search_term_string\"}}],\"inLanguage\":\"fr-FR\"},{\"@type\":\"Organization\",\"@id\":\"https:\\\/\\\/www.koonings.com\\\/fr\\\/#organization\",\"name\":\"Koonings\",\"url\":\"https:\\\/\\\/www.koonings.com\\\/fr\\\/\",\"logo\":{\"@type\":\"ImageObject\",\"inLanguage\":\"fr-FR\",\"@id\":\"https:\\\/\\\/www.koonings.com\\\/fr\\\/#\\\/schema\\\/logo\\\/image\\\/\",\"url\":\"https:\\\/\\\/www.koonings.com\\\/wp-content\\\/uploads\\\/2024\\\/07\\\/logo.png\",\"contentUrl\":\"https:\\\/\\\/www.koonings.com\\\/wp-content\\\/uploads\\\/2024\\\/07\\\/logo.png\",\"width\":600,\"height\":428,\"caption\":\"Koonings\"},\"image\":{\"@id\":\"https:\\\/\\\/www.koonings.com\\\/fr\\\/#\\\/schema\\\/logo\\\/image\\\/\"},\"sameAs\":[\"https:\\\/\\\/www.facebook.com\\\/kooningstheweddingpalace\",\"https:\\\/\\\/www.instagram.com\\\/kooningstheweddingpalace\",\"https:\\\/\\\/www.pinterest.com\\\/koonings\",\"https:\\\/\\\/www.youtube.com\\\/kooningstheweddingpalace\"]}]}<\/script>\n<!-- \/ Yoast SEO plugin. -->","yoast_head_json":{"title":"Etoile Audrey | Koonings","description":"Magnifiquement impr\u00e9gn\u00e9e des \u00e9l\u00e9ments de conception de nos robes H\u00e9l\u00e8ne et Paris, AUDREY est une version spectaculairement moderne de la silhouette sir\u00e8ne classique, avec une dentelle florale baroque et un perlage \u00e0 la main \u00e9tincelant le long de l'\u00e9tonnant d\u00e9collet\u00e9 illusion. Un dos en V sexy d\u00e9limite le corps et se prolonge par une jupe en cr\u00eape chic et \u00e9l\u00e9gante avec une tra\u00eene en tulle de dentelle.","robots":{"index":"index","follow":"follow","max-snippet":"max-snippet:-1","max-image-preview":"max-image-preview:large","max-video-preview":"max-video-preview:-1"},"canonical":"https:\/\/www.koonings.com\/fr\/product\/etoile-audrey\/","og_locale":"fr_FR","og_type":"article","og_title":"Etoile Audrey | Koonings","og_description":"Magnifiquement impr\u00e9gn\u00e9e des \u00e9l\u00e9ments de conception de nos robes H\u00e9l\u00e8ne et Paris, AUDREY est une version spectaculairement moderne de la silhouette sir\u00e8ne classique, avec une dentelle florale baroque et un perlage \u00e0 la main \u00e9tincelant le long de l'\u00e9tonnant d\u00e9collet\u00e9 illusion. Un dos en V sexy d\u00e9limite le corps et se prolonge par une jupe en cr\u00eape chic et \u00e9l\u00e9gante avec une tra\u00eene en tulle de dentelle.","og_url":"https:\/\/www.koonings.com\/fr\/product\/etoile-audrey\/","og_site_name":"Koonings","article_publisher":"https:\/\/www.facebook.com\/kooningstheweddingpalace","og_image":[{"width":1064,"height":1418,"url":"https:\/\/www.koonings.com\/wp-content\/uploads\/2024\/11\/49064_1026ec3ca393fda3d3502571018873ebb2f6354f4a3e572c41f0cfb7503521269b320540.jpeg","type":"image\/jpeg"}],"twitter_card":"summary_large_image","schema":{"@context":"https:\/\/schema.org","@graph":[{"@type":"WebPage","@id":"https:\/\/www.koonings.com\/fr\/product\/etoile-audrey\/","url":"https:\/\/www.koonings.com\/fr\/product\/etoile-audrey\/","name":"Etoile Audrey | Koonings","isPartOf":{"@id":"https:\/\/www.koonings.com\/fr\/#website"},"primaryImageOfPage":{"@id":"https:\/\/www.koonings.com\/fr\/product\/etoile-audrey\/#primaryimage"},"image":{"@id":"https:\/\/www.koonings.com\/fr\/product\/etoile-audrey\/#primaryimage"},"thumbnailUrl":"https:\/\/www.koonings.com\/wp-content\/uploads\/2024\/11\/49064_1026ec3ca393fda3d3502571018873ebb2f6354f4a3e572c41f0cfb7503521269b320540.jpeg","datePublished":"2026-05-16T18:38:39+00:00","description":"Magnifiquement impr\u00e9gn\u00e9e des \u00e9l\u00e9ments de conception de nos robes H\u00e9l\u00e8ne et Paris, AUDREY est une version spectaculairement moderne de la silhouette sir\u00e8ne classique, avec une dentelle florale baroque et un perlage \u00e0 la main \u00e9tincelant le long de l'\u00e9tonnant d\u00e9collet\u00e9 illusion. Un dos en V sexy d\u00e9limite le corps et se prolonge par une jupe en cr\u00eape chic et \u00e9l\u00e9gante avec une tra\u00eene en tulle de dentelle.","breadcrumb":{"@id":"https:\/\/www.koonings.com\/fr\/product\/etoile-audrey\/#breadcrumb"},"inLanguage":"fr-FR","potentialAction":[{"@type":"ReadAction","target":["https:\/\/www.koonings.com\/fr\/product\/etoile-audrey\/"]}]},{"@type":"ImageObject","inLanguage":"fr-FR","@id":"https:\/\/www.koonings.com\/fr\/product\/etoile-audrey\/#primaryimage","url":"https:\/\/www.koonings.com\/wp-content\/uploads\/2024\/11\/49064_1026ec3ca393fda3d3502571018873ebb2f6354f4a3e572c41f0cfb7503521269b320540.jpeg","contentUrl":"https:\/\/www.koonings.com\/wp-content\/uploads\/2024\/11\/49064_1026ec3ca393fda3d3502571018873ebb2f6354f4a3e572c41f0cfb7503521269b320540.jpeg","width":1064,"height":1418},{"@type":"BreadcrumbList","@id":"https:\/\/www.koonings.com\/fr\/product\/etoile-audrey\/#breadcrumb","itemListElement":[{"@type":"ListItem","position":1,"name":"Home","item":"https:\/\/www.koonings.com\/fr\/"},{"@type":"ListItem","position":2,"name":"Etoile Audrey"}]},{"@type":"WebSite","@id":"https:\/\/www.koonings.com\/fr\/#website","url":"https:\/\/www.koonings.com\/fr\/","name":"Koonings","description":"De grootste bruidsmodewinkel ter wereld","publisher":{"@id":"https:\/\/www.koonings.com\/fr\/#organization"},"potentialAction":[{"@type":"SearchAction","target":{"@type":"EntryPoint","urlTemplate":"https:\/\/www.koonings.com\/fr\/?s={search_term_string}"},"query-input":{"@type":"PropertyValueSpecification","valueRequired":true,"valueName":"search_term_string"}}],"inLanguage":"fr-FR"},{"@type":"Organization","@id":"https:\/\/www.koonings.com\/fr\/#organization","name":"Koonings","url":"https:\/\/www.koonings.com\/fr\/","logo":{"@type":"ImageObject","inLanguage":"fr-FR","@id":"https:\/\/www.koonings.com\/fr\/#\/schema\/logo\/image\/","url":"https:\/\/www.koonings.com\/wp-content\/uploads\/2024\/07\/logo.png","contentUrl":"https:\/\/www.koonings.com\/wp-content\/uploads\/2024\/07\/logo.png","width":600,"height":428,"caption":"Koonings"},"image":{"@id":"https:\/\/www.koonings.com\/fr\/#\/schema\/logo\/image\/"},"sameAs":["https:\/\/www.facebook.com\/kooningstheweddingpalace","https:\/\/www.instagram.com\/kooningstheweddingpalace","https:\/\/www.pinterest.com\/koonings","https:\/\/www.youtube.com\/kooningstheweddingpalace"]}]}},"_links":{"self":[{"href":"https:\/\/www.koonings.com\/fr\/wp-json\/wp\/v2\/product\/79570","targetHints":{"allow":["GET"]}}],"collection":[{"href":"https:\/\/www.koonings.com\/fr\/wp-json\/wp\/v2\/product"}],"about":[{"href":"https:\/\/www.koonings.com\/fr\/wp-json\/wp\/v2\/types\/product"}],"wp:featuredmedia":[{"embeddable":true,"href":"https:\/\/www.koonings.com\/fr\/wp-json\/wp\/v2\/media\/72654"}],"wp:attachment":[{"href":"https:\/\/www.koonings.com\/fr\/wp-json\/wp\/v2\/media?parent=79570"}],"wp:term":[{"taxonomy":"productdetails","embeddable":true,"href":"https:\/\/www.koonings.com\/fr\/wp-json\/wp\/v2\/productdetails?post=79570"},{"taxonomy":"productneck","embeddable":true,"href":"https:\/\/www.koonings.com\/fr\/wp-json\/wp\/v2\/productneck?post=79570"},{"taxonomy":"productcolor","embeddable":true,"href":"https:\/\/www.koonings.com\/fr\/wp-json\/wp\/v2\/productcolor?post=79570"},{"taxonomy":"maat","embeddable":true,"href":"https:\/\/www.koonings.com\/fr\/wp-json\/wp\/v2\/maat?post=79570"},{"taxonomy":"productsupplier","embeddable":true,"href":"https:\/\/www.koonings.com\/fr\/wp-json\/wp\/v2\/productsupplier?post=79570"},{"taxonomy":"productsleeve","embeddable":true,"href":"https:\/\/www.koonings.com\/fr\/wp-json\/wp\/v2\/productsleeve?post=79570"},{"taxonomy":"productcategory","embeddable":true,"href":"https:\/\/www.koonings.com\/fr\/wp-json\/wp\/v2\/productcategory?post=79570"},{"taxonomy":"productsilhouette","embeddable":true,"href":"https:\/\/www.koonings.com\/fr\/wp-json\/wp\/v2\/productsilhouette?post=79570"},{"taxonomy":"productstyle","embeddable":true,"href":"https:\/\/www.koonings.com\/fr\/wp-json\/wp\/v2\/productstyle?post=79570"}],"curies":[{"name":"wp","href":"https:\/\/api.w.org\/{rel}","templated":true}]}}