{"id":79565,"date":"2026-04-28T18:26:29","date_gmt":"2026-04-28T16:26:29","guid":{"rendered":"https:\/\/www.koonings.com\/product\/etoile-calie\/"},"modified":"2026-02-16T14:54:34","modified_gmt":"2026-02-16T13:54:34","slug":"etoile-calie","status":"publish","type":"product","link":"https:\/\/www.koonings.com\/fr\/product\/etoile-calie\/","title":{"rendered":"Etoile Calie"},"content":{"rendered":"<p>CALIE x \u00c9DITION est l&#8217;incarnation de la sophistication douce. Cette magnifique sir\u00e8ne est dot\u00e9e de bretelles fines mais soutenantes, perl\u00e9es \u00e0 la main, qui encadrent le d\u00e9collet\u00e9 profond et sexy. Des dentelles florales, baroques et chantilly scintillantes sont soigneusement plac\u00e9es pour arrondir le corps et dessiner les contours de la silhouette, pour une allure des plus flatteuses. Les boutons recouverts se poursuivent jusqu&#8217;au magnifique treillis sculpt\u00e9, signature d&#8217;\u00c9LYS\u00c9E.   <\/p>\n","protected":false},"featured_media":72637,"template":"","meta":{"_acf_changed":false,"ghostkit_customizer_options":"","ghostkit_custom_css":"","ghostkit_custom_js_head":"","ghostkit_custom_js_foot":"","ghostkit_typography":""},"productdetails":[379,376,381],"productneck":[355],"productcolor":[393,392],"maat":[],"productsupplier":[492],"productsleeve":[359],"productcategory":[18],"productsilhouette":[387],"productstyle":[366],"class_list":["post-79565","product","type-product","status-publish","has-post-thumbnail","hentry","productdetails-379","productdetails-376","productdetails-381","productneck-355","productcolor-393","productcolor-392","productsupplier-etoile","productsleeve-359","productcategory-trouwjurken","productsilhouette-387","productstyle-366"],"acf":[],"yoast_head":"<!-- This site is optimized with the Yoast SEO plugin v27.3 - https:\/\/yoast.com\/product\/yoast-seo-wordpress\/ -->\n<title>Etoile Calie | Koonings<\/title>\n<meta name=\"description\" content=\"CALIE x \u00c9DITION est l&#039;incarnation de la sophistication douce. Cette magnifique sir\u00e8ne est dot\u00e9e de bretelles fines mais soutenantes, perl\u00e9es \u00e0 la main, qui encadrent le d\u00e9collet\u00e9 profond et sexy. Des dentelles florales, baroques et chantilly scintillantes sont soigneusement plac\u00e9es pour arrondir le corps et dessiner les contours de la silhouette, pour une allure des plus flatteuses. Les boutons recouverts se poursuivent jusqu&#039;au magnifique treillis sculpt\u00e9, signature d&#039;\u00c9LYS\u00c9E.\" \/>\n<meta name=\"robots\" content=\"index, follow, max-snippet:-1, max-image-preview:large, max-video-preview:-1\" \/>\n<link rel=\"canonical\" href=\"https:\/\/www.koonings.com\/fr\/product\/etoile-calie\/\" \/>\n<meta property=\"og:locale\" content=\"fr_FR\" \/>\n<meta property=\"og:type\" content=\"article\" \/>\n<meta property=\"og:title\" content=\"Etoile Calie | Koonings\" \/>\n<meta property=\"og:description\" content=\"CALIE x \u00c9DITION est l&#039;incarnation de la sophistication douce. Cette magnifique sir\u00e8ne est dot\u00e9e de bretelles fines mais soutenantes, perl\u00e9es \u00e0 la main, qui encadrent le d\u00e9collet\u00e9 profond et sexy. Des dentelles florales, baroques et chantilly scintillantes sont soigneusement plac\u00e9es pour arrondir le corps et dessiner les contours de la silhouette, pour une allure des plus flatteuses. Les boutons recouverts se poursuivent jusqu&#039;au magnifique treillis sculpt\u00e9, signature d&#039;\u00c9LYS\u00c9E.\" \/>\n<meta property=\"og:url\" content=\"https:\/\/www.koonings.com\/fr\/product\/etoile-calie\/\" \/>\n<meta property=\"og:site_name\" content=\"Koonings\" \/>\n<meta property=\"article:publisher\" content=\"https:\/\/www.facebook.com\/kooningstheweddingpalace\" \/>\n<meta property=\"og:image\" content=\"https:\/\/www.koonings.com\/wp-content\/uploads\/2024\/11\/41201_4711670f6ed080fdeadf748cf6c9b08912cfc3811d0806252dbb1984472fbbcb2bd0d4d9.jpeg\" \/>\n\t<meta property=\"og:image:width\" content=\"1064\" \/>\n\t<meta property=\"og:image:height\" content=\"1418\" \/>\n\t<meta property=\"og:image:type\" content=\"image\/jpeg\" \/>\n<meta name=\"twitter:card\" content=\"summary_large_image\" \/>\n<script type=\"application\/ld+json\" class=\"yoast-schema-graph\">{\"@context\":\"https:\\\/\\\/schema.org\",\"@graph\":[{\"@type\":\"WebPage\",\"@id\":\"https:\\\/\\\/www.koonings.com\\\/fr\\\/product\\\/etoile-calie\\\/\",\"url\":\"https:\\\/\\\/www.koonings.com\\\/fr\\\/product\\\/etoile-calie\\\/\",\"name\":\"Etoile Calie | Koonings\",\"isPartOf\":{\"@id\":\"https:\\\/\\\/www.koonings.com\\\/fr\\\/#website\"},\"primaryImageOfPage\":{\"@id\":\"https:\\\/\\\/www.koonings.com\\\/fr\\\/product\\\/etoile-calie\\\/#primaryimage\"},\"image\":{\"@id\":\"https:\\\/\\\/www.koonings.com\\\/fr\\\/product\\\/etoile-calie\\\/#primaryimage\"},\"thumbnailUrl\":\"https:\\\/\\\/www.koonings.com\\\/wp-content\\\/uploads\\\/2024\\\/11\\\/41201_4711670f6ed080fdeadf748cf6c9b08912cfc3811d0806252dbb1984472fbbcb2bd0d4d9.jpeg\",\"datePublished\":\"2026-04-28T16:26:29+00:00\",\"description\":\"CALIE x \u00c9DITION est l'incarnation de la sophistication douce. Cette magnifique sir\u00e8ne est dot\u00e9e de bretelles fines mais soutenantes, perl\u00e9es \u00e0 la main, qui encadrent le d\u00e9collet\u00e9 profond et sexy. Des dentelles florales, baroques et chantilly scintillantes sont soigneusement plac\u00e9es pour arrondir le corps et dessiner les contours de la silhouette, pour une allure des plus flatteuses. Les boutons recouverts se poursuivent jusqu'au magnifique treillis sculpt\u00e9, signature d'\u00c9LYS\u00c9E.\",\"breadcrumb\":{\"@id\":\"https:\\\/\\\/www.koonings.com\\\/fr\\\/product\\\/etoile-calie\\\/#breadcrumb\"},\"inLanguage\":\"fr-FR\",\"potentialAction\":[{\"@type\":\"ReadAction\",\"target\":[\"https:\\\/\\\/www.koonings.com\\\/fr\\\/product\\\/etoile-calie\\\/\"]}]},{\"@type\":\"ImageObject\",\"inLanguage\":\"fr-FR\",\"@id\":\"https:\\\/\\\/www.koonings.com\\\/fr\\\/product\\\/etoile-calie\\\/#primaryimage\",\"url\":\"https:\\\/\\\/www.koonings.com\\\/wp-content\\\/uploads\\\/2024\\\/11\\\/41201_4711670f6ed080fdeadf748cf6c9b08912cfc3811d0806252dbb1984472fbbcb2bd0d4d9.jpeg\",\"contentUrl\":\"https:\\\/\\\/www.koonings.com\\\/wp-content\\\/uploads\\\/2024\\\/11\\\/41201_4711670f6ed080fdeadf748cf6c9b08912cfc3811d0806252dbb1984472fbbcb2bd0d4d9.jpeg\",\"width\":1064,\"height\":1418},{\"@type\":\"BreadcrumbList\",\"@id\":\"https:\\\/\\\/www.koonings.com\\\/fr\\\/product\\\/etoile-calie\\\/#breadcrumb\",\"itemListElement\":[{\"@type\":\"ListItem\",\"position\":1,\"name\":\"Home\",\"item\":\"https:\\\/\\\/www.koonings.com\\\/fr\\\/\"},{\"@type\":\"ListItem\",\"position\":2,\"name\":\"Etoile Calie\"}]},{\"@type\":\"WebSite\",\"@id\":\"https:\\\/\\\/www.koonings.com\\\/fr\\\/#website\",\"url\":\"https:\\\/\\\/www.koonings.com\\\/fr\\\/\",\"name\":\"Koonings\",\"description\":\"De grootste bruidsmodewinkel ter wereld\",\"publisher\":{\"@id\":\"https:\\\/\\\/www.koonings.com\\\/fr\\\/#organization\"},\"potentialAction\":[{\"@type\":\"SearchAction\",\"target\":{\"@type\":\"EntryPoint\",\"urlTemplate\":\"https:\\\/\\\/www.koonings.com\\\/fr\\\/?s={search_term_string}\"},\"query-input\":{\"@type\":\"PropertyValueSpecification\",\"valueRequired\":true,\"valueName\":\"search_term_string\"}}],\"inLanguage\":\"fr-FR\"},{\"@type\":\"Organization\",\"@id\":\"https:\\\/\\\/www.koonings.com\\\/fr\\\/#organization\",\"name\":\"Koonings\",\"url\":\"https:\\\/\\\/www.koonings.com\\\/fr\\\/\",\"logo\":{\"@type\":\"ImageObject\",\"inLanguage\":\"fr-FR\",\"@id\":\"https:\\\/\\\/www.koonings.com\\\/fr\\\/#\\\/schema\\\/logo\\\/image\\\/\",\"url\":\"https:\\\/\\\/www.koonings.com\\\/wp-content\\\/uploads\\\/2024\\\/07\\\/logo.png\",\"contentUrl\":\"https:\\\/\\\/www.koonings.com\\\/wp-content\\\/uploads\\\/2024\\\/07\\\/logo.png\",\"width\":600,\"height\":428,\"caption\":\"Koonings\"},\"image\":{\"@id\":\"https:\\\/\\\/www.koonings.com\\\/fr\\\/#\\\/schema\\\/logo\\\/image\\\/\"},\"sameAs\":[\"https:\\\/\\\/www.facebook.com\\\/kooningstheweddingpalace\",\"https:\\\/\\\/www.instagram.com\\\/kooningstheweddingpalace\",\"https:\\\/\\\/www.pinterest.com\\\/koonings\",\"https:\\\/\\\/www.youtube.com\\\/kooningstheweddingpalace\"]}]}<\/script>\n<!-- \/ Yoast SEO plugin. -->","yoast_head_json":{"title":"Etoile Calie | Koonings","description":"CALIE x \u00c9DITION est l'incarnation de la sophistication douce. Cette magnifique sir\u00e8ne est dot\u00e9e de bretelles fines mais soutenantes, perl\u00e9es \u00e0 la main, qui encadrent le d\u00e9collet\u00e9 profond et sexy. Des dentelles florales, baroques et chantilly scintillantes sont soigneusement plac\u00e9es pour arrondir le corps et dessiner les contours de la silhouette, pour une allure des plus flatteuses. Les boutons recouverts se poursuivent jusqu'au magnifique treillis sculpt\u00e9, signature d'\u00c9LYS\u00c9E.","robots":{"index":"index","follow":"follow","max-snippet":"max-snippet:-1","max-image-preview":"max-image-preview:large","max-video-preview":"max-video-preview:-1"},"canonical":"https:\/\/www.koonings.com\/fr\/product\/etoile-calie\/","og_locale":"fr_FR","og_type":"article","og_title":"Etoile Calie | Koonings","og_description":"CALIE x \u00c9DITION est l'incarnation de la sophistication douce. Cette magnifique sir\u00e8ne est dot\u00e9e de bretelles fines mais soutenantes, perl\u00e9es \u00e0 la main, qui encadrent le d\u00e9collet\u00e9 profond et sexy. Des dentelles florales, baroques et chantilly scintillantes sont soigneusement plac\u00e9es pour arrondir le corps et dessiner les contours de la silhouette, pour une allure des plus flatteuses. Les boutons recouverts se poursuivent jusqu'au magnifique treillis sculpt\u00e9, signature d'\u00c9LYS\u00c9E.","og_url":"https:\/\/www.koonings.com\/fr\/product\/etoile-calie\/","og_site_name":"Koonings","article_publisher":"https:\/\/www.facebook.com\/kooningstheweddingpalace","og_image":[{"width":1064,"height":1418,"url":"https:\/\/www.koonings.com\/wp-content\/uploads\/2024\/11\/41201_4711670f6ed080fdeadf748cf6c9b08912cfc3811d0806252dbb1984472fbbcb2bd0d4d9.jpeg","type":"image\/jpeg"}],"twitter_card":"summary_large_image","schema":{"@context":"https:\/\/schema.org","@graph":[{"@type":"WebPage","@id":"https:\/\/www.koonings.com\/fr\/product\/etoile-calie\/","url":"https:\/\/www.koonings.com\/fr\/product\/etoile-calie\/","name":"Etoile Calie | Koonings","isPartOf":{"@id":"https:\/\/www.koonings.com\/fr\/#website"},"primaryImageOfPage":{"@id":"https:\/\/www.koonings.com\/fr\/product\/etoile-calie\/#primaryimage"},"image":{"@id":"https:\/\/www.koonings.com\/fr\/product\/etoile-calie\/#primaryimage"},"thumbnailUrl":"https:\/\/www.koonings.com\/wp-content\/uploads\/2024\/11\/41201_4711670f6ed080fdeadf748cf6c9b08912cfc3811d0806252dbb1984472fbbcb2bd0d4d9.jpeg","datePublished":"2026-04-28T16:26:29+00:00","description":"CALIE x \u00c9DITION est l'incarnation de la sophistication douce. Cette magnifique sir\u00e8ne est dot\u00e9e de bretelles fines mais soutenantes, perl\u00e9es \u00e0 la main, qui encadrent le d\u00e9collet\u00e9 profond et sexy. Des dentelles florales, baroques et chantilly scintillantes sont soigneusement plac\u00e9es pour arrondir le corps et dessiner les contours de la silhouette, pour une allure des plus flatteuses. Les boutons recouverts se poursuivent jusqu'au magnifique treillis sculpt\u00e9, signature d'\u00c9LYS\u00c9E.","breadcrumb":{"@id":"https:\/\/www.koonings.com\/fr\/product\/etoile-calie\/#breadcrumb"},"inLanguage":"fr-FR","potentialAction":[{"@type":"ReadAction","target":["https:\/\/www.koonings.com\/fr\/product\/etoile-calie\/"]}]},{"@type":"ImageObject","inLanguage":"fr-FR","@id":"https:\/\/www.koonings.com\/fr\/product\/etoile-calie\/#primaryimage","url":"https:\/\/www.koonings.com\/wp-content\/uploads\/2024\/11\/41201_4711670f6ed080fdeadf748cf6c9b08912cfc3811d0806252dbb1984472fbbcb2bd0d4d9.jpeg","contentUrl":"https:\/\/www.koonings.com\/wp-content\/uploads\/2024\/11\/41201_4711670f6ed080fdeadf748cf6c9b08912cfc3811d0806252dbb1984472fbbcb2bd0d4d9.jpeg","width":1064,"height":1418},{"@type":"BreadcrumbList","@id":"https:\/\/www.koonings.com\/fr\/product\/etoile-calie\/#breadcrumb","itemListElement":[{"@type":"ListItem","position":1,"name":"Home","item":"https:\/\/www.koonings.com\/fr\/"},{"@type":"ListItem","position":2,"name":"Etoile Calie"}]},{"@type":"WebSite","@id":"https:\/\/www.koonings.com\/fr\/#website","url":"https:\/\/www.koonings.com\/fr\/","name":"Koonings","description":"De grootste bruidsmodewinkel ter wereld","publisher":{"@id":"https:\/\/www.koonings.com\/fr\/#organization"},"potentialAction":[{"@type":"SearchAction","target":{"@type":"EntryPoint","urlTemplate":"https:\/\/www.koonings.com\/fr\/?s={search_term_string}"},"query-input":{"@type":"PropertyValueSpecification","valueRequired":true,"valueName":"search_term_string"}}],"inLanguage":"fr-FR"},{"@type":"Organization","@id":"https:\/\/www.koonings.com\/fr\/#organization","name":"Koonings","url":"https:\/\/www.koonings.com\/fr\/","logo":{"@type":"ImageObject","inLanguage":"fr-FR","@id":"https:\/\/www.koonings.com\/fr\/#\/schema\/logo\/image\/","url":"https:\/\/www.koonings.com\/wp-content\/uploads\/2024\/07\/logo.png","contentUrl":"https:\/\/www.koonings.com\/wp-content\/uploads\/2024\/07\/logo.png","width":600,"height":428,"caption":"Koonings"},"image":{"@id":"https:\/\/www.koonings.com\/fr\/#\/schema\/logo\/image\/"},"sameAs":["https:\/\/www.facebook.com\/kooningstheweddingpalace","https:\/\/www.instagram.com\/kooningstheweddingpalace","https:\/\/www.pinterest.com\/koonings","https:\/\/www.youtube.com\/kooningstheweddingpalace"]}]}},"_links":{"self":[{"href":"https:\/\/www.koonings.com\/fr\/wp-json\/wp\/v2\/product\/79565","targetHints":{"allow":["GET"]}}],"collection":[{"href":"https:\/\/www.koonings.com\/fr\/wp-json\/wp\/v2\/product"}],"about":[{"href":"https:\/\/www.koonings.com\/fr\/wp-json\/wp\/v2\/types\/product"}],"wp:featuredmedia":[{"embeddable":true,"href":"https:\/\/www.koonings.com\/fr\/wp-json\/wp\/v2\/media\/72637"}],"wp:attachment":[{"href":"https:\/\/www.koonings.com\/fr\/wp-json\/wp\/v2\/media?parent=79565"}],"wp:term":[{"taxonomy":"productdetails","embeddable":true,"href":"https:\/\/www.koonings.com\/fr\/wp-json\/wp\/v2\/productdetails?post=79565"},{"taxonomy":"productneck","embeddable":true,"href":"https:\/\/www.koonings.com\/fr\/wp-json\/wp\/v2\/productneck?post=79565"},{"taxonomy":"productcolor","embeddable":true,"href":"https:\/\/www.koonings.com\/fr\/wp-json\/wp\/v2\/productcolor?post=79565"},{"taxonomy":"maat","embeddable":true,"href":"https:\/\/www.koonings.com\/fr\/wp-json\/wp\/v2\/maat?post=79565"},{"taxonomy":"productsupplier","embeddable":true,"href":"https:\/\/www.koonings.com\/fr\/wp-json\/wp\/v2\/productsupplier?post=79565"},{"taxonomy":"productsleeve","embeddable":true,"href":"https:\/\/www.koonings.com\/fr\/wp-json\/wp\/v2\/productsleeve?post=79565"},{"taxonomy":"productcategory","embeddable":true,"href":"https:\/\/www.koonings.com\/fr\/wp-json\/wp\/v2\/productcategory?post=79565"},{"taxonomy":"productsilhouette","embeddable":true,"href":"https:\/\/www.koonings.com\/fr\/wp-json\/wp\/v2\/productsilhouette?post=79565"},{"taxonomy":"productstyle","embeddable":true,"href":"https:\/\/www.koonings.com\/fr\/wp-json\/wp\/v2\/productstyle?post=79565"}],"curies":[{"name":"wp","href":"https:\/\/api.w.org\/{rel}","templated":true}]}}