{"id":79563,"date":"2026-04-14T16:28:58","date_gmt":"2026-04-14T14:28:58","guid":{"rendered":"https:\/\/www.koonings.com\/product\/etoile-laurel\/"},"modified":"2026-02-16T14:54:42","modified_gmt":"2026-02-16T13:54:42","slug":"etoile-laurel","status":"publish","type":"product","link":"https:\/\/www.koonings.com\/fr\/product\/etoile-laurel\/","title":{"rendered":"Etoile Laurel"},"content":{"rendered":"<p>Faites une entr\u00e9e remarqu\u00e9e avec notre magnifique LAUREL. Cette beaut\u00e9 nuptiale pr\u00e9sente une magnifique dentelle d\u00e9coup\u00e9e au laser et une dentelle florale \u00e9tincelante sur un corsage classique avec une encolure en forme de c\u0153ur qui s&#8217;\u00e9coule dans une jupe de tulle en ligne A douce et scintillante. Les jolies manches amovibles en tulle et le corset illusion dans le dos ne manqueront pas d&#8217;\u00e9tonner vos invit\u00e9s lors de votre passage \u00e0 l&#8217;autel.  <\/p>\n","protected":false},"featured_media":72667,"template":"","meta":{"_acf_changed":false,"ghostkit_customizer_options":"","ghostkit_custom_css":"","ghostkit_custom_js_head":"","ghostkit_custom_js_foot":"","ghostkit_typography":""},"productdetails":[379,377,376,381],"productneck":[351,355],"productcolor":[393,392],"maat":[],"productsupplier":[492],"productsleeve":[363],"productcategory":[18],"productsilhouette":[384],"productstyle":[369,366],"class_list":["post-79563","product","type-product","status-publish","has-post-thumbnail","hentry","productdetails-379","productdetails-377","productdetails-376","productdetails-381","productneck-351","productneck-355","productcolor-393","productcolor-392","productsupplier-etoile","productsleeve-363","productcategory-trouwjurken","productsilhouette-384","productstyle-369","productstyle-366"],"acf":[],"yoast_head":"<!-- This site is optimized with the Yoast SEO plugin v27.3 - https:\/\/yoast.com\/product\/yoast-seo-wordpress\/ -->\n<title>Etoile Laurel | Koonings<\/title>\n<meta name=\"description\" content=\"Faites une entr\u00e9e remarqu\u00e9e avec notre magnifique LAUREL. Cette beaut\u00e9 nuptiale pr\u00e9sente une magnifique dentelle d\u00e9coup\u00e9e au laser et une dentelle florale \u00e9tincelante sur un corsage classique avec une encolure en forme de c\u0153ur qui s&#039;\u00e9coule dans une jupe de tulle en ligne A douce et scintillante. Les jolies manches amovibles en tulle et le corset illusion dans le dos ne manqueront pas d&#039;\u00e9tonner vos invit\u00e9s lors de votre passage \u00e0 l&#039;autel.\" \/>\n<meta name=\"robots\" content=\"index, follow, max-snippet:-1, max-image-preview:large, max-video-preview:-1\" \/>\n<link rel=\"canonical\" href=\"https:\/\/www.koonings.com\/fr\/product\/etoile-laurel\/\" \/>\n<meta property=\"og:locale\" content=\"fr_FR\" \/>\n<meta property=\"og:type\" content=\"article\" \/>\n<meta property=\"og:title\" content=\"Etoile Laurel | Koonings\" \/>\n<meta property=\"og:description\" content=\"Faites une entr\u00e9e remarqu\u00e9e avec notre magnifique LAUREL. Cette beaut\u00e9 nuptiale pr\u00e9sente une magnifique dentelle d\u00e9coup\u00e9e au laser et une dentelle florale \u00e9tincelante sur un corsage classique avec une encolure en forme de c\u0153ur qui s&#039;\u00e9coule dans une jupe de tulle en ligne A douce et scintillante. Les jolies manches amovibles en tulle et le corset illusion dans le dos ne manqueront pas d&#039;\u00e9tonner vos invit\u00e9s lors de votre passage \u00e0 l&#039;autel.\" \/>\n<meta property=\"og:url\" content=\"https:\/\/www.koonings.com\/fr\/product\/etoile-laurel\/\" \/>\n<meta property=\"og:site_name\" content=\"Koonings\" \/>\n<meta property=\"article:publisher\" content=\"https:\/\/www.facebook.com\/kooningstheweddingpalace\" \/>\n<meta property=\"og:image\" content=\"https:\/\/www.koonings.com\/wp-content\/uploads\/2024\/11\/49066_e2e4a305c57228cb050264b8b91430e74aa4cecc14b11d0d6cc240cb3807776b6d424934.jpeg\" \/>\n\t<meta property=\"og:image:width\" content=\"1064\" \/>\n\t<meta property=\"og:image:height\" content=\"1418\" \/>\n\t<meta property=\"og:image:type\" content=\"image\/jpeg\" \/>\n<meta name=\"twitter:card\" content=\"summary_large_image\" \/>\n<script type=\"application\/ld+json\" class=\"yoast-schema-graph\">{\"@context\":\"https:\\\/\\\/schema.org\",\"@graph\":[{\"@type\":\"WebPage\",\"@id\":\"https:\\\/\\\/www.koonings.com\\\/fr\\\/product\\\/etoile-laurel\\\/\",\"url\":\"https:\\\/\\\/www.koonings.com\\\/fr\\\/product\\\/etoile-laurel\\\/\",\"name\":\"Etoile Laurel | Koonings\",\"isPartOf\":{\"@id\":\"https:\\\/\\\/www.koonings.com\\\/fr\\\/#website\"},\"primaryImageOfPage\":{\"@id\":\"https:\\\/\\\/www.koonings.com\\\/fr\\\/product\\\/etoile-laurel\\\/#primaryimage\"},\"image\":{\"@id\":\"https:\\\/\\\/www.koonings.com\\\/fr\\\/product\\\/etoile-laurel\\\/#primaryimage\"},\"thumbnailUrl\":\"https:\\\/\\\/www.koonings.com\\\/wp-content\\\/uploads\\\/2024\\\/11\\\/49066_e2e4a305c57228cb050264b8b91430e74aa4cecc14b11d0d6cc240cb3807776b6d424934.jpeg\",\"datePublished\":\"2026-04-14T14:28:58+00:00\",\"description\":\"Faites une entr\u00e9e remarqu\u00e9e avec notre magnifique LAUREL. Cette beaut\u00e9 nuptiale pr\u00e9sente une magnifique dentelle d\u00e9coup\u00e9e au laser et une dentelle florale \u00e9tincelante sur un corsage classique avec une encolure en forme de c\u0153ur qui s'\u00e9coule dans une jupe de tulle en ligne A douce et scintillante. Les jolies manches amovibles en tulle et le corset illusion dans le dos ne manqueront pas d'\u00e9tonner vos invit\u00e9s lors de votre passage \u00e0 l'autel.\",\"breadcrumb\":{\"@id\":\"https:\\\/\\\/www.koonings.com\\\/fr\\\/product\\\/etoile-laurel\\\/#breadcrumb\"},\"inLanguage\":\"fr-FR\",\"potentialAction\":[{\"@type\":\"ReadAction\",\"target\":[\"https:\\\/\\\/www.koonings.com\\\/fr\\\/product\\\/etoile-laurel\\\/\"]}]},{\"@type\":\"ImageObject\",\"inLanguage\":\"fr-FR\",\"@id\":\"https:\\\/\\\/www.koonings.com\\\/fr\\\/product\\\/etoile-laurel\\\/#primaryimage\",\"url\":\"https:\\\/\\\/www.koonings.com\\\/wp-content\\\/uploads\\\/2024\\\/11\\\/49066_e2e4a305c57228cb050264b8b91430e74aa4cecc14b11d0d6cc240cb3807776b6d424934.jpeg\",\"contentUrl\":\"https:\\\/\\\/www.koonings.com\\\/wp-content\\\/uploads\\\/2024\\\/11\\\/49066_e2e4a305c57228cb050264b8b91430e74aa4cecc14b11d0d6cc240cb3807776b6d424934.jpeg\",\"width\":1064,\"height\":1418},{\"@type\":\"BreadcrumbList\",\"@id\":\"https:\\\/\\\/www.koonings.com\\\/fr\\\/product\\\/etoile-laurel\\\/#breadcrumb\",\"itemListElement\":[{\"@type\":\"ListItem\",\"position\":1,\"name\":\"Home\",\"item\":\"https:\\\/\\\/www.koonings.com\\\/fr\\\/\"},{\"@type\":\"ListItem\",\"position\":2,\"name\":\"Etoile Laurel\"}]},{\"@type\":\"WebSite\",\"@id\":\"https:\\\/\\\/www.koonings.com\\\/fr\\\/#website\",\"url\":\"https:\\\/\\\/www.koonings.com\\\/fr\\\/\",\"name\":\"Koonings\",\"description\":\"De grootste bruidsmodewinkel ter wereld\",\"publisher\":{\"@id\":\"https:\\\/\\\/www.koonings.com\\\/fr\\\/#organization\"},\"potentialAction\":[{\"@type\":\"SearchAction\",\"target\":{\"@type\":\"EntryPoint\",\"urlTemplate\":\"https:\\\/\\\/www.koonings.com\\\/fr\\\/?s={search_term_string}\"},\"query-input\":{\"@type\":\"PropertyValueSpecification\",\"valueRequired\":true,\"valueName\":\"search_term_string\"}}],\"inLanguage\":\"fr-FR\"},{\"@type\":\"Organization\",\"@id\":\"https:\\\/\\\/www.koonings.com\\\/fr\\\/#organization\",\"name\":\"Koonings\",\"url\":\"https:\\\/\\\/www.koonings.com\\\/fr\\\/\",\"logo\":{\"@type\":\"ImageObject\",\"inLanguage\":\"fr-FR\",\"@id\":\"https:\\\/\\\/www.koonings.com\\\/fr\\\/#\\\/schema\\\/logo\\\/image\\\/\",\"url\":\"https:\\\/\\\/www.koonings.com\\\/wp-content\\\/uploads\\\/2024\\\/07\\\/logo.png\",\"contentUrl\":\"https:\\\/\\\/www.koonings.com\\\/wp-content\\\/uploads\\\/2024\\\/07\\\/logo.png\",\"width\":600,\"height\":428,\"caption\":\"Koonings\"},\"image\":{\"@id\":\"https:\\\/\\\/www.koonings.com\\\/fr\\\/#\\\/schema\\\/logo\\\/image\\\/\"},\"sameAs\":[\"https:\\\/\\\/www.facebook.com\\\/kooningstheweddingpalace\",\"https:\\\/\\\/www.instagram.com\\\/kooningstheweddingpalace\",\"https:\\\/\\\/www.pinterest.com\\\/koonings\",\"https:\\\/\\\/www.youtube.com\\\/kooningstheweddingpalace\"]}]}<\/script>\n<!-- \/ Yoast SEO plugin. -->","yoast_head_json":{"title":"Etoile Laurel | Koonings","description":"Faites une entr\u00e9e remarqu\u00e9e avec notre magnifique LAUREL. Cette beaut\u00e9 nuptiale pr\u00e9sente une magnifique dentelle d\u00e9coup\u00e9e au laser et une dentelle florale \u00e9tincelante sur un corsage classique avec une encolure en forme de c\u0153ur qui s'\u00e9coule dans une jupe de tulle en ligne A douce et scintillante. Les jolies manches amovibles en tulle et le corset illusion dans le dos ne manqueront pas d'\u00e9tonner vos invit\u00e9s lors de votre passage \u00e0 l'autel.","robots":{"index":"index","follow":"follow","max-snippet":"max-snippet:-1","max-image-preview":"max-image-preview:large","max-video-preview":"max-video-preview:-1"},"canonical":"https:\/\/www.koonings.com\/fr\/product\/etoile-laurel\/","og_locale":"fr_FR","og_type":"article","og_title":"Etoile Laurel | Koonings","og_description":"Faites une entr\u00e9e remarqu\u00e9e avec notre magnifique LAUREL. Cette beaut\u00e9 nuptiale pr\u00e9sente une magnifique dentelle d\u00e9coup\u00e9e au laser et une dentelle florale \u00e9tincelante sur un corsage classique avec une encolure en forme de c\u0153ur qui s'\u00e9coule dans une jupe de tulle en ligne A douce et scintillante. Les jolies manches amovibles en tulle et le corset illusion dans le dos ne manqueront pas d'\u00e9tonner vos invit\u00e9s lors de votre passage \u00e0 l'autel.","og_url":"https:\/\/www.koonings.com\/fr\/product\/etoile-laurel\/","og_site_name":"Koonings","article_publisher":"https:\/\/www.facebook.com\/kooningstheweddingpalace","og_image":[{"width":1064,"height":1418,"url":"https:\/\/www.koonings.com\/wp-content\/uploads\/2024\/11\/49066_e2e4a305c57228cb050264b8b91430e74aa4cecc14b11d0d6cc240cb3807776b6d424934.jpeg","type":"image\/jpeg"}],"twitter_card":"summary_large_image","schema":{"@context":"https:\/\/schema.org","@graph":[{"@type":"WebPage","@id":"https:\/\/www.koonings.com\/fr\/product\/etoile-laurel\/","url":"https:\/\/www.koonings.com\/fr\/product\/etoile-laurel\/","name":"Etoile Laurel | Koonings","isPartOf":{"@id":"https:\/\/www.koonings.com\/fr\/#website"},"primaryImageOfPage":{"@id":"https:\/\/www.koonings.com\/fr\/product\/etoile-laurel\/#primaryimage"},"image":{"@id":"https:\/\/www.koonings.com\/fr\/product\/etoile-laurel\/#primaryimage"},"thumbnailUrl":"https:\/\/www.koonings.com\/wp-content\/uploads\/2024\/11\/49066_e2e4a305c57228cb050264b8b91430e74aa4cecc14b11d0d6cc240cb3807776b6d424934.jpeg","datePublished":"2026-04-14T14:28:58+00:00","description":"Faites une entr\u00e9e remarqu\u00e9e avec notre magnifique LAUREL. Cette beaut\u00e9 nuptiale pr\u00e9sente une magnifique dentelle d\u00e9coup\u00e9e au laser et une dentelle florale \u00e9tincelante sur un corsage classique avec une encolure en forme de c\u0153ur qui s'\u00e9coule dans une jupe de tulle en ligne A douce et scintillante. Les jolies manches amovibles en tulle et le corset illusion dans le dos ne manqueront pas d'\u00e9tonner vos invit\u00e9s lors de votre passage \u00e0 l'autel.","breadcrumb":{"@id":"https:\/\/www.koonings.com\/fr\/product\/etoile-laurel\/#breadcrumb"},"inLanguage":"fr-FR","potentialAction":[{"@type":"ReadAction","target":["https:\/\/www.koonings.com\/fr\/product\/etoile-laurel\/"]}]},{"@type":"ImageObject","inLanguage":"fr-FR","@id":"https:\/\/www.koonings.com\/fr\/product\/etoile-laurel\/#primaryimage","url":"https:\/\/www.koonings.com\/wp-content\/uploads\/2024\/11\/49066_e2e4a305c57228cb050264b8b91430e74aa4cecc14b11d0d6cc240cb3807776b6d424934.jpeg","contentUrl":"https:\/\/www.koonings.com\/wp-content\/uploads\/2024\/11\/49066_e2e4a305c57228cb050264b8b91430e74aa4cecc14b11d0d6cc240cb3807776b6d424934.jpeg","width":1064,"height":1418},{"@type":"BreadcrumbList","@id":"https:\/\/www.koonings.com\/fr\/product\/etoile-laurel\/#breadcrumb","itemListElement":[{"@type":"ListItem","position":1,"name":"Home","item":"https:\/\/www.koonings.com\/fr\/"},{"@type":"ListItem","position":2,"name":"Etoile Laurel"}]},{"@type":"WebSite","@id":"https:\/\/www.koonings.com\/fr\/#website","url":"https:\/\/www.koonings.com\/fr\/","name":"Koonings","description":"De grootste bruidsmodewinkel ter wereld","publisher":{"@id":"https:\/\/www.koonings.com\/fr\/#organization"},"potentialAction":[{"@type":"SearchAction","target":{"@type":"EntryPoint","urlTemplate":"https:\/\/www.koonings.com\/fr\/?s={search_term_string}"},"query-input":{"@type":"PropertyValueSpecification","valueRequired":true,"valueName":"search_term_string"}}],"inLanguage":"fr-FR"},{"@type":"Organization","@id":"https:\/\/www.koonings.com\/fr\/#organization","name":"Koonings","url":"https:\/\/www.koonings.com\/fr\/","logo":{"@type":"ImageObject","inLanguage":"fr-FR","@id":"https:\/\/www.koonings.com\/fr\/#\/schema\/logo\/image\/","url":"https:\/\/www.koonings.com\/wp-content\/uploads\/2024\/07\/logo.png","contentUrl":"https:\/\/www.koonings.com\/wp-content\/uploads\/2024\/07\/logo.png","width":600,"height":428,"caption":"Koonings"},"image":{"@id":"https:\/\/www.koonings.com\/fr\/#\/schema\/logo\/image\/"},"sameAs":["https:\/\/www.facebook.com\/kooningstheweddingpalace","https:\/\/www.instagram.com\/kooningstheweddingpalace","https:\/\/www.pinterest.com\/koonings","https:\/\/www.youtube.com\/kooningstheweddingpalace"]}]}},"_links":{"self":[{"href":"https:\/\/www.koonings.com\/fr\/wp-json\/wp\/v2\/product\/79563","targetHints":{"allow":["GET"]}}],"collection":[{"href":"https:\/\/www.koonings.com\/fr\/wp-json\/wp\/v2\/product"}],"about":[{"href":"https:\/\/www.koonings.com\/fr\/wp-json\/wp\/v2\/types\/product"}],"wp:featuredmedia":[{"embeddable":true,"href":"https:\/\/www.koonings.com\/fr\/wp-json\/wp\/v2\/media\/72667"}],"wp:attachment":[{"href":"https:\/\/www.koonings.com\/fr\/wp-json\/wp\/v2\/media?parent=79563"}],"wp:term":[{"taxonomy":"productdetails","embeddable":true,"href":"https:\/\/www.koonings.com\/fr\/wp-json\/wp\/v2\/productdetails?post=79563"},{"taxonomy":"productneck","embeddable":true,"href":"https:\/\/www.koonings.com\/fr\/wp-json\/wp\/v2\/productneck?post=79563"},{"taxonomy":"productcolor","embeddable":true,"href":"https:\/\/www.koonings.com\/fr\/wp-json\/wp\/v2\/productcolor?post=79563"},{"taxonomy":"maat","embeddable":true,"href":"https:\/\/www.koonings.com\/fr\/wp-json\/wp\/v2\/maat?post=79563"},{"taxonomy":"productsupplier","embeddable":true,"href":"https:\/\/www.koonings.com\/fr\/wp-json\/wp\/v2\/productsupplier?post=79563"},{"taxonomy":"productsleeve","embeddable":true,"href":"https:\/\/www.koonings.com\/fr\/wp-json\/wp\/v2\/productsleeve?post=79563"},{"taxonomy":"productcategory","embeddable":true,"href":"https:\/\/www.koonings.com\/fr\/wp-json\/wp\/v2\/productcategory?post=79563"},{"taxonomy":"productsilhouette","embeddable":true,"href":"https:\/\/www.koonings.com\/fr\/wp-json\/wp\/v2\/productsilhouette?post=79563"},{"taxonomy":"productstyle","embeddable":true,"href":"https:\/\/www.koonings.com\/fr\/wp-json\/wp\/v2\/productstyle?post=79563"}],"curies":[{"name":"wp","href":"https:\/\/api.w.org\/{rel}","templated":true}]}}