{"id":79551,"date":"2026-04-28T18:28:14","date_gmt":"2026-04-28T16:28:14","guid":{"rendered":"https:\/\/www.koonings.com\/product\/etoile-elora\/"},"modified":"2025-06-05T13:47:20","modified_gmt":"2025-06-05T11:47:20","slug":"etoile-elora","status":"publish","type":"product","link":"https:\/\/www.koonings.com\/fr\/product\/etoile-elora\/","title":{"rendered":"Etoile Elora"},"content":{"rendered":"<p>Appel \u00e0 toutes les mari\u00e9es modernes et douces ! ELORA pr\u00e9sente un corsage chatoyant avec un d\u00e9collet\u00e9 en V et de d\u00e9licates bretelles perl\u00e9es pour un look glamour et doux. La dentelle brod\u00e9e de fleurs chatoyantes et la dentelle perl\u00e9e g\u00e9om\u00e9trique se fondent dans le tulle doux et scintillant qui recouvre la jupe cach\u00e9e sexy avec une fente haute pour un look de mari\u00e9e de r\u00eave.  <\/p>\n","protected":false},"featured_media":72685,"template":"","meta":{"_acf_changed":false,"ghostkit_customizer_options":"","ghostkit_custom_css":"","ghostkit_custom_js_head":"","ghostkit_custom_js_foot":"","ghostkit_typography":""},"productdetails":[379,376,381],"productneck":[355,356],"productcolor":[393,392],"maat":[],"productsupplier":[492],"productsleeve":[359],"productcategory":[18],"productsilhouette":[384],"productstyle":[366,370],"class_list":["post-79551","product","type-product","status-publish","has-post-thumbnail","hentry","productdetails-379","productdetails-376","productdetails-381","productneck-355","productneck-356","productcolor-393","productcolor-392","productsupplier-etoile","productsleeve-359","productcategory-trouwjurken","productsilhouette-384","productstyle-366","productstyle-370"],"acf":[],"yoast_head":"<!-- This site is optimized with the Yoast SEO plugin v27.3 - https:\/\/yoast.com\/product\/yoast-seo-wordpress\/ -->\n<title>Etoile Elora | Koonings<\/title>\n<meta name=\"description\" content=\"Appel \u00e0 toutes les mari\u00e9es modernes et douces ! ELORA pr\u00e9sente un corsage chatoyant avec un d\u00e9collet\u00e9 en V et de d\u00e9licates bretelles perl\u00e9es pour un look glamour et doux. La dentelle brod\u00e9e de fleurs chatoyantes et la dentelle perl\u00e9e g\u00e9om\u00e9trique se fondent dans le tulle doux et scintillant qui recouvre la jupe cach\u00e9e sexy avec une fente haute pour un look de mari\u00e9e de r\u00eave.\" \/>\n<meta name=\"robots\" content=\"index, follow, max-snippet:-1, max-image-preview:large, max-video-preview:-1\" \/>\n<link rel=\"canonical\" href=\"https:\/\/www.koonings.com\/fr\/product\/etoile-elora\/\" \/>\n<meta property=\"og:locale\" content=\"fr_FR\" \/>\n<meta property=\"og:type\" content=\"article\" \/>\n<meta property=\"og:title\" content=\"Etoile Elora | Koonings\" \/>\n<meta property=\"og:description\" content=\"Appel \u00e0 toutes les mari\u00e9es modernes et douces ! ELORA pr\u00e9sente un corsage chatoyant avec un d\u00e9collet\u00e9 en V et de d\u00e9licates bretelles perl\u00e9es pour un look glamour et doux. La dentelle brod\u00e9e de fleurs chatoyantes et la dentelle perl\u00e9e g\u00e9om\u00e9trique se fondent dans le tulle doux et scintillant qui recouvre la jupe cach\u00e9e sexy avec une fente haute pour un look de mari\u00e9e de r\u00eave.\" \/>\n<meta property=\"og:url\" content=\"https:\/\/www.koonings.com\/fr\/product\/etoile-elora\/\" \/>\n<meta property=\"og:site_name\" content=\"Koonings\" \/>\n<meta property=\"article:publisher\" content=\"https:\/\/www.facebook.com\/kooningstheweddingpalace\" \/>\n<meta property=\"og:image\" content=\"https:\/\/www.koonings.com\/wp-content\/uploads\/2024\/11\/49072_460cf34589130b8c403b43f2b3f87b846f6917060dc8dc4ee1510c13039617df3831dc41.jpeg\" \/>\n\t<meta property=\"og:image:width\" content=\"1035\" \/>\n\t<meta property=\"og:image:height\" content=\"1380\" \/>\n\t<meta property=\"og:image:type\" content=\"image\/jpeg\" \/>\n<meta name=\"twitter:card\" content=\"summary_large_image\" \/>\n<script type=\"application\/ld+json\" class=\"yoast-schema-graph\">{\"@context\":\"https:\\\/\\\/schema.org\",\"@graph\":[{\"@type\":\"WebPage\",\"@id\":\"https:\\\/\\\/www.koonings.com\\\/fr\\\/product\\\/etoile-elora\\\/\",\"url\":\"https:\\\/\\\/www.koonings.com\\\/fr\\\/product\\\/etoile-elora\\\/\",\"name\":\"Etoile Elora | Koonings\",\"isPartOf\":{\"@id\":\"https:\\\/\\\/www.koonings.com\\\/fr\\\/#website\"},\"primaryImageOfPage\":{\"@id\":\"https:\\\/\\\/www.koonings.com\\\/fr\\\/product\\\/etoile-elora\\\/#primaryimage\"},\"image\":{\"@id\":\"https:\\\/\\\/www.koonings.com\\\/fr\\\/product\\\/etoile-elora\\\/#primaryimage\"},\"thumbnailUrl\":\"https:\\\/\\\/www.koonings.com\\\/wp-content\\\/uploads\\\/2024\\\/11\\\/49072_460cf34589130b8c403b43f2b3f87b846f6917060dc8dc4ee1510c13039617df3831dc41.jpeg\",\"datePublished\":\"2026-04-28T16:28:14+00:00\",\"description\":\"Appel \u00e0 toutes les mari\u00e9es modernes et douces ! ELORA pr\u00e9sente un corsage chatoyant avec un d\u00e9collet\u00e9 en V et de d\u00e9licates bretelles perl\u00e9es pour un look glamour et doux. La dentelle brod\u00e9e de fleurs chatoyantes et la dentelle perl\u00e9e g\u00e9om\u00e9trique se fondent dans le tulle doux et scintillant qui recouvre la jupe cach\u00e9e sexy avec une fente haute pour un look de mari\u00e9e de r\u00eave.\",\"breadcrumb\":{\"@id\":\"https:\\\/\\\/www.koonings.com\\\/fr\\\/product\\\/etoile-elora\\\/#breadcrumb\"},\"inLanguage\":\"fr-FR\",\"potentialAction\":[{\"@type\":\"ReadAction\",\"target\":[\"https:\\\/\\\/www.koonings.com\\\/fr\\\/product\\\/etoile-elora\\\/\"]}]},{\"@type\":\"ImageObject\",\"inLanguage\":\"fr-FR\",\"@id\":\"https:\\\/\\\/www.koonings.com\\\/fr\\\/product\\\/etoile-elora\\\/#primaryimage\",\"url\":\"https:\\\/\\\/www.koonings.com\\\/wp-content\\\/uploads\\\/2024\\\/11\\\/49072_460cf34589130b8c403b43f2b3f87b846f6917060dc8dc4ee1510c13039617df3831dc41.jpeg\",\"contentUrl\":\"https:\\\/\\\/www.koonings.com\\\/wp-content\\\/uploads\\\/2024\\\/11\\\/49072_460cf34589130b8c403b43f2b3f87b846f6917060dc8dc4ee1510c13039617df3831dc41.jpeg\",\"width\":1035,\"height\":1380},{\"@type\":\"BreadcrumbList\",\"@id\":\"https:\\\/\\\/www.koonings.com\\\/fr\\\/product\\\/etoile-elora\\\/#breadcrumb\",\"itemListElement\":[{\"@type\":\"ListItem\",\"position\":1,\"name\":\"Home\",\"item\":\"https:\\\/\\\/www.koonings.com\\\/fr\\\/\"},{\"@type\":\"ListItem\",\"position\":2,\"name\":\"Etoile Elora\"}]},{\"@type\":\"WebSite\",\"@id\":\"https:\\\/\\\/www.koonings.com\\\/fr\\\/#website\",\"url\":\"https:\\\/\\\/www.koonings.com\\\/fr\\\/\",\"name\":\"Koonings\",\"description\":\"De grootste bruidsmodewinkel ter wereld\",\"publisher\":{\"@id\":\"https:\\\/\\\/www.koonings.com\\\/fr\\\/#organization\"},\"potentialAction\":[{\"@type\":\"SearchAction\",\"target\":{\"@type\":\"EntryPoint\",\"urlTemplate\":\"https:\\\/\\\/www.koonings.com\\\/fr\\\/?s={search_term_string}\"},\"query-input\":{\"@type\":\"PropertyValueSpecification\",\"valueRequired\":true,\"valueName\":\"search_term_string\"}}],\"inLanguage\":\"fr-FR\"},{\"@type\":\"Organization\",\"@id\":\"https:\\\/\\\/www.koonings.com\\\/fr\\\/#organization\",\"name\":\"Koonings\",\"url\":\"https:\\\/\\\/www.koonings.com\\\/fr\\\/\",\"logo\":{\"@type\":\"ImageObject\",\"inLanguage\":\"fr-FR\",\"@id\":\"https:\\\/\\\/www.koonings.com\\\/fr\\\/#\\\/schema\\\/logo\\\/image\\\/\",\"url\":\"https:\\\/\\\/www.koonings.com\\\/wp-content\\\/uploads\\\/2024\\\/07\\\/logo.png\",\"contentUrl\":\"https:\\\/\\\/www.koonings.com\\\/wp-content\\\/uploads\\\/2024\\\/07\\\/logo.png\",\"width\":600,\"height\":428,\"caption\":\"Koonings\"},\"image\":{\"@id\":\"https:\\\/\\\/www.koonings.com\\\/fr\\\/#\\\/schema\\\/logo\\\/image\\\/\"},\"sameAs\":[\"https:\\\/\\\/www.facebook.com\\\/kooningstheweddingpalace\",\"https:\\\/\\\/www.instagram.com\\\/kooningstheweddingpalace\",\"https:\\\/\\\/www.pinterest.com\\\/koonings\",\"https:\\\/\\\/www.youtube.com\\\/kooningstheweddingpalace\"]}]}<\/script>\n<!-- \/ Yoast SEO plugin. -->","yoast_head_json":{"title":"Etoile Elora | Koonings","description":"Appel \u00e0 toutes les mari\u00e9es modernes et douces ! ELORA pr\u00e9sente un corsage chatoyant avec un d\u00e9collet\u00e9 en V et de d\u00e9licates bretelles perl\u00e9es pour un look glamour et doux. La dentelle brod\u00e9e de fleurs chatoyantes et la dentelle perl\u00e9e g\u00e9om\u00e9trique se fondent dans le tulle doux et scintillant qui recouvre la jupe cach\u00e9e sexy avec une fente haute pour un look de mari\u00e9e de r\u00eave.","robots":{"index":"index","follow":"follow","max-snippet":"max-snippet:-1","max-image-preview":"max-image-preview:large","max-video-preview":"max-video-preview:-1"},"canonical":"https:\/\/www.koonings.com\/fr\/product\/etoile-elora\/","og_locale":"fr_FR","og_type":"article","og_title":"Etoile Elora | Koonings","og_description":"Appel \u00e0 toutes les mari\u00e9es modernes et douces ! ELORA pr\u00e9sente un corsage chatoyant avec un d\u00e9collet\u00e9 en V et de d\u00e9licates bretelles perl\u00e9es pour un look glamour et doux. La dentelle brod\u00e9e de fleurs chatoyantes et la dentelle perl\u00e9e g\u00e9om\u00e9trique se fondent dans le tulle doux et scintillant qui recouvre la jupe cach\u00e9e sexy avec une fente haute pour un look de mari\u00e9e de r\u00eave.","og_url":"https:\/\/www.koonings.com\/fr\/product\/etoile-elora\/","og_site_name":"Koonings","article_publisher":"https:\/\/www.facebook.com\/kooningstheweddingpalace","og_image":[{"width":1035,"height":1380,"url":"https:\/\/www.koonings.com\/wp-content\/uploads\/2024\/11\/49072_460cf34589130b8c403b43f2b3f87b846f6917060dc8dc4ee1510c13039617df3831dc41.jpeg","type":"image\/jpeg"}],"twitter_card":"summary_large_image","schema":{"@context":"https:\/\/schema.org","@graph":[{"@type":"WebPage","@id":"https:\/\/www.koonings.com\/fr\/product\/etoile-elora\/","url":"https:\/\/www.koonings.com\/fr\/product\/etoile-elora\/","name":"Etoile Elora | Koonings","isPartOf":{"@id":"https:\/\/www.koonings.com\/fr\/#website"},"primaryImageOfPage":{"@id":"https:\/\/www.koonings.com\/fr\/product\/etoile-elora\/#primaryimage"},"image":{"@id":"https:\/\/www.koonings.com\/fr\/product\/etoile-elora\/#primaryimage"},"thumbnailUrl":"https:\/\/www.koonings.com\/wp-content\/uploads\/2024\/11\/49072_460cf34589130b8c403b43f2b3f87b846f6917060dc8dc4ee1510c13039617df3831dc41.jpeg","datePublished":"2026-04-28T16:28:14+00:00","description":"Appel \u00e0 toutes les mari\u00e9es modernes et douces ! ELORA pr\u00e9sente un corsage chatoyant avec un d\u00e9collet\u00e9 en V et de d\u00e9licates bretelles perl\u00e9es pour un look glamour et doux. La dentelle brod\u00e9e de fleurs chatoyantes et la dentelle perl\u00e9e g\u00e9om\u00e9trique se fondent dans le tulle doux et scintillant qui recouvre la jupe cach\u00e9e sexy avec une fente haute pour un look de mari\u00e9e de r\u00eave.","breadcrumb":{"@id":"https:\/\/www.koonings.com\/fr\/product\/etoile-elora\/#breadcrumb"},"inLanguage":"fr-FR","potentialAction":[{"@type":"ReadAction","target":["https:\/\/www.koonings.com\/fr\/product\/etoile-elora\/"]}]},{"@type":"ImageObject","inLanguage":"fr-FR","@id":"https:\/\/www.koonings.com\/fr\/product\/etoile-elora\/#primaryimage","url":"https:\/\/www.koonings.com\/wp-content\/uploads\/2024\/11\/49072_460cf34589130b8c403b43f2b3f87b846f6917060dc8dc4ee1510c13039617df3831dc41.jpeg","contentUrl":"https:\/\/www.koonings.com\/wp-content\/uploads\/2024\/11\/49072_460cf34589130b8c403b43f2b3f87b846f6917060dc8dc4ee1510c13039617df3831dc41.jpeg","width":1035,"height":1380},{"@type":"BreadcrumbList","@id":"https:\/\/www.koonings.com\/fr\/product\/etoile-elora\/#breadcrumb","itemListElement":[{"@type":"ListItem","position":1,"name":"Home","item":"https:\/\/www.koonings.com\/fr\/"},{"@type":"ListItem","position":2,"name":"Etoile Elora"}]},{"@type":"WebSite","@id":"https:\/\/www.koonings.com\/fr\/#website","url":"https:\/\/www.koonings.com\/fr\/","name":"Koonings","description":"De grootste bruidsmodewinkel ter wereld","publisher":{"@id":"https:\/\/www.koonings.com\/fr\/#organization"},"potentialAction":[{"@type":"SearchAction","target":{"@type":"EntryPoint","urlTemplate":"https:\/\/www.koonings.com\/fr\/?s={search_term_string}"},"query-input":{"@type":"PropertyValueSpecification","valueRequired":true,"valueName":"search_term_string"}}],"inLanguage":"fr-FR"},{"@type":"Organization","@id":"https:\/\/www.koonings.com\/fr\/#organization","name":"Koonings","url":"https:\/\/www.koonings.com\/fr\/","logo":{"@type":"ImageObject","inLanguage":"fr-FR","@id":"https:\/\/www.koonings.com\/fr\/#\/schema\/logo\/image\/","url":"https:\/\/www.koonings.com\/wp-content\/uploads\/2024\/07\/logo.png","contentUrl":"https:\/\/www.koonings.com\/wp-content\/uploads\/2024\/07\/logo.png","width":600,"height":428,"caption":"Koonings"},"image":{"@id":"https:\/\/www.koonings.com\/fr\/#\/schema\/logo\/image\/"},"sameAs":["https:\/\/www.facebook.com\/kooningstheweddingpalace","https:\/\/www.instagram.com\/kooningstheweddingpalace","https:\/\/www.pinterest.com\/koonings","https:\/\/www.youtube.com\/kooningstheweddingpalace"]}]}},"_links":{"self":[{"href":"https:\/\/www.koonings.com\/fr\/wp-json\/wp\/v2\/product\/79551","targetHints":{"allow":["GET"]}}],"collection":[{"href":"https:\/\/www.koonings.com\/fr\/wp-json\/wp\/v2\/product"}],"about":[{"href":"https:\/\/www.koonings.com\/fr\/wp-json\/wp\/v2\/types\/product"}],"wp:featuredmedia":[{"embeddable":true,"href":"https:\/\/www.koonings.com\/fr\/wp-json\/wp\/v2\/media\/72685"}],"wp:attachment":[{"href":"https:\/\/www.koonings.com\/fr\/wp-json\/wp\/v2\/media?parent=79551"}],"wp:term":[{"taxonomy":"productdetails","embeddable":true,"href":"https:\/\/www.koonings.com\/fr\/wp-json\/wp\/v2\/productdetails?post=79551"},{"taxonomy":"productneck","embeddable":true,"href":"https:\/\/www.koonings.com\/fr\/wp-json\/wp\/v2\/productneck?post=79551"},{"taxonomy":"productcolor","embeddable":true,"href":"https:\/\/www.koonings.com\/fr\/wp-json\/wp\/v2\/productcolor?post=79551"},{"taxonomy":"maat","embeddable":true,"href":"https:\/\/www.koonings.com\/fr\/wp-json\/wp\/v2\/maat?post=79551"},{"taxonomy":"productsupplier","embeddable":true,"href":"https:\/\/www.koonings.com\/fr\/wp-json\/wp\/v2\/productsupplier?post=79551"},{"taxonomy":"productsleeve","embeddable":true,"href":"https:\/\/www.koonings.com\/fr\/wp-json\/wp\/v2\/productsleeve?post=79551"},{"taxonomy":"productcategory","embeddable":true,"href":"https:\/\/www.koonings.com\/fr\/wp-json\/wp\/v2\/productcategory?post=79551"},{"taxonomy":"productsilhouette","embeddable":true,"href":"https:\/\/www.koonings.com\/fr\/wp-json\/wp\/v2\/productsilhouette?post=79551"},{"taxonomy":"productstyle","embeddable":true,"href":"https:\/\/www.koonings.com\/fr\/wp-json\/wp\/v2\/productstyle?post=79551"}],"curies":[{"name":"wp","href":"https:\/\/api.w.org\/{rel}","templated":true}]}}