{"id":79548,"date":"2026-05-06T15:12:22","date_gmt":"2026-05-06T13:12:22","guid":{"rendered":"https:\/\/www.koonings.com\/product\/ladybird-iva-lb124cl1\/"},"modified":"2026-02-16T14:50:37","modified_gmt":"2026-02-16T13:50:37","slug":"ladybird-iva-lb124cl1","status":"publish","type":"product","link":"https:\/\/www.koonings.com\/fr\/product\/ladybird-iva-lb124cl1\/","title":{"rendered":"Ladybird Iva LB124CL1"},"content":{"rendered":"<p>Cette \u00e9poustouflante robe de mari\u00e9e ligne A pour les mari\u00e9es voluptueuses incarne l&#8217;\u00e9l\u00e9gance pure avec son corsage en dentelle florale enchanteresse. Taill\u00e9e dans du tulle et de la Chantilly, le drap\u00e9 de la robe maintient une silhouette impeccable. Le d\u00e9collet\u00e9 en V et le dos sont bord\u00e9s de dentelle et la taille naturelle est id\u00e9ale pour mettre en valeur la beaut\u00e9 des courbes.  <\/p>\n","protected":false},"featured_media":69060,"template":"","meta":{"_acf_changed":false,"ghostkit_customizer_options":"","ghostkit_custom_css":"","ghostkit_custom_js_head":"","ghostkit_custom_js_foot":"","ghostkit_typography":""},"productdetails":[381],"productneck":[356],"productcolor":[393,392],"maat":[375],"productsupplier":[437],"productsleeve":[359],"productcategory":[18],"productsilhouette":[384],"productstyle":[366],"class_list":["post-79548","product","type-product","status-publish","has-post-thumbnail","hentry","productdetails-381","productneck-356","productcolor-393","productcolor-392","maat-375","productsupplier-ladybird","productsleeve-359","productcategory-trouwjurken","productsilhouette-384","productstyle-366"],"acf":[],"yoast_head":"<!-- This site is optimized with the Yoast SEO plugin v27.3 - https:\/\/yoast.com\/product\/yoast-seo-wordpress\/ -->\n<title>Ladybird Iva LB124CL1 | Koonings<\/title>\n<meta name=\"description\" content=\"Cette \u00e9poustouflante robe de mari\u00e9e ligne A pour les mari\u00e9es voluptueuses incarne l&#039;\u00e9l\u00e9gance pure avec son corsage en dentelle florale enchanteresse. Taill\u00e9e dans du tulle et de la Chantilly, le drap\u00e9 de la robe maintient une silhouette impeccable. Le d\u00e9collet\u00e9 en V et le dos sont bord\u00e9s de dentelle et la taille naturelle est id\u00e9ale pour mettre en valeur la beaut\u00e9 des courbes.\" \/>\n<meta name=\"robots\" content=\"index, follow, max-snippet:-1, max-image-preview:large, max-video-preview:-1\" \/>\n<link rel=\"canonical\" href=\"https:\/\/www.koonings.com\/fr\/product\/ladybird-iva-lb124cl1\/\" \/>\n<meta property=\"og:locale\" content=\"fr_FR\" \/>\n<meta property=\"og:type\" content=\"article\" \/>\n<meta property=\"og:title\" content=\"Ladybird Iva LB124CL1 | Koonings\" \/>\n<meta property=\"og:description\" content=\"Cette \u00e9poustouflante robe de mari\u00e9e ligne A pour les mari\u00e9es voluptueuses incarne l&#039;\u00e9l\u00e9gance pure avec son corsage en dentelle florale enchanteresse. Taill\u00e9e dans du tulle et de la Chantilly, le drap\u00e9 de la robe maintient une silhouette impeccable. Le d\u00e9collet\u00e9 en V et le dos sont bord\u00e9s de dentelle et la taille naturelle est id\u00e9ale pour mettre en valeur la beaut\u00e9 des courbes.\" \/>\n<meta property=\"og:url\" content=\"https:\/\/www.koonings.com\/fr\/product\/ladybird-iva-lb124cl1\/\" \/>\n<meta property=\"og:site_name\" content=\"Koonings\" \/>\n<meta property=\"article:publisher\" content=\"https:\/\/www.facebook.com\/kooningstheweddingpalace\" \/>\n<meta property=\"og:image\" content=\"https:\/\/www.koonings.com\/wp-content\/uploads\/2024\/11\/39117_3eb5eae7f8abe6fefe090f63067a5c7b1277789013494100eed38210ce6674d692c791ea.jpeg\" \/>\n\t<meta property=\"og:image:width\" content=\"1506\" \/>\n\t<meta property=\"og:image:height\" content=\"2127\" \/>\n\t<meta property=\"og:image:type\" content=\"image\/jpeg\" \/>\n<meta name=\"twitter:card\" content=\"summary_large_image\" \/>\n<script type=\"application\/ld+json\" class=\"yoast-schema-graph\">{\"@context\":\"https:\\\/\\\/schema.org\",\"@graph\":[{\"@type\":\"WebPage\",\"@id\":\"https:\\\/\\\/www.koonings.com\\\/fr\\\/product\\\/ladybird-iva-lb124cl1\\\/\",\"url\":\"https:\\\/\\\/www.koonings.com\\\/fr\\\/product\\\/ladybird-iva-lb124cl1\\\/\",\"name\":\"Ladybird Iva LB124CL1 | Koonings\",\"isPartOf\":{\"@id\":\"https:\\\/\\\/www.koonings.com\\\/fr\\\/#website\"},\"primaryImageOfPage\":{\"@id\":\"https:\\\/\\\/www.koonings.com\\\/fr\\\/product\\\/ladybird-iva-lb124cl1\\\/#primaryimage\"},\"image\":{\"@id\":\"https:\\\/\\\/www.koonings.com\\\/fr\\\/product\\\/ladybird-iva-lb124cl1\\\/#primaryimage\"},\"thumbnailUrl\":\"https:\\\/\\\/www.koonings.com\\\/wp-content\\\/uploads\\\/2024\\\/11\\\/39117_3eb5eae7f8abe6fefe090f63067a5c7b1277789013494100eed38210ce6674d692c791ea.jpeg\",\"datePublished\":\"2026-05-06T13:12:22+00:00\",\"description\":\"Cette \u00e9poustouflante robe de mari\u00e9e ligne A pour les mari\u00e9es voluptueuses incarne l'\u00e9l\u00e9gance pure avec son corsage en dentelle florale enchanteresse. Taill\u00e9e dans du tulle et de la Chantilly, le drap\u00e9 de la robe maintient une silhouette impeccable. Le d\u00e9collet\u00e9 en V et le dos sont bord\u00e9s de dentelle et la taille naturelle est id\u00e9ale pour mettre en valeur la beaut\u00e9 des courbes.\",\"breadcrumb\":{\"@id\":\"https:\\\/\\\/www.koonings.com\\\/fr\\\/product\\\/ladybird-iva-lb124cl1\\\/#breadcrumb\"},\"inLanguage\":\"fr-FR\",\"potentialAction\":[{\"@type\":\"ReadAction\",\"target\":[\"https:\\\/\\\/www.koonings.com\\\/fr\\\/product\\\/ladybird-iva-lb124cl1\\\/\"]}]},{\"@type\":\"ImageObject\",\"inLanguage\":\"fr-FR\",\"@id\":\"https:\\\/\\\/www.koonings.com\\\/fr\\\/product\\\/ladybird-iva-lb124cl1\\\/#primaryimage\",\"url\":\"https:\\\/\\\/www.koonings.com\\\/wp-content\\\/uploads\\\/2024\\\/11\\\/39117_3eb5eae7f8abe6fefe090f63067a5c7b1277789013494100eed38210ce6674d692c791ea.jpeg\",\"contentUrl\":\"https:\\\/\\\/www.koonings.com\\\/wp-content\\\/uploads\\\/2024\\\/11\\\/39117_3eb5eae7f8abe6fefe090f63067a5c7b1277789013494100eed38210ce6674d692c791ea.jpeg\",\"width\":1506,\"height\":2127},{\"@type\":\"BreadcrumbList\",\"@id\":\"https:\\\/\\\/www.koonings.com\\\/fr\\\/product\\\/ladybird-iva-lb124cl1\\\/#breadcrumb\",\"itemListElement\":[{\"@type\":\"ListItem\",\"position\":1,\"name\":\"Home\",\"item\":\"https:\\\/\\\/www.koonings.com\\\/fr\\\/\"},{\"@type\":\"ListItem\",\"position\":2,\"name\":\"Ladybird Iva LB124CL1\"}]},{\"@type\":\"WebSite\",\"@id\":\"https:\\\/\\\/www.koonings.com\\\/fr\\\/#website\",\"url\":\"https:\\\/\\\/www.koonings.com\\\/fr\\\/\",\"name\":\"Koonings\",\"description\":\"De grootste bruidsmodewinkel ter wereld\",\"publisher\":{\"@id\":\"https:\\\/\\\/www.koonings.com\\\/fr\\\/#organization\"},\"potentialAction\":[{\"@type\":\"SearchAction\",\"target\":{\"@type\":\"EntryPoint\",\"urlTemplate\":\"https:\\\/\\\/www.koonings.com\\\/fr\\\/?s={search_term_string}\"},\"query-input\":{\"@type\":\"PropertyValueSpecification\",\"valueRequired\":true,\"valueName\":\"search_term_string\"}}],\"inLanguage\":\"fr-FR\"},{\"@type\":\"Organization\",\"@id\":\"https:\\\/\\\/www.koonings.com\\\/fr\\\/#organization\",\"name\":\"Koonings\",\"url\":\"https:\\\/\\\/www.koonings.com\\\/fr\\\/\",\"logo\":{\"@type\":\"ImageObject\",\"inLanguage\":\"fr-FR\",\"@id\":\"https:\\\/\\\/www.koonings.com\\\/fr\\\/#\\\/schema\\\/logo\\\/image\\\/\",\"url\":\"https:\\\/\\\/www.koonings.com\\\/wp-content\\\/uploads\\\/2024\\\/07\\\/logo.png\",\"contentUrl\":\"https:\\\/\\\/www.koonings.com\\\/wp-content\\\/uploads\\\/2024\\\/07\\\/logo.png\",\"width\":600,\"height\":428,\"caption\":\"Koonings\"},\"image\":{\"@id\":\"https:\\\/\\\/www.koonings.com\\\/fr\\\/#\\\/schema\\\/logo\\\/image\\\/\"},\"sameAs\":[\"https:\\\/\\\/www.facebook.com\\\/kooningstheweddingpalace\",\"https:\\\/\\\/www.instagram.com\\\/kooningstheweddingpalace\",\"https:\\\/\\\/www.pinterest.com\\\/koonings\",\"https:\\\/\\\/www.youtube.com\\\/kooningstheweddingpalace\"]}]}<\/script>\n<!-- \/ Yoast SEO plugin. -->","yoast_head_json":{"title":"Ladybird Iva LB124CL1 | Koonings","description":"Cette \u00e9poustouflante robe de mari\u00e9e ligne A pour les mari\u00e9es voluptueuses incarne l'\u00e9l\u00e9gance pure avec son corsage en dentelle florale enchanteresse. Taill\u00e9e dans du tulle et de la Chantilly, le drap\u00e9 de la robe maintient une silhouette impeccable. Le d\u00e9collet\u00e9 en V et le dos sont bord\u00e9s de dentelle et la taille naturelle est id\u00e9ale pour mettre en valeur la beaut\u00e9 des courbes.","robots":{"index":"index","follow":"follow","max-snippet":"max-snippet:-1","max-image-preview":"max-image-preview:large","max-video-preview":"max-video-preview:-1"},"canonical":"https:\/\/www.koonings.com\/fr\/product\/ladybird-iva-lb124cl1\/","og_locale":"fr_FR","og_type":"article","og_title":"Ladybird Iva LB124CL1 | Koonings","og_description":"Cette \u00e9poustouflante robe de mari\u00e9e ligne A pour les mari\u00e9es voluptueuses incarne l'\u00e9l\u00e9gance pure avec son corsage en dentelle florale enchanteresse. Taill\u00e9e dans du tulle et de la Chantilly, le drap\u00e9 de la robe maintient une silhouette impeccable. Le d\u00e9collet\u00e9 en V et le dos sont bord\u00e9s de dentelle et la taille naturelle est id\u00e9ale pour mettre en valeur la beaut\u00e9 des courbes.","og_url":"https:\/\/www.koonings.com\/fr\/product\/ladybird-iva-lb124cl1\/","og_site_name":"Koonings","article_publisher":"https:\/\/www.facebook.com\/kooningstheweddingpalace","og_image":[{"width":1506,"height":2127,"url":"https:\/\/www.koonings.com\/wp-content\/uploads\/2024\/11\/39117_3eb5eae7f8abe6fefe090f63067a5c7b1277789013494100eed38210ce6674d692c791ea.jpeg","type":"image\/jpeg"}],"twitter_card":"summary_large_image","schema":{"@context":"https:\/\/schema.org","@graph":[{"@type":"WebPage","@id":"https:\/\/www.koonings.com\/fr\/product\/ladybird-iva-lb124cl1\/","url":"https:\/\/www.koonings.com\/fr\/product\/ladybird-iva-lb124cl1\/","name":"Ladybird Iva LB124CL1 | Koonings","isPartOf":{"@id":"https:\/\/www.koonings.com\/fr\/#website"},"primaryImageOfPage":{"@id":"https:\/\/www.koonings.com\/fr\/product\/ladybird-iva-lb124cl1\/#primaryimage"},"image":{"@id":"https:\/\/www.koonings.com\/fr\/product\/ladybird-iva-lb124cl1\/#primaryimage"},"thumbnailUrl":"https:\/\/www.koonings.com\/wp-content\/uploads\/2024\/11\/39117_3eb5eae7f8abe6fefe090f63067a5c7b1277789013494100eed38210ce6674d692c791ea.jpeg","datePublished":"2026-05-06T13:12:22+00:00","description":"Cette \u00e9poustouflante robe de mari\u00e9e ligne A pour les mari\u00e9es voluptueuses incarne l'\u00e9l\u00e9gance pure avec son corsage en dentelle florale enchanteresse. Taill\u00e9e dans du tulle et de la Chantilly, le drap\u00e9 de la robe maintient une silhouette impeccable. Le d\u00e9collet\u00e9 en V et le dos sont bord\u00e9s de dentelle et la taille naturelle est id\u00e9ale pour mettre en valeur la beaut\u00e9 des courbes.","breadcrumb":{"@id":"https:\/\/www.koonings.com\/fr\/product\/ladybird-iva-lb124cl1\/#breadcrumb"},"inLanguage":"fr-FR","potentialAction":[{"@type":"ReadAction","target":["https:\/\/www.koonings.com\/fr\/product\/ladybird-iva-lb124cl1\/"]}]},{"@type":"ImageObject","inLanguage":"fr-FR","@id":"https:\/\/www.koonings.com\/fr\/product\/ladybird-iva-lb124cl1\/#primaryimage","url":"https:\/\/www.koonings.com\/wp-content\/uploads\/2024\/11\/39117_3eb5eae7f8abe6fefe090f63067a5c7b1277789013494100eed38210ce6674d692c791ea.jpeg","contentUrl":"https:\/\/www.koonings.com\/wp-content\/uploads\/2024\/11\/39117_3eb5eae7f8abe6fefe090f63067a5c7b1277789013494100eed38210ce6674d692c791ea.jpeg","width":1506,"height":2127},{"@type":"BreadcrumbList","@id":"https:\/\/www.koonings.com\/fr\/product\/ladybird-iva-lb124cl1\/#breadcrumb","itemListElement":[{"@type":"ListItem","position":1,"name":"Home","item":"https:\/\/www.koonings.com\/fr\/"},{"@type":"ListItem","position":2,"name":"Ladybird Iva LB124CL1"}]},{"@type":"WebSite","@id":"https:\/\/www.koonings.com\/fr\/#website","url":"https:\/\/www.koonings.com\/fr\/","name":"Koonings","description":"De grootste bruidsmodewinkel ter wereld","publisher":{"@id":"https:\/\/www.koonings.com\/fr\/#organization"},"potentialAction":[{"@type":"SearchAction","target":{"@type":"EntryPoint","urlTemplate":"https:\/\/www.koonings.com\/fr\/?s={search_term_string}"},"query-input":{"@type":"PropertyValueSpecification","valueRequired":true,"valueName":"search_term_string"}}],"inLanguage":"fr-FR"},{"@type":"Organization","@id":"https:\/\/www.koonings.com\/fr\/#organization","name":"Koonings","url":"https:\/\/www.koonings.com\/fr\/","logo":{"@type":"ImageObject","inLanguage":"fr-FR","@id":"https:\/\/www.koonings.com\/fr\/#\/schema\/logo\/image\/","url":"https:\/\/www.koonings.com\/wp-content\/uploads\/2024\/07\/logo.png","contentUrl":"https:\/\/www.koonings.com\/wp-content\/uploads\/2024\/07\/logo.png","width":600,"height":428,"caption":"Koonings"},"image":{"@id":"https:\/\/www.koonings.com\/fr\/#\/schema\/logo\/image\/"},"sameAs":["https:\/\/www.facebook.com\/kooningstheweddingpalace","https:\/\/www.instagram.com\/kooningstheweddingpalace","https:\/\/www.pinterest.com\/koonings","https:\/\/www.youtube.com\/kooningstheweddingpalace"]}]}},"_links":{"self":[{"href":"https:\/\/www.koonings.com\/fr\/wp-json\/wp\/v2\/product\/79548","targetHints":{"allow":["GET"]}}],"collection":[{"href":"https:\/\/www.koonings.com\/fr\/wp-json\/wp\/v2\/product"}],"about":[{"href":"https:\/\/www.koonings.com\/fr\/wp-json\/wp\/v2\/types\/product"}],"wp:featuredmedia":[{"embeddable":true,"href":"https:\/\/www.koonings.com\/fr\/wp-json\/wp\/v2\/media\/69060"}],"wp:attachment":[{"href":"https:\/\/www.koonings.com\/fr\/wp-json\/wp\/v2\/media?parent=79548"}],"wp:term":[{"taxonomy":"productdetails","embeddable":true,"href":"https:\/\/www.koonings.com\/fr\/wp-json\/wp\/v2\/productdetails?post=79548"},{"taxonomy":"productneck","embeddable":true,"href":"https:\/\/www.koonings.com\/fr\/wp-json\/wp\/v2\/productneck?post=79548"},{"taxonomy":"productcolor","embeddable":true,"href":"https:\/\/www.koonings.com\/fr\/wp-json\/wp\/v2\/productcolor?post=79548"},{"taxonomy":"maat","embeddable":true,"href":"https:\/\/www.koonings.com\/fr\/wp-json\/wp\/v2\/maat?post=79548"},{"taxonomy":"productsupplier","embeddable":true,"href":"https:\/\/www.koonings.com\/fr\/wp-json\/wp\/v2\/productsupplier?post=79548"},{"taxonomy":"productsleeve","embeddable":true,"href":"https:\/\/www.koonings.com\/fr\/wp-json\/wp\/v2\/productsleeve?post=79548"},{"taxonomy":"productcategory","embeddable":true,"href":"https:\/\/www.koonings.com\/fr\/wp-json\/wp\/v2\/productcategory?post=79548"},{"taxonomy":"productsilhouette","embeddable":true,"href":"https:\/\/www.koonings.com\/fr\/wp-json\/wp\/v2\/productsilhouette?post=79548"},{"taxonomy":"productstyle","embeddable":true,"href":"https:\/\/www.koonings.com\/fr\/wp-json\/wp\/v2\/productstyle?post=79548"}],"curies":[{"name":"wp","href":"https:\/\/api.w.org\/{rel}","templated":true}]}}